{"id":101618,"date":"2026-01-30T18:33:07","date_gmt":"2026-01-30T17:33:07","guid":{"rendered":"https:\/\/begamer.cz\/produkt\/pga-tour-2k25-sk\/"},"modified":"2026-03-11T09:49:47","modified_gmt":"2026-03-11T08:49:47","slug":"pga-tour-2k25-sk","status":"publish","type":"product","link":"https:\/\/begamer.cz\/sk\/produkt\/pga-tour-2k25-sk\/","title":{"rendered":"PGA Tour 2K25"},"content":{"rendered":"<h1>O hre<\/h1>\n<p class=\"bb_paragraph\" ><span class=\"bb_img_ctn\"><img decoding=\"async\" class=\"bb_img\" src=\"https:\/\/shared.akamai.steamstatic.com\/store_item_assets\/steam\/apps\/2385530\/extras\/60c66d87798bd168dfd8861aa1aa428f.avif?t=1758820618\" data-has-big width=800 height=458 \/><\/span><\/p>\n<p class=\"bb_paragraph\" >Vychutnajte si putty, pary a presnos\u0165 ako nikdy predt\u00fdm s PGA TOUR 2K25, najnov\u0161ou verziou najvy\u0161\u0161ie hodnotenej golfovej simul\u00e1cie desa\u0165ro\u010dia*. V prvom diele s\u00e9rie 2K si vybudujte meno v troch prest\u00ed\u017enych turnajoch: PGA Championship, U.S. Open a The Open Championship. Prisp\u00f4sobte si hru pomocou roz\u0161\u00edren\u00fdch mo\u017enost\u00ed MyCAREER, MyPLAYER a Course Designer. Vyz\u00fdvajte priate\u013eov v rebr\u00ed\u010dkov\u00fdch, neform\u00e1lnych a multiplatformov\u00fdch multiplayerov\u00fdch hr\u00e1ch.<\/p>\n<h2 class=\"bb_tag\" >RE\u00c1LNY POCIT<\/h2>\n<p class=\"bb_paragraph\" >Nov\u00e1 mechanika EvoSwing poskytuje v\u00e4\u010d\u0161iu kontrolu nad palicou ako kedyko\u013evek predt\u00fdm! Vykonajte svoj \u0161vih a hrajte svoju hru s nov\u00fdmi typmi \u00faderov, letom lopty, fyzikou kot\u00fa\u013eania a vizu\u00e1lnymi vylep\u0161eniami.<\/p>\n<p class=\"bb_paragraph\" >\n<h2 class=\"bb_tag\" >VYTVORTE HIST\u00d3RIU V MAJOR TURNAJOCH<\/h2>\n<p class=\"bb_paragraph\" >PGA Championship, U.S. Open a The Open Championship debutuj\u00fa vo fran\u0161\u00edze PGA TOUR 2K.<\/p>\n<h2 class=\"bb_tag\" >MyCAREER A MyPLAYER, VA\u0160A CESTA<\/h2>\n<p class=\"bb_paragraph\" >Vst\u00fapte do doteraz najviac pohlcuj\u00facej MyCAREER. Dynamicky simulujte kol\u00e1, hrajte tr\u00e9ningy a predturnajov\u00e9 podujatia. Bu\u010fte sami sebou v MyPLAYER s r\u00f4znorod\u00fdmi prisp\u00f4sobeniami, vylep\u0161en\u00fdmi stromami zru\u010dnost\u00ed a nov\u00fdmi syst\u00e9mami atrib\u00fatov\u00fdch bodov a postupu vybavenia.<\/p>\n<h2 class=\"bb_tag\" >SEZ\u00d3NY \u2013 SP\u00c4\u0164 A LEP\u0160IE AKO KEDYKO\u013dVEK<\/h2>\n<p class=\"bb_paragraph\" >Zv\u00fd\u0161enie v\u00fdkonu pre progres v\u00fdstroja, vynulovanie rebr\u00ed\u010dka, pravideln\u00e9 aktualiz\u00e1cie obsahu a \u010fal\u0161ie. Pokra\u010dujte svoj\u00edm vlastn\u00fdm tempom \u2013 hrajte minul\u00e9 sez\u00f3ny, aj ke\u010f je u\u017e nov\u00e1 sez\u00f3na v plnom pr\u00fade.<\/p>\n<h2 class=\"bb_tag\" >CHY\u0164TE DO RUKY PALICU A ZAVOLAJTE PRIATE\u013dOV<\/h2>\n<p class=\"bb_paragraph\" >Robustn\u00e9 typy multiplayerov\u00fdch z\u00e1pasov zah\u0155\u0148aj\u00fa Match Play, Scramble alebo Skins \u2013 online alebo lok\u00e1lne. Z\u00edskajte sez\u00f3nne odmeny v denn\u00fdch a t\u00fd\u017edenn\u00fdch turnajoch. S\u00fa\u0165a\u017ete s priate\u013emi, kdeko\u013evek hraj\u00fa, v\u010faka cross-platformov\u00fdm spolo\u010dnostiam.<\/p>\n<h2 class=\"bb_tag\" >PREBUDITE SVOJHO VN\u00daTORN\u00c9HO ARCHITEKTA<\/h2>\n<p class=\"bb_paragraph\" >Navrhnite si svoje vysn\u00edvan\u00e9 ihrisko s Course Designer! Predve\u010fte svoje ihrisk\u00e1 v celej ich pr\u00edrodnej kr\u00e1se s \u00faplne nov\u00fdm kamerov\u00fdm syst\u00e9mom, nov\u00fdmi n\u00e1strojmi, povrchmi a v\u00e4\u010d\u0161ou kontrolou s ter\u00e9nom s vy\u0161\u0161\u00edm rozl\u00ed\u0161en\u00edm.<\/p>\n<p class=\"bb_paragraph\" >\n<p class=\"bb_paragraph\" ><strong>PGA TOUR 2K25: \u010eAL\u0160IE KOLO, NAJLEP\u0160IE KOLO<\/strong><\/p>\n<p class=\"bb_paragraph\" >\n<p class=\"bb_paragraph\" >*Na z\u00e1klade priemern\u00e9ho Metascore z Metacritic k 28. febru\u00e1ru 2025.<\/p>\n","protected":false},"excerpt":{"rendered":"<p>Z\u00edskajte sl\u00e1vu v hre PGA TOUR 2K25! V prvom vydan\u00ed 2K s\u00fa\u0165a\u017e\u00edte v troch prest\u00ed\u017enych turnajoch. Prisp\u00f4sobte si hru pomocou roz\u0161\u00edren\u00fdch mo\u017enost\u00ed MyCAREER, MyPLAYER a Course Designer. Vyz\u00fdvajte priate\u013eov v rebr\u00ed\u010dkov\u00fdch, neform\u00e1lnych a multiplatformov\u00fdch multiplayerov\u00fdch hr\u00e1ch.<\/p>\n","protected":false},"featured_media":83116,"comment_status":"open","ping_status":"closed","template":"","meta":{"_acf_changed":false},"product_brand":[],"product_cat":[469,470,398,438],"product_tag":[],"class_list":{"0":"post-101618","1":"product","2":"type-product","3":"status-publish","4":"has-post-thumbnail","6":"product_cat-simulatory-xbox-series-x-s-sk","7":"product_cat-sportove-xbox-series-x-s-sk","8":"product_cat-xbox-hry-sk","9":"product_cat-xbox-series-x-s-sk","10":"pa_audio-en-us","12":"pa_countries-ad","13":"pa_countries-ae","14":"pa_countries-af","15":"pa_countries-ag","16":"pa_countries-ai","17":"pa_countries-al","18":"pa_countries-am","19":"pa_countries-ao","20":"pa_countries-aq","21":"pa_countries-ar","22":"pa_countries-as","23":"pa_countries-at","24":"pa_countries-au","25":"pa_countries-aw","26":"pa_countries-ax","27":"pa_countries-az","28":"pa_countries-ba","29":"pa_countries-bb","30":"pa_countries-bd","31":"pa_countries-be","32":"pa_countries-bf","33":"pa_countries-bg","34":"pa_countries-bh","35":"pa_countries-bi","36":"pa_countries-bj","37":"pa_countries-bl","38":"pa_countries-bm","39":"pa_countries-bn","40":"pa_countries-bo","41":"pa_countries-bq","42":"pa_countries-br","43":"pa_countries-bs","44":"pa_countries-bt","45":"pa_countries-bv","46":"pa_countries-bw","47":"pa_countries-bz","48":"pa_countries-ca","49":"pa_countries-cc","50":"pa_countries-cd","51":"pa_countries-cf","52":"pa_countries-cg","53":"pa_countries-ch","54":"pa_countries-ci","55":"pa_countries-ck","56":"pa_countries-cl","57":"pa_countries-cm","58":"pa_countries-cn","59":"pa_countries-co","60":"pa_countries-cr","61":"pa_countries-cu","62":"pa_countries-cv","63":"pa_countries-cw","64":"pa_countries-cx","65":"pa_countries-cy","66":"pa_countries-cz","67":"pa_countries-de","68":"pa_countries-dj","69":"pa_countries-dk","70":"pa_countries-dm","71":"pa_countries-do","72":"pa_countries-dz","73":"pa_countries-ec","74":"pa_countries-ee","75":"pa_countries-eg","76":"pa_countries-eh","77":"pa_countries-er","78":"pa_countries-es","79":"pa_countries-et","80":"pa_countries-fi","81":"pa_countries-fj","82":"pa_countries-fk","83":"pa_countries-fm","84":"pa_countries-fo","85":"pa_countries-fr","86":"pa_countries-ga","87":"pa_countries-gb","88":"pa_countries-gd","89":"pa_countries-ge","90":"pa_countries-gf","91":"pa_countries-gg","92":"pa_countries-gh","93":"pa_countries-gi","94":"pa_countries-gl","95":"pa_countries-gm","96":"pa_countries-gn","97":"pa_countries-gp","98":"pa_countries-gq","99":"pa_countries-gr","100":"pa_countries-gs","101":"pa_countries-gt","102":"pa_countries-gu","103":"pa_countries-gw","104":"pa_countries-gy","105":"pa_countries-hk","106":"pa_countries-hm","107":"pa_countries-hn","108":"pa_countries-hr","109":"pa_countries-ht","110":"pa_countries-hu","111":"pa_countries-id","112":"pa_countries-ie","113":"pa_countries-il","114":"pa_countries-im","115":"pa_countries-in","116":"pa_countries-io","117":"pa_countries-iq","118":"pa_countries-ir","119":"pa_countries-is","120":"pa_countries-it","121":"pa_countries-je","122":"pa_countries-jm","123":"pa_countries-jo","124":"pa_countries-jp","125":"pa_countries-ke","126":"pa_countries-kg","127":"pa_countries-kh","128":"pa_countries-ki","129":"pa_countries-km","130":"pa_countries-kn","131":"pa_countries-kp","132":"pa_countries-kr","133":"pa_countries-kw","134":"pa_countries-ky","135":"pa_countries-kz","136":"pa_countries-la","137":"pa_countries-lb","138":"pa_countries-lc","139":"pa_countries-li","140":"pa_countries-lk","141":"pa_countries-lr","142":"pa_countries-ls","143":"pa_countries-lt","144":"pa_countries-lu","145":"pa_countries-lv","146":"pa_countries-ly","147":"pa_countries-ma","148":"pa_countries-mc","149":"pa_countries-md","150":"pa_countries-me","151":"pa_countries-mf","152":"pa_countries-mg","153":"pa_countries-mh","154":"pa_countries-mk","155":"pa_countries-ml","156":"pa_countries-mm","157":"pa_countries-mn","158":"pa_countries-mo","159":"pa_countries-mp","160":"pa_countries-mq","161":"pa_countries-mr","162":"pa_countries-ms","163":"pa_countries-mt","164":"pa_countries-mu","165":"pa_countries-mv","166":"pa_countries-mw","167":"pa_countries-mx","168":"pa_countries-my","169":"pa_countries-mz","170":"pa_countries-na","171":"pa_countries-nc","172":"pa_countries-ne","173":"pa_countries-nf","174":"pa_countries-ng","175":"pa_countries-ni","176":"pa_countries-nl","177":"pa_countries-no","178":"pa_countries-np","179":"pa_countries-nr","180":"pa_countries-nu","181":"pa_countries-nz","182":"pa_countries-om","183":"pa_countries-pa","184":"pa_countries-pe","185":"pa_countries-pf","186":"pa_countries-pg","187":"pa_countries-ph","188":"pa_countries-pk","189":"pa_countries-pl","190":"pa_countries-pm","191":"pa_countries-pn","192":"pa_countries-pr","193":"pa_countries-ps","194":"pa_countries-pt","195":"pa_countries-pw","196":"pa_countries-py","197":"pa_countries-qa","198":"pa_countries-re","199":"pa_countries-ro","200":"pa_countries-rs","201":"pa_countries-rw","202":"pa_countries-sa","203":"pa_countries-sb","204":"pa_countries-sc","205":"pa_countries-sd","206":"pa_countries-se","207":"pa_countries-sg","208":"pa_countries-sh","209":"pa_countries-si","210":"pa_countries-sj","211":"pa_countries-sk","212":"pa_countries-sl","213":"pa_countries-sm","214":"pa_countries-sn","215":"pa_countries-so","216":"pa_countries-sr","217":"pa_countries-ss","219":"pa_countries-st","220":"pa_countries-sv","221":"pa_countries-sx","222":"pa_countries-sy","223":"pa_countries-sz","224":"pa_countries-tc","225":"pa_countries-td","226":"pa_countries-tf","227":"pa_countries-tg","228":"pa_countries-th","229":"pa_countries-tj","230":"pa_countries-tk","231":"pa_countries-tl","232":"pa_countries-tm","233":"pa_countries-tn","234":"pa_countries-to","235":"pa_countries-tr","236":"pa_countries-tt","237":"pa_countries-tv","238":"pa_countries-tw","239":"pa_countries-tz","240":"pa_countries-ua","241":"pa_countries-ug","242":"pa_countries-um","243":"pa_countries-us","244":"pa_countries-uy","245":"pa_countries-uz","246":"pa_countries-va","247":"pa_countries-vc","248":"pa_countries-ve","249":"pa_countries-vg","250":"pa_countries-vi","251":"pa_countries-vn","252":"pa_countries-vu","253":"pa_countries-wf","254":"pa_countries-ws","255":"pa_countries-xk","256":"pa_countries-ye","257":"pa_countries-yt","258":"pa_countries-za","259":"pa_countries-zm","260":"pa_countries-zw","261":"pa_developer-hb-studios","263":"pa_engine-unity-6","265":"pa_franchises-pga-tour-golf","267":"pa_game_type-main_game","269":"pa_genres-role-playing-rpg","270":"pa_genres-simulator","271":"pa_genres-sport","273":"pa_interface-de-de","274":"pa_interface-en-us","275":"pa_interface-es-es","276":"pa_interface-fr-fr","277":"pa_interface-it-it","278":"pa_interface-ja-jp","279":"pa_interface-ko-kr","281":"pa_interface-zh-cn","282":"pa_interface-zh-tw","283":"pa_keywords-golf","285":"pa_modes-co-operative","286":"pa_modes-multiplayer","288":"pa_modes-single-player","289":"pa_pegi-943","290":"pa_pegi-13430","291":"pa_platform-xbox-series-x-s","293":"pa_player_perspectives-third-person","295":"pa_publisher-2k","297":"pa_rating-1791","298":"pa_rating-14552","299":"pa_region-global","302":"first","303":"instock","304":"virtual","305":"taxable","306":"purchasable","307":"product-type-simple"},"yoast_head":"<!-- This site is optimized with the Yoast SEO plugin v27.3 - https:\/\/yoast.com\/product\/yoast-seo-wordpress\/ -->\n<title>PGA Tour 2K25 | BeGamer.cz<\/title>\n<meta name=\"robots\" content=\"index, follow, max-snippet:-1, max-image-preview:large, max-video-preview:-1\" \/>\n<link rel=\"canonical\" href=\"https:\/\/begamer.cz\/sk\/produkt\/pga-tour-2k25-sk\/\" \/>\n<meta property=\"og:locale\" content=\"sk_SK\" \/>\n<meta property=\"og:type\" content=\"article\" \/>\n<meta property=\"og:title\" content=\"PGA Tour 2K25 | BeGamer.cz\" \/>\n<meta property=\"og:description\" content=\"Z\u00edskajte sl\u00e1vu v hre PGA TOUR 2K25! V prvom vydan\u00ed 2K s\u00fa\u0165a\u017e\u00edte v troch prest\u00ed\u017enych turnajoch. Prisp\u00f4sobte si hru pomocou roz\u0161\u00edren\u00fdch mo\u017enost\u00ed MyCAREER, MyPLAYER a Course Designer. Vyz\u00fdvajte priate\u013eov v rebr\u00ed\u010dkov\u00fdch, neform\u00e1lnych a multiplatformov\u00fdch multiplayerov\u00fdch hr\u00e1ch.\" \/>\n<meta property=\"og:url\" content=\"https:\/\/begamer.cz\/sk\/produkt\/pga-tour-2k25-sk\/\" \/>\n<meta property=\"og:site_name\" content=\"BeGamer.cz\" \/>\n<meta property=\"article:modified_time\" content=\"2026-03-11T08:49:47+00:00\" \/>\n<meta property=\"og:image\" content=\"https:\/\/begamer.cz\/wp-content\/uploads\/2026\/01\/pga-tour-2k25-9.webp\" \/>\n\t<meta property=\"og:image:width\" content=\"300\" \/>\n\t<meta property=\"og:image:height\" content=\"400\" \/>\n\t<meta property=\"og:image:type\" content=\"image\/webp\" \/>\n<meta name=\"twitter:card\" content=\"summary_large_image\" \/>\n<meta name=\"twitter:label1\" content=\"Predpokladan\u00fd \u010das \u010d\u00edtania\" \/>\n\t<meta name=\"twitter:data1\" content=\"2 min\u00faty\" \/>\n<script type=\"application\/ld+json\" class=\"yoast-schema-graph\">{\"@context\":\"https:\\\/\\\/schema.org\",\"@graph\":[{\"@type\":\"WebPage\",\"@id\":\"https:\\\/\\\/begamer.cz\\\/sk\\\/produkt\\\/pga-tour-2k25-sk\\\/\",\"url\":\"https:\\\/\\\/begamer.cz\\\/sk\\\/produkt\\\/pga-tour-2k25-sk\\\/\",\"name\":\"PGA Tour 2K25 | BeGamer.cz\",\"isPartOf\":{\"@id\":\"https:\\\/\\\/begamer.cz\\\/sk\\\/#website\"},\"primaryImageOfPage\":{\"@id\":\"https:\\\/\\\/begamer.cz\\\/sk\\\/produkt\\\/pga-tour-2k25-sk\\\/#primaryimage\"},\"image\":{\"@id\":\"https:\\\/\\\/begamer.cz\\\/sk\\\/produkt\\\/pga-tour-2k25-sk\\\/#primaryimage\"},\"thumbnailUrl\":\"https:\\\/\\\/begamer.cz\\\/wp-content\\\/uploads\\\/2026\\\/01\\\/pga-tour-2k25-9.webp\",\"datePublished\":\"2026-01-30T17:33:07+00:00\",\"dateModified\":\"2026-03-11T08:49:47+00:00\",\"breadcrumb\":{\"@id\":\"https:\\\/\\\/begamer.cz\\\/sk\\\/produkt\\\/pga-tour-2k25-sk\\\/#breadcrumb\"},\"inLanguage\":\"sk-SK\",\"potentialAction\":[{\"@type\":\"ReadAction\",\"target\":[\"https:\\\/\\\/begamer.cz\\\/sk\\\/produkt\\\/pga-tour-2k25-sk\\\/\"]}]},{\"@type\":\"ImageObject\",\"inLanguage\":\"sk-SK\",\"@id\":\"https:\\\/\\\/begamer.cz\\\/sk\\\/produkt\\\/pga-tour-2k25-sk\\\/#primaryimage\",\"url\":\"https:\\\/\\\/begamer.cz\\\/wp-content\\\/uploads\\\/2026\\\/01\\\/pga-tour-2k25-9.webp\",\"contentUrl\":\"https:\\\/\\\/begamer.cz\\\/wp-content\\\/uploads\\\/2026\\\/01\\\/pga-tour-2k25-9.webp\",\"width\":300,\"height\":400},{\"@type\":\"BreadcrumbList\",\"@id\":\"https:\\\/\\\/begamer.cz\\\/sk\\\/produkt\\\/pga-tour-2k25-sk\\\/#breadcrumb\",\"itemListElement\":[{\"@type\":\"ListItem\",\"position\":1,\"name\":\"Domov\",\"item\":\"https:\\\/\\\/begamer.cz\\\/sk\\\/\"},{\"@type\":\"ListItem\",\"position\":2,\"name\":\"Obchod\",\"item\":\"https:\\\/\\\/begamer.cz\\\/obchod\\\/\"},{\"@type\":\"ListItem\",\"position\":3,\"name\":\"PGA Tour 2K25\"}]},{\"@type\":\"WebSite\",\"@id\":\"https:\\\/\\\/begamer.cz\\\/sk\\\/#website\",\"url\":\"https:\\\/\\\/begamer.cz\\\/sk\\\/\",\"name\":\"BeGamer.cz\",\"description\":\"\",\"publisher\":{\"@id\":\"https:\\\/\\\/begamer.cz\\\/sk\\\/#organization\"},\"potentialAction\":[{\"@type\":\"SearchAction\",\"target\":{\"@type\":\"EntryPoint\",\"urlTemplate\":\"https:\\\/\\\/begamer.cz\\\/sk\\\/?s={search_term_string}\"},\"query-input\":{\"@type\":\"PropertyValueSpecification\",\"valueRequired\":true,\"valueName\":\"search_term_string\"}}],\"inLanguage\":\"sk-SK\"},{\"@type\":\"Organization\",\"@id\":\"https:\\\/\\\/begamer.cz\\\/sk\\\/#organization\",\"name\":\"BeGamer.cz\",\"url\":\"https:\\\/\\\/begamer.cz\\\/sk\\\/\",\"logo\":{\"@type\":\"ImageObject\",\"inLanguage\":\"sk-SK\",\"@id\":\"https:\\\/\\\/begamer.cz\\\/sk\\\/#\\\/schema\\\/logo\\\/image\\\/\",\"url\":\"https:\\\/\\\/begamer.cz\\\/wp-content\\\/uploads\\\/2025\\\/07\\\/logo.svg\",\"contentUrl\":\"https:\\\/\\\/begamer.cz\\\/wp-content\\\/uploads\\\/2025\\\/07\\\/logo.svg\",\"caption\":\"BeGamer.cz\"},\"image\":{\"@id\":\"https:\\\/\\\/begamer.cz\\\/sk\\\/#\\\/schema\\\/logo\\\/image\\\/\"}}]}<\/script>\n<!-- \/ Yoast SEO plugin. -->","yoast_head_json":{"title":"PGA Tour 2K25 | BeGamer.cz","robots":{"index":"index","follow":"follow","max-snippet":"max-snippet:-1","max-image-preview":"max-image-preview:large","max-video-preview":"max-video-preview:-1"},"canonical":"https:\/\/begamer.cz\/sk\/produkt\/pga-tour-2k25-sk\/","og_locale":"sk_SK","og_type":"article","og_title":"PGA Tour 2K25 | BeGamer.cz","og_description":"Z\u00edskajte sl\u00e1vu v hre PGA TOUR 2K25! V prvom vydan\u00ed 2K s\u00fa\u0165a\u017e\u00edte v troch prest\u00ed\u017enych turnajoch. Prisp\u00f4sobte si hru pomocou roz\u0161\u00edren\u00fdch mo\u017enost\u00ed MyCAREER, MyPLAYER a Course Designer. Vyz\u00fdvajte priate\u013eov v rebr\u00ed\u010dkov\u00fdch, neform\u00e1lnych a multiplatformov\u00fdch multiplayerov\u00fdch hr\u00e1ch.","og_url":"https:\/\/begamer.cz\/sk\/produkt\/pga-tour-2k25-sk\/","og_site_name":"BeGamer.cz","article_modified_time":"2026-03-11T08:49:47+00:00","og_image":[{"width":300,"height":400,"url":"https:\/\/begamer.cz\/wp-content\/uploads\/2026\/01\/pga-tour-2k25-9.webp","type":"image\/webp"}],"twitter_card":"summary_large_image","twitter_misc":{"Predpokladan\u00fd \u010das \u010d\u00edtania":"2 min\u00faty"},"schema":{"@context":"https:\/\/schema.org","@graph":[{"@type":"WebPage","@id":"https:\/\/begamer.cz\/sk\/produkt\/pga-tour-2k25-sk\/","url":"https:\/\/begamer.cz\/sk\/produkt\/pga-tour-2k25-sk\/","name":"PGA Tour 2K25 | BeGamer.cz","isPartOf":{"@id":"https:\/\/begamer.cz\/sk\/#website"},"primaryImageOfPage":{"@id":"https:\/\/begamer.cz\/sk\/produkt\/pga-tour-2k25-sk\/#primaryimage"},"image":{"@id":"https:\/\/begamer.cz\/sk\/produkt\/pga-tour-2k25-sk\/#primaryimage"},"thumbnailUrl":"https:\/\/begamer.cz\/wp-content\/uploads\/2026\/01\/pga-tour-2k25-9.webp","datePublished":"2026-01-30T17:33:07+00:00","dateModified":"2026-03-11T08:49:47+00:00","breadcrumb":{"@id":"https:\/\/begamer.cz\/sk\/produkt\/pga-tour-2k25-sk\/#breadcrumb"},"inLanguage":"sk-SK","potentialAction":[{"@type":"ReadAction","target":["https:\/\/begamer.cz\/sk\/produkt\/pga-tour-2k25-sk\/"]}]},{"@type":"ImageObject","inLanguage":"sk-SK","@id":"https:\/\/begamer.cz\/sk\/produkt\/pga-tour-2k25-sk\/#primaryimage","url":"https:\/\/begamer.cz\/wp-content\/uploads\/2026\/01\/pga-tour-2k25-9.webp","contentUrl":"https:\/\/begamer.cz\/wp-content\/uploads\/2026\/01\/pga-tour-2k25-9.webp","width":300,"height":400},{"@type":"BreadcrumbList","@id":"https:\/\/begamer.cz\/sk\/produkt\/pga-tour-2k25-sk\/#breadcrumb","itemListElement":[{"@type":"ListItem","position":1,"name":"Domov","item":"https:\/\/begamer.cz\/sk\/"},{"@type":"ListItem","position":2,"name":"Obchod","item":"https:\/\/begamer.cz\/obchod\/"},{"@type":"ListItem","position":3,"name":"PGA Tour 2K25"}]},{"@type":"WebSite","@id":"https:\/\/begamer.cz\/sk\/#website","url":"https:\/\/begamer.cz\/sk\/","name":"BeGamer.cz","description":"","publisher":{"@id":"https:\/\/begamer.cz\/sk\/#organization"},"potentialAction":[{"@type":"SearchAction","target":{"@type":"EntryPoint","urlTemplate":"https:\/\/begamer.cz\/sk\/?s={search_term_string}"},"query-input":{"@type":"PropertyValueSpecification","valueRequired":true,"valueName":"search_term_string"}}],"inLanguage":"sk-SK"},{"@type":"Organization","@id":"https:\/\/begamer.cz\/sk\/#organization","name":"BeGamer.cz","url":"https:\/\/begamer.cz\/sk\/","logo":{"@type":"ImageObject","inLanguage":"sk-SK","@id":"https:\/\/begamer.cz\/sk\/#\/schema\/logo\/image\/","url":"https:\/\/begamer.cz\/wp-content\/uploads\/2025\/07\/logo.svg","contentUrl":"https:\/\/begamer.cz\/wp-content\/uploads\/2025\/07\/logo.svg","caption":"BeGamer.cz"},"image":{"@id":"https:\/\/begamer.cz\/sk\/#\/schema\/logo\/image\/"}}]}},"acf":[],"_links":{"self":[{"href":"https:\/\/begamer.cz\/sk\/wp-json\/wp\/v2\/product\/101618","targetHints":{"allow":["GET"]}}],"collection":[{"href":"https:\/\/begamer.cz\/sk\/wp-json\/wp\/v2\/product"}],"about":[{"href":"https:\/\/begamer.cz\/sk\/wp-json\/wp\/v2\/types\/product"}],"replies":[{"embeddable":true,"href":"https:\/\/begamer.cz\/sk\/wp-json\/wp\/v2\/comments?post=101618"}],"wp:featuredmedia":[{"embeddable":true,"href":"https:\/\/begamer.cz\/sk\/wp-json\/wp\/v2\/media\/83116"}],"wp:attachment":[{"href":"https:\/\/begamer.cz\/sk\/wp-json\/wp\/v2\/media?parent=101618"}],"wp:term":[{"taxonomy":"product_brand","embeddable":true,"href":"https:\/\/begamer.cz\/sk\/wp-json\/wp\/v2\/product_brand?post=101618"},{"taxonomy":"product_cat","embeddable":true,"href":"https:\/\/begamer.cz\/sk\/wp-json\/wp\/v2\/product_cat?post=101618"},{"taxonomy":"product_tag","embeddable":true,"href":"https:\/\/begamer.cz\/sk\/wp-json\/wp\/v2\/product_tag?post=101618"}],"curies":[{"name":"wp","href":"https:\/\/api.w.org\/{rel}","templated":true}]}}