{"id":101591,"date":"2026-01-30T18:32:37","date_gmt":"2026-01-30T17:32:37","guid":{"rendered":"https:\/\/begamer.cz\/produkt\/steel-rats-sk\/"},"modified":"2026-03-11T09:46:29","modified_gmt":"2026-03-11T08:46:29","slug":"steel-rats-sk","status":"publish","type":"product","link":"https:\/\/begamer.cz\/sk\/produkt\/steel-rats-sk\/","title":{"rendered":"Steel Rats"},"content":{"rendered":"<p><span class=\"bb_img_ctn\"><img decoding=\"async\" class=\"bb_img\" src=\"https:\/\/shared.akamai.steamstatic.com\/store_item_assets\/steam\/apps\/619700\/extras\/2e5eaa91598776c32659552342897b4f.avif?t=1712231966\" width=600 height=176 \/><\/span><\/p>\n<p>Sta\u0148te sa \u010dlenom gangu motork\u00e1rov Steel Rats, ktor\u00fd prisahal, \u017ee bude chr\u00e1ni\u0165 svoje mesto pred inv\u00e1ziou arm\u00e1dy mimozemsk\u00fdch robotov \u2013 Junkbots. Ni\u010dte a prech\u00e1dzajte cez hordy nepriate\u013eov, prep\u00ednajte medzi \u0161tyrmi jedine\u010dn\u00fdmi postavami a sp\u00f4sobujte sp\u00fa\u0161\u0165 s ultim\u00e1tnou zab\u00edjaj\u00facou ma\u0161inou \u2013 va\u0161ou plame\u0148om chrliacou motorkou s p\u00edlov\u00fdmi \u010depe\u013eami.<\/p>\n<p>Jazdite \u0161t\u00fdlovo retro futuristick\u00fdm svetom Steel Rats\u2122. V alternat\u00edvnej verzii USA 40. rokov 20. storo\u010dia sa pripravte, nasadnite na svoj chr\u00f3movan\u00fd k\u00f4\u0148 a zachr\u00e1\u0148te Coastal City pred inv\u00e1ziou hordy Junkbots. V\u00e1\u0161 motocykel je va\u0161a zbra\u0148 ur\u010den\u00e1 na ni\u010denie nepriate\u013eov \u00fa\u017easn\u00fdmi a \u0161t\u00fdlov\u00fdmi sp\u00f4sobmi, zatia\u013e \u010do prekon\u00e1vate v\u00fd\u0161ky, klesania, \u013eav\u00e9 a prav\u00e9 z\u00e1kruty, strechy budov a tunely pln\u00e9 nepriate\u013eov.<\/p>\n<h2 class=\"bb_tag\" >\n<h2 class=\"bb_tag\" ><strong>Funkcie<\/strong><\/h2>\n<\/h2>\n<h2 class=\"bb_tag\" ><i>Z\u00e1vod, stre\u013eba, kaskad\u00e9rske k\u00fasky, v\u0161etko za cenu jedn\u00e9ho!<\/i><\/h2>\n<p><span class=\"bb_img_ctn\"><video class=\"bb_img\" autoplay muted loop playsinline poster=\"https:\/\/shared.akamai.steamstatic.com\/store_item_assets\/steam\/apps\/619700\/extras\/0b75e3f7e44037b2c813915a05993f79.poster.avif?t=1712231966\" width=624 height=100 ><source src=\"https:\/\/shared.akamai.steamstatic.com\/store_item_assets\/steam\/apps\/619700\/extras\/0b75e3f7e44037b2c813915a05993f79.webm?t=1712231966\" type=\"video\/webm; codecs=vp9\"><source src=\"https:\/\/shared.akamai.steamstatic.com\/store_item_assets\/steam\/apps\/619700\/extras\/0b75e3f7e44037b2c813915a05993f79.mp4?t=1712231966\" type=\"video\/mp4\"><\/video><\/span><br \/>Teraz nie\u010do trochu in\u00e9. Steel Rats\u2122 sp\u00e1ja \u017e\u00e1nre sp\u00f4sobom, ak\u00fdm to doteraz \u017eiadna hra neurobila, a kombinuje 2,5D kaskad\u00e9rske motorky, z\u00e1vodn\u00fa akciu s presn\u00fdm platformingom a intenz\u00edvnymi bojmi vozidiel.<\/p>\n<h2 class=\"bb_tag\" ><i>Jazdite a ni\u010dte!<\/i><\/h2>\n<p><span class=\"bb_img_ctn\"><video class=\"bb_img\" autoplay muted loop playsinline poster=\"https:\/\/shared.akamai.steamstatic.com\/store_item_assets\/steam\/apps\/619700\/extras\/b74e444d2e5cdf321647de665bfbb87f.poster.avif?t=1712231966\" width=624 height=100 ><source src=\"https:\/\/shared.akamai.steamstatic.com\/store_item_assets\/steam\/apps\/619700\/extras\/b74e444d2e5cdf321647de665bfbb87f.webm?t=1712231966\" type=\"video\/webm; codecs=vp9\"><source src=\"https:\/\/shared.akamai.steamstatic.com\/store_item_assets\/steam\/apps\/619700\/extras\/b74e444d2e5cdf321647de665bfbb87f.mp4?t=1712231966\" type=\"video\/mp4\"><\/video><\/span><br \/>Tvoja motorka je tvojou zbra\u0148ou v boji proti inv\u00e1zii hordy mimozemsk\u00fdch Junkbotov. Kombinuj boj zbl\u00edzka a presn\u00fa, smrtiacu stre\u013ebu s absurdn\u00fdm arzen\u00e1lom vozidiel, vr\u00e1tane p\u00edlov\u00fdch kot\u00fa\u010dov namontovan\u00fdch na koles\u00e1ch, harp\u00fanov\u00fdch zbran\u00ed a v\u00fdfukov chrliacich plamene. Sme si ist\u00ed, \u017ee n\u00e1jde\u0161 zauj\u00edmav\u00e9 sp\u00f4soby, ako tieto n\u00e1stroje vyu\u017ei\u0165 na zni\u010denie svojich nepriate\u013eov.<\/p>\n<h2 class=\"bb_tag\" ><i>Jazdite so \u0161t\u00fdlom<\/i><\/h2>\n<p><span class=\"bb_img_ctn\"><video class=\"bb_img\" autoplay muted loop playsinline poster=\"https:\/\/shared.akamai.steamstatic.com\/store_item_assets\/steam\/apps\/619700\/extras\/e34d972dc060e191fce44057d768aeb1.poster.avif?t=1712231966\" width=624 height=100 ><source src=\"https:\/\/shared.akamai.steamstatic.com\/store_item_assets\/steam\/apps\/619700\/extras\/e34d972dc060e191fce44057d768aeb1.webm?t=1712231966\" type=\"video\/webm; codecs=vp9\"><source src=\"https:\/\/shared.akamai.steamstatic.com\/store_item_assets\/steam\/apps\/619700\/extras\/e34d972dc060e191fce44057d768aeb1.mp4?t=1712231966\" type=\"video\/mp4\"><\/video><\/span><br \/>Na\u0161tartujte motor a ovl\u00e1dnite realistick\u00e9 fyzik\u00e1lne ovl\u00e1danie svojej motorky, aby ste mohli vykon\u00e1va\u0165 kaskad\u00e9rske k\u00fasky a zru\u010dne ni\u010di\u0165 Junkbots pomocou z\u00e1plavy \u0161peci\u00e1lnych schopnost\u00ed a zbran\u00ed. \u010c\u00edm kreat\u00edvnej\u0161ie je ni\u010denie, t\u00fdm lep\u0161ie. Jazdi po sten\u00e1ch, rob salta na bokoch budov a rozp\u00fataj sp\u00fa\u0161\u0165 vo vzduchu, zatia\u013e \u010do jazd\u00ed\u0161 hore nohami.<\/p>\n<h2 class=\"bb_tag\" ><i>Vyr\u00e1\u017eajte a presk\u00famajte!<\/i><\/h2>\n<p><span class=\"bb_img_ctn\"><video class=\"bb_img\" autoplay muted loop playsinline poster=\"https:\/\/shared.akamai.steamstatic.com\/store_item_assets\/steam\/apps\/619700\/extras\/b3c65bd808bcd76f4a2d804c535191b4.poster.avif?t=1712231966\" width=624 height=100 ><source src=\"https:\/\/shared.akamai.steamstatic.com\/store_item_assets\/steam\/apps\/619700\/extras\/b3c65bd808bcd76f4a2d804c535191b4.webm?t=1712231966\" type=\"video\/webm; codecs=vp9\"><source src=\"https:\/\/shared.akamai.steamstatic.com\/store_item_assets\/steam\/apps\/619700\/extras\/b3c65bd808bcd76f4a2d804c535191b4.mp4?t=1712231966\" type=\"video\/mp4\"><\/video><\/span><br \/>Objavte tajomstv\u00e1 Coastal City a odha\u013ete z\u00e1hadu inv\u00e1zie Junkbotov. Presk\u00famajte ka\u017ed\u00fa \u00farove\u0148, n\u00e1jdite v\u0161etky zberate\u013esk\u00e9 predmety, odomknite nov\u00e9 oblasti a ovl\u00e1dnite rebr\u00ed\u010dek.<\/p>\n<h2 class=\"bb_tag\" ><i>Zozn\u00e1mte sa s gangom<\/i><\/h2>\n<p><span class=\"bb_img_ctn\"><video class=\"bb_img\" autoplay muted loop playsinline poster=\"https:\/\/shared.akamai.steamstatic.com\/store_item_assets\/steam\/apps\/619700\/extras\/d86495cc42d16e97978aa3b770d5f5b5.poster.avif?t=1712231966\" width=624 height=150 ><source src=\"https:\/\/shared.akamai.steamstatic.com\/store_item_assets\/steam\/apps\/619700\/extras\/d86495cc42d16e97978aa3b770d5f5b5.webm?t=1712231966\" type=\"video\/webm; codecs=vp9\"><source src=\"https:\/\/shared.akamai.steamstatic.com\/store_item_assets\/steam\/apps\/619700\/extras\/d86495cc42d16e97978aa3b770d5f5b5.mp4?t=1712231966\" type=\"video\/mp4\"><\/video><\/span><br \/>Vyberte si, za ktor\u00e9ho zo \u0161tyroch \u010dlenov Steel Rats chcete hra\u0165, a kedyko\u013evek ich m\u00f4\u017eete zmeni\u0165. Ka\u017ed\u00e1 postava m\u00e1 jedine\u010dn\u00fa schopnos\u0165 a zbra\u0148 vybaven\u00fa na svojom vlastnom vozidle, \u010do v\u00e1m umo\u017e\u0148uje sp\u00f4sobi\u0165 v\u00e1\u017ene \u0161kody hord\u00e1m Junkbotov.<\/p>\n<p><span class=\"bb_img_ctn\"><img decoding=\"async\" class=\"bb_img\" src=\"https:\/\/shared.akamai.steamstatic.com\/store_item_assets\/steam\/apps\/619700\/extras\/51af3444618cf6d89f4065ef331e9383.avif?t=1712231966\" width=650 height=150 \/><\/span><br \/>Zocelen\u00fd motork\u00e1r poch\u00e1dzaj\u00faci z Bostonu. Hrd\u00fd vodca Steel Rats, ktor\u00fd na svojom obrnenom motocykli vrh\u00e1 priamo do boja.<\/p>\n<p><span class=\"bb_img_ctn\"><img decoding=\"async\" class=\"bb_img\" src=\"https:\/\/shared.akamai.steamstatic.com\/store_item_assets\/steam\/apps\/619700\/extras\/57c3cce55c02348e6e531b075656acad.avif?t=1712231966\" width=650 height=150 \/><\/span><br \/>Narodila sa v Braz\u00edlii a vyrastala na uliciach Coastal City. Odv\u00e1\u017ena pretek\u00e1rka, ktor\u00e1 za sebou zanech\u00e1va svojich nepriate\u013eov v dymovej stope.<\/p>\n<p><span class=\"bb_img_ctn\"><img decoding=\"async\" class=\"bb_img\" src=\"https:\/\/shared.akamai.steamstatic.com\/store_item_assets\/steam\/apps\/619700\/extras\/f9a3a9161a9e48c6c77ca4e2347c46af.avif?t=1712231966\" width=650 height=150 \/><\/span><br \/>Teenager, japonsko-americk\u00fd g\u00e9nius. Brilantn\u00fd mechanik a geni\u00e1lny in\u017einier.<\/p>\n<p><span class=\"bb_img_ctn\"><img decoding=\"async\" class=\"bb_img\" src=\"https:\/\/shared.akamai.steamstatic.com\/store_item_assets\/steam\/apps\/619700\/extras\/1e39eb160af25f294fa9e24e71bd0142.avif?t=1712231966\" width=650 height=150 \/><\/span><br \/>Dlhoro\u010dn\u00fd \u00fa\u010dinkuj\u00faci v nemeckom cestovnom cirkuse. \u0160ialenec, ktor\u00fd r\u00e1d \u017eije (a jazd\u00ed) na hrane.<\/p>\n","protected":false},"excerpt":{"rendered":"<p>Rozb\u00edjajte a jaz\u010fte v intuit\u00edvnej a prelomovej evol\u00facii \u017e\u00e1nru 2,5D ak\u010dn\u00fdch ark\u00e1dov\u00fdch hier, ktor\u00e1 sp\u00e1ja de\u0161trukt\u00edvne, okt\u00e1nov\u00e9 motocyklov\u00e9 s\u00faboje a smrte\u013en\u00e9 kaskad\u00e9rske k\u00fasky v vizu\u00e1lne \u0161t\u00fdlovom retro svete bud\u00facnosti. Prep\u00ednajte medzi \u0161tyrmi jedine\u010dn\u00fdmi postavami a sp\u00f4sobujte chaos!<\/p>\n","protected":false},"featured_media":82999,"comment_status":"open","ping_status":"closed","template":"","meta":{"_acf_changed":false},"product_brand":[],"product_cat":[272,274,268,266,312,324],"product_tag":[],"class_list":{"0":"post-101591","1":"product","2":"type-product","3":"status-publish","4":"has-post-thumbnail","6":"product_cat-akcni-pc-sk","7":"product_cat-arkady-pc-hry-sk","8":"product_cat-pc-sk","9":"product_cat-pc-hry-sk","10":"product_cat-steam-pc-sk","11":"product_cat-zavodne-pc-hry","12":"pa_audio-en-us","14":"pa_countries-ad","15":"pa_countries-ae","16":"pa_countries-af","17":"pa_countries-ag","18":"pa_countries-ai","19":"pa_countries-al","20":"pa_countries-am","21":"pa_countries-ao","22":"pa_countries-aq","23":"pa_countries-ar","24":"pa_countries-as","25":"pa_countries-at","26":"pa_countries-au","27":"pa_countries-aw","28":"pa_countries-ax","29":"pa_countries-az","30":"pa_countries-ba","31":"pa_countries-bb","32":"pa_countries-bd","33":"pa_countries-be","34":"pa_countries-bf","35":"pa_countries-bg","36":"pa_countries-bh","37":"pa_countries-bi","38":"pa_countries-bj","39":"pa_countries-bl","40":"pa_countries-bm","41":"pa_countries-bn","42":"pa_countries-bo","43":"pa_countries-bq","44":"pa_countries-br","45":"pa_countries-bs","46":"pa_countries-bt","47":"pa_countries-bv","48":"pa_countries-bw","49":"pa_countries-bz","50":"pa_countries-ca","51":"pa_countries-cc","52":"pa_countries-cd","53":"pa_countries-cf","54":"pa_countries-cg","55":"pa_countries-ch","56":"pa_countries-ci","57":"pa_countries-ck","58":"pa_countries-cl","59":"pa_countries-cm","60":"pa_countries-cn","61":"pa_countries-co","62":"pa_countries-cr","63":"pa_countries-cu","64":"pa_countries-cv","65":"pa_countries-cw","66":"pa_countries-cx","67":"pa_countries-cy","68":"pa_countries-cz","69":"pa_countries-de","70":"pa_countries-dj","71":"pa_countries-dk","72":"pa_countries-dm","73":"pa_countries-do","74":"pa_countries-dz","75":"pa_countries-ec","76":"pa_countries-ee","77":"pa_countries-eg","78":"pa_countries-eh","79":"pa_countries-er","80":"pa_countries-es","81":"pa_countries-et","82":"pa_countries-fi","83":"pa_countries-fj","84":"pa_countries-fk","85":"pa_countries-fm","86":"pa_countries-fo","87":"pa_countries-fr","88":"pa_countries-ga","89":"pa_countries-gb","90":"pa_countries-gd","91":"pa_countries-ge","92":"pa_countries-gf","93":"pa_countries-gg","94":"pa_countries-gh","95":"pa_countries-gi","96":"pa_countries-gl","97":"pa_countries-gm","98":"pa_countries-gn","99":"pa_countries-gp","100":"pa_countries-gq","101":"pa_countries-gr","102":"pa_countries-gs","103":"pa_countries-gt","104":"pa_countries-gu","105":"pa_countries-gw","106":"pa_countries-gy","107":"pa_countries-hk","108":"pa_countries-hm","109":"pa_countries-hn","110":"pa_countries-hr","111":"pa_countries-ht","112":"pa_countries-hu","113":"pa_countries-id","114":"pa_countries-ie","115":"pa_countries-il","116":"pa_countries-im","117":"pa_countries-in","118":"pa_countries-io","119":"pa_countries-iq","120":"pa_countries-ir","121":"pa_countries-is","122":"pa_countries-it","123":"pa_countries-je","124":"pa_countries-jm","125":"pa_countries-jo","126":"pa_countries-jp","127":"pa_countries-ke","128":"pa_countries-kg","129":"pa_countries-kh","130":"pa_countries-ki","131":"pa_countries-km","132":"pa_countries-kn","133":"pa_countries-kp","134":"pa_countries-kr","135":"pa_countries-kw","136":"pa_countries-ky","137":"pa_countries-kz","138":"pa_countries-la","139":"pa_countries-lb","140":"pa_countries-lc","141":"pa_countries-li","142":"pa_countries-lk","143":"pa_countries-lr","144":"pa_countries-ls","145":"pa_countries-lt","146":"pa_countries-lu","147":"pa_countries-lv","148":"pa_countries-ly","149":"pa_countries-ma","150":"pa_countries-mc","151":"pa_countries-md","152":"pa_countries-me","153":"pa_countries-mf","154":"pa_countries-mg","155":"pa_countries-mh","156":"pa_countries-mk","157":"pa_countries-ml","158":"pa_countries-mm","159":"pa_countries-mn","160":"pa_countries-mo","161":"pa_countries-mp","162":"pa_countries-mq","163":"pa_countries-mr","164":"pa_countries-ms","165":"pa_countries-mt","166":"pa_countries-mu","167":"pa_countries-mv","168":"pa_countries-mw","169":"pa_countries-mx","170":"pa_countries-my","171":"pa_countries-mz","172":"pa_countries-na","173":"pa_countries-nc","174":"pa_countries-ne","175":"pa_countries-nf","176":"pa_countries-ng","177":"pa_countries-ni","178":"pa_countries-nl","179":"pa_countries-no","180":"pa_countries-np","181":"pa_countries-nr","182":"pa_countries-nu","183":"pa_countries-nz","184":"pa_countries-om","185":"pa_countries-pa","186":"pa_countries-pe","187":"pa_countries-pf","188":"pa_countries-pg","189":"pa_countries-ph","190":"pa_countries-pk","191":"pa_countries-pl","192":"pa_countries-pm","193":"pa_countries-pn","194":"pa_countries-pr","195":"pa_countries-ps","196":"pa_countries-pt","197":"pa_countries-pw","198":"pa_countries-py","199":"pa_countries-qa","200":"pa_countries-re","201":"pa_countries-ro","202":"pa_countries-rs","203":"pa_countries-rw","204":"pa_countries-sa","205":"pa_countries-sb","206":"pa_countries-sc","207":"pa_countries-sd","208":"pa_countries-se","209":"pa_countries-sg","210":"pa_countries-sh","211":"pa_countries-si","212":"pa_countries-sj","213":"pa_countries-sk","214":"pa_countries-sl","215":"pa_countries-sm","216":"pa_countries-sn","217":"pa_countries-so","218":"pa_countries-sr","219":"pa_countries-ss","221":"pa_countries-st","222":"pa_countries-sv","223":"pa_countries-sx","224":"pa_countries-sy","225":"pa_countries-sz","226":"pa_countries-tc","227":"pa_countries-td","228":"pa_countries-tf","229":"pa_countries-tg","230":"pa_countries-th","231":"pa_countries-tj","232":"pa_countries-tk","233":"pa_countries-tl","234":"pa_countries-tm","235":"pa_countries-tn","236":"pa_countries-to","237":"pa_countries-tr","238":"pa_countries-tt","239":"pa_countries-tv","240":"pa_countries-tw","241":"pa_countries-tz","242":"pa_countries-ua","243":"pa_countries-ug","244":"pa_countries-um","245":"pa_countries-us","246":"pa_countries-uy","247":"pa_countries-uz","248":"pa_countries-va","249":"pa_countries-vc","250":"pa_countries-ve","251":"pa_countries-vg","252":"pa_countries-vi","253":"pa_countries-vn","254":"pa_countries-vu","255":"pa_countries-wf","256":"pa_countries-ws","257":"pa_countries-xk","258":"pa_countries-ye","259":"pa_countries-yt","260":"pa_countries-za","261":"pa_countries-zm","262":"pa_countries-zw","263":"pa_developer-tate-multimedia","264":"pa_engine-unreal-engine-4","266":"pa_game_type-main_game","268":"pa_genres-arcade","270":"pa_genres-platform","271":"pa_genres-racing","272":"pa_interface-de-de","273":"pa_interface-en-us","274":"pa_interface-es-es","275":"pa_interface-fr-fr","276":"pa_interface-hu-hu","277":"pa_interface-it-it","278":"pa_interface-ja-jp","279":"pa_interface-pl-pl","280":"pa_interface-pt-br","281":"pa_interface-pt-pt","283":"pa_interface-ru-ru","284":"pa_interface-zh-cn","285":"pa_keywords-motorcycle","287":"pa_keywords-steampunk","288":"pa_modes-multiplayer","290":"pa_modes-single-player","291":"pa_pegi-13428","292":"pa_pegi-927","293":"pa_platform-pc-steam","295":"pa_player_perspectives-side-view","297":"pa_publisher-tate-multimedia","299":"pa_rating-14602","300":"pa_region-global","302":"pa_subtitles-de-de","303":"pa_subtitles-en-us","304":"pa_subtitles-es-es","305":"pa_subtitles-fr-fr","306":"pa_subtitles-hu-hu","307":"pa_subtitles-it-it","308":"pa_subtitles-ja-jp","309":"pa_subtitles-pl-pl","310":"pa_subtitles-pt-br","311":"pa_subtitles-pt-pt","313":"pa_subtitles-ru-ru","314":"pa_subtitles-zh-cn","315":"pa_themes-action","316":"pa_themes-science-fiction","319":"first","320":"instock","321":"virtual","322":"taxable","323":"purchasable","324":"product-type-simple"},"yoast_head":"<!-- This site is optimized with the Yoast SEO plugin v27.3 - https:\/\/yoast.com\/product\/yoast-seo-wordpress\/ -->\n<title>Steel Rats | BeGamer.cz<\/title>\n<meta name=\"robots\" content=\"index, follow, max-snippet:-1, max-image-preview:large, max-video-preview:-1\" \/>\n<link rel=\"canonical\" href=\"https:\/\/begamer.cz\/sk\/produkt\/steel-rats-sk\/\" \/>\n<meta property=\"og:locale\" content=\"sk_SK\" \/>\n<meta property=\"og:type\" content=\"article\" \/>\n<meta property=\"og:title\" content=\"Steel Rats | BeGamer.cz\" \/>\n<meta property=\"og:description\" content=\"Rozb\u00edjajte a jaz\u010fte v intuit\u00edvnej a prelomovej evol\u00facii \u017e\u00e1nru 2,5D ak\u010dn\u00fdch ark\u00e1dov\u00fdch hier, ktor\u00e1 sp\u00e1ja de\u0161trukt\u00edvne, okt\u00e1nov\u00e9 motocyklov\u00e9 s\u00faboje a smrte\u013en\u00e9 kaskad\u00e9rske k\u00fasky v vizu\u00e1lne \u0161t\u00fdlovom retro svete bud\u00facnosti. Prep\u00ednajte medzi \u0161tyrmi jedine\u010dn\u00fdmi postavami a sp\u00f4sobujte chaos!\" \/>\n<meta property=\"og:url\" content=\"https:\/\/begamer.cz\/sk\/produkt\/steel-rats-sk\/\" \/>\n<meta property=\"og:site_name\" content=\"BeGamer.cz\" \/>\n<meta property=\"article:modified_time\" content=\"2026-03-11T08:46:29+00:00\" \/>\n<meta property=\"og:image\" content=\"https:\/\/begamer.cz\/wp-content\/uploads\/2026\/01\/steel-rats-5.webp\" \/>\n\t<meta property=\"og:image:width\" content=\"300\" \/>\n\t<meta property=\"og:image:height\" content=\"400\" \/>\n\t<meta property=\"og:image:type\" content=\"image\/webp\" \/>\n<meta name=\"twitter:card\" content=\"summary_large_image\" \/>\n<meta name=\"twitter:label1\" content=\"Predpokladan\u00fd \u010das \u010d\u00edtania\" \/>\n\t<meta name=\"twitter:data1\" content=\"3 min\u00faty\" \/>\n<script type=\"application\/ld+json\" class=\"yoast-schema-graph\">{\"@context\":\"https:\\\/\\\/schema.org\",\"@graph\":[{\"@type\":\"WebPage\",\"@id\":\"https:\\\/\\\/begamer.cz\\\/sk\\\/produkt\\\/steel-rats-sk\\\/\",\"url\":\"https:\\\/\\\/begamer.cz\\\/sk\\\/produkt\\\/steel-rats-sk\\\/\",\"name\":\"Steel Rats | BeGamer.cz\",\"isPartOf\":{\"@id\":\"https:\\\/\\\/begamer.cz\\\/sk\\\/#website\"},\"primaryImageOfPage\":{\"@id\":\"https:\\\/\\\/begamer.cz\\\/sk\\\/produkt\\\/steel-rats-sk\\\/#primaryimage\"},\"image\":{\"@id\":\"https:\\\/\\\/begamer.cz\\\/sk\\\/produkt\\\/steel-rats-sk\\\/#primaryimage\"},\"thumbnailUrl\":\"https:\\\/\\\/begamer.cz\\\/wp-content\\\/uploads\\\/2026\\\/01\\\/steel-rats-5.webp\",\"datePublished\":\"2026-01-30T17:32:37+00:00\",\"dateModified\":\"2026-03-11T08:46:29+00:00\",\"breadcrumb\":{\"@id\":\"https:\\\/\\\/begamer.cz\\\/sk\\\/produkt\\\/steel-rats-sk\\\/#breadcrumb\"},\"inLanguage\":\"sk-SK\",\"potentialAction\":[{\"@type\":\"ReadAction\",\"target\":[\"https:\\\/\\\/begamer.cz\\\/sk\\\/produkt\\\/steel-rats-sk\\\/\"]}]},{\"@type\":\"ImageObject\",\"inLanguage\":\"sk-SK\",\"@id\":\"https:\\\/\\\/begamer.cz\\\/sk\\\/produkt\\\/steel-rats-sk\\\/#primaryimage\",\"url\":\"https:\\\/\\\/begamer.cz\\\/wp-content\\\/uploads\\\/2026\\\/01\\\/steel-rats-5.webp\",\"contentUrl\":\"https:\\\/\\\/begamer.cz\\\/wp-content\\\/uploads\\\/2026\\\/01\\\/steel-rats-5.webp\",\"width\":300,\"height\":400},{\"@type\":\"BreadcrumbList\",\"@id\":\"https:\\\/\\\/begamer.cz\\\/sk\\\/produkt\\\/steel-rats-sk\\\/#breadcrumb\",\"itemListElement\":[{\"@type\":\"ListItem\",\"position\":1,\"name\":\"Domov\",\"item\":\"https:\\\/\\\/begamer.cz\\\/sk\\\/\"},{\"@type\":\"ListItem\",\"position\":2,\"name\":\"Obchod\",\"item\":\"https:\\\/\\\/begamer.cz\\\/obchod\\\/\"},{\"@type\":\"ListItem\",\"position\":3,\"name\":\"Steel Rats\"}]},{\"@type\":\"WebSite\",\"@id\":\"https:\\\/\\\/begamer.cz\\\/sk\\\/#website\",\"url\":\"https:\\\/\\\/begamer.cz\\\/sk\\\/\",\"name\":\"BeGamer.cz\",\"description\":\"\",\"publisher\":{\"@id\":\"https:\\\/\\\/begamer.cz\\\/sk\\\/#organization\"},\"potentialAction\":[{\"@type\":\"SearchAction\",\"target\":{\"@type\":\"EntryPoint\",\"urlTemplate\":\"https:\\\/\\\/begamer.cz\\\/sk\\\/?s={search_term_string}\"},\"query-input\":{\"@type\":\"PropertyValueSpecification\",\"valueRequired\":true,\"valueName\":\"search_term_string\"}}],\"inLanguage\":\"sk-SK\"},{\"@type\":\"Organization\",\"@id\":\"https:\\\/\\\/begamer.cz\\\/sk\\\/#organization\",\"name\":\"BeGamer.cz\",\"url\":\"https:\\\/\\\/begamer.cz\\\/sk\\\/\",\"logo\":{\"@type\":\"ImageObject\",\"inLanguage\":\"sk-SK\",\"@id\":\"https:\\\/\\\/begamer.cz\\\/sk\\\/#\\\/schema\\\/logo\\\/image\\\/\",\"url\":\"https:\\\/\\\/begamer.cz\\\/wp-content\\\/uploads\\\/2025\\\/07\\\/logo.svg\",\"contentUrl\":\"https:\\\/\\\/begamer.cz\\\/wp-content\\\/uploads\\\/2025\\\/07\\\/logo.svg\",\"caption\":\"BeGamer.cz\"},\"image\":{\"@id\":\"https:\\\/\\\/begamer.cz\\\/sk\\\/#\\\/schema\\\/logo\\\/image\\\/\"}}]}<\/script>\n<!-- \/ Yoast SEO plugin. -->","yoast_head_json":{"title":"Steel Rats | BeGamer.cz","robots":{"index":"index","follow":"follow","max-snippet":"max-snippet:-1","max-image-preview":"max-image-preview:large","max-video-preview":"max-video-preview:-1"},"canonical":"https:\/\/begamer.cz\/sk\/produkt\/steel-rats-sk\/","og_locale":"sk_SK","og_type":"article","og_title":"Steel Rats | BeGamer.cz","og_description":"Rozb\u00edjajte a jaz\u010fte v intuit\u00edvnej a prelomovej evol\u00facii \u017e\u00e1nru 2,5D ak\u010dn\u00fdch ark\u00e1dov\u00fdch hier, ktor\u00e1 sp\u00e1ja de\u0161trukt\u00edvne, okt\u00e1nov\u00e9 motocyklov\u00e9 s\u00faboje a smrte\u013en\u00e9 kaskad\u00e9rske k\u00fasky v vizu\u00e1lne \u0161t\u00fdlovom retro svete bud\u00facnosti. Prep\u00ednajte medzi \u0161tyrmi jedine\u010dn\u00fdmi postavami a sp\u00f4sobujte chaos!","og_url":"https:\/\/begamer.cz\/sk\/produkt\/steel-rats-sk\/","og_site_name":"BeGamer.cz","article_modified_time":"2026-03-11T08:46:29+00:00","og_image":[{"width":300,"height":400,"url":"https:\/\/begamer.cz\/wp-content\/uploads\/2026\/01\/steel-rats-5.webp","type":"image\/webp"}],"twitter_card":"summary_large_image","twitter_misc":{"Predpokladan\u00fd \u010das \u010d\u00edtania":"3 min\u00faty"},"schema":{"@context":"https:\/\/schema.org","@graph":[{"@type":"WebPage","@id":"https:\/\/begamer.cz\/sk\/produkt\/steel-rats-sk\/","url":"https:\/\/begamer.cz\/sk\/produkt\/steel-rats-sk\/","name":"Steel Rats | BeGamer.cz","isPartOf":{"@id":"https:\/\/begamer.cz\/sk\/#website"},"primaryImageOfPage":{"@id":"https:\/\/begamer.cz\/sk\/produkt\/steel-rats-sk\/#primaryimage"},"image":{"@id":"https:\/\/begamer.cz\/sk\/produkt\/steel-rats-sk\/#primaryimage"},"thumbnailUrl":"https:\/\/begamer.cz\/wp-content\/uploads\/2026\/01\/steel-rats-5.webp","datePublished":"2026-01-30T17:32:37+00:00","dateModified":"2026-03-11T08:46:29+00:00","breadcrumb":{"@id":"https:\/\/begamer.cz\/sk\/produkt\/steel-rats-sk\/#breadcrumb"},"inLanguage":"sk-SK","potentialAction":[{"@type":"ReadAction","target":["https:\/\/begamer.cz\/sk\/produkt\/steel-rats-sk\/"]}]},{"@type":"ImageObject","inLanguage":"sk-SK","@id":"https:\/\/begamer.cz\/sk\/produkt\/steel-rats-sk\/#primaryimage","url":"https:\/\/begamer.cz\/wp-content\/uploads\/2026\/01\/steel-rats-5.webp","contentUrl":"https:\/\/begamer.cz\/wp-content\/uploads\/2026\/01\/steel-rats-5.webp","width":300,"height":400},{"@type":"BreadcrumbList","@id":"https:\/\/begamer.cz\/sk\/produkt\/steel-rats-sk\/#breadcrumb","itemListElement":[{"@type":"ListItem","position":1,"name":"Domov","item":"https:\/\/begamer.cz\/sk\/"},{"@type":"ListItem","position":2,"name":"Obchod","item":"https:\/\/begamer.cz\/obchod\/"},{"@type":"ListItem","position":3,"name":"Steel Rats"}]},{"@type":"WebSite","@id":"https:\/\/begamer.cz\/sk\/#website","url":"https:\/\/begamer.cz\/sk\/","name":"BeGamer.cz","description":"","publisher":{"@id":"https:\/\/begamer.cz\/sk\/#organization"},"potentialAction":[{"@type":"SearchAction","target":{"@type":"EntryPoint","urlTemplate":"https:\/\/begamer.cz\/sk\/?s={search_term_string}"},"query-input":{"@type":"PropertyValueSpecification","valueRequired":true,"valueName":"search_term_string"}}],"inLanguage":"sk-SK"},{"@type":"Organization","@id":"https:\/\/begamer.cz\/sk\/#organization","name":"BeGamer.cz","url":"https:\/\/begamer.cz\/sk\/","logo":{"@type":"ImageObject","inLanguage":"sk-SK","@id":"https:\/\/begamer.cz\/sk\/#\/schema\/logo\/image\/","url":"https:\/\/begamer.cz\/wp-content\/uploads\/2025\/07\/logo.svg","contentUrl":"https:\/\/begamer.cz\/wp-content\/uploads\/2025\/07\/logo.svg","caption":"BeGamer.cz"},"image":{"@id":"https:\/\/begamer.cz\/sk\/#\/schema\/logo\/image\/"}}]}},"acf":[],"_links":{"self":[{"href":"https:\/\/begamer.cz\/sk\/wp-json\/wp\/v2\/product\/101591","targetHints":{"allow":["GET"]}}],"collection":[{"href":"https:\/\/begamer.cz\/sk\/wp-json\/wp\/v2\/product"}],"about":[{"href":"https:\/\/begamer.cz\/sk\/wp-json\/wp\/v2\/types\/product"}],"replies":[{"embeddable":true,"href":"https:\/\/begamer.cz\/sk\/wp-json\/wp\/v2\/comments?post=101591"}],"wp:featuredmedia":[{"embeddable":true,"href":"https:\/\/begamer.cz\/sk\/wp-json\/wp\/v2\/media\/82999"}],"wp:attachment":[{"href":"https:\/\/begamer.cz\/sk\/wp-json\/wp\/v2\/media?parent=101591"}],"wp:term":[{"taxonomy":"product_brand","embeddable":true,"href":"https:\/\/begamer.cz\/sk\/wp-json\/wp\/v2\/product_brand?post=101591"},{"taxonomy":"product_cat","embeddable":true,"href":"https:\/\/begamer.cz\/sk\/wp-json\/wp\/v2\/product_cat?post=101591"},{"taxonomy":"product_tag","embeddable":true,"href":"https:\/\/begamer.cz\/sk\/wp-json\/wp\/v2\/product_tag?post=101591"}],"curies":[{"name":"wp","href":"https:\/\/api.w.org\/{rel}","templated":true}]}}