{"id":101588,"date":"2026-01-30T18:32:29","date_gmt":"2026-01-30T17:32:29","guid":{"rendered":"https:\/\/begamer.cz\/produkt\/urban-trial-playground-sk\/"},"modified":"2026-03-11T09:46:09","modified_gmt":"2026-03-11T08:46:09","slug":"urban-trial-playground-sk","status":"publish","type":"product","link":"https:\/\/begamer.cz\/sk\/produkt\/urban-trial-playground-sk\/","title":{"rendered":"Urban Trial Playground"},"content":{"rendered":"<p><span class=\"bb_img_ctn\"><video class=\"bb_img\" autoplay muted loop playsinline poster=\"https:\/\/shared.akamai.steamstatic.com\/store_item_assets\/steam\/apps\/988240\/extras\/7d85583dd718030eb901375b35309465.poster.avif?t=1712232360\" width=624 height=100 ><source src=\"https:\/\/shared.akamai.steamstatic.com\/store_item_assets\/steam\/apps\/988240\/extras\/7d85583dd718030eb901375b35309465.webm?t=1712232360\" type=\"video\/webm; codecs=vp9\"><source src=\"https:\/\/shared.akamai.steamstatic.com\/store_item_assets\/steam\/apps\/988240\/extras\/7d85583dd718030eb901375b35309465.mp4?t=1712232360\" type=\"video\/mp4\"><\/video><\/span><br \/>\u00darovne Urban Trial Playground s\u00fa navrhnut\u00e9 ako povrch, ktor\u00fd je mo\u017en\u00e9 vyu\u017ei\u0165 na vykon\u00e1vanie trikov a kaskad\u00e9rskych k\u00faskov, pri\u010dom kombinujete svoje najlep\u0161ie pohyby do kombin\u00e1ci\u00ed s viacer\u00fdmi bodmi.<\/p>\n<p><span class=\"bb_img_ctn\"><video class=\"bb_img\" autoplay muted loop playsinline poster=\"https:\/\/shared.akamai.steamstatic.com\/store_item_assets\/steam\/apps\/988240\/extras\/e9ef3363aa7373ada2dfb3e64fc48861.poster.avif?t=1712232360\" width=624 height=100 ><source src=\"https:\/\/shared.akamai.steamstatic.com\/store_item_assets\/steam\/apps\/988240\/extras\/e9ef3363aa7373ada2dfb3e64fc48861.webm?t=1712232360\" type=\"video\/webm; codecs=vp9\"><source src=\"https:\/\/shared.akamai.steamstatic.com\/store_item_assets\/steam\/apps\/988240\/extras\/e9ef3363aa7373ada2dfb3e64fc48861.mp4?t=1712232360\" type=\"video\/mp4\"><\/video><\/span><br \/>Urban Trial Playground bol vytvoren\u00fd s cie\u013eom poskytn\u00fa\u0165 fan\u00fa\u0161ikom adrenal\u00ednu a fanatikom freestylu nespo\u010detn\u00e9 hodiny akcie. Kombinujte triky v jedine\u010dn\u00fdch a prakticky nekone\u010dn\u00fdch kombin\u00e1ci\u00e1ch, aby ste zv\u00fd\u0161ili svoje sk\u00f3re a dostali sa na vrchol rebr\u00ed\u010dka! Re\u017eimy<\/p>\n<p><span class=\"bb_img_ctn\"><video class=\"bb_img\" autoplay muted loop playsinline poster=\"https:\/\/shared.akamai.steamstatic.com\/store_item_assets\/steam\/apps\/988240\/extras\/de710bd0d9fd0ffa23d6e3acd7a9c16c.poster.avif?t=1712232360\" width=624 height=100 ><source src=\"https:\/\/shared.akamai.steamstatic.com\/store_item_assets\/steam\/apps\/988240\/extras\/de710bd0d9fd0ffa23d6e3acd7a9c16c.webm?t=1712232360\" type=\"video\/webm; codecs=vp9\"><source src=\"https:\/\/shared.akamai.steamstatic.com\/store_item_assets\/steam\/apps\/988240\/extras\/de710bd0d9fd0ffa23d6e3acd7a9c16c.mp4?t=1712232360\" type=\"video\/mp4\"><\/video><\/span><br \/>Freestyle a Time Trial bud\u00fa obsahova\u0165 online rebr\u00ed\u010dky v r\u00e1mci viac ako 50 \u00farovn\u00ed hry. V re\u017eime Time Trial m\u00f4\u017eete tie\u017e vyzva\u0165 svojho ducha: sledujte svoje najlep\u0161ie jazdy a pok\u00faste sa ich prekona\u0165 zdokonalen\u00edm r\u00f4znych a r\u00fdchlej\u0161\u00edch tr\u00e1s alebo vykon\u00e1van\u00edm e\u0161te \u0161ialenej\u0161\u00edch trikov.<\/p>\n<p><span class=\"bb_img_ctn\"><video class=\"bb_img\" autoplay muted loop playsinline poster=\"https:\/\/shared.akamai.steamstatic.com\/store_item_assets\/steam\/apps\/988240\/extras\/93b850987d47b766fb397528a1833a92.poster.avif?t=1712232360\" width=624 height=100 ><source src=\"https:\/\/shared.akamai.steamstatic.com\/store_item_assets\/steam\/apps\/988240\/extras\/93b850987d47b766fb397528a1833a92.webm?t=1712232360\" type=\"video\/webm; codecs=vp9\"><source src=\"https:\/\/shared.akamai.steamstatic.com\/store_item_assets\/steam\/apps\/988240\/extras\/93b850987d47b766fb397528a1833a92.mp4?t=1712232360\" type=\"video\/mp4\"><\/video><\/span><br \/>UTP pon\u00faka 6 prisp\u00f4sobite\u013en\u00fdch bicyklov, ktor\u00e9 m\u00f4\u017eete vylep\u0161i\u0165 nielen vzh\u013eadom, ale aj motorom, brzdami a d\u00f4le\u017eit\u00fdmi \u010das\u0165ami, ktor\u00e9 ovplyv\u0148uj\u00fa ovl\u00e1danie bicykla. \u0160irok\u00e1 \u0161k\u00e1la prisp\u00f4sobenia bicykla a jazdca v\u00e1m umo\u017en\u00ed personalizova\u0165 svoj \u0161t\u00fdl a dosiahnu\u0165 nov\u00e9 rekordy v pravom kalifornskom \u0161t\u00fdle!<\/p>\n<p>Robte backflipy zo striech, ponad palmami a pieskov\u00fdmi dunami v \u201eUrban Trial Playground\u201c a sta\u0148te sa najlep\u0161\u00edm kaskad\u00e9rskym pretek\u00e1rom!<\/p>\n<p>T\u00e1to nov\u00e1 \u010das\u0165 s\u00e9rie kaskad\u00e9rskych motocyklov\u00fdch pretekov pres\u00fava akciu z mestsk\u00fdch ul\u00edc priamo na slne\u010dn\u00e9 a farebn\u00e9 pl\u00e1\u017ee Kalifornie, kde sa mie\u0161aj\u00fa e\u0161te \u0161ialenej\u0161ie triky, salta a komba ako kedyko\u013evek predt\u00fdm. Je to hra r\u00fdchlosti, rovnov\u00e1hy a \u0161t\u00fdlu!<\/p>\n<p>Nez\u00e1visl\u00e9 ovl\u00e1danie predn\u00fdch a zadn\u00fdch b\u0155zd umo\u017e\u0148uje hr\u00e1\u010dom vykon\u00e1va\u0165 stoppies a predn\u00e9 salta, ako aj \u0161m\u00fdka\u0165 sa po trati a zanech\u00e1va\u0165 za sebou obrovsk\u00e9 stopy po pneumatik\u00e1ch!<\/p>\n<p>S \u017eiv\u00fdm, slnkom zaliatym pozad\u00edm a uvo\u013enenou atmosf\u00e9rou, ktor\u00e1 vytv\u00e1ra kulisu pre naozaj dychber\u00face kaskad\u00e9rske k\u00fasky, sa pripravte na salta, triky a kot\u00fa\u013eanie sa cez palmy a zlatist\u00e9 pieskov\u00e9 duny.<\/p>\n","protected":false},"excerpt":{"rendered":"<p>Tento nov\u00fd diel s\u00e9rie z\u00e1vodov s kaskad\u00e9rskymi motorkami pres\u00fava akciu z mestsk\u00fdch ul\u00edc priamo na slne\u010dn\u00e9 a farebn\u00e9 pl\u00e1\u017ee Kalifornie, kde sa mie\u0161aj\u00fa e\u0161te \u0161ialenej\u0161ie triky, salta a kombin\u00e1cie ako kedyko\u013evek predt\u00fdm. Je to hra r\u00fdchlosti, rovnov\u00e1hy a \u0161t\u00fdlu!<\/p>\n","protected":false},"featured_media":82978,"comment_status":"open","ping_status":"closed","template":"","meta":{"_acf_changed":false},"product_brand":[],"product_cat":[274,268,266,314,312,324],"product_tag":[],"class_list":{"0":"post-101588","1":"product","2":"type-product","3":"status-publish","4":"has-post-thumbnail","6":"product_cat-arkady-pc-hry-sk","7":"product_cat-pc-sk","8":"product_cat-pc-hry-sk","9":"product_cat-simulatory-pc-hry-sk","10":"product_cat-steam-pc-sk","11":"product_cat-zavodne-pc-hry","12":"pa_audio-en-us","14":"pa_countries-ad","15":"pa_countries-ae","16":"pa_countries-af","17":"pa_countries-ag","18":"pa_countries-ai","19":"pa_countries-al","20":"pa_countries-am","21":"pa_countries-ao","22":"pa_countries-aq","23":"pa_countries-ar","24":"pa_countries-as","25":"pa_countries-at","26":"pa_countries-au","27":"pa_countries-aw","28":"pa_countries-ax","29":"pa_countries-az","30":"pa_countries-ba","31":"pa_countries-bb","32":"pa_countries-bd","33":"pa_countries-be","34":"pa_countries-bf","35":"pa_countries-bg","36":"pa_countries-bh","37":"pa_countries-bi","38":"pa_countries-bj","39":"pa_countries-bl","40":"pa_countries-bm","41":"pa_countries-bn","42":"pa_countries-bo","43":"pa_countries-bq","44":"pa_countries-br","45":"pa_countries-bs","46":"pa_countries-bt","47":"pa_countries-bv","48":"pa_countries-bw","49":"pa_countries-bz","50":"pa_countries-ca","51":"pa_countries-cc","52":"pa_countries-cd","53":"pa_countries-cf","54":"pa_countries-cg","55":"pa_countries-ch","56":"pa_countries-ci","57":"pa_countries-ck","58":"pa_countries-cl","59":"pa_countries-cm","60":"pa_countries-cn","61":"pa_countries-co","62":"pa_countries-cr","63":"pa_countries-cu","64":"pa_countries-cv","65":"pa_countries-cw","66":"pa_countries-cx","67":"pa_countries-cy","68":"pa_countries-cz","69":"pa_countries-de","70":"pa_countries-dj","71":"pa_countries-dk","72":"pa_countries-dm","73":"pa_countries-do","74":"pa_countries-dz","75":"pa_countries-ec","76":"pa_countries-ee","77":"pa_countries-eg","78":"pa_countries-eh","79":"pa_countries-er","80":"pa_countries-es","81":"pa_countries-et","82":"pa_countries-fi","83":"pa_countries-fj","84":"pa_countries-fk","85":"pa_countries-fm","86":"pa_countries-fo","87":"pa_countries-fr","88":"pa_countries-ga","89":"pa_countries-gb","90":"pa_countries-gd","91":"pa_countries-ge","92":"pa_countries-gf","93":"pa_countries-gg","94":"pa_countries-gh","95":"pa_countries-gi","96":"pa_countries-gl","97":"pa_countries-gm","98":"pa_countries-gn","99":"pa_countries-gp","100":"pa_countries-gq","101":"pa_countries-gr","102":"pa_countries-gs","103":"pa_countries-gt","104":"pa_countries-gu","105":"pa_countries-gw","106":"pa_countries-gy","107":"pa_countries-hk","108":"pa_countries-hm","109":"pa_countries-hn","110":"pa_countries-hr","111":"pa_countries-ht","112":"pa_countries-hu","113":"pa_countries-id","114":"pa_countries-ie","115":"pa_countries-il","116":"pa_countries-im","117":"pa_countries-in","118":"pa_countries-io","119":"pa_countries-iq","120":"pa_countries-ir","121":"pa_countries-is","122":"pa_countries-it","123":"pa_countries-je","124":"pa_countries-jm","125":"pa_countries-jo","126":"pa_countries-jp","127":"pa_countries-ke","128":"pa_countries-kg","129":"pa_countries-kh","130":"pa_countries-ki","131":"pa_countries-km","132":"pa_countries-kn","133":"pa_countries-kp","134":"pa_countries-kr","135":"pa_countries-kw","136":"pa_countries-ky","137":"pa_countries-kz","138":"pa_countries-la","139":"pa_countries-lb","140":"pa_countries-lc","141":"pa_countries-li","142":"pa_countries-lk","143":"pa_countries-lr","144":"pa_countries-ls","145":"pa_countries-lt","146":"pa_countries-lu","147":"pa_countries-lv","148":"pa_countries-ly","149":"pa_countries-ma","150":"pa_countries-mc","151":"pa_countries-md","152":"pa_countries-me","153":"pa_countries-mf","154":"pa_countries-mg","155":"pa_countries-mh","156":"pa_countries-mk","157":"pa_countries-ml","158":"pa_countries-mm","159":"pa_countries-mn","160":"pa_countries-mo","161":"pa_countries-mp","162":"pa_countries-mq","163":"pa_countries-mr","164":"pa_countries-ms","165":"pa_countries-mt","166":"pa_countries-mu","167":"pa_countries-mv","168":"pa_countries-mw","169":"pa_countries-mx","170":"pa_countries-my","171":"pa_countries-mz","172":"pa_countries-na","173":"pa_countries-nc","174":"pa_countries-ne","175":"pa_countries-nf","176":"pa_countries-ng","177":"pa_countries-ni","178":"pa_countries-nl","179":"pa_countries-no","180":"pa_countries-np","181":"pa_countries-nr","182":"pa_countries-nu","183":"pa_countries-nz","184":"pa_countries-om","185":"pa_countries-pa","186":"pa_countries-pe","187":"pa_countries-pf","188":"pa_countries-pg","189":"pa_countries-ph","190":"pa_countries-pk","191":"pa_countries-pl","192":"pa_countries-pm","193":"pa_countries-pn","194":"pa_countries-pr","195":"pa_countries-ps","196":"pa_countries-pt","197":"pa_countries-pw","198":"pa_countries-py","199":"pa_countries-qa","200":"pa_countries-re","201":"pa_countries-ro","202":"pa_countries-rs","203":"pa_countries-rw","204":"pa_countries-sa","205":"pa_countries-sb","206":"pa_countries-sc","207":"pa_countries-sd","208":"pa_countries-se","209":"pa_countries-sg","210":"pa_countries-sh","211":"pa_countries-si","212":"pa_countries-sj","213":"pa_countries-sk","214":"pa_countries-sl","215":"pa_countries-sm","216":"pa_countries-sn","217":"pa_countries-so","218":"pa_countries-sr","219":"pa_countries-ss","221":"pa_countries-st","222":"pa_countries-sv","223":"pa_countries-sx","224":"pa_countries-sy","225":"pa_countries-sz","226":"pa_countries-tc","227":"pa_countries-td","228":"pa_countries-tf","229":"pa_countries-tg","230":"pa_countries-th","231":"pa_countries-tj","232":"pa_countries-tk","233":"pa_countries-tl","234":"pa_countries-tm","235":"pa_countries-tn","236":"pa_countries-to","237":"pa_countries-tr","238":"pa_countries-tt","239":"pa_countries-tv","240":"pa_countries-tw","241":"pa_countries-tz","242":"pa_countries-ua","243":"pa_countries-ug","244":"pa_countries-um","245":"pa_countries-us","246":"pa_countries-uy","247":"pa_countries-uz","248":"pa_countries-va","249":"pa_countries-vc","250":"pa_countries-ve","251":"pa_countries-vg","252":"pa_countries-vi","253":"pa_countries-vn","254":"pa_countries-vu","255":"pa_countries-wf","256":"pa_countries-ws","257":"pa_countries-xk","259":"pa_countries-ye","260":"pa_countries-yt","261":"pa_countries-za","262":"pa_countries-zm","263":"pa_countries-zw","264":"pa_developer-tate-multimedia","265":"pa_developer-teyon","267":"pa_game_type-main_game","269":"pa_genres-arcade","271":"pa_genres-indie","272":"pa_genres-racing","274":"pa_genres-simulator","275":"pa_genres-sport","276":"pa_interface-de-de","277":"pa_interface-en-us","278":"pa_interface-es-es","279":"pa_interface-fr-fr","280":"pa_interface-it-it","281":"pa_interface-ja-jp","282":"pa_interface-nl-nl","284":"pa_interface-pt-br","285":"pa_interface-pt-pt","287":"pa_interface-ru-ru","288":"pa_interface-zh-cn","289":"pa_interface-zh-tw","290":"pa_keywords-motorcycle","292":"pa_modes-multiplayer","294":"pa_modes-single-player","296":"pa_pegi-13430","297":"pa_pegi-943","298":"pa_platform-pc-steam","300":"pa_player_perspectives-side-view","302":"pa_publisher-tate-multimedia","304":"pa_rating-14441","305":"pa_rating-773","306":"pa_region-global","308":"pa_subtitles-de-de","310":"pa_subtitles-en-us","311":"pa_subtitles-es-es","312":"pa_subtitles-fr-fr","313":"pa_subtitles-it-it","314":"pa_subtitles-ja-jp","315":"pa_subtitles-nl-nl","317":"pa_subtitles-pt-br","318":"pa_subtitles-ru-ru","319":"pa_subtitles-zh-cn","320":"pa_subtitles-zh-tw","321":"pa_themes-action","323":"pa_themes-kids","326":"first","327":"instock","328":"virtual","329":"taxable","330":"purchasable","331":"product-type-simple"},"yoast_head":"<!-- This site is optimized with the Yoast SEO plugin v27.3 - https:\/\/yoast.com\/product\/yoast-seo-wordpress\/ -->\n<title>Urban Trial Playground | BeGamer.cz<\/title>\n<meta name=\"robots\" content=\"index, follow, max-snippet:-1, max-image-preview:large, max-video-preview:-1\" \/>\n<link rel=\"canonical\" href=\"https:\/\/begamer.cz\/sk\/produkt\/urban-trial-playground-sk\/\" \/>\n<meta property=\"og:locale\" content=\"sk_SK\" \/>\n<meta property=\"og:type\" content=\"article\" \/>\n<meta property=\"og:title\" content=\"Urban Trial Playground | BeGamer.cz\" \/>\n<meta property=\"og:description\" content=\"Tento nov\u00fd diel s\u00e9rie z\u00e1vodov s kaskad\u00e9rskymi motorkami pres\u00fava akciu z mestsk\u00fdch ul\u00edc priamo na slne\u010dn\u00e9 a farebn\u00e9 pl\u00e1\u017ee Kalifornie, kde sa mie\u0161aj\u00fa e\u0161te \u0161ialenej\u0161ie triky, salta a kombin\u00e1cie ako kedyko\u013evek predt\u00fdm. Je to hra r\u00fdchlosti, rovnov\u00e1hy a \u0161t\u00fdlu!\" \/>\n<meta property=\"og:url\" content=\"https:\/\/begamer.cz\/sk\/produkt\/urban-trial-playground-sk\/\" \/>\n<meta property=\"og:site_name\" content=\"BeGamer.cz\" \/>\n<meta property=\"article:modified_time\" content=\"2026-03-11T08:46:09+00:00\" \/>\n<meta property=\"og:image\" content=\"https:\/\/begamer.cz\/wp-content\/uploads\/2026\/01\/urban-trial-playground-6.webp\" \/>\n\t<meta property=\"og:image:width\" content=\"300\" \/>\n\t<meta property=\"og:image:height\" content=\"400\" \/>\n\t<meta property=\"og:image:type\" content=\"image\/webp\" \/>\n<meta name=\"twitter:card\" content=\"summary_large_image\" \/>\n<meta name=\"twitter:label1\" content=\"Predpokladan\u00fd \u010das \u010d\u00edtania\" \/>\n\t<meta name=\"twitter:data1\" content=\"2 min\u00faty\" \/>\n<script type=\"application\/ld+json\" class=\"yoast-schema-graph\">{\"@context\":\"https:\\\/\\\/schema.org\",\"@graph\":[{\"@type\":\"WebPage\",\"@id\":\"https:\\\/\\\/begamer.cz\\\/sk\\\/produkt\\\/urban-trial-playground-sk\\\/\",\"url\":\"https:\\\/\\\/begamer.cz\\\/sk\\\/produkt\\\/urban-trial-playground-sk\\\/\",\"name\":\"Urban Trial Playground | BeGamer.cz\",\"isPartOf\":{\"@id\":\"https:\\\/\\\/begamer.cz\\\/sk\\\/#website\"},\"primaryImageOfPage\":{\"@id\":\"https:\\\/\\\/begamer.cz\\\/sk\\\/produkt\\\/urban-trial-playground-sk\\\/#primaryimage\"},\"image\":{\"@id\":\"https:\\\/\\\/begamer.cz\\\/sk\\\/produkt\\\/urban-trial-playground-sk\\\/#primaryimage\"},\"thumbnailUrl\":\"https:\\\/\\\/begamer.cz\\\/wp-content\\\/uploads\\\/2026\\\/01\\\/urban-trial-playground-6.webp\",\"datePublished\":\"2026-01-30T17:32:29+00:00\",\"dateModified\":\"2026-03-11T08:46:09+00:00\",\"breadcrumb\":{\"@id\":\"https:\\\/\\\/begamer.cz\\\/sk\\\/produkt\\\/urban-trial-playground-sk\\\/#breadcrumb\"},\"inLanguage\":\"sk-SK\",\"potentialAction\":[{\"@type\":\"ReadAction\",\"target\":[\"https:\\\/\\\/begamer.cz\\\/sk\\\/produkt\\\/urban-trial-playground-sk\\\/\"]}]},{\"@type\":\"ImageObject\",\"inLanguage\":\"sk-SK\",\"@id\":\"https:\\\/\\\/begamer.cz\\\/sk\\\/produkt\\\/urban-trial-playground-sk\\\/#primaryimage\",\"url\":\"https:\\\/\\\/begamer.cz\\\/wp-content\\\/uploads\\\/2026\\\/01\\\/urban-trial-playground-6.webp\",\"contentUrl\":\"https:\\\/\\\/begamer.cz\\\/wp-content\\\/uploads\\\/2026\\\/01\\\/urban-trial-playground-6.webp\",\"width\":300,\"height\":400},{\"@type\":\"BreadcrumbList\",\"@id\":\"https:\\\/\\\/begamer.cz\\\/sk\\\/produkt\\\/urban-trial-playground-sk\\\/#breadcrumb\",\"itemListElement\":[{\"@type\":\"ListItem\",\"position\":1,\"name\":\"Domov\",\"item\":\"https:\\\/\\\/begamer.cz\\\/sk\\\/\"},{\"@type\":\"ListItem\",\"position\":2,\"name\":\"Obchod\",\"item\":\"https:\\\/\\\/begamer.cz\\\/obchod\\\/\"},{\"@type\":\"ListItem\",\"position\":3,\"name\":\"Urban Trial Playground\"}]},{\"@type\":\"WebSite\",\"@id\":\"https:\\\/\\\/begamer.cz\\\/sk\\\/#website\",\"url\":\"https:\\\/\\\/begamer.cz\\\/sk\\\/\",\"name\":\"BeGamer.cz\",\"description\":\"\",\"publisher\":{\"@id\":\"https:\\\/\\\/begamer.cz\\\/sk\\\/#organization\"},\"potentialAction\":[{\"@type\":\"SearchAction\",\"target\":{\"@type\":\"EntryPoint\",\"urlTemplate\":\"https:\\\/\\\/begamer.cz\\\/sk\\\/?s={search_term_string}\"},\"query-input\":{\"@type\":\"PropertyValueSpecification\",\"valueRequired\":true,\"valueName\":\"search_term_string\"}}],\"inLanguage\":\"sk-SK\"},{\"@type\":\"Organization\",\"@id\":\"https:\\\/\\\/begamer.cz\\\/sk\\\/#organization\",\"name\":\"BeGamer.cz\",\"url\":\"https:\\\/\\\/begamer.cz\\\/sk\\\/\",\"logo\":{\"@type\":\"ImageObject\",\"inLanguage\":\"sk-SK\",\"@id\":\"https:\\\/\\\/begamer.cz\\\/sk\\\/#\\\/schema\\\/logo\\\/image\\\/\",\"url\":\"https:\\\/\\\/begamer.cz\\\/wp-content\\\/uploads\\\/2025\\\/07\\\/logo.svg\",\"contentUrl\":\"https:\\\/\\\/begamer.cz\\\/wp-content\\\/uploads\\\/2025\\\/07\\\/logo.svg\",\"caption\":\"BeGamer.cz\"},\"image\":{\"@id\":\"https:\\\/\\\/begamer.cz\\\/sk\\\/#\\\/schema\\\/logo\\\/image\\\/\"}}]}<\/script>\n<!-- \/ Yoast SEO plugin. -->","yoast_head_json":{"title":"Urban Trial Playground | BeGamer.cz","robots":{"index":"index","follow":"follow","max-snippet":"max-snippet:-1","max-image-preview":"max-image-preview:large","max-video-preview":"max-video-preview:-1"},"canonical":"https:\/\/begamer.cz\/sk\/produkt\/urban-trial-playground-sk\/","og_locale":"sk_SK","og_type":"article","og_title":"Urban Trial Playground | BeGamer.cz","og_description":"Tento nov\u00fd diel s\u00e9rie z\u00e1vodov s kaskad\u00e9rskymi motorkami pres\u00fava akciu z mestsk\u00fdch ul\u00edc priamo na slne\u010dn\u00e9 a farebn\u00e9 pl\u00e1\u017ee Kalifornie, kde sa mie\u0161aj\u00fa e\u0161te \u0161ialenej\u0161ie triky, salta a kombin\u00e1cie ako kedyko\u013evek predt\u00fdm. Je to hra r\u00fdchlosti, rovnov\u00e1hy a \u0161t\u00fdlu!","og_url":"https:\/\/begamer.cz\/sk\/produkt\/urban-trial-playground-sk\/","og_site_name":"BeGamer.cz","article_modified_time":"2026-03-11T08:46:09+00:00","og_image":[{"width":300,"height":400,"url":"https:\/\/begamer.cz\/wp-content\/uploads\/2026\/01\/urban-trial-playground-6.webp","type":"image\/webp"}],"twitter_card":"summary_large_image","twitter_misc":{"Predpokladan\u00fd \u010das \u010d\u00edtania":"2 min\u00faty"},"schema":{"@context":"https:\/\/schema.org","@graph":[{"@type":"WebPage","@id":"https:\/\/begamer.cz\/sk\/produkt\/urban-trial-playground-sk\/","url":"https:\/\/begamer.cz\/sk\/produkt\/urban-trial-playground-sk\/","name":"Urban Trial Playground | BeGamer.cz","isPartOf":{"@id":"https:\/\/begamer.cz\/sk\/#website"},"primaryImageOfPage":{"@id":"https:\/\/begamer.cz\/sk\/produkt\/urban-trial-playground-sk\/#primaryimage"},"image":{"@id":"https:\/\/begamer.cz\/sk\/produkt\/urban-trial-playground-sk\/#primaryimage"},"thumbnailUrl":"https:\/\/begamer.cz\/wp-content\/uploads\/2026\/01\/urban-trial-playground-6.webp","datePublished":"2026-01-30T17:32:29+00:00","dateModified":"2026-03-11T08:46:09+00:00","breadcrumb":{"@id":"https:\/\/begamer.cz\/sk\/produkt\/urban-trial-playground-sk\/#breadcrumb"},"inLanguage":"sk-SK","potentialAction":[{"@type":"ReadAction","target":["https:\/\/begamer.cz\/sk\/produkt\/urban-trial-playground-sk\/"]}]},{"@type":"ImageObject","inLanguage":"sk-SK","@id":"https:\/\/begamer.cz\/sk\/produkt\/urban-trial-playground-sk\/#primaryimage","url":"https:\/\/begamer.cz\/wp-content\/uploads\/2026\/01\/urban-trial-playground-6.webp","contentUrl":"https:\/\/begamer.cz\/wp-content\/uploads\/2026\/01\/urban-trial-playground-6.webp","width":300,"height":400},{"@type":"BreadcrumbList","@id":"https:\/\/begamer.cz\/sk\/produkt\/urban-trial-playground-sk\/#breadcrumb","itemListElement":[{"@type":"ListItem","position":1,"name":"Domov","item":"https:\/\/begamer.cz\/sk\/"},{"@type":"ListItem","position":2,"name":"Obchod","item":"https:\/\/begamer.cz\/obchod\/"},{"@type":"ListItem","position":3,"name":"Urban Trial Playground"}]},{"@type":"WebSite","@id":"https:\/\/begamer.cz\/sk\/#website","url":"https:\/\/begamer.cz\/sk\/","name":"BeGamer.cz","description":"","publisher":{"@id":"https:\/\/begamer.cz\/sk\/#organization"},"potentialAction":[{"@type":"SearchAction","target":{"@type":"EntryPoint","urlTemplate":"https:\/\/begamer.cz\/sk\/?s={search_term_string}"},"query-input":{"@type":"PropertyValueSpecification","valueRequired":true,"valueName":"search_term_string"}}],"inLanguage":"sk-SK"},{"@type":"Organization","@id":"https:\/\/begamer.cz\/sk\/#organization","name":"BeGamer.cz","url":"https:\/\/begamer.cz\/sk\/","logo":{"@type":"ImageObject","inLanguage":"sk-SK","@id":"https:\/\/begamer.cz\/sk\/#\/schema\/logo\/image\/","url":"https:\/\/begamer.cz\/wp-content\/uploads\/2025\/07\/logo.svg","contentUrl":"https:\/\/begamer.cz\/wp-content\/uploads\/2025\/07\/logo.svg","caption":"BeGamer.cz"},"image":{"@id":"https:\/\/begamer.cz\/sk\/#\/schema\/logo\/image\/"}}]}},"acf":[],"_links":{"self":[{"href":"https:\/\/begamer.cz\/sk\/wp-json\/wp\/v2\/product\/101588","targetHints":{"allow":["GET"]}}],"collection":[{"href":"https:\/\/begamer.cz\/sk\/wp-json\/wp\/v2\/product"}],"about":[{"href":"https:\/\/begamer.cz\/sk\/wp-json\/wp\/v2\/types\/product"}],"replies":[{"embeddable":true,"href":"https:\/\/begamer.cz\/sk\/wp-json\/wp\/v2\/comments?post=101588"}],"wp:featuredmedia":[{"embeddable":true,"href":"https:\/\/begamer.cz\/sk\/wp-json\/wp\/v2\/media\/82978"}],"wp:attachment":[{"href":"https:\/\/begamer.cz\/sk\/wp-json\/wp\/v2\/media?parent=101588"}],"wp:term":[{"taxonomy":"product_brand","embeddable":true,"href":"https:\/\/begamer.cz\/sk\/wp-json\/wp\/v2\/product_brand?post=101588"},{"taxonomy":"product_cat","embeddable":true,"href":"https:\/\/begamer.cz\/sk\/wp-json\/wp\/v2\/product_cat?post=101588"},{"taxonomy":"product_tag","embeddable":true,"href":"https:\/\/begamer.cz\/sk\/wp-json\/wp\/v2\/product_tag?post=101588"}],"curies":[{"name":"wp","href":"https:\/\/api.w.org\/{rel}","templated":true}]}}