{"id":101570,"date":"2026-01-30T18:32:09","date_gmt":"2026-01-30T17:32:09","guid":{"rendered":"https:\/\/begamer.cz\/produkt\/tales-tactics-sk\/"},"modified":"2026-03-11T09:43:40","modified_gmt":"2026-03-11T08:43:40","slug":"tales-tactics-sk","status":"publish","type":"product","link":"https:\/\/begamer.cz\/sk\/produkt\/tales-tactics-sk\/","title":{"rendered":"Tales & Tactics"},"content":{"rendered":"<p>Tales &amp; Tactics sp\u00e1ja roguelike strat\u00e9giu s automatick\u00fdmi bojmi zalo\u017een\u00fdmi na t\u00edmovej spolupr\u00e1ci. Za\u017eite jedine\u010dn\u00fd strategick\u00fd z\u00e1\u017eitok \u0161it\u00fd na mieru pre dobrodru\u017estvo jedn\u00e9ho hr\u00e1\u010da. Neexistuj\u00fa \u017eiadne \u010dasov\u00e9 limity ani tlak \u2013 m\u00e1te v\u0161etok \u010das na svete, aby ste sa zozn\u00e1mili s mechanikou hry a postavami a spr\u00e1vne napl\u00e1novali strat\u00e9giu pre boj, ktor\u00fd v\u00e1s \u010dak\u00e1.<\/p>\n<p><span class=\"bb_img_ctn\"><video class=\"bb_img\" autoplay muted loop playsinline poster=\"https:\/\/shared.akamai.steamstatic.com\/store_item_assets\/steam\/apps\/1652250\/extras\/80271bcd2d7fbe5f906375dc740bca3d.poster.avif?t=1755271268\" width=600 height=200 ><source src=\"https:\/\/shared.akamai.steamstatic.com\/store_item_assets\/steam\/apps\/1652250\/extras\/80271bcd2d7fbe5f906375dc740bca3d.webm?t=1755271268\" type=\"video\/webm; codecs=vp9\"><source src=\"https:\/\/shared.akamai.steamstatic.com\/store_item_assets\/steam\/apps\/1652250\/extras\/80271bcd2d7fbe5f906375dc740bca3d.mp4?t=1755271268\" type=\"video\/mp4\"><\/video><\/span><\/p>\n<p>Vodte pr\u00edbeh svojej postavy na ceste k sl\u00e1vnemu v\u00ed\u0165azstvu v The Grand Tournament, ka\u017edoro\u010dnej ultim\u00e1tnej sk\u00fa\u0161ke zru\u010dnost\u00ed. Postupujte v dobrodru\u017estve pre jedn\u00e9ho hr\u00e1\u010da cez 3 dejstv\u00e1, bojujte s rivalmi a divok\u00fdmi bossmi.<\/p>\n<p>Vytvorte t\u00edm jednotiek z \u0161irokej \u0161k\u00e1ly bojovn\u00edkov \u2013 od Fae, drakov a stromov\u00fdch \u013eud\u00ed a\u017e po kostlivcov, gh\u00falov a orkov! Zostavte t\u00edm tankov, lie\u010dite\u013eov, m\u00e1gov, in\u017einierov a \u010fal\u0161\u00edch \u2013 vyu\u017eite ich synergie, aby ste zvr\u00e1tili priebeh boja vo svoj prospech.<\/p>\n<p><span class=\"bb_img_ctn\"><video class=\"bb_img\" autoplay muted loop playsinline poster=\"https:\/\/shared.akamai.steamstatic.com\/store_item_assets\/steam\/apps\/1652250\/extras\/15378da37f6a4c7ce5dd754d1d439147.poster.avif?t=1755271268\" width=598 height=232 ><source src=\"https:\/\/shared.akamai.steamstatic.com\/store_item_assets\/steam\/apps\/1652250\/extras\/15378da37f6a4c7ce5dd754d1d439147.webm?t=1755271268\" type=\"video\/webm; codecs=vp9\"><source src=\"https:\/\/shared.akamai.steamstatic.com\/store_item_assets\/steam\/apps\/1652250\/extras\/15378da37f6a4c7ce5dd754d1d439147.mp4?t=1755271268\" type=\"video\/mp4\"><\/video><\/span><\/p>\n<p>N\u00e1jdite siln\u00e9 vybavenie pre svoje jednotky, roz\u0161irujte svoju arm\u00e1du, odomykajte nov\u00e9 a silnej\u0161ie \u00farovne jednotiek a z\u00edskavajte jedine\u010dn\u00e9 v\u00fdhody za postup na vy\u0161\u0161iu \u00farove\u0148, ktor\u00e9 v\u00e1m pom\u00f4\u017eu na va\u0161ej ceste. \u017diadne dve hry nebud\u00fa ma\u0165 rovnak\u00e9 odmeny \u2013 a je len na v\u00e1s, aby ste zostavili \u010do najsilnej\u0161\u00ed t\u00edm.<\/p>\n<p>Odomknite nov\u00e9 funkcie s ka\u017edou hrou \u2013 bez oh\u013eadu na to, \u010di vyhr\u00e1te alebo prehr\u00e1te. Z\u00edskajte nov\u00e9 v\u00fdhody, jednotky, predmety a \u010fal\u0161ie veci v\u010faka syst\u00e9mu odomknutia, ktor\u00fd uprednost\u0148uje roz\u0161irovanie h\u013abky namiesto poskytovania v\u00e4\u010d\u0161ej sily. Ka\u017ed\u00e9 z t\u00fdchto odomknut\u00ed m\u00f4\u017eete deaktivova\u0165, tak\u017ee nov\u00e9 syst\u00e9my a mechaniky m\u00f4\u017eete rozbieha\u0165 svoj\u00edm vlastn\u00fdm tempom.<\/p>\n<p><span class=\"bb_img_ctn\"><video class=\"bb_img\" autoplay muted loop playsinline poster=\"https:\/\/shared.akamai.steamstatic.com\/store_item_assets\/steam\/apps\/1652250\/extras\/1f155931a8ab779bfd7d1a45ccd29f39.poster.avif?t=1755271268\" width=600 height=212 ><source src=\"https:\/\/shared.akamai.steamstatic.com\/store_item_assets\/steam\/apps\/1652250\/extras\/1f155931a8ab779bfd7d1a45ccd29f39.webm?t=1755271268\" type=\"video\/webm; codecs=vp9\"><source src=\"https:\/\/shared.akamai.steamstatic.com\/store_item_assets\/steam\/apps\/1652250\/extras\/1f155931a8ab779bfd7d1a45ccd29f39.mp4?t=1755271268\" type=\"video\/mp4\"><\/video><\/span><\/p>\n<p>Akon\u00e1hle sa osved\u010d\u00edte vo Ve\u013ekom turnaji, sk\u00faste zdola\u0165 V\u00fdzvu, ktor\u00e1 prid\u00e1va n\u00e1ro\u010dnej\u0161ie obtia\u017enosti a vzru\u0161uj\u00face nov\u00e9 mechaniky do nasleduj\u00facich sk\u00fa\u0161ok. Alebo si vysk\u00fa\u0161ajte asynchr\u00f3nne PVP \u2013 bojujte s hr\u00e1\u010dmi z cel\u00e9ho sveta v skuto\u010dnom prejave taktiky a strat\u00e9gie!<\/p>\n<p><strong><\/p>\n<h2 class=\"bb_tag\" >Funkcie:<\/h2>\n<p><\/strong><\/p>\n<ul class=\"bb_ul\">\n<li>Plnohodnotn\u00e9 roguelike dobrodru\u017estvo pre jedn\u00e9ho hr\u00e1\u010da Auto-Battler<\/li>\n<li>Hodnoten\u00fd a nehodnoten\u00fd PVP<\/li>\n<li>Viac ako 200 predmetov<\/li>\n<li>Viac ako 200 v\u00fdhod<\/li>\n<li>Viac ako 100 jednotiek<\/li>\n<li>Unik\u00e1tne synergie vlastnost\u00ed<\/li>\n<li>15 \u00farovn\u00ed obtia\u017enosti, ktor\u00e9 treba prekona\u0165<\/li>\n<li>Vlastn\u00e1 obtia\u017enos\u0165<\/li>\n<li>Syst\u00e9m odomykania \u201eAt Your Pace\u201c<\/li>\n<\/ul>\n","protected":false},"excerpt":{"rendered":"<p>Roguelike t\u00edmov\u00e1 automatick\u00e1 bojov\u00e1 hra v prostred\u00ed stolovej RPG hry. Vytvorte si arm\u00e1du, starostlivo vybavte a rozmiestnite svoje jednotky, urobte d\u00f4le\u017eit\u00e9 rozhodnutia a stretnite sa s pestr\u00fdmi postavami, zatia\u013e \u010do sa pripravujete na ve\u013ek\u00fd turnaj.<\/p>\n","protected":false},"featured_media":82786,"comment_status":"open","ping_status":"closed","template":"","meta":{"_acf_changed":false},"product_brand":[],"product_cat":[270,290,268,266,308,312,318],"product_tag":[],"class_list":{"0":"post-101570","1":"product","2":"type-product","3":"status-publish","4":"has-post-thumbnail","6":"product_cat-adventury-pc-hry-sk","7":"product_cat-indie-hry-pc-sk","8":"product_cat-pc-sk","9":"product_cat-pc-hry-sk","10":"product_cat-rpg-pc-hry-sk","11":"product_cat-steam-pc-sk","12":"product_cat-strategie-pc-hry-sk","13":"pa_audio-en-us","15":"pa_countries-ad","16":"pa_countries-ae","17":"pa_countries-af","18":"pa_countries-ag","19":"pa_countries-ai","20":"pa_countries-al","21":"pa_countries-am","22":"pa_countries-ao","23":"pa_countries-aq","24":"pa_countries-ar","25":"pa_countries-as","26":"pa_countries-at","27":"pa_countries-au","28":"pa_countries-aw","29":"pa_countries-ax","30":"pa_countries-az","31":"pa_countries-ba","32":"pa_countries-bb","33":"pa_countries-bd","34":"pa_countries-be","35":"pa_countries-bf","36":"pa_countries-bg","37":"pa_countries-bh","38":"pa_countries-bi","39":"pa_countries-bj","40":"pa_countries-bl","41":"pa_countries-bm","42":"pa_countries-bn","43":"pa_countries-bo","44":"pa_countries-bq","45":"pa_countries-br","46":"pa_countries-bs","47":"pa_countries-bt","48":"pa_countries-bv","49":"pa_countries-bw","50":"pa_countries-bz","51":"pa_countries-ca","52":"pa_countries-cc","53":"pa_countries-cd","54":"pa_countries-cf","55":"pa_countries-cg","56":"pa_countries-ch","57":"pa_countries-ci","58":"pa_countries-ck","59":"pa_countries-cl","60":"pa_countries-cm","61":"pa_countries-cn","62":"pa_countries-co","63":"pa_countries-cr","64":"pa_countries-cu","65":"pa_countries-cv","66":"pa_countries-cw","67":"pa_countries-cx","68":"pa_countries-cy","69":"pa_countries-cz","70":"pa_countries-de","71":"pa_countries-dj","72":"pa_countries-dk","73":"pa_countries-dm","74":"pa_countries-do","75":"pa_countries-dz","76":"pa_countries-ec","77":"pa_countries-ee","78":"pa_countries-eg","79":"pa_countries-eh","80":"pa_countries-er","81":"pa_countries-es","82":"pa_countries-et","83":"pa_countries-fi","84":"pa_countries-fj","85":"pa_countries-fk","86":"pa_countries-fm","87":"pa_countries-fo","88":"pa_countries-fr","89":"pa_countries-ga","90":"pa_countries-gb","91":"pa_countries-gd","92":"pa_countries-ge","93":"pa_countries-gf","94":"pa_countries-gg","95":"pa_countries-gh","96":"pa_countries-gi","97":"pa_countries-gl","98":"pa_countries-gm","99":"pa_countries-gn","100":"pa_countries-gp","101":"pa_countries-gq","102":"pa_countries-gr","103":"pa_countries-gs","104":"pa_countries-gt","105":"pa_countries-gu","106":"pa_countries-gw","107":"pa_countries-gy","108":"pa_countries-hk","109":"pa_countries-hm","110":"pa_countries-hn","111":"pa_countries-hr","112":"pa_countries-ht","113":"pa_countries-hu","114":"pa_countries-id","115":"pa_countries-ie","116":"pa_countries-il","117":"pa_countries-im","118":"pa_countries-in","119":"pa_countries-io","120":"pa_countries-iq","121":"pa_countries-ir","122":"pa_countries-is","123":"pa_countries-it","124":"pa_countries-je","125":"pa_countries-jm","126":"pa_countries-jo","127":"pa_countries-jp","128":"pa_countries-ke","129":"pa_countries-kg","130":"pa_countries-kh","131":"pa_countries-ki","132":"pa_countries-km","133":"pa_countries-kn","134":"pa_countries-kp","135":"pa_countries-kr","136":"pa_countries-kw","137":"pa_countries-ky","138":"pa_countries-kz","139":"pa_countries-la","140":"pa_countries-lb","141":"pa_countries-lc","142":"pa_countries-li","143":"pa_countries-lk","144":"pa_countries-lr","145":"pa_countries-ls","146":"pa_countries-lt","147":"pa_countries-lu","148":"pa_countries-lv","149":"pa_countries-ly","150":"pa_countries-ma","151":"pa_countries-mc","152":"pa_countries-md","153":"pa_countries-me","154":"pa_countries-mf","155":"pa_countries-mg","156":"pa_countries-mh","157":"pa_countries-mk","158":"pa_countries-ml","159":"pa_countries-mm","160":"pa_countries-mn","161":"pa_countries-mo","162":"pa_countries-mp","163":"pa_countries-mq","164":"pa_countries-mr","165":"pa_countries-ms","166":"pa_countries-mt","167":"pa_countries-mu","168":"pa_countries-mv","169":"pa_countries-mw","170":"pa_countries-mx","171":"pa_countries-my","172":"pa_countries-mz","173":"pa_countries-na","174":"pa_countries-nc","175":"pa_countries-ne","176":"pa_countries-nf","177":"pa_countries-ng","178":"pa_countries-ni","179":"pa_countries-nl","180":"pa_countries-no","181":"pa_countries-np","182":"pa_countries-nr","183":"pa_countries-nu","184":"pa_countries-nz","185":"pa_countries-om","186":"pa_countries-pa","187":"pa_countries-pe","188":"pa_countries-pf","189":"pa_countries-pg","190":"pa_countries-ph","191":"pa_countries-pk","192":"pa_countries-pl","193":"pa_countries-pm","194":"pa_countries-pn","195":"pa_countries-pr","196":"pa_countries-ps","197":"pa_countries-pt","198":"pa_countries-pw","199":"pa_countries-py","200":"pa_countries-qa","201":"pa_countries-re","202":"pa_countries-ro","203":"pa_countries-rs","204":"pa_countries-rw","205":"pa_countries-sa","206":"pa_countries-sb","207":"pa_countries-sc","208":"pa_countries-sd","209":"pa_countries-se","210":"pa_countries-sg","211":"pa_countries-sh","212":"pa_countries-si","213":"pa_countries-sj","214":"pa_countries-sk","215":"pa_countries-sl","216":"pa_countries-sm","217":"pa_countries-sn","218":"pa_countries-so","219":"pa_countries-sr","220":"pa_countries-ss","222":"pa_countries-st","223":"pa_countries-sv","224":"pa_countries-sx","225":"pa_countries-sy","226":"pa_countries-sz","227":"pa_countries-tc","228":"pa_countries-td","229":"pa_countries-tf","230":"pa_countries-tg","231":"pa_countries-th","232":"pa_countries-tj","233":"pa_countries-tk","234":"pa_countries-tl","235":"pa_countries-tm","236":"pa_countries-tn","237":"pa_countries-to","238":"pa_countries-tr","239":"pa_countries-tt","240":"pa_countries-tv","241":"pa_countries-tw","242":"pa_countries-tz","243":"pa_countries-ua","244":"pa_countries-ug","245":"pa_countries-um","246":"pa_countries-us","247":"pa_countries-uy","248":"pa_countries-uz","249":"pa_countries-va","250":"pa_countries-vc","251":"pa_countries-ve","252":"pa_countries-vg","253":"pa_countries-vi","254":"pa_countries-vn","255":"pa_countries-vu","256":"pa_countries-wf","257":"pa_countries-ws","258":"pa_countries-xk","259":"pa_countries-ye","260":"pa_countries-yt","261":"pa_countries-za","262":"pa_countries-zm","263":"pa_countries-zw","264":"pa_game_type-main_game","266":"pa_genres-adventure","267":"pa_genres-indie","269":"pa_genres-role-playing-rpg","270":"pa_genres-strategy","271":"pa_interface-en-us","272":"pa_interface-ko-kr","273":"pa_interface-ru-ru","275":"pa_interface-zh-tw","276":"pa_modes-single-player","278":"pa_platform-pc-steam","280":"pa_rating-14494","281":"pa_rating-1292","282":"pa_region-global","284":"pa_subtitles-ko-kr","285":"pa_subtitles-ru-ru","287":"pa_subtitles-zh-cn","288":"pa_subtitles-zh-tw","290":"first","291":"instock","292":"virtual","293":"taxable","294":"purchasable","295":"product-type-simple"},"yoast_head":"<!-- This site is optimized with the Yoast SEO plugin v27.3 - https:\/\/yoast.com\/product\/yoast-seo-wordpress\/ -->\n<title>Tales &amp; Tactics | BeGamer.cz<\/title>\n<meta name=\"robots\" content=\"index, follow, max-snippet:-1, max-image-preview:large, max-video-preview:-1\" \/>\n<link rel=\"canonical\" href=\"https:\/\/begamer.cz\/sk\/produkt\/tales-tactics-sk\/\" \/>\n<meta property=\"og:locale\" content=\"sk_SK\" \/>\n<meta property=\"og:type\" content=\"article\" \/>\n<meta property=\"og:title\" content=\"Tales &amp; Tactics | BeGamer.cz\" \/>\n<meta property=\"og:description\" content=\"Roguelike t\u00edmov\u00e1 automatick\u00e1 bojov\u00e1 hra v prostred\u00ed stolovej RPG hry. Vytvorte si arm\u00e1du, starostlivo vybavte a rozmiestnite svoje jednotky, urobte d\u00f4le\u017eit\u00e9 rozhodnutia a stretnite sa s pestr\u00fdmi postavami, zatia\u013e \u010do sa pripravujete na ve\u013ek\u00fd turnaj.\" \/>\n<meta property=\"og:url\" content=\"https:\/\/begamer.cz\/sk\/produkt\/tales-tactics-sk\/\" \/>\n<meta property=\"og:site_name\" content=\"BeGamer.cz\" \/>\n<meta property=\"article:modified_time\" content=\"2026-03-11T08:43:40+00:00\" \/>\n<meta property=\"og:image\" content=\"https:\/\/begamer.cz\/wp-content\/uploads\/2026\/01\/tales-and-tactics-6.webp\" \/>\n\t<meta property=\"og:image:width\" content=\"300\" \/>\n\t<meta property=\"og:image:height\" content=\"400\" \/>\n\t<meta property=\"og:image:type\" content=\"image\/webp\" \/>\n<meta name=\"twitter:card\" content=\"summary_large_image\" \/>\n<meta name=\"twitter:label1\" content=\"Predpokladan\u00fd \u010das \u010d\u00edtania\" \/>\n\t<meta name=\"twitter:data1\" content=\"2 min\u00faty\" \/>\n<script type=\"application\/ld+json\" class=\"yoast-schema-graph\">{\"@context\":\"https:\\\/\\\/schema.org\",\"@graph\":[{\"@type\":\"WebPage\",\"@id\":\"https:\\\/\\\/begamer.cz\\\/sk\\\/produkt\\\/tales-tactics-sk\\\/\",\"url\":\"https:\\\/\\\/begamer.cz\\\/sk\\\/produkt\\\/tales-tactics-sk\\\/\",\"name\":\"Tales & Tactics | BeGamer.cz\",\"isPartOf\":{\"@id\":\"https:\\\/\\\/begamer.cz\\\/sk\\\/#website\"},\"primaryImageOfPage\":{\"@id\":\"https:\\\/\\\/begamer.cz\\\/sk\\\/produkt\\\/tales-tactics-sk\\\/#primaryimage\"},\"image\":{\"@id\":\"https:\\\/\\\/begamer.cz\\\/sk\\\/produkt\\\/tales-tactics-sk\\\/#primaryimage\"},\"thumbnailUrl\":\"https:\\\/\\\/begamer.cz\\\/wp-content\\\/uploads\\\/2026\\\/01\\\/tales-and-tactics-6.webp\",\"datePublished\":\"2026-01-30T17:32:09+00:00\",\"dateModified\":\"2026-03-11T08:43:40+00:00\",\"breadcrumb\":{\"@id\":\"https:\\\/\\\/begamer.cz\\\/sk\\\/produkt\\\/tales-tactics-sk\\\/#breadcrumb\"},\"inLanguage\":\"sk-SK\",\"potentialAction\":[{\"@type\":\"ReadAction\",\"target\":[\"https:\\\/\\\/begamer.cz\\\/sk\\\/produkt\\\/tales-tactics-sk\\\/\"]}]},{\"@type\":\"ImageObject\",\"inLanguage\":\"sk-SK\",\"@id\":\"https:\\\/\\\/begamer.cz\\\/sk\\\/produkt\\\/tales-tactics-sk\\\/#primaryimage\",\"url\":\"https:\\\/\\\/begamer.cz\\\/wp-content\\\/uploads\\\/2026\\\/01\\\/tales-and-tactics-6.webp\",\"contentUrl\":\"https:\\\/\\\/begamer.cz\\\/wp-content\\\/uploads\\\/2026\\\/01\\\/tales-and-tactics-6.webp\",\"width\":300,\"height\":400},{\"@type\":\"BreadcrumbList\",\"@id\":\"https:\\\/\\\/begamer.cz\\\/sk\\\/produkt\\\/tales-tactics-sk\\\/#breadcrumb\",\"itemListElement\":[{\"@type\":\"ListItem\",\"position\":1,\"name\":\"Domov\",\"item\":\"https:\\\/\\\/begamer.cz\\\/sk\\\/\"},{\"@type\":\"ListItem\",\"position\":2,\"name\":\"Obchod\",\"item\":\"https:\\\/\\\/begamer.cz\\\/obchod\\\/\"},{\"@type\":\"ListItem\",\"position\":3,\"name\":\"Tales & Tactics\"}]},{\"@type\":\"WebSite\",\"@id\":\"https:\\\/\\\/begamer.cz\\\/sk\\\/#website\",\"url\":\"https:\\\/\\\/begamer.cz\\\/sk\\\/\",\"name\":\"BeGamer.cz\",\"description\":\"\",\"publisher\":{\"@id\":\"https:\\\/\\\/begamer.cz\\\/sk\\\/#organization\"},\"potentialAction\":[{\"@type\":\"SearchAction\",\"target\":{\"@type\":\"EntryPoint\",\"urlTemplate\":\"https:\\\/\\\/begamer.cz\\\/sk\\\/?s={search_term_string}\"},\"query-input\":{\"@type\":\"PropertyValueSpecification\",\"valueRequired\":true,\"valueName\":\"search_term_string\"}}],\"inLanguage\":\"sk-SK\"},{\"@type\":\"Organization\",\"@id\":\"https:\\\/\\\/begamer.cz\\\/sk\\\/#organization\",\"name\":\"BeGamer.cz\",\"url\":\"https:\\\/\\\/begamer.cz\\\/sk\\\/\",\"logo\":{\"@type\":\"ImageObject\",\"inLanguage\":\"sk-SK\",\"@id\":\"https:\\\/\\\/begamer.cz\\\/sk\\\/#\\\/schema\\\/logo\\\/image\\\/\",\"url\":\"https:\\\/\\\/begamer.cz\\\/wp-content\\\/uploads\\\/2025\\\/07\\\/logo.svg\",\"contentUrl\":\"https:\\\/\\\/begamer.cz\\\/wp-content\\\/uploads\\\/2025\\\/07\\\/logo.svg\",\"caption\":\"BeGamer.cz\"},\"image\":{\"@id\":\"https:\\\/\\\/begamer.cz\\\/sk\\\/#\\\/schema\\\/logo\\\/image\\\/\"}}]}<\/script>\n<!-- \/ Yoast SEO plugin. -->","yoast_head_json":{"title":"Tales & Tactics | BeGamer.cz","robots":{"index":"index","follow":"follow","max-snippet":"max-snippet:-1","max-image-preview":"max-image-preview:large","max-video-preview":"max-video-preview:-1"},"canonical":"https:\/\/begamer.cz\/sk\/produkt\/tales-tactics-sk\/","og_locale":"sk_SK","og_type":"article","og_title":"Tales & Tactics | BeGamer.cz","og_description":"Roguelike t\u00edmov\u00e1 automatick\u00e1 bojov\u00e1 hra v prostred\u00ed stolovej RPG hry. Vytvorte si arm\u00e1du, starostlivo vybavte a rozmiestnite svoje jednotky, urobte d\u00f4le\u017eit\u00e9 rozhodnutia a stretnite sa s pestr\u00fdmi postavami, zatia\u013e \u010do sa pripravujete na ve\u013ek\u00fd turnaj.","og_url":"https:\/\/begamer.cz\/sk\/produkt\/tales-tactics-sk\/","og_site_name":"BeGamer.cz","article_modified_time":"2026-03-11T08:43:40+00:00","og_image":[{"width":300,"height":400,"url":"https:\/\/begamer.cz\/wp-content\/uploads\/2026\/01\/tales-and-tactics-6.webp","type":"image\/webp"}],"twitter_card":"summary_large_image","twitter_misc":{"Predpokladan\u00fd \u010das \u010d\u00edtania":"2 min\u00faty"},"schema":{"@context":"https:\/\/schema.org","@graph":[{"@type":"WebPage","@id":"https:\/\/begamer.cz\/sk\/produkt\/tales-tactics-sk\/","url":"https:\/\/begamer.cz\/sk\/produkt\/tales-tactics-sk\/","name":"Tales & Tactics | BeGamer.cz","isPartOf":{"@id":"https:\/\/begamer.cz\/sk\/#website"},"primaryImageOfPage":{"@id":"https:\/\/begamer.cz\/sk\/produkt\/tales-tactics-sk\/#primaryimage"},"image":{"@id":"https:\/\/begamer.cz\/sk\/produkt\/tales-tactics-sk\/#primaryimage"},"thumbnailUrl":"https:\/\/begamer.cz\/wp-content\/uploads\/2026\/01\/tales-and-tactics-6.webp","datePublished":"2026-01-30T17:32:09+00:00","dateModified":"2026-03-11T08:43:40+00:00","breadcrumb":{"@id":"https:\/\/begamer.cz\/sk\/produkt\/tales-tactics-sk\/#breadcrumb"},"inLanguage":"sk-SK","potentialAction":[{"@type":"ReadAction","target":["https:\/\/begamer.cz\/sk\/produkt\/tales-tactics-sk\/"]}]},{"@type":"ImageObject","inLanguage":"sk-SK","@id":"https:\/\/begamer.cz\/sk\/produkt\/tales-tactics-sk\/#primaryimage","url":"https:\/\/begamer.cz\/wp-content\/uploads\/2026\/01\/tales-and-tactics-6.webp","contentUrl":"https:\/\/begamer.cz\/wp-content\/uploads\/2026\/01\/tales-and-tactics-6.webp","width":300,"height":400},{"@type":"BreadcrumbList","@id":"https:\/\/begamer.cz\/sk\/produkt\/tales-tactics-sk\/#breadcrumb","itemListElement":[{"@type":"ListItem","position":1,"name":"Domov","item":"https:\/\/begamer.cz\/sk\/"},{"@type":"ListItem","position":2,"name":"Obchod","item":"https:\/\/begamer.cz\/obchod\/"},{"@type":"ListItem","position":3,"name":"Tales & Tactics"}]},{"@type":"WebSite","@id":"https:\/\/begamer.cz\/sk\/#website","url":"https:\/\/begamer.cz\/sk\/","name":"BeGamer.cz","description":"","publisher":{"@id":"https:\/\/begamer.cz\/sk\/#organization"},"potentialAction":[{"@type":"SearchAction","target":{"@type":"EntryPoint","urlTemplate":"https:\/\/begamer.cz\/sk\/?s={search_term_string}"},"query-input":{"@type":"PropertyValueSpecification","valueRequired":true,"valueName":"search_term_string"}}],"inLanguage":"sk-SK"},{"@type":"Organization","@id":"https:\/\/begamer.cz\/sk\/#organization","name":"BeGamer.cz","url":"https:\/\/begamer.cz\/sk\/","logo":{"@type":"ImageObject","inLanguage":"sk-SK","@id":"https:\/\/begamer.cz\/sk\/#\/schema\/logo\/image\/","url":"https:\/\/begamer.cz\/wp-content\/uploads\/2025\/07\/logo.svg","contentUrl":"https:\/\/begamer.cz\/wp-content\/uploads\/2025\/07\/logo.svg","caption":"BeGamer.cz"},"image":{"@id":"https:\/\/begamer.cz\/sk\/#\/schema\/logo\/image\/"}}]}},"acf":[],"_links":{"self":[{"href":"https:\/\/begamer.cz\/sk\/wp-json\/wp\/v2\/product\/101570","targetHints":{"allow":["GET"]}}],"collection":[{"href":"https:\/\/begamer.cz\/sk\/wp-json\/wp\/v2\/product"}],"about":[{"href":"https:\/\/begamer.cz\/sk\/wp-json\/wp\/v2\/types\/product"}],"replies":[{"embeddable":true,"href":"https:\/\/begamer.cz\/sk\/wp-json\/wp\/v2\/comments?post=101570"}],"wp:featuredmedia":[{"embeddable":true,"href":"https:\/\/begamer.cz\/sk\/wp-json\/wp\/v2\/media\/82786"}],"wp:attachment":[{"href":"https:\/\/begamer.cz\/sk\/wp-json\/wp\/v2\/media?parent=101570"}],"wp:term":[{"taxonomy":"product_brand","embeddable":true,"href":"https:\/\/begamer.cz\/sk\/wp-json\/wp\/v2\/product_brand?post=101570"},{"taxonomy":"product_cat","embeddable":true,"href":"https:\/\/begamer.cz\/sk\/wp-json\/wp\/v2\/product_cat?post=101570"},{"taxonomy":"product_tag","embeddable":true,"href":"https:\/\/begamer.cz\/sk\/wp-json\/wp\/v2\/product_tag?post=101570"}],"curies":[{"name":"wp","href":"https:\/\/api.w.org\/{rel}","templated":true}]}}