{"id":101528,"date":"2026-01-30T18:31:04","date_gmt":"2026-01-30T17:31:04","guid":{"rendered":"https:\/\/begamer.cz\/produkt\/worms-ultimate-mayhem-sk\/"},"modified":"2026-03-11T09:39:11","modified_gmt":"2026-03-11T08:39:11","slug":"worms-ultimate-mayhem-sk","status":"publish","type":"product","link":"https:\/\/begamer.cz\/sk\/produkt\/worms-ultimate-mayhem-sk\/","title":{"rendered":"Worms: Ultimate Mayhem"},"content":{"rendered":"<p><strong>Worms\u2122: Ultimate Mayhem<\/strong> je definit\u00edvna 3D hra \u201eWorms\u2122\u201c! Nabite svoje zbrane a za\u017eite \u00faplne nov\u00fa dimenziu de\u0161trukt\u00edvnej \u0165ahovej akcie v kreslenom \u0161t\u00fdle! Prechod hry do 3D prin\u00e1\u0161a \u00faplne nov\u00e9 strategick\u00e9 a hern\u00e9 mo\u017enosti. S viac ako 70 misiami a v\u00fdzvami pre jedn\u00e9ho hr\u00e1\u010da, online a lok\u00e1lnym multiplayerom pre a\u017e 4 hr\u00e1\u010dov, 5 multiplayerov\u00fdmi re\u017eimami, \u00faspechmi na Steame, bezprecedentn\u00fdm prisp\u00f4soben\u00edm \u010derv\u00edkov aj zbran\u00ed a \u00faplne de\u0161trukt\u00edvnym prostred\u00edm je t\u00e1to hra pln\u00e1 anarchick\u00e9ho chaosu. Bojujte a rie\u0161te h\u00e1danky vo v\u0161etk\u00fdch misi\u00e1ch z hier \u201eWorms\u2122 3D\u201c a \u201eWorms\u2122 4: Mayhem\u201c \u2013 v podstate ide o dve hry v jednej. S pridan\u00edm HD grafiky, vylep\u0161en\u00ed hrate\u013enosti a nov\u00e9ho extra obsahu je to ultim\u00e1tna 3D kolekcia \u201eWorms\u2122\u201c!\t\t\t\t\t<\/p>\n<h2 class=\"bb_tag\" >K\u013e\u00fa\u010dov\u00e9 vlastnosti<\/h2>\n<p>\t\t\t\t\t<strong>ROZSIAHLEJ\u0160\u00cd OBSAH PRE JEDN\u00c9HO HR\u00c1\u010cA:<\/strong>\t\t\t\t\t<\/p>\n<ul class=\"bb_ul\">\n<li>\u0160irok\u00e1 \u0161k\u00e1la obsahu pre jedn\u00e9ho hr\u00e1\u010da, ktor\u00e1 zah\u0155\u0148a to najlep\u0161ie z 3D hier \u201eWorms\u2122\u201c, od streleck\u00fdch v\u00fdziev po r\u00fdchlostn\u00e9 behy, zatia\u013e \u010do zbierka bl\u00e1zniv\u00fdch misi\u00ed, prelo\u017een\u00e1 nov\u00fdmi plne nahovoren\u00fdmi narat\u00edvnymi FMV sekvenciami, tvor\u00ed kampa\u0148 pre jedn\u00e9ho hr\u00e1\u010da. Okrem toho, obrovsk\u00e9 mno\u017estvo v\u00fdziev vy\u017eaduje od hr\u00e1\u010da, aby zvl\u00e1dol jednotliv\u00e9 zru\u010dnosti hry (ako napr\u00edklad pilotovanie Jetpacku alebo riadenie pad\u00e1ku), aby mohol splni\u0165 \u00falohy, ako je stre\u013eba na ter\u010de alebo zbieranie ter\u010dov, a to v\u0161etko v \u010dasovom limite.\t\t\t\t\t<\/li>\n<\/ul>\n<p><strong>ONLINE A LOK\u00c1LNY MULTI-PLAYER:<\/strong>\t\t\t\t\t<\/p>\n<ul class=\"bb_ul\">\n<li>Plnohodnotn\u00e1 online hra pre a\u017e 4 hr\u00e1\u010dov v mnoh\u00fdch hern\u00fdch re\u017eimoch, ako s\u00fa \u201eStatue Defend\u201c, \u201eHomelands\u201c alebo jednoducho \u201eDeathmatch\u201c, plus mo\u017enos\u0165 vytvori\u0165 si vlastn\u00e9 nastavenia hry a hra\u0165 proti svojim priate\u013eom! V\u010faka \u0165ahov\u00e9mu charakteru hry je mo\u017en\u00e9 hra\u0165 multiplayer offline na jednej obrazovke.\t\t\t\t\t\t   <\/li>\n<li>Bojujte na n\u00e1hodne generovan\u00fdch ter\u00e9noch, ktor\u00e9 m\u00f4\u017eete dokonca ulo\u017ei\u0165 a zdie\u013ea\u0165, \u010do umo\u017e\u0148uje obrovsk\u00e9 mno\u017estvo mo\u017enost\u00ed m\u00e1p pre viacer\u00fdch hr\u00e1\u010dov!\t\t\t\t\t<\/li>\n<\/ul>\n<p><strong>S\u00da\u0164A\u017dTE:<\/strong>\t\t\t\t\t<\/p>\n<ul class=\"bb_ul\">\n<li>Hrajte \u0161tandardn\u00e9 alebo rebr\u00ed\u010dkov\u00e9 hry v snahe dosta\u0165 sa na rebr\u00ed\u010dek Steam!\t\t\t\t\t<\/li>\n<\/ul>\n<p><strong>ROZSIAHLE MO\u017dNOSTI PRISP\u00d4SOBENIA:<\/strong>\t\t\t\t\t<\/p>\n<ul class=\"bb_ul\">\n<li>Hr\u00e1\u010di m\u00f4\u017eu pomenova\u0165 svoje t\u00edmy, vybra\u0165 si, ak\u00e9 klob\u00faky bud\u00fa ich \u010derv\u00edky nosi\u0165, \u010di bud\u00fa ma\u0165 okuliare, f\u00fazy, \u010do bud\u00fa hovori\u0165, ak\u00e1 vlajka ich bude reprezentova\u0165 a dokonca aj ak\u00fd n\u00e1hrobok po sebe zanechaj\u00fa, ke\u010f zomr\u00fa.\t\t\t\t\t<\/li>\n<\/ul>\n<p><strong>Worms\u2122 ZBRANE A N\u00c1STROJE:<\/strong>\t\t\t\t\t<\/p>\n<ul class=\"bb_ul\">\n<li>Mnoh\u00e9 z klasick\u00fdch zbran\u00ed Worms\u2122 s\u00fa pr\u00edtomn\u00e9 a spr\u00e1vne, s Holy Hand Grenade, Bazooka, Dynamite, Banana Bomb, Baseball Bat, Super Sheep a mnoh\u00fdmi \u010fal\u0161\u00edmi vo va\u0161om arzen\u00e1li ni\u010denia.\t\t\t\t\t\t   <\/li>\n<li>K dispoz\u00edcii je aj nieko\u013eko e\u0161te \u0161ialenej\u0161\u00edch a surrealistickej\u0161\u00edch zbran\u00ed, ako napr\u00edklad Alien Abduction, Fatkins Strike, Flood, Inflatable Scouser, Old Woman, Starburst a Bovine Blitz, s ktor\u00fdmi m\u00f4\u017eete vies\u0165 vojnu proti svojim nepriate\u013eom.\t\t\t\t\t<\/li>\n<\/ul>\n<p><strong>VYROBEN\u00c9 NA MIERU:<\/strong>\t\t\t\t\t<\/p>\n<ul class=\"bb_ul\">\n<li>Hr\u00e1\u010di si m\u00f4\u017eu tie\u017e zostavi\u0165 vlastn\u00e9 zbrane z \u0161irok\u00e9ho v\u00fdberu komponentov. Tieto zbrane sa pridaj\u00fa do arzen\u00e1lu hr\u00e1\u010dov a zost\u00e1vaj\u00fa tajn\u00e9 a\u017e do pou\u017eitia, \u010d\u00edm sp\u00f4sobia nepriate\u013eom nepr\u00edjemn\u00fd \u0161ok.\t\t\t\t\t<\/li>\n<\/ul>\n<p><strong>TALK TRASH:<\/strong>\t\t\t\t\t<\/p>\n<ul class=\"bb_ul\">\n<li>Hlasov\u00fd chat v hre, v\u010faka ktor\u00e9mu m\u00f4\u017eete povzbudzova\u0165 svojich spoluhr\u00e1\u010dov alebo dokonca verb\u00e1lne vyhra\u0165 bitku proti s\u00faperom!\t\t\t\t\t<\/li>\n<\/ul>\n<p><strong>\u00daPLNE ZNI\u010cITE\u013dN\u00c9 PROSTREDIE:<\/strong>\t\t\t\t\t<\/p>\n<ul class=\"bb_ul\">\n<li>Deformujte v\u0161etko v re\u00e1lnom \u010dase.\t\t\t\t\t <\/li>\n<\/ul>\n<p><strong>NOV\u00c9 ZOBRAZENIE OBRAZU V OBRAZE:<\/strong>\t\t\t\t\t<\/p>\n<ul class=\"bb_ul\">\n<li>Toto sleduje ka\u017ed\u00fa akciu, ktor\u00fa hr\u00e1\u010d vykon\u00e1 pri \u00fatoku, a z\u00e1rove\u0148 mu umo\u017e\u0148uje ust\u00fapi\u0165 a nezme\u0161ka\u0165 ani jedin\u00fd moment sl\u00e1vnej akcie.\t\t\t\t\t <\/li>\n<\/ul>\n<p><strong>MN\u00d4\u017dSTVO VYLEP\u0160EN\u00cd A ZLEP\u0160EN\u00cd<\/strong><br \/><strong>HRATE\u013dNOSTI<\/strong>\t\t\t\t\t<\/p>\n<ul class=\"bb_ul\">\n<li>Nov\u00e9 vylep\u0161enia kamery u\u013eah\u010duj\u00fa sledovanie akcie; optimalizovan\u00e1 umel\u00e1 inteligencia znamen\u00e1 inteligentnej\u0161\u00edch nepriate\u013eov a pridanie re\u010di a synchroniz\u00e1cie pier do misi\u00ed pre jedn\u00e9ho hr\u00e1\u010da prin\u00e1\u0161a e\u0161te viac filmovej z\u00e1bavy!\t\t\t\t\t\t   <\/li>\n<li>Nov\u00e9 vizu\u00e1lne vylep\u0161enia s dynamick\u00fdm osvetlen\u00edm v re\u00e1lnom \u010dase a efektmi a tie\u0148mi po spracovan\u00ed robia chaos e\u0161te p\u00f4sobivej\u0161\u00edm.\t\t\t\t\t <\/li>\n<\/ul>\n","protected":false},"excerpt":{"rendered":"<p>Worms: Ultimate Mayhem je r\u00fdchla \u0165ahov\u00e1 strat\u00e9gia, v ktorej hr\u00e1\u010di ovl\u00e1daj\u00fa t\u00edmy \u010derv\u00edkov pomocou r\u00f4znych zbran\u00ed a n\u00e1strojov. Vychutnajte si chaotick\u00e9 multiplayerov\u00e9 bitky, prisp\u00f4sobite\u013en\u00e9 t\u00edmy a 3D prostredie pre nekone\u010dn\u00fa z\u00e1bavu a taktick\u00fa hrate\u013enos\u0165. Ide\u00e1lne pre v\u0161etky \u00farovne zru\u010dnost\u00ed.<\/p>\n","protected":false},"featured_media":82432,"comment_status":"open","ping_status":"closed","template":"","meta":{"_acf_changed":false},"product_brand":[],"product_cat":[268,266,312,318,9082],"product_tag":[],"class_list":{"0":"post-101528","1":"product","2":"type-product","3":"status-publish","4":"has-post-thumbnail","6":"product_cat-pc-sk","7":"product_cat-pc-hry-sk","8":"product_cat-steam-pc-sk","9":"product_cat-strategie-pc-hry-sk","10":"product_cat-takticke-3","11":"pa_countries-ad","12":"pa_countries-ae","13":"pa_countries-af","14":"pa_countries-ag","15":"pa_countries-ai","16":"pa_countries-al","17":"pa_countries-am","18":"pa_countries-ao","19":"pa_countries-aq","20":"pa_countries-ar","21":"pa_countries-as","22":"pa_countries-at","23":"pa_countries-au","24":"pa_countries-aw","25":"pa_countries-ax","26":"pa_countries-az","27":"pa_countries-ba","28":"pa_countries-bb","29":"pa_countries-bd","30":"pa_countries-be","31":"pa_countries-bf","32":"pa_countries-bg","33":"pa_countries-bh","34":"pa_countries-bi","35":"pa_countries-bj","36":"pa_countries-bl","37":"pa_countries-bm","38":"pa_countries-bn","39":"pa_countries-bo","40":"pa_countries-bq","41":"pa_countries-br","42":"pa_countries-bs","43":"pa_countries-bt","44":"pa_countries-bv","45":"pa_countries-bw","46":"pa_countries-bz","47":"pa_countries-ca","48":"pa_countries-cc","49":"pa_countries-cd","50":"pa_countries-cf","51":"pa_countries-cg","52":"pa_countries-ch","53":"pa_countries-ci","54":"pa_countries-ck","55":"pa_countries-cl","56":"pa_countries-cm","57":"pa_countries-cn","58":"pa_countries-co","59":"pa_countries-cr","60":"pa_countries-cu","61":"pa_countries-cv","62":"pa_countries-cw","63":"pa_countries-cx","64":"pa_countries-cy","65":"pa_countries-cz","66":"pa_countries-de","67":"pa_countries-dj","68":"pa_countries-dk","69":"pa_countries-dm","70":"pa_countries-do","71":"pa_countries-dz","72":"pa_countries-ec","73":"pa_countries-ee","74":"pa_countries-eg","75":"pa_countries-eh","76":"pa_countries-er","77":"pa_countries-es","78":"pa_countries-et","79":"pa_countries-fi","80":"pa_countries-fj","81":"pa_countries-fk","82":"pa_countries-fm","83":"pa_countries-fo","84":"pa_countries-fr","85":"pa_countries-ga","86":"pa_countries-gb","87":"pa_countries-gd","88":"pa_countries-ge","89":"pa_countries-gf","90":"pa_countries-gg","91":"pa_countries-gh","92":"pa_countries-gi","93":"pa_countries-gl","94":"pa_countries-gm","95":"pa_countries-gn","96":"pa_countries-gp","97":"pa_countries-gq","98":"pa_countries-gr","99":"pa_countries-gs","100":"pa_countries-gt","101":"pa_countries-gu","102":"pa_countries-gw","103":"pa_countries-gy","104":"pa_countries-hk","105":"pa_countries-hm","106":"pa_countries-hn","107":"pa_countries-hr","108":"pa_countries-ht","109":"pa_countries-hu","110":"pa_countries-id","111":"pa_countries-ie","112":"pa_countries-il","113":"pa_countries-im","114":"pa_countries-in","115":"pa_countries-io","116":"pa_countries-iq","117":"pa_countries-ir","118":"pa_countries-is","119":"pa_countries-it","120":"pa_countries-je","121":"pa_countries-jm","122":"pa_countries-jo","123":"pa_countries-jp","124":"pa_countries-ke","125":"pa_countries-kg","126":"pa_countries-kh","127":"pa_countries-ki","128":"pa_countries-km","129":"pa_countries-kn","130":"pa_countries-kp","131":"pa_countries-kr","132":"pa_countries-kw","133":"pa_countries-ky","134":"pa_countries-kz","135":"pa_countries-la","136":"pa_countries-lb","137":"pa_countries-lc","138":"pa_countries-li","139":"pa_countries-lk","140":"pa_countries-lr","141":"pa_countries-ls","142":"pa_countries-lt","143":"pa_countries-lu","144":"pa_countries-lv","145":"pa_countries-ly","146":"pa_countries-ma","147":"pa_countries-mc","148":"pa_countries-md","149":"pa_countries-me","150":"pa_countries-mf","151":"pa_countries-mg","152":"pa_countries-mh","153":"pa_countries-mk","154":"pa_countries-ml","155":"pa_countries-mm","156":"pa_countries-mn","157":"pa_countries-mo","158":"pa_countries-mp","159":"pa_countries-mq","160":"pa_countries-mr","161":"pa_countries-ms","162":"pa_countries-mt","163":"pa_countries-mu","164":"pa_countries-mv","165":"pa_countries-mw","166":"pa_countries-mx","167":"pa_countries-my","168":"pa_countries-mz","169":"pa_countries-na","170":"pa_countries-nc","171":"pa_countries-ne","172":"pa_countries-nf","173":"pa_countries-ng","174":"pa_countries-ni","175":"pa_countries-nl","176":"pa_countries-no","177":"pa_countries-np","178":"pa_countries-nr","179":"pa_countries-nu","180":"pa_countries-nz","181":"pa_countries-om","182":"pa_countries-pa","183":"pa_countries-pe","184":"pa_countries-pf","185":"pa_countries-pg","186":"pa_countries-ph","187":"pa_countries-pk","188":"pa_countries-pl","189":"pa_countries-pm","190":"pa_countries-pn","191":"pa_countries-pr","192":"pa_countries-ps","193":"pa_countries-pt","194":"pa_countries-pw","195":"pa_countries-py","196":"pa_countries-qa","197":"pa_countries-re","198":"pa_countries-ro","199":"pa_countries-rs","200":"pa_countries-rw","201":"pa_countries-sa","202":"pa_countries-sb","203":"pa_countries-sc","204":"pa_countries-sd","205":"pa_countries-se","206":"pa_countries-sg","207":"pa_countries-sh","208":"pa_countries-si","209":"pa_countries-sj","210":"pa_countries-sk","211":"pa_countries-sl","212":"pa_countries-sm","213":"pa_countries-sn","214":"pa_countries-so","215":"pa_countries-sr","216":"pa_countries-ss","218":"pa_countries-st","219":"pa_countries-sv","220":"pa_countries-sx","221":"pa_countries-sy","222":"pa_countries-sz","223":"pa_countries-tc","224":"pa_countries-td","225":"pa_countries-tf","226":"pa_countries-tg","227":"pa_countries-th","228":"pa_countries-tj","229":"pa_countries-tk","230":"pa_countries-tl","231":"pa_countries-tm","232":"pa_countries-tn","233":"pa_countries-to","234":"pa_countries-tr","235":"pa_countries-tt","236":"pa_countries-tv","237":"pa_countries-tw","238":"pa_countries-tz","239":"pa_countries-ua","240":"pa_countries-ug","241":"pa_countries-um","242":"pa_countries-us","243":"pa_countries-uy","244":"pa_countries-uz","245":"pa_countries-va","246":"pa_countries-vc","247":"pa_countries-ve","248":"pa_countries-vg","249":"pa_countries-vi","250":"pa_countries-vn","251":"pa_countries-vu","252":"pa_countries-wf","253":"pa_countries-ws","254":"pa_countries-xk","256":"pa_countries-ye","257":"pa_countries-yt","258":"pa_countries-za","259":"pa_countries-zm","260":"pa_countries-zw","261":"pa_developer-team17","263":"pa_game_type-main_game","265":"pa_genres-strategy","267":"pa_genres-turn-based-strategy-tbs","269":"pa_interface-de-de","271":"pa_interface-en-us","272":"pa_interface-es-es","273":"pa_interface-fr-fr","274":"pa_interface-it-it","276":"pa_keywords-avatar-awards","277":"pa_keywords-death-match","278":"pa_keywords-destructible-environment","279":"pa_keywords-digital-distribution","280":"pa_keywords-funny","281":"pa_keywords-playstation-network","282":"pa_keywords-playstation-trophies","284":"pa_keywords-secret-achievements","285":"pa_keywords-steam","287":"pa_keywords-steam-achievements","288":"pa_keywords-steam-cloud","289":"pa_keywords-steam-leaderboards","290":"pa_keywords-tactical-turn-based-combat","291":"pa_keywords-team-deathmatch","292":"pa_keywords-time-limit","293":"pa_keywords-turn-based","294":"pa_keywords-xbox-controller-support-for-pc","295":"pa_keywords-xbox-live","296":"pa_modes-co-operative","298":"pa_modes-multiplayer","300":"pa_modes-single-player","301":"pa_pegi-927","302":"pa_pegi-13428","303":"pa_platform-pc-steam","305":"pa_publisher-team17","307":"pa_rating-14584","308":"pa_rating-2303","309":"pa_region-global","311":"pa_themes-action","313":"pa_themes-comedy","316":"first","317":"instock","318":"virtual","319":"taxable","320":"purchasable","321":"product-type-simple"},"yoast_head":"<!-- This site is optimized with the Yoast SEO plugin v27.3 - https:\/\/yoast.com\/product\/yoast-seo-wordpress\/ -->\n<title>Worms: Ultimate Mayhem | BeGamer.cz<\/title>\n<meta name=\"robots\" content=\"index, follow, max-snippet:-1, max-image-preview:large, max-video-preview:-1\" \/>\n<link rel=\"canonical\" href=\"https:\/\/begamer.cz\/sk\/produkt\/worms-ultimate-mayhem-sk\/\" \/>\n<meta property=\"og:locale\" content=\"sk_SK\" \/>\n<meta property=\"og:type\" content=\"article\" \/>\n<meta property=\"og:title\" content=\"Worms: Ultimate Mayhem | BeGamer.cz\" \/>\n<meta property=\"og:description\" content=\"Worms: Ultimate Mayhem je r\u00fdchla \u0165ahov\u00e1 strat\u00e9gia, v ktorej hr\u00e1\u010di ovl\u00e1daj\u00fa t\u00edmy \u010derv\u00edkov pomocou r\u00f4znych zbran\u00ed a n\u00e1strojov. Vychutnajte si chaotick\u00e9 multiplayerov\u00e9 bitky, prisp\u00f4sobite\u013en\u00e9 t\u00edmy a 3D prostredie pre nekone\u010dn\u00fa z\u00e1bavu a taktick\u00fa hrate\u013enos\u0165. Ide\u00e1lne pre v\u0161etky \u00farovne zru\u010dnost\u00ed.\" \/>\n<meta property=\"og:url\" content=\"https:\/\/begamer.cz\/sk\/produkt\/worms-ultimate-mayhem-sk\/\" \/>\n<meta property=\"og:site_name\" content=\"BeGamer.cz\" \/>\n<meta property=\"article:modified_time\" content=\"2026-03-11T08:39:11+00:00\" \/>\n<meta property=\"og:image\" content=\"https:\/\/begamer.cz\/wp-content\/uploads\/2026\/01\/worms-ultimate-mayhem-5.webp\" \/>\n\t<meta property=\"og:image:width\" content=\"300\" \/>\n\t<meta property=\"og:image:height\" content=\"400\" \/>\n\t<meta property=\"og:image:type\" content=\"image\/webp\" \/>\n<meta name=\"twitter:card\" content=\"summary_large_image\" \/>\n<meta name=\"twitter:label1\" content=\"Predpokladan\u00fd \u010das \u010d\u00edtania\" \/>\n\t<meta name=\"twitter:data1\" content=\"3 min\u00faty\" \/>\n<script type=\"application\/ld+json\" class=\"yoast-schema-graph\">{\"@context\":\"https:\\\/\\\/schema.org\",\"@graph\":[{\"@type\":\"WebPage\",\"@id\":\"https:\\\/\\\/begamer.cz\\\/sk\\\/produkt\\\/worms-ultimate-mayhem-sk\\\/\",\"url\":\"https:\\\/\\\/begamer.cz\\\/sk\\\/produkt\\\/worms-ultimate-mayhem-sk\\\/\",\"name\":\"Worms: Ultimate Mayhem | BeGamer.cz\",\"isPartOf\":{\"@id\":\"https:\\\/\\\/begamer.cz\\\/sk\\\/#website\"},\"primaryImageOfPage\":{\"@id\":\"https:\\\/\\\/begamer.cz\\\/sk\\\/produkt\\\/worms-ultimate-mayhem-sk\\\/#primaryimage\"},\"image\":{\"@id\":\"https:\\\/\\\/begamer.cz\\\/sk\\\/produkt\\\/worms-ultimate-mayhem-sk\\\/#primaryimage\"},\"thumbnailUrl\":\"https:\\\/\\\/begamer.cz\\\/wp-content\\\/uploads\\\/2026\\\/01\\\/worms-ultimate-mayhem-5.webp\",\"datePublished\":\"2026-01-30T17:31:04+00:00\",\"dateModified\":\"2026-03-11T08:39:11+00:00\",\"breadcrumb\":{\"@id\":\"https:\\\/\\\/begamer.cz\\\/sk\\\/produkt\\\/worms-ultimate-mayhem-sk\\\/#breadcrumb\"},\"inLanguage\":\"sk-SK\",\"potentialAction\":[{\"@type\":\"ReadAction\",\"target\":[\"https:\\\/\\\/begamer.cz\\\/sk\\\/produkt\\\/worms-ultimate-mayhem-sk\\\/\"]}]},{\"@type\":\"ImageObject\",\"inLanguage\":\"sk-SK\",\"@id\":\"https:\\\/\\\/begamer.cz\\\/sk\\\/produkt\\\/worms-ultimate-mayhem-sk\\\/#primaryimage\",\"url\":\"https:\\\/\\\/begamer.cz\\\/wp-content\\\/uploads\\\/2026\\\/01\\\/worms-ultimate-mayhem-5.webp\",\"contentUrl\":\"https:\\\/\\\/begamer.cz\\\/wp-content\\\/uploads\\\/2026\\\/01\\\/worms-ultimate-mayhem-5.webp\",\"width\":300,\"height\":400},{\"@type\":\"BreadcrumbList\",\"@id\":\"https:\\\/\\\/begamer.cz\\\/sk\\\/produkt\\\/worms-ultimate-mayhem-sk\\\/#breadcrumb\",\"itemListElement\":[{\"@type\":\"ListItem\",\"position\":1,\"name\":\"Domov\",\"item\":\"https:\\\/\\\/begamer.cz\\\/sk\\\/\"},{\"@type\":\"ListItem\",\"position\":2,\"name\":\"Obchod\",\"item\":\"https:\\\/\\\/begamer.cz\\\/obchod\\\/\"},{\"@type\":\"ListItem\",\"position\":3,\"name\":\"Worms: Ultimate Mayhem\"}]},{\"@type\":\"WebSite\",\"@id\":\"https:\\\/\\\/begamer.cz\\\/sk\\\/#website\",\"url\":\"https:\\\/\\\/begamer.cz\\\/sk\\\/\",\"name\":\"BeGamer.cz\",\"description\":\"\",\"publisher\":{\"@id\":\"https:\\\/\\\/begamer.cz\\\/sk\\\/#organization\"},\"potentialAction\":[{\"@type\":\"SearchAction\",\"target\":{\"@type\":\"EntryPoint\",\"urlTemplate\":\"https:\\\/\\\/begamer.cz\\\/sk\\\/?s={search_term_string}\"},\"query-input\":{\"@type\":\"PropertyValueSpecification\",\"valueRequired\":true,\"valueName\":\"search_term_string\"}}],\"inLanguage\":\"sk-SK\"},{\"@type\":\"Organization\",\"@id\":\"https:\\\/\\\/begamer.cz\\\/sk\\\/#organization\",\"name\":\"BeGamer.cz\",\"url\":\"https:\\\/\\\/begamer.cz\\\/sk\\\/\",\"logo\":{\"@type\":\"ImageObject\",\"inLanguage\":\"sk-SK\",\"@id\":\"https:\\\/\\\/begamer.cz\\\/sk\\\/#\\\/schema\\\/logo\\\/image\\\/\",\"url\":\"https:\\\/\\\/begamer.cz\\\/wp-content\\\/uploads\\\/2025\\\/07\\\/logo.svg\",\"contentUrl\":\"https:\\\/\\\/begamer.cz\\\/wp-content\\\/uploads\\\/2025\\\/07\\\/logo.svg\",\"caption\":\"BeGamer.cz\"},\"image\":{\"@id\":\"https:\\\/\\\/begamer.cz\\\/sk\\\/#\\\/schema\\\/logo\\\/image\\\/\"}}]}<\/script>\n<!-- \/ Yoast SEO plugin. -->","yoast_head_json":{"title":"Worms: Ultimate Mayhem | BeGamer.cz","robots":{"index":"index","follow":"follow","max-snippet":"max-snippet:-1","max-image-preview":"max-image-preview:large","max-video-preview":"max-video-preview:-1"},"canonical":"https:\/\/begamer.cz\/sk\/produkt\/worms-ultimate-mayhem-sk\/","og_locale":"sk_SK","og_type":"article","og_title":"Worms: Ultimate Mayhem | BeGamer.cz","og_description":"Worms: Ultimate Mayhem je r\u00fdchla \u0165ahov\u00e1 strat\u00e9gia, v ktorej hr\u00e1\u010di ovl\u00e1daj\u00fa t\u00edmy \u010derv\u00edkov pomocou r\u00f4znych zbran\u00ed a n\u00e1strojov. Vychutnajte si chaotick\u00e9 multiplayerov\u00e9 bitky, prisp\u00f4sobite\u013en\u00e9 t\u00edmy a 3D prostredie pre nekone\u010dn\u00fa z\u00e1bavu a taktick\u00fa hrate\u013enos\u0165. Ide\u00e1lne pre v\u0161etky \u00farovne zru\u010dnost\u00ed.","og_url":"https:\/\/begamer.cz\/sk\/produkt\/worms-ultimate-mayhem-sk\/","og_site_name":"BeGamer.cz","article_modified_time":"2026-03-11T08:39:11+00:00","og_image":[{"width":300,"height":400,"url":"https:\/\/begamer.cz\/wp-content\/uploads\/2026\/01\/worms-ultimate-mayhem-5.webp","type":"image\/webp"}],"twitter_card":"summary_large_image","twitter_misc":{"Predpokladan\u00fd \u010das \u010d\u00edtania":"3 min\u00faty"},"schema":{"@context":"https:\/\/schema.org","@graph":[{"@type":"WebPage","@id":"https:\/\/begamer.cz\/sk\/produkt\/worms-ultimate-mayhem-sk\/","url":"https:\/\/begamer.cz\/sk\/produkt\/worms-ultimate-mayhem-sk\/","name":"Worms: Ultimate Mayhem | BeGamer.cz","isPartOf":{"@id":"https:\/\/begamer.cz\/sk\/#website"},"primaryImageOfPage":{"@id":"https:\/\/begamer.cz\/sk\/produkt\/worms-ultimate-mayhem-sk\/#primaryimage"},"image":{"@id":"https:\/\/begamer.cz\/sk\/produkt\/worms-ultimate-mayhem-sk\/#primaryimage"},"thumbnailUrl":"https:\/\/begamer.cz\/wp-content\/uploads\/2026\/01\/worms-ultimate-mayhem-5.webp","datePublished":"2026-01-30T17:31:04+00:00","dateModified":"2026-03-11T08:39:11+00:00","breadcrumb":{"@id":"https:\/\/begamer.cz\/sk\/produkt\/worms-ultimate-mayhem-sk\/#breadcrumb"},"inLanguage":"sk-SK","potentialAction":[{"@type":"ReadAction","target":["https:\/\/begamer.cz\/sk\/produkt\/worms-ultimate-mayhem-sk\/"]}]},{"@type":"ImageObject","inLanguage":"sk-SK","@id":"https:\/\/begamer.cz\/sk\/produkt\/worms-ultimate-mayhem-sk\/#primaryimage","url":"https:\/\/begamer.cz\/wp-content\/uploads\/2026\/01\/worms-ultimate-mayhem-5.webp","contentUrl":"https:\/\/begamer.cz\/wp-content\/uploads\/2026\/01\/worms-ultimate-mayhem-5.webp","width":300,"height":400},{"@type":"BreadcrumbList","@id":"https:\/\/begamer.cz\/sk\/produkt\/worms-ultimate-mayhem-sk\/#breadcrumb","itemListElement":[{"@type":"ListItem","position":1,"name":"Domov","item":"https:\/\/begamer.cz\/sk\/"},{"@type":"ListItem","position":2,"name":"Obchod","item":"https:\/\/begamer.cz\/obchod\/"},{"@type":"ListItem","position":3,"name":"Worms: Ultimate Mayhem"}]},{"@type":"WebSite","@id":"https:\/\/begamer.cz\/sk\/#website","url":"https:\/\/begamer.cz\/sk\/","name":"BeGamer.cz","description":"","publisher":{"@id":"https:\/\/begamer.cz\/sk\/#organization"},"potentialAction":[{"@type":"SearchAction","target":{"@type":"EntryPoint","urlTemplate":"https:\/\/begamer.cz\/sk\/?s={search_term_string}"},"query-input":{"@type":"PropertyValueSpecification","valueRequired":true,"valueName":"search_term_string"}}],"inLanguage":"sk-SK"},{"@type":"Organization","@id":"https:\/\/begamer.cz\/sk\/#organization","name":"BeGamer.cz","url":"https:\/\/begamer.cz\/sk\/","logo":{"@type":"ImageObject","inLanguage":"sk-SK","@id":"https:\/\/begamer.cz\/sk\/#\/schema\/logo\/image\/","url":"https:\/\/begamer.cz\/wp-content\/uploads\/2025\/07\/logo.svg","contentUrl":"https:\/\/begamer.cz\/wp-content\/uploads\/2025\/07\/logo.svg","caption":"BeGamer.cz"},"image":{"@id":"https:\/\/begamer.cz\/sk\/#\/schema\/logo\/image\/"}}]}},"acf":[],"_links":{"self":[{"href":"https:\/\/begamer.cz\/sk\/wp-json\/wp\/v2\/product\/101528","targetHints":{"allow":["GET"]}}],"collection":[{"href":"https:\/\/begamer.cz\/sk\/wp-json\/wp\/v2\/product"}],"about":[{"href":"https:\/\/begamer.cz\/sk\/wp-json\/wp\/v2\/types\/product"}],"replies":[{"embeddable":true,"href":"https:\/\/begamer.cz\/sk\/wp-json\/wp\/v2\/comments?post=101528"}],"wp:featuredmedia":[{"embeddable":true,"href":"https:\/\/begamer.cz\/sk\/wp-json\/wp\/v2\/media\/82432"}],"wp:attachment":[{"href":"https:\/\/begamer.cz\/sk\/wp-json\/wp\/v2\/media?parent=101528"}],"wp:term":[{"taxonomy":"product_brand","embeddable":true,"href":"https:\/\/begamer.cz\/sk\/wp-json\/wp\/v2\/product_brand?post=101528"},{"taxonomy":"product_cat","embeddable":true,"href":"https:\/\/begamer.cz\/sk\/wp-json\/wp\/v2\/product_cat?post=101528"},{"taxonomy":"product_tag","embeddable":true,"href":"https:\/\/begamer.cz\/sk\/wp-json\/wp\/v2\/product_tag?post=101528"}],"curies":[{"name":"wp","href":"https:\/\/api.w.org\/{rel}","templated":true}]}}