{"id":101498,"date":"2026-01-30T18:30:27","date_gmt":"2026-01-30T17:30:27","guid":{"rendered":"https:\/\/begamer.cz\/produkt\/edge-of-eternity-sk\/"},"modified":"2026-03-11T09:36:00","modified_gmt":"2026-03-11T08:36:00","slug":"edge-of-eternity-sk","status":"publish","type":"product","link":"https:\/\/begamer.cz\/sk\/produkt\/edge-of-eternity-sk\/","title":{"rendered":"Edge of Eternity"},"content":{"rendered":"<p class=\"bb_paragraph\" >\n<p class=\"bb_paragraph\" style=\"text-align: center\"><span class=\"bb_img_ctn\"><video class=\"bb_img\" autoplay muted loop playsinline poster=\"https:\/\/shared.akamai.steamstatic.com\/store_item_assets\/steam\/apps\/269190\/extras\/a7ec41ecd3a104dfda925e0620477096.poster.avif?t=1760603183\" width=616 height=294 ><source src=\"https:\/\/shared.akamai.steamstatic.com\/store_item_assets\/steam\/apps\/269190\/extras\/a7ec41ecd3a104dfda925e0620477096.webm?t=1760603183\" type=\"video\/webm; codecs=vp9\"><source src=\"https:\/\/shared.akamai.steamstatic.com\/store_item_assets\/steam\/apps\/269190\/extras\/a7ec41ecd3a104dfda925e0620477096.mp4?t=1760603183\" type=\"video\/mp4\"><\/video><\/span><\/p>\n<p class=\"bb_paragraph\" >Svet Heryon je rozdelen\u00fd. Pred rokmi pr\u00edchod tajomnej mimozemskej sily nakoniec vrhla plan\u00e9tu do nekone\u010dnej kataklyzmatickej vojny, kde sa m\u00e1gia a technol\u00f3gia dostali do svojich najhor\u0161\u00edch a najtemnej\u0161\u00edch extr\u00e9mov.<br \/>Teraz sa objavila e\u0161te v\u00e4\u010d\u0161ia hrozba: v ohavnom vojnovom \u010dine \u00fato\u010dn\u00edci vypustili Kor\u00f3ziu, smrte\u013en\u00fa chorobu, ktor\u00e1 men\u00ed v\u0161etky \u017eiv\u00e9 formy na zdeformovan\u00e9 ohavnosti.<\/p>\n<p>V t\u00fdchto z\u00fafal\u00fdch \u010dasoch sa mlad\u00fd vojak bude musie\u0165 postavi\u0165 svojmu osudu a vyda\u0165 sa na epick\u00fa cestu, ktor\u00e1 nav\u017edy zmen\u00ed osud Heryonu&#8230;<\/p>\n<p class=\"bb_paragraph\" style=\"text-align: center\"><span class=\"bb_img_ctn\"><video class=\"bb_img\" autoplay muted loop playsinline poster=\"https:\/\/shared.akamai.steamstatic.com\/store_item_assets\/steam\/apps\/269190\/extras\/e01376db56b62eb05b46ca03e1418278.poster.avif?t=1760603183\" width=616 height=160 ><source src=\"https:\/\/shared.akamai.steamstatic.com\/store_item_assets\/steam\/apps\/269190\/extras\/e01376db56b62eb05b46ca03e1418278.webm?t=1760603183\" type=\"video\/webm; codecs=vp9\"><source src=\"https:\/\/shared.akamai.steamstatic.com\/store_item_assets\/steam\/apps\/269190\/extras\/e01376db56b62eb05b46ca03e1418278.mp4?t=1760603183\" type=\"video\/mp4\"><\/video><\/span><\/p>\n<p class=\"bb_paragraph\" ><strong>K\u013e\u00fa\u010dov\u00e9 vlastnosti:<\/strong><\/p>\n<ul class=\"bb_ul\">\n<li>Fascinuj\u00faci pr\u00edbeh pln\u00fd zvratov a srdcerv\u00facich momentov<\/li>\n<li>N\u00e1dhern\u00fd fantasy svet, ktor\u00fd m\u00f4\u017eete presk\u00fama\u0165<\/li>\n<li>Epick\u00e9 bitky s jedine\u010dn\u00fdm a strategick\u00fdm \u0165ahov\u00fdm bojov\u00fdm syst\u00e9mom<\/li>\n<li>Charizmatick\u00e9 a nezabudnute\u013en\u00e9 postavy<\/li>\n<li>Ohromuj\u00faci soundtrack s Yasunori Mitsudom (Chrono Trigger &amp; Xenoblade Chronicles)<\/li>\n<li>Syst\u00e9m tvorby<\/li>\n<li>Neboj\u00e1cna, ale roztomil\u00e1 \u0161elma, s ktorou sa m\u00f4\u017eete skamar\u00e1ti\u0165<\/li>\n<li>Viac ako 50 hod\u00edn hrania<\/li>\n<\/ul>\n<p class=\"bb_paragraph\" style=\"text-align: center\"><span class=\"bb_img_ctn\"><video class=\"bb_img\" autoplay muted loop playsinline poster=\"https:\/\/shared.akamai.steamstatic.com\/store_item_assets\/steam\/apps\/269190\/extras\/db79a3c4c718488db99deea4b82c431d.poster.avif?t=1760603183\" width=616 height=160 ><source src=\"https:\/\/shared.akamai.steamstatic.com\/store_item_assets\/steam\/apps\/269190\/extras\/db79a3c4c718488db99deea4b82c431d.webm?t=1760603183\" type=\"video\/webm; codecs=vp9\"><source src=\"https:\/\/shared.akamai.steamstatic.com\/store_item_assets\/steam\/apps\/269190\/extras\/db79a3c4c718488db99deea4b82c431d.mp4?t=1760603183\" type=\"video\/mp4\"><\/video><\/span><\/p>\n<p class=\"bb_paragraph\" ><strong>O Midgar Studio<\/strong><\/p>\n<p>Midgar Studio je mal\u00e9 franc\u00fazske nez\u00e1visl\u00e9 v\u00fdvoj\u00e1rske \u0161t\u00fadio zalo\u017een\u00e9 v roku 2008, ktor\u00e9 tvor\u00ed trin\u00e1s\u0165 nad\u0161encov videohier. \u0160t\u00fadio sa nach\u00e1dza v meste N\u00eemes na juhu Franc\u00fazska a \u0161pecializuje sa na hardcore hry, najm\u00e4 na PC a konzoly.<\/p>\n","protected":false},"excerpt":{"rendered":"<p>Vytvorte epick\u00e9 \u0165ahov\u00e9 bitky, ke\u010f budete sledova\u0165 Daryona a Selene na ich ceste za n\u00e1jden\u00edm lieku na v\u0161etko pohlcuj\u00facu kor\u00f3ziu v tomto ve\u013ekolepom pr\u00edbehu o n\u00e1deji a obetovan\u00ed, ktor\u00fd vytvoril mal\u00fd t\u00edm nad\u0161en\u00fdch milovn\u00edkov JRPG.<\/p>\n","protected":false},"featured_media":38673,"comment_status":"open","ping_status":"closed","template":"","meta":{"_acf_changed":false},"product_brand":[],"product_cat":[270,290,268,266,308,312,318],"product_tag":[],"class_list":{"0":"post-101498","1":"product","2":"type-product","3":"status-publish","4":"has-post-thumbnail","6":"product_cat-adventury-pc-hry-sk","7":"product_cat-indie-hry-pc-sk","8":"product_cat-pc-sk","9":"product_cat-pc-hry-sk","10":"product_cat-rpg-pc-hry-sk","11":"product_cat-steam-pc-sk","12":"product_cat-strategie-pc-hry-sk","13":"pa_audio-en-us","14":"pa_audio-ja-jp","16":"pa_countries-ad","17":"pa_countries-ae","18":"pa_countries-af","19":"pa_countries-ag","20":"pa_countries-ai","21":"pa_countries-al","22":"pa_countries-am","23":"pa_countries-ao","24":"pa_countries-aq","25":"pa_countries-ar","26":"pa_countries-as","27":"pa_countries-at","28":"pa_countries-au","29":"pa_countries-aw","30":"pa_countries-ax","31":"pa_countries-az","32":"pa_countries-ba","33":"pa_countries-bb","34":"pa_countries-bd","35":"pa_countries-be","36":"pa_countries-bf","37":"pa_countries-bg","38":"pa_countries-bh","39":"pa_countries-bi","40":"pa_countries-bj","41":"pa_countries-bl","42":"pa_countries-bm","43":"pa_countries-bn","44":"pa_countries-bo","45":"pa_countries-bq","46":"pa_countries-br","47":"pa_countries-bs","48":"pa_countries-bt","49":"pa_countries-bv","50":"pa_countries-bw","51":"pa_countries-bz","52":"pa_countries-ca","53":"pa_countries-cc","54":"pa_countries-cd","55":"pa_countries-cf","56":"pa_countries-cg","57":"pa_countries-ch","58":"pa_countries-ci","59":"pa_countries-ck","60":"pa_countries-cl","61":"pa_countries-cm","62":"pa_countries-cn","63":"pa_countries-co","64":"pa_countries-cr","65":"pa_countries-cu","66":"pa_countries-cv","67":"pa_countries-cw","68":"pa_countries-cx","69":"pa_countries-cy","70":"pa_countries-cz","71":"pa_countries-de","72":"pa_countries-dj","73":"pa_countries-dk","74":"pa_countries-dm","75":"pa_countries-do","76":"pa_countries-dz","77":"pa_countries-ec","78":"pa_countries-ee","79":"pa_countries-eg","80":"pa_countries-eh","81":"pa_countries-er","82":"pa_countries-es","83":"pa_countries-et","84":"pa_countries-fi","85":"pa_countries-fj","86":"pa_countries-fk","87":"pa_countries-fm","88":"pa_countries-fo","89":"pa_countries-fr","90":"pa_countries-ga","91":"pa_countries-gb","92":"pa_countries-gd","93":"pa_countries-ge","94":"pa_countries-gf","95":"pa_countries-gg","96":"pa_countries-gh","97":"pa_countries-gi","98":"pa_countries-gl","99":"pa_countries-gm","100":"pa_countries-gn","101":"pa_countries-gp","102":"pa_countries-gq","103":"pa_countries-gr","104":"pa_countries-gs","105":"pa_countries-gt","106":"pa_countries-gu","107":"pa_countries-gw","108":"pa_countries-gy","109":"pa_countries-hk","110":"pa_countries-hm","111":"pa_countries-hn","112":"pa_countries-hr","113":"pa_countries-ht","114":"pa_countries-hu","115":"pa_countries-id","116":"pa_countries-ie","117":"pa_countries-il","118":"pa_countries-im","119":"pa_countries-in","120":"pa_countries-io","121":"pa_countries-iq","122":"pa_countries-ir","123":"pa_countries-is","124":"pa_countries-it","125":"pa_countries-je","126":"pa_countries-jm","127":"pa_countries-jo","128":"pa_countries-jp","129":"pa_countries-ke","130":"pa_countries-kg","131":"pa_countries-kh","132":"pa_countries-ki","133":"pa_countries-km","134":"pa_countries-kn","135":"pa_countries-kp","136":"pa_countries-kr","137":"pa_countries-kw","138":"pa_countries-ky","139":"pa_countries-kz","140":"pa_countries-la","141":"pa_countries-lb","142":"pa_countries-lc","143":"pa_countries-li","144":"pa_countries-lk","145":"pa_countries-lr","146":"pa_countries-ls","147":"pa_countries-lt","148":"pa_countries-lu","149":"pa_countries-lv","150":"pa_countries-ly","151":"pa_countries-ma","152":"pa_countries-mc","153":"pa_countries-md","154":"pa_countries-me","155":"pa_countries-mf","156":"pa_countries-mg","157":"pa_countries-mh","158":"pa_countries-mk","159":"pa_countries-ml","160":"pa_countries-mm","161":"pa_countries-mn","162":"pa_countries-mo","163":"pa_countries-mp","164":"pa_countries-mq","165":"pa_countries-mr","166":"pa_countries-ms","167":"pa_countries-mt","168":"pa_countries-mu","169":"pa_countries-mv","170":"pa_countries-mw","171":"pa_countries-mx","172":"pa_countries-my","173":"pa_countries-mz","174":"pa_countries-na","175":"pa_countries-nc","176":"pa_countries-ne","177":"pa_countries-nf","178":"pa_countries-ng","179":"pa_countries-ni","180":"pa_countries-nl","181":"pa_countries-no","182":"pa_countries-np","183":"pa_countries-nr","184":"pa_countries-nu","185":"pa_countries-nz","186":"pa_countries-om","187":"pa_countries-pa","188":"pa_countries-pe","189":"pa_countries-pf","190":"pa_countries-pg","191":"pa_countries-ph","192":"pa_countries-pk","193":"pa_countries-pl","194":"pa_countries-pm","195":"pa_countries-pn","196":"pa_countries-pr","197":"pa_countries-ps","198":"pa_countries-pt","199":"pa_countries-pw","200":"pa_countries-py","201":"pa_countries-qa","202":"pa_countries-re","203":"pa_countries-ro","204":"pa_countries-rs","205":"pa_countries-rw","206":"pa_countries-sa","207":"pa_countries-sb","208":"pa_countries-sc","209":"pa_countries-sd","210":"pa_countries-se","211":"pa_countries-sg","212":"pa_countries-sh","213":"pa_countries-si","214":"pa_countries-sj","215":"pa_countries-sk","216":"pa_countries-sl","217":"pa_countries-sm","218":"pa_countries-sn","219":"pa_countries-so","220":"pa_countries-sr","221":"pa_countries-ss","223":"pa_countries-st","224":"pa_countries-sv","225":"pa_countries-sx","226":"pa_countries-sy","227":"pa_countries-sz","228":"pa_countries-tc","229":"pa_countries-td","230":"pa_countries-tf","231":"pa_countries-tg","232":"pa_countries-th","233":"pa_countries-tj","234":"pa_countries-tk","235":"pa_countries-tl","236":"pa_countries-tm","237":"pa_countries-tn","238":"pa_countries-to","239":"pa_countries-tr","240":"pa_countries-tt","241":"pa_countries-tv","242":"pa_countries-tw","243":"pa_countries-tz","244":"pa_countries-ua","245":"pa_countries-ug","246":"pa_countries-um","247":"pa_countries-us","248":"pa_countries-uy","249":"pa_countries-uz","250":"pa_countries-va","251":"pa_countries-vc","252":"pa_countries-ve","253":"pa_countries-vg","254":"pa_countries-vi","255":"pa_countries-vn","256":"pa_countries-vu","257":"pa_countries-wf","258":"pa_countries-ws","259":"pa_countries-xk","260":"pa_countries-ye","261":"pa_countries-yt","262":"pa_countries-za","263":"pa_countries-zm","264":"pa_countries-zw","265":"pa_developer-midgar-studio","267":"pa_engine-unity","269":"pa_game_type-main_game","271":"pa_genres-adventure","272":"pa_genres-indie","273":"pa_genres-role-playing-rpg","274":"pa_genres-strategy","275":"pa_genres-turn-based-strategy-tbs","277":"pa_interface-de-de","278":"pa_interface-en-us","279":"pa_interface-es-es","280":"pa_interface-es-mx","281":"pa_interface-fr-fr","282":"pa_interface-ja-jp","283":"pa_interface-ru-ru","285":"pa_interface-zh-cn","286":"pa_modes-single-player","288":"pa_pegi-956","289":"pa_pegi-13432","290":"pa_platform-pc-steam","292":"pa_player_perspectives-third-person","294":"pa_publisher-playdius","296":"pa_publisher-plug-in-digital","297":"pa_rating-773","298":"pa_rating-14441","299":"pa_region-europe","301":"pa_subtitles-de-de","303":"pa_subtitles-en-us","304":"pa_subtitles-es-es","305":"pa_subtitles-es-mx","306":"pa_subtitles-fr-fr","307":"pa_subtitles-ja-jp","308":"pa_subtitles-ru-ru","309":"pa_subtitles-zh-cn","310":"pa_themes-action","311":"pa_themes-fantasy","313":"pa_themes-open-world","315":"first","316":"outofstock","317":"virtual","318":"taxable","319":"purchasable","320":"product-type-simple"},"yoast_head":"<!-- This site is optimized with the Yoast SEO plugin v27.3 - https:\/\/yoast.com\/product\/yoast-seo-wordpress\/ -->\n<title>Edge of Eternity | BeGamer.cz<\/title>\n<meta name=\"robots\" content=\"index, follow, max-snippet:-1, max-image-preview:large, max-video-preview:-1\" \/>\n<link rel=\"canonical\" href=\"https:\/\/begamer.cz\/sk\/produkt\/edge-of-eternity-sk\/\" \/>\n<meta property=\"og:locale\" content=\"sk_SK\" \/>\n<meta property=\"og:type\" content=\"article\" \/>\n<meta property=\"og:title\" content=\"Edge of Eternity | BeGamer.cz\" \/>\n<meta property=\"og:description\" content=\"Vytvorte epick\u00e9 \u0165ahov\u00e9 bitky, ke\u010f budete sledova\u0165 Daryona a Selene na ich ceste za n\u00e1jden\u00edm lieku na v\u0161etko pohlcuj\u00facu kor\u00f3ziu v tomto ve\u013ekolepom pr\u00edbehu o n\u00e1deji a obetovan\u00ed, ktor\u00fd vytvoril mal\u00fd t\u00edm nad\u0161en\u00fdch milovn\u00edkov JRPG.\" \/>\n<meta property=\"og:url\" content=\"https:\/\/begamer.cz\/sk\/produkt\/edge-of-eternity-sk\/\" \/>\n<meta property=\"og:site_name\" content=\"BeGamer.cz\" \/>\n<meta property=\"article:modified_time\" content=\"2026-03-11T08:36:00+00:00\" \/>\n<meta property=\"og:image\" content=\"https:\/\/begamer.cz\/wp-content\/uploads\/2026\/01\/edge-of-eternity-9.webp\" \/>\n\t<meta property=\"og:image:width\" content=\"300\" \/>\n\t<meta property=\"og:image:height\" content=\"400\" \/>\n\t<meta property=\"og:image:type\" content=\"image\/webp\" \/>\n<meta name=\"twitter:card\" content=\"summary_large_image\" \/>\n<meta name=\"twitter:label1\" content=\"Predpokladan\u00fd \u010das \u010d\u00edtania\" \/>\n\t<meta name=\"twitter:data1\" content=\"1 min\u00fata\" \/>\n<script type=\"application\/ld+json\" class=\"yoast-schema-graph\">{\"@context\":\"https:\\\/\\\/schema.org\",\"@graph\":[{\"@type\":\"WebPage\",\"@id\":\"https:\\\/\\\/begamer.cz\\\/sk\\\/produkt\\\/edge-of-eternity-sk\\\/\",\"url\":\"https:\\\/\\\/begamer.cz\\\/sk\\\/produkt\\\/edge-of-eternity-sk\\\/\",\"name\":\"Edge of Eternity | BeGamer.cz\",\"isPartOf\":{\"@id\":\"https:\\\/\\\/begamer.cz\\\/sk\\\/#website\"},\"primaryImageOfPage\":{\"@id\":\"https:\\\/\\\/begamer.cz\\\/sk\\\/produkt\\\/edge-of-eternity-sk\\\/#primaryimage\"},\"image\":{\"@id\":\"https:\\\/\\\/begamer.cz\\\/sk\\\/produkt\\\/edge-of-eternity-sk\\\/#primaryimage\"},\"thumbnailUrl\":\"https:\\\/\\\/begamer.cz\\\/wp-content\\\/uploads\\\/2026\\\/01\\\/edge-of-eternity-9.webp\",\"datePublished\":\"2026-01-30T17:30:27+00:00\",\"dateModified\":\"2026-03-11T08:36:00+00:00\",\"breadcrumb\":{\"@id\":\"https:\\\/\\\/begamer.cz\\\/sk\\\/produkt\\\/edge-of-eternity-sk\\\/#breadcrumb\"},\"inLanguage\":\"sk-SK\",\"potentialAction\":[{\"@type\":\"ReadAction\",\"target\":[\"https:\\\/\\\/begamer.cz\\\/sk\\\/produkt\\\/edge-of-eternity-sk\\\/\"]}]},{\"@type\":\"ImageObject\",\"inLanguage\":\"sk-SK\",\"@id\":\"https:\\\/\\\/begamer.cz\\\/sk\\\/produkt\\\/edge-of-eternity-sk\\\/#primaryimage\",\"url\":\"https:\\\/\\\/begamer.cz\\\/wp-content\\\/uploads\\\/2026\\\/01\\\/edge-of-eternity-9.webp\",\"contentUrl\":\"https:\\\/\\\/begamer.cz\\\/wp-content\\\/uploads\\\/2026\\\/01\\\/edge-of-eternity-9.webp\",\"width\":300,\"height\":400},{\"@type\":\"BreadcrumbList\",\"@id\":\"https:\\\/\\\/begamer.cz\\\/sk\\\/produkt\\\/edge-of-eternity-sk\\\/#breadcrumb\",\"itemListElement\":[{\"@type\":\"ListItem\",\"position\":1,\"name\":\"Domov\",\"item\":\"https:\\\/\\\/begamer.cz\\\/sk\\\/\"},{\"@type\":\"ListItem\",\"position\":2,\"name\":\"Obchod\",\"item\":\"https:\\\/\\\/begamer.cz\\\/obchod\\\/\"},{\"@type\":\"ListItem\",\"position\":3,\"name\":\"Edge of Eternity\"}]},{\"@type\":\"WebSite\",\"@id\":\"https:\\\/\\\/begamer.cz\\\/sk\\\/#website\",\"url\":\"https:\\\/\\\/begamer.cz\\\/sk\\\/\",\"name\":\"BeGamer.cz\",\"description\":\"\",\"publisher\":{\"@id\":\"https:\\\/\\\/begamer.cz\\\/sk\\\/#organization\"},\"potentialAction\":[{\"@type\":\"SearchAction\",\"target\":{\"@type\":\"EntryPoint\",\"urlTemplate\":\"https:\\\/\\\/begamer.cz\\\/sk\\\/?s={search_term_string}\"},\"query-input\":{\"@type\":\"PropertyValueSpecification\",\"valueRequired\":true,\"valueName\":\"search_term_string\"}}],\"inLanguage\":\"sk-SK\"},{\"@type\":\"Organization\",\"@id\":\"https:\\\/\\\/begamer.cz\\\/sk\\\/#organization\",\"name\":\"BeGamer.cz\",\"url\":\"https:\\\/\\\/begamer.cz\\\/sk\\\/\",\"logo\":{\"@type\":\"ImageObject\",\"inLanguage\":\"sk-SK\",\"@id\":\"https:\\\/\\\/begamer.cz\\\/sk\\\/#\\\/schema\\\/logo\\\/image\\\/\",\"url\":\"https:\\\/\\\/begamer.cz\\\/wp-content\\\/uploads\\\/2025\\\/07\\\/logo.svg\",\"contentUrl\":\"https:\\\/\\\/begamer.cz\\\/wp-content\\\/uploads\\\/2025\\\/07\\\/logo.svg\",\"caption\":\"BeGamer.cz\"},\"image\":{\"@id\":\"https:\\\/\\\/begamer.cz\\\/sk\\\/#\\\/schema\\\/logo\\\/image\\\/\"}}]}<\/script>\n<!-- \/ Yoast SEO plugin. -->","yoast_head_json":{"title":"Edge of Eternity | BeGamer.cz","robots":{"index":"index","follow":"follow","max-snippet":"max-snippet:-1","max-image-preview":"max-image-preview:large","max-video-preview":"max-video-preview:-1"},"canonical":"https:\/\/begamer.cz\/sk\/produkt\/edge-of-eternity-sk\/","og_locale":"sk_SK","og_type":"article","og_title":"Edge of Eternity | BeGamer.cz","og_description":"Vytvorte epick\u00e9 \u0165ahov\u00e9 bitky, ke\u010f budete sledova\u0165 Daryona a Selene na ich ceste za n\u00e1jden\u00edm lieku na v\u0161etko pohlcuj\u00facu kor\u00f3ziu v tomto ve\u013ekolepom pr\u00edbehu o n\u00e1deji a obetovan\u00ed, ktor\u00fd vytvoril mal\u00fd t\u00edm nad\u0161en\u00fdch milovn\u00edkov JRPG.","og_url":"https:\/\/begamer.cz\/sk\/produkt\/edge-of-eternity-sk\/","og_site_name":"BeGamer.cz","article_modified_time":"2026-03-11T08:36:00+00:00","og_image":[{"width":300,"height":400,"url":"https:\/\/begamer.cz\/wp-content\/uploads\/2026\/01\/edge-of-eternity-9.webp","type":"image\/webp"}],"twitter_card":"summary_large_image","twitter_misc":{"Predpokladan\u00fd \u010das \u010d\u00edtania":"1 min\u00fata"},"schema":{"@context":"https:\/\/schema.org","@graph":[{"@type":"WebPage","@id":"https:\/\/begamer.cz\/sk\/produkt\/edge-of-eternity-sk\/","url":"https:\/\/begamer.cz\/sk\/produkt\/edge-of-eternity-sk\/","name":"Edge of Eternity | BeGamer.cz","isPartOf":{"@id":"https:\/\/begamer.cz\/sk\/#website"},"primaryImageOfPage":{"@id":"https:\/\/begamer.cz\/sk\/produkt\/edge-of-eternity-sk\/#primaryimage"},"image":{"@id":"https:\/\/begamer.cz\/sk\/produkt\/edge-of-eternity-sk\/#primaryimage"},"thumbnailUrl":"https:\/\/begamer.cz\/wp-content\/uploads\/2026\/01\/edge-of-eternity-9.webp","datePublished":"2026-01-30T17:30:27+00:00","dateModified":"2026-03-11T08:36:00+00:00","breadcrumb":{"@id":"https:\/\/begamer.cz\/sk\/produkt\/edge-of-eternity-sk\/#breadcrumb"},"inLanguage":"sk-SK","potentialAction":[{"@type":"ReadAction","target":["https:\/\/begamer.cz\/sk\/produkt\/edge-of-eternity-sk\/"]}]},{"@type":"ImageObject","inLanguage":"sk-SK","@id":"https:\/\/begamer.cz\/sk\/produkt\/edge-of-eternity-sk\/#primaryimage","url":"https:\/\/begamer.cz\/wp-content\/uploads\/2026\/01\/edge-of-eternity-9.webp","contentUrl":"https:\/\/begamer.cz\/wp-content\/uploads\/2026\/01\/edge-of-eternity-9.webp","width":300,"height":400},{"@type":"BreadcrumbList","@id":"https:\/\/begamer.cz\/sk\/produkt\/edge-of-eternity-sk\/#breadcrumb","itemListElement":[{"@type":"ListItem","position":1,"name":"Domov","item":"https:\/\/begamer.cz\/sk\/"},{"@type":"ListItem","position":2,"name":"Obchod","item":"https:\/\/begamer.cz\/obchod\/"},{"@type":"ListItem","position":3,"name":"Edge of Eternity"}]},{"@type":"WebSite","@id":"https:\/\/begamer.cz\/sk\/#website","url":"https:\/\/begamer.cz\/sk\/","name":"BeGamer.cz","description":"","publisher":{"@id":"https:\/\/begamer.cz\/sk\/#organization"},"potentialAction":[{"@type":"SearchAction","target":{"@type":"EntryPoint","urlTemplate":"https:\/\/begamer.cz\/sk\/?s={search_term_string}"},"query-input":{"@type":"PropertyValueSpecification","valueRequired":true,"valueName":"search_term_string"}}],"inLanguage":"sk-SK"},{"@type":"Organization","@id":"https:\/\/begamer.cz\/sk\/#organization","name":"BeGamer.cz","url":"https:\/\/begamer.cz\/sk\/","logo":{"@type":"ImageObject","inLanguage":"sk-SK","@id":"https:\/\/begamer.cz\/sk\/#\/schema\/logo\/image\/","url":"https:\/\/begamer.cz\/wp-content\/uploads\/2025\/07\/logo.svg","contentUrl":"https:\/\/begamer.cz\/wp-content\/uploads\/2025\/07\/logo.svg","caption":"BeGamer.cz"},"image":{"@id":"https:\/\/begamer.cz\/sk\/#\/schema\/logo\/image\/"}}]}},"acf":[],"_links":{"self":[{"href":"https:\/\/begamer.cz\/sk\/wp-json\/wp\/v2\/product\/101498","targetHints":{"allow":["GET"]}}],"collection":[{"href":"https:\/\/begamer.cz\/sk\/wp-json\/wp\/v2\/product"}],"about":[{"href":"https:\/\/begamer.cz\/sk\/wp-json\/wp\/v2\/types\/product"}],"replies":[{"embeddable":true,"href":"https:\/\/begamer.cz\/sk\/wp-json\/wp\/v2\/comments?post=101498"}],"wp:featuredmedia":[{"embeddable":true,"href":"https:\/\/begamer.cz\/sk\/wp-json\/wp\/v2\/media\/38673"}],"wp:attachment":[{"href":"https:\/\/begamer.cz\/sk\/wp-json\/wp\/v2\/media?parent=101498"}],"wp:term":[{"taxonomy":"product_brand","embeddable":true,"href":"https:\/\/begamer.cz\/sk\/wp-json\/wp\/v2\/product_brand?post=101498"},{"taxonomy":"product_cat","embeddable":true,"href":"https:\/\/begamer.cz\/sk\/wp-json\/wp\/v2\/product_cat?post=101498"},{"taxonomy":"product_tag","embeddable":true,"href":"https:\/\/begamer.cz\/sk\/wp-json\/wp\/v2\/product_tag?post=101498"}],"curies":[{"name":"wp","href":"https:\/\/api.w.org\/{rel}","templated":true}]}}