{"id":101486,"date":"2026-01-30T18:30:07","date_gmt":"2026-01-30T17:30:07","guid":{"rendered":"https:\/\/begamer.cz\/produkt\/super-magbot-sk\/"},"modified":"2026-03-11T09:34:52","modified_gmt":"2026-03-11T08:34:52","slug":"super-magbot-sk","status":"publish","type":"product","link":"https:\/\/begamer.cz\/sk\/produkt\/super-magbot-sk\/","title":{"rendered":"Super Magbot"},"content":{"rendered":"<h1>O hre<\/h1>\n<p>Syst\u00e9m Magnetia je v ve\u013ekom nebezpe\u010denstve, ke\u010f\u017ee galaxiou sa preh\u00e1\u0148a zl\u00fd dareb\u00e1k. Zachr\u00e1ni\u0165 situ\u00e1ciu m\u00f4\u017ee len jeden robotick\u00fd prieskumn\u00edk \u2013 Magbot! Magbot<br \/>, vybaven\u00fd schopnos\u0165ou ovl\u00e1da\u0165 kladn\u00fa (\u010derven\u00fa) aj z\u00e1porn\u00fa (modr\u00fa) magnetick\u00fa polaritu, mus\u00ed prekona\u0165 nespo\u010detn\u00e9 mno\u017estvo n\u00e1ro\u010dn\u00fdch plo\u0161inov\u00fdch prostred\u00ed, aby zachr\u00e1nil svoju domovsk\u00fa plan\u00e9tu MagTek.<\/p>\n<p><span class=\"bb_img_ctn\"><img decoding=\"async\" class=\"bb_img\" src=\"https:\/\/shared.akamai.steamstatic.com\/store_item_assets\/steam\/apps\/1205170\/extras\/a9a93e221f7e6ebebd5e7d6949bd08b0.webp?t=1726562819\" width=416 height=36 \/><\/span><\/p>\n<p><strong>Pou\u017eite magnetick\u00fa silu na pri\u0165ahovanie:<\/strong> Pou\u017eite silu magnetick\u00e9ho pri\u0165ahovania, aby ste sa dostali na plo\u0161iny a prekonali nebezpe\u010dn\u00e9 prek\u00e1\u017eky.<\/p>\n<p><span class=\"bb_img_ctn\"><video class=\"bb_img\" autoplay muted loop playsinline poster=\"https:\/\/shared.akamai.steamstatic.com\/store_item_assets\/steam\/apps\/1205170\/extras\/b5ae9b2e56be76cc59e9e5263454dee4.poster.avif?t=1726562819\" width=600 height=338 ><source src=\"https:\/\/shared.akamai.steamstatic.com\/store_item_assets\/steam\/apps\/1205170\/extras\/b5ae9b2e56be76cc59e9e5263454dee4.webm?t=1726562819\" type=\"video\/webm; codecs=vp9\"><source src=\"https:\/\/shared.akamai.steamstatic.com\/store_item_assets\/steam\/apps\/1205170\/extras\/b5ae9b2e56be76cc59e9e5263454dee4.mp4?t=1726562819\" type=\"video\/mp4\"><\/video><\/span><\/p>\n<p><strong>Pou\u017eite magnetick\u00fa silu na odpudzovanie:<\/strong> Magbot je pr\u00edli\u0161 \u0165a\u017ek\u00fd na to, aby sk\u00e1kal! Na\u0161\u0165astie m\u00f4\u017eete pou\u017ei\u0165 silu magnetick\u00e9ho odpudzovania, aby ste sa dostali do vzduchu!<\/p>\n<p><span class=\"bb_img_ctn\"><video class=\"bb_img\" autoplay muted loop playsinline poster=\"https:\/\/shared.akamai.steamstatic.com\/store_item_assets\/steam\/apps\/1205170\/extras\/1c0827945ae7f41363a54ad04896ed60.poster.avif?t=1726562819\" width=600 height=338 ><source src=\"https:\/\/shared.akamai.steamstatic.com\/store_item_assets\/steam\/apps\/1205170\/extras\/1c0827945ae7f41363a54ad04896ed60.webm?t=1726562819\" type=\"video\/webm; codecs=vp9\"><source src=\"https:\/\/shared.akamai.steamstatic.com\/store_item_assets\/steam\/apps\/1205170\/extras\/1c0827945ae7f41363a54ad04896ed60.mp4?t=1726562819\" type=\"video\/mp4\"><\/video><\/span><\/p>\n<p><strong>Zbierajte \u00falomky hviezd:<\/strong> Prejdite ka\u017ed\u00fa \u00farove\u0148 zbieran\u00edm \u0165a\u017eko dostupn\u00fdch \u00falomkov hviezd, ktor\u00e9 odomykaj\u00fa \u010fal\u0161ie v\u00fdzvy.<\/p>\n<p><span class=\"bb_img_ctn\"><video class=\"bb_img\" autoplay muted loop playsinline poster=\"https:\/\/shared.akamai.steamstatic.com\/store_item_assets\/steam\/apps\/1205170\/extras\/caea6a5fd9ae6ae54730674c44ea8847.poster.avif?t=1726562819\" width=600 height=338 ><source src=\"https:\/\/shared.akamai.steamstatic.com\/store_item_assets\/steam\/apps\/1205170\/extras\/caea6a5fd9ae6ae54730674c44ea8847.webm?t=1726562819\" type=\"video\/webm; codecs=vp9\"><source src=\"https:\/\/shared.akamai.steamstatic.com\/store_item_assets\/steam\/apps\/1205170\/extras\/caea6a5fd9ae6ae54730674c44ea8847.mp4?t=1726562819\" type=\"video\/mp4\"><\/video><\/span><\/p>\n<p><strong>Vychutnajte si klasick\u00fa hern\u00fa atmosf\u00e9ru:<\/strong> S \u017eivou 16-bitovou pixelovou grafikou a energick\u00fdm chiptune soundtrackom od Moonsailor.<\/p>\n<p><span class=\"bb_img_ctn\"><video class=\"bb_img\" autoplay muted loop playsinline poster=\"https:\/\/shared.akamai.steamstatic.com\/store_item_assets\/steam\/apps\/1205170\/extras\/9bb8f309bacbb4c952ce3ef5e345dd3c.poster.avif?t=1726562819\" width=600 height=338 ><source src=\"https:\/\/shared.akamai.steamstatic.com\/store_item_assets\/steam\/apps\/1205170\/extras\/9bb8f309bacbb4c952ce3ef5e345dd3c.webm?t=1726562819\" type=\"video\/webm; codecs=vp9\"><source src=\"https:\/\/shared.akamai.steamstatic.com\/store_item_assets\/steam\/apps\/1205170\/extras\/9bb8f309bacbb4c952ce3ef5e345dd3c.mp4?t=1726562819\" type=\"video\/mp4\"><\/video><\/span><\/p>\n","protected":false},"excerpt":{"rendered":"<p>Presn\u00e1 2D plo\u0161inovka s ne\u010dakan\u00fdm zvratom. \u017dIADNE SK\u00c1KANIE. Ovl\u00e1dnite svoje magnetick\u00e9 schopnosti a prekonajte ka\u017ed\u00fa \u00farove\u0148 r\u00fdchlos\u0165ou a zru\u010dnos\u0165ou. Vychutnajte si klasick\u00fa 16-bitov\u00fa hern\u00fa atmosf\u00e9ru, zdol\u00e1vajte n\u00e1ro\u010dn\u00e9 \u00falohy a s\u00fa\u0165a\u017ete o prvenstvo v glob\u00e1lnom rebr\u00ed\u010dku.<\/p>\n","protected":false},"featured_media":38571,"comment_status":"open","ping_status":"closed","template":"","meta":{"_acf_changed":false},"product_brand":[],"product_cat":[270,290,294,268,266,312],"product_tag":[],"class_list":{"0":"post-101486","1":"product","2":"type-product","3":"status-publish","4":"has-post-thumbnail","6":"product_cat-adventury-pc-hry-sk","7":"product_cat-indie-hry-pc-sk","8":"product_cat-logicke-pc-hry-sk","9":"product_cat-pc-sk","10":"product_cat-pc-hry-sk","11":"product_cat-steam-pc-sk","12":"pa_countries-ad","13":"pa_countries-ae","14":"pa_countries-af","15":"pa_countries-ag","16":"pa_countries-ai","17":"pa_countries-al","18":"pa_countries-am","19":"pa_countries-ao","20":"pa_countries-aq","21":"pa_countries-ar","22":"pa_countries-as","23":"pa_countries-at","24":"pa_countries-au","25":"pa_countries-aw","26":"pa_countries-ax","27":"pa_countries-az","28":"pa_countries-ba","29":"pa_countries-bb","30":"pa_countries-bd","31":"pa_countries-be","32":"pa_countries-bf","33":"pa_countries-bg","34":"pa_countries-bh","35":"pa_countries-bi","36":"pa_countries-bj","37":"pa_countries-bl","38":"pa_countries-bm","39":"pa_countries-bn","40":"pa_countries-bo","41":"pa_countries-bq","42":"pa_countries-br","43":"pa_countries-bs","44":"pa_countries-bt","45":"pa_countries-bv","46":"pa_countries-bw","47":"pa_countries-bz","48":"pa_countries-ca","49":"pa_countries-cc","50":"pa_countries-cd","51":"pa_countries-cf","52":"pa_countries-cg","53":"pa_countries-ch","54":"pa_countries-ci","55":"pa_countries-ck","56":"pa_countries-cl","57":"pa_countries-cm","58":"pa_countries-cn","59":"pa_countries-co","60":"pa_countries-cr","61":"pa_countries-cu","62":"pa_countries-cv","63":"pa_countries-cw","64":"pa_countries-cx","65":"pa_countries-cy","66":"pa_countries-cz","67":"pa_countries-de","68":"pa_countries-dj","69":"pa_countries-dk","70":"pa_countries-dm","71":"pa_countries-do","72":"pa_countries-dz","73":"pa_countries-ec","74":"pa_countries-ee","75":"pa_countries-eg","76":"pa_countries-eh","77":"pa_countries-er","78":"pa_countries-es","79":"pa_countries-et","80":"pa_countries-fi","81":"pa_countries-fj","82":"pa_countries-fk","83":"pa_countries-fm","84":"pa_countries-fo","85":"pa_countries-fr","86":"pa_countries-ga","87":"pa_countries-gb","88":"pa_countries-gd","89":"pa_countries-ge","90":"pa_countries-gf","91":"pa_countries-gg","92":"pa_countries-gh","93":"pa_countries-gi","94":"pa_countries-gl","95":"pa_countries-gm","96":"pa_countries-gn","97":"pa_countries-gp","98":"pa_countries-gq","99":"pa_countries-gr","100":"pa_countries-gs","101":"pa_countries-gt","102":"pa_countries-gu","103":"pa_countries-gw","104":"pa_countries-gy","105":"pa_countries-hk","106":"pa_countries-hm","107":"pa_countries-hn","108":"pa_countries-hr","109":"pa_countries-ht","110":"pa_countries-hu","111":"pa_countries-id","112":"pa_countries-ie","113":"pa_countries-il","114":"pa_countries-im","115":"pa_countries-in","116":"pa_countries-io","117":"pa_countries-iq","118":"pa_countries-ir","119":"pa_countries-is","120":"pa_countries-it","121":"pa_countries-je","122":"pa_countries-jm","123":"pa_countries-jo","124":"pa_countries-jp","125":"pa_countries-ke","126":"pa_countries-kg","127":"pa_countries-kh","128":"pa_countries-ki","129":"pa_countries-km","130":"pa_countries-kn","131":"pa_countries-kp","132":"pa_countries-kr","133":"pa_countries-kw","134":"pa_countries-ky","135":"pa_countries-kz","136":"pa_countries-la","137":"pa_countries-lb","138":"pa_countries-lc","139":"pa_countries-li","140":"pa_countries-lk","141":"pa_countries-lr","142":"pa_countries-ls","143":"pa_countries-lt","144":"pa_countries-lu","145":"pa_countries-lv","146":"pa_countries-ly","147":"pa_countries-ma","148":"pa_countries-mc","149":"pa_countries-md","150":"pa_countries-me","151":"pa_countries-mf","152":"pa_countries-mg","153":"pa_countries-mh","154":"pa_countries-mk","155":"pa_countries-ml","156":"pa_countries-mm","157":"pa_countries-mn","158":"pa_countries-mo","159":"pa_countries-mp","160":"pa_countries-mq","161":"pa_countries-mr","162":"pa_countries-ms","163":"pa_countries-mt","164":"pa_countries-mu","165":"pa_countries-mv","166":"pa_countries-mw","167":"pa_countries-mx","168":"pa_countries-my","169":"pa_countries-mz","170":"pa_countries-na","171":"pa_countries-nc","172":"pa_countries-ne","173":"pa_countries-nf","174":"pa_countries-ng","175":"pa_countries-ni","176":"pa_countries-nl","177":"pa_countries-no","178":"pa_countries-np","179":"pa_countries-nr","180":"pa_countries-nu","181":"pa_countries-nz","182":"pa_countries-om","183":"pa_countries-pa","184":"pa_countries-pe","185":"pa_countries-pf","186":"pa_countries-pg","187":"pa_countries-ph","188":"pa_countries-pk","189":"pa_countries-pl","190":"pa_countries-pm","191":"pa_countries-pn","192":"pa_countries-pr","193":"pa_countries-ps","194":"pa_countries-pt","195":"pa_countries-pw","196":"pa_countries-py","197":"pa_countries-qa","198":"pa_countries-re","199":"pa_countries-ro","200":"pa_countries-rs","201":"pa_countries-rw","202":"pa_countries-sa","203":"pa_countries-sb","204":"pa_countries-sc","205":"pa_countries-sd","206":"pa_countries-se","207":"pa_countries-sg","208":"pa_countries-sh","209":"pa_countries-si","210":"pa_countries-sj","211":"pa_countries-sk","212":"pa_countries-sl","213":"pa_countries-sm","214":"pa_countries-sn","215":"pa_countries-so","216":"pa_countries-sr","217":"pa_countries-ss","219":"pa_countries-st","220":"pa_countries-sv","221":"pa_countries-sx","222":"pa_countries-sy","223":"pa_countries-sz","224":"pa_countries-tc","225":"pa_countries-td","226":"pa_countries-tf","227":"pa_countries-tg","228":"pa_countries-th","229":"pa_countries-tj","230":"pa_countries-tk","231":"pa_countries-tl","232":"pa_countries-tm","233":"pa_countries-tn","234":"pa_countries-to","235":"pa_countries-tr","236":"pa_countries-tt","237":"pa_countries-tv","238":"pa_countries-tw","239":"pa_countries-tz","240":"pa_countries-ua","241":"pa_countries-ug","242":"pa_countries-um","243":"pa_countries-us","244":"pa_countries-uy","245":"pa_countries-uz","246":"pa_countries-va","247":"pa_countries-vc","248":"pa_countries-ve","249":"pa_countries-vg","250":"pa_countries-vi","251":"pa_countries-vn","252":"pa_countries-vu","253":"pa_countries-wf","254":"pa_countries-ws","255":"pa_countries-xk","256":"pa_countries-ye","257":"pa_countries-yt","258":"pa_countries-za","259":"pa_countries-zm","260":"pa_countries-zw","261":"pa_developer-astral-pixel","263":"pa_engine-unreal-engine-4","265":"pa_game_type-main_game","267":"pa_genres-adventure","268":"pa_genres-indie","269":"pa_genres-platform","271":"pa_genres-puzzle","272":"pa_interface-de-de","273":"pa_interface-en-us","274":"pa_interface-es-es","275":"pa_interface-fr-fr","276":"pa_interface-it-it","277":"pa_interface-ja-jp","278":"pa_interface-pt-br","279":"pa_interface-pt-pt","281":"pa_interface-ru-ru","282":"pa_interface-zh-cn","283":"pa_interface-zh-tw","284":"pa_keywords-challenging","285":"pa_keywords-difficult","286":"pa_keywords-pixel-art","288":"pa_keywords-precision-platforming","289":"pa_keywords-speedrun","290":"pa_modes-single-player","292":"pa_pegi-13430","293":"pa_pegi-943","294":"pa_platform-pc-steam","296":"pa_publisher-team17","298":"pa_rating-14441","299":"pa_rating-773","300":"pa_region-global","302":"pa_subtitles-de-de","304":"pa_subtitles-en-us","305":"pa_subtitles-es-es","306":"pa_subtitles-fr-fr","307":"pa_subtitles-it-it","308":"pa_subtitles-ja-jp","309":"pa_subtitles-pt-br","310":"pa_subtitles-ru-ru","311":"pa_subtitles-zh-cn","312":"pa_subtitles-zh-tw","313":"pa_themes-action","316":"first","317":"instock","318":"virtual","319":"taxable","320":"purchasable","321":"product-type-simple"},"yoast_head":"<!-- This site is optimized with the Yoast SEO plugin v27.3 - https:\/\/yoast.com\/product\/yoast-seo-wordpress\/ -->\n<title>Super Magbot | BeGamer.cz<\/title>\n<meta name=\"robots\" content=\"index, follow, max-snippet:-1, max-image-preview:large, max-video-preview:-1\" \/>\n<link rel=\"canonical\" href=\"https:\/\/begamer.cz\/sk\/produkt\/super-magbot-sk\/\" \/>\n<meta property=\"og:locale\" content=\"sk_SK\" \/>\n<meta property=\"og:type\" content=\"article\" \/>\n<meta property=\"og:title\" content=\"Super Magbot | BeGamer.cz\" \/>\n<meta property=\"og:description\" content=\"Presn\u00e1 2D plo\u0161inovka s ne\u010dakan\u00fdm zvratom. \u017dIADNE SK\u00c1KANIE. Ovl\u00e1dnite svoje magnetick\u00e9 schopnosti a prekonajte ka\u017ed\u00fa \u00farove\u0148 r\u00fdchlos\u0165ou a zru\u010dnos\u0165ou. Vychutnajte si klasick\u00fa 16-bitov\u00fa hern\u00fa atmosf\u00e9ru, zdol\u00e1vajte n\u00e1ro\u010dn\u00e9 \u00falohy a s\u00fa\u0165a\u017ete o prvenstvo v glob\u00e1lnom rebr\u00ed\u010dku.\" \/>\n<meta property=\"og:url\" content=\"https:\/\/begamer.cz\/sk\/produkt\/super-magbot-sk\/\" \/>\n<meta property=\"og:site_name\" content=\"BeGamer.cz\" \/>\n<meta property=\"article:modified_time\" content=\"2026-03-11T08:34:52+00:00\" \/>\n<meta property=\"og:image\" content=\"https:\/\/begamer.cz\/wp-content\/uploads\/2026\/01\/super-magbot-12.webp\" \/>\n\t<meta property=\"og:image:width\" content=\"300\" \/>\n\t<meta property=\"og:image:height\" content=\"400\" \/>\n\t<meta property=\"og:image:type\" content=\"image\/webp\" \/>\n<meta name=\"twitter:card\" content=\"summary_large_image\" \/>\n<meta name=\"twitter:label1\" content=\"Predpokladan\u00fd \u010das \u010d\u00edtania\" \/>\n\t<meta name=\"twitter:data1\" content=\"1 min\u00fata\" \/>\n<script type=\"application\/ld+json\" class=\"yoast-schema-graph\">{\"@context\":\"https:\\\/\\\/schema.org\",\"@graph\":[{\"@type\":\"WebPage\",\"@id\":\"https:\\\/\\\/begamer.cz\\\/sk\\\/produkt\\\/super-magbot-sk\\\/\",\"url\":\"https:\\\/\\\/begamer.cz\\\/sk\\\/produkt\\\/super-magbot-sk\\\/\",\"name\":\"Super Magbot | BeGamer.cz\",\"isPartOf\":{\"@id\":\"https:\\\/\\\/begamer.cz\\\/sk\\\/#website\"},\"primaryImageOfPage\":{\"@id\":\"https:\\\/\\\/begamer.cz\\\/sk\\\/produkt\\\/super-magbot-sk\\\/#primaryimage\"},\"image\":{\"@id\":\"https:\\\/\\\/begamer.cz\\\/sk\\\/produkt\\\/super-magbot-sk\\\/#primaryimage\"},\"thumbnailUrl\":\"https:\\\/\\\/begamer.cz\\\/wp-content\\\/uploads\\\/2026\\\/01\\\/super-magbot-12.webp\",\"datePublished\":\"2026-01-30T17:30:07+00:00\",\"dateModified\":\"2026-03-11T08:34:52+00:00\",\"breadcrumb\":{\"@id\":\"https:\\\/\\\/begamer.cz\\\/sk\\\/produkt\\\/super-magbot-sk\\\/#breadcrumb\"},\"inLanguage\":\"sk-SK\",\"potentialAction\":[{\"@type\":\"ReadAction\",\"target\":[\"https:\\\/\\\/begamer.cz\\\/sk\\\/produkt\\\/super-magbot-sk\\\/\"]}]},{\"@type\":\"ImageObject\",\"inLanguage\":\"sk-SK\",\"@id\":\"https:\\\/\\\/begamer.cz\\\/sk\\\/produkt\\\/super-magbot-sk\\\/#primaryimage\",\"url\":\"https:\\\/\\\/begamer.cz\\\/wp-content\\\/uploads\\\/2026\\\/01\\\/super-magbot-12.webp\",\"contentUrl\":\"https:\\\/\\\/begamer.cz\\\/wp-content\\\/uploads\\\/2026\\\/01\\\/super-magbot-12.webp\",\"width\":300,\"height\":400},{\"@type\":\"BreadcrumbList\",\"@id\":\"https:\\\/\\\/begamer.cz\\\/sk\\\/produkt\\\/super-magbot-sk\\\/#breadcrumb\",\"itemListElement\":[{\"@type\":\"ListItem\",\"position\":1,\"name\":\"Domov\",\"item\":\"https:\\\/\\\/begamer.cz\\\/sk\\\/\"},{\"@type\":\"ListItem\",\"position\":2,\"name\":\"Obchod\",\"item\":\"https:\\\/\\\/begamer.cz\\\/obchod\\\/\"},{\"@type\":\"ListItem\",\"position\":3,\"name\":\"Super Magbot\"}]},{\"@type\":\"WebSite\",\"@id\":\"https:\\\/\\\/begamer.cz\\\/sk\\\/#website\",\"url\":\"https:\\\/\\\/begamer.cz\\\/sk\\\/\",\"name\":\"BeGamer.cz\",\"description\":\"\",\"publisher\":{\"@id\":\"https:\\\/\\\/begamer.cz\\\/sk\\\/#organization\"},\"potentialAction\":[{\"@type\":\"SearchAction\",\"target\":{\"@type\":\"EntryPoint\",\"urlTemplate\":\"https:\\\/\\\/begamer.cz\\\/sk\\\/?s={search_term_string}\"},\"query-input\":{\"@type\":\"PropertyValueSpecification\",\"valueRequired\":true,\"valueName\":\"search_term_string\"}}],\"inLanguage\":\"sk-SK\"},{\"@type\":\"Organization\",\"@id\":\"https:\\\/\\\/begamer.cz\\\/sk\\\/#organization\",\"name\":\"BeGamer.cz\",\"url\":\"https:\\\/\\\/begamer.cz\\\/sk\\\/\",\"logo\":{\"@type\":\"ImageObject\",\"inLanguage\":\"sk-SK\",\"@id\":\"https:\\\/\\\/begamer.cz\\\/sk\\\/#\\\/schema\\\/logo\\\/image\\\/\",\"url\":\"https:\\\/\\\/begamer.cz\\\/wp-content\\\/uploads\\\/2025\\\/07\\\/logo.svg\",\"contentUrl\":\"https:\\\/\\\/begamer.cz\\\/wp-content\\\/uploads\\\/2025\\\/07\\\/logo.svg\",\"caption\":\"BeGamer.cz\"},\"image\":{\"@id\":\"https:\\\/\\\/begamer.cz\\\/sk\\\/#\\\/schema\\\/logo\\\/image\\\/\"}}]}<\/script>\n<!-- \/ Yoast SEO plugin. -->","yoast_head_json":{"title":"Super Magbot | BeGamer.cz","robots":{"index":"index","follow":"follow","max-snippet":"max-snippet:-1","max-image-preview":"max-image-preview:large","max-video-preview":"max-video-preview:-1"},"canonical":"https:\/\/begamer.cz\/sk\/produkt\/super-magbot-sk\/","og_locale":"sk_SK","og_type":"article","og_title":"Super Magbot | BeGamer.cz","og_description":"Presn\u00e1 2D plo\u0161inovka s ne\u010dakan\u00fdm zvratom. \u017dIADNE SK\u00c1KANIE. Ovl\u00e1dnite svoje magnetick\u00e9 schopnosti a prekonajte ka\u017ed\u00fa \u00farove\u0148 r\u00fdchlos\u0165ou a zru\u010dnos\u0165ou. Vychutnajte si klasick\u00fa 16-bitov\u00fa hern\u00fa atmosf\u00e9ru, zdol\u00e1vajte n\u00e1ro\u010dn\u00e9 \u00falohy a s\u00fa\u0165a\u017ete o prvenstvo v glob\u00e1lnom rebr\u00ed\u010dku.","og_url":"https:\/\/begamer.cz\/sk\/produkt\/super-magbot-sk\/","og_site_name":"BeGamer.cz","article_modified_time":"2026-03-11T08:34:52+00:00","og_image":[{"width":300,"height":400,"url":"https:\/\/begamer.cz\/wp-content\/uploads\/2026\/01\/super-magbot-12.webp","type":"image\/webp"}],"twitter_card":"summary_large_image","twitter_misc":{"Predpokladan\u00fd \u010das \u010d\u00edtania":"1 min\u00fata"},"schema":{"@context":"https:\/\/schema.org","@graph":[{"@type":"WebPage","@id":"https:\/\/begamer.cz\/sk\/produkt\/super-magbot-sk\/","url":"https:\/\/begamer.cz\/sk\/produkt\/super-magbot-sk\/","name":"Super Magbot | BeGamer.cz","isPartOf":{"@id":"https:\/\/begamer.cz\/sk\/#website"},"primaryImageOfPage":{"@id":"https:\/\/begamer.cz\/sk\/produkt\/super-magbot-sk\/#primaryimage"},"image":{"@id":"https:\/\/begamer.cz\/sk\/produkt\/super-magbot-sk\/#primaryimage"},"thumbnailUrl":"https:\/\/begamer.cz\/wp-content\/uploads\/2026\/01\/super-magbot-12.webp","datePublished":"2026-01-30T17:30:07+00:00","dateModified":"2026-03-11T08:34:52+00:00","breadcrumb":{"@id":"https:\/\/begamer.cz\/sk\/produkt\/super-magbot-sk\/#breadcrumb"},"inLanguage":"sk-SK","potentialAction":[{"@type":"ReadAction","target":["https:\/\/begamer.cz\/sk\/produkt\/super-magbot-sk\/"]}]},{"@type":"ImageObject","inLanguage":"sk-SK","@id":"https:\/\/begamer.cz\/sk\/produkt\/super-magbot-sk\/#primaryimage","url":"https:\/\/begamer.cz\/wp-content\/uploads\/2026\/01\/super-magbot-12.webp","contentUrl":"https:\/\/begamer.cz\/wp-content\/uploads\/2026\/01\/super-magbot-12.webp","width":300,"height":400},{"@type":"BreadcrumbList","@id":"https:\/\/begamer.cz\/sk\/produkt\/super-magbot-sk\/#breadcrumb","itemListElement":[{"@type":"ListItem","position":1,"name":"Domov","item":"https:\/\/begamer.cz\/sk\/"},{"@type":"ListItem","position":2,"name":"Obchod","item":"https:\/\/begamer.cz\/obchod\/"},{"@type":"ListItem","position":3,"name":"Super Magbot"}]},{"@type":"WebSite","@id":"https:\/\/begamer.cz\/sk\/#website","url":"https:\/\/begamer.cz\/sk\/","name":"BeGamer.cz","description":"","publisher":{"@id":"https:\/\/begamer.cz\/sk\/#organization"},"potentialAction":[{"@type":"SearchAction","target":{"@type":"EntryPoint","urlTemplate":"https:\/\/begamer.cz\/sk\/?s={search_term_string}"},"query-input":{"@type":"PropertyValueSpecification","valueRequired":true,"valueName":"search_term_string"}}],"inLanguage":"sk-SK"},{"@type":"Organization","@id":"https:\/\/begamer.cz\/sk\/#organization","name":"BeGamer.cz","url":"https:\/\/begamer.cz\/sk\/","logo":{"@type":"ImageObject","inLanguage":"sk-SK","@id":"https:\/\/begamer.cz\/sk\/#\/schema\/logo\/image\/","url":"https:\/\/begamer.cz\/wp-content\/uploads\/2025\/07\/logo.svg","contentUrl":"https:\/\/begamer.cz\/wp-content\/uploads\/2025\/07\/logo.svg","caption":"BeGamer.cz"},"image":{"@id":"https:\/\/begamer.cz\/sk\/#\/schema\/logo\/image\/"}}]}},"acf":[],"_links":{"self":[{"href":"https:\/\/begamer.cz\/sk\/wp-json\/wp\/v2\/product\/101486","targetHints":{"allow":["GET"]}}],"collection":[{"href":"https:\/\/begamer.cz\/sk\/wp-json\/wp\/v2\/product"}],"about":[{"href":"https:\/\/begamer.cz\/sk\/wp-json\/wp\/v2\/types\/product"}],"replies":[{"embeddable":true,"href":"https:\/\/begamer.cz\/sk\/wp-json\/wp\/v2\/comments?post=101486"}],"wp:featuredmedia":[{"embeddable":true,"href":"https:\/\/begamer.cz\/sk\/wp-json\/wp\/v2\/media\/38571"}],"wp:attachment":[{"href":"https:\/\/begamer.cz\/sk\/wp-json\/wp\/v2\/media?parent=101486"}],"wp:term":[{"taxonomy":"product_brand","embeddable":true,"href":"https:\/\/begamer.cz\/sk\/wp-json\/wp\/v2\/product_brand?post=101486"},{"taxonomy":"product_cat","embeddable":true,"href":"https:\/\/begamer.cz\/sk\/wp-json\/wp\/v2\/product_cat?post=101486"},{"taxonomy":"product_tag","embeddable":true,"href":"https:\/\/begamer.cz\/sk\/wp-json\/wp\/v2\/product_tag?post=101486"}],"curies":[{"name":"wp","href":"https:\/\/api.w.org\/{rel}","templated":true}]}}