{"id":101396,"date":"2026-01-30T18:28:29","date_gmt":"2026-01-30T17:28:29","guid":{"rendered":"https:\/\/begamer.cz\/produkt\/border-bots-vr-sk\/"},"modified":"2026-03-11T09:26:40","modified_gmt":"2026-03-11T08:26:40","slug":"border-bots-vr-sk","status":"publish","type":"product","link":"https:\/\/begamer.cz\/sk\/produkt\/border-bots-vr-sk\/","title":{"rendered":"Border Bots VR"},"content":{"rendered":"<p>Border Bots VR je logick\u00e1 simul\u00e1cia zasaden\u00e1 do bud\u00facnosti, kde vl\u00e1dne umel\u00e1 inteligencia. Ako \u013eudsk\u00fd pohrani\u010dn\u00fd agent za\u010dnete nov\u00fa \u00falohu ako obsluha kab\u00edny na hranici pre cestovanie s umelou inteligenciou. Komunikujte a kontrolujte r\u00f4zne roboty, ktor\u00e9 sa sna\u017eia prejs\u0165 bezpe\u010dnostnou kontrolou. Niektor\u00e9 z ich dokladov m\u00f4\u017eu by\u0165 neplatn\u00e9, je na v\u00e1s, aby ste sa uistili, \u017ee dostan\u00fa pe\u010diatku schv\u00e1lenia.<\/p>\n<p><span class=\"bb_img_ctn\"><img loading=\"lazy\" decoding=\"async\" class=\"bb_img\" src=\"https:\/\/shared.akamai.steamstatic.com\/store_item_assets\/steam\/apps\/874440\/extras\/f5c36003da55d4239a3a6cd80ebb9a02.avif?t=1726588286\" width=\"616\" height=\"144\" \/><\/span><\/p>\n<p>Vst\u00fapte do st\u00e1nku ako pohrani\u010dn\u00fd agent a r\u00fdchlo spracujte robotov anal\u00fdzou ich dokumentov, \u010di neobsahuj\u00fa nezrovnalosti, zvl\u00e1\u0161tnosti, nehl\u00e1sen\u00e9 \u00fapravy a kontraband!<\/p>\n<p><span class=\"bb_img_ctn\"><img loading=\"lazy\" decoding=\"async\" class=\"bb_img\" src=\"https:\/\/shared.akamai.steamstatic.com\/store_item_assets\/steam\/apps\/874440\/extras\/cbc5a5c04490567c5a1c7eb9e846320f.avif?t=1726588286\" width=\"616\" height=\"144\" \/><\/span><\/p>\n<p>Z\u00edskavajte kredity prostredn\u00edctvom n\u00e1ro\u010dnej hry a nakupujte vylep\u0161enia st\u00e1nku, aby ste mali n\u00e1skok pred konkurenciou. Kredity m\u00f4\u017eete tie\u017e min\u00fa\u0165 na prisp\u00f4sobenie bytu a o\u017eivi\u0165 tak svoj priestor!<\/p>\n<p><span class=\"bb_img_ctn\"><img loading=\"lazy\" decoding=\"async\" class=\"bb_img\" src=\"https:\/\/shared.akamai.steamstatic.com\/store_item_assets\/steam\/apps\/874440\/extras\/8fbb02c770473d144429498f2504e788.avif?t=1726588286\" width=\"616\" height=\"144\" \/><\/span><\/p>\n<p>Stret\u00e1vajte sa a komunikujte s r\u00f4znymi podivn\u00fdmi robotmi v st\u00e1nku a vo va\u0161om byte! Stretnite sa tv\u00e1rou v tv\u00e1r s vn\u00edmav\u00fdmi spotrebi\u010dmi a zistite viac o ich novoobjavenom vedom\u00ed a pestr\u00fdch osobnostiach.<\/p>\n<p><span class=\"bb_img_ctn\"><img loading=\"lazy\" decoding=\"async\" class=\"bb_img\" src=\"https:\/\/shared.akamai.steamstatic.com\/store_item_assets\/steam\/apps\/874440\/extras\/0a4e819b997d959aa6798e29c7f0003d.avif?t=1726588286\" width=\"616\" height=\"144\" \/><\/span><\/p>\n<p>Pou\u017eite r\u00f4zne hmatov\u00e9 gadgety vo VR, aby ste mohli robotov v st\u00e1nku presk\u00fama\u0165. Na kontrolu budete potrebova\u0165 r\u00f4zne n\u00e1stroje, vr\u00e1tane 3D tla\u010diarne, detektora kontrabandu, paralyz\u00e9ra, \u010d\u00edta\u010dky \u010diarov\u00fdch k\u00f3dov a mnoho \u010fal\u0161\u00edch.<\/p>\n","protected":false},"excerpt":{"rendered":"<p>Ako \u013eudsk\u00fd pohrani\u010dn\u00fd agent za\u010d\u00ednate nov\u00fa \u00falohu ako obsluha kab\u00edny na hranici s umelou inteligenciou. Komunikujte a kontrolujte r\u00f4zne roboty, ktor\u00e9 sa sna\u017eia prejs\u0165 bezpe\u010dnostnou kontrolou.<\/p>\n","protected":false},"featured_media":37834,"comment_status":"open","ping_status":"closed","template":"","meta":{"_acf_changed":false},"product_brand":[],"product_cat":[294,268,266,314,312,322],"product_tag":[],"class_list":{"0":"post-101396","1":"product","2":"type-product","3":"status-publish","4":"has-post-thumbnail","6":"product_cat-logicke-pc-hry-sk","7":"product_cat-pc-sk","8":"product_cat-pc-hry-sk","9":"product_cat-simulatory-pc-hry-sk","10":"product_cat-steam-pc-sk","11":"product_cat-virtualna-realita-pc","12":"pa_audio-en-us","14":"pa_developer-team17-digital","16":"pa_game_type-main_game","18":"pa_genres-puzzle","20":"pa_genres-simulator","21":"pa_interface-de-de","22":"pa_interface-en-us","23":"pa_interface-es-es","24":"pa_interface-fr-fr","25":"pa_interface-it-it","26":"pa_interface-ja-jp","27":"pa_interface-ko-kr","29":"pa_interface-zh-cn","30":"pa_interface-zh-tw","31":"pa_keywords-previously-on-horizon-plus","32":"pa_modes-single-player","34":"pa_platform-pc-steam","36":"pa_player_perspectives-virtual-reality","38":"pa_publisher-team17-digital","40":"pa_rating-773","41":"pa_rating-14441","42":"pa_region-global","44":"pa_themes-science-fiction","47":"first","48":"instock","49":"virtual","50":"taxable","51":"purchasable","52":"product-type-simple"},"yoast_head":"<!-- This site is optimized with the Yoast SEO plugin v27.3 - https:\/\/yoast.com\/product\/yoast-seo-wordpress\/ -->\n<title>Border Bots VR | BeGamer.cz<\/title>\n<meta name=\"robots\" content=\"index, follow, max-snippet:-1, max-image-preview:large, max-video-preview:-1\" \/>\n<link rel=\"canonical\" href=\"https:\/\/begamer.cz\/sk\/produkt\/border-bots-vr-sk\/\" \/>\n<meta property=\"og:locale\" content=\"sk_SK\" \/>\n<meta property=\"og:type\" content=\"article\" \/>\n<meta property=\"og:title\" content=\"Border Bots VR | BeGamer.cz\" \/>\n<meta property=\"og:description\" content=\"Ako \u013eudsk\u00fd pohrani\u010dn\u00fd agent za\u010d\u00ednate nov\u00fa \u00falohu ako obsluha kab\u00edny na hranici s umelou inteligenciou. Komunikujte a kontrolujte r\u00f4zne roboty, ktor\u00e9 sa sna\u017eia prejs\u0165 bezpe\u010dnostnou kontrolou.\" \/>\n<meta property=\"og:url\" content=\"https:\/\/begamer.cz\/sk\/produkt\/border-bots-vr-sk\/\" \/>\n<meta property=\"og:site_name\" content=\"BeGamer.cz\" \/>\n<meta property=\"article:modified_time\" content=\"2026-03-11T08:26:40+00:00\" \/>\n<meta property=\"og:image\" content=\"https:\/\/begamer.cz\/wp-content\/uploads\/2026\/01\/border-bots-vr-8.webp\" \/>\n\t<meta property=\"og:image:width\" content=\"300\" \/>\n\t<meta property=\"og:image:height\" content=\"400\" \/>\n\t<meta property=\"og:image:type\" content=\"image\/webp\" \/>\n<meta name=\"twitter:card\" content=\"summary_large_image\" \/>\n<meta name=\"twitter:label1\" content=\"Predpokladan\u00fd \u010das \u010d\u00edtania\" \/>\n\t<meta name=\"twitter:data1\" content=\"1 min\u00fata\" \/>\n<script type=\"application\/ld+json\" class=\"yoast-schema-graph\">{\"@context\":\"https:\\\/\\\/schema.org\",\"@graph\":[{\"@type\":\"WebPage\",\"@id\":\"https:\\\/\\\/begamer.cz\\\/sk\\\/produkt\\\/border-bots-vr-sk\\\/\",\"url\":\"https:\\\/\\\/begamer.cz\\\/sk\\\/produkt\\\/border-bots-vr-sk\\\/\",\"name\":\"Border Bots VR | BeGamer.cz\",\"isPartOf\":{\"@id\":\"https:\\\/\\\/begamer.cz\\\/sk\\\/#website\"},\"primaryImageOfPage\":{\"@id\":\"https:\\\/\\\/begamer.cz\\\/sk\\\/produkt\\\/border-bots-vr-sk\\\/#primaryimage\"},\"image\":{\"@id\":\"https:\\\/\\\/begamer.cz\\\/sk\\\/produkt\\\/border-bots-vr-sk\\\/#primaryimage\"},\"thumbnailUrl\":\"https:\\\/\\\/begamer.cz\\\/wp-content\\\/uploads\\\/2026\\\/01\\\/border-bots-vr-8.webp\",\"datePublished\":\"2026-01-30T17:28:29+00:00\",\"dateModified\":\"2026-03-11T08:26:40+00:00\",\"breadcrumb\":{\"@id\":\"https:\\\/\\\/begamer.cz\\\/sk\\\/produkt\\\/border-bots-vr-sk\\\/#breadcrumb\"},\"inLanguage\":\"sk-SK\",\"potentialAction\":[{\"@type\":\"ReadAction\",\"target\":[\"https:\\\/\\\/begamer.cz\\\/sk\\\/produkt\\\/border-bots-vr-sk\\\/\"]}]},{\"@type\":\"ImageObject\",\"inLanguage\":\"sk-SK\",\"@id\":\"https:\\\/\\\/begamer.cz\\\/sk\\\/produkt\\\/border-bots-vr-sk\\\/#primaryimage\",\"url\":\"https:\\\/\\\/begamer.cz\\\/wp-content\\\/uploads\\\/2026\\\/01\\\/border-bots-vr-8.webp\",\"contentUrl\":\"https:\\\/\\\/begamer.cz\\\/wp-content\\\/uploads\\\/2026\\\/01\\\/border-bots-vr-8.webp\",\"width\":300,\"height\":400},{\"@type\":\"BreadcrumbList\",\"@id\":\"https:\\\/\\\/begamer.cz\\\/sk\\\/produkt\\\/border-bots-vr-sk\\\/#breadcrumb\",\"itemListElement\":[{\"@type\":\"ListItem\",\"position\":1,\"name\":\"Domov\",\"item\":\"https:\\\/\\\/begamer.cz\\\/sk\\\/\"},{\"@type\":\"ListItem\",\"position\":2,\"name\":\"Obchod\",\"item\":\"https:\\\/\\\/begamer.cz\\\/obchod\\\/\"},{\"@type\":\"ListItem\",\"position\":3,\"name\":\"Border Bots VR\"}]},{\"@type\":\"WebSite\",\"@id\":\"https:\\\/\\\/begamer.cz\\\/sk\\\/#website\",\"url\":\"https:\\\/\\\/begamer.cz\\\/sk\\\/\",\"name\":\"BeGamer.cz\",\"description\":\"\",\"publisher\":{\"@id\":\"https:\\\/\\\/begamer.cz\\\/sk\\\/#organization\"},\"potentialAction\":[{\"@type\":\"SearchAction\",\"target\":{\"@type\":\"EntryPoint\",\"urlTemplate\":\"https:\\\/\\\/begamer.cz\\\/sk\\\/?s={search_term_string}\"},\"query-input\":{\"@type\":\"PropertyValueSpecification\",\"valueRequired\":true,\"valueName\":\"search_term_string\"}}],\"inLanguage\":\"sk-SK\"},{\"@type\":\"Organization\",\"@id\":\"https:\\\/\\\/begamer.cz\\\/sk\\\/#organization\",\"name\":\"BeGamer.cz\",\"url\":\"https:\\\/\\\/begamer.cz\\\/sk\\\/\",\"logo\":{\"@type\":\"ImageObject\",\"inLanguage\":\"sk-SK\",\"@id\":\"https:\\\/\\\/begamer.cz\\\/sk\\\/#\\\/schema\\\/logo\\\/image\\\/\",\"url\":\"https:\\\/\\\/begamer.cz\\\/wp-content\\\/uploads\\\/2025\\\/07\\\/logo.svg\",\"contentUrl\":\"https:\\\/\\\/begamer.cz\\\/wp-content\\\/uploads\\\/2025\\\/07\\\/logo.svg\",\"caption\":\"BeGamer.cz\"},\"image\":{\"@id\":\"https:\\\/\\\/begamer.cz\\\/sk\\\/#\\\/schema\\\/logo\\\/image\\\/\"}}]}<\/script>\n<!-- \/ Yoast SEO plugin. -->","yoast_head_json":{"title":"Border Bots VR | BeGamer.cz","robots":{"index":"index","follow":"follow","max-snippet":"max-snippet:-1","max-image-preview":"max-image-preview:large","max-video-preview":"max-video-preview:-1"},"canonical":"https:\/\/begamer.cz\/sk\/produkt\/border-bots-vr-sk\/","og_locale":"sk_SK","og_type":"article","og_title":"Border Bots VR | BeGamer.cz","og_description":"Ako \u013eudsk\u00fd pohrani\u010dn\u00fd agent za\u010d\u00ednate nov\u00fa \u00falohu ako obsluha kab\u00edny na hranici s umelou inteligenciou. Komunikujte a kontrolujte r\u00f4zne roboty, ktor\u00e9 sa sna\u017eia prejs\u0165 bezpe\u010dnostnou kontrolou.","og_url":"https:\/\/begamer.cz\/sk\/produkt\/border-bots-vr-sk\/","og_site_name":"BeGamer.cz","article_modified_time":"2026-03-11T08:26:40+00:00","og_image":[{"width":300,"height":400,"url":"https:\/\/begamer.cz\/wp-content\/uploads\/2026\/01\/border-bots-vr-8.webp","type":"image\/webp"}],"twitter_card":"summary_large_image","twitter_misc":{"Predpokladan\u00fd \u010das \u010d\u00edtania":"1 min\u00fata"},"schema":{"@context":"https:\/\/schema.org","@graph":[{"@type":"WebPage","@id":"https:\/\/begamer.cz\/sk\/produkt\/border-bots-vr-sk\/","url":"https:\/\/begamer.cz\/sk\/produkt\/border-bots-vr-sk\/","name":"Border Bots VR | BeGamer.cz","isPartOf":{"@id":"https:\/\/begamer.cz\/sk\/#website"},"primaryImageOfPage":{"@id":"https:\/\/begamer.cz\/sk\/produkt\/border-bots-vr-sk\/#primaryimage"},"image":{"@id":"https:\/\/begamer.cz\/sk\/produkt\/border-bots-vr-sk\/#primaryimage"},"thumbnailUrl":"https:\/\/begamer.cz\/wp-content\/uploads\/2026\/01\/border-bots-vr-8.webp","datePublished":"2026-01-30T17:28:29+00:00","dateModified":"2026-03-11T08:26:40+00:00","breadcrumb":{"@id":"https:\/\/begamer.cz\/sk\/produkt\/border-bots-vr-sk\/#breadcrumb"},"inLanguage":"sk-SK","potentialAction":[{"@type":"ReadAction","target":["https:\/\/begamer.cz\/sk\/produkt\/border-bots-vr-sk\/"]}]},{"@type":"ImageObject","inLanguage":"sk-SK","@id":"https:\/\/begamer.cz\/sk\/produkt\/border-bots-vr-sk\/#primaryimage","url":"https:\/\/begamer.cz\/wp-content\/uploads\/2026\/01\/border-bots-vr-8.webp","contentUrl":"https:\/\/begamer.cz\/wp-content\/uploads\/2026\/01\/border-bots-vr-8.webp","width":300,"height":400},{"@type":"BreadcrumbList","@id":"https:\/\/begamer.cz\/sk\/produkt\/border-bots-vr-sk\/#breadcrumb","itemListElement":[{"@type":"ListItem","position":1,"name":"Domov","item":"https:\/\/begamer.cz\/sk\/"},{"@type":"ListItem","position":2,"name":"Obchod","item":"https:\/\/begamer.cz\/obchod\/"},{"@type":"ListItem","position":3,"name":"Border Bots VR"}]},{"@type":"WebSite","@id":"https:\/\/begamer.cz\/sk\/#website","url":"https:\/\/begamer.cz\/sk\/","name":"BeGamer.cz","description":"","publisher":{"@id":"https:\/\/begamer.cz\/sk\/#organization"},"potentialAction":[{"@type":"SearchAction","target":{"@type":"EntryPoint","urlTemplate":"https:\/\/begamer.cz\/sk\/?s={search_term_string}"},"query-input":{"@type":"PropertyValueSpecification","valueRequired":true,"valueName":"search_term_string"}}],"inLanguage":"sk-SK"},{"@type":"Organization","@id":"https:\/\/begamer.cz\/sk\/#organization","name":"BeGamer.cz","url":"https:\/\/begamer.cz\/sk\/","logo":{"@type":"ImageObject","inLanguage":"sk-SK","@id":"https:\/\/begamer.cz\/sk\/#\/schema\/logo\/image\/","url":"https:\/\/begamer.cz\/wp-content\/uploads\/2025\/07\/logo.svg","contentUrl":"https:\/\/begamer.cz\/wp-content\/uploads\/2025\/07\/logo.svg","caption":"BeGamer.cz"},"image":{"@id":"https:\/\/begamer.cz\/sk\/#\/schema\/logo\/image\/"}}]}},"acf":[],"_links":{"self":[{"href":"https:\/\/begamer.cz\/sk\/wp-json\/wp\/v2\/product\/101396","targetHints":{"allow":["GET"]}}],"collection":[{"href":"https:\/\/begamer.cz\/sk\/wp-json\/wp\/v2\/product"}],"about":[{"href":"https:\/\/begamer.cz\/sk\/wp-json\/wp\/v2\/types\/product"}],"replies":[{"embeddable":true,"href":"https:\/\/begamer.cz\/sk\/wp-json\/wp\/v2\/comments?post=101396"}],"wp:featuredmedia":[{"embeddable":true,"href":"https:\/\/begamer.cz\/sk\/wp-json\/wp\/v2\/media\/37834"}],"wp:attachment":[{"href":"https:\/\/begamer.cz\/sk\/wp-json\/wp\/v2\/media?parent=101396"}],"wp:term":[{"taxonomy":"product_brand","embeddable":true,"href":"https:\/\/begamer.cz\/sk\/wp-json\/wp\/v2\/product_brand?post=101396"},{"taxonomy":"product_cat","embeddable":true,"href":"https:\/\/begamer.cz\/sk\/wp-json\/wp\/v2\/product_cat?post=101396"},{"taxonomy":"product_tag","embeddable":true,"href":"https:\/\/begamer.cz\/sk\/wp-json\/wp\/v2\/product_tag?post=101396"}],"curies":[{"name":"wp","href":"https:\/\/api.w.org\/{rel}","templated":true}]}}