{"id":101309,"date":"2026-01-30T18:26:47","date_gmt":"2026-01-30T17:26:47","guid":{"rendered":"https:\/\/begamer.cz\/produkt\/ambulance-life-a-paramedic-simulator-sk\/"},"modified":"2026-03-11T09:23:25","modified_gmt":"2026-03-11T08:23:25","slug":"ambulance-life-a-paramedic-simulator-sk","status":"publish","type":"product","link":"https:\/\/begamer.cz\/sk\/produkt\/ambulance-life-a-paramedic-simulator-sk\/","title":{"rendered":"Ambulance Life: A Paramedic Simulator"},"content":{"rendered":"<h1>O hre<\/h1>\n<p><span class=\"bb_img_ctn\"><video class=\"bb_img\" autoplay muted loop playsinline poster=\"https:\/\/shared.akamai.steamstatic.com\/store_item_assets\/steam\/apps\/1926520\/extras\/98705aae1619da5ec78621d9fe755dad.poster.avif?t=1750166389\" width=614 height=300 ><source src=\"https:\/\/shared.akamai.steamstatic.com\/store_item_assets\/steam\/apps\/1926520\/extras\/98705aae1619da5ec78621d9fe755dad.webm?t=1750166389\" type=\"video\/webm; codecs=vp9\"><source src=\"https:\/\/shared.akamai.steamstatic.com\/store_item_assets\/steam\/apps\/1926520\/extras\/98705aae1619da5ec78621d9fe755dad.mp4?t=1750166389\" type=\"video\/mp4\"><\/video><\/span><\/p>\n<p><i>Hra Ambulance Life: A Paramedic Simulator<\/i>, ktor\u00fa vyvinuli tvorcovia prelomovej hry <i>Police Simulator: Patrol Officers<\/i>, je prvou simula\u010dnou hrou, v ktorej za\u017eijete v\u0161etky aspekty \u017eivota z\u00e1chran\u00e1ra. V\u00e1\u0161 cie\u013e? R\u00fdchlo sa dosta\u0165 na miesto nehody za volantom sanitky. Va\u0161a \u00faloha? Postara\u0165 sa o zranen\u00fdch a poskytn\u00fa\u0165 im prv\u00fa pomoc. Ka\u017ed\u00e1 nehoda je in\u00e1. Je len na v\u00e1s, aby ste sa prisp\u00f4sobili a urobili spr\u00e1vne rozhodnutia, pri\u010dom mus\u00edte by\u0165 r\u00fdchli a efekt\u00edvni.<\/p>\n<p><span class=\"bb_img_ctn\"><video class=\"bb_img\" autoplay muted loop playsinline poster=\"https:\/\/shared.akamai.steamstatic.com\/store_item_assets\/steam\/apps\/1926520\/extras\/0f4fd4f2b7e0154d753a1d4a72801809.poster.avif?t=1750166389\" width=600 height=338 ><source src=\"https:\/\/shared.akamai.steamstatic.com\/store_item_assets\/steam\/apps\/1926520\/extras\/0f4fd4f2b7e0154d753a1d4a72801809.webm?t=1750166389\" type=\"video\/webm; codecs=vp9\"><source src=\"https:\/\/shared.akamai.steamstatic.com\/store_item_assets\/steam\/apps\/1926520\/extras\/0f4fd4f2b7e0154d753a1d4a72801809.mp4?t=1750166389\" type=\"video\/mp4\"><\/video><\/span><\/p>\n<p><span class=\"bb_img_ctn\"><video class=\"bb_img\" autoplay muted loop playsinline crossorigin=\"anonymous\" poster=\"https:\/\/shared.akamai.steamstatic.com\/store_item_assets\/steam\/apps\/1926520\/extras\/148f2aa4a266a775d0757af67f907000.poster.avif?t=1750166389\" width=615 height=43 ><source src=\"https:\/\/shared.akamai.steamstatic.com\/store_item_assets\/steam\/apps\/1926520\/extras\/148f2aa4a266a775d0757af67f907000.webm?t=1750166389\" type=\"video\/webm; codecs=vp9\"><\/video><\/span><\/p>\n<p>Venujete sa z\u00e1chrane \u017eivotov \u013eud\u00ed na z\u00e1padnom pobre\u017e\u00ed Spojen\u00fdch \u0161t\u00e1tov. Mesto sa sklad\u00e1 z 3 r\u00f4znorod\u00fdch okresov s rozmanit\u00fdm prostred\u00edm, vr\u00e1tane historick\u00fdch \u0161tvrt\u00ed, obchodn\u00fdch \u0161tvrt\u00ed a priemyseln\u00fdch z\u00f3n. Ka\u017ed\u00e1 \u0161tvr\u0165 je in\u00e1 a m\u00f4\u017ee by\u0165 miestom ka\u017edodenn\u00fdch neh\u00f4d alebo v\u00fdznamn\u00fdch udalost\u00ed. Ob\u010dania San Pel\u00edcana maj\u00fa svoje denn\u00e9 zvyky a \u010dinnosti, z ktor\u00fdch ka\u017ed\u00e1 m\u00f4\u017ee vies\u0165 k nov\u00fdm typom incidentov.<\/p>\n<p><span class=\"bb_img_ctn\"><video class=\"bb_img\" autoplay muted loop playsinline poster=\"https:\/\/shared.akamai.steamstatic.com\/store_item_assets\/steam\/apps\/1926520\/extras\/3eda1a1c25358051b68e0071c9c31561.poster.avif?t=1750166389\" width=600 height=338 ><source src=\"https:\/\/shared.akamai.steamstatic.com\/store_item_assets\/steam\/apps\/1926520\/extras\/3eda1a1c25358051b68e0071c9c31561.webm?t=1750166389\" type=\"video\/webm; codecs=vp9\"><source src=\"https:\/\/shared.akamai.steamstatic.com\/store_item_assets\/steam\/apps\/1926520\/extras\/3eda1a1c25358051b68e0071c9c31561.mp4?t=1750166389\" type=\"video\/mp4\"><\/video><\/span><\/p>\n<p><span class=\"bb_img_ctn\"><video class=\"bb_img\" autoplay muted loop playsinline crossorigin=\"anonymous\" poster=\"https:\/\/shared.akamai.steamstatic.com\/store_item_assets\/steam\/apps\/1926520\/extras\/daa8ad2a216bed0784caae12dfbcb973.poster.avif?t=1750166389\" width=615 height=43 ><source src=\"https:\/\/shared.akamai.steamstatic.com\/store_item_assets\/steam\/apps\/1926520\/extras\/daa8ad2a216bed0784caae12dfbcb973.webm?t=1750166389\" type=\"video\/webm; codecs=vp9\"><\/video><\/span><\/p>\n<p>Hne\u010f ako dispe\u010ding vyhl\u00e1si poplach, mus\u00edte be\u017ea\u0165 k svojej sanitke, zapn\u00fa\u0165 sir\u00e9nu a \u010do najr\u00fdchlej\u0161ie sa dosta\u0165 na miesto nehody. Budete potrebova\u0165 v\u0161etky svoje vodi\u010dsk\u00e9 zru\u010dnosti, aby ste sa preplietli preplnen\u00fdmi ulicami a na\u0161li najlep\u0161iu trasu. \u010cas je rozhoduj\u00faci!<\/p>\n<p><span class=\"bb_img_ctn\"><video class=\"bb_img\" autoplay muted loop playsinline poster=\"https:\/\/shared.akamai.steamstatic.com\/store_item_assets\/steam\/apps\/1926520\/extras\/6577fdd1efe35fdb1e9df730f329850a.poster.avif?t=1750166389\" width=600 height=338 ><source src=\"https:\/\/shared.akamai.steamstatic.com\/store_item_assets\/steam\/apps\/1926520\/extras\/6577fdd1efe35fdb1e9df730f329850a.webm?t=1750166389\" type=\"video\/webm; codecs=vp9\"><source src=\"https:\/\/shared.akamai.steamstatic.com\/store_item_assets\/steam\/apps\/1926520\/extras\/6577fdd1efe35fdb1e9df730f329850a.mp4?t=1750166389\" type=\"video\/mp4\"><\/video><\/span><\/p>\n<p><span class=\"bb_img_ctn\"><video class=\"bb_img\" autoplay muted loop playsinline crossorigin=\"anonymous\" poster=\"https:\/\/shared.akamai.steamstatic.com\/store_item_assets\/steam\/apps\/1926520\/extras\/e38d711f27536ca0110d09427d781327.poster.avif?t=1750166389\" width=615 height=43 ><source src=\"https:\/\/shared.akamai.steamstatic.com\/store_item_assets\/steam\/apps\/1926520\/extras\/e38d711f27536ca0110d09427d781327.webm?t=1750166389\" type=\"video\/webm; codecs=vp9\"><\/video><\/span><\/p>\n<p>Akon\u00e1hle doraz\u00edte na miesto nehody, mus\u00edte starostlivo analyzova\u0165 situ\u00e1ciu, aby ste presne ur\u010dili spr\u00e1vnu lie\u010dbu pre ka\u017ed\u00e9ho pacienta. Porozpr\u00e1vajte sa s nimi, aby ste zistili okolnosti nehody, a vykonajte r\u00f4zne potrebn\u00e9 kontroly pomocou mnoh\u00fdch n\u00e1strojov, ktor\u00e9 m\u00e1te k dispoz\u00edcii, a stanovte svoju po\u010diato\u010dn\u00fa diagn\u00f3zu. Pacienti m\u00f4\u017eu na va\u0161e met\u00f3dy reagova\u0165 negat\u00edvne, ak maj\u00fa alergie, a niektor\u00e9 u\u017e existuj\u00face zdravotn\u00e9 probl\u00e9my m\u00f4\u017eu skomplikova\u0165 lie\u010dbu inak jednoduch\u00fdch probl\u00e9mov. Najz\u00e1va\u017enej\u0161ie pr\u00edpady bude potom potrebn\u00e9 \u010do najr\u00fdchlej\u0161ie prelo\u017ei\u0165 do sanitky a odviez\u0165 do najbli\u017e\u0161ej nemocnice. Ako si budujete reput\u00e1ciu, budete pridelen\u00fd do nov\u00fdch okresov, kde v\u00e1s \u010dakaj\u00fa vzru\u0161uj\u00face nov\u00e9 situ\u00e1cie a odomkn\u00fa sa v\u00e1m nov\u00e9 n\u00e1stroje, ktor\u00e9 budete ma\u0165 k dispoz\u00edcii vo svojej sanitke. Po\u010das va\u0161ich zmien<\/p>\n<p><span class=\"bb_img_ctn\"><video class=\"bb_img\" autoplay muted loop playsinline poster=\"https:\/\/shared.akamai.steamstatic.com\/store_item_assets\/steam\/apps\/1926520\/extras\/7ec9e20b6642423c10ba3f7cf96daa40.poster.avif?t=1750166389\" width=600 height=338 ><source src=\"https:\/\/shared.akamai.steamstatic.com\/store_item_assets\/steam\/apps\/1926520\/extras\/7ec9e20b6642423c10ba3f7cf96daa40.webm?t=1750166389\" type=\"video\/webm; codecs=vp9\"><source src=\"https:\/\/shared.akamai.steamstatic.com\/store_item_assets\/steam\/apps\/1926520\/extras\/7ec9e20b6642423c10ba3f7cf96daa40.mp4?t=1750166389\" type=\"video\/mp4\"><\/video><\/span><\/p>\n<p><span class=\"bb_img_ctn\"><video class=\"bb_img\" autoplay muted loop playsinline crossorigin=\"anonymous\" poster=\"https:\/\/shared.akamai.steamstatic.com\/store_item_assets\/steam\/apps\/1926520\/extras\/a86cd9b1fdc2e646612e15b2b92e9129.poster.avif?t=1750166389\" width=615 height=43 ><source src=\"https:\/\/shared.akamai.steamstatic.com\/store_item_assets\/steam\/apps\/1926520\/extras\/a86cd9b1fdc2e646612e15b2b92e9129.webm?t=1750166389\" type=\"video\/webm; codecs=vp9\"><\/video><\/span><\/p>\n<p>sa m\u00f4\u017eu vyskytn\u00fa\u0165 katastrofick\u00e9 udalosti a vy sa mus\u00edte vzchopi\u0165. Po\u010das t\u00fdchto mimoriadnych situ\u00e1ci\u00ed sa po\u010det obet\u00ed exponenci\u00e1lne zvy\u0161uje. Metodicky vy\u0161etrujte svojich pacientov a triedi\u0165 ich starostlivos\u0165 pod\u013ea z\u00e1va\u017enosti ich zranen\u00ed. Budete konfrontovan\u00ed s mor\u00e1lnymi dilemami, ktor\u00e9 bud\u00fa ma\u0165 priamy vplyv na \u0161ance va\u0161ich pacientov na pre\u017eitie. Budete zodpovedn\u00ed za \u0165a\u017ek\u00e9 rozhodnutia \u2013 aj ke\u010f sa budete sna\u017ei\u0165, ako budete m\u00f4c\u0165, bud\u00fa situ\u00e1cie, ke\u010f nebudete m\u00f4c\u0165 zachr\u00e1ni\u0165 v\u0161etk\u00fdch. Zvl\u00e1dnete tento tlak?<\/p>\n<p><span class=\"bb_img_ctn\"><video class=\"bb_img\" autoplay muted loop playsinline poster=\"https:\/\/shared.akamai.steamstatic.com\/store_item_assets\/steam\/apps\/1926520\/extras\/4a465eabf7749140a7209aac246c9688.poster.avif?t=1750166389\" width=600 height=338 ><source src=\"https:\/\/shared.akamai.steamstatic.com\/store_item_assets\/steam\/apps\/1926520\/extras\/4a465eabf7749140a7209aac246c9688.webm?t=1750166389\" type=\"video\/webm; codecs=vp9\"><source src=\"https:\/\/shared.akamai.steamstatic.com\/store_item_assets\/steam\/apps\/1926520\/extras\/4a465eabf7749140a7209aac246c9688.mp4?t=1750166389\" type=\"video\/mp4\"><\/video><\/span><\/p>\n<ul class=\"bb_ul\">\n<li>Presk\u00famajte 3 jedine\u010dn\u00e9 okresy a zasahujte na miestach neh\u00f4d, niekedy aj ve\u013ek\u00fdch katastrof, ktor\u00e9 sa tam m\u00f4\u017eu sta\u0165.<\/li>\n<li>\u0160of\u00e9rujte sanitky s konkr\u00e9tnymi \u0161t\u00fdlmi jazdy.<\/li>\n<li>Prisp\u00f4sobte svoj \u0161t\u00fdl jazdy hust\u00e9mu a realistick\u00e9mu prem\u00e1vke na cest\u00e1ch.<\/li>\n<li>36 r\u00f4znych s\u0165a\u017enost\u00ed, od jednoduch\u00fdch ka\u017edodenn\u00fdch rezov a\u017e po pop\u00e1leniny 3. stup\u0148a sp\u00f4soben\u00e9 v\u00fdbuchom \u010derpacej stanice<\/li>\n<li>17 lek\u00e1rskych n\u00e1strojov k dispoz\u00edcii, vr\u00e1tane stetoskopu a kysl\u00edkovej masky<\/li>\n<li>Postupy, ktor\u00e9 s\u00fa realistick\u00e9 a zaznamenan\u00e9 v pr\u00edru\u010dke<\/li>\n<li>2 hern\u00e9 re\u017eimy: Simula\u010dn\u00fd re\u017eim pre sk\u00fasen\u00fdch z\u00e1chran\u00e1rov alebo klasick\u00fd re\u017eim, ktor\u00fd v\u00e1s prevedie va\u0161imi prv\u00fdmi zmenami<\/li>\n<\/ul>\n<p><span class=\"bb_img_ctn\"><video class=\"bb_img\" autoplay muted loop playsinline poster=\"https:\/\/shared.akamai.steamstatic.com\/store_item_assets\/steam\/apps\/1926520\/extras\/88b8f3ec587016d1a8d88316c5bf5cd9.poster.avif?t=1750166389\" width=614 height=362 ><source src=\"https:\/\/shared.akamai.steamstatic.com\/store_item_assets\/steam\/apps\/1926520\/extras\/88b8f3ec587016d1a8d88316c5bf5cd9.webm?t=1750166389\" type=\"video\/webm; codecs=vp9\"><source src=\"https:\/\/shared.akamai.steamstatic.com\/store_item_assets\/steam\/apps\/1926520\/extras\/88b8f3ec587016d1a8d88316c5bf5cd9.mp4?t=1750166389\" type=\"video\/mp4\"><\/video><\/span><\/p>\n","protected":false},"excerpt":{"rendered":"<p>Venujte svoj \u017eivot z\u00e1chrane druh\u00fdch. Akon\u00e1hle dostanete n\u00fadzov\u00e9 volanie, r\u00fdchlo sa vyberte na miesto nehody vo svojej sanitke so zapnut\u00fdmi sir\u00e9nami. Poskytnite prv\u00fa pomoc a prevezte \u0165a\u017eko zranen\u00fdch do nemocnice. Ka\u017ed\u00e1 sekunda sa po\u010d\u00edta!<\/p>\n","protected":false},"featured_media":81877,"comment_status":"open","ping_status":"closed","template":"","meta":{"_acf_changed":false},"product_brand":[],"product_cat":[268,266,314,312],"product_tag":[],"class_list":{"0":"post-101309","1":"product","2":"type-product","3":"status-publish","4":"has-post-thumbnail","6":"product_cat-pc-sk","7":"product_cat-pc-hry-sk","8":"product_cat-simulatory-pc-hry-sk","9":"product_cat-steam-pc-sk","10":"pa_audio-en-us","12":"pa_countries-at","13":"pa_countries-be","14":"pa_countries-bg","15":"pa_countries-cy","16":"pa_countries-cz","18":"pa_countries-de","19":"pa_countries-dk","20":"pa_countries-ee","21":"pa_countries-es","22":"pa_countries-fi","23":"pa_countries-fr","24":"pa_countries-gr","25":"pa_countries-hr","26":"pa_countries-hu","27":"pa_countries-ie","28":"pa_countries-it","29":"pa_countries-lt","30":"pa_countries-lu","31":"pa_countries-lv","32":"pa_countries-mt","33":"pa_countries-nl","34":"pa_countries-pl","35":"pa_countries-pt","36":"pa_countries-ro","37":"pa_countries-se","38":"pa_countries-si","39":"pa_countries-sk","40":"pa_developer-aesir-interactive","42":"pa_engine-unreal-engine-5","44":"pa_game_type-main_game","46":"pa_genres-simulator","48":"pa_interface-de-de","49":"pa_interface-en-us","50":"pa_interface-es-es","51":"pa_interface-fr-fr","52":"pa_interface-it-it","53":"pa_interface-ja-jp","54":"pa_interface-ko-kr","55":"pa_interface-pl-pl","56":"pa_interface-pt-br","57":"pa_interface-ru-ru","59":"pa_interface-zh-cn","60":"pa_interface-zh-tw","61":"pa_keywords-ambulance","62":"pa_modes-single-player","64":"pa_pegi-13432","66":"pa_platform-pc-steam","68":"pa_player_perspectives-third-person","70":"pa_publisher-nacon","72":"pa_rating-14441","74":"pa_region-europe","76":"pa_subtitles-de-de","78":"pa_subtitles-en-us","79":"pa_subtitles-es-es","80":"pa_subtitles-fr-fr","81":"pa_subtitles-it-it","82":"pa_subtitles-ja-jp","83":"pa_subtitles-ko-kr","84":"pa_subtitles-pl-pl","85":"pa_subtitles-pt-br","86":"pa_subtitles-ru-ru","87":"pa_subtitles-zh-cn","88":"pa_subtitles-zh-tw","89":"pa_themes-non-fiction","92":"first","93":"outofstock","94":"virtual","95":"taxable","96":"purchasable","97":"product-type-simple"},"yoast_head":"<!-- This site is optimized with the Yoast SEO plugin v27.4 - https:\/\/yoast.com\/product\/yoast-seo-wordpress\/ -->\n<title>Ambulance Life: A Paramedic Simulator | BeGamer.cz<\/title>\n<meta name=\"robots\" content=\"index, follow, max-snippet:-1, max-image-preview:large, max-video-preview:-1\" \/>\n<link rel=\"canonical\" href=\"https:\/\/begamer.cz\/sk\/produkt\/ambulance-life-a-paramedic-simulator-sk\/\" \/>\n<meta property=\"og:locale\" content=\"sk_SK\" \/>\n<meta property=\"og:type\" content=\"article\" \/>\n<meta property=\"og:title\" content=\"Ambulance Life: A Paramedic Simulator | BeGamer.cz\" \/>\n<meta property=\"og:description\" content=\"Venujte svoj \u017eivot z\u00e1chrane druh\u00fdch. Akon\u00e1hle dostanete n\u00fadzov\u00e9 volanie, r\u00fdchlo sa vyberte na miesto nehody vo svojej sanitke so zapnut\u00fdmi sir\u00e9nami. Poskytnite prv\u00fa pomoc a prevezte \u0165a\u017eko zranen\u00fdch do nemocnice. Ka\u017ed\u00e1 sekunda sa po\u010d\u00edta!\" \/>\n<meta property=\"og:url\" content=\"https:\/\/begamer.cz\/sk\/produkt\/ambulance-life-a-paramedic-simulator-sk\/\" \/>\n<meta property=\"og:site_name\" content=\"BeGamer.cz\" \/>\n<meta property=\"article:modified_time\" content=\"2026-03-11T08:23:25+00:00\" \/>\n<meta property=\"og:image\" content=\"https:\/\/begamer.cz\/wp-content\/uploads\/2026\/01\/ambulance-life-a-paramedic-simulator-9.webp\" \/>\n\t<meta property=\"og:image:width\" content=\"300\" \/>\n\t<meta property=\"og:image:height\" content=\"400\" \/>\n\t<meta property=\"og:image:type\" content=\"image\/webp\" \/>\n<meta name=\"twitter:card\" content=\"summary_large_image\" \/>\n<meta name=\"twitter:label1\" content=\"Predpokladan\u00fd \u010das \u010d\u00edtania\" \/>\n\t<meta name=\"twitter:data1\" content=\"3 min\u00faty\" \/>\n<script type=\"application\/ld+json\" class=\"yoast-schema-graph\">{\"@context\":\"https:\\\/\\\/schema.org\",\"@graph\":[{\"@type\":\"WebPage\",\"@id\":\"https:\\\/\\\/begamer.cz\\\/sk\\\/produkt\\\/ambulance-life-a-paramedic-simulator-sk\\\/\",\"url\":\"https:\\\/\\\/begamer.cz\\\/sk\\\/produkt\\\/ambulance-life-a-paramedic-simulator-sk\\\/\",\"name\":\"Ambulance Life: A Paramedic Simulator | BeGamer.cz\",\"isPartOf\":{\"@id\":\"https:\\\/\\\/begamer.cz\\\/sk\\\/#website\"},\"primaryImageOfPage\":{\"@id\":\"https:\\\/\\\/begamer.cz\\\/sk\\\/produkt\\\/ambulance-life-a-paramedic-simulator-sk\\\/#primaryimage\"},\"image\":{\"@id\":\"https:\\\/\\\/begamer.cz\\\/sk\\\/produkt\\\/ambulance-life-a-paramedic-simulator-sk\\\/#primaryimage\"},\"thumbnailUrl\":\"https:\\\/\\\/begamer.cz\\\/wp-content\\\/uploads\\\/2026\\\/01\\\/ambulance-life-a-paramedic-simulator-9.webp\",\"datePublished\":\"2026-01-30T17:26:47+00:00\",\"dateModified\":\"2026-03-11T08:23:25+00:00\",\"breadcrumb\":{\"@id\":\"https:\\\/\\\/begamer.cz\\\/sk\\\/produkt\\\/ambulance-life-a-paramedic-simulator-sk\\\/#breadcrumb\"},\"inLanguage\":\"sk-SK\",\"potentialAction\":[{\"@type\":\"ReadAction\",\"target\":[\"https:\\\/\\\/begamer.cz\\\/sk\\\/produkt\\\/ambulance-life-a-paramedic-simulator-sk\\\/\"]}]},{\"@type\":\"ImageObject\",\"inLanguage\":\"sk-SK\",\"@id\":\"https:\\\/\\\/begamer.cz\\\/sk\\\/produkt\\\/ambulance-life-a-paramedic-simulator-sk\\\/#primaryimage\",\"url\":\"https:\\\/\\\/begamer.cz\\\/wp-content\\\/uploads\\\/2026\\\/01\\\/ambulance-life-a-paramedic-simulator-9.webp\",\"contentUrl\":\"https:\\\/\\\/begamer.cz\\\/wp-content\\\/uploads\\\/2026\\\/01\\\/ambulance-life-a-paramedic-simulator-9.webp\",\"width\":300,\"height\":400},{\"@type\":\"BreadcrumbList\",\"@id\":\"https:\\\/\\\/begamer.cz\\\/sk\\\/produkt\\\/ambulance-life-a-paramedic-simulator-sk\\\/#breadcrumb\",\"itemListElement\":[{\"@type\":\"ListItem\",\"position\":1,\"name\":\"Domov\",\"item\":\"https:\\\/\\\/begamer.cz\\\/sk\\\/\"},{\"@type\":\"ListItem\",\"position\":2,\"name\":\"Obchod\",\"item\":\"https:\\\/\\\/begamer.cz\\\/obchod\\\/\"},{\"@type\":\"ListItem\",\"position\":3,\"name\":\"Ambulance Life: A Paramedic Simulator\"}]},{\"@type\":\"WebSite\",\"@id\":\"https:\\\/\\\/begamer.cz\\\/sk\\\/#website\",\"url\":\"https:\\\/\\\/begamer.cz\\\/sk\\\/\",\"name\":\"BeGamer.cz\",\"description\":\"\",\"publisher\":{\"@id\":\"https:\\\/\\\/begamer.cz\\\/sk\\\/#organization\"},\"potentialAction\":[{\"@type\":\"SearchAction\",\"target\":{\"@type\":\"EntryPoint\",\"urlTemplate\":\"https:\\\/\\\/begamer.cz\\\/sk\\\/?s={search_term_string}\"},\"query-input\":{\"@type\":\"PropertyValueSpecification\",\"valueRequired\":true,\"valueName\":\"search_term_string\"}}],\"inLanguage\":\"sk-SK\"},{\"@type\":\"Organization\",\"@id\":\"https:\\\/\\\/begamer.cz\\\/sk\\\/#organization\",\"name\":\"BeGamer.cz\",\"url\":\"https:\\\/\\\/begamer.cz\\\/sk\\\/\",\"logo\":{\"@type\":\"ImageObject\",\"inLanguage\":\"sk-SK\",\"@id\":\"https:\\\/\\\/begamer.cz\\\/sk\\\/#\\\/schema\\\/logo\\\/image\\\/\",\"url\":\"https:\\\/\\\/begamer.cz\\\/wp-content\\\/uploads\\\/2025\\\/07\\\/logo.svg\",\"contentUrl\":\"https:\\\/\\\/begamer.cz\\\/wp-content\\\/uploads\\\/2025\\\/07\\\/logo.svg\",\"caption\":\"BeGamer.cz\"},\"image\":{\"@id\":\"https:\\\/\\\/begamer.cz\\\/sk\\\/#\\\/schema\\\/logo\\\/image\\\/\"}}]}<\/script>\n<!-- \/ Yoast SEO plugin. -->","yoast_head_json":{"title":"Ambulance Life: A Paramedic Simulator | BeGamer.cz","robots":{"index":"index","follow":"follow","max-snippet":"max-snippet:-1","max-image-preview":"max-image-preview:large","max-video-preview":"max-video-preview:-1"},"canonical":"https:\/\/begamer.cz\/sk\/produkt\/ambulance-life-a-paramedic-simulator-sk\/","og_locale":"sk_SK","og_type":"article","og_title":"Ambulance Life: A Paramedic Simulator | BeGamer.cz","og_description":"Venujte svoj \u017eivot z\u00e1chrane druh\u00fdch. Akon\u00e1hle dostanete n\u00fadzov\u00e9 volanie, r\u00fdchlo sa vyberte na miesto nehody vo svojej sanitke so zapnut\u00fdmi sir\u00e9nami. Poskytnite prv\u00fa pomoc a prevezte \u0165a\u017eko zranen\u00fdch do nemocnice. Ka\u017ed\u00e1 sekunda sa po\u010d\u00edta!","og_url":"https:\/\/begamer.cz\/sk\/produkt\/ambulance-life-a-paramedic-simulator-sk\/","og_site_name":"BeGamer.cz","article_modified_time":"2026-03-11T08:23:25+00:00","og_image":[{"width":300,"height":400,"url":"https:\/\/begamer.cz\/wp-content\/uploads\/2026\/01\/ambulance-life-a-paramedic-simulator-9.webp","type":"image\/webp"}],"twitter_card":"summary_large_image","twitter_misc":{"Predpokladan\u00fd \u010das \u010d\u00edtania":"3 min\u00faty"},"schema":{"@context":"https:\/\/schema.org","@graph":[{"@type":"WebPage","@id":"https:\/\/begamer.cz\/sk\/produkt\/ambulance-life-a-paramedic-simulator-sk\/","url":"https:\/\/begamer.cz\/sk\/produkt\/ambulance-life-a-paramedic-simulator-sk\/","name":"Ambulance Life: A Paramedic Simulator | BeGamer.cz","isPartOf":{"@id":"https:\/\/begamer.cz\/sk\/#website"},"primaryImageOfPage":{"@id":"https:\/\/begamer.cz\/sk\/produkt\/ambulance-life-a-paramedic-simulator-sk\/#primaryimage"},"image":{"@id":"https:\/\/begamer.cz\/sk\/produkt\/ambulance-life-a-paramedic-simulator-sk\/#primaryimage"},"thumbnailUrl":"https:\/\/begamer.cz\/wp-content\/uploads\/2026\/01\/ambulance-life-a-paramedic-simulator-9.webp","datePublished":"2026-01-30T17:26:47+00:00","dateModified":"2026-03-11T08:23:25+00:00","breadcrumb":{"@id":"https:\/\/begamer.cz\/sk\/produkt\/ambulance-life-a-paramedic-simulator-sk\/#breadcrumb"},"inLanguage":"sk-SK","potentialAction":[{"@type":"ReadAction","target":["https:\/\/begamer.cz\/sk\/produkt\/ambulance-life-a-paramedic-simulator-sk\/"]}]},{"@type":"ImageObject","inLanguage":"sk-SK","@id":"https:\/\/begamer.cz\/sk\/produkt\/ambulance-life-a-paramedic-simulator-sk\/#primaryimage","url":"https:\/\/begamer.cz\/wp-content\/uploads\/2026\/01\/ambulance-life-a-paramedic-simulator-9.webp","contentUrl":"https:\/\/begamer.cz\/wp-content\/uploads\/2026\/01\/ambulance-life-a-paramedic-simulator-9.webp","width":300,"height":400},{"@type":"BreadcrumbList","@id":"https:\/\/begamer.cz\/sk\/produkt\/ambulance-life-a-paramedic-simulator-sk\/#breadcrumb","itemListElement":[{"@type":"ListItem","position":1,"name":"Domov","item":"https:\/\/begamer.cz\/sk\/"},{"@type":"ListItem","position":2,"name":"Obchod","item":"https:\/\/begamer.cz\/obchod\/"},{"@type":"ListItem","position":3,"name":"Ambulance Life: A Paramedic Simulator"}]},{"@type":"WebSite","@id":"https:\/\/begamer.cz\/sk\/#website","url":"https:\/\/begamer.cz\/sk\/","name":"BeGamer.cz","description":"","publisher":{"@id":"https:\/\/begamer.cz\/sk\/#organization"},"potentialAction":[{"@type":"SearchAction","target":{"@type":"EntryPoint","urlTemplate":"https:\/\/begamer.cz\/sk\/?s={search_term_string}"},"query-input":{"@type":"PropertyValueSpecification","valueRequired":true,"valueName":"search_term_string"}}],"inLanguage":"sk-SK"},{"@type":"Organization","@id":"https:\/\/begamer.cz\/sk\/#organization","name":"BeGamer.cz","url":"https:\/\/begamer.cz\/sk\/","logo":{"@type":"ImageObject","inLanguage":"sk-SK","@id":"https:\/\/begamer.cz\/sk\/#\/schema\/logo\/image\/","url":"https:\/\/begamer.cz\/wp-content\/uploads\/2025\/07\/logo.svg","contentUrl":"https:\/\/begamer.cz\/wp-content\/uploads\/2025\/07\/logo.svg","caption":"BeGamer.cz"},"image":{"@id":"https:\/\/begamer.cz\/sk\/#\/schema\/logo\/image\/"}}]}},"acf":[],"_links":{"self":[{"href":"https:\/\/begamer.cz\/sk\/wp-json\/wp\/v2\/product\/101309","targetHints":{"allow":["GET"]}}],"collection":[{"href":"https:\/\/begamer.cz\/sk\/wp-json\/wp\/v2\/product"}],"about":[{"href":"https:\/\/begamer.cz\/sk\/wp-json\/wp\/v2\/types\/product"}],"replies":[{"embeddable":true,"href":"https:\/\/begamer.cz\/sk\/wp-json\/wp\/v2\/comments?post=101309"}],"wp:featuredmedia":[{"embeddable":true,"href":"https:\/\/begamer.cz\/sk\/wp-json\/wp\/v2\/media\/81877"}],"wp:attachment":[{"href":"https:\/\/begamer.cz\/sk\/wp-json\/wp\/v2\/media?parent=101309"}],"wp:term":[{"taxonomy":"product_brand","embeddable":true,"href":"https:\/\/begamer.cz\/sk\/wp-json\/wp\/v2\/product_brand?post=101309"},{"taxonomy":"product_cat","embeddable":true,"href":"https:\/\/begamer.cz\/sk\/wp-json\/wp\/v2\/product_cat?post=101309"},{"taxonomy":"product_tag","embeddable":true,"href":"https:\/\/begamer.cz\/sk\/wp-json\/wp\/v2\/product_tag?post=101309"}],"curies":[{"name":"wp","href":"https:\/\/api.w.org\/{rel}","templated":true}]}}