{"id":101228,"date":"2026-01-30T18:25:28","date_gmt":"2026-01-30T17:25:28","guid":{"rendered":"https:\/\/begamer.cz\/produkt\/jojos-bizarre-adventure-all-star-battle-r-season-pass-2-sk\/"},"modified":"2026-03-11T09:20:06","modified_gmt":"2026-03-11T08:20:06","slug":"jojos-bizarre-adventure-all-star-battle-r-season-pass-2-sk","status":"publish","type":"product","link":"https:\/\/begamer.cz\/sk\/produkt\/jojos-bizarre-adventure-all-star-battle-r-season-pass-2-sk\/","title":{"rendered":"JoJo\u2019s Bizarre Adventure: All-Star Battle R \u2013 Season Pass 2"},"content":{"rendered":"<p>Sez\u00f3nny l\u00edstok JoJo&#x27;s Bizarre Adventure: All-Star Battle R obsahuje 3 hrate\u013en\u00e9 postavy. Za\u017eite cel\u00fd svet JoJo s sez\u00f3nnym l\u00edstkom All-Star Battle R 2! Odomknite nov\u00e9 postavy s nov\u00fdmi a bizarn\u00fdmi schopnos\u0165ami!<\/p>\n<p>Season Pass 2 obsahuje:<br \/>\n\u2022 DLC postava 5<br \/>\n\u2022 DLC postava 6<br \/>\n\u2022 DLC postava 7<\/p>\n<p>Bonusy Season Pass 2:<br \/>\n\u2022 Pred\u010dasn\u00fd pr\u00edstup k DLC postave<br \/>\n\u2022 Kost\u00fdm Giorno Giovanna Haruno Shiobana<br \/>\nZa\u010dnite svoju cestu za titulom Gang-star ako Haruno Shiobana, ne\u017e sa stal zn\u00e1mym ako Giorno Giovanna!<\/p>\n","protected":false},"excerpt":{"rendered":"<p>Roz\u0161\u00edrte svoje z\u00e1\u017eitky z hry JoJo&#x27;s Bizarre Adventure: All-Star Battle R s Season Pass 2. Vychutnajte si nov\u00e9 postavy, kost\u00fdmy a \u010fal\u0161\u00ed obsah, ktor\u00fd vylep\u0161\u00ed hrate\u013enos\u0165 a ponor\u00ed v\u00e1s hlb\u0161ie do ikonick\u00fdch bitiek a pr\u00edbehov z vesm\u00edru JoJo. Ide\u00e1lne pre fan\u00fa\u0161ikov, ktor\u00ed h\u013eadaj\u00fa viac akcie a rozmanitosti.<\/p>\n","protected":false},"featured_media":81472,"comment_status":"open","ping_status":"closed","template":"","meta":{"_acf_changed":false},"product_brand":[],"product_cat":[272,278,268,266,312],"product_tag":[],"class_list":{"0":"post-101228","1":"product","2":"type-product","3":"status-publish","4":"has-post-thumbnail","6":"product_cat-akcni-pc-sk","7":"product_cat-bojove-pc-hry-sk","8":"product_cat-pc-sk","9":"product_cat-pc-hry-sk","10":"product_cat-steam-pc-sk","11":"pa_countries-ad","12":"pa_countries-ae","13":"pa_countries-af","14":"pa_countries-ag","15":"pa_countries-ai","16":"pa_countries-al","17":"pa_countries-am","18":"pa_countries-ao","19":"pa_countries-aq","20":"pa_countries-ar","21":"pa_countries-as","22":"pa_countries-at","23":"pa_countries-au","24":"pa_countries-aw","25":"pa_countries-ax","26":"pa_countries-az","27":"pa_countries-ba","28":"pa_countries-bb","29":"pa_countries-bd","30":"pa_countries-be","31":"pa_countries-bf","32":"pa_countries-bg","33":"pa_countries-bh","34":"pa_countries-bi","35":"pa_countries-bj","36":"pa_countries-bl","37":"pa_countries-bm","38":"pa_countries-bn","39":"pa_countries-bo","40":"pa_countries-bq","41":"pa_countries-br","42":"pa_countries-bs","43":"pa_countries-bt","44":"pa_countries-bv","45":"pa_countries-bw","46":"pa_countries-bz","47":"pa_countries-ca","48":"pa_countries-cc","49":"pa_countries-cd","50":"pa_countries-cf","51":"pa_countries-cg","52":"pa_countries-ch","53":"pa_countries-ci","54":"pa_countries-ck","55":"pa_countries-cl","56":"pa_countries-cm","57":"pa_countries-cn","58":"pa_countries-co","59":"pa_countries-cr","60":"pa_countries-cv","61":"pa_countries-cw","62":"pa_countries-cx","63":"pa_countries-cy","64":"pa_countries-cz","65":"pa_countries-de","66":"pa_countries-dj","67":"pa_countries-dk","68":"pa_countries-dm","69":"pa_countries-do","70":"pa_countries-dz","71":"pa_countries-ec","72":"pa_countries-ee","73":"pa_countries-eg","74":"pa_countries-eh","75":"pa_countries-er","76":"pa_countries-es","77":"pa_countries-et","78":"pa_countries-fi","79":"pa_countries-fj","80":"pa_countries-fk","81":"pa_countries-fm","82":"pa_countries-fo","83":"pa_countries-fr","84":"pa_countries-ga","85":"pa_countries-gb","86":"pa_countries-gd","87":"pa_countries-ge","88":"pa_countries-gf","89":"pa_countries-gg","90":"pa_countries-gh","91":"pa_countries-gi","92":"pa_countries-gl","93":"pa_countries-gm","94":"pa_countries-gn","95":"pa_countries-gp","96":"pa_countries-gq","97":"pa_countries-gr","98":"pa_countries-gs","99":"pa_countries-gt","100":"pa_countries-gu","101":"pa_countries-gw","102":"pa_countries-gy","103":"pa_countries-hk","104":"pa_countries-hm","105":"pa_countries-hn","106":"pa_countries-hr","107":"pa_countries-ht","108":"pa_countries-hu","109":"pa_countries-id","110":"pa_countries-ie","111":"pa_countries-il","112":"pa_countries-im","113":"pa_countries-in","114":"pa_countries-io","115":"pa_countries-iq","116":"pa_countries-is","117":"pa_countries-it","118":"pa_countries-je","119":"pa_countries-jm","120":"pa_countries-jo","121":"pa_countries-jp","122":"pa_countries-ke","123":"pa_countries-kg","124":"pa_countries-kh","125":"pa_countries-ki","126":"pa_countries-km","127":"pa_countries-kn","128":"pa_countries-kr","129":"pa_countries-kw","130":"pa_countries-ky","131":"pa_countries-kz","132":"pa_countries-la","133":"pa_countries-lb","134":"pa_countries-lc","135":"pa_countries-li","136":"pa_countries-lk","137":"pa_countries-lr","138":"pa_countries-ls","139":"pa_countries-lt","140":"pa_countries-lu","141":"pa_countries-lv","142":"pa_countries-ly","143":"pa_countries-ma","144":"pa_countries-mc","145":"pa_countries-md","146":"pa_countries-me","147":"pa_countries-mf","148":"pa_countries-mg","149":"pa_countries-mh","150":"pa_countries-mk","151":"pa_countries-ml","152":"pa_countries-mm","153":"pa_countries-mn","154":"pa_countries-mo","155":"pa_countries-mp","156":"pa_countries-mq","157":"pa_countries-mr","158":"pa_countries-ms","159":"pa_countries-mt","160":"pa_countries-mu","161":"pa_countries-mv","162":"pa_countries-mw","163":"pa_countries-mx","164":"pa_countries-my","165":"pa_countries-mz","166":"pa_countries-na","167":"pa_countries-nc","168":"pa_countries-ne","169":"pa_countries-nf","170":"pa_countries-ng","171":"pa_countries-ni","172":"pa_countries-nl","173":"pa_countries-no","174":"pa_countries-np","175":"pa_countries-nr","176":"pa_countries-nu","177":"pa_countries-nz","178":"pa_countries-om","179":"pa_countries-pa","180":"pa_countries-pe","181":"pa_countries-pf","182":"pa_countries-pg","183":"pa_countries-ph","184":"pa_countries-pk","185":"pa_countries-pl","186":"pa_countries-pm","187":"pa_countries-pn","188":"pa_countries-pr","189":"pa_countries-ps","190":"pa_countries-pt","191":"pa_countries-pw","192":"pa_countries-py","193":"pa_countries-qa","194":"pa_countries-re","195":"pa_countries-ro","196":"pa_countries-rs","197":"pa_countries-rw","198":"pa_countries-sa","199":"pa_countries-sb","200":"pa_countries-sc","201":"pa_countries-se","202":"pa_countries-sg","203":"pa_countries-sh","204":"pa_countries-si","205":"pa_countries-sj","206":"pa_countries-sk","207":"pa_countries-sl","208":"pa_countries-sm","209":"pa_countries-sn","210":"pa_countries-so","211":"pa_countries-sr","212":"pa_countries-ss","214":"pa_countries-st","215":"pa_countries-sv","216":"pa_countries-sx","217":"pa_countries-sz","218":"pa_countries-tc","219":"pa_countries-td","220":"pa_countries-tf","221":"pa_countries-tg","222":"pa_countries-th","223":"pa_countries-tj","224":"pa_countries-tk","225":"pa_countries-tl","226":"pa_countries-tm","227":"pa_countries-tn","228":"pa_countries-to","229":"pa_countries-tr","230":"pa_countries-tt","231":"pa_countries-tv","232":"pa_countries-tw","233":"pa_countries-tz","234":"pa_countries-ua","235":"pa_countries-ug","236":"pa_countries-um","237":"pa_countries-us","238":"pa_countries-uy","239":"pa_countries-uz","240":"pa_countries-va","241":"pa_countries-vc","242":"pa_countries-vg","243":"pa_countries-vi","244":"pa_countries-vn","245":"pa_countries-vu","246":"pa_countries-wf","247":"pa_countries-ws","248":"pa_countries-xk","249":"pa_countries-ye","250":"pa_countries-yt","251":"pa_countries-za","252":"pa_countries-zm","253":"pa_countries-zw","254":"pa_developer-cyberconnect2","256":"pa_game_type-dlc","258":"pa_pegi-927","259":"pa_pegi-13428","260":"pa_platform-pc-steam","262":"pa_publisher-bandai-namco-entertainment","264":"pa_rating-773","265":"pa_rating-14441","266":"pa_region-global","269":"first","270":"instock","271":"virtual","272":"taxable","273":"purchasable","274":"product-type-simple"},"yoast_head":"<!-- This site is optimized with the Yoast SEO plugin v27.3 - https:\/\/yoast.com\/product\/yoast-seo-wordpress\/ -->\n<title>JoJo&#039;s Bizarre Adventure: All-Star Battle R - Season Pass 2 | BeGamer.cz<\/title>\n<meta name=\"robots\" content=\"index, follow, max-snippet:-1, max-image-preview:large, max-video-preview:-1\" \/>\n<link rel=\"canonical\" href=\"https:\/\/begamer.cz\/sk\/produkt\/jojos-bizarre-adventure-all-star-battle-r-season-pass-2-sk\/\" \/>\n<meta property=\"og:locale\" content=\"sk_SK\" \/>\n<meta property=\"og:type\" content=\"article\" \/>\n<meta property=\"og:title\" content=\"JoJo&#039;s Bizarre Adventure: All-Star Battle R - Season Pass 2 | BeGamer.cz\" \/>\n<meta property=\"og:description\" content=\"Roz\u0161\u00edrte svoje z\u00e1\u017eitky z hry JoJo&#x27;s Bizarre Adventure: All-Star Battle R s Season Pass 2. Vychutnajte si nov\u00e9 postavy, kost\u00fdmy a \u010fal\u0161\u00ed obsah, ktor\u00fd vylep\u0161\u00ed hrate\u013enos\u0165 a ponor\u00ed v\u00e1s hlb\u0161ie do ikonick\u00fdch bitiek a pr\u00edbehov z vesm\u00edru JoJo. Ide\u00e1lne pre fan\u00fa\u0161ikov, ktor\u00ed h\u013eadaj\u00fa viac akcie a rozmanitosti.\" \/>\n<meta property=\"og:url\" content=\"https:\/\/begamer.cz\/sk\/produkt\/jojos-bizarre-adventure-all-star-battle-r-season-pass-2-sk\/\" \/>\n<meta property=\"og:site_name\" content=\"BeGamer.cz\" \/>\n<meta property=\"article:modified_time\" content=\"2026-03-11T08:20:06+00:00\" \/>\n<meta property=\"og:image\" content=\"https:\/\/begamer.cz\/wp-content\/uploads\/2026\/01\/jojos-bizarre-adventure-all-star-battle-r-season-pass-2-4.webp\" \/>\n\t<meta property=\"og:image:width\" content=\"300\" \/>\n\t<meta property=\"og:image:height\" content=\"400\" \/>\n\t<meta property=\"og:image:type\" content=\"image\/webp\" \/>\n<meta name=\"twitter:card\" content=\"summary_large_image\" \/>\n<script type=\"application\/ld+json\" class=\"yoast-schema-graph\">{\"@context\":\"https:\\\/\\\/schema.org\",\"@graph\":[{\"@type\":\"WebPage\",\"@id\":\"https:\\\/\\\/begamer.cz\\\/sk\\\/produkt\\\/jojos-bizarre-adventure-all-star-battle-r-season-pass-2-sk\\\/\",\"url\":\"https:\\\/\\\/begamer.cz\\\/sk\\\/produkt\\\/jojos-bizarre-adventure-all-star-battle-r-season-pass-2-sk\\\/\",\"name\":\"JoJo's Bizarre Adventure: All-Star Battle R - Season Pass 2 | BeGamer.cz\",\"isPartOf\":{\"@id\":\"https:\\\/\\\/begamer.cz\\\/sk\\\/#website\"},\"primaryImageOfPage\":{\"@id\":\"https:\\\/\\\/begamer.cz\\\/sk\\\/produkt\\\/jojos-bizarre-adventure-all-star-battle-r-season-pass-2-sk\\\/#primaryimage\"},\"image\":{\"@id\":\"https:\\\/\\\/begamer.cz\\\/sk\\\/produkt\\\/jojos-bizarre-adventure-all-star-battle-r-season-pass-2-sk\\\/#primaryimage\"},\"thumbnailUrl\":\"https:\\\/\\\/begamer.cz\\\/wp-content\\\/uploads\\\/2026\\\/01\\\/jojos-bizarre-adventure-all-star-battle-r-season-pass-2-4.webp\",\"datePublished\":\"2026-01-30T17:25:28+00:00\",\"dateModified\":\"2026-03-11T08:20:06+00:00\",\"breadcrumb\":{\"@id\":\"https:\\\/\\\/begamer.cz\\\/sk\\\/produkt\\\/jojos-bizarre-adventure-all-star-battle-r-season-pass-2-sk\\\/#breadcrumb\"},\"inLanguage\":\"sk-SK\",\"potentialAction\":[{\"@type\":\"ReadAction\",\"target\":[\"https:\\\/\\\/begamer.cz\\\/sk\\\/produkt\\\/jojos-bizarre-adventure-all-star-battle-r-season-pass-2-sk\\\/\"]}]},{\"@type\":\"ImageObject\",\"inLanguage\":\"sk-SK\",\"@id\":\"https:\\\/\\\/begamer.cz\\\/sk\\\/produkt\\\/jojos-bizarre-adventure-all-star-battle-r-season-pass-2-sk\\\/#primaryimage\",\"url\":\"https:\\\/\\\/begamer.cz\\\/wp-content\\\/uploads\\\/2026\\\/01\\\/jojos-bizarre-adventure-all-star-battle-r-season-pass-2-4.webp\",\"contentUrl\":\"https:\\\/\\\/begamer.cz\\\/wp-content\\\/uploads\\\/2026\\\/01\\\/jojos-bizarre-adventure-all-star-battle-r-season-pass-2-4.webp\",\"width\":300,\"height\":400},{\"@type\":\"BreadcrumbList\",\"@id\":\"https:\\\/\\\/begamer.cz\\\/sk\\\/produkt\\\/jojos-bizarre-adventure-all-star-battle-r-season-pass-2-sk\\\/#breadcrumb\",\"itemListElement\":[{\"@type\":\"ListItem\",\"position\":1,\"name\":\"Domov\",\"item\":\"https:\\\/\\\/begamer.cz\\\/sk\\\/\"},{\"@type\":\"ListItem\",\"position\":2,\"name\":\"Obchod\",\"item\":\"https:\\\/\\\/begamer.cz\\\/obchod\\\/\"},{\"@type\":\"ListItem\",\"position\":3,\"name\":\"JoJo&#8217;s Bizarre Adventure: All-Star Battle R &#8211; Season Pass 2\"}]},{\"@type\":\"WebSite\",\"@id\":\"https:\\\/\\\/begamer.cz\\\/sk\\\/#website\",\"url\":\"https:\\\/\\\/begamer.cz\\\/sk\\\/\",\"name\":\"BeGamer.cz\",\"description\":\"\",\"publisher\":{\"@id\":\"https:\\\/\\\/begamer.cz\\\/sk\\\/#organization\"},\"potentialAction\":[{\"@type\":\"SearchAction\",\"target\":{\"@type\":\"EntryPoint\",\"urlTemplate\":\"https:\\\/\\\/begamer.cz\\\/sk\\\/?s={search_term_string}\"},\"query-input\":{\"@type\":\"PropertyValueSpecification\",\"valueRequired\":true,\"valueName\":\"search_term_string\"}}],\"inLanguage\":\"sk-SK\"},{\"@type\":\"Organization\",\"@id\":\"https:\\\/\\\/begamer.cz\\\/sk\\\/#organization\",\"name\":\"BeGamer.cz\",\"url\":\"https:\\\/\\\/begamer.cz\\\/sk\\\/\",\"logo\":{\"@type\":\"ImageObject\",\"inLanguage\":\"sk-SK\",\"@id\":\"https:\\\/\\\/begamer.cz\\\/sk\\\/#\\\/schema\\\/logo\\\/image\\\/\",\"url\":\"https:\\\/\\\/begamer.cz\\\/wp-content\\\/uploads\\\/2025\\\/07\\\/logo.svg\",\"contentUrl\":\"https:\\\/\\\/begamer.cz\\\/wp-content\\\/uploads\\\/2025\\\/07\\\/logo.svg\",\"caption\":\"BeGamer.cz\"},\"image\":{\"@id\":\"https:\\\/\\\/begamer.cz\\\/sk\\\/#\\\/schema\\\/logo\\\/image\\\/\"}}]}<\/script>\n<!-- \/ Yoast SEO plugin. -->","yoast_head_json":{"title":"JoJo's Bizarre Adventure: All-Star Battle R - Season Pass 2 | BeGamer.cz","robots":{"index":"index","follow":"follow","max-snippet":"max-snippet:-1","max-image-preview":"max-image-preview:large","max-video-preview":"max-video-preview:-1"},"canonical":"https:\/\/begamer.cz\/sk\/produkt\/jojos-bizarre-adventure-all-star-battle-r-season-pass-2-sk\/","og_locale":"sk_SK","og_type":"article","og_title":"JoJo's Bizarre Adventure: All-Star Battle R - Season Pass 2 | BeGamer.cz","og_description":"Roz\u0161\u00edrte svoje z\u00e1\u017eitky z hry JoJo&#x27;s Bizarre Adventure: All-Star Battle R s Season Pass 2. Vychutnajte si nov\u00e9 postavy, kost\u00fdmy a \u010fal\u0161\u00ed obsah, ktor\u00fd vylep\u0161\u00ed hrate\u013enos\u0165 a ponor\u00ed v\u00e1s hlb\u0161ie do ikonick\u00fdch bitiek a pr\u00edbehov z vesm\u00edru JoJo. Ide\u00e1lne pre fan\u00fa\u0161ikov, ktor\u00ed h\u013eadaj\u00fa viac akcie a rozmanitosti.","og_url":"https:\/\/begamer.cz\/sk\/produkt\/jojos-bizarre-adventure-all-star-battle-r-season-pass-2-sk\/","og_site_name":"BeGamer.cz","article_modified_time":"2026-03-11T08:20:06+00:00","og_image":[{"width":300,"height":400,"url":"https:\/\/begamer.cz\/wp-content\/uploads\/2026\/01\/jojos-bizarre-adventure-all-star-battle-r-season-pass-2-4.webp","type":"image\/webp"}],"twitter_card":"summary_large_image","schema":{"@context":"https:\/\/schema.org","@graph":[{"@type":"WebPage","@id":"https:\/\/begamer.cz\/sk\/produkt\/jojos-bizarre-adventure-all-star-battle-r-season-pass-2-sk\/","url":"https:\/\/begamer.cz\/sk\/produkt\/jojos-bizarre-adventure-all-star-battle-r-season-pass-2-sk\/","name":"JoJo's Bizarre Adventure: All-Star Battle R - Season Pass 2 | BeGamer.cz","isPartOf":{"@id":"https:\/\/begamer.cz\/sk\/#website"},"primaryImageOfPage":{"@id":"https:\/\/begamer.cz\/sk\/produkt\/jojos-bizarre-adventure-all-star-battle-r-season-pass-2-sk\/#primaryimage"},"image":{"@id":"https:\/\/begamer.cz\/sk\/produkt\/jojos-bizarre-adventure-all-star-battle-r-season-pass-2-sk\/#primaryimage"},"thumbnailUrl":"https:\/\/begamer.cz\/wp-content\/uploads\/2026\/01\/jojos-bizarre-adventure-all-star-battle-r-season-pass-2-4.webp","datePublished":"2026-01-30T17:25:28+00:00","dateModified":"2026-03-11T08:20:06+00:00","breadcrumb":{"@id":"https:\/\/begamer.cz\/sk\/produkt\/jojos-bizarre-adventure-all-star-battle-r-season-pass-2-sk\/#breadcrumb"},"inLanguage":"sk-SK","potentialAction":[{"@type":"ReadAction","target":["https:\/\/begamer.cz\/sk\/produkt\/jojos-bizarre-adventure-all-star-battle-r-season-pass-2-sk\/"]}]},{"@type":"ImageObject","inLanguage":"sk-SK","@id":"https:\/\/begamer.cz\/sk\/produkt\/jojos-bizarre-adventure-all-star-battle-r-season-pass-2-sk\/#primaryimage","url":"https:\/\/begamer.cz\/wp-content\/uploads\/2026\/01\/jojos-bizarre-adventure-all-star-battle-r-season-pass-2-4.webp","contentUrl":"https:\/\/begamer.cz\/wp-content\/uploads\/2026\/01\/jojos-bizarre-adventure-all-star-battle-r-season-pass-2-4.webp","width":300,"height":400},{"@type":"BreadcrumbList","@id":"https:\/\/begamer.cz\/sk\/produkt\/jojos-bizarre-adventure-all-star-battle-r-season-pass-2-sk\/#breadcrumb","itemListElement":[{"@type":"ListItem","position":1,"name":"Domov","item":"https:\/\/begamer.cz\/sk\/"},{"@type":"ListItem","position":2,"name":"Obchod","item":"https:\/\/begamer.cz\/obchod\/"},{"@type":"ListItem","position":3,"name":"JoJo&#8217;s Bizarre Adventure: All-Star Battle R &#8211; Season Pass 2"}]},{"@type":"WebSite","@id":"https:\/\/begamer.cz\/sk\/#website","url":"https:\/\/begamer.cz\/sk\/","name":"BeGamer.cz","description":"","publisher":{"@id":"https:\/\/begamer.cz\/sk\/#organization"},"potentialAction":[{"@type":"SearchAction","target":{"@type":"EntryPoint","urlTemplate":"https:\/\/begamer.cz\/sk\/?s={search_term_string}"},"query-input":{"@type":"PropertyValueSpecification","valueRequired":true,"valueName":"search_term_string"}}],"inLanguage":"sk-SK"},{"@type":"Organization","@id":"https:\/\/begamer.cz\/sk\/#organization","name":"BeGamer.cz","url":"https:\/\/begamer.cz\/sk\/","logo":{"@type":"ImageObject","inLanguage":"sk-SK","@id":"https:\/\/begamer.cz\/sk\/#\/schema\/logo\/image\/","url":"https:\/\/begamer.cz\/wp-content\/uploads\/2025\/07\/logo.svg","contentUrl":"https:\/\/begamer.cz\/wp-content\/uploads\/2025\/07\/logo.svg","caption":"BeGamer.cz"},"image":{"@id":"https:\/\/begamer.cz\/sk\/#\/schema\/logo\/image\/"}}]}},"acf":[],"_links":{"self":[{"href":"https:\/\/begamer.cz\/sk\/wp-json\/wp\/v2\/product\/101228","targetHints":{"allow":["GET"]}}],"collection":[{"href":"https:\/\/begamer.cz\/sk\/wp-json\/wp\/v2\/product"}],"about":[{"href":"https:\/\/begamer.cz\/sk\/wp-json\/wp\/v2\/types\/product"}],"replies":[{"embeddable":true,"href":"https:\/\/begamer.cz\/sk\/wp-json\/wp\/v2\/comments?post=101228"}],"wp:featuredmedia":[{"embeddable":true,"href":"https:\/\/begamer.cz\/sk\/wp-json\/wp\/v2\/media\/81472"}],"wp:attachment":[{"href":"https:\/\/begamer.cz\/sk\/wp-json\/wp\/v2\/media?parent=101228"}],"wp:term":[{"taxonomy":"product_brand","embeddable":true,"href":"https:\/\/begamer.cz\/sk\/wp-json\/wp\/v2\/product_brand?post=101228"},{"taxonomy":"product_cat","embeddable":true,"href":"https:\/\/begamer.cz\/sk\/wp-json\/wp\/v2\/product_cat?post=101228"},{"taxonomy":"product_tag","embeddable":true,"href":"https:\/\/begamer.cz\/sk\/wp-json\/wp\/v2\/product_tag?post=101228"}],"curies":[{"name":"wp","href":"https:\/\/api.w.org\/{rel}","templated":true}]}}