{"id":101204,"date":"2026-01-30T18:24:56","date_gmt":"2026-01-30T17:24:56","guid":{"rendered":"https:\/\/begamer.cz\/produkt\/sudden-strike-4-africa-desert-war-sk\/"},"modified":"2026-03-11T09:19:38","modified_gmt":"2026-03-11T08:19:38","slug":"sudden-strike-4-africa-desert-war-sk","status":"publish","type":"product","link":"https:\/\/begamer.cz\/sk\/produkt\/sudden-strike-4-africa-desert-war-sk\/","title":{"rendered":"Sudden Strike 4: Africa-Desert War"},"content":{"rendered":"<h1>O hre<\/h1>\n<p><strong>Afrika \u2013 <\/strong>DLC <strong>Desert War<\/strong> prid\u00e1va kampa\u0148 zameran\u00fa na severoafrick\u00fa frontu po\u010das druhej svetovej vojny. Prid\u00e1va p\u00e4\u0165 nov\u00fdch velite\u013eov, medzi ktor\u00fdmi s\u00fa Erwin Rommel a Richard O&#x27;Connor. Ako \u010dlen Osi m\u00f4\u017eete napadn\u00fa\u0165 L\u00edbyu, Tunisko a Egypt av bitke pri Kasserine Pass poraz\u00edte americk\u00e9 vojsk\u00e1, alebo sa ako spojeneck\u00e9 sily m\u00f4\u017eete z\u00fa\u010dastni\u0165 druhej bitky pri El Alamein. V drsn\u00fdch podmienkach p\u00fa\u0161te sa preveria va\u0161e skuto\u010dn\u00e9 taktick\u00e9 schopnosti.<\/p>\n","protected":false},"excerpt":{"rendered":"<p>Sudden Strike 4: Africa-Desert War je strategick\u00e1 hra v re\u00e1lnom \u010dase, ktor\u00e1 sa odohr\u00e1va v severnej Afrike po\u010das druhej svetovej vojny. Velite ikonick\u00fdm frakci\u00e1m, spravujte zdroje a zap\u00e1jajte sa do taktick\u00fdch bitiek v p\u00fa\u0161tnej krajine. Za\u017eite autentick\u00e9 jednotky a strategick\u00e9 boje v tejto intenz\u00edvnej a pohlcuj\u00facej kampani.<\/p>\n","protected":false},"featured_media":37637,"comment_status":"open","ping_status":"closed","template":"","meta":{"_acf_changed":false},"product_brand":[],"product_cat":[268,266,312,318,9082],"product_tag":[],"class_list":{"0":"post-101204","1":"product","2":"type-product","3":"status-publish","4":"has-post-thumbnail","6":"product_cat-pc-sk","7":"product_cat-pc-hry-sk","8":"product_cat-steam-pc-sk","9":"product_cat-strategie-pc-hry-sk","10":"product_cat-takticke-3","11":"pa_audio-de-de","12":"pa_audio-en-us","13":"pa_audio-es-es","14":"pa_audio-fr-fr","15":"pa_audio-it-it","16":"pa_audio-ru-ru","18":"pa_audio-zh-cn","19":"pa_countries-ad","20":"pa_countries-ae","21":"pa_countries-af","22":"pa_countries-ag","23":"pa_countries-ai","24":"pa_countries-al","25":"pa_countries-am","26":"pa_countries-ao","27":"pa_countries-aq","28":"pa_countries-ar","29":"pa_countries-as","30":"pa_countries-at","31":"pa_countries-au","32":"pa_countries-aw","33":"pa_countries-ax","34":"pa_countries-az","35":"pa_countries-ba","36":"pa_countries-bb","37":"pa_countries-bd","38":"pa_countries-be","39":"pa_countries-bf","40":"pa_countries-bg","41":"pa_countries-bh","42":"pa_countries-bi","43":"pa_countries-bj","44":"pa_countries-bl","45":"pa_countries-bm","46":"pa_countries-bn","47":"pa_countries-bo","48":"pa_countries-bq","49":"pa_countries-br","50":"pa_countries-bs","51":"pa_countries-bt","52":"pa_countries-bv","53":"pa_countries-bw","54":"pa_countries-bz","55":"pa_countries-ca","56":"pa_countries-cc","57":"pa_countries-cd","58":"pa_countries-cf","59":"pa_countries-cg","60":"pa_countries-ch","61":"pa_countries-ci","62":"pa_countries-ck","63":"pa_countries-cl","64":"pa_countries-cm","65":"pa_countries-cn","66":"pa_countries-co","67":"pa_countries-cr","68":"pa_countries-cu","69":"pa_countries-cv","70":"pa_countries-cw","71":"pa_countries-cx","72":"pa_countries-cy","73":"pa_countries-cz","74":"pa_countries-de","75":"pa_countries-dj","76":"pa_countries-dk","77":"pa_countries-dm","78":"pa_countries-do","79":"pa_countries-dz","80":"pa_countries-ec","81":"pa_countries-ee","82":"pa_countries-eg","83":"pa_countries-eh","84":"pa_countries-er","85":"pa_countries-es","86":"pa_countries-et","87":"pa_countries-fi","88":"pa_countries-fj","89":"pa_countries-fk","90":"pa_countries-fm","91":"pa_countries-fo","92":"pa_countries-fr","93":"pa_countries-ga","94":"pa_countries-gb","95":"pa_countries-gd","96":"pa_countries-ge","97":"pa_countries-gf","98":"pa_countries-gg","99":"pa_countries-gh","100":"pa_countries-gi","101":"pa_countries-gl","102":"pa_countries-gm","103":"pa_countries-gn","104":"pa_countries-gp","105":"pa_countries-gq","106":"pa_countries-gr","107":"pa_countries-gs","108":"pa_countries-gt","109":"pa_countries-gu","110":"pa_countries-gw","111":"pa_countries-gy","112":"pa_countries-hk","113":"pa_countries-hm","114":"pa_countries-hn","115":"pa_countries-hr","116":"pa_countries-ht","117":"pa_countries-hu","118":"pa_countries-id","119":"pa_countries-ie","120":"pa_countries-il","121":"pa_countries-im","122":"pa_countries-in","123":"pa_countries-io","124":"pa_countries-iq","125":"pa_countries-ir","126":"pa_countries-is","127":"pa_countries-it","128":"pa_countries-je","129":"pa_countries-jm","130":"pa_countries-jo","131":"pa_countries-jp","132":"pa_countries-ke","133":"pa_countries-kg","134":"pa_countries-kh","135":"pa_countries-ki","136":"pa_countries-km","137":"pa_countries-kn","138":"pa_countries-kp","139":"pa_countries-kr","140":"pa_countries-kw","141":"pa_countries-ky","142":"pa_countries-kz","143":"pa_countries-la","144":"pa_countries-lb","145":"pa_countries-lc","146":"pa_countries-li","147":"pa_countries-lk","148":"pa_countries-lr","149":"pa_countries-ls","150":"pa_countries-lt","151":"pa_countries-lu","152":"pa_countries-lv","153":"pa_countries-ly","154":"pa_countries-ma","155":"pa_countries-mc","156":"pa_countries-md","157":"pa_countries-me","158":"pa_countries-mf","159":"pa_countries-mg","160":"pa_countries-mh","161":"pa_countries-mk","162":"pa_countries-ml","163":"pa_countries-mm","164":"pa_countries-mn","165":"pa_countries-mo","166":"pa_countries-mp","167":"pa_countries-mq","168":"pa_countries-mr","169":"pa_countries-ms","170":"pa_countries-mt","171":"pa_countries-mu","172":"pa_countries-mv","173":"pa_countries-mw","174":"pa_countries-mx","175":"pa_countries-my","176":"pa_countries-mz","177":"pa_countries-na","178":"pa_countries-nc","179":"pa_countries-ne","180":"pa_countries-nf","181":"pa_countries-ng","182":"pa_countries-ni","183":"pa_countries-nl","184":"pa_countries-no","185":"pa_countries-np","186":"pa_countries-nr","187":"pa_countries-nu","188":"pa_countries-nz","189":"pa_countries-om","190":"pa_countries-pa","191":"pa_countries-pe","192":"pa_countries-pf","193":"pa_countries-pg","194":"pa_countries-ph","195":"pa_countries-pk","196":"pa_countries-pl","197":"pa_countries-pm","198":"pa_countries-pn","199":"pa_countries-pr","200":"pa_countries-ps","201":"pa_countries-pt","202":"pa_countries-pw","203":"pa_countries-py","204":"pa_countries-qa","205":"pa_countries-re","206":"pa_countries-ro","207":"pa_countries-rs","208":"pa_countries-rw","209":"pa_countries-sa","210":"pa_countries-sb","211":"pa_countries-sc","212":"pa_countries-sd","213":"pa_countries-se","214":"pa_countries-sg","215":"pa_countries-sh","216":"pa_countries-si","217":"pa_countries-sj","218":"pa_countries-sk","219":"pa_countries-sl","220":"pa_countries-sm","221":"pa_countries-sn","222":"pa_countries-so","223":"pa_countries-sr","224":"pa_countries-ss","226":"pa_countries-st","227":"pa_countries-sv","228":"pa_countries-sx","229":"pa_countries-sy","230":"pa_countries-sz","231":"pa_countries-tc","232":"pa_countries-td","233":"pa_countries-tf","234":"pa_countries-tg","235":"pa_countries-th","236":"pa_countries-tj","237":"pa_countries-tk","238":"pa_countries-tl","239":"pa_countries-tm","240":"pa_countries-tn","241":"pa_countries-to","242":"pa_countries-tr","243":"pa_countries-tt","244":"pa_countries-tv","245":"pa_countries-tw","246":"pa_countries-tz","247":"pa_countries-ua","248":"pa_countries-ug","249":"pa_countries-um","250":"pa_countries-us","251":"pa_countries-uy","252":"pa_countries-uz","253":"pa_countries-va","254":"pa_countries-vc","255":"pa_countries-ve","256":"pa_countries-vg","257":"pa_countries-vi","258":"pa_countries-vn","259":"pa_countries-vu","260":"pa_countries-wf","261":"pa_countries-ws","262":"pa_countries-xk","263":"pa_countries-ye","264":"pa_countries-yt","265":"pa_countries-za","266":"pa_countries-zm","267":"pa_countries-zw","268":"pa_developer-kite-games","270":"pa_game_type-dlc","272":"pa_genres-real-time-strategy-rts","274":"pa_genres-strategy","275":"pa_interface-de-de","276":"pa_interface-en-us","277":"pa_interface-es-es","278":"pa_interface-fr-fr","279":"pa_interface-it-it","280":"pa_interface-ja-jp","281":"pa_interface-ko-kr","282":"pa_interface-pl-pl","283":"pa_interface-ru-ru","285":"pa_interface-zh-cn","286":"pa_interface-zh-tw","287":"pa_modes-multiplayer","289":"pa_modes-single-player","290":"pa_pegi-956","291":"pa_pegi-13432","292":"pa_platform-pc-steam","294":"pa_publisher-kalypso-media-digital","296":"pa_rating-14441","297":"pa_rating-773","298":"pa_region-global","300":"pa_subtitles-de-de","302":"pa_subtitles-en-us","303":"pa_subtitles-es-es","304":"pa_subtitles-fr-fr","305":"pa_subtitles-it-it","306":"pa_subtitles-ja-jp","307":"pa_subtitles-ko-kr","308":"pa_subtitles-pl-pl","309":"pa_subtitles-ru-ru","310":"pa_subtitles-zh-cn","311":"pa_subtitles-zh-tw","312":"pa_themes-historical","315":"first","316":"instock","317":"virtual","318":"taxable","319":"purchasable","320":"product-type-simple"},"yoast_head":"<!-- This site is optimized with the Yoast SEO plugin v27.3 - https:\/\/yoast.com\/product\/yoast-seo-wordpress\/ -->\n<title>Sudden Strike 4: Africa-Desert War | BeGamer.cz<\/title>\n<meta name=\"robots\" content=\"index, follow, max-snippet:-1, max-image-preview:large, max-video-preview:-1\" \/>\n<link rel=\"canonical\" href=\"https:\/\/begamer.cz\/sk\/produkt\/sudden-strike-4-africa-desert-war-sk\/\" \/>\n<meta property=\"og:locale\" content=\"sk_SK\" \/>\n<meta property=\"og:type\" content=\"article\" \/>\n<meta property=\"og:title\" content=\"Sudden Strike 4: Africa-Desert War | BeGamer.cz\" \/>\n<meta property=\"og:description\" content=\"Sudden Strike 4: Africa-Desert War je strategick\u00e1 hra v re\u00e1lnom \u010dase, ktor\u00e1 sa odohr\u00e1va v severnej Afrike po\u010das druhej svetovej vojny. Velite ikonick\u00fdm frakci\u00e1m, spravujte zdroje a zap\u00e1jajte sa do taktick\u00fdch bitiek v p\u00fa\u0161tnej krajine. Za\u017eite autentick\u00e9 jednotky a strategick\u00e9 boje v tejto intenz\u00edvnej a pohlcuj\u00facej kampani.\" \/>\n<meta property=\"og:url\" content=\"https:\/\/begamer.cz\/sk\/produkt\/sudden-strike-4-africa-desert-war-sk\/\" \/>\n<meta property=\"og:site_name\" content=\"BeGamer.cz\" \/>\n<meta property=\"article:modified_time\" content=\"2026-03-11T08:19:38+00:00\" \/>\n<meta property=\"og:image\" content=\"https:\/\/begamer.cz\/wp-content\/uploads\/2026\/01\/sudden-strike-4-africa-desert-war-12.webp\" \/>\n\t<meta property=\"og:image:width\" content=\"300\" \/>\n\t<meta property=\"og:image:height\" content=\"400\" \/>\n\t<meta property=\"og:image:type\" content=\"image\/webp\" \/>\n<meta name=\"twitter:card\" content=\"summary_large_image\" \/>\n<script type=\"application\/ld+json\" class=\"yoast-schema-graph\">{\"@context\":\"https:\\\/\\\/schema.org\",\"@graph\":[{\"@type\":\"WebPage\",\"@id\":\"https:\\\/\\\/begamer.cz\\\/sk\\\/produkt\\\/sudden-strike-4-africa-desert-war-sk\\\/\",\"url\":\"https:\\\/\\\/begamer.cz\\\/sk\\\/produkt\\\/sudden-strike-4-africa-desert-war-sk\\\/\",\"name\":\"Sudden Strike 4: Africa-Desert War | BeGamer.cz\",\"isPartOf\":{\"@id\":\"https:\\\/\\\/begamer.cz\\\/sk\\\/#website\"},\"primaryImageOfPage\":{\"@id\":\"https:\\\/\\\/begamer.cz\\\/sk\\\/produkt\\\/sudden-strike-4-africa-desert-war-sk\\\/#primaryimage\"},\"image\":{\"@id\":\"https:\\\/\\\/begamer.cz\\\/sk\\\/produkt\\\/sudden-strike-4-africa-desert-war-sk\\\/#primaryimage\"},\"thumbnailUrl\":\"https:\\\/\\\/begamer.cz\\\/wp-content\\\/uploads\\\/2026\\\/01\\\/sudden-strike-4-africa-desert-war-12.webp\",\"datePublished\":\"2026-01-30T17:24:56+00:00\",\"dateModified\":\"2026-03-11T08:19:38+00:00\",\"breadcrumb\":{\"@id\":\"https:\\\/\\\/begamer.cz\\\/sk\\\/produkt\\\/sudden-strike-4-africa-desert-war-sk\\\/#breadcrumb\"},\"inLanguage\":\"sk-SK\",\"potentialAction\":[{\"@type\":\"ReadAction\",\"target\":[\"https:\\\/\\\/begamer.cz\\\/sk\\\/produkt\\\/sudden-strike-4-africa-desert-war-sk\\\/\"]}]},{\"@type\":\"ImageObject\",\"inLanguage\":\"sk-SK\",\"@id\":\"https:\\\/\\\/begamer.cz\\\/sk\\\/produkt\\\/sudden-strike-4-africa-desert-war-sk\\\/#primaryimage\",\"url\":\"https:\\\/\\\/begamer.cz\\\/wp-content\\\/uploads\\\/2026\\\/01\\\/sudden-strike-4-africa-desert-war-12.webp\",\"contentUrl\":\"https:\\\/\\\/begamer.cz\\\/wp-content\\\/uploads\\\/2026\\\/01\\\/sudden-strike-4-africa-desert-war-12.webp\",\"width\":300,\"height\":400},{\"@type\":\"BreadcrumbList\",\"@id\":\"https:\\\/\\\/begamer.cz\\\/sk\\\/produkt\\\/sudden-strike-4-africa-desert-war-sk\\\/#breadcrumb\",\"itemListElement\":[{\"@type\":\"ListItem\",\"position\":1,\"name\":\"Domov\",\"item\":\"https:\\\/\\\/begamer.cz\\\/sk\\\/\"},{\"@type\":\"ListItem\",\"position\":2,\"name\":\"Obchod\",\"item\":\"https:\\\/\\\/begamer.cz\\\/obchod\\\/\"},{\"@type\":\"ListItem\",\"position\":3,\"name\":\"Sudden Strike 4: Africa-Desert War\"}]},{\"@type\":\"WebSite\",\"@id\":\"https:\\\/\\\/begamer.cz\\\/sk\\\/#website\",\"url\":\"https:\\\/\\\/begamer.cz\\\/sk\\\/\",\"name\":\"BeGamer.cz\",\"description\":\"\",\"publisher\":{\"@id\":\"https:\\\/\\\/begamer.cz\\\/sk\\\/#organization\"},\"potentialAction\":[{\"@type\":\"SearchAction\",\"target\":{\"@type\":\"EntryPoint\",\"urlTemplate\":\"https:\\\/\\\/begamer.cz\\\/sk\\\/?s={search_term_string}\"},\"query-input\":{\"@type\":\"PropertyValueSpecification\",\"valueRequired\":true,\"valueName\":\"search_term_string\"}}],\"inLanguage\":\"sk-SK\"},{\"@type\":\"Organization\",\"@id\":\"https:\\\/\\\/begamer.cz\\\/sk\\\/#organization\",\"name\":\"BeGamer.cz\",\"url\":\"https:\\\/\\\/begamer.cz\\\/sk\\\/\",\"logo\":{\"@type\":\"ImageObject\",\"inLanguage\":\"sk-SK\",\"@id\":\"https:\\\/\\\/begamer.cz\\\/sk\\\/#\\\/schema\\\/logo\\\/image\\\/\",\"url\":\"https:\\\/\\\/begamer.cz\\\/wp-content\\\/uploads\\\/2025\\\/07\\\/logo.svg\",\"contentUrl\":\"https:\\\/\\\/begamer.cz\\\/wp-content\\\/uploads\\\/2025\\\/07\\\/logo.svg\",\"caption\":\"BeGamer.cz\"},\"image\":{\"@id\":\"https:\\\/\\\/begamer.cz\\\/sk\\\/#\\\/schema\\\/logo\\\/image\\\/\"}}]}<\/script>\n<!-- \/ Yoast SEO plugin. -->","yoast_head_json":{"title":"Sudden Strike 4: Africa-Desert War | BeGamer.cz","robots":{"index":"index","follow":"follow","max-snippet":"max-snippet:-1","max-image-preview":"max-image-preview:large","max-video-preview":"max-video-preview:-1"},"canonical":"https:\/\/begamer.cz\/sk\/produkt\/sudden-strike-4-africa-desert-war-sk\/","og_locale":"sk_SK","og_type":"article","og_title":"Sudden Strike 4: Africa-Desert War | BeGamer.cz","og_description":"Sudden Strike 4: Africa-Desert War je strategick\u00e1 hra v re\u00e1lnom \u010dase, ktor\u00e1 sa odohr\u00e1va v severnej Afrike po\u010das druhej svetovej vojny. Velite ikonick\u00fdm frakci\u00e1m, spravujte zdroje a zap\u00e1jajte sa do taktick\u00fdch bitiek v p\u00fa\u0161tnej krajine. Za\u017eite autentick\u00e9 jednotky a strategick\u00e9 boje v tejto intenz\u00edvnej a pohlcuj\u00facej kampani.","og_url":"https:\/\/begamer.cz\/sk\/produkt\/sudden-strike-4-africa-desert-war-sk\/","og_site_name":"BeGamer.cz","article_modified_time":"2026-03-11T08:19:38+00:00","og_image":[{"width":300,"height":400,"url":"https:\/\/begamer.cz\/wp-content\/uploads\/2026\/01\/sudden-strike-4-africa-desert-war-12.webp","type":"image\/webp"}],"twitter_card":"summary_large_image","schema":{"@context":"https:\/\/schema.org","@graph":[{"@type":"WebPage","@id":"https:\/\/begamer.cz\/sk\/produkt\/sudden-strike-4-africa-desert-war-sk\/","url":"https:\/\/begamer.cz\/sk\/produkt\/sudden-strike-4-africa-desert-war-sk\/","name":"Sudden Strike 4: Africa-Desert War | BeGamer.cz","isPartOf":{"@id":"https:\/\/begamer.cz\/sk\/#website"},"primaryImageOfPage":{"@id":"https:\/\/begamer.cz\/sk\/produkt\/sudden-strike-4-africa-desert-war-sk\/#primaryimage"},"image":{"@id":"https:\/\/begamer.cz\/sk\/produkt\/sudden-strike-4-africa-desert-war-sk\/#primaryimage"},"thumbnailUrl":"https:\/\/begamer.cz\/wp-content\/uploads\/2026\/01\/sudden-strike-4-africa-desert-war-12.webp","datePublished":"2026-01-30T17:24:56+00:00","dateModified":"2026-03-11T08:19:38+00:00","breadcrumb":{"@id":"https:\/\/begamer.cz\/sk\/produkt\/sudden-strike-4-africa-desert-war-sk\/#breadcrumb"},"inLanguage":"sk-SK","potentialAction":[{"@type":"ReadAction","target":["https:\/\/begamer.cz\/sk\/produkt\/sudden-strike-4-africa-desert-war-sk\/"]}]},{"@type":"ImageObject","inLanguage":"sk-SK","@id":"https:\/\/begamer.cz\/sk\/produkt\/sudden-strike-4-africa-desert-war-sk\/#primaryimage","url":"https:\/\/begamer.cz\/wp-content\/uploads\/2026\/01\/sudden-strike-4-africa-desert-war-12.webp","contentUrl":"https:\/\/begamer.cz\/wp-content\/uploads\/2026\/01\/sudden-strike-4-africa-desert-war-12.webp","width":300,"height":400},{"@type":"BreadcrumbList","@id":"https:\/\/begamer.cz\/sk\/produkt\/sudden-strike-4-africa-desert-war-sk\/#breadcrumb","itemListElement":[{"@type":"ListItem","position":1,"name":"Domov","item":"https:\/\/begamer.cz\/sk\/"},{"@type":"ListItem","position":2,"name":"Obchod","item":"https:\/\/begamer.cz\/obchod\/"},{"@type":"ListItem","position":3,"name":"Sudden Strike 4: Africa-Desert War"}]},{"@type":"WebSite","@id":"https:\/\/begamer.cz\/sk\/#website","url":"https:\/\/begamer.cz\/sk\/","name":"BeGamer.cz","description":"","publisher":{"@id":"https:\/\/begamer.cz\/sk\/#organization"},"potentialAction":[{"@type":"SearchAction","target":{"@type":"EntryPoint","urlTemplate":"https:\/\/begamer.cz\/sk\/?s={search_term_string}"},"query-input":{"@type":"PropertyValueSpecification","valueRequired":true,"valueName":"search_term_string"}}],"inLanguage":"sk-SK"},{"@type":"Organization","@id":"https:\/\/begamer.cz\/sk\/#organization","name":"BeGamer.cz","url":"https:\/\/begamer.cz\/sk\/","logo":{"@type":"ImageObject","inLanguage":"sk-SK","@id":"https:\/\/begamer.cz\/sk\/#\/schema\/logo\/image\/","url":"https:\/\/begamer.cz\/wp-content\/uploads\/2025\/07\/logo.svg","contentUrl":"https:\/\/begamer.cz\/wp-content\/uploads\/2025\/07\/logo.svg","caption":"BeGamer.cz"},"image":{"@id":"https:\/\/begamer.cz\/sk\/#\/schema\/logo\/image\/"}}]}},"acf":[],"_links":{"self":[{"href":"https:\/\/begamer.cz\/sk\/wp-json\/wp\/v2\/product\/101204","targetHints":{"allow":["GET"]}}],"collection":[{"href":"https:\/\/begamer.cz\/sk\/wp-json\/wp\/v2\/product"}],"about":[{"href":"https:\/\/begamer.cz\/sk\/wp-json\/wp\/v2\/types\/product"}],"replies":[{"embeddable":true,"href":"https:\/\/begamer.cz\/sk\/wp-json\/wp\/v2\/comments?post=101204"}],"wp:featuredmedia":[{"embeddable":true,"href":"https:\/\/begamer.cz\/sk\/wp-json\/wp\/v2\/media\/37637"}],"wp:attachment":[{"href":"https:\/\/begamer.cz\/sk\/wp-json\/wp\/v2\/media?parent=101204"}],"wp:term":[{"taxonomy":"product_brand","embeddable":true,"href":"https:\/\/begamer.cz\/sk\/wp-json\/wp\/v2\/product_brand?post=101204"},{"taxonomy":"product_cat","embeddable":true,"href":"https:\/\/begamer.cz\/sk\/wp-json\/wp\/v2\/product_cat?post=101204"},{"taxonomy":"product_tag","embeddable":true,"href":"https:\/\/begamer.cz\/sk\/wp-json\/wp\/v2\/product_tag?post=101204"}],"curies":[{"name":"wp","href":"https:\/\/api.w.org\/{rel}","templated":true}]}}