{"id":101201,"date":"2026-01-30T18:24:53","date_gmt":"2026-01-30T17:24:53","guid":{"rendered":"https:\/\/begamer.cz\/produkt\/sniper-ghost-warrior-2-sk\/"},"modified":"2026-03-11T09:19:34","modified_gmt":"2026-03-11T08:19:34","slug":"sniper-ghost-warrior-2-sk","status":"publish","type":"product","link":"https:\/\/begamer.cz\/sk\/produkt\/sniper-ghost-warrior-2-sk\/","title":{"rendered":"Sniper: Ghost Warrior 2"},"content":{"rendered":"<p>Sniper: Ghost Warrior 2 je jedin\u00e1 multiplatformov\u00e1 modern\u00e1 strie\u013ea\u010dka z poh\u013eadu prvej osoby, ktor\u00e1 je navrhnut\u00e1 v\u00fdhradne pre z\u00e1\u017eitok zo snajperskej stre\u013eby. Presnos\u0165 svojho predchodcu pos\u00fava na nov\u00fa a vzru\u0161uj\u00facu \u00farove\u0148 a pon\u00faka rozmanitej\u0161ie v\u00fdzvy pre sniperov, prepracovan\u00fd syst\u00e9m umelej inteligencie a vzru\u0161uj\u00facu presnos\u0165 \u201ejedna strela, jeden zabit\u00fd\u201c, v\u010faka ktorej sa origin\u00e1l stal obrovsk\u00fdm hitom a predalo sa ho 3 mili\u00f3ny k\u00f3pi\u00ed po celom svete. Sniper: Ghost Warrior 2 vyu\u017e\u00edva pokro\u010dil\u00e9 mo\u017enosti CryENGINE3 a pon\u00faka aj p\u00f4sobiv\u00e9 grafick\u00e9 prostredie.<\/p>\n<h2>K\u013e\u00fa\u010dov\u00e9 vlastnosti<\/h2>\n<p><\/p>\n<ul>\n<li>\n<p>Motion Sense Trigger System: inovat\u00edvny syst\u00e9m, v ktorom sp\u00f4sob, ak\u00fdm hr\u00e1\u010d dotykom ovl\u00e1da ovl\u00e1da\u010d, ovplyv\u0148uje strelu na obrazovke. Rovnako ako v re\u00e1lnom svete, aj v hre je potrebn\u00e9 stabilne stla\u010di\u0165 sp\u00fa\u0161\u0165 ovl\u00e1da\u010da, aby bola strela presnej\u0161ia. Ak sp\u00fa\u0161\u0165 potiahnete pr\u00edli\u0161 r\u00fdchlo, strela bude nepresn\u00e1, minie cie\u013e a upozorn\u00ed vysoko motivovan\u00e9ho nepriate\u013ea na va\u0161u pr\u00edtomnos\u0165.<\/p>\n<\/li>\n<li>\n<p>Realistick\u00e1 balistika: charakteristick\u00fdm znakom s\u00e9rie Sniper je realizmus stre\u013eby. R\u00fdchlos\u0165 vetra, vzdialenos\u0165, gravit\u00e1cia a dopad gu\u013eky zohr\u00e1vaj\u00fa k\u013e\u00fa\u010dov\u00fa \u00falohu vo v\u00fdkone v\u00e1\u0161ho v\u00fdstrelu.<\/p>\n<\/li>\n<li>\n<p>Vylep\u0161en\u00e1 mechanika stre\u013eby: spr\u00e1vna technika d\u00fdchania na stabiliz\u00e1ciu srdcovej frekvencie je rovnako d\u00f4le\u017eit\u00e1 ako v\u00fdpo\u010det \u010dasu dopadu strely na cie\u013e, a najlep\u0161\u00ed snajperi ovl\u00e1daj\u00fa svoje srdce aj hlavu. Od zamierenia cie\u013ea a\u017e po pomal\u00e9 a stabiln\u00e9 stla\u010denie sp\u00fa\u0161te mus\u00ed snajper zos\u00faladi\u0165 v\u0161etko, aby dosiahol ide\u00e1lny v\u00fdsledok \u201ejedna strela, jeden z\u00e1sah\u201c.<\/p>\n<\/li>\n<li>\n<p>Vylep\u0161en\u00e1 umel\u00e1 inteligencia nepriate\u013eov: syst\u00e9m umelej inteligencie (AI) bol kompletne prepracovan\u00fd a navrhnut\u00fd od z\u00e1kladu. Mnoh\u00e9 vylep\u0161enia boli mo\u017en\u00e9 v\u010faka prechodu na CryEngine 3. O\u010dak\u00e1vajte v\u0161etko od obchvatn\u00fdch man\u00e9vrov po front\u00e1lne \u00fatoky, ke\u010f sa nepriate\u013e pok\u00fasi zapoji\u0165 v\u00e1s do boja zbl\u00edzka, kde je va\u0161a pu\u0161ka menej \u00fa\u010dinn\u00e1.<\/p>\n<\/li>\n<li>\n<p>Nov\u00e9 prostredia bohat\u00e9 na ciele: Sniper Ghost Warrior 2 prid\u00e1va nov\u00e9 mestsk\u00e9 prostredia, ako je Sarajevo a zradn\u00fd horsk\u00fd ter\u00e9n, ktor\u00e9 dop\u013a\u0148aj\u00fa d\u017eungle, ktor\u00e9 s\u00fa ako v\u017edy bujn\u00e9 a smrte\u013en\u00e9.<\/p>\n<\/li>\n<li>\n<p>R\u00f4zne \u00farovne obtia\u017enosti: Aby sa hra stala rozmanitej\u0161ou a dostupnej\u0161ou pre \u010do naj\u0161ir\u0161iu skupinu hr\u00e1\u010dov, CI Games zav\u00e1dza tri \u00farovne obtia\u017enosti, ktor\u00e9 \u00faplne menia charakter hry. Vy rozhodujete, ako budete hra\u0165 \u2013 bu\u010f si odd\u00fdchnete a budete ultim\u00e1tnym dravcom, alebo otestujete svoje zru\u010dnosti a vysk\u00fa\u0161ate hru v re\u017eime Expert.<\/p>\n<\/li>\n<li>\n<p>Bullet-Cam: ob\u013e\u00faben\u00e1 funkcia sa vracia, aby odmenila expertn\u00e9 v\u00fdstrely a uk\u00e1zala bojisko z \u00faplne nov\u00e9ho poh\u013eadu. Pozrite sa, \u010do dok\u00e1\u017ee prenos kinetickej energie \u2013 skuto\u010dn\u00e1 zastavovacia sila gu\u013eky \u2013 urobi\u0165 s nepriate\u013eom zo vzdialenosti 1000 metrov alebo viac!<\/p>\n<\/li>\n<li>\n<p>Bullet Penetration: skrytie nemus\u00ed nutne znamena\u0165 krytie. V hre Sniper: Ghost Warrior 2 sa gu\u013eky spr\u00e1vaj\u00fa tak, ako v re\u00e1lnom \u017eivote, a s\u00fa schopn\u00e9 zne\u0161kodni\u0165 nepriate\u013eov, ktor\u00ed sa skr\u00fdvaj\u00fa za r\u00f4znymi typmi krytov. M\u00f4\u017eete sa tie\u017e pok\u00fasi\u0165 zoradi\u0165 svojich nepriate\u013eov a jedinou ranou zne\u0161kodni\u0165 cel\u00fa jednotku. Po\u010dkajte, a\u017e to uvid\u00edte na Bullet Cam!<\/p>\n<\/li>\n<li>\n<p>Roz\u0161\u00edren\u00fd zoznam ostre\u013eova\u010dsk\u00fdch pu\u0161iek: Vysk\u00fa\u0161ajte najpokro\u010dilej\u0161ie ostre\u013eova\u010dsk\u00e9 pu\u0161ky na svete, z ktor\u00fdch ka\u017ed\u00e1 bola starostlivo vytvoren\u00e1 tak, aby presne simulovala modern\u00e9 zbrane pou\u017e\u00edvan\u00e9 na dne\u0161n\u00fdch bojisk\u00e1ch.<\/p>\n<\/li>\n<li>\n<p>Nov\u00e1 v\u00fdbava: ovl\u00e1dnite noc v\u010faka zavedeniu termov\u00edznej a no\u010dnej optiky a v\u00fdkonn\u00e9mu \u010falekoh\u013eadu, ktor\u00fd je nevyhnutn\u00fd na lokalizovanie nepriate\u013eov sk\u00f4r, ako v\u00e1s spozoruj\u00fa.<\/p>\n<\/li>\n<\/ul>\n","protected":false},"excerpt":{"rendered":"<p>Sniper: Ghost Warrior 2 je taktick\u00e1 strie\u013ea\u010dka z poh\u013eadu prvej osoby, ktor\u00e1 pon\u00faka intenz\u00edvnu hrate\u013enos\u0165 s realistickou balistikou, rozmanit\u00fdmi misiami a filmov\u00fdm pr\u00edbehom. Zapojte sa do tajn\u00fdch oper\u00e1ci\u00ed, bojov na ve\u013ek\u00fa vzdialenos\u0165 a strategick\u00e9ho pl\u00e1novania, aby ste splnili n\u00e1ro\u010dn\u00e9 ciele v r\u00f4znych glob\u00e1lnych prostrediach.<\/p>\n","protected":false},"featured_media":37596,"comment_status":"open","ping_status":"closed","template":"","meta":{"_acf_changed":false},"product_brand":[],"product_cat":[268,266,312,9064,9082],"product_tag":[],"class_list":{"0":"post-101201","1":"product","2":"type-product","3":"status-publish","4":"has-post-thumbnail","6":"product_cat-pc-sk","7":"product_cat-pc-hry-sk","8":"product_cat-steam-pc-sk","9":"product_cat-strielacky-3","10":"product_cat-takticke-3","11":"pa_audio-de-de","12":"pa_audio-en-us","14":"pa_countries-ad","15":"pa_countries-ae","16":"pa_countries-af","17":"pa_countries-ag","18":"pa_countries-ai","19":"pa_countries-al","20":"pa_countries-am","21":"pa_countries-ao","22":"pa_countries-aq","23":"pa_countries-ar","24":"pa_countries-as","25":"pa_countries-at","26":"pa_countries-au","27":"pa_countries-aw","28":"pa_countries-ax","29":"pa_countries-az","30":"pa_countries-ba","31":"pa_countries-bb","32":"pa_countries-bd","33":"pa_countries-be","34":"pa_countries-bf","35":"pa_countries-bg","36":"pa_countries-bh","37":"pa_countries-bi","38":"pa_countries-bj","39":"pa_countries-bl","40":"pa_countries-bm","41":"pa_countries-bn","42":"pa_countries-bo","43":"pa_countries-bq","44":"pa_countries-br","45":"pa_countries-bs","46":"pa_countries-bt","47":"pa_countries-bv","48":"pa_countries-bw","49":"pa_countries-bz","50":"pa_countries-ca","51":"pa_countries-cc","52":"pa_countries-cd","53":"pa_countries-cf","54":"pa_countries-cg","55":"pa_countries-ch","56":"pa_countries-ci","57":"pa_countries-ck","58":"pa_countries-cl","59":"pa_countries-cm","60":"pa_countries-cn","61":"pa_countries-co","62":"pa_countries-cr","63":"pa_countries-cu","64":"pa_countries-cv","65":"pa_countries-cw","66":"pa_countries-cx","67":"pa_countries-cy","68":"pa_countries-cz","69":"pa_countries-de","70":"pa_countries-dj","71":"pa_countries-dk","72":"pa_countries-dm","73":"pa_countries-do","74":"pa_countries-dz","75":"pa_countries-ec","76":"pa_countries-ee","77":"pa_countries-eg","78":"pa_countries-eh","79":"pa_countries-er","80":"pa_countries-es","81":"pa_countries-et","82":"pa_countries-fi","83":"pa_countries-fj","84":"pa_countries-fk","85":"pa_countries-fm","86":"pa_countries-fo","87":"pa_countries-fr","88":"pa_countries-ga","89":"pa_countries-gb","90":"pa_countries-gd","91":"pa_countries-ge","92":"pa_countries-gf","93":"pa_countries-gg","94":"pa_countries-gh","95":"pa_countries-gi","96":"pa_countries-gl","97":"pa_countries-gm","98":"pa_countries-gn","99":"pa_countries-gp","100":"pa_countries-gq","101":"pa_countries-gr","102":"pa_countries-gs","103":"pa_countries-gt","104":"pa_countries-gu","105":"pa_countries-gw","106":"pa_countries-gy","107":"pa_countries-hk","108":"pa_countries-hm","109":"pa_countries-hn","110":"pa_countries-hr","111":"pa_countries-ht","112":"pa_countries-hu","113":"pa_countries-id","114":"pa_countries-ie","115":"pa_countries-il","116":"pa_countries-im","117":"pa_countries-in","118":"pa_countries-io","119":"pa_countries-iq","120":"pa_countries-ir","121":"pa_countries-is","122":"pa_countries-it","123":"pa_countries-je","124":"pa_countries-jm","125":"pa_countries-jo","126":"pa_countries-jp","127":"pa_countries-ke","128":"pa_countries-kg","129":"pa_countries-kh","130":"pa_countries-ki","131":"pa_countries-km","132":"pa_countries-kn","133":"pa_countries-kp","134":"pa_countries-kr","135":"pa_countries-kw","136":"pa_countries-ky","137":"pa_countries-kz","138":"pa_countries-la","139":"pa_countries-lb","140":"pa_countries-lc","141":"pa_countries-li","142":"pa_countries-lk","143":"pa_countries-lr","144":"pa_countries-ls","145":"pa_countries-lt","146":"pa_countries-lu","147":"pa_countries-lv","148":"pa_countries-ly","149":"pa_countries-ma","150":"pa_countries-mc","151":"pa_countries-md","152":"pa_countries-me","153":"pa_countries-mf","154":"pa_countries-mg","155":"pa_countries-mh","156":"pa_countries-mk","157":"pa_countries-ml","158":"pa_countries-mm","159":"pa_countries-mn","160":"pa_countries-mo","161":"pa_countries-mp","162":"pa_countries-mq","163":"pa_countries-mr","164":"pa_countries-ms","165":"pa_countries-mt","166":"pa_countries-mu","167":"pa_countries-mv","168":"pa_countries-mw","169":"pa_countries-my","170":"pa_countries-mz","171":"pa_countries-na","172":"pa_countries-nc","173":"pa_countries-ne","174":"pa_countries-nf","175":"pa_countries-ng","176":"pa_countries-ni","177":"pa_countries-nl","178":"pa_countries-no","179":"pa_countries-np","180":"pa_countries-nr","181":"pa_countries-nu","182":"pa_countries-nz","183":"pa_countries-om","184":"pa_countries-pa","185":"pa_countries-pe","186":"pa_countries-pf","187":"pa_countries-pg","188":"pa_countries-ph","189":"pa_countries-pk","190":"pa_countries-pl","191":"pa_countries-pm","192":"pa_countries-pn","193":"pa_countries-pr","194":"pa_countries-ps","195":"pa_countries-pt","196":"pa_countries-pw","197":"pa_countries-py","198":"pa_countries-qa","199":"pa_countries-re","200":"pa_countries-ro","201":"pa_countries-rs","202":"pa_countries-rw","203":"pa_countries-sa","204":"pa_countries-sb","205":"pa_countries-sc","206":"pa_countries-sd","207":"pa_countries-se","208":"pa_countries-sg","209":"pa_countries-sh","210":"pa_countries-si","211":"pa_countries-sj","212":"pa_countries-sk","213":"pa_countries-sl","214":"pa_countries-sm","215":"pa_countries-sn","216":"pa_countries-so","217":"pa_countries-sr","218":"pa_countries-ss","220":"pa_countries-st","221":"pa_countries-sv","222":"pa_countries-sx","223":"pa_countries-sy","224":"pa_countries-sz","225":"pa_countries-tc","226":"pa_countries-td","227":"pa_countries-tf","228":"pa_countries-tg","229":"pa_countries-th","230":"pa_countries-tj","231":"pa_countries-tk","232":"pa_countries-tl","233":"pa_countries-tm","234":"pa_countries-tn","235":"pa_countries-to","236":"pa_countries-tr","237":"pa_countries-tt","238":"pa_countries-tv","239":"pa_countries-tw","240":"pa_countries-tz","241":"pa_countries-ua","242":"pa_countries-ug","243":"pa_countries-um","244":"pa_countries-us","245":"pa_countries-uy","246":"pa_countries-uz","247":"pa_countries-va","248":"pa_countries-vc","249":"pa_countries-ve","250":"pa_countries-vg","251":"pa_countries-vi","252":"pa_countries-vn","253":"pa_countries-vu","254":"pa_countries-wf","255":"pa_countries-ws","256":"pa_countries-xk","257":"pa_countries-ye","258":"pa_countries-yt","259":"pa_countries-za","260":"pa_countries-zm","261":"pa_countries-zw","262":"pa_developer-city-interactive","264":"pa_engine-cryengine","266":"pa_game_type-main_game","268":"pa_genres-shooter","269":"pa_genres-tactical","271":"pa_interface-cs-cz","272":"pa_interface-de-de","273":"pa_interface-en-us","274":"pa_interface-es-es","275":"pa_interface-fr-fr","276":"pa_interface-it-it","277":"pa_interface-ja-jp","278":"pa_interface-ko-kr","279":"pa_interface-pl-pl","280":"pa_interface-ru-ru","282":"pa_keywords-achievements","283":"pa_keywords-camouflage","284":"pa_keywords-collectibles","285":"pa_keywords-digital-distribution","286":"pa_keywords-enemy-tagging","287":"pa_keywords-games-on-demand","289":"pa_keywords-human","290":"pa_keywords-modern-military","291":"pa_keywords-modern-warfare","292":"pa_keywords-online","293":"pa_keywords-playstation-trophies","294":"pa_keywords-retail-games-with-steam-activation","295":"pa_keywords-slow-motion","296":"pa_keywords-sneaking-mission","297":"pa_keywords-sniping","298":"pa_keywords-sprinting-mechanics","299":"pa_keywords-stealth-kill","300":"pa_keywords-steam","301":"pa_keywords-team-deathmatch","302":"pa_keywords-voice-acting","303":"pa_keywords-wasd-movement","304":"pa_modes-multiplayer","306":"pa_modes-single-player","307":"pa_pegi-794","308":"pa_pegi-13426","309":"pa_platform-pc-steam","311":"pa_player_perspectives-first-person","313":"pa_publisher-city-interactive","315":"pa_rating-3557","316":"pa_rating-14629","317":"pa_region-global","319":"pa_subtitles-cs-cz","320":"pa_subtitles-de-de","322":"pa_subtitles-en-us","323":"pa_subtitles-es-es","324":"pa_subtitles-fr-fr","325":"pa_subtitles-it-it","326":"pa_subtitles-ja-jp","327":"pa_subtitles-ko-kr","328":"pa_subtitles-pl-pl","329":"pa_subtitles-ru-ru","330":"pa_themes-action","331":"pa_themes-stealth","332":"pa_themes-warfare","335":"first","336":"instock","337":"virtual","338":"taxable","339":"purchasable","340":"product-type-simple"},"yoast_head":"<!-- This site is optimized with the Yoast SEO plugin v27.3 - https:\/\/yoast.com\/product\/yoast-seo-wordpress\/ -->\n<title>Sniper: Ghost Warrior 2 | BeGamer.cz<\/title>\n<meta name=\"robots\" content=\"index, follow, max-snippet:-1, max-image-preview:large, max-video-preview:-1\" \/>\n<link rel=\"canonical\" href=\"https:\/\/begamer.cz\/sk\/produkt\/sniper-ghost-warrior-2-sk\/\" \/>\n<meta property=\"og:locale\" content=\"sk_SK\" \/>\n<meta property=\"og:type\" content=\"article\" \/>\n<meta property=\"og:title\" content=\"Sniper: Ghost Warrior 2 | BeGamer.cz\" \/>\n<meta property=\"og:description\" content=\"Sniper: Ghost Warrior 2 je taktick\u00e1 strie\u013ea\u010dka z poh\u013eadu prvej osoby, ktor\u00e1 pon\u00faka intenz\u00edvnu hrate\u013enos\u0165 s realistickou balistikou, rozmanit\u00fdmi misiami a filmov\u00fdm pr\u00edbehom. Zapojte sa do tajn\u00fdch oper\u00e1ci\u00ed, bojov na ve\u013ek\u00fa vzdialenos\u0165 a strategick\u00e9ho pl\u00e1novania, aby ste splnili n\u00e1ro\u010dn\u00e9 ciele v r\u00f4znych glob\u00e1lnych prostrediach.\" \/>\n<meta property=\"og:url\" content=\"https:\/\/begamer.cz\/sk\/produkt\/sniper-ghost-warrior-2-sk\/\" \/>\n<meta property=\"og:site_name\" content=\"BeGamer.cz\" \/>\n<meta property=\"article:modified_time\" content=\"2026-03-11T08:19:34+00:00\" \/>\n<meta property=\"og:image\" content=\"https:\/\/begamer.cz\/wp-content\/uploads\/2026\/01\/sniper-ghost-warrior-2-7.webp\" \/>\n\t<meta property=\"og:image:width\" content=\"300\" \/>\n\t<meta property=\"og:image:height\" content=\"400\" \/>\n\t<meta property=\"og:image:type\" content=\"image\/webp\" \/>\n<meta name=\"twitter:card\" content=\"summary_large_image\" \/>\n<meta name=\"twitter:label1\" content=\"Predpokladan\u00fd \u010das \u010d\u00edtania\" \/>\n\t<meta name=\"twitter:data1\" content=\"3 min\u00faty\" \/>\n<script type=\"application\/ld+json\" class=\"yoast-schema-graph\">{\"@context\":\"https:\\\/\\\/schema.org\",\"@graph\":[{\"@type\":\"WebPage\",\"@id\":\"https:\\\/\\\/begamer.cz\\\/sk\\\/produkt\\\/sniper-ghost-warrior-2-sk\\\/\",\"url\":\"https:\\\/\\\/begamer.cz\\\/sk\\\/produkt\\\/sniper-ghost-warrior-2-sk\\\/\",\"name\":\"Sniper: Ghost Warrior 2 | BeGamer.cz\",\"isPartOf\":{\"@id\":\"https:\\\/\\\/begamer.cz\\\/sk\\\/#website\"},\"primaryImageOfPage\":{\"@id\":\"https:\\\/\\\/begamer.cz\\\/sk\\\/produkt\\\/sniper-ghost-warrior-2-sk\\\/#primaryimage\"},\"image\":{\"@id\":\"https:\\\/\\\/begamer.cz\\\/sk\\\/produkt\\\/sniper-ghost-warrior-2-sk\\\/#primaryimage\"},\"thumbnailUrl\":\"https:\\\/\\\/begamer.cz\\\/wp-content\\\/uploads\\\/2026\\\/01\\\/sniper-ghost-warrior-2-7.webp\",\"datePublished\":\"2026-01-30T17:24:53+00:00\",\"dateModified\":\"2026-03-11T08:19:34+00:00\",\"breadcrumb\":{\"@id\":\"https:\\\/\\\/begamer.cz\\\/sk\\\/produkt\\\/sniper-ghost-warrior-2-sk\\\/#breadcrumb\"},\"inLanguage\":\"sk-SK\",\"potentialAction\":[{\"@type\":\"ReadAction\",\"target\":[\"https:\\\/\\\/begamer.cz\\\/sk\\\/produkt\\\/sniper-ghost-warrior-2-sk\\\/\"]}]},{\"@type\":\"ImageObject\",\"inLanguage\":\"sk-SK\",\"@id\":\"https:\\\/\\\/begamer.cz\\\/sk\\\/produkt\\\/sniper-ghost-warrior-2-sk\\\/#primaryimage\",\"url\":\"https:\\\/\\\/begamer.cz\\\/wp-content\\\/uploads\\\/2026\\\/01\\\/sniper-ghost-warrior-2-7.webp\",\"contentUrl\":\"https:\\\/\\\/begamer.cz\\\/wp-content\\\/uploads\\\/2026\\\/01\\\/sniper-ghost-warrior-2-7.webp\",\"width\":300,\"height\":400},{\"@type\":\"BreadcrumbList\",\"@id\":\"https:\\\/\\\/begamer.cz\\\/sk\\\/produkt\\\/sniper-ghost-warrior-2-sk\\\/#breadcrumb\",\"itemListElement\":[{\"@type\":\"ListItem\",\"position\":1,\"name\":\"Domov\",\"item\":\"https:\\\/\\\/begamer.cz\\\/sk\\\/\"},{\"@type\":\"ListItem\",\"position\":2,\"name\":\"Obchod\",\"item\":\"https:\\\/\\\/begamer.cz\\\/obchod\\\/\"},{\"@type\":\"ListItem\",\"position\":3,\"name\":\"Sniper: Ghost Warrior 2\"}]},{\"@type\":\"WebSite\",\"@id\":\"https:\\\/\\\/begamer.cz\\\/sk\\\/#website\",\"url\":\"https:\\\/\\\/begamer.cz\\\/sk\\\/\",\"name\":\"BeGamer.cz\",\"description\":\"\",\"publisher\":{\"@id\":\"https:\\\/\\\/begamer.cz\\\/sk\\\/#organization\"},\"potentialAction\":[{\"@type\":\"SearchAction\",\"target\":{\"@type\":\"EntryPoint\",\"urlTemplate\":\"https:\\\/\\\/begamer.cz\\\/sk\\\/?s={search_term_string}\"},\"query-input\":{\"@type\":\"PropertyValueSpecification\",\"valueRequired\":true,\"valueName\":\"search_term_string\"}}],\"inLanguage\":\"sk-SK\"},{\"@type\":\"Organization\",\"@id\":\"https:\\\/\\\/begamer.cz\\\/sk\\\/#organization\",\"name\":\"BeGamer.cz\",\"url\":\"https:\\\/\\\/begamer.cz\\\/sk\\\/\",\"logo\":{\"@type\":\"ImageObject\",\"inLanguage\":\"sk-SK\",\"@id\":\"https:\\\/\\\/begamer.cz\\\/sk\\\/#\\\/schema\\\/logo\\\/image\\\/\",\"url\":\"https:\\\/\\\/begamer.cz\\\/wp-content\\\/uploads\\\/2025\\\/07\\\/logo.svg\",\"contentUrl\":\"https:\\\/\\\/begamer.cz\\\/wp-content\\\/uploads\\\/2025\\\/07\\\/logo.svg\",\"caption\":\"BeGamer.cz\"},\"image\":{\"@id\":\"https:\\\/\\\/begamer.cz\\\/sk\\\/#\\\/schema\\\/logo\\\/image\\\/\"}}]}<\/script>\n<!-- \/ Yoast SEO plugin. -->","yoast_head_json":{"title":"Sniper: Ghost Warrior 2 | BeGamer.cz","robots":{"index":"index","follow":"follow","max-snippet":"max-snippet:-1","max-image-preview":"max-image-preview:large","max-video-preview":"max-video-preview:-1"},"canonical":"https:\/\/begamer.cz\/sk\/produkt\/sniper-ghost-warrior-2-sk\/","og_locale":"sk_SK","og_type":"article","og_title":"Sniper: Ghost Warrior 2 | BeGamer.cz","og_description":"Sniper: Ghost Warrior 2 je taktick\u00e1 strie\u013ea\u010dka z poh\u013eadu prvej osoby, ktor\u00e1 pon\u00faka intenz\u00edvnu hrate\u013enos\u0165 s realistickou balistikou, rozmanit\u00fdmi misiami a filmov\u00fdm pr\u00edbehom. Zapojte sa do tajn\u00fdch oper\u00e1ci\u00ed, bojov na ve\u013ek\u00fa vzdialenos\u0165 a strategick\u00e9ho pl\u00e1novania, aby ste splnili n\u00e1ro\u010dn\u00e9 ciele v r\u00f4znych glob\u00e1lnych prostrediach.","og_url":"https:\/\/begamer.cz\/sk\/produkt\/sniper-ghost-warrior-2-sk\/","og_site_name":"BeGamer.cz","article_modified_time":"2026-03-11T08:19:34+00:00","og_image":[{"width":300,"height":400,"url":"https:\/\/begamer.cz\/wp-content\/uploads\/2026\/01\/sniper-ghost-warrior-2-7.webp","type":"image\/webp"}],"twitter_card":"summary_large_image","twitter_misc":{"Predpokladan\u00fd \u010das \u010d\u00edtania":"3 min\u00faty"},"schema":{"@context":"https:\/\/schema.org","@graph":[{"@type":"WebPage","@id":"https:\/\/begamer.cz\/sk\/produkt\/sniper-ghost-warrior-2-sk\/","url":"https:\/\/begamer.cz\/sk\/produkt\/sniper-ghost-warrior-2-sk\/","name":"Sniper: Ghost Warrior 2 | BeGamer.cz","isPartOf":{"@id":"https:\/\/begamer.cz\/sk\/#website"},"primaryImageOfPage":{"@id":"https:\/\/begamer.cz\/sk\/produkt\/sniper-ghost-warrior-2-sk\/#primaryimage"},"image":{"@id":"https:\/\/begamer.cz\/sk\/produkt\/sniper-ghost-warrior-2-sk\/#primaryimage"},"thumbnailUrl":"https:\/\/begamer.cz\/wp-content\/uploads\/2026\/01\/sniper-ghost-warrior-2-7.webp","datePublished":"2026-01-30T17:24:53+00:00","dateModified":"2026-03-11T08:19:34+00:00","breadcrumb":{"@id":"https:\/\/begamer.cz\/sk\/produkt\/sniper-ghost-warrior-2-sk\/#breadcrumb"},"inLanguage":"sk-SK","potentialAction":[{"@type":"ReadAction","target":["https:\/\/begamer.cz\/sk\/produkt\/sniper-ghost-warrior-2-sk\/"]}]},{"@type":"ImageObject","inLanguage":"sk-SK","@id":"https:\/\/begamer.cz\/sk\/produkt\/sniper-ghost-warrior-2-sk\/#primaryimage","url":"https:\/\/begamer.cz\/wp-content\/uploads\/2026\/01\/sniper-ghost-warrior-2-7.webp","contentUrl":"https:\/\/begamer.cz\/wp-content\/uploads\/2026\/01\/sniper-ghost-warrior-2-7.webp","width":300,"height":400},{"@type":"BreadcrumbList","@id":"https:\/\/begamer.cz\/sk\/produkt\/sniper-ghost-warrior-2-sk\/#breadcrumb","itemListElement":[{"@type":"ListItem","position":1,"name":"Domov","item":"https:\/\/begamer.cz\/sk\/"},{"@type":"ListItem","position":2,"name":"Obchod","item":"https:\/\/begamer.cz\/obchod\/"},{"@type":"ListItem","position":3,"name":"Sniper: Ghost Warrior 2"}]},{"@type":"WebSite","@id":"https:\/\/begamer.cz\/sk\/#website","url":"https:\/\/begamer.cz\/sk\/","name":"BeGamer.cz","description":"","publisher":{"@id":"https:\/\/begamer.cz\/sk\/#organization"},"potentialAction":[{"@type":"SearchAction","target":{"@type":"EntryPoint","urlTemplate":"https:\/\/begamer.cz\/sk\/?s={search_term_string}"},"query-input":{"@type":"PropertyValueSpecification","valueRequired":true,"valueName":"search_term_string"}}],"inLanguage":"sk-SK"},{"@type":"Organization","@id":"https:\/\/begamer.cz\/sk\/#organization","name":"BeGamer.cz","url":"https:\/\/begamer.cz\/sk\/","logo":{"@type":"ImageObject","inLanguage":"sk-SK","@id":"https:\/\/begamer.cz\/sk\/#\/schema\/logo\/image\/","url":"https:\/\/begamer.cz\/wp-content\/uploads\/2025\/07\/logo.svg","contentUrl":"https:\/\/begamer.cz\/wp-content\/uploads\/2025\/07\/logo.svg","caption":"BeGamer.cz"},"image":{"@id":"https:\/\/begamer.cz\/sk\/#\/schema\/logo\/image\/"}}]}},"acf":[],"_links":{"self":[{"href":"https:\/\/begamer.cz\/sk\/wp-json\/wp\/v2\/product\/101201","targetHints":{"allow":["GET"]}}],"collection":[{"href":"https:\/\/begamer.cz\/sk\/wp-json\/wp\/v2\/product"}],"about":[{"href":"https:\/\/begamer.cz\/sk\/wp-json\/wp\/v2\/types\/product"}],"replies":[{"embeddable":true,"href":"https:\/\/begamer.cz\/sk\/wp-json\/wp\/v2\/comments?post=101201"}],"wp:featuredmedia":[{"embeddable":true,"href":"https:\/\/begamer.cz\/sk\/wp-json\/wp\/v2\/media\/37596"}],"wp:attachment":[{"href":"https:\/\/begamer.cz\/sk\/wp-json\/wp\/v2\/media?parent=101201"}],"wp:term":[{"taxonomy":"product_brand","embeddable":true,"href":"https:\/\/begamer.cz\/sk\/wp-json\/wp\/v2\/product_brand?post=101201"},{"taxonomy":"product_cat","embeddable":true,"href":"https:\/\/begamer.cz\/sk\/wp-json\/wp\/v2\/product_cat?post=101201"},{"taxonomy":"product_tag","embeddable":true,"href":"https:\/\/begamer.cz\/sk\/wp-json\/wp\/v2\/product_tag?post=101201"}],"curies":[{"name":"wp","href":"https:\/\/api.w.org\/{rel}","templated":true}]}}