{"id":101168,"date":"2026-01-30T18:24:20","date_gmt":"2026-01-30T17:24:20","guid":{"rendered":"https:\/\/begamer.cz\/produkt\/metal-gear-solid-2-sons-of-liberty-master-collection-version-sk\/"},"modified":"2026-03-11T09:18:35","modified_gmt":"2026-03-11T08:18:35","slug":"metal-gear-solid-2-sons-of-liberty-master-collection-version-sk","status":"publish","type":"product","link":"https:\/\/begamer.cz\/sk\/produkt\/metal-gear-solid-2-sons-of-liberty-master-collection-version-sk\/","title":{"rendered":"METAL GEAR SOLID 2: Sons of Liberty Master Collection Version"},"content":{"rendered":"<h1>O hre<\/h1>\n<p>Toto je \u0161tvrt\u00e9 vydanie zo s\u00e9rie METAL GEAR. Metal Gear Solid 2 je pr\u00edbeh rozpr\u00e1van\u00fd v dvoch \u010dastiach:<br \/>V kapitol\u00e1ch Tanker sa Solid Snake vkradne do tajn\u00e9ho tankera, aby z\u00edskal nov\u00fa pr\u00edsne tajn\u00fa jadrov\u00fa zbra\u0148 nazvan\u00fa Metal Gear.<br \/>V kapitol\u00e1ch Plant sa Raiden z novej jednotky FOXHOUND infiltruje do pobre\u017enej elektr\u00e1rne obsadenej teroristami. Do tejto hry<\/p>\n<p>boli tie\u017e za\u010dlenen\u00e9 nov\u00e9 hern\u00e9 akcie, ako napr\u00edklad ovl\u00e1danie zbran\u00ed z poh\u013eadu prvej osoby, dr\u017eanie nepriate\u013eov pod hrozbou zbrane a uchopenie a \u0165ahanie padl\u00fdch protivn\u00edkov.<\/p>\n<p>S\u00fa\u010das\u0165ou balenia je aj exkluz\u00edvna digit\u00e1lna kniha scen\u00e1ra a kniha Master Book, ktor\u00e9 podrobne opisuj\u00fa pr\u00edbeh a postavy v hre Metal Gear Solid 2: Sons of Liberty.<\/p>\n<p>[Ponuka titulov]<br \/>Metal Gear Solid 2: Sons of Liberty (verzia HD Collection)<\/p>\n<p>Region\u00e1lne verzie titulov s\u00fa k dispoz\u00edcii ako dodato\u010dn\u00e9 stiahnute\u013en\u00e9 s\u00fabory.<\/p>\n<p>[Digit\u00e1lna kniha]<br \/>Metal Gear Solid 2: Screenplay Book<br \/>Metal Gear Solid 2: Master Book<\/p>\n<p>Digit\u00e1lne knihy s\u00fa dostupn\u00e9 z hlavnej obrazovky hry.<\/p>\n","protected":false},"excerpt":{"rendered":"<p>\u0160tvrt\u00e1 hra zo s\u00e9rie METAL GEAR: dej sa odohr\u00e1va v rokoch 2007 a 2009, hlavn\u00fdmi hrdinami s\u00fa Solid Snake a Raiden a hra prin\u00e1\u0161a nov\u00e9 stealth hern\u00e9 prvky.<\/p>\n","protected":false},"featured_media":37382,"comment_status":"open","ping_status":"closed","template":"","meta":{"_acf_changed":false},"product_brand":[],"product_cat":[268,266,312],"product_tag":[],"class_list":{"0":"post-101168","1":"product","2":"type-product","3":"status-publish","4":"has-post-thumbnail","6":"product_cat-pc-sk","7":"product_cat-pc-hry-sk","8":"product_cat-steam-pc-sk","9":"pa_audio-en-us","10":"pa_audio-ja-jp","12":"pa_countries-at","13":"pa_countries-be","14":"pa_countries-bg","15":"pa_countries-cy","16":"pa_countries-cz","18":"pa_countries-de","19":"pa_countries-dk","20":"pa_countries-ee","21":"pa_countries-es","22":"pa_countries-fi","23":"pa_countries-fr","24":"pa_countries-gr","25":"pa_countries-hr","26":"pa_countries-hu","27":"pa_countries-ie","28":"pa_countries-it","29":"pa_countries-lt","30":"pa_countries-lu","31":"pa_countries-lv","32":"pa_countries-mt","33":"pa_countries-nl","34":"pa_countries-pl","35":"pa_countries-pt","36":"pa_countries-ro","37":"pa_countries-se","38":"pa_countries-si","39":"pa_countries-sk","40":"pa_game_type-main_game","42":"pa_interface-de-de","43":"pa_interface-en-us","44":"pa_interface-es-es","45":"pa_interface-fr-fr","46":"pa_interface-it-it","47":"pa_interface-ja-jp","49":"pa_pegi-13426","50":"pa_pegi-794","51":"pa_platform-pc-steam","53":"pa_rating-14441","54":"pa_rating-773","55":"pa_region-europe","58":"first","59":"instock","60":"virtual","61":"taxable","62":"purchasable","63":"product-type-simple"},"yoast_head":"<!-- This site is optimized with the Yoast SEO plugin v27.4 - https:\/\/yoast.com\/product\/yoast-seo-wordpress\/ -->\n<title>METAL GEAR SOLID 2: Sons of Liberty Master Collection Version | BeGamer.cz<\/title>\n<meta name=\"robots\" content=\"index, follow, max-snippet:-1, max-image-preview:large, max-video-preview:-1\" \/>\n<link rel=\"canonical\" href=\"https:\/\/begamer.cz\/sk\/produkt\/metal-gear-solid-2-sons-of-liberty-master-collection-version-sk\/\" \/>\n<meta property=\"og:locale\" content=\"sk_SK\" \/>\n<meta property=\"og:type\" content=\"article\" \/>\n<meta property=\"og:title\" content=\"METAL GEAR SOLID 2: Sons of Liberty Master Collection Version | BeGamer.cz\" \/>\n<meta property=\"og:description\" content=\"\u0160tvrt\u00e1 hra zo s\u00e9rie METAL GEAR: dej sa odohr\u00e1va v rokoch 2007 a 2009, hlavn\u00fdmi hrdinami s\u00fa Solid Snake a Raiden a hra prin\u00e1\u0161a nov\u00e9 stealth hern\u00e9 prvky.\" \/>\n<meta property=\"og:url\" content=\"https:\/\/begamer.cz\/sk\/produkt\/metal-gear-solid-2-sons-of-liberty-master-collection-version-sk\/\" \/>\n<meta property=\"og:site_name\" content=\"BeGamer.cz\" \/>\n<meta property=\"article:modified_time\" content=\"2026-03-11T08:18:35+00:00\" \/>\n<meta property=\"og:image\" content=\"https:\/\/begamer.cz\/wp-content\/uploads\/2026\/01\/metal-gear-solid-2-sons-of-liberty-master-collection-version-3.webp\" \/>\n\t<meta property=\"og:image:width\" content=\"300\" \/>\n\t<meta property=\"og:image:height\" content=\"400\" \/>\n\t<meta property=\"og:image:type\" content=\"image\/webp\" \/>\n<meta name=\"twitter:card\" content=\"summary_large_image\" \/>\n<meta name=\"twitter:label1\" content=\"Predpokladan\u00fd \u010das \u010d\u00edtania\" \/>\n\t<meta name=\"twitter:data1\" content=\"1 min\u00fata\" \/>\n<script type=\"application\/ld+json\" class=\"yoast-schema-graph\">{\"@context\":\"https:\\\/\\\/schema.org\",\"@graph\":[{\"@type\":\"WebPage\",\"@id\":\"https:\\\/\\\/begamer.cz\\\/sk\\\/produkt\\\/metal-gear-solid-2-sons-of-liberty-master-collection-version-sk\\\/\",\"url\":\"https:\\\/\\\/begamer.cz\\\/sk\\\/produkt\\\/metal-gear-solid-2-sons-of-liberty-master-collection-version-sk\\\/\",\"name\":\"METAL GEAR SOLID 2: Sons of Liberty Master Collection Version | BeGamer.cz\",\"isPartOf\":{\"@id\":\"https:\\\/\\\/begamer.cz\\\/sk\\\/#website\"},\"primaryImageOfPage\":{\"@id\":\"https:\\\/\\\/begamer.cz\\\/sk\\\/produkt\\\/metal-gear-solid-2-sons-of-liberty-master-collection-version-sk\\\/#primaryimage\"},\"image\":{\"@id\":\"https:\\\/\\\/begamer.cz\\\/sk\\\/produkt\\\/metal-gear-solid-2-sons-of-liberty-master-collection-version-sk\\\/#primaryimage\"},\"thumbnailUrl\":\"https:\\\/\\\/begamer.cz\\\/wp-content\\\/uploads\\\/2026\\\/01\\\/metal-gear-solid-2-sons-of-liberty-master-collection-version-3.webp\",\"datePublished\":\"2026-01-30T17:24:20+00:00\",\"dateModified\":\"2026-03-11T08:18:35+00:00\",\"breadcrumb\":{\"@id\":\"https:\\\/\\\/begamer.cz\\\/sk\\\/produkt\\\/metal-gear-solid-2-sons-of-liberty-master-collection-version-sk\\\/#breadcrumb\"},\"inLanguage\":\"sk-SK\",\"potentialAction\":[{\"@type\":\"ReadAction\",\"target\":[\"https:\\\/\\\/begamer.cz\\\/sk\\\/produkt\\\/metal-gear-solid-2-sons-of-liberty-master-collection-version-sk\\\/\"]}]},{\"@type\":\"ImageObject\",\"inLanguage\":\"sk-SK\",\"@id\":\"https:\\\/\\\/begamer.cz\\\/sk\\\/produkt\\\/metal-gear-solid-2-sons-of-liberty-master-collection-version-sk\\\/#primaryimage\",\"url\":\"https:\\\/\\\/begamer.cz\\\/wp-content\\\/uploads\\\/2026\\\/01\\\/metal-gear-solid-2-sons-of-liberty-master-collection-version-3.webp\",\"contentUrl\":\"https:\\\/\\\/begamer.cz\\\/wp-content\\\/uploads\\\/2026\\\/01\\\/metal-gear-solid-2-sons-of-liberty-master-collection-version-3.webp\",\"width\":300,\"height\":400},{\"@type\":\"BreadcrumbList\",\"@id\":\"https:\\\/\\\/begamer.cz\\\/sk\\\/produkt\\\/metal-gear-solid-2-sons-of-liberty-master-collection-version-sk\\\/#breadcrumb\",\"itemListElement\":[{\"@type\":\"ListItem\",\"position\":1,\"name\":\"Domov\",\"item\":\"https:\\\/\\\/begamer.cz\\\/sk\\\/\"},{\"@type\":\"ListItem\",\"position\":2,\"name\":\"Obchod\",\"item\":\"https:\\\/\\\/begamer.cz\\\/obchod\\\/\"},{\"@type\":\"ListItem\",\"position\":3,\"name\":\"METAL GEAR SOLID 2: Sons of Liberty Master Collection Version\"}]},{\"@type\":\"WebSite\",\"@id\":\"https:\\\/\\\/begamer.cz\\\/sk\\\/#website\",\"url\":\"https:\\\/\\\/begamer.cz\\\/sk\\\/\",\"name\":\"BeGamer.cz\",\"description\":\"\",\"publisher\":{\"@id\":\"https:\\\/\\\/begamer.cz\\\/sk\\\/#organization\"},\"potentialAction\":[{\"@type\":\"SearchAction\",\"target\":{\"@type\":\"EntryPoint\",\"urlTemplate\":\"https:\\\/\\\/begamer.cz\\\/sk\\\/?s={search_term_string}\"},\"query-input\":{\"@type\":\"PropertyValueSpecification\",\"valueRequired\":true,\"valueName\":\"search_term_string\"}}],\"inLanguage\":\"sk-SK\"},{\"@type\":\"Organization\",\"@id\":\"https:\\\/\\\/begamer.cz\\\/sk\\\/#organization\",\"name\":\"BeGamer.cz\",\"url\":\"https:\\\/\\\/begamer.cz\\\/sk\\\/\",\"logo\":{\"@type\":\"ImageObject\",\"inLanguage\":\"sk-SK\",\"@id\":\"https:\\\/\\\/begamer.cz\\\/sk\\\/#\\\/schema\\\/logo\\\/image\\\/\",\"url\":\"https:\\\/\\\/begamer.cz\\\/wp-content\\\/uploads\\\/2025\\\/07\\\/logo.svg\",\"contentUrl\":\"https:\\\/\\\/begamer.cz\\\/wp-content\\\/uploads\\\/2025\\\/07\\\/logo.svg\",\"caption\":\"BeGamer.cz\"},\"image\":{\"@id\":\"https:\\\/\\\/begamer.cz\\\/sk\\\/#\\\/schema\\\/logo\\\/image\\\/\"}}]}<\/script>\n<!-- \/ Yoast SEO plugin. -->","yoast_head_json":{"title":"METAL GEAR SOLID 2: Sons of Liberty Master Collection Version | BeGamer.cz","robots":{"index":"index","follow":"follow","max-snippet":"max-snippet:-1","max-image-preview":"max-image-preview:large","max-video-preview":"max-video-preview:-1"},"canonical":"https:\/\/begamer.cz\/sk\/produkt\/metal-gear-solid-2-sons-of-liberty-master-collection-version-sk\/","og_locale":"sk_SK","og_type":"article","og_title":"METAL GEAR SOLID 2: Sons of Liberty Master Collection Version | BeGamer.cz","og_description":"\u0160tvrt\u00e1 hra zo s\u00e9rie METAL GEAR: dej sa odohr\u00e1va v rokoch 2007 a 2009, hlavn\u00fdmi hrdinami s\u00fa Solid Snake a Raiden a hra prin\u00e1\u0161a nov\u00e9 stealth hern\u00e9 prvky.","og_url":"https:\/\/begamer.cz\/sk\/produkt\/metal-gear-solid-2-sons-of-liberty-master-collection-version-sk\/","og_site_name":"BeGamer.cz","article_modified_time":"2026-03-11T08:18:35+00:00","og_image":[{"width":300,"height":400,"url":"https:\/\/begamer.cz\/wp-content\/uploads\/2026\/01\/metal-gear-solid-2-sons-of-liberty-master-collection-version-3.webp","type":"image\/webp"}],"twitter_card":"summary_large_image","twitter_misc":{"Predpokladan\u00fd \u010das \u010d\u00edtania":"1 min\u00fata"},"schema":{"@context":"https:\/\/schema.org","@graph":[{"@type":"WebPage","@id":"https:\/\/begamer.cz\/sk\/produkt\/metal-gear-solid-2-sons-of-liberty-master-collection-version-sk\/","url":"https:\/\/begamer.cz\/sk\/produkt\/metal-gear-solid-2-sons-of-liberty-master-collection-version-sk\/","name":"METAL GEAR SOLID 2: Sons of Liberty Master Collection Version | BeGamer.cz","isPartOf":{"@id":"https:\/\/begamer.cz\/sk\/#website"},"primaryImageOfPage":{"@id":"https:\/\/begamer.cz\/sk\/produkt\/metal-gear-solid-2-sons-of-liberty-master-collection-version-sk\/#primaryimage"},"image":{"@id":"https:\/\/begamer.cz\/sk\/produkt\/metal-gear-solid-2-sons-of-liberty-master-collection-version-sk\/#primaryimage"},"thumbnailUrl":"https:\/\/begamer.cz\/wp-content\/uploads\/2026\/01\/metal-gear-solid-2-sons-of-liberty-master-collection-version-3.webp","datePublished":"2026-01-30T17:24:20+00:00","dateModified":"2026-03-11T08:18:35+00:00","breadcrumb":{"@id":"https:\/\/begamer.cz\/sk\/produkt\/metal-gear-solid-2-sons-of-liberty-master-collection-version-sk\/#breadcrumb"},"inLanguage":"sk-SK","potentialAction":[{"@type":"ReadAction","target":["https:\/\/begamer.cz\/sk\/produkt\/metal-gear-solid-2-sons-of-liberty-master-collection-version-sk\/"]}]},{"@type":"ImageObject","inLanguage":"sk-SK","@id":"https:\/\/begamer.cz\/sk\/produkt\/metal-gear-solid-2-sons-of-liberty-master-collection-version-sk\/#primaryimage","url":"https:\/\/begamer.cz\/wp-content\/uploads\/2026\/01\/metal-gear-solid-2-sons-of-liberty-master-collection-version-3.webp","contentUrl":"https:\/\/begamer.cz\/wp-content\/uploads\/2026\/01\/metal-gear-solid-2-sons-of-liberty-master-collection-version-3.webp","width":300,"height":400},{"@type":"BreadcrumbList","@id":"https:\/\/begamer.cz\/sk\/produkt\/metal-gear-solid-2-sons-of-liberty-master-collection-version-sk\/#breadcrumb","itemListElement":[{"@type":"ListItem","position":1,"name":"Domov","item":"https:\/\/begamer.cz\/sk\/"},{"@type":"ListItem","position":2,"name":"Obchod","item":"https:\/\/begamer.cz\/obchod\/"},{"@type":"ListItem","position":3,"name":"METAL GEAR SOLID 2: Sons of Liberty Master Collection Version"}]},{"@type":"WebSite","@id":"https:\/\/begamer.cz\/sk\/#website","url":"https:\/\/begamer.cz\/sk\/","name":"BeGamer.cz","description":"","publisher":{"@id":"https:\/\/begamer.cz\/sk\/#organization"},"potentialAction":[{"@type":"SearchAction","target":{"@type":"EntryPoint","urlTemplate":"https:\/\/begamer.cz\/sk\/?s={search_term_string}"},"query-input":{"@type":"PropertyValueSpecification","valueRequired":true,"valueName":"search_term_string"}}],"inLanguage":"sk-SK"},{"@type":"Organization","@id":"https:\/\/begamer.cz\/sk\/#organization","name":"BeGamer.cz","url":"https:\/\/begamer.cz\/sk\/","logo":{"@type":"ImageObject","inLanguage":"sk-SK","@id":"https:\/\/begamer.cz\/sk\/#\/schema\/logo\/image\/","url":"https:\/\/begamer.cz\/wp-content\/uploads\/2025\/07\/logo.svg","contentUrl":"https:\/\/begamer.cz\/wp-content\/uploads\/2025\/07\/logo.svg","caption":"BeGamer.cz"},"image":{"@id":"https:\/\/begamer.cz\/sk\/#\/schema\/logo\/image\/"}}]}},"acf":[],"_links":{"self":[{"href":"https:\/\/begamer.cz\/sk\/wp-json\/wp\/v2\/product\/101168","targetHints":{"allow":["GET"]}}],"collection":[{"href":"https:\/\/begamer.cz\/sk\/wp-json\/wp\/v2\/product"}],"about":[{"href":"https:\/\/begamer.cz\/sk\/wp-json\/wp\/v2\/types\/product"}],"replies":[{"embeddable":true,"href":"https:\/\/begamer.cz\/sk\/wp-json\/wp\/v2\/comments?post=101168"}],"wp:featuredmedia":[{"embeddable":true,"href":"https:\/\/begamer.cz\/sk\/wp-json\/wp\/v2\/media\/37382"}],"wp:attachment":[{"href":"https:\/\/begamer.cz\/sk\/wp-json\/wp\/v2\/media?parent=101168"}],"wp:term":[{"taxonomy":"product_brand","embeddable":true,"href":"https:\/\/begamer.cz\/sk\/wp-json\/wp\/v2\/product_brand?post=101168"},{"taxonomy":"product_cat","embeddable":true,"href":"https:\/\/begamer.cz\/sk\/wp-json\/wp\/v2\/product_cat?post=101168"},{"taxonomy":"product_tag","embeddable":true,"href":"https:\/\/begamer.cz\/sk\/wp-json\/wp\/v2\/product_tag?post=101168"}],"curies":[{"name":"wp","href":"https:\/\/api.w.org\/{rel}","templated":true}]}}