{"id":101072,"date":"2026-01-30T18:22:36","date_gmt":"2026-01-30T17:22:36","guid":{"rendered":"https:\/\/begamer.cz\/produkt\/fell-seal-arbiters-mark-sk\/"},"modified":"2026-03-11T09:15:53","modified_gmt":"2026-03-11T08:15:53","slug":"fell-seal-arbiters-mark-sk","status":"publish","type":"product","link":"https:\/\/begamer.cz\/sk\/produkt\/fell-seal-arbiters-mark-sk\/","title":{"rendered":"Fell Seal: Arbiter\u2019s Mark"},"content":{"rendered":"<h1>O hre<\/h1>\n<p class=\"bb_paragraph\" style=\"text-align: center\"><span class=\"bb_img_ctn\"><img loading=\"lazy\" decoding=\"async\" class=\"bb_img\" src=\"https:\/\/shared.akamai.steamstatic.com\/store_item_assets\/steam\/apps\/699170\/extras\/06db0b68b45544083893cb754a3b4a52.avif?t=1760104179\" width=\"616\" height=\"384\" \/><\/span><\/p>\n<p class=\"bb_paragraph\">Fell Seal: Arbiter&#x27;s Mark je pr\u00edbehov\u00e1, \u0165ahov\u00e1 taktick\u00e1 RPG hra zasaden\u00e1 do fantasy sveta s n\u00e1dychom steampunku. Prevezmite kontrolu nad Arbiterom Kyriem, agentom Nesmrte\u013enej rady, ktor\u00e9ho \u00falohou je zachova\u0165 stabilitu a poriadok v celej krajine, a ve\u010fte svoje vojsk\u00e1 cez n\u00e1ro\u010dn\u00e9 stretnutia.<\/p>\n<p class=\"bb_paragraph\">\n<p class=\"bb_paragraph\" style=\"text-align: center\"><span class=\"bb_img_ctn\"><video class=\"bb_img\" autoplay muted loop playsinline poster=\"https:\/\/shared.akamai.steamstatic.com\/store_item_assets\/steam\/apps\/699170\/extras\/be3f526a4ea543a6f6048e9095bab688.poster.avif?t=1760104179\" width=\"614\" height=\"116\"><\/video><\/span><\/p>\n<ul class=\"bb_ul\">\n<li>\n<p class=\"bb_paragraph\"><strong>Za\u017eite epick\u00fd a zrel\u00fd pr\u00edbeh<\/strong>, <strong>ktor\u00fd<\/strong> sa odohr\u00e1va v priebehu viac ako 40 stretnut\u00ed a je zav\u0155\u0161en\u00fd n\u00e1ro\u010dn\u00fdm obsahom na konci hry.<\/p>\n<\/li>\n<li>\n<p class=\"bb_paragraph\"><strong>Klasick\u00e9 taktick\u00e9 bojov\u00e9 bitky<\/strong> s drsn\u00fdm ter\u00e9nom a prev\u00fd\u0161en\u00edm sa odohr\u00e1vaj\u00fa v kr\u00e1snych ru\u010dne kreslen\u00fdch prostrediach.<\/p>\n<\/li>\n<li>\n<p class=\"bb_paragraph\"><strong>Hlbok\u00fd a komplexn\u00fd syst\u00e9m tried<\/strong> s viac ako 30 triedami a 300 schopnos\u0165ami v\u00e1m umo\u017e\u0148uje skuto\u010dne prisp\u00f4sobi\u0165 ka\u017ed\u00fa zo svojich post\u00e1v v\u00fdberom ich triedy, podtriedy a pas\u00edvnych schopnost\u00ed. Starostlivo vytvorte postavu, ktor\u00fa si predstavujete, \u010di u\u017e je to v\u0161estrann\u00fd generalista, oddan\u00fd k\u00fazeln\u00edk alebo mocn\u00fd \u0161pecialista na ni\u010denie nepriate\u013eov!<\/p>\n<\/li>\n<li>\n<p class=\"bb_paragraph\"><strong>Prisp\u00f4sobte vzh\u013ead svojich vojakov<\/strong> pod\u013ea svojich predst\u00e1v v\u00fdberom ich portr\u00e9tu, oble\u010denia, farieb a celkov\u00e9ho vizu\u00e1lu z \u0161irokej ponuky.<\/p>\n<\/li>\n<li>\n<p class=\"bb_paragraph\"><strong>Vybavte svoju arm\u00e1du<\/strong> viac ako 240 kusmi v\u00fdstroja, ktor\u00e9 m\u00f4\u017eete zak\u00fapi\u0165, z\u00edska\u0165 od porazen\u00fdch nepriate\u013eov alebo vytvori\u0165 remeselnou v\u00fdrobou.<\/p>\n<\/li>\n<\/ul>\n<p class=\"bb_paragraph\">\n<p class=\"bb_paragraph\" style=\"text-align: center\"><span class=\"bb_img_ctn\"><video class=\"bb_img\" autoplay muted loop playsinline poster=\"https:\/\/shared.akamai.steamstatic.com\/store_item_assets\/steam\/apps\/699170\/extras\/16ccf17c5804d6f8ef112875fe6916d7.poster.avif?t=1760104179\" width=\"614\" height=\"116\"><\/video><\/span><\/p>\n<p class=\"bb_paragraph\">Pred storo\u010diami brut\u00e1lna be\u0161tia zni\u010denia rozdelila svet na dve \u010dasti. V tejto \u0165a\u017ekej dobe prv\u00ed Nesmrte\u013en\u00ed z\u00edskali svoje nadprirodzen\u00e9 sily, sily tak ve\u013ek\u00e9, \u017ee sa im podarilo zni\u010di\u0165 be\u0161tiu, ktor\u00e1 pusto\u0161ila krajinu, kde v\u0161etci ostatn\u00ed zlyhali.<\/p>\n<p class=\"bb_paragraph\">\n<p class=\"bb_paragraph\">Aby sa zabr\u00e1nilo opakovaniu tak\u00e9hoto ni\u010denia, nesmrte\u013en\u00ed sa spojili a vytvorili Radu, ktor\u00e1 mala na glob\u00e1lnej \u00farovni presadzova\u0165 poriadok a stabilitu a zasahova\u0165 pri akomko\u013evek n\u00e1znaku vojny alebo chaosu. <\/p>\n<p class=\"bb_paragraph\">\n<p class=\"bb_paragraph\">Nesmrte\u013en\u00ed s\u00fa s\u00edce nesmierne mocn\u00ed, ale je ich m\u00e1lo. Ani oni nem\u00f4\u017eu dohliada\u0165 na v\u0161etky krajiny. Preto sa spoliehaj\u00fa na svojich smrte\u013en\u00fdch agentov, arbitrov, ktor\u00ed chr\u00e1nia \u013eud\u00ed krajiny pred ka\u017edodenn\u00fdmi nebezpe\u010denstvami, ktor\u00fdm \u010delia. Arbitri putuj\u00fa po krajine, vykoris\u0165uj\u00fa banditov, nepoddajn\u00e9 mon\u0161tr\u00e1 a skorumpovan\u00fdch \u00faradn\u00edkov; ich slovo je z\u00e1konom. <\/p>\n<p class=\"bb_paragraph\">\n<p class=\"bb_paragraph\">Jedna z Arbiterov v\u0161ak odhal\u00ed hlbok\u00fa korupciu, ktor\u00e1 prenik\u00e1 do jej vlastn\u00e9ho r\u00e1du, a je na nej, aby zastavila \u0161\u00edrenie hrozby tak stra\u0161nej, ako bola brut\u00e1lna be\u0161tia z d\u00e1vnych \u010dias.<\/p>\n<p class=\"bb_paragraph\">\n<p class=\"bb_paragraph\" style=\"text-align: center\"><span class=\"bb_img_ctn\"><video class=\"bb_img\" autoplay muted loop playsinline poster=\"https:\/\/shared.akamai.steamstatic.com\/store_item_assets\/steam\/apps\/699170\/extras\/b3e1aa8b6cc7a241059fc6d24d01eb6c.poster.avif?t=1760104179\" width=\"614\" height=\"116\"><\/video><\/span><\/p>\n<p class=\"bb_paragraph\">T\u00e1to taktick\u00e1 RPG hra, silne ovplyvnen\u00e1 hrami ako Final Fantasy Tactics (p\u00f4vodn\u00e1 a Advance verzia) a Tactics Ogre, je sama osebe hodn\u00fdm n\u00e1stupcom t\u00fdchto klas\u00edk a prin\u00e1\u0161a mno\u017estvo vylep\u0161en\u00ed a doplnen\u00ed do \u017e\u00e1nru taktick\u00fdch hier.<\/p>\n","protected":false},"excerpt":{"rendered":"<p>Fell Seal: Arbiter&#x27;s Mark je \u0165ahov\u00e1 taktick\u00e1 RPG hra so zameran\u00edm na rozpr\u00e1vanie pr\u00edbehu a strategick\u00e9 bitky. Odha\u013ete zrel\u00fd pr\u00edbeh, ako postupujete ru\u010dne vytvoren\u00fdmi scen\u00e1rmi, ovl\u00e1dajte svoju vlastn\u00fa skupinu Arbitrov, pri\u010dom ka\u017ed\u00fa postavu si m\u00f4\u017eete prisp\u00f4sobi\u0165 z \u0161irok\u00e9ho v\u00fdberu tried a schopnost\u00ed!<\/p>\n","protected":false},"featured_media":36760,"comment_status":"open","ping_status":"closed","template":"","meta":{"_acf_changed":false},"product_brand":[],"product_cat":[290,268,266,308,312,318],"product_tag":[],"class_list":{"0":"post-101072","1":"product","2":"type-product","3":"status-publish","4":"has-post-thumbnail","6":"product_cat-indie-hry-pc-sk","7":"product_cat-pc-sk","8":"product_cat-pc-hry-sk","9":"product_cat-rpg-pc-hry-sk","10":"product_cat-steam-pc-sk","11":"product_cat-strategie-pc-hry-sk","12":"pa_audio-en-us","14":"pa_countries-ad","15":"pa_countries-ae","16":"pa_countries-af","17":"pa_countries-ag","18":"pa_countries-ai","19":"pa_countries-al","20":"pa_countries-am","21":"pa_countries-ao","22":"pa_countries-aq","23":"pa_countries-ar","24":"pa_countries-as","25":"pa_countries-at","26":"pa_countries-au","27":"pa_countries-aw","28":"pa_countries-ax","29":"pa_countries-az","30":"pa_countries-ba","31":"pa_countries-bb","32":"pa_countries-bd","33":"pa_countries-be","34":"pa_countries-bf","35":"pa_countries-bg","36":"pa_countries-bh","37":"pa_countries-bi","38":"pa_countries-bj","39":"pa_countries-bl","40":"pa_countries-bm","41":"pa_countries-bn","42":"pa_countries-bo","43":"pa_countries-bq","44":"pa_countries-br","45":"pa_countries-bs","46":"pa_countries-bt","47":"pa_countries-bv","48":"pa_countries-bw","49":"pa_countries-bz","50":"pa_countries-ca","51":"pa_countries-cc","52":"pa_countries-cd","53":"pa_countries-cf","54":"pa_countries-cg","55":"pa_countries-ch","56":"pa_countries-ci","57":"pa_countries-ck","58":"pa_countries-cl","59":"pa_countries-cm","60":"pa_countries-cn","61":"pa_countries-co","62":"pa_countries-cr","63":"pa_countries-cu","64":"pa_countries-cv","65":"pa_countries-cw","66":"pa_countries-cx","67":"pa_countries-cy","68":"pa_countries-cz","69":"pa_countries-de","70":"pa_countries-dj","71":"pa_countries-dk","72":"pa_countries-dm","73":"pa_countries-do","74":"pa_countries-dz","75":"pa_countries-ec","76":"pa_countries-ee","77":"pa_countries-eg","78":"pa_countries-eh","79":"pa_countries-er","80":"pa_countries-es","81":"pa_countries-et","82":"pa_countries-fi","83":"pa_countries-fj","84":"pa_countries-fk","85":"pa_countries-fm","86":"pa_countries-fo","87":"pa_countries-fr","88":"pa_countries-ga","89":"pa_countries-gb","90":"pa_countries-gd","91":"pa_countries-ge","92":"pa_countries-gf","93":"pa_countries-gg","94":"pa_countries-gh","95":"pa_countries-gi","96":"pa_countries-gl","97":"pa_countries-gm","98":"pa_countries-gn","99":"pa_countries-gp","100":"pa_countries-gq","101":"pa_countries-gr","102":"pa_countries-gs","103":"pa_countries-gt","104":"pa_countries-gu","105":"pa_countries-gw","106":"pa_countries-gy","107":"pa_countries-hk","108":"pa_countries-hm","109":"pa_countries-hn","110":"pa_countries-hr","111":"pa_countries-ht","112":"pa_countries-hu","113":"pa_countries-id","114":"pa_countries-ie","115":"pa_countries-il","116":"pa_countries-im","117":"pa_countries-in","118":"pa_countries-io","119":"pa_countries-iq","120":"pa_countries-ir","121":"pa_countries-is","122":"pa_countries-it","123":"pa_countries-je","124":"pa_countries-jm","125":"pa_countries-jo","126":"pa_countries-jp","127":"pa_countries-ke","128":"pa_countries-kg","129":"pa_countries-kh","130":"pa_countries-ki","131":"pa_countries-km","132":"pa_countries-kn","133":"pa_countries-kp","134":"pa_countries-kr","135":"pa_countries-kw","136":"pa_countries-ky","137":"pa_countries-kz","138":"pa_countries-la","139":"pa_countries-lb","140":"pa_countries-lc","141":"pa_countries-li","142":"pa_countries-lk","143":"pa_countries-lr","144":"pa_countries-ls","145":"pa_countries-lt","146":"pa_countries-lu","147":"pa_countries-lv","148":"pa_countries-ly","149":"pa_countries-ma","150":"pa_countries-mc","151":"pa_countries-md","152":"pa_countries-me","153":"pa_countries-mf","154":"pa_countries-mg","155":"pa_countries-mh","156":"pa_countries-mk","157":"pa_countries-ml","158":"pa_countries-mm","159":"pa_countries-mn","160":"pa_countries-mo","161":"pa_countries-mp","162":"pa_countries-mq","163":"pa_countries-mr","164":"pa_countries-ms","165":"pa_countries-mt","166":"pa_countries-mu","167":"pa_countries-mv","168":"pa_countries-mw","169":"pa_countries-mx","170":"pa_countries-my","171":"pa_countries-mz","172":"pa_countries-na","173":"pa_countries-nc","174":"pa_countries-ne","175":"pa_countries-nf","176":"pa_countries-ng","177":"pa_countries-ni","178":"pa_countries-nl","179":"pa_countries-no","180":"pa_countries-np","181":"pa_countries-nr","182":"pa_countries-nu","183":"pa_countries-nz","184":"pa_countries-om","185":"pa_countries-pa","186":"pa_countries-pe","187":"pa_countries-pf","188":"pa_countries-pg","189":"pa_countries-ph","190":"pa_countries-pk","191":"pa_countries-pl","192":"pa_countries-pm","193":"pa_countries-pn","194":"pa_countries-pr","195":"pa_countries-ps","196":"pa_countries-pt","197":"pa_countries-pw","198":"pa_countries-py","199":"pa_countries-qa","200":"pa_countries-re","201":"pa_countries-ro","202":"pa_countries-rs","203":"pa_countries-rw","204":"pa_countries-sa","205":"pa_countries-sb","206":"pa_countries-sc","207":"pa_countries-sd","208":"pa_countries-se","209":"pa_countries-sg","210":"pa_countries-sh","211":"pa_countries-si","212":"pa_countries-sj","213":"pa_countries-sk","214":"pa_countries-sl","215":"pa_countries-sm","216":"pa_countries-sn","217":"pa_countries-so","218":"pa_countries-sr","219":"pa_countries-ss","221":"pa_countries-st","222":"pa_countries-sv","223":"pa_countries-sx","224":"pa_countries-sy","225":"pa_countries-sz","226":"pa_countries-tc","227":"pa_countries-td","228":"pa_countries-tf","229":"pa_countries-tg","230":"pa_countries-th","231":"pa_countries-tj","232":"pa_countries-tk","233":"pa_countries-tl","234":"pa_countries-tm","235":"pa_countries-tn","236":"pa_countries-to","237":"pa_countries-tr","238":"pa_countries-tt","239":"pa_countries-tv","240":"pa_countries-tw","241":"pa_countries-tz","242":"pa_countries-ua","243":"pa_countries-ug","244":"pa_countries-um","245":"pa_countries-us","246":"pa_countries-uy","247":"pa_countries-uz","248":"pa_countries-va","249":"pa_countries-vc","250":"pa_countries-ve","251":"pa_countries-vg","252":"pa_countries-vi","253":"pa_countries-vn","254":"pa_countries-vu","255":"pa_countries-wf","256":"pa_countries-ws","257":"pa_countries-xk","258":"pa_countries-ye","259":"pa_countries-yt","260":"pa_countries-za","261":"pa_countries-zm","262":"pa_countries-zw","263":"pa_developer-6-eyes-studio","265":"pa_engine-unity","267":"pa_game_type-main_game","269":"pa_genres-adventure","270":"pa_genres-indie","271":"pa_genres-role-playing-rpg","272":"pa_genres-strategy","273":"pa_genres-tactical","274":"pa_genres-turn-based-strategy-tbs","276":"pa_interface-de-de","277":"pa_interface-en-us","278":"pa_interface-es-es","279":"pa_interface-fr-fr","280":"pa_interface-ja-jp","281":"pa_interface-pt-br","282":"pa_interface-pt-pt","284":"pa_interface-ru-ru","285":"pa_interface-zh-cn","286":"pa_keywords-class-change","287":"pa_keywords-jrpg","288":"pa_keywords-multiple-endings","290":"pa_keywords-previously-on-utomik","291":"pa_modes-single-player","293":"pa_pegi-13424","294":"pa_pegi-772","295":"pa_platform-pc-steam","297":"pa_player_perspectives-bird-view-isometric","299":"pa_publisher-1c-entertainment","301":"pa_rating-1009","302":"pa_rating-14464","303":"pa_region-global","305":"pa_subtitles-de-de","307":"pa_subtitles-en-us","308":"pa_subtitles-es-es","309":"pa_subtitles-fr-fr","310":"pa_subtitles-ja-jp","311":"pa_subtitles-pt-br","312":"pa_subtitles-ru-ru","313":"pa_subtitles-zh-cn","314":"pa_themes-fantasy","317":"first","318":"instock","319":"virtual","320":"taxable","321":"purchasable","322":"product-type-simple"},"yoast_head":"<!-- This site is optimized with the Yoast SEO plugin v27.3 - https:\/\/yoast.com\/product\/yoast-seo-wordpress\/ -->\n<title>Fell Seal: Arbiter&#039;s Mark | BeGamer.cz<\/title>\n<meta name=\"robots\" content=\"index, follow, max-snippet:-1, max-image-preview:large, max-video-preview:-1\" \/>\n<link rel=\"canonical\" href=\"https:\/\/begamer.cz\/sk\/produkt\/fell-seal-arbiters-mark-sk\/\" \/>\n<meta property=\"og:locale\" content=\"sk_SK\" \/>\n<meta property=\"og:type\" content=\"article\" \/>\n<meta property=\"og:title\" content=\"Fell Seal: Arbiter&#039;s Mark | BeGamer.cz\" \/>\n<meta property=\"og:description\" content=\"Fell Seal: Arbiter&#x27;s Mark je \u0165ahov\u00e1 taktick\u00e1 RPG hra so zameran\u00edm na rozpr\u00e1vanie pr\u00edbehu a strategick\u00e9 bitky. Odha\u013ete zrel\u00fd pr\u00edbeh, ako postupujete ru\u010dne vytvoren\u00fdmi scen\u00e1rmi, ovl\u00e1dajte svoju vlastn\u00fa skupinu Arbitrov, pri\u010dom ka\u017ed\u00fa postavu si m\u00f4\u017eete prisp\u00f4sobi\u0165 z \u0161irok\u00e9ho v\u00fdberu tried a schopnost\u00ed!\" \/>\n<meta property=\"og:url\" content=\"https:\/\/begamer.cz\/sk\/produkt\/fell-seal-arbiters-mark-sk\/\" \/>\n<meta property=\"og:site_name\" content=\"BeGamer.cz\" \/>\n<meta property=\"article:modified_time\" content=\"2026-03-11T08:15:53+00:00\" \/>\n<meta property=\"og:image\" content=\"https:\/\/begamer.cz\/wp-content\/uploads\/2026\/01\/fell-seal-arbiters-mark-12.webp\" \/>\n\t<meta property=\"og:image:width\" content=\"300\" \/>\n\t<meta property=\"og:image:height\" content=\"400\" \/>\n\t<meta property=\"og:image:type\" content=\"image\/webp\" \/>\n<meta name=\"twitter:card\" content=\"summary_large_image\" \/>\n<meta name=\"twitter:label1\" content=\"Predpokladan\u00fd \u010das \u010d\u00edtania\" \/>\n\t<meta name=\"twitter:data1\" content=\"2 min\u00faty\" \/>\n<script type=\"application\/ld+json\" class=\"yoast-schema-graph\">{\"@context\":\"https:\\\/\\\/schema.org\",\"@graph\":[{\"@type\":\"WebPage\",\"@id\":\"https:\\\/\\\/begamer.cz\\\/sk\\\/produkt\\\/fell-seal-arbiters-mark-sk\\\/\",\"url\":\"https:\\\/\\\/begamer.cz\\\/sk\\\/produkt\\\/fell-seal-arbiters-mark-sk\\\/\",\"name\":\"Fell Seal: Arbiter's Mark | BeGamer.cz\",\"isPartOf\":{\"@id\":\"https:\\\/\\\/begamer.cz\\\/sk\\\/#website\"},\"primaryImageOfPage\":{\"@id\":\"https:\\\/\\\/begamer.cz\\\/sk\\\/produkt\\\/fell-seal-arbiters-mark-sk\\\/#primaryimage\"},\"image\":{\"@id\":\"https:\\\/\\\/begamer.cz\\\/sk\\\/produkt\\\/fell-seal-arbiters-mark-sk\\\/#primaryimage\"},\"thumbnailUrl\":\"https:\\\/\\\/begamer.cz\\\/wp-content\\\/uploads\\\/2026\\\/01\\\/fell-seal-arbiters-mark-12.webp\",\"datePublished\":\"2026-01-30T17:22:36+00:00\",\"dateModified\":\"2026-03-11T08:15:53+00:00\",\"breadcrumb\":{\"@id\":\"https:\\\/\\\/begamer.cz\\\/sk\\\/produkt\\\/fell-seal-arbiters-mark-sk\\\/#breadcrumb\"},\"inLanguage\":\"sk-SK\",\"potentialAction\":[{\"@type\":\"ReadAction\",\"target\":[\"https:\\\/\\\/begamer.cz\\\/sk\\\/produkt\\\/fell-seal-arbiters-mark-sk\\\/\"]}]},{\"@type\":\"ImageObject\",\"inLanguage\":\"sk-SK\",\"@id\":\"https:\\\/\\\/begamer.cz\\\/sk\\\/produkt\\\/fell-seal-arbiters-mark-sk\\\/#primaryimage\",\"url\":\"https:\\\/\\\/begamer.cz\\\/wp-content\\\/uploads\\\/2026\\\/01\\\/fell-seal-arbiters-mark-12.webp\",\"contentUrl\":\"https:\\\/\\\/begamer.cz\\\/wp-content\\\/uploads\\\/2026\\\/01\\\/fell-seal-arbiters-mark-12.webp\",\"width\":300,\"height\":400},{\"@type\":\"BreadcrumbList\",\"@id\":\"https:\\\/\\\/begamer.cz\\\/sk\\\/produkt\\\/fell-seal-arbiters-mark-sk\\\/#breadcrumb\",\"itemListElement\":[{\"@type\":\"ListItem\",\"position\":1,\"name\":\"Domov\",\"item\":\"https:\\\/\\\/begamer.cz\\\/sk\\\/\"},{\"@type\":\"ListItem\",\"position\":2,\"name\":\"Obchod\",\"item\":\"https:\\\/\\\/begamer.cz\\\/obchod\\\/\"},{\"@type\":\"ListItem\",\"position\":3,\"name\":\"Fell Seal: Arbiter&#8217;s Mark\"}]},{\"@type\":\"WebSite\",\"@id\":\"https:\\\/\\\/begamer.cz\\\/sk\\\/#website\",\"url\":\"https:\\\/\\\/begamer.cz\\\/sk\\\/\",\"name\":\"BeGamer.cz\",\"description\":\"\",\"publisher\":{\"@id\":\"https:\\\/\\\/begamer.cz\\\/sk\\\/#organization\"},\"potentialAction\":[{\"@type\":\"SearchAction\",\"target\":{\"@type\":\"EntryPoint\",\"urlTemplate\":\"https:\\\/\\\/begamer.cz\\\/sk\\\/?s={search_term_string}\"},\"query-input\":{\"@type\":\"PropertyValueSpecification\",\"valueRequired\":true,\"valueName\":\"search_term_string\"}}],\"inLanguage\":\"sk-SK\"},{\"@type\":\"Organization\",\"@id\":\"https:\\\/\\\/begamer.cz\\\/sk\\\/#organization\",\"name\":\"BeGamer.cz\",\"url\":\"https:\\\/\\\/begamer.cz\\\/sk\\\/\",\"logo\":{\"@type\":\"ImageObject\",\"inLanguage\":\"sk-SK\",\"@id\":\"https:\\\/\\\/begamer.cz\\\/sk\\\/#\\\/schema\\\/logo\\\/image\\\/\",\"url\":\"https:\\\/\\\/begamer.cz\\\/wp-content\\\/uploads\\\/2025\\\/07\\\/logo.svg\",\"contentUrl\":\"https:\\\/\\\/begamer.cz\\\/wp-content\\\/uploads\\\/2025\\\/07\\\/logo.svg\",\"caption\":\"BeGamer.cz\"},\"image\":{\"@id\":\"https:\\\/\\\/begamer.cz\\\/sk\\\/#\\\/schema\\\/logo\\\/image\\\/\"}}]}<\/script>\n<!-- \/ Yoast SEO plugin. -->","yoast_head_json":{"title":"Fell Seal: Arbiter's Mark | BeGamer.cz","robots":{"index":"index","follow":"follow","max-snippet":"max-snippet:-1","max-image-preview":"max-image-preview:large","max-video-preview":"max-video-preview:-1"},"canonical":"https:\/\/begamer.cz\/sk\/produkt\/fell-seal-arbiters-mark-sk\/","og_locale":"sk_SK","og_type":"article","og_title":"Fell Seal: Arbiter's Mark | BeGamer.cz","og_description":"Fell Seal: Arbiter&#x27;s Mark je \u0165ahov\u00e1 taktick\u00e1 RPG hra so zameran\u00edm na rozpr\u00e1vanie pr\u00edbehu a strategick\u00e9 bitky. Odha\u013ete zrel\u00fd pr\u00edbeh, ako postupujete ru\u010dne vytvoren\u00fdmi scen\u00e1rmi, ovl\u00e1dajte svoju vlastn\u00fa skupinu Arbitrov, pri\u010dom ka\u017ed\u00fa postavu si m\u00f4\u017eete prisp\u00f4sobi\u0165 z \u0161irok\u00e9ho v\u00fdberu tried a schopnost\u00ed!","og_url":"https:\/\/begamer.cz\/sk\/produkt\/fell-seal-arbiters-mark-sk\/","og_site_name":"BeGamer.cz","article_modified_time":"2026-03-11T08:15:53+00:00","og_image":[{"width":300,"height":400,"url":"https:\/\/begamer.cz\/wp-content\/uploads\/2026\/01\/fell-seal-arbiters-mark-12.webp","type":"image\/webp"}],"twitter_card":"summary_large_image","twitter_misc":{"Predpokladan\u00fd \u010das \u010d\u00edtania":"2 min\u00faty"},"schema":{"@context":"https:\/\/schema.org","@graph":[{"@type":"WebPage","@id":"https:\/\/begamer.cz\/sk\/produkt\/fell-seal-arbiters-mark-sk\/","url":"https:\/\/begamer.cz\/sk\/produkt\/fell-seal-arbiters-mark-sk\/","name":"Fell Seal: Arbiter's Mark | BeGamer.cz","isPartOf":{"@id":"https:\/\/begamer.cz\/sk\/#website"},"primaryImageOfPage":{"@id":"https:\/\/begamer.cz\/sk\/produkt\/fell-seal-arbiters-mark-sk\/#primaryimage"},"image":{"@id":"https:\/\/begamer.cz\/sk\/produkt\/fell-seal-arbiters-mark-sk\/#primaryimage"},"thumbnailUrl":"https:\/\/begamer.cz\/wp-content\/uploads\/2026\/01\/fell-seal-arbiters-mark-12.webp","datePublished":"2026-01-30T17:22:36+00:00","dateModified":"2026-03-11T08:15:53+00:00","breadcrumb":{"@id":"https:\/\/begamer.cz\/sk\/produkt\/fell-seal-arbiters-mark-sk\/#breadcrumb"},"inLanguage":"sk-SK","potentialAction":[{"@type":"ReadAction","target":["https:\/\/begamer.cz\/sk\/produkt\/fell-seal-arbiters-mark-sk\/"]}]},{"@type":"ImageObject","inLanguage":"sk-SK","@id":"https:\/\/begamer.cz\/sk\/produkt\/fell-seal-arbiters-mark-sk\/#primaryimage","url":"https:\/\/begamer.cz\/wp-content\/uploads\/2026\/01\/fell-seal-arbiters-mark-12.webp","contentUrl":"https:\/\/begamer.cz\/wp-content\/uploads\/2026\/01\/fell-seal-arbiters-mark-12.webp","width":300,"height":400},{"@type":"BreadcrumbList","@id":"https:\/\/begamer.cz\/sk\/produkt\/fell-seal-arbiters-mark-sk\/#breadcrumb","itemListElement":[{"@type":"ListItem","position":1,"name":"Domov","item":"https:\/\/begamer.cz\/sk\/"},{"@type":"ListItem","position":2,"name":"Obchod","item":"https:\/\/begamer.cz\/obchod\/"},{"@type":"ListItem","position":3,"name":"Fell Seal: Arbiter&#8217;s Mark"}]},{"@type":"WebSite","@id":"https:\/\/begamer.cz\/sk\/#website","url":"https:\/\/begamer.cz\/sk\/","name":"BeGamer.cz","description":"","publisher":{"@id":"https:\/\/begamer.cz\/sk\/#organization"},"potentialAction":[{"@type":"SearchAction","target":{"@type":"EntryPoint","urlTemplate":"https:\/\/begamer.cz\/sk\/?s={search_term_string}"},"query-input":{"@type":"PropertyValueSpecification","valueRequired":true,"valueName":"search_term_string"}}],"inLanguage":"sk-SK"},{"@type":"Organization","@id":"https:\/\/begamer.cz\/sk\/#organization","name":"BeGamer.cz","url":"https:\/\/begamer.cz\/sk\/","logo":{"@type":"ImageObject","inLanguage":"sk-SK","@id":"https:\/\/begamer.cz\/sk\/#\/schema\/logo\/image\/","url":"https:\/\/begamer.cz\/wp-content\/uploads\/2025\/07\/logo.svg","contentUrl":"https:\/\/begamer.cz\/wp-content\/uploads\/2025\/07\/logo.svg","caption":"BeGamer.cz"},"image":{"@id":"https:\/\/begamer.cz\/sk\/#\/schema\/logo\/image\/"}}]}},"acf":[],"_links":{"self":[{"href":"https:\/\/begamer.cz\/sk\/wp-json\/wp\/v2\/product\/101072","targetHints":{"allow":["GET"]}}],"collection":[{"href":"https:\/\/begamer.cz\/sk\/wp-json\/wp\/v2\/product"}],"about":[{"href":"https:\/\/begamer.cz\/sk\/wp-json\/wp\/v2\/types\/product"}],"replies":[{"embeddable":true,"href":"https:\/\/begamer.cz\/sk\/wp-json\/wp\/v2\/comments?post=101072"}],"wp:featuredmedia":[{"embeddable":true,"href":"https:\/\/begamer.cz\/sk\/wp-json\/wp\/v2\/media\/36760"}],"wp:attachment":[{"href":"https:\/\/begamer.cz\/sk\/wp-json\/wp\/v2\/media?parent=101072"}],"wp:term":[{"taxonomy":"product_brand","embeddable":true,"href":"https:\/\/begamer.cz\/sk\/wp-json\/wp\/v2\/product_brand?post=101072"},{"taxonomy":"product_cat","embeddable":true,"href":"https:\/\/begamer.cz\/sk\/wp-json\/wp\/v2\/product_cat?post=101072"},{"taxonomy":"product_tag","embeddable":true,"href":"https:\/\/begamer.cz\/sk\/wp-json\/wp\/v2\/product_tag?post=101072"}],"curies":[{"name":"wp","href":"https:\/\/api.w.org\/{rel}","templated":true}]}}