{"id":101039,"date":"2026-01-30T18:21:52","date_gmt":"2026-01-30T17:21:52","guid":{"rendered":"https:\/\/begamer.cz\/produkt\/tails-of-iron-sk\/"},"modified":"2026-03-11T09:14:43","modified_gmt":"2026-03-11T08:14:43","slug":"tails-of-iron-sk","status":"publish","type":"product","link":"https:\/\/begamer.cz\/sk\/produkt\/tails-of-iron-sk\/","title":{"rendered":"Tails of Iron"},"content":{"rendered":"<h1>O hre<\/h1>\n<p><span class=\"bb_img_ctn\"><img decoding=\"async\" class=\"bb_img\" src=\"https:\/\/shared.akamai.steamstatic.com\/store_item_assets\/steam\/apps\/1283410\/extras\/0b752200f7061c043ed131e435d44e1c.avif?t=1737877432\" width=616 height=346 \/><\/span><\/p>\n<p>Tails of Iron je ru\u010dne kreslen\u00e1 RPG advent\u00fara s brut\u00e1lnymi bojmi, ktor\u00e1 sa odohr\u00e1va v pochm\u00farnej krajine su\u017eovanej vojnou. Ako Redgi, dedi\u010d Krysieho tr\u00f3nu, mus\u00edte obnovi\u0165 svoje rozbit\u00e9 kr\u00e1\u013eovstvo t\u00fdm, \u017ee vy\u017eeniete nemilosrdn\u00fd Klan \u017eab a ich divok\u00e9ho vodcu Greenwarta.<\/p>\n<p>Pri presk\u00famavan\u00ed klamlivo o\u010daruj\u00faceho sveta stretnete skupinu jedine\u010dn\u00fdch spolo\u010dn\u00edkov, ktor\u00ed s\u00fa pripraven\u00ed pom\u00f4c\u0165 v\u00e1m vo va\u0161om dobrodru\u017estve. A budete potrebova\u0165 v\u0161etku pomoc, ktor\u00fa m\u00f4\u017eete z\u00edska\u0165, \u010di u\u017e ide o nov\u00e9 recepty na jedl\u00e1, pl\u00e1ny na v\u00fdrobu smrtiacich zbran\u00ed a brnen\u00ed, alebo dokonca o pozemn\u00e9, pancierovan\u00e9 krtie vozidlo!<\/p>\n<p>Prekonajte svoje strachy. Zachr\u00e1\u0148te svojich bratov. Obnovte svoje kr\u00e1\u013eovstvo.<\/p>\n<p>Va\u0161a cesta sa za\u010dala&#8230;<\/p>\n<h2 class=\"bb_tag\" >Presk\u00famajte zradn\u00e9 kr\u00e1\u013eovstvo<\/h2>\n<p>V sprievode hlbok\u00e9ho, chrap\u013eav\u00e9ho rozpr\u00e1vania legend\u00e1rneho Douga Cocklea (osl\u00e1ven\u00e9ho vo svete RPG hier) sa pripravte na epick\u00e9 dobrodru\u017estvo v stredovekom fantasy kr\u00e1\u013eovstve Rat Kingdom. Pl\u0148te ved\u013eaj\u0161ie \u00falohy a lovte frakcie, aby ste z\u00edskali \u010fal\u0161ie zlato, alebo spojte sily s bystr\u00fdm spolo\u010dn\u00edkom, aby ste vyrovnali \u0161ance.  <\/p>\n<p><span class=\"bb_img_ctn\"><video class=\"bb_img\" autoplay muted loop playsinline poster=\"https:\/\/shared.akamai.steamstatic.com\/store_item_assets\/steam\/apps\/1283410\/extras\/413115ec80f5c170680587c8afd5b1fc.poster.avif?t=1737877432\" width=600 height=212 ><source src=\"https:\/\/shared.akamai.steamstatic.com\/store_item_assets\/steam\/apps\/1283410\/extras\/413115ec80f5c170680587c8afd5b1fc.webm?t=1737877432\" type=\"video\/webm; codecs=vp9\"><source src=\"https:\/\/shared.akamai.steamstatic.com\/store_item_assets\/steam\/apps\/1283410\/extras\/413115ec80f5c170680587c8afd5b1fc.mp4?t=1737877432\" type=\"video\/mp4\"><\/video><\/span><\/p>\n<h2 class=\"bb_tag\" >Ovl\u00e1dnite brut\u00e1lny boj<\/h2>\n<p>Od \u017eab\u00edch zombie po obrovsk\u00e9 larvy \u2013 a v\u0161etko medzi t\u00fdm \u2013 kr\u00e1\u013eovstvo je pln\u00e9 nebezpe\u010denstiev. Aby si prekonal ka\u017ed\u00e9 nebezpe\u010dn\u00e9 stretnutie, bude\u0161 musie\u0165 \u0161tudova\u0165 \u00fatoky svojho s\u00fapera a reagova\u0165 pod\u013ea toho! Na\u0161\u0165astie m\u00e1\u0161 k dispoz\u00edcii cel\u00fd rad smrtiacich schopnost\u00ed, vr\u00e1tane parry bashes a fatal executions, nehovoriac o dia\u013ekov\u00fdch \u00fatokoch s tvoj\u00edm \u0161ikovn\u00fdm lukom a \u0161\u00edpmi.<\/p>\n<p><span class=\"bb_img_ctn\"><video class=\"bb_img\" autoplay muted loop playsinline poster=\"https:\/\/shared.akamai.steamstatic.com\/store_item_assets\/steam\/apps\/1283410\/extras\/98d6bb3bf73f5e064b1550cfd9ca7150.poster.avif?t=1737877432\" width=600 height=212 ><source src=\"https:\/\/shared.akamai.steamstatic.com\/store_item_assets\/steam\/apps\/1283410\/extras\/98d6bb3bf73f5e064b1550cfd9ca7150.webm?t=1737877432\" type=\"video\/webm; codecs=vp9\"><source src=\"https:\/\/shared.akamai.steamstatic.com\/store_item_assets\/steam\/apps\/1283410\/extras\/98d6bb3bf73f5e064b1550cfd9ca7150.mp4?t=1737877432\" type=\"video\/mp4\"><\/video><\/span><\/p>\n<h2 class=\"bb_tag\" >Prisp\u00f4sobte si svoj \u00fatok<\/h2>\n<p>Prisp\u00f4sobte Redgiho bojov\u00fd \u0161t\u00fdl danej \u00falohe. \u0164a\u017ek\u00e1 zbroj m\u00f4\u017ee poskytova\u0165 lep\u0161iu ochranu, ale m\u00f4\u017eete si naozaj dovoli\u0165 spomali\u0165 svoje \u00fahybn\u00e9 kot\u00fa\u013eanie? A potom je tu ot\u00e1zka zbran\u00ed; sekery maj\u00fa ve\u013ek\u00fa silu, zatia\u013e \u010do kopije s\u00fa r\u00fdchle a obratn\u00e9. Mo\u017eno by ste uprednostnili v\u0161estrann\u00fd v\u00fdkon spo\u013eahliv\u00e9ho \u0161irok\u00e9ho me\u010da?<\/p>\n<p><span class=\"bb_img_ctn\"><video class=\"bb_img\" autoplay muted loop playsinline poster=\"https:\/\/shared.akamai.steamstatic.com\/store_item_assets\/steam\/apps\/1283410\/extras\/59223241189726b484c66675af73c973.poster.avif?t=1737877432\" width=600 height=212 ><source src=\"https:\/\/shared.akamai.steamstatic.com\/store_item_assets\/steam\/apps\/1283410\/extras\/59223241189726b484c66675af73c973.webm?t=1737877432\" type=\"video\/webm; codecs=vp9\"><source src=\"https:\/\/shared.akamai.steamstatic.com\/store_item_assets\/steam\/apps\/1283410\/extras\/59223241189726b484c66675af73c973.mp4?t=1737877432\" type=\"video\/mp4\"><\/video><\/span><\/p>\n<h2 class=\"bb_tag\" >Prekonajte divok\u00e9 s\u00faboje s bossmi<\/h2>\n<p>Ke\u010f\u017ee nebezpe\u010denstvo \u010d\u00edha za ka\u017ed\u00fdm muchotr\u00e1vkou, budete musie\u0165 ma\u0165 bystr\u00fd rozum a e\u0161te ostrej\u0161iu \u010depe\u013e, ke\u010f pr\u00edde na ni\u010div\u00e9 s\u00faboje s bossmi. Tieto nadmerne ve\u013ek\u00e9 oboj\u017eiveln\u00edky, ktor\u00e9 s\u00fa v ka\u017edom zmysle slova chladnokrvn\u00e9, predstavuj\u00fa ka\u017ed\u00fd svoju vlastn\u00fa jedine\u010dn\u00fa bojov\u00fa v\u00fdzvu a na ich porazenie budete potrebova\u0165 viac ne\u017e len dobr\u00fa zbroj.<\/p>\n<p><span class=\"bb_img_ctn\"><video class=\"bb_img\" autoplay muted loop playsinline poster=\"https:\/\/shared.akamai.steamstatic.com\/store_item_assets\/steam\/apps\/1283410\/extras\/a2986208184ae3a0a173f3791048f394.poster.avif?t=1737877432\" width=600 height=212 ><source src=\"https:\/\/shared.akamai.steamstatic.com\/store_item_assets\/steam\/apps\/1283410\/extras\/a2986208184ae3a0a173f3791048f394.webm?t=1737877432\" type=\"video\/webm; codecs=vp9\"><source src=\"https:\/\/shared.akamai.steamstatic.com\/store_item_assets\/steam\/apps\/1283410\/extras\/a2986208184ae3a0a173f3791048f394.mp4?t=1737877432\" type=\"video\/mp4\"><\/video><\/span><\/p>\n<h2 class=\"bb_tag\" >Varenie receptov, v\u00fdroba zbran\u00ed, kovanie brnen\u00ed<\/h2>\n<p>V Redgiho pevnosti \u017eij\u00fa aj jeho bratia Rem-Rem, Bam-Bam a Dug. Rem vie uvari\u0165 zdrav\u00e9 jedlo z ingredienci\u00ed, ktor\u00e9 n\u00e1jdete po celom svete, zatia\u013e \u010do Bam vie vyr\u00e1ba\u0165 nov\u00e9 zbrane a brnenia pod\u013ea \u0161peci\u00e1lnych pl\u00e1nov, ktor\u00e9 odhal\u00edte&#8230; ak budete dostato\u010dne pozorne h\u013eada\u0165. A potom je tu Dug, ktor\u00fd v\u00e1s bude informova\u0165 o nov\u00fdch \u00faloh\u00e1ch dostupn\u00fdch v celom kr\u00e1\u013eovstve.<\/p>\n<p><span class=\"bb_img_ctn\"><video class=\"bb_img\" autoplay muted loop playsinline poster=\"https:\/\/shared.akamai.steamstatic.com\/store_item_assets\/steam\/apps\/1283410\/extras\/e31fedb49812a8dd4ca3f54bb66f28ef.poster.avif?t=1737877432\" width=600 height=212 ><source src=\"https:\/\/shared.akamai.steamstatic.com\/store_item_assets\/steam\/apps\/1283410\/extras\/e31fedb49812a8dd4ca3f54bb66f28ef.webm?t=1737877432\" type=\"video\/webm; codecs=vp9\"><source src=\"https:\/\/shared.akamai.steamstatic.com\/store_item_assets\/steam\/apps\/1283410\/extras\/e31fedb49812a8dd4ca3f54bb66f28ef.mp4?t=1737877432\" type=\"video\/mp4\"><\/video><\/span><\/p>\n<h2 class=\"bb_tag\" >Funkcie:<\/h2>\n<p><\/p>\n<ul class=\"bb_ul\">\n<li>Ovl\u00e1dnite brut\u00e1lny boj in\u0161pirovan\u00fd \u017e\u00e1nrom Souls, ktor\u00fd zah\u0155\u0148a \u00fahybn\u00e9 kot\u00fale, parovanie \u00faderov a smrtiace popravy!<\/li>\n<li>Presk\u00famajte rozsiahle a zradn\u00e9 kr\u00e1\u013eovstvo, ktor\u00e9 sa sklad\u00e1 zo \u0161iestich odli\u0161n\u00fdch bi\u00f3mov, z ktor\u00fdch ka\u017ed\u00fd m\u00e1 svoje vlastn\u00e9 skryt\u00e9 cesty a tajomstv\u00e1.<\/li>\n<li>Ponorte sa do p\u00fatav\u00e9ho pr\u00edbehu, ktor\u00fd rozpr\u00e1va hlbok\u00fdm, chrap\u013eav\u00fdm hlasom legend\u00e1rny Doug Cockle.<\/li>\n<li>Prisp\u00f4sobte si svoj \u0161t\u00fdl boja pomocou \u0161irokej \u0161k\u00e1ly r\u00f4znych zbran\u00ed a brnen\u00ed.<\/li>\n<li>Zostavte skupinu odv\u00e1\u017enych spolo\u010dn\u00edkov, ktor\u00ed v\u00e1m pom\u00f4\u017eu pri vybran\u00fdch misi\u00e1ch.<\/li>\n<li>Pl\u0148te ved\u013eaj\u0161ie \u00falohy a z\u00edskajte dodato\u010dn\u00e9 zlato<\/li>\n<li>Objavte \u0161peci\u00e1lne pl\u00e1ny na v\u00fdrobu nov\u00fdch a mocn\u00fdch zbran\u00ed.<\/li>\n<li>Zbierajte vz\u00e1cne ingrediencie a pripravujte hostiny, ktor\u00e9 posilnia va\u0161e zdravie.<\/li>\n<li>Prekonajte divok\u00e9 s\u00faboje s bossmi proti smrtiacim, nadmerne ve\u013ek\u00fdm gener\u00e1lom klanu Frog<\/li>\n<li>Nechajte sa unies\u0165 n\u00e1dhern\u00fdm a starostlivo vytvoren\u00fdm 2D ru\u010dne kreslen\u00fdm umeleck\u00fdm \u0161t\u00fdlom.<\/li>\n<\/ul>\n<p><span class=\"bb_img_ctn\"><img decoding=\"async\" class=\"bb_img\" src=\"https:\/\/shared.akamai.steamstatic.com\/store_item_assets\/steam\/apps\/1283410\/extras\/5713b8c1fcdc291bca6a46c0c4268d07.avif?t=1737877432\" width=600 height=281 \/><\/span><\/p>\n","protected":false},"excerpt":{"rendered":"<p>Tails of Iron je epick\u00e9 RPG dobrodru\u017estvo s mimoriadne brut\u00e1lnymi bojmi. Ako Redgi, dedi\u010d tr\u00f3nu, sa mus\u00edte vyda\u0165 na nebezpe\u010dn\u00fa v\u00fdpravu, aby ste z\u00edskali sp\u00e4\u0165 svoje kr\u00e1\u013eovstvo. Presk\u00famajte klamlivo o\u010daruj\u00faci svet. Zostavte skupinu odv\u00e1\u017enych spolo\u010dn\u00edkov. Vy\u017ee\u0148te nemilosrdn\u00fd klan \u017eab!<\/p>\n","protected":false},"featured_media":81031,"comment_status":"open","ping_status":"closed","template":"","meta":{"_acf_changed":false},"product_brand":[],"product_cat":[270,272,290,268,266,308,312],"product_tag":[],"class_list":{"0":"post-101039","1":"product","2":"type-product","3":"status-publish","4":"has-post-thumbnail","6":"product_cat-adventury-pc-hry-sk","7":"product_cat-akcni-pc-sk","8":"product_cat-indie-hry-pc-sk","9":"product_cat-pc-sk","10":"product_cat-pc-hry-sk","11":"product_cat-rpg-pc-hry-sk","12":"product_cat-steam-pc-sk","13":"pa_audio-en-us","15":"pa_countries-ad","16":"pa_countries-ae","17":"pa_countries-af","18":"pa_countries-ag","19":"pa_countries-ai","20":"pa_countries-al","21":"pa_countries-am","22":"pa_countries-ao","23":"pa_countries-aq","24":"pa_countries-ar","25":"pa_countries-as","26":"pa_countries-at","27":"pa_countries-au","28":"pa_countries-aw","29":"pa_countries-ax","30":"pa_countries-az","31":"pa_countries-ba","32":"pa_countries-bb","33":"pa_countries-bd","34":"pa_countries-be","35":"pa_countries-bf","36":"pa_countries-bg","37":"pa_countries-bh","38":"pa_countries-bi","39":"pa_countries-bj","40":"pa_countries-bl","41":"pa_countries-bm","42":"pa_countries-bn","43":"pa_countries-bo","44":"pa_countries-bq","45":"pa_countries-br","46":"pa_countries-bs","47":"pa_countries-bt","48":"pa_countries-bv","49":"pa_countries-bw","50":"pa_countries-bz","51":"pa_countries-ca","52":"pa_countries-cc","53":"pa_countries-cd","54":"pa_countries-cf","55":"pa_countries-cg","56":"pa_countries-ch","57":"pa_countries-ci","58":"pa_countries-ck","59":"pa_countries-cl","60":"pa_countries-cm","61":"pa_countries-cn","62":"pa_countries-co","63":"pa_countries-cr","64":"pa_countries-cu","65":"pa_countries-cv","66":"pa_countries-cw","67":"pa_countries-cx","68":"pa_countries-cy","69":"pa_countries-cz","70":"pa_countries-de","71":"pa_countries-dj","72":"pa_countries-dk","73":"pa_countries-dm","74":"pa_countries-do","75":"pa_countries-dz","76":"pa_countries-ec","77":"pa_countries-ee","78":"pa_countries-eg","79":"pa_countries-eh","80":"pa_countries-er","81":"pa_countries-es","82":"pa_countries-et","83":"pa_countries-fi","84":"pa_countries-fj","85":"pa_countries-fk","86":"pa_countries-fm","87":"pa_countries-fo","88":"pa_countries-fr","89":"pa_countries-ga","90":"pa_countries-gb","91":"pa_countries-gd","92":"pa_countries-ge","93":"pa_countries-gf","94":"pa_countries-gg","95":"pa_countries-gh","96":"pa_countries-gi","97":"pa_countries-gl","98":"pa_countries-gm","99":"pa_countries-gn","100":"pa_countries-gp","101":"pa_countries-gq","102":"pa_countries-gr","103":"pa_countries-gs","104":"pa_countries-gt","105":"pa_countries-gu","106":"pa_countries-gw","107":"pa_countries-gy","108":"pa_countries-hk","109":"pa_countries-hm","110":"pa_countries-hn","111":"pa_countries-hr","112":"pa_countries-ht","113":"pa_countries-hu","114":"pa_countries-id","115":"pa_countries-ie","116":"pa_countries-il","117":"pa_countries-im","118":"pa_countries-in","119":"pa_countries-io","120":"pa_countries-iq","121":"pa_countries-ir","122":"pa_countries-is","123":"pa_countries-it","124":"pa_countries-je","125":"pa_countries-jm","126":"pa_countries-jo","127":"pa_countries-jp","128":"pa_countries-ke","129":"pa_countries-kg","130":"pa_countries-kh","131":"pa_countries-ki","132":"pa_countries-km","133":"pa_countries-kn","134":"pa_countries-kp","135":"pa_countries-kr","136":"pa_countries-kw","137":"pa_countries-ky","138":"pa_countries-kz","139":"pa_countries-la","140":"pa_countries-lb","141":"pa_countries-lc","142":"pa_countries-li","143":"pa_countries-lk","144":"pa_countries-lr","145":"pa_countries-ls","146":"pa_countries-lt","147":"pa_countries-lu","148":"pa_countries-lv","149":"pa_countries-ly","150":"pa_countries-ma","151":"pa_countries-mc","152":"pa_countries-md","153":"pa_countries-me","154":"pa_countries-mf","155":"pa_countries-mg","156":"pa_countries-mh","157":"pa_countries-mk","158":"pa_countries-ml","159":"pa_countries-mm","160":"pa_countries-mn","161":"pa_countries-mo","162":"pa_countries-mp","163":"pa_countries-mq","164":"pa_countries-mr","165":"pa_countries-ms","166":"pa_countries-mt","167":"pa_countries-mu","168":"pa_countries-mv","169":"pa_countries-mw","170":"pa_countries-mx","171":"pa_countries-my","172":"pa_countries-mz","173":"pa_countries-na","174":"pa_countries-nc","175":"pa_countries-ne","176":"pa_countries-nf","177":"pa_countries-ng","178":"pa_countries-ni","179":"pa_countries-nl","180":"pa_countries-no","181":"pa_countries-np","182":"pa_countries-nr","183":"pa_countries-nu","184":"pa_countries-nz","185":"pa_countries-om","186":"pa_countries-pa","187":"pa_countries-pe","188":"pa_countries-pf","189":"pa_countries-pg","190":"pa_countries-ph","191":"pa_countries-pk","192":"pa_countries-pl","193":"pa_countries-pm","194":"pa_countries-pn","195":"pa_countries-pr","196":"pa_countries-ps","197":"pa_countries-pt","198":"pa_countries-pw","199":"pa_countries-py","200":"pa_countries-qa","201":"pa_countries-re","202":"pa_countries-ro","203":"pa_countries-rs","204":"pa_countries-rw","205":"pa_countries-sa","206":"pa_countries-sb","207":"pa_countries-sc","208":"pa_countries-sd","209":"pa_countries-se","210":"pa_countries-sg","211":"pa_countries-sh","212":"pa_countries-si","213":"pa_countries-sj","214":"pa_countries-sk","215":"pa_countries-sl","216":"pa_countries-sm","217":"pa_countries-sn","218":"pa_countries-so","219":"pa_countries-sr","220":"pa_countries-ss","222":"pa_countries-st","223":"pa_countries-sv","224":"pa_countries-sx","225":"pa_countries-sy","226":"pa_countries-sz","227":"pa_countries-tc","228":"pa_countries-td","229":"pa_countries-tf","230":"pa_countries-tg","231":"pa_countries-th","232":"pa_countries-tj","233":"pa_countries-tk","234":"pa_countries-tl","235":"pa_countries-tm","236":"pa_countries-tn","237":"pa_countries-to","238":"pa_countries-tr","239":"pa_countries-tt","240":"pa_countries-tv","241":"pa_countries-tw","242":"pa_countries-tz","243":"pa_countries-ua","244":"pa_countries-ug","245":"pa_countries-um","246":"pa_countries-us","247":"pa_countries-uy","248":"pa_countries-uz","249":"pa_countries-va","250":"pa_countries-vc","251":"pa_countries-ve","252":"pa_countries-vg","253":"pa_countries-vi","254":"pa_countries-vn","255":"pa_countries-vu","256":"pa_countries-wf","258":"pa_countries-ws","259":"pa_countries-xk","261":"pa_countries-ye","262":"pa_countries-yt","263":"pa_countries-za","264":"pa_countries-zm","265":"pa_countries-zw","266":"pa_developer-odd-bug-studios","268":"pa_engine-unity","270":"pa_game_type-main_game","272":"pa_genres-adventure","273":"pa_genres-indie","275":"pa_genres-platform","277":"pa_genres-role-playing-rpg","279":"pa_interface-de-de","280":"pa_interface-en-us","281":"pa_interface-es-es","282":"pa_interface-fr-fr","283":"pa_interface-it-it","284":"pa_interface-ja-jp","285":"pa_interface-ko-kr","286":"pa_interface-pl-pl","287":"pa_interface-pt-br","289":"pa_interface-pt-pt","291":"pa_interface-ru-ru","293":"pa_interface-zh-cn","294":"pa_modes-single-player","296":"pa_pegi-13432","297":"pa_pegi-956","298":"pa_platform-pc-steam","300":"pa_player_perspectives-side-view","302":"pa_publisher-united-label-games","304":"pa_rating-872","305":"pa_rating-14450","306":"pa_region-global","308":"pa_subtitles-de-de","310":"pa_subtitles-en-us","311":"pa_subtitles-es-es","312":"pa_subtitles-fr-fr","313":"pa_subtitles-it-it","314":"pa_subtitles-ja-jp","315":"pa_subtitles-ko-kr","316":"pa_subtitles-pl-pl","317":"pa_subtitles-pt-br","319":"pa_subtitles-ru-ru","321":"pa_subtitles-zh-cn","322":"pa_themes-action","324":"pa_themes-fantasy","327":"first","328":"instock","329":"virtual","330":"taxable","331":"purchasable","332":"product-type-simple"},"yoast_head":"<!-- This site is optimized with the Yoast SEO plugin v27.3 - https:\/\/yoast.com\/product\/yoast-seo-wordpress\/ -->\n<title>Tails of Iron | BeGamer.cz<\/title>\n<meta name=\"robots\" content=\"index, follow, max-snippet:-1, max-image-preview:large, max-video-preview:-1\" \/>\n<link rel=\"canonical\" href=\"https:\/\/begamer.cz\/sk\/produkt\/tails-of-iron-sk\/\" \/>\n<meta property=\"og:locale\" content=\"sk_SK\" \/>\n<meta property=\"og:type\" content=\"article\" \/>\n<meta property=\"og:title\" content=\"Tails of Iron | BeGamer.cz\" \/>\n<meta property=\"og:description\" content=\"Tails of Iron je epick\u00e9 RPG dobrodru\u017estvo s mimoriadne brut\u00e1lnymi bojmi. Ako Redgi, dedi\u010d tr\u00f3nu, sa mus\u00edte vyda\u0165 na nebezpe\u010dn\u00fa v\u00fdpravu, aby ste z\u00edskali sp\u00e4\u0165 svoje kr\u00e1\u013eovstvo. Presk\u00famajte klamlivo o\u010daruj\u00faci svet. Zostavte skupinu odv\u00e1\u017enych spolo\u010dn\u00edkov. Vy\u017ee\u0148te nemilosrdn\u00fd klan \u017eab!\" \/>\n<meta property=\"og:url\" content=\"https:\/\/begamer.cz\/sk\/produkt\/tails-of-iron-sk\/\" \/>\n<meta property=\"og:site_name\" content=\"BeGamer.cz\" \/>\n<meta property=\"article:modified_time\" content=\"2026-03-11T08:14:43+00:00\" \/>\n<meta property=\"og:image\" content=\"https:\/\/begamer.cz\/wp-content\/uploads\/2026\/01\/tails-of-iron-8.webp\" \/>\n\t<meta property=\"og:image:width\" content=\"300\" \/>\n\t<meta property=\"og:image:height\" content=\"400\" \/>\n\t<meta property=\"og:image:type\" content=\"image\/webp\" \/>\n<meta name=\"twitter:card\" content=\"summary_large_image\" \/>\n<meta name=\"twitter:label1\" content=\"Predpokladan\u00fd \u010das \u010d\u00edtania\" \/>\n\t<meta name=\"twitter:data1\" content=\"3 min\u00faty\" \/>\n<script type=\"application\/ld+json\" class=\"yoast-schema-graph\">{\"@context\":\"https:\\\/\\\/schema.org\",\"@graph\":[{\"@type\":\"WebPage\",\"@id\":\"https:\\\/\\\/begamer.cz\\\/sk\\\/produkt\\\/tails-of-iron-sk\\\/\",\"url\":\"https:\\\/\\\/begamer.cz\\\/sk\\\/produkt\\\/tails-of-iron-sk\\\/\",\"name\":\"Tails of Iron | BeGamer.cz\",\"isPartOf\":{\"@id\":\"https:\\\/\\\/begamer.cz\\\/sk\\\/#website\"},\"primaryImageOfPage\":{\"@id\":\"https:\\\/\\\/begamer.cz\\\/sk\\\/produkt\\\/tails-of-iron-sk\\\/#primaryimage\"},\"image\":{\"@id\":\"https:\\\/\\\/begamer.cz\\\/sk\\\/produkt\\\/tails-of-iron-sk\\\/#primaryimage\"},\"thumbnailUrl\":\"https:\\\/\\\/begamer.cz\\\/wp-content\\\/uploads\\\/2026\\\/01\\\/tails-of-iron-8.webp\",\"datePublished\":\"2026-01-30T17:21:52+00:00\",\"dateModified\":\"2026-03-11T08:14:43+00:00\",\"breadcrumb\":{\"@id\":\"https:\\\/\\\/begamer.cz\\\/sk\\\/produkt\\\/tails-of-iron-sk\\\/#breadcrumb\"},\"inLanguage\":\"sk-SK\",\"potentialAction\":[{\"@type\":\"ReadAction\",\"target\":[\"https:\\\/\\\/begamer.cz\\\/sk\\\/produkt\\\/tails-of-iron-sk\\\/\"]}]},{\"@type\":\"ImageObject\",\"inLanguage\":\"sk-SK\",\"@id\":\"https:\\\/\\\/begamer.cz\\\/sk\\\/produkt\\\/tails-of-iron-sk\\\/#primaryimage\",\"url\":\"https:\\\/\\\/begamer.cz\\\/wp-content\\\/uploads\\\/2026\\\/01\\\/tails-of-iron-8.webp\",\"contentUrl\":\"https:\\\/\\\/begamer.cz\\\/wp-content\\\/uploads\\\/2026\\\/01\\\/tails-of-iron-8.webp\",\"width\":300,\"height\":400},{\"@type\":\"BreadcrumbList\",\"@id\":\"https:\\\/\\\/begamer.cz\\\/sk\\\/produkt\\\/tails-of-iron-sk\\\/#breadcrumb\",\"itemListElement\":[{\"@type\":\"ListItem\",\"position\":1,\"name\":\"Domov\",\"item\":\"https:\\\/\\\/begamer.cz\\\/sk\\\/\"},{\"@type\":\"ListItem\",\"position\":2,\"name\":\"Obchod\",\"item\":\"https:\\\/\\\/begamer.cz\\\/obchod\\\/\"},{\"@type\":\"ListItem\",\"position\":3,\"name\":\"Tails of Iron\"}]},{\"@type\":\"WebSite\",\"@id\":\"https:\\\/\\\/begamer.cz\\\/sk\\\/#website\",\"url\":\"https:\\\/\\\/begamer.cz\\\/sk\\\/\",\"name\":\"BeGamer.cz\",\"description\":\"\",\"publisher\":{\"@id\":\"https:\\\/\\\/begamer.cz\\\/sk\\\/#organization\"},\"potentialAction\":[{\"@type\":\"SearchAction\",\"target\":{\"@type\":\"EntryPoint\",\"urlTemplate\":\"https:\\\/\\\/begamer.cz\\\/sk\\\/?s={search_term_string}\"},\"query-input\":{\"@type\":\"PropertyValueSpecification\",\"valueRequired\":true,\"valueName\":\"search_term_string\"}}],\"inLanguage\":\"sk-SK\"},{\"@type\":\"Organization\",\"@id\":\"https:\\\/\\\/begamer.cz\\\/sk\\\/#organization\",\"name\":\"BeGamer.cz\",\"url\":\"https:\\\/\\\/begamer.cz\\\/sk\\\/\",\"logo\":{\"@type\":\"ImageObject\",\"inLanguage\":\"sk-SK\",\"@id\":\"https:\\\/\\\/begamer.cz\\\/sk\\\/#\\\/schema\\\/logo\\\/image\\\/\",\"url\":\"https:\\\/\\\/begamer.cz\\\/wp-content\\\/uploads\\\/2025\\\/07\\\/logo.svg\",\"contentUrl\":\"https:\\\/\\\/begamer.cz\\\/wp-content\\\/uploads\\\/2025\\\/07\\\/logo.svg\",\"caption\":\"BeGamer.cz\"},\"image\":{\"@id\":\"https:\\\/\\\/begamer.cz\\\/sk\\\/#\\\/schema\\\/logo\\\/image\\\/\"}}]}<\/script>\n<!-- \/ Yoast SEO plugin. -->","yoast_head_json":{"title":"Tails of Iron | BeGamer.cz","robots":{"index":"index","follow":"follow","max-snippet":"max-snippet:-1","max-image-preview":"max-image-preview:large","max-video-preview":"max-video-preview:-1"},"canonical":"https:\/\/begamer.cz\/sk\/produkt\/tails-of-iron-sk\/","og_locale":"sk_SK","og_type":"article","og_title":"Tails of Iron | BeGamer.cz","og_description":"Tails of Iron je epick\u00e9 RPG dobrodru\u017estvo s mimoriadne brut\u00e1lnymi bojmi. Ako Redgi, dedi\u010d tr\u00f3nu, sa mus\u00edte vyda\u0165 na nebezpe\u010dn\u00fa v\u00fdpravu, aby ste z\u00edskali sp\u00e4\u0165 svoje kr\u00e1\u013eovstvo. Presk\u00famajte klamlivo o\u010daruj\u00faci svet. Zostavte skupinu odv\u00e1\u017enych spolo\u010dn\u00edkov. Vy\u017ee\u0148te nemilosrdn\u00fd klan \u017eab!","og_url":"https:\/\/begamer.cz\/sk\/produkt\/tails-of-iron-sk\/","og_site_name":"BeGamer.cz","article_modified_time":"2026-03-11T08:14:43+00:00","og_image":[{"width":300,"height":400,"url":"https:\/\/begamer.cz\/wp-content\/uploads\/2026\/01\/tails-of-iron-8.webp","type":"image\/webp"}],"twitter_card":"summary_large_image","twitter_misc":{"Predpokladan\u00fd \u010das \u010d\u00edtania":"3 min\u00faty"},"schema":{"@context":"https:\/\/schema.org","@graph":[{"@type":"WebPage","@id":"https:\/\/begamer.cz\/sk\/produkt\/tails-of-iron-sk\/","url":"https:\/\/begamer.cz\/sk\/produkt\/tails-of-iron-sk\/","name":"Tails of Iron | BeGamer.cz","isPartOf":{"@id":"https:\/\/begamer.cz\/sk\/#website"},"primaryImageOfPage":{"@id":"https:\/\/begamer.cz\/sk\/produkt\/tails-of-iron-sk\/#primaryimage"},"image":{"@id":"https:\/\/begamer.cz\/sk\/produkt\/tails-of-iron-sk\/#primaryimage"},"thumbnailUrl":"https:\/\/begamer.cz\/wp-content\/uploads\/2026\/01\/tails-of-iron-8.webp","datePublished":"2026-01-30T17:21:52+00:00","dateModified":"2026-03-11T08:14:43+00:00","breadcrumb":{"@id":"https:\/\/begamer.cz\/sk\/produkt\/tails-of-iron-sk\/#breadcrumb"},"inLanguage":"sk-SK","potentialAction":[{"@type":"ReadAction","target":["https:\/\/begamer.cz\/sk\/produkt\/tails-of-iron-sk\/"]}]},{"@type":"ImageObject","inLanguage":"sk-SK","@id":"https:\/\/begamer.cz\/sk\/produkt\/tails-of-iron-sk\/#primaryimage","url":"https:\/\/begamer.cz\/wp-content\/uploads\/2026\/01\/tails-of-iron-8.webp","contentUrl":"https:\/\/begamer.cz\/wp-content\/uploads\/2026\/01\/tails-of-iron-8.webp","width":300,"height":400},{"@type":"BreadcrumbList","@id":"https:\/\/begamer.cz\/sk\/produkt\/tails-of-iron-sk\/#breadcrumb","itemListElement":[{"@type":"ListItem","position":1,"name":"Domov","item":"https:\/\/begamer.cz\/sk\/"},{"@type":"ListItem","position":2,"name":"Obchod","item":"https:\/\/begamer.cz\/obchod\/"},{"@type":"ListItem","position":3,"name":"Tails of Iron"}]},{"@type":"WebSite","@id":"https:\/\/begamer.cz\/sk\/#website","url":"https:\/\/begamer.cz\/sk\/","name":"BeGamer.cz","description":"","publisher":{"@id":"https:\/\/begamer.cz\/sk\/#organization"},"potentialAction":[{"@type":"SearchAction","target":{"@type":"EntryPoint","urlTemplate":"https:\/\/begamer.cz\/sk\/?s={search_term_string}"},"query-input":{"@type":"PropertyValueSpecification","valueRequired":true,"valueName":"search_term_string"}}],"inLanguage":"sk-SK"},{"@type":"Organization","@id":"https:\/\/begamer.cz\/sk\/#organization","name":"BeGamer.cz","url":"https:\/\/begamer.cz\/sk\/","logo":{"@type":"ImageObject","inLanguage":"sk-SK","@id":"https:\/\/begamer.cz\/sk\/#\/schema\/logo\/image\/","url":"https:\/\/begamer.cz\/wp-content\/uploads\/2025\/07\/logo.svg","contentUrl":"https:\/\/begamer.cz\/wp-content\/uploads\/2025\/07\/logo.svg","caption":"BeGamer.cz"},"image":{"@id":"https:\/\/begamer.cz\/sk\/#\/schema\/logo\/image\/"}}]}},"acf":[],"_links":{"self":[{"href":"https:\/\/begamer.cz\/sk\/wp-json\/wp\/v2\/product\/101039","targetHints":{"allow":["GET"]}}],"collection":[{"href":"https:\/\/begamer.cz\/sk\/wp-json\/wp\/v2\/product"}],"about":[{"href":"https:\/\/begamer.cz\/sk\/wp-json\/wp\/v2\/types\/product"}],"replies":[{"embeddable":true,"href":"https:\/\/begamer.cz\/sk\/wp-json\/wp\/v2\/comments?post=101039"}],"wp:featuredmedia":[{"embeddable":true,"href":"https:\/\/begamer.cz\/sk\/wp-json\/wp\/v2\/media\/81031"}],"wp:attachment":[{"href":"https:\/\/begamer.cz\/sk\/wp-json\/wp\/v2\/media?parent=101039"}],"wp:term":[{"taxonomy":"product_brand","embeddable":true,"href":"https:\/\/begamer.cz\/sk\/wp-json\/wp\/v2\/product_brand?post=101039"},{"taxonomy":"product_cat","embeddable":true,"href":"https:\/\/begamer.cz\/sk\/wp-json\/wp\/v2\/product_cat?post=101039"},{"taxonomy":"product_tag","embeddable":true,"href":"https:\/\/begamer.cz\/sk\/wp-json\/wp\/v2\/product_tag?post=101039"}],"curies":[{"name":"wp","href":"https:\/\/api.w.org\/{rel}","templated":true}]}}