{"id":101024,"date":"2026-01-30T18:21:34","date_gmt":"2026-01-30T17:21:34","guid":{"rendered":"https:\/\/begamer.cz\/produkt\/metro-exodus-sk-1769793697\/"},"modified":"2026-03-11T09:14:18","modified_gmt":"2026-03-11T08:14:18","slug":"metro-exodus-sk-2","status":"publish","type":"product","link":"https:\/\/begamer.cz\/sk\/produkt\/metro-exodus-sk-2\/","title":{"rendered":"Metro Exodus"},"content":{"rendered":"<p><span class=\"bb_img_ctn\"><img decoding=\"async\" class=\"bb_img\" src=\"https:\/\/shared.akamai.steamstatic.com\/store_item_assets\/steam\/apps\/412020\/extras\/9f4828a4b73139f4f685c9ade730ac37.webp?t=1750772804\" width=616 height=45 \/><\/span><\/p>\n<ul class=\"bb_ul\">\n<li>Majitelia hry Metro Exodus maj\u00fa tie\u017e n\u00e1rok na Metro Exodus PC Enhanced Edition \u2013 ohromuj\u00faci vizu\u00e1lny upgrade, ktor\u00fd VY\u017dADUJE grafick\u00fa kartu s podporou ray tracingu ako s\u00fa\u010das\u0165 minim\u00e1lnych syst\u00e9mov\u00fdch po\u017eiadaviek.<\/li>\n<li>DLC pre Metro Exodus je tie\u017e vylep\u0161en\u00e9 \u2013 zak\u00fapen\u00edm Metro Exodus Expansion Pass alebo The Two Colonels \/ Sam\u2019s Story samostatne z\u00edskate n\u00e1rok na vylep\u0161en\u00fa verziu tohto obsahu, ktor\u00e1 je dostupn\u00e1 prostredn\u00edctvom Metro Exodus PC Enhanced Edition.<\/li>\n<\/ul>\n<h2 class=\"bb_tag\" ><strong>Metro Exodus<\/strong><\/h2>\n<p>P\u00ed\u0161e sa rok 2036.<\/p>\n<p>\u0160tvr\u0165storo\u010die po tom, \u010do jadrov\u00e1 vojna zdevastovala Zem, nieko\u013eko tis\u00edc pre\u017eiv\u0161\u00edch st\u00e1le bojuje o pre\u017eitie pod troskami Moskvy, v tuneloch metra.<\/p>\n<p>Bojovali proti otr\u00e1ven\u00fdm \u017eivlom, mutovan\u00fdm be\u0161ti\u00e1m a paranorm\u00e1lnym hr\u00f4zam a trpeli plame\u0148mi ob\u010dianskej vojny. Teraz<\/p>\n<p>v\u0161ak mus\u00edte ako Artyom utiec\u0165 z metra a vies\u0165 skupinu Spartan Rangers na neuverite\u013enej ceste naprie\u010d postapokalyptick\u00fdm Ruskom v h\u013eadan\u00ed nov\u00e9ho \u017eivota na v\u00fdchode.<\/p>\n<p>Metro Exodus je epick\u00e1, pr\u00edbehov\u00e1 strie\u013ea\u010dka z poh\u013eadu prvej osoby od 4A Games, ktor\u00e1 sp\u00e1ja smrtiace boje a stealth s prieskumom a survival hororom v jednom z najviac pohlcuj\u00facich hern\u00fdch svetov, ak\u00e9 kedy boli vytvoren\u00e9.<\/p>\n<p>Presk\u00famajte rusk\u00fa divo\u010dinu v rozsiahlych neline\u00e1rnych \u00farovniach a sledujte nap\u00ednav\u00fd pr\u00edbeh, ktor\u00fd sa odohr\u00e1va po\u010das cel\u00e9ho roka od jari, cez leto a jese\u0148 a\u017e po hlbiny jadrovej zimy.<\/p>\n<p>In\u0161pirovan\u00e1 rom\u00e1nmi Dmitrija Glukhovsk\u00e9ho, hra Metro Exodus pokra\u010duje v pr\u00edbehu Artyoma v doteraz najv\u00e4\u010d\u0161om dobrodru\u017estve Metro.<\/p>\n<h2 class=\"bb_tag\" ><strong>Funkcie<\/strong><\/h2>\n<ul class=\"bb_ul\">\n<li>Vydajte sa na neuverite\u013en\u00fa cestu \u2013 nast\u00fapte do Aurory, v\u00fdrazne upravenej parnej lokomot\u00edvy, a pridajte sa k h\u0155stke pre\u017eiv\u0161\u00edch, ktor\u00ed h\u013eadaj\u00fa nov\u00fd \u017eivot na v\u00fdchode.<\/li>\n<li>Za\u017eite Sandbox Survival \u2013 strhuj\u00faci pr\u00edbeh sp\u00e1ja klasick\u00fa hrate\u013enos\u0165 Metro s nov\u00fdmi obrovsk\u00fdmi neline\u00e1rnymi \u00farov\u0148ami.<\/li>\n<li>Kr\u00e1sny, nepriate\u013esk\u00fd svet \u2013 objavte postapokalyptick\u00fa rusk\u00fa divo\u010dinu, o\u017eiven\u00fa \u00fa\u017easn\u00fdmi cyklami d\u0148a a noci a dynamick\u00fdm po\u010das\u00edm.<\/li>\n<li>Smrte\u013en\u00e9 boje a stealth \u2013 zbierajte a vyr\u00e1bajte v ter\u00e9ne, aby ste si prisp\u00f4sobili svoj arzen\u00e1l ru\u010dne vyroben\u00fdch zbran\u00ed, a zapojte sa do nap\u00ednav\u00fdch taktick\u00fdch bojov s \u013eudsk\u00fdmi a mutovan\u00fdmi nepriate\u013emi.<\/li>\n<li>Va\u0161e rozhodnutia ur\u010duj\u00fa osud va\u0161ich spolo\u010dn\u00edkov \u2013 nie v\u0161etci va\u0161i spolo\u010dn\u00edci pre\u017eij\u00fa cestu; va\u0161e rozhodnutia maj\u00fa d\u00f4sledky v nap\u00ednavom pr\u00edbehu, ktor\u00fd pon\u00faka obrovsk\u00fa hrate\u013enos\u0165<\/li>\n<li>Najlep\u0161ia atmosf\u00e9ra a ponorenie do hry \u2013 blikaj\u00faca svie\u010dka v tme; trhan\u00e9 d\u00fdchanie, ke\u010f v\u00e1m zamrzne plynov\u00e1 maska; vytie mutanta v no\u010dnom vetre \u2013 Metro v\u00e1s pohlt\u00ed a vydes\u00ed ako \u017eiadna in\u00e1 hra&#8230;<\/li>\n<\/ul>\n","protected":false},"excerpt":{"rendered":"<p>Ute\u010dte z rozbit\u00fdch trosk\u00e1ch moskovsk\u00e9ho metra a vydajte sa na epick\u00fa cestu naprie\u010d postapokalyptickou ruskou divo\u010dinou. Presk\u00famajte rozsiahle neline\u00e1rne \u00farovne, ponorte sa do pohlcuj\u00faceho sandboxov\u00e9ho z\u00e1\u017eitku z pre\u017eitia a sledujte nap\u00ednav\u00fd pr\u00edbeh, ktor\u00fd sa odohr\u00e1va po\u010das cel\u00e9ho roka v doteraz najv\u00e4\u010d\u0161om dobrodru\u017estve Metro.<\/p>\n","protected":false},"featured_media":54697,"comment_status":"open","ping_status":"closed","template":"","meta":{"_acf_changed":false},"product_brand":[],"product_cat":[270,268,266,312,9064],"product_tag":[],"class_list":{"0":"post-101024","1":"product","2":"type-product","3":"status-publish","4":"has-post-thumbnail","6":"product_cat-adventury-pc-hry-sk","7":"product_cat-pc-sk","8":"product_cat-pc-hry-sk","9":"product_cat-steam-pc-sk","10":"product_cat-strielacky-3","11":"pa_audio-de-de","12":"pa_audio-en-us","13":"pa_audio-es-es","14":"pa_audio-fr-fr","15":"pa_audio-it-it","16":"pa_audio-ja-jp","17":"pa_audio-ru-ru","18":"pa_audio-uk-ua","20":"pa_countries-ad","21":"pa_countries-ae","22":"pa_countries-af","23":"pa_countries-ag","24":"pa_countries-ai","25":"pa_countries-al","26":"pa_countries-am","27":"pa_countries-ao","28":"pa_countries-aq","29":"pa_countries-ar","30":"pa_countries-as","31":"pa_countries-at","32":"pa_countries-au","33":"pa_countries-aw","34":"pa_countries-ax","35":"pa_countries-az","36":"pa_countries-ba","37":"pa_countries-bb","38":"pa_countries-bd","39":"pa_countries-be","40":"pa_countries-bf","41":"pa_countries-bg","42":"pa_countries-bh","43":"pa_countries-bi","44":"pa_countries-bj","45":"pa_countries-bl","46":"pa_countries-bm","47":"pa_countries-bn","48":"pa_countries-bo","49":"pa_countries-bq","50":"pa_countries-br","51":"pa_countries-bs","52":"pa_countries-bt","53":"pa_countries-bv","54":"pa_countries-bw","55":"pa_countries-bz","56":"pa_countries-ca","57":"pa_countries-cc","58":"pa_countries-cd","59":"pa_countries-cf","60":"pa_countries-cg","61":"pa_countries-ch","62":"pa_countries-ci","63":"pa_countries-ck","64":"pa_countries-cl","65":"pa_countries-cm","66":"pa_countries-cn","67":"pa_countries-co","68":"pa_countries-cr","69":"pa_countries-cu","70":"pa_countries-cv","71":"pa_countries-cw","72":"pa_countries-cx","73":"pa_countries-cy","74":"pa_countries-cz","75":"pa_countries-de","76":"pa_countries-dj","77":"pa_countries-dk","78":"pa_countries-dm","79":"pa_countries-do","80":"pa_countries-dz","81":"pa_countries-ec","82":"pa_countries-ee","83":"pa_countries-eg","84":"pa_countries-eh","85":"pa_countries-er","86":"pa_countries-es","87":"pa_countries-et","88":"pa_countries-fi","89":"pa_countries-fj","90":"pa_countries-fk","91":"pa_countries-fm","92":"pa_countries-fo","93":"pa_countries-fr","94":"pa_countries-ga","95":"pa_countries-gb","96":"pa_countries-gd","97":"pa_countries-ge","98":"pa_countries-gf","99":"pa_countries-gg","100":"pa_countries-gh","101":"pa_countries-gi","102":"pa_countries-gl","103":"pa_countries-gm","104":"pa_countries-gn","105":"pa_countries-gp","106":"pa_countries-gq","107":"pa_countries-gr","108":"pa_countries-gs","109":"pa_countries-gt","110":"pa_countries-gu","111":"pa_countries-gw","112":"pa_countries-gy","113":"pa_countries-hk","114":"pa_countries-hm","115":"pa_countries-hn","116":"pa_countries-hr","117":"pa_countries-ht","118":"pa_countries-hu","119":"pa_countries-id","120":"pa_countries-ie","121":"pa_countries-il","122":"pa_countries-im","123":"pa_countries-in","124":"pa_countries-io","125":"pa_countries-iq","126":"pa_countries-ir","127":"pa_countries-is","128":"pa_countries-it","129":"pa_countries-je","130":"pa_countries-jm","131":"pa_countries-jo","132":"pa_countries-jp","133":"pa_countries-ke","134":"pa_countries-kg","135":"pa_countries-kh","136":"pa_countries-ki","137":"pa_countries-km","138":"pa_countries-kn","139":"pa_countries-kp","140":"pa_countries-kr","141":"pa_countries-kw","142":"pa_countries-ky","143":"pa_countries-kz","144":"pa_countries-la","145":"pa_countries-lb","146":"pa_countries-lc","147":"pa_countries-li","148":"pa_countries-lk","149":"pa_countries-lr","150":"pa_countries-ls","151":"pa_countries-lt","152":"pa_countries-lu","153":"pa_countries-lv","154":"pa_countries-ly","155":"pa_countries-ma","156":"pa_countries-mc","157":"pa_countries-md","158":"pa_countries-me","159":"pa_countries-mf","160":"pa_countries-mg","161":"pa_countries-mh","162":"pa_countries-mk","163":"pa_countries-ml","164":"pa_countries-mm","165":"pa_countries-mn","166":"pa_countries-mo","167":"pa_countries-mp","168":"pa_countries-mq","169":"pa_countries-mr","170":"pa_countries-ms","171":"pa_countries-mt","172":"pa_countries-mu","173":"pa_countries-mv","174":"pa_countries-mw","175":"pa_countries-mx","176":"pa_countries-my","177":"pa_countries-mz","178":"pa_countries-na","179":"pa_countries-nc","180":"pa_countries-ne","181":"pa_countries-nf","182":"pa_countries-ng","183":"pa_countries-ni","184":"pa_countries-nl","185":"pa_countries-no","186":"pa_countries-np","187":"pa_countries-nr","188":"pa_countries-nu","189":"pa_countries-nz","190":"pa_countries-om","191":"pa_countries-pa","192":"pa_countries-pe","193":"pa_countries-pf","194":"pa_countries-pg","195":"pa_countries-ph","196":"pa_countries-pk","197":"pa_countries-pl","198":"pa_countries-pm","199":"pa_countries-pn","200":"pa_countries-pr","201":"pa_countries-ps","202":"pa_countries-pt","203":"pa_countries-pw","204":"pa_countries-py","205":"pa_countries-qa","206":"pa_countries-re","207":"pa_countries-ro","208":"pa_countries-rs","209":"pa_countries-rw","210":"pa_countries-sb","211":"pa_countries-sc","212":"pa_countries-sd","213":"pa_countries-se","214":"pa_countries-sg","215":"pa_countries-sh","216":"pa_countries-si","217":"pa_countries-sj","218":"pa_countries-sk","219":"pa_countries-sl","220":"pa_countries-sm","221":"pa_countries-sn","222":"pa_countries-so","223":"pa_countries-sr","224":"pa_countries-ss","226":"pa_countries-st","227":"pa_countries-sv","228":"pa_countries-sx","229":"pa_countries-sy","230":"pa_countries-sz","231":"pa_countries-tc","232":"pa_countries-td","233":"pa_countries-tf","234":"pa_countries-tg","235":"pa_countries-th","236":"pa_countries-tj","237":"pa_countries-tk","238":"pa_countries-tl","239":"pa_countries-tm","240":"pa_countries-tn","241":"pa_countries-to","242":"pa_countries-tr","243":"pa_countries-tt","244":"pa_countries-tv","245":"pa_countries-tw","246":"pa_countries-tz","247":"pa_countries-ua","248":"pa_countries-ug","249":"pa_countries-um","250":"pa_countries-us","251":"pa_countries-uy","252":"pa_countries-uz","253":"pa_countries-va","254":"pa_countries-vc","255":"pa_countries-ve","256":"pa_countries-vg","257":"pa_countries-vi","258":"pa_countries-vn","259":"pa_countries-vu","260":"pa_countries-wf","261":"pa_countries-ws","262":"pa_countries-xk","263":"pa_countries-ye","264":"pa_countries-yt","265":"pa_countries-za","266":"pa_countries-zm","267":"pa_countries-zw","268":"pa_developer-4a-games","270":"pa_engine-4a-engine","272":"pa_franchises-metro","274":"pa_game_type-main_game","276":"pa_genres-adventure","278":"pa_genres-shooter","279":"pa_interface-cs-cz","280":"pa_interface-de-de","281":"pa_interface-en-us","282":"pa_interface-es-es","283":"pa_interface-es-mx","284":"pa_interface-fr-fr","285":"pa_interface-it-it","286":"pa_interface-ja-jp","287":"pa_interface-ko-kr","288":"pa_interface-pl-pl","289":"pa_interface-pt-br","290":"pa_interface-ru-ru","291":"pa_interface-uk-ua","293":"pa_interface-zh-cn","294":"pa_interface-zh-tw","295":"pa_keywords-post-apocalyptic","296":"pa_keywords-previously-on-stadia-pro","297":"pa_keywords-russia","299":"pa_keywords-the-game-awards-world-premiere","300":"pa_keywords-the-game-awards-2017","301":"pa_keywords-xbox-one-x-enhanced","302":"pa_modes-single-player","304":"pa_pegi-794","305":"pa_pegi-13426","306":"pa_platform-pc-steam","308":"pa_player_perspectives-first-person","310":"pa_publisher-deep-silver","312":"pa_rating-1292","313":"pa_rating-14494","314":"pa_region-global","316":"pa_subtitles-cs-cz","317":"pa_subtitles-de-de","318":"pa_subtitles-en-us","319":"pa_subtitles-es-es","320":"pa_subtitles-es-mx","321":"pa_subtitles-fr-fr","322":"pa_subtitles-it-it","323":"pa_subtitles-ja-jp","324":"pa_subtitles-ko-kr","325":"pa_subtitles-pl-pl","326":"pa_subtitles-pt-br","327":"pa_subtitles-ru-ru","328":"pa_subtitles-uk-ua","330":"pa_subtitles-zh-cn","331":"pa_subtitles-zh-tw","332":"pa_themes-action","333":"pa_themes-horror","335":"pa_themes-science-fiction","336":"pa_themes-survival","338":"first","339":"instock","340":"virtual","341":"taxable","342":"purchasable","343":"product-type-simple"},"yoast_head":"<!-- This site is optimized with the Yoast SEO plugin v27.4 - https:\/\/yoast.com\/product\/yoast-seo-wordpress\/ -->\n<title>Metro Exodus | BeGamer.cz<\/title>\n<meta name=\"robots\" content=\"index, follow, max-snippet:-1, max-image-preview:large, max-video-preview:-1\" \/>\n<link rel=\"canonical\" href=\"https:\/\/begamer.cz\/sk\/produkt\/metro-exodus-sk-2\/\" \/>\n<meta property=\"og:locale\" content=\"sk_SK\" \/>\n<meta property=\"og:type\" content=\"article\" \/>\n<meta property=\"og:title\" content=\"Metro Exodus | BeGamer.cz\" \/>\n<meta property=\"og:description\" content=\"Ute\u010dte z rozbit\u00fdch trosk\u00e1ch moskovsk\u00e9ho metra a vydajte sa na epick\u00fa cestu naprie\u010d postapokalyptickou ruskou divo\u010dinou. Presk\u00famajte rozsiahle neline\u00e1rne \u00farovne, ponorte sa do pohlcuj\u00faceho sandboxov\u00e9ho z\u00e1\u017eitku z pre\u017eitia a sledujte nap\u00ednav\u00fd pr\u00edbeh, ktor\u00fd sa odohr\u00e1va po\u010das cel\u00e9ho roka v doteraz najv\u00e4\u010d\u0161om dobrodru\u017estve Metro.\" \/>\n<meta property=\"og:url\" content=\"https:\/\/begamer.cz\/sk\/produkt\/metro-exodus-sk-2\/\" \/>\n<meta property=\"og:site_name\" content=\"BeGamer.cz\" \/>\n<meta property=\"article:modified_time\" content=\"2026-03-11T08:14:18+00:00\" \/>\n<meta property=\"og:image\" content=\"https:\/\/begamer.cz\/wp-content\/uploads\/2026\/01\/metro-exodus-14.webp\" \/>\n\t<meta property=\"og:image:width\" content=\"300\" \/>\n\t<meta property=\"og:image:height\" content=\"400\" \/>\n\t<meta property=\"og:image:type\" content=\"image\/webp\" \/>\n<meta name=\"twitter:card\" content=\"summary_large_image\" \/>\n<meta name=\"twitter:label1\" content=\"Predpokladan\u00fd \u010das \u010d\u00edtania\" \/>\n\t<meta name=\"twitter:data1\" content=\"2 min\u00faty\" \/>\n<script type=\"application\/ld+json\" class=\"yoast-schema-graph\">{\"@context\":\"https:\\\/\\\/schema.org\",\"@graph\":[{\"@type\":\"WebPage\",\"@id\":\"https:\\\/\\\/begamer.cz\\\/sk\\\/produkt\\\/metro-exodus-sk-2\\\/\",\"url\":\"https:\\\/\\\/begamer.cz\\\/sk\\\/produkt\\\/metro-exodus-sk-2\\\/\",\"name\":\"Metro Exodus | BeGamer.cz\",\"isPartOf\":{\"@id\":\"https:\\\/\\\/begamer.cz\\\/sk\\\/#website\"},\"primaryImageOfPage\":{\"@id\":\"https:\\\/\\\/begamer.cz\\\/sk\\\/produkt\\\/metro-exodus-sk-2\\\/#primaryimage\"},\"image\":{\"@id\":\"https:\\\/\\\/begamer.cz\\\/sk\\\/produkt\\\/metro-exodus-sk-2\\\/#primaryimage\"},\"thumbnailUrl\":\"https:\\\/\\\/begamer.cz\\\/wp-content\\\/uploads\\\/2026\\\/01\\\/metro-exodus-14.webp\",\"datePublished\":\"2026-01-30T17:21:34+00:00\",\"dateModified\":\"2026-03-11T08:14:18+00:00\",\"breadcrumb\":{\"@id\":\"https:\\\/\\\/begamer.cz\\\/sk\\\/produkt\\\/metro-exodus-sk-2\\\/#breadcrumb\"},\"inLanguage\":\"sk-SK\",\"potentialAction\":[{\"@type\":\"ReadAction\",\"target\":[\"https:\\\/\\\/begamer.cz\\\/sk\\\/produkt\\\/metro-exodus-sk-2\\\/\"]}]},{\"@type\":\"ImageObject\",\"inLanguage\":\"sk-SK\",\"@id\":\"https:\\\/\\\/begamer.cz\\\/sk\\\/produkt\\\/metro-exodus-sk-2\\\/#primaryimage\",\"url\":\"https:\\\/\\\/begamer.cz\\\/wp-content\\\/uploads\\\/2026\\\/01\\\/metro-exodus-14.webp\",\"contentUrl\":\"https:\\\/\\\/begamer.cz\\\/wp-content\\\/uploads\\\/2026\\\/01\\\/metro-exodus-14.webp\",\"width\":300,\"height\":400},{\"@type\":\"BreadcrumbList\",\"@id\":\"https:\\\/\\\/begamer.cz\\\/sk\\\/produkt\\\/metro-exodus-sk-2\\\/#breadcrumb\",\"itemListElement\":[{\"@type\":\"ListItem\",\"position\":1,\"name\":\"Domov\",\"item\":\"https:\\\/\\\/begamer.cz\\\/sk\\\/\"},{\"@type\":\"ListItem\",\"position\":2,\"name\":\"Obchod\",\"item\":\"https:\\\/\\\/begamer.cz\\\/obchod\\\/\"},{\"@type\":\"ListItem\",\"position\":3,\"name\":\"Metro Exodus\"}]},{\"@type\":\"WebSite\",\"@id\":\"https:\\\/\\\/begamer.cz\\\/sk\\\/#website\",\"url\":\"https:\\\/\\\/begamer.cz\\\/sk\\\/\",\"name\":\"BeGamer.cz\",\"description\":\"\",\"publisher\":{\"@id\":\"https:\\\/\\\/begamer.cz\\\/sk\\\/#organization\"},\"potentialAction\":[{\"@type\":\"SearchAction\",\"target\":{\"@type\":\"EntryPoint\",\"urlTemplate\":\"https:\\\/\\\/begamer.cz\\\/sk\\\/?s={search_term_string}\"},\"query-input\":{\"@type\":\"PropertyValueSpecification\",\"valueRequired\":true,\"valueName\":\"search_term_string\"}}],\"inLanguage\":\"sk-SK\"},{\"@type\":\"Organization\",\"@id\":\"https:\\\/\\\/begamer.cz\\\/sk\\\/#organization\",\"name\":\"BeGamer.cz\",\"url\":\"https:\\\/\\\/begamer.cz\\\/sk\\\/\",\"logo\":{\"@type\":\"ImageObject\",\"inLanguage\":\"sk-SK\",\"@id\":\"https:\\\/\\\/begamer.cz\\\/sk\\\/#\\\/schema\\\/logo\\\/image\\\/\",\"url\":\"https:\\\/\\\/begamer.cz\\\/wp-content\\\/uploads\\\/2025\\\/07\\\/logo.svg\",\"contentUrl\":\"https:\\\/\\\/begamer.cz\\\/wp-content\\\/uploads\\\/2025\\\/07\\\/logo.svg\",\"caption\":\"BeGamer.cz\"},\"image\":{\"@id\":\"https:\\\/\\\/begamer.cz\\\/sk\\\/#\\\/schema\\\/logo\\\/image\\\/\"}}]}<\/script>\n<!-- \/ Yoast SEO plugin. -->","yoast_head_json":{"title":"Metro Exodus | BeGamer.cz","robots":{"index":"index","follow":"follow","max-snippet":"max-snippet:-1","max-image-preview":"max-image-preview:large","max-video-preview":"max-video-preview:-1"},"canonical":"https:\/\/begamer.cz\/sk\/produkt\/metro-exodus-sk-2\/","og_locale":"sk_SK","og_type":"article","og_title":"Metro Exodus | BeGamer.cz","og_description":"Ute\u010dte z rozbit\u00fdch trosk\u00e1ch moskovsk\u00e9ho metra a vydajte sa na epick\u00fa cestu naprie\u010d postapokalyptickou ruskou divo\u010dinou. Presk\u00famajte rozsiahle neline\u00e1rne \u00farovne, ponorte sa do pohlcuj\u00faceho sandboxov\u00e9ho z\u00e1\u017eitku z pre\u017eitia a sledujte nap\u00ednav\u00fd pr\u00edbeh, ktor\u00fd sa odohr\u00e1va po\u010das cel\u00e9ho roka v doteraz najv\u00e4\u010d\u0161om dobrodru\u017estve Metro.","og_url":"https:\/\/begamer.cz\/sk\/produkt\/metro-exodus-sk-2\/","og_site_name":"BeGamer.cz","article_modified_time":"2026-03-11T08:14:18+00:00","og_image":[{"width":300,"height":400,"url":"https:\/\/begamer.cz\/wp-content\/uploads\/2026\/01\/metro-exodus-14.webp","type":"image\/webp"}],"twitter_card":"summary_large_image","twitter_misc":{"Predpokladan\u00fd \u010das \u010d\u00edtania":"2 min\u00faty"},"schema":{"@context":"https:\/\/schema.org","@graph":[{"@type":"WebPage","@id":"https:\/\/begamer.cz\/sk\/produkt\/metro-exodus-sk-2\/","url":"https:\/\/begamer.cz\/sk\/produkt\/metro-exodus-sk-2\/","name":"Metro Exodus | BeGamer.cz","isPartOf":{"@id":"https:\/\/begamer.cz\/sk\/#website"},"primaryImageOfPage":{"@id":"https:\/\/begamer.cz\/sk\/produkt\/metro-exodus-sk-2\/#primaryimage"},"image":{"@id":"https:\/\/begamer.cz\/sk\/produkt\/metro-exodus-sk-2\/#primaryimage"},"thumbnailUrl":"https:\/\/begamer.cz\/wp-content\/uploads\/2026\/01\/metro-exodus-14.webp","datePublished":"2026-01-30T17:21:34+00:00","dateModified":"2026-03-11T08:14:18+00:00","breadcrumb":{"@id":"https:\/\/begamer.cz\/sk\/produkt\/metro-exodus-sk-2\/#breadcrumb"},"inLanguage":"sk-SK","potentialAction":[{"@type":"ReadAction","target":["https:\/\/begamer.cz\/sk\/produkt\/metro-exodus-sk-2\/"]}]},{"@type":"ImageObject","inLanguage":"sk-SK","@id":"https:\/\/begamer.cz\/sk\/produkt\/metro-exodus-sk-2\/#primaryimage","url":"https:\/\/begamer.cz\/wp-content\/uploads\/2026\/01\/metro-exodus-14.webp","contentUrl":"https:\/\/begamer.cz\/wp-content\/uploads\/2026\/01\/metro-exodus-14.webp","width":300,"height":400},{"@type":"BreadcrumbList","@id":"https:\/\/begamer.cz\/sk\/produkt\/metro-exodus-sk-2\/#breadcrumb","itemListElement":[{"@type":"ListItem","position":1,"name":"Domov","item":"https:\/\/begamer.cz\/sk\/"},{"@type":"ListItem","position":2,"name":"Obchod","item":"https:\/\/begamer.cz\/obchod\/"},{"@type":"ListItem","position":3,"name":"Metro Exodus"}]},{"@type":"WebSite","@id":"https:\/\/begamer.cz\/sk\/#website","url":"https:\/\/begamer.cz\/sk\/","name":"BeGamer.cz","description":"","publisher":{"@id":"https:\/\/begamer.cz\/sk\/#organization"},"potentialAction":[{"@type":"SearchAction","target":{"@type":"EntryPoint","urlTemplate":"https:\/\/begamer.cz\/sk\/?s={search_term_string}"},"query-input":{"@type":"PropertyValueSpecification","valueRequired":true,"valueName":"search_term_string"}}],"inLanguage":"sk-SK"},{"@type":"Organization","@id":"https:\/\/begamer.cz\/sk\/#organization","name":"BeGamer.cz","url":"https:\/\/begamer.cz\/sk\/","logo":{"@type":"ImageObject","inLanguage":"sk-SK","@id":"https:\/\/begamer.cz\/sk\/#\/schema\/logo\/image\/","url":"https:\/\/begamer.cz\/wp-content\/uploads\/2025\/07\/logo.svg","contentUrl":"https:\/\/begamer.cz\/wp-content\/uploads\/2025\/07\/logo.svg","caption":"BeGamer.cz"},"image":{"@id":"https:\/\/begamer.cz\/sk\/#\/schema\/logo\/image\/"}}]}},"acf":[],"_links":{"self":[{"href":"https:\/\/begamer.cz\/sk\/wp-json\/wp\/v2\/product\/101024","targetHints":{"allow":["GET"]}}],"collection":[{"href":"https:\/\/begamer.cz\/sk\/wp-json\/wp\/v2\/product"}],"about":[{"href":"https:\/\/begamer.cz\/sk\/wp-json\/wp\/v2\/types\/product"}],"replies":[{"embeddable":true,"href":"https:\/\/begamer.cz\/sk\/wp-json\/wp\/v2\/comments?post=101024"}],"wp:featuredmedia":[{"embeddable":true,"href":"https:\/\/begamer.cz\/sk\/wp-json\/wp\/v2\/media\/54697"}],"wp:attachment":[{"href":"https:\/\/begamer.cz\/sk\/wp-json\/wp\/v2\/media?parent=101024"}],"wp:term":[{"taxonomy":"product_brand","embeddable":true,"href":"https:\/\/begamer.cz\/sk\/wp-json\/wp\/v2\/product_brand?post=101024"},{"taxonomy":"product_cat","embeddable":true,"href":"https:\/\/begamer.cz\/sk\/wp-json\/wp\/v2\/product_cat?post=101024"},{"taxonomy":"product_tag","embeddable":true,"href":"https:\/\/begamer.cz\/sk\/wp-json\/wp\/v2\/product_tag?post=101024"}],"curies":[{"name":"wp","href":"https:\/\/api.w.org\/{rel}","templated":true}]}}