{"id":100997,"date":"2026-01-30T18:20:58","date_gmt":"2026-01-30T17:20:58","guid":{"rendered":"https:\/\/begamer.cz\/produkt\/a-game-of-thrones-the-board-game-digital-edition-sk\/"},"modified":"2026-03-11T09:13:25","modified_gmt":"2026-03-11T08:13:25","slug":"a-game-of-thrones-the-board-game-digital-edition-sk","status":"publish","type":"product","link":"https:\/\/begamer.cz\/sk\/produkt\/a-game-of-thrones-the-board-game-digital-edition-sk\/","title":{"rendered":"A Game of Thrones: The Board Game \u2013 Digital Edition"},"content":{"rendered":"<p><span class=\"bb_img_ctn\"><img decoding=\"async\" class=\"bb_img\" src=\"https:\/\/shared.akamai.steamstatic.com\/store_item_assets\/steam\/apps\/1075190\/extras\/825b25c9a6583765cbbad15d69c47ac7.avif?t=1742483806\" width=616 height=346 \/><\/span><br \/><strong>Hra o tr\u00f3ny: Stolov\u00e1 hra \u2013 Digit\u00e1lna ed\u00edcia<\/strong> je digit\u00e1lnou adapt\u00e1ciou najpred\u00e1vanej\u0161ej strategickej stolovej hry od Fantasy Flight Games. Po\u010das hry hr\u00e1\u010di roz\u0161iruj\u00fa svoj vplyv po celom Westerose kombin\u00e1ciou strategick\u00e9ho pl\u00e1novania, majstrovskej diplomacie a vojenskej sily. Ako jeden z ve\u013ek\u00fdch rodov, budete dob\u00fdva\u0165 silou, vytv\u00e1ra\u0165 aliancie, zjednocova\u0165 svojich spoluob\u010danov alebo sa rafinovane pretla\u010di\u0165 k \u017delezn\u00e9mu tr\u00f3nu? Hra Game of Thrones: The Board<br \/><span class=\"bb_img_ctn\"><img decoding=\"async\" class=\"bb_img\" src=\"https:\/\/shared.akamai.steamstatic.com\/store_item_assets\/steam\/apps\/1075190\/extras\/45c3ede09424fa7cef4e1b9d2b1d558e.avif?t=1742483806\" width=616 height=75 \/><\/span><br \/>Game \u2013 Digital Edition, zalo\u017een\u00e1 na najpred\u00e1vanej\u0161ej s\u00e9rii fantasy rom\u00e1nov A Song of Ice and Fire od Georgea R. R. Martina, umo\u017e\u0148uje hra\u0165 online a\u017e \u0161iestim hr\u00e1\u010dom alebo lok\u00e1lne jedn\u00e9mu hr\u00e1\u010dovi s a\u017e piatimi protivn\u00edkmi riaden\u00fdmi umelou inteligenciou. Hra sa odohr\u00e1va po smrti kr\u00e1\u013ea Roberta Baratheona a umo\u017e\u0148uje ka\u017ed\u00e9mu hr\u00e1\u010dovi prevzia\u0165 \u00falohu jedn\u00e9ho z ve\u013ek\u00fdch rodov Siedmich kr\u00e1\u013eovstiev v pokuse o \u00fatok na King&#x27;s Landing a z\u00edskanie \u017delezn\u00fd tr\u00f3n.<br \/><span class=\"bb_img_ctn\"><img decoding=\"async\" class=\"bb_img\" src=\"https:\/\/shared.akamai.steamstatic.com\/store_item_assets\/steam\/apps\/1075190\/extras\/356eea214ccf88a365723cf563c6b530.avif?t=1742483806\" width=616 height=634 \/><\/span><br \/><span class=\"bb_img_ctn\"><img decoding=\"async\" class=\"bb_img\" src=\"https:\/\/shared.akamai.steamstatic.com\/store_item_assets\/steam\/apps\/1075190\/extras\/f57f5f57bc046ed987071553956701c5.avif?t=1742483806\" width=616 height=96 \/><\/span><br \/>Aby ste boli vyhl\u00e1sen\u00ed za vl\u00e1dcu Siedmich kr\u00e1\u013eovstiev, m\u00e1te 10 k\u00f4l na to, aby ste vyu\u017eili diplomaciu a vojnu vo svoj prospech a ovl\u00e1dli \u010do najviac strategick\u00fdch oblast\u00ed na mape.<br \/>Dob\u00fdvajte opatrne, preto\u017ee va\u0161e zdroje s\u00fa obmedzen\u00e9 a va\u0161e vojsk\u00e1 nie s\u00fa nahradite\u013en\u00e9.  Zhroma\u017edi svoju arm\u00e1du, m\u00fadro pl\u00e1nuj svoje rozkazy a obsadzuj strategick\u00e9 \u00fazemia pomocou pe\u0161iakov, rytierov, obliehac\u00edch strojov a lod\u00ed.<br \/>Po\u010das zm\u00e4tku bitky vyu\u017eite zn\u00e1me postavy zo svojho rodu, aby ste z\u00edskali prevahu a porazili svojich nepriate\u013eov.<\/p>\n<p><span class=\"bb_img_ctn\"><video class=\"bb_img\" autoplay muted loop playsinline poster=\"https:\/\/shared.akamai.steamstatic.com\/store_item_assets\/steam\/apps\/1075190\/extras\/994f1e0fe61610751ba267d6583341bd.poster.avif?t=1742483806\" width=600 height=336 ><source src=\"https:\/\/shared.akamai.steamstatic.com\/store_item_assets\/steam\/apps\/1075190\/extras\/994f1e0fe61610751ba267d6583341bd.webm?t=1742483806\" type=\"video\/webm; codecs=vp9\"><source src=\"https:\/\/shared.akamai.steamstatic.com\/store_item_assets\/steam\/apps\/1075190\/extras\/994f1e0fe61610751ba267d6583341bd.mp4?t=1742483806\" type=\"video\/mp4\"><\/video><\/span><br \/><span class=\"bb_img_ctn\"><img decoding=\"async\" class=\"bb_img\" src=\"https:\/\/shared.akamai.steamstatic.com\/store_item_assets\/steam\/apps\/1075190\/extras\/76dcc168f31f3c26f52a306fa9d4d330.avif?t=1742483806\" width=616 height=74 \/><\/span><br \/><strong>Hra o tr\u00f3ny: Stolov\u00e1 hra \u2013 Digit\u00e1lna ed\u00edcia<\/strong> je hra o vyjedn\u00e1van\u00ed a podv\u00e1dzan\u00ed.<br \/>V ka\u017edom kole tajne pridel\u00edte jeden \u017eet\u00f3n rozkazu ka\u017edej zo svojich arm\u00e1d: s\u013e\u00fabte podporu, pon\u00faknite mier, uzavrite spojenectv\u00e1, zra\u010fte zranite\u013en\u00e9ho spojenca \u2013 rod, ktor\u00fd sa odv\u00e1\u017ei upriami\u0165 svoju pozornos\u0165 na \u017delezn\u00fd tr\u00f3n, mus\u00ed urobi\u0165 mnoho krokov, aby dosiahol svoje ciele.<\/p>\n<p><span class=\"bb_img_ctn\"><video class=\"bb_img\" autoplay muted loop playsinline poster=\"https:\/\/shared.akamai.steamstatic.com\/store_item_assets\/steam\/apps\/1075190\/extras\/e2651bf141d6023bd49198b030e785ce.poster.avif?t=1742483806\" width=600 height=336 ><source src=\"https:\/\/shared.akamai.steamstatic.com\/store_item_assets\/steam\/apps\/1075190\/extras\/e2651bf141d6023bd49198b030e785ce.webm?t=1742483806\" type=\"video\/webm; codecs=vp9\"><source src=\"https:\/\/shared.akamai.steamstatic.com\/store_item_assets\/steam\/apps\/1075190\/extras\/e2651bf141d6023bd49198b030e785ce.mp4?t=1742483806\" type=\"video\/mp4\"><\/video><\/span><\/p>\n<p>Posu\u0148te sa nahor po troch stup\u0148och vplyvu t\u00fdm, \u017ee vsad\u00edte svoje \u0165a\u017eko zaroben\u00e9 \u017eet\u00f3ny moci. Z\u00edskajte \u017delezn\u00fd tr\u00f3n, posla Havrana a \u017eet\u00f3ny z valyrijskej ocele, z ktor\u00fdch ka\u017ed\u00fd v\u00e1m poskytne strategick\u00e9 a soci\u00e1lne v\u00fdhody v hre, aby ste mohli ovl\u00e1da\u0165 s\u00faperiace rody.<br \/>Nezab\u00fadajte v\u0161ak sledova\u0165 dianie za M\u00farom, kde sa zhroma\u017e\u010fuje arm\u00e1da barbarsk\u00fdch divok\u00fdch, aby napadla kontinent! V\u0161etky rody musia spolupracova\u0165, aby nazbierali dostatok \u017eet\u00f3nov moci na posilnenie No\u010dnej hliadky a odrazenie divok\u00fdch, inak by n\u00e1sledky mohli by\u0165 zni\u010duj\u00face&#8230;<br \/><span class=\"bb_img_ctn\"><img decoding=\"async\" class=\"bb_img\" src=\"https:\/\/shared.akamai.steamstatic.com\/store_item_assets\/steam\/apps\/1075190\/extras\/e8b59de5cce905c6158c46e5ddc9512a.avif?t=1742483806\" width=616 height=1033 \/><\/span><\/p>\n","protected":false},"excerpt":{"rendered":"<p>Hra o tr\u00f3ny: Stolov\u00e1 hra \u2013 Digit\u00e1lna ed\u00edcia je digit\u00e1lnou adapt\u00e1ciou najpred\u00e1vanej\u0161ej strategickej stolovej hry od Fantasy Flight Games.<\/p>\n","protected":false},"featured_media":80701,"comment_status":"open","ping_status":"closed","template":"","meta":{"_acf_changed":false},"product_brand":[],"product_cat":[9052,268,266,312,318],"product_tag":[],"class_list":{"0":"post-100997","1":"product","2":"type-product","3":"status-publish","4":"has-post-thumbnail","6":"product_cat-kartove-a-doskove-hry-3","7":"product_cat-pc-sk","8":"product_cat-pc-hry-sk","9":"product_cat-steam-pc-sk","10":"product_cat-strategie-pc-hry-sk","11":"pa_countries-ad","12":"pa_countries-ae","13":"pa_countries-af","14":"pa_countries-ag","15":"pa_countries-ai","16":"pa_countries-al","17":"pa_countries-am","18":"pa_countries-ao","19":"pa_countries-aq","20":"pa_countries-ar","21":"pa_countries-as","22":"pa_countries-at","23":"pa_countries-au","24":"pa_countries-aw","25":"pa_countries-ax","26":"pa_countries-az","27":"pa_countries-ba","28":"pa_countries-bb","29":"pa_countries-bd","30":"pa_countries-be","31":"pa_countries-bf","32":"pa_countries-bg","33":"pa_countries-bh","34":"pa_countries-bi","35":"pa_countries-bj","36":"pa_countries-bl","37":"pa_countries-bm","38":"pa_countries-bn","39":"pa_countries-bo","40":"pa_countries-bq","41":"pa_countries-br","42":"pa_countries-bs","43":"pa_countries-bt","44":"pa_countries-bv","45":"pa_countries-bw","46":"pa_countries-bz","47":"pa_countries-ca","48":"pa_countries-cc","49":"pa_countries-cd","50":"pa_countries-cf","51":"pa_countries-cg","52":"pa_countries-ch","53":"pa_countries-ci","54":"pa_countries-ck","55":"pa_countries-cl","56":"pa_countries-cm","57":"pa_countries-cn","58":"pa_countries-co","59":"pa_countries-cr","60":"pa_countries-cu","61":"pa_countries-cv","62":"pa_countries-cw","63":"pa_countries-cx","64":"pa_countries-cy","65":"pa_countries-cz","66":"pa_countries-de","67":"pa_countries-dj","68":"pa_countries-dk","69":"pa_countries-dm","70":"pa_countries-do","71":"pa_countries-dz","72":"pa_countries-ec","73":"pa_countries-ee","74":"pa_countries-eg","75":"pa_countries-eh","76":"pa_countries-er","77":"pa_countries-es","78":"pa_countries-et","79":"pa_countries-fi","80":"pa_countries-fj","81":"pa_countries-fk","82":"pa_countries-fm","83":"pa_countries-fo","84":"pa_countries-fr","85":"pa_countries-ga","86":"pa_countries-gb","87":"pa_countries-gd","88":"pa_countries-ge","89":"pa_countries-gf","90":"pa_countries-gg","91":"pa_countries-gh","92":"pa_countries-gi","93":"pa_countries-gl","94":"pa_countries-gm","95":"pa_countries-gn","96":"pa_countries-gp","97":"pa_countries-gq","98":"pa_countries-gr","99":"pa_countries-gs","100":"pa_countries-gt","101":"pa_countries-gu","102":"pa_countries-gw","103":"pa_countries-gy","104":"pa_countries-hk","105":"pa_countries-hm","106":"pa_countries-hn","107":"pa_countries-hr","108":"pa_countries-ht","109":"pa_countries-hu","110":"pa_countries-id","111":"pa_countries-ie","112":"pa_countries-il","113":"pa_countries-im","114":"pa_countries-in","115":"pa_countries-io","116":"pa_countries-iq","117":"pa_countries-ir","118":"pa_countries-is","119":"pa_countries-it","120":"pa_countries-je","121":"pa_countries-jm","122":"pa_countries-jo","123":"pa_countries-jp","124":"pa_countries-ke","125":"pa_countries-kg","126":"pa_countries-kh","127":"pa_countries-ki","128":"pa_countries-km","129":"pa_countries-kn","130":"pa_countries-kp","131":"pa_countries-kr","132":"pa_countries-kw","133":"pa_countries-ky","134":"pa_countries-kz","135":"pa_countries-la","136":"pa_countries-lb","137":"pa_countries-lc","138":"pa_countries-li","139":"pa_countries-lk","140":"pa_countries-lr","141":"pa_countries-ls","142":"pa_countries-lt","143":"pa_countries-lu","144":"pa_countries-lv","145":"pa_countries-ly","146":"pa_countries-ma","147":"pa_countries-mc","148":"pa_countries-md","149":"pa_countries-me","150":"pa_countries-mf","151":"pa_countries-mg","152":"pa_countries-mh","153":"pa_countries-mk","154":"pa_countries-ml","155":"pa_countries-mm","156":"pa_countries-mn","157":"pa_countries-mo","158":"pa_countries-mp","159":"pa_countries-mq","160":"pa_countries-mr","161":"pa_countries-ms","162":"pa_countries-mt","163":"pa_countries-mu","164":"pa_countries-mv","165":"pa_countries-mw","166":"pa_countries-mx","167":"pa_countries-my","168":"pa_countries-mz","169":"pa_countries-na","170":"pa_countries-nc","171":"pa_countries-ne","172":"pa_countries-nf","173":"pa_countries-ng","174":"pa_countries-ni","175":"pa_countries-nl","176":"pa_countries-no","177":"pa_countries-np","178":"pa_countries-nr","179":"pa_countries-nu","180":"pa_countries-nz","181":"pa_countries-om","182":"pa_countries-pa","183":"pa_countries-pe","184":"pa_countries-pf","185":"pa_countries-pg","186":"pa_countries-ph","187":"pa_countries-pk","188":"pa_countries-pl","189":"pa_countries-pm","190":"pa_countries-pn","191":"pa_countries-pr","192":"pa_countries-ps","193":"pa_countries-pt","194":"pa_countries-pw","195":"pa_countries-py","196":"pa_countries-qa","197":"pa_countries-re","198":"pa_countries-ro","199":"pa_countries-rs","200":"pa_countries-rw","201":"pa_countries-sa","202":"pa_countries-sb","203":"pa_countries-sc","204":"pa_countries-sd","205":"pa_countries-se","206":"pa_countries-sg","207":"pa_countries-sh","208":"pa_countries-si","209":"pa_countries-sj","210":"pa_countries-sk","211":"pa_countries-sl","212":"pa_countries-sm","213":"pa_countries-sn","214":"pa_countries-so","215":"pa_countries-sr","216":"pa_countries-ss","218":"pa_countries-st","219":"pa_countries-sv","220":"pa_countries-sx","221":"pa_countries-sy","222":"pa_countries-sz","223":"pa_countries-tc","224":"pa_countries-td","225":"pa_countries-tf","226":"pa_countries-tg","227":"pa_countries-th","228":"pa_countries-tj","229":"pa_countries-tk","230":"pa_countries-tl","231":"pa_countries-tm","232":"pa_countries-tn","233":"pa_countries-to","234":"pa_countries-tr","235":"pa_countries-tt","236":"pa_countries-tv","237":"pa_countries-tw","238":"pa_countries-tz","239":"pa_countries-ua","240":"pa_countries-ug","241":"pa_countries-um","242":"pa_countries-us","243":"pa_countries-uy","244":"pa_countries-uz","245":"pa_countries-va","246":"pa_countries-vc","247":"pa_countries-ve","248":"pa_countries-vg","249":"pa_countries-vi","250":"pa_countries-vn","251":"pa_countries-vu","252":"pa_countries-wf","253":"pa_countries-ws","254":"pa_countries-xk","255":"pa_countries-ye","256":"pa_countries-yt","257":"pa_countries-za","258":"pa_countries-zm","259":"pa_countries-zw","260":"pa_developer-dire-wolf-digital","261":"pa_game_type-main_game","263":"pa_genres-card-board-game","265":"pa_genres-strategy","266":"pa_interface-de-de","267":"pa_interface-en-us","268":"pa_interface-es-es","269":"pa_interface-fr-fr","270":"pa_interface-it-it","272":"pa_modes-multiplayer","274":"pa_modes-single-player","275":"pa_platform-pc-steam","277":"pa_player_perspectives-bird-view-isometric","279":"pa_publisher-asmodee-digital","281":"pa_rating-1357","282":"pa_rating-14510","283":"pa_region-global","285":"pa_subtitles-de-de","287":"pa_subtitles-en-us","288":"pa_subtitles-es-es","289":"pa_subtitles-fr-fr","290":"pa_subtitles-it-it","291":"pa_themes-fantasy","294":"first","295":"outofstock","296":"virtual","297":"taxable","298":"purchasable","299":"product-type-simple"},"yoast_head":"<!-- This site is optimized with the Yoast SEO plugin v27.3 - https:\/\/yoast.com\/product\/yoast-seo-wordpress\/ -->\n<title>A Game of Thrones: The Board Game - Digital Edition | BeGamer.cz<\/title>\n<meta name=\"robots\" content=\"index, follow, max-snippet:-1, max-image-preview:large, max-video-preview:-1\" \/>\n<link rel=\"canonical\" href=\"https:\/\/begamer.cz\/sk\/produkt\/a-game-of-thrones-the-board-game-digital-edition-sk\/\" \/>\n<meta property=\"og:locale\" content=\"sk_SK\" \/>\n<meta property=\"og:type\" content=\"article\" \/>\n<meta property=\"og:title\" content=\"A Game of Thrones: The Board Game - Digital Edition | BeGamer.cz\" \/>\n<meta property=\"og:description\" content=\"Hra o tr\u00f3ny: Stolov\u00e1 hra \u2013 Digit\u00e1lna ed\u00edcia je digit\u00e1lnou adapt\u00e1ciou najpred\u00e1vanej\u0161ej strategickej stolovej hry od Fantasy Flight Games.\" \/>\n<meta property=\"og:url\" content=\"https:\/\/begamer.cz\/sk\/produkt\/a-game-of-thrones-the-board-game-digital-edition-sk\/\" \/>\n<meta property=\"og:site_name\" content=\"BeGamer.cz\" \/>\n<meta property=\"article:modified_time\" content=\"2026-03-11T08:13:25+00:00\" \/>\n<meta property=\"og:image\" content=\"https:\/\/begamer.cz\/wp-content\/uploads\/2026\/01\/a-game-of-thrones-the-board-game-digital-edition-7.webp\" \/>\n\t<meta property=\"og:image:width\" content=\"300\" \/>\n\t<meta property=\"og:image:height\" content=\"400\" \/>\n\t<meta property=\"og:image:type\" content=\"image\/webp\" \/>\n<meta name=\"twitter:card\" content=\"summary_large_image\" \/>\n<meta name=\"twitter:label1\" content=\"Predpokladan\u00fd \u010das \u010d\u00edtania\" \/>\n\t<meta name=\"twitter:data1\" content=\"2 min\u00faty\" \/>\n<script type=\"application\/ld+json\" class=\"yoast-schema-graph\">{\"@context\":\"https:\\\/\\\/schema.org\",\"@graph\":[{\"@type\":\"WebPage\",\"@id\":\"https:\\\/\\\/begamer.cz\\\/sk\\\/produkt\\\/a-game-of-thrones-the-board-game-digital-edition-sk\\\/\",\"url\":\"https:\\\/\\\/begamer.cz\\\/sk\\\/produkt\\\/a-game-of-thrones-the-board-game-digital-edition-sk\\\/\",\"name\":\"A Game of Thrones: The Board Game - Digital Edition | BeGamer.cz\",\"isPartOf\":{\"@id\":\"https:\\\/\\\/begamer.cz\\\/sk\\\/#website\"},\"primaryImageOfPage\":{\"@id\":\"https:\\\/\\\/begamer.cz\\\/sk\\\/produkt\\\/a-game-of-thrones-the-board-game-digital-edition-sk\\\/#primaryimage\"},\"image\":{\"@id\":\"https:\\\/\\\/begamer.cz\\\/sk\\\/produkt\\\/a-game-of-thrones-the-board-game-digital-edition-sk\\\/#primaryimage\"},\"thumbnailUrl\":\"https:\\\/\\\/begamer.cz\\\/wp-content\\\/uploads\\\/2026\\\/01\\\/a-game-of-thrones-the-board-game-digital-edition-7.webp\",\"datePublished\":\"2026-01-30T17:20:58+00:00\",\"dateModified\":\"2026-03-11T08:13:25+00:00\",\"breadcrumb\":{\"@id\":\"https:\\\/\\\/begamer.cz\\\/sk\\\/produkt\\\/a-game-of-thrones-the-board-game-digital-edition-sk\\\/#breadcrumb\"},\"inLanguage\":\"sk-SK\",\"potentialAction\":[{\"@type\":\"ReadAction\",\"target\":[\"https:\\\/\\\/begamer.cz\\\/sk\\\/produkt\\\/a-game-of-thrones-the-board-game-digital-edition-sk\\\/\"]}]},{\"@type\":\"ImageObject\",\"inLanguage\":\"sk-SK\",\"@id\":\"https:\\\/\\\/begamer.cz\\\/sk\\\/produkt\\\/a-game-of-thrones-the-board-game-digital-edition-sk\\\/#primaryimage\",\"url\":\"https:\\\/\\\/begamer.cz\\\/wp-content\\\/uploads\\\/2026\\\/01\\\/a-game-of-thrones-the-board-game-digital-edition-7.webp\",\"contentUrl\":\"https:\\\/\\\/begamer.cz\\\/wp-content\\\/uploads\\\/2026\\\/01\\\/a-game-of-thrones-the-board-game-digital-edition-7.webp\",\"width\":300,\"height\":400},{\"@type\":\"BreadcrumbList\",\"@id\":\"https:\\\/\\\/begamer.cz\\\/sk\\\/produkt\\\/a-game-of-thrones-the-board-game-digital-edition-sk\\\/#breadcrumb\",\"itemListElement\":[{\"@type\":\"ListItem\",\"position\":1,\"name\":\"Domov\",\"item\":\"https:\\\/\\\/begamer.cz\\\/sk\\\/\"},{\"@type\":\"ListItem\",\"position\":2,\"name\":\"Obchod\",\"item\":\"https:\\\/\\\/begamer.cz\\\/obchod\\\/\"},{\"@type\":\"ListItem\",\"position\":3,\"name\":\"A Game of Thrones: The Board Game &#8211; Digital Edition\"}]},{\"@type\":\"WebSite\",\"@id\":\"https:\\\/\\\/begamer.cz\\\/sk\\\/#website\",\"url\":\"https:\\\/\\\/begamer.cz\\\/sk\\\/\",\"name\":\"BeGamer.cz\",\"description\":\"\",\"publisher\":{\"@id\":\"https:\\\/\\\/begamer.cz\\\/sk\\\/#organization\"},\"potentialAction\":[{\"@type\":\"SearchAction\",\"target\":{\"@type\":\"EntryPoint\",\"urlTemplate\":\"https:\\\/\\\/begamer.cz\\\/sk\\\/?s={search_term_string}\"},\"query-input\":{\"@type\":\"PropertyValueSpecification\",\"valueRequired\":true,\"valueName\":\"search_term_string\"}}],\"inLanguage\":\"sk-SK\"},{\"@type\":\"Organization\",\"@id\":\"https:\\\/\\\/begamer.cz\\\/sk\\\/#organization\",\"name\":\"BeGamer.cz\",\"url\":\"https:\\\/\\\/begamer.cz\\\/sk\\\/\",\"logo\":{\"@type\":\"ImageObject\",\"inLanguage\":\"sk-SK\",\"@id\":\"https:\\\/\\\/begamer.cz\\\/sk\\\/#\\\/schema\\\/logo\\\/image\\\/\",\"url\":\"https:\\\/\\\/begamer.cz\\\/wp-content\\\/uploads\\\/2025\\\/07\\\/logo.svg\",\"contentUrl\":\"https:\\\/\\\/begamer.cz\\\/wp-content\\\/uploads\\\/2025\\\/07\\\/logo.svg\",\"caption\":\"BeGamer.cz\"},\"image\":{\"@id\":\"https:\\\/\\\/begamer.cz\\\/sk\\\/#\\\/schema\\\/logo\\\/image\\\/\"}}]}<\/script>\n<!-- \/ Yoast SEO plugin. -->","yoast_head_json":{"title":"A Game of Thrones: The Board Game - Digital Edition | BeGamer.cz","robots":{"index":"index","follow":"follow","max-snippet":"max-snippet:-1","max-image-preview":"max-image-preview:large","max-video-preview":"max-video-preview:-1"},"canonical":"https:\/\/begamer.cz\/sk\/produkt\/a-game-of-thrones-the-board-game-digital-edition-sk\/","og_locale":"sk_SK","og_type":"article","og_title":"A Game of Thrones: The Board Game - Digital Edition | BeGamer.cz","og_description":"Hra o tr\u00f3ny: Stolov\u00e1 hra \u2013 Digit\u00e1lna ed\u00edcia je digit\u00e1lnou adapt\u00e1ciou najpred\u00e1vanej\u0161ej strategickej stolovej hry od Fantasy Flight Games.","og_url":"https:\/\/begamer.cz\/sk\/produkt\/a-game-of-thrones-the-board-game-digital-edition-sk\/","og_site_name":"BeGamer.cz","article_modified_time":"2026-03-11T08:13:25+00:00","og_image":[{"width":300,"height":400,"url":"https:\/\/begamer.cz\/wp-content\/uploads\/2026\/01\/a-game-of-thrones-the-board-game-digital-edition-7.webp","type":"image\/webp"}],"twitter_card":"summary_large_image","twitter_misc":{"Predpokladan\u00fd \u010das \u010d\u00edtania":"2 min\u00faty"},"schema":{"@context":"https:\/\/schema.org","@graph":[{"@type":"WebPage","@id":"https:\/\/begamer.cz\/sk\/produkt\/a-game-of-thrones-the-board-game-digital-edition-sk\/","url":"https:\/\/begamer.cz\/sk\/produkt\/a-game-of-thrones-the-board-game-digital-edition-sk\/","name":"A Game of Thrones: The Board Game - Digital Edition | BeGamer.cz","isPartOf":{"@id":"https:\/\/begamer.cz\/sk\/#website"},"primaryImageOfPage":{"@id":"https:\/\/begamer.cz\/sk\/produkt\/a-game-of-thrones-the-board-game-digital-edition-sk\/#primaryimage"},"image":{"@id":"https:\/\/begamer.cz\/sk\/produkt\/a-game-of-thrones-the-board-game-digital-edition-sk\/#primaryimage"},"thumbnailUrl":"https:\/\/begamer.cz\/wp-content\/uploads\/2026\/01\/a-game-of-thrones-the-board-game-digital-edition-7.webp","datePublished":"2026-01-30T17:20:58+00:00","dateModified":"2026-03-11T08:13:25+00:00","breadcrumb":{"@id":"https:\/\/begamer.cz\/sk\/produkt\/a-game-of-thrones-the-board-game-digital-edition-sk\/#breadcrumb"},"inLanguage":"sk-SK","potentialAction":[{"@type":"ReadAction","target":["https:\/\/begamer.cz\/sk\/produkt\/a-game-of-thrones-the-board-game-digital-edition-sk\/"]}]},{"@type":"ImageObject","inLanguage":"sk-SK","@id":"https:\/\/begamer.cz\/sk\/produkt\/a-game-of-thrones-the-board-game-digital-edition-sk\/#primaryimage","url":"https:\/\/begamer.cz\/wp-content\/uploads\/2026\/01\/a-game-of-thrones-the-board-game-digital-edition-7.webp","contentUrl":"https:\/\/begamer.cz\/wp-content\/uploads\/2026\/01\/a-game-of-thrones-the-board-game-digital-edition-7.webp","width":300,"height":400},{"@type":"BreadcrumbList","@id":"https:\/\/begamer.cz\/sk\/produkt\/a-game-of-thrones-the-board-game-digital-edition-sk\/#breadcrumb","itemListElement":[{"@type":"ListItem","position":1,"name":"Domov","item":"https:\/\/begamer.cz\/sk\/"},{"@type":"ListItem","position":2,"name":"Obchod","item":"https:\/\/begamer.cz\/obchod\/"},{"@type":"ListItem","position":3,"name":"A Game of Thrones: The Board Game &#8211; Digital Edition"}]},{"@type":"WebSite","@id":"https:\/\/begamer.cz\/sk\/#website","url":"https:\/\/begamer.cz\/sk\/","name":"BeGamer.cz","description":"","publisher":{"@id":"https:\/\/begamer.cz\/sk\/#organization"},"potentialAction":[{"@type":"SearchAction","target":{"@type":"EntryPoint","urlTemplate":"https:\/\/begamer.cz\/sk\/?s={search_term_string}"},"query-input":{"@type":"PropertyValueSpecification","valueRequired":true,"valueName":"search_term_string"}}],"inLanguage":"sk-SK"},{"@type":"Organization","@id":"https:\/\/begamer.cz\/sk\/#organization","name":"BeGamer.cz","url":"https:\/\/begamer.cz\/sk\/","logo":{"@type":"ImageObject","inLanguage":"sk-SK","@id":"https:\/\/begamer.cz\/sk\/#\/schema\/logo\/image\/","url":"https:\/\/begamer.cz\/wp-content\/uploads\/2025\/07\/logo.svg","contentUrl":"https:\/\/begamer.cz\/wp-content\/uploads\/2025\/07\/logo.svg","caption":"BeGamer.cz"},"image":{"@id":"https:\/\/begamer.cz\/sk\/#\/schema\/logo\/image\/"}}]}},"acf":[],"_links":{"self":[{"href":"https:\/\/begamer.cz\/sk\/wp-json\/wp\/v2\/product\/100997","targetHints":{"allow":["GET"]}}],"collection":[{"href":"https:\/\/begamer.cz\/sk\/wp-json\/wp\/v2\/product"}],"about":[{"href":"https:\/\/begamer.cz\/sk\/wp-json\/wp\/v2\/types\/product"}],"replies":[{"embeddable":true,"href":"https:\/\/begamer.cz\/sk\/wp-json\/wp\/v2\/comments?post=100997"}],"wp:featuredmedia":[{"embeddable":true,"href":"https:\/\/begamer.cz\/sk\/wp-json\/wp\/v2\/media\/80701"}],"wp:attachment":[{"href":"https:\/\/begamer.cz\/sk\/wp-json\/wp\/v2\/media?parent=100997"}],"wp:term":[{"taxonomy":"product_brand","embeddable":true,"href":"https:\/\/begamer.cz\/sk\/wp-json\/wp\/v2\/product_brand?post=100997"},{"taxonomy":"product_cat","embeddable":true,"href":"https:\/\/begamer.cz\/sk\/wp-json\/wp\/v2\/product_cat?post=100997"},{"taxonomy":"product_tag","embeddable":true,"href":"https:\/\/begamer.cz\/sk\/wp-json\/wp\/v2\/product_tag?post=100997"}],"curies":[{"name":"wp","href":"https:\/\/api.w.org\/{rel}","templated":true}]}}