{"id":100973,"date":"2026-01-30T18:20:27","date_gmt":"2026-01-30T17:20:27","guid":{"rendered":"https:\/\/begamer.cz\/produkt\/w-a-n-d-project-sk\/"},"modified":"2026-03-11T09:12:22","modified_gmt":"2026-03-11T08:12:22","slug":"w-a-n-d-project-sk","status":"publish","type":"product","link":"https:\/\/begamer.cz\/sk\/produkt\/w-a-n-d-project-sk\/","title":{"rendered":"W.A.N.D. Project"},"content":{"rendered":"<p><span class=\"bb_img_ctn\"><video class=\"bb_img\" autoplay muted loop playsinline poster=\"https:\/\/shared.akamai.steamstatic.com\/store_item_assets\/steam\/apps\/2581750\/extras\/e942672a4631d8e284377a4fdbdc915b.poster.avif?t=1758010337\" width=600 height=188 ><source src=\"https:\/\/shared.akamai.steamstatic.com\/store_item_assets\/steam\/apps\/2581750\/extras\/e942672a4631d8e284377a4fdbdc915b.webm?t=1758010337\" type=\"video\/webm; codecs=vp9\"><source src=\"https:\/\/shared.akamai.steamstatic.com\/store_item_assets\/steam\/apps\/2581750\/extras\/e942672a4631d8e284377a4fdbdc915b.mp4?t=1758010337\" type=\"video\/mp4\"><\/video><\/span><\/p>\n<p>Vytvorte ako japonsk\u00e1 \u010darodejnica ovl\u00e1daj\u00faca m\u00e1giu k\u00fazla, ktor\u00e9 otriasaj\u00fa hrou. Vyh\u00fdbajte sa a ni\u010d\u00edte vlny mimozemsk\u00fdch mon\u0161tier, zatia\u013e \u010do br\u00e1nite futuristick\u00e9 Tokio.<\/p>\n<p><strong>Pre fan\u00fa\u0161ikov hier Vampire Survivors, Brotato a Death Must Die.<\/strong><br \/><span class=\"bb_img_ctn\"><img decoding=\"async\" class=\"bb_img\" src=\"https:\/\/shared.akamai.steamstatic.com\/store_item_assets\/steam\/apps\/2581750\/extras\/a95822aca39e5fef37b58ce22e985ee6.avif?t=1758010337\" width=616 height=118 \/><\/span><br \/>Rad\u0161ej strie\u013eate r\u00fdchle, neust\u00e1le salvy sonick\u00fdch \u0161\u00edpov? Alebo by ste rad\u0161ej vytvorili pomal\u0161iu, silnej\u0161iu ohniv\u00fa gu\u013eu, ktor\u00e1 sa rozpt\u00fdli do bleskov? S viac ako 100 r\u00f4znymi magick\u00fdmi prvkami, ktor\u00e9 m\u00f4\u017eete kombinova\u0165, s\u00fa kombin\u00e1cie a mo\u017enosti takmer nekone\u010dn\u00e9.<\/p>\n<p><span class=\"bb_img_ctn\"><video class=\"bb_img\" autoplay muted loop playsinline poster=\"https:\/\/shared.akamai.steamstatic.com\/store_item_assets\/steam\/apps\/2581750\/extras\/51fd7d3d10132b5c0bdfee93783a0e20.poster.avif?t=1758010337\" width=600 height=188 ><source src=\"https:\/\/shared.akamai.steamstatic.com\/store_item_assets\/steam\/apps\/2581750\/extras\/51fd7d3d10132b5c0bdfee93783a0e20.webm?t=1758010337\" type=\"video\/webm; codecs=vp9\"><source src=\"https:\/\/shared.akamai.steamstatic.com\/store_item_assets\/steam\/apps\/2581750\/extras\/51fd7d3d10132b5c0bdfee93783a0e20.mp4?t=1758010337\" type=\"video\/mp4\"><\/video><\/span><\/p>\n<p>Experimentujte, u\u010dte sa a prisp\u00f4sobujte sa pri ka\u017edom behu. Odomknite nov\u00e9 \u010darovn\u00e9 pr\u00fatiky a \u010darodejnice, aby ste mohli zvl\u00e1dnu\u0165 ka\u017ed\u00fa meniacu sa mapu.<br \/><span class=\"bb_img_ctn\"><img decoding=\"async\" class=\"bb_img\" src=\"https:\/\/shared.akamai.steamstatic.com\/store_item_assets\/steam\/apps\/2581750\/extras\/abe4fb740c84d1fdee4d34db7b59878e.avif?t=1758010337\" width=616 height=118 \/><\/span><\/p>\n<ul class=\"bb_ul\">\n<li>Unik\u00e1tny syst\u00e9m tvorby k\u00faziel, ktor\u00fd umo\u017e\u0148uje vytv\u00e1ra\u0165 takmer neobmedzen\u00e9 kombin\u00e1cie k\u00faziel<\/li>\n<li>Viac magick\u00fdch prvkov a variantov na tvorbu k\u00faziel, v\u010faka \u010domu sa \u017eiadne dve hry nezdaj\u00fa rovnak\u00e9<\/li>\n<li>Odomknite a hrajte za r\u00f4zne nov\u00e9 \u010darodejnice, z ktor\u00fdch ka\u017ed\u00e1 m\u00e1 svoje vlastn\u00e9 jedine\u010dn\u00e9 \u0161tatistiky a schopnosti<\/li>\n<li>Objavujte a vybavenie sa nov\u00fdmi mocn\u00fdmi pr\u00fatikmi, z ktor\u00fdch ka\u017ed\u00fd m\u00e1 svoje vlastn\u00e9 \u0161peci\u00e1lne schopnosti a vylep\u0161enia<\/li>\n<li>Vyberte si medzi automatick\u00fdm alebo manu\u00e1lnym re\u017eimom mierenia a stre\u013eby<\/li>\n<li>Ka\u017ed\u00e1 mapa men\u00ed hrate\u013enos\u0165 s odli\u0161n\u00fdm vzh\u013eadom, typmi nepriate\u013eov a cie\u013emi<\/li>\n<li>Super r\u00fdchle a n\u00e1vykov\u00e9 hry<\/li>\n<\/ul>\n","protected":false},"excerpt":{"rendered":"<p>R\u00fdchla roguelike strie\u013ea\u010dka s hlbok\u00fdm a jedine\u010dn\u00fdm syst\u00e9mom tvorby k\u00faziel. Vytv\u00e1rajte a pou\u017e\u00edvajte nesmierne siln\u00e9 k\u00fazla, ktor\u00e9 m\u00f4\u017eu zmeni\u0165 priebeh hry, kombinovan\u00edm mno\u017estva magick\u00fdch prvkov. Br\u00e1\u0148te Tokio pred inv\u00e1ziou mon\u0161tier pomocou m\u00e1gie, reflexov a kombin\u00e1ci\u00ed, ktor\u00e9 m\u00f4\u017eu zmeni\u0165 priebeh hry.<\/p>\n","protected":false},"featured_media":80590,"comment_status":"open","ping_status":"closed","template":"","meta":{"_acf_changed":false},"product_brand":[],"product_cat":[274,290,268,266,312,9064],"product_tag":[],"class_list":{"0":"post-100973","1":"product","2":"type-product","3":"status-publish","4":"has-post-thumbnail","6":"product_cat-arkady-pc-hry-sk","7":"product_cat-indie-hry-pc-sk","8":"product_cat-pc-sk","9":"product_cat-pc-hry-sk","10":"product_cat-steam-pc-sk","11":"product_cat-strielacky-3","12":"pa_audio-en-us","14":"pa_developer-the-knights-of-unity","15":"pa_engine-unity","17":"pa_game_type-main_game","19":"pa_genres-arcade","21":"pa_genres-fighting","23":"pa_genres-indie","24":"pa_genres-shooter","25":"pa_interface-de-de","26":"pa_interface-en-us","27":"pa_interface-es-mx","28":"pa_interface-fr-fr","29":"pa_interface-ja-jp","30":"pa_interface-ko-kr","32":"pa_interface-pt-br","34":"pa_interface-zh-cn","35":"pa_keywords-action-roguelike","36":"pa_keywords-anime","38":"pa_keywords-bullet-hell","39":"pa_keywords-female-protagonist","40":"pa_keywords-roguelike","42":"pa_modes-single-player","44":"pa_pegi-772","45":"pa_pegi-13424","46":"pa_platform-pc-steam","48":"pa_player_perspectives-bird-view-isometric","50":"pa_publisher-untold-tales","52":"pa_rating-14441","53":"pa_rating-773","54":"pa_region-global","56":"pa_subtitles-de-de","58":"pa_subtitles-en-us","59":"pa_subtitles-es-mx","60":"pa_subtitles-fr-fr","61":"pa_subtitles-ja-jp","62":"pa_subtitles-ko-kr","63":"pa_subtitles-pt-br","65":"pa_subtitles-zh-cn","66":"pa_themes-action","68":"pa_themes-fantasy","71":"first","72":"instock","73":"virtual","74":"taxable","75":"purchasable","76":"product-type-simple"},"yoast_head":"<!-- This site is optimized with the Yoast SEO plugin v27.3 - https:\/\/yoast.com\/product\/yoast-seo-wordpress\/ -->\n<title>W.A.N.D. Project | BeGamer.cz<\/title>\n<meta name=\"robots\" content=\"index, follow, max-snippet:-1, max-image-preview:large, max-video-preview:-1\" \/>\n<link rel=\"canonical\" href=\"https:\/\/begamer.cz\/sk\/produkt\/w-a-n-d-project-sk\/\" \/>\n<meta property=\"og:locale\" content=\"sk_SK\" \/>\n<meta property=\"og:type\" content=\"article\" \/>\n<meta property=\"og:title\" content=\"W.A.N.D. Project | BeGamer.cz\" \/>\n<meta property=\"og:description\" content=\"R\u00fdchla roguelike strie\u013ea\u010dka s hlbok\u00fdm a jedine\u010dn\u00fdm syst\u00e9mom tvorby k\u00faziel. Vytv\u00e1rajte a pou\u017e\u00edvajte nesmierne siln\u00e9 k\u00fazla, ktor\u00e9 m\u00f4\u017eu zmeni\u0165 priebeh hry, kombinovan\u00edm mno\u017estva magick\u00fdch prvkov. Br\u00e1\u0148te Tokio pred inv\u00e1ziou mon\u0161tier pomocou m\u00e1gie, reflexov a kombin\u00e1ci\u00ed, ktor\u00e9 m\u00f4\u017eu zmeni\u0165 priebeh hry.\" \/>\n<meta property=\"og:url\" content=\"https:\/\/begamer.cz\/sk\/produkt\/w-a-n-d-project-sk\/\" \/>\n<meta property=\"og:site_name\" content=\"BeGamer.cz\" \/>\n<meta property=\"article:modified_time\" content=\"2026-03-11T08:12:22+00:00\" \/>\n<meta property=\"og:image\" content=\"https:\/\/begamer.cz\/wp-content\/uploads\/2026\/01\/wand-project-6.webp\" \/>\n\t<meta property=\"og:image:width\" content=\"300\" \/>\n\t<meta property=\"og:image:height\" content=\"400\" \/>\n\t<meta property=\"og:image:type\" content=\"image\/webp\" \/>\n<meta name=\"twitter:card\" content=\"summary_large_image\" \/>\n<meta name=\"twitter:label1\" content=\"Predpokladan\u00fd \u010das \u010d\u00edtania\" \/>\n\t<meta name=\"twitter:data1\" content=\"1 min\u00fata\" \/>\n<script type=\"application\/ld+json\" class=\"yoast-schema-graph\">{\"@context\":\"https:\\\/\\\/schema.org\",\"@graph\":[{\"@type\":\"WebPage\",\"@id\":\"https:\\\/\\\/begamer.cz\\\/sk\\\/produkt\\\/w-a-n-d-project-sk\\\/\",\"url\":\"https:\\\/\\\/begamer.cz\\\/sk\\\/produkt\\\/w-a-n-d-project-sk\\\/\",\"name\":\"W.A.N.D. Project | BeGamer.cz\",\"isPartOf\":{\"@id\":\"https:\\\/\\\/begamer.cz\\\/sk\\\/#website\"},\"primaryImageOfPage\":{\"@id\":\"https:\\\/\\\/begamer.cz\\\/sk\\\/produkt\\\/w-a-n-d-project-sk\\\/#primaryimage\"},\"image\":{\"@id\":\"https:\\\/\\\/begamer.cz\\\/sk\\\/produkt\\\/w-a-n-d-project-sk\\\/#primaryimage\"},\"thumbnailUrl\":\"https:\\\/\\\/begamer.cz\\\/wp-content\\\/uploads\\\/2026\\\/01\\\/wand-project-6.webp\",\"datePublished\":\"2026-01-30T17:20:27+00:00\",\"dateModified\":\"2026-03-11T08:12:22+00:00\",\"breadcrumb\":{\"@id\":\"https:\\\/\\\/begamer.cz\\\/sk\\\/produkt\\\/w-a-n-d-project-sk\\\/#breadcrumb\"},\"inLanguage\":\"sk-SK\",\"potentialAction\":[{\"@type\":\"ReadAction\",\"target\":[\"https:\\\/\\\/begamer.cz\\\/sk\\\/produkt\\\/w-a-n-d-project-sk\\\/\"]}]},{\"@type\":\"ImageObject\",\"inLanguage\":\"sk-SK\",\"@id\":\"https:\\\/\\\/begamer.cz\\\/sk\\\/produkt\\\/w-a-n-d-project-sk\\\/#primaryimage\",\"url\":\"https:\\\/\\\/begamer.cz\\\/wp-content\\\/uploads\\\/2026\\\/01\\\/wand-project-6.webp\",\"contentUrl\":\"https:\\\/\\\/begamer.cz\\\/wp-content\\\/uploads\\\/2026\\\/01\\\/wand-project-6.webp\",\"width\":300,\"height\":400},{\"@type\":\"BreadcrumbList\",\"@id\":\"https:\\\/\\\/begamer.cz\\\/sk\\\/produkt\\\/w-a-n-d-project-sk\\\/#breadcrumb\",\"itemListElement\":[{\"@type\":\"ListItem\",\"position\":1,\"name\":\"Domov\",\"item\":\"https:\\\/\\\/begamer.cz\\\/sk\\\/\"},{\"@type\":\"ListItem\",\"position\":2,\"name\":\"Obchod\",\"item\":\"https:\\\/\\\/begamer.cz\\\/obchod\\\/\"},{\"@type\":\"ListItem\",\"position\":3,\"name\":\"W.A.N.D. Project\"}]},{\"@type\":\"WebSite\",\"@id\":\"https:\\\/\\\/begamer.cz\\\/sk\\\/#website\",\"url\":\"https:\\\/\\\/begamer.cz\\\/sk\\\/\",\"name\":\"BeGamer.cz\",\"description\":\"\",\"publisher\":{\"@id\":\"https:\\\/\\\/begamer.cz\\\/sk\\\/#organization\"},\"potentialAction\":[{\"@type\":\"SearchAction\",\"target\":{\"@type\":\"EntryPoint\",\"urlTemplate\":\"https:\\\/\\\/begamer.cz\\\/sk\\\/?s={search_term_string}\"},\"query-input\":{\"@type\":\"PropertyValueSpecification\",\"valueRequired\":true,\"valueName\":\"search_term_string\"}}],\"inLanguage\":\"sk-SK\"},{\"@type\":\"Organization\",\"@id\":\"https:\\\/\\\/begamer.cz\\\/sk\\\/#organization\",\"name\":\"BeGamer.cz\",\"url\":\"https:\\\/\\\/begamer.cz\\\/sk\\\/\",\"logo\":{\"@type\":\"ImageObject\",\"inLanguage\":\"sk-SK\",\"@id\":\"https:\\\/\\\/begamer.cz\\\/sk\\\/#\\\/schema\\\/logo\\\/image\\\/\",\"url\":\"https:\\\/\\\/begamer.cz\\\/wp-content\\\/uploads\\\/2025\\\/07\\\/logo.svg\",\"contentUrl\":\"https:\\\/\\\/begamer.cz\\\/wp-content\\\/uploads\\\/2025\\\/07\\\/logo.svg\",\"caption\":\"BeGamer.cz\"},\"image\":{\"@id\":\"https:\\\/\\\/begamer.cz\\\/sk\\\/#\\\/schema\\\/logo\\\/image\\\/\"}}]}<\/script>\n<!-- \/ Yoast SEO plugin. -->","yoast_head_json":{"title":"W.A.N.D. Project | BeGamer.cz","robots":{"index":"index","follow":"follow","max-snippet":"max-snippet:-1","max-image-preview":"max-image-preview:large","max-video-preview":"max-video-preview:-1"},"canonical":"https:\/\/begamer.cz\/sk\/produkt\/w-a-n-d-project-sk\/","og_locale":"sk_SK","og_type":"article","og_title":"W.A.N.D. Project | BeGamer.cz","og_description":"R\u00fdchla roguelike strie\u013ea\u010dka s hlbok\u00fdm a jedine\u010dn\u00fdm syst\u00e9mom tvorby k\u00faziel. Vytv\u00e1rajte a pou\u017e\u00edvajte nesmierne siln\u00e9 k\u00fazla, ktor\u00e9 m\u00f4\u017eu zmeni\u0165 priebeh hry, kombinovan\u00edm mno\u017estva magick\u00fdch prvkov. Br\u00e1\u0148te Tokio pred inv\u00e1ziou mon\u0161tier pomocou m\u00e1gie, reflexov a kombin\u00e1ci\u00ed, ktor\u00e9 m\u00f4\u017eu zmeni\u0165 priebeh hry.","og_url":"https:\/\/begamer.cz\/sk\/produkt\/w-a-n-d-project-sk\/","og_site_name":"BeGamer.cz","article_modified_time":"2026-03-11T08:12:22+00:00","og_image":[{"width":300,"height":400,"url":"https:\/\/begamer.cz\/wp-content\/uploads\/2026\/01\/wand-project-6.webp","type":"image\/webp"}],"twitter_card":"summary_large_image","twitter_misc":{"Predpokladan\u00fd \u010das \u010d\u00edtania":"1 min\u00fata"},"schema":{"@context":"https:\/\/schema.org","@graph":[{"@type":"WebPage","@id":"https:\/\/begamer.cz\/sk\/produkt\/w-a-n-d-project-sk\/","url":"https:\/\/begamer.cz\/sk\/produkt\/w-a-n-d-project-sk\/","name":"W.A.N.D. Project | BeGamer.cz","isPartOf":{"@id":"https:\/\/begamer.cz\/sk\/#website"},"primaryImageOfPage":{"@id":"https:\/\/begamer.cz\/sk\/produkt\/w-a-n-d-project-sk\/#primaryimage"},"image":{"@id":"https:\/\/begamer.cz\/sk\/produkt\/w-a-n-d-project-sk\/#primaryimage"},"thumbnailUrl":"https:\/\/begamer.cz\/wp-content\/uploads\/2026\/01\/wand-project-6.webp","datePublished":"2026-01-30T17:20:27+00:00","dateModified":"2026-03-11T08:12:22+00:00","breadcrumb":{"@id":"https:\/\/begamer.cz\/sk\/produkt\/w-a-n-d-project-sk\/#breadcrumb"},"inLanguage":"sk-SK","potentialAction":[{"@type":"ReadAction","target":["https:\/\/begamer.cz\/sk\/produkt\/w-a-n-d-project-sk\/"]}]},{"@type":"ImageObject","inLanguage":"sk-SK","@id":"https:\/\/begamer.cz\/sk\/produkt\/w-a-n-d-project-sk\/#primaryimage","url":"https:\/\/begamer.cz\/wp-content\/uploads\/2026\/01\/wand-project-6.webp","contentUrl":"https:\/\/begamer.cz\/wp-content\/uploads\/2026\/01\/wand-project-6.webp","width":300,"height":400},{"@type":"BreadcrumbList","@id":"https:\/\/begamer.cz\/sk\/produkt\/w-a-n-d-project-sk\/#breadcrumb","itemListElement":[{"@type":"ListItem","position":1,"name":"Domov","item":"https:\/\/begamer.cz\/sk\/"},{"@type":"ListItem","position":2,"name":"Obchod","item":"https:\/\/begamer.cz\/obchod\/"},{"@type":"ListItem","position":3,"name":"W.A.N.D. Project"}]},{"@type":"WebSite","@id":"https:\/\/begamer.cz\/sk\/#website","url":"https:\/\/begamer.cz\/sk\/","name":"BeGamer.cz","description":"","publisher":{"@id":"https:\/\/begamer.cz\/sk\/#organization"},"potentialAction":[{"@type":"SearchAction","target":{"@type":"EntryPoint","urlTemplate":"https:\/\/begamer.cz\/sk\/?s={search_term_string}"},"query-input":{"@type":"PropertyValueSpecification","valueRequired":true,"valueName":"search_term_string"}}],"inLanguage":"sk-SK"},{"@type":"Organization","@id":"https:\/\/begamer.cz\/sk\/#organization","name":"BeGamer.cz","url":"https:\/\/begamer.cz\/sk\/","logo":{"@type":"ImageObject","inLanguage":"sk-SK","@id":"https:\/\/begamer.cz\/sk\/#\/schema\/logo\/image\/","url":"https:\/\/begamer.cz\/wp-content\/uploads\/2025\/07\/logo.svg","contentUrl":"https:\/\/begamer.cz\/wp-content\/uploads\/2025\/07\/logo.svg","caption":"BeGamer.cz"},"image":{"@id":"https:\/\/begamer.cz\/sk\/#\/schema\/logo\/image\/"}}]}},"acf":[],"_links":{"self":[{"href":"https:\/\/begamer.cz\/sk\/wp-json\/wp\/v2\/product\/100973","targetHints":{"allow":["GET"]}}],"collection":[{"href":"https:\/\/begamer.cz\/sk\/wp-json\/wp\/v2\/product"}],"about":[{"href":"https:\/\/begamer.cz\/sk\/wp-json\/wp\/v2\/types\/product"}],"replies":[{"embeddable":true,"href":"https:\/\/begamer.cz\/sk\/wp-json\/wp\/v2\/comments?post=100973"}],"wp:featuredmedia":[{"embeddable":true,"href":"https:\/\/begamer.cz\/sk\/wp-json\/wp\/v2\/media\/80590"}],"wp:attachment":[{"href":"https:\/\/begamer.cz\/sk\/wp-json\/wp\/v2\/media?parent=100973"}],"wp:term":[{"taxonomy":"product_brand","embeddable":true,"href":"https:\/\/begamer.cz\/sk\/wp-json\/wp\/v2\/product_brand?post=100973"},{"taxonomy":"product_cat","embeddable":true,"href":"https:\/\/begamer.cz\/sk\/wp-json\/wp\/v2\/product_cat?post=100973"},{"taxonomy":"product_tag","embeddable":true,"href":"https:\/\/begamer.cz\/sk\/wp-json\/wp\/v2\/product_tag?post=100973"}],"curies":[{"name":"wp","href":"https:\/\/api.w.org\/{rel}","templated":true}]}}