{"id":100922,"date":"2026-01-30T18:19:17","date_gmt":"2026-01-30T17:19:17","guid":{"rendered":"https:\/\/begamer.cz\/produkt\/new-arc-line-sk\/"},"modified":"2026-03-11T09:08:40","modified_gmt":"2026-03-11T08:08:40","slug":"new-arc-line-sk","status":"publish","type":"product","link":"https:\/\/begamer.cz\/sk\/produkt\/new-arc-line-sk\/","title":{"rendered":"New Arc Line"},"content":{"rendered":"<p class=\"bb_paragraph\" style=\"text-align: center\"><span class=\"bb_img_ctn\"><img loading=\"lazy\" decoding=\"async\" class=\"bb_img\" src=\"https:\/\/shared.akamai.steamstatic.com\/store_item_assets\/steam\/apps\/2458310\/extras\/0e543c299bed24e1aff48aa880ac7dc0.avif?t=1760694520\" width=\"614\" height=\"198\" \/><\/span><\/p>\n<p class=\"bb_paragraph\">Na obzore sa rysuje Nov\u00fd svet, na jeho brehu \u017eiariace mesto pokroku a posledn\u00e1 iskra n\u00e1deje vo va\u0161om h\u013eadan\u00ed lieku na smrte\u013en\u00fa chorobu va\u0161ej rodiny \u2013 New Arc. Do tejto cudzej krajiny prich\u00e1dzate na palube parn\u00edka, stiesnen\u00ed medzi tis\u00edckami in\u00fdch pris\u0165ahovalcov, ako cudzinec v cudzej krajine, pln\u00fd \u00fa\u017easu. \u010coskoro v\u0161ak zist\u00edte, \u017ee kr\u00e1sa mesta je len povrchn\u00e1 a pod zlatou fas\u00e1dou n\u00e1jdete len hnilobu. <\/p>\n<p class=\"bb_paragraph\">\n<p class=\"bb_paragraph\">Tmav\u00fd dym z tov\u00e1rn\u00ed dus\u00ed oblohu, segreg\u00e1cia, nerovnos\u0165 a korupcia s\u00fa na dennom poriadku. Ak chcete uspie\u0165, budete musie\u0165 vyst\u00fapi\u0165 z \u00fapln\u00e9ho dna, robi\u0165 \u0165a\u017ek\u00e9 rozhodnutia a za\u0161pini\u0165 si ruky \u2013 a mus\u00edte, bez oh\u013eadu na cenu!   <\/p>\n<p class=\"bb_paragraph\">\n<p class=\"bb_paragraph\">Vytvorte si technopunkov\u00e9 vybavenie alebo ovl\u00e1dnite tajomn\u00e9 umenie, bojujte, kradnite alebo sa vyhovorte na vrchol a sta\u0148te sa hrdinom alebo zloduchom, ktor\u00fdm chcete by\u0165. Nebudete v\u0161ak musie\u0165 \u010deli\u0165 sk\u00fa\u0161kam tohto sveta sami; n\u00e1jdite si spolo\u010dn\u00edkov a zhroma\u017edite svoju skupinu, nadvia\u017ete nepriate\u013estv\u00e1 a spojenectv\u00e1, zamilujte sa, zapojte sa do obrovsk\u00e9ho sprisahania a nav\u017edy zmen\u00edte chod hist\u00f3rie.<\/p>\n<p class=\"bb_paragraph\">\n<p class=\"bb_paragraph\">Bude\u0161 na v\u00fd\u0161ku situ\u00e1cie? <\/p>\n<p class=\"bb_paragraph\">\n<p class=\"bb_paragraph\" style=\"text-align: center\"><span class=\"bb_img_ctn\"><video class=\"bb_img\" autoplay muted loop playsinline poster=\"https:\/\/shared.akamai.steamstatic.com\/store_item_assets\/steam\/apps\/2458310\/extras\/fbd13ea72d5093391bc7e481eb093a16.poster.avif?t=1760694520\" width=\"614\" height=\"260\"><\/video><\/span><\/p>\n<h2 class=\"bb_tag\"><strong>Sta\u0148te sa hrdinom alebo zloduchom, ktor\u00fdm chcete by\u0165<\/strong><\/h2>\n<p class=\"bb_paragraph\">Vytvorte si vlastn\u00fa postavu ako \u010dlovek alebo elf, vyberte si pohlavie, p\u00f4vod a vzh\u013ead. Majte na pam\u00e4ti, \u017ee obyvatelia tohto sveta m\u00f4\u017eu ma\u0165 svoje predsudky a bud\u00fa sa k v\u00e1m spr\u00e1va\u0165 odli\u0161ne v z\u00e1vislosti od va\u0161ich rozhodnut\u00ed.  <\/p>\n<p class=\"bb_paragraph\">\n<p class=\"bb_paragraph\">\n<p class=\"bb_paragraph\" style=\"text-align: center\"><span class=\"bb_img_ctn\"><video class=\"bb_img\" autoplay muted loop playsinline poster=\"https:\/\/shared.akamai.steamstatic.com\/store_item_assets\/steam\/apps\/2458310\/extras\/57ee44629e18b7fc848e0b4408d905ec.poster.avif?t=1760694520\" width=\"614\" height=\"260\"><\/video><\/span><\/p>\n<h2 class=\"bb_tag\"><strong>Zostavte si skupinu<\/strong><\/h2>\n<p class=\"bb_paragraph\">Na t\u00fdchto brehoch nebudete sami. Stretnite sa a zverbujte r\u00f4znorod\u00fa skupinu post\u00e1v, spoznajte ich pr\u00edbehy, spolo\u010dne \u010delite ich d\u00e9monom a pom\u00f4\u017ete im r\u00e1s\u0165, alebo ich vyu\u017eite vo svoj prospech a zbavte sa ich, ke\u010f to bude vyhovova\u0165 va\u0161im pl\u00e1nom. Kto vie, mo\u017eno n\u00e1jdete aj svoju prav\u00fa l\u00e1sku! <\/p>\n<p class=\"bb_paragraph\">\n<p class=\"bb_paragraph\">\n<p class=\"bb_paragraph\" style=\"text-align: center\"><span class=\"bb_img_ctn\"><video class=\"bb_img\" autoplay muted loop playsinline poster=\"https:\/\/shared.akamai.steamstatic.com\/store_item_assets\/steam\/apps\/2458310\/extras\/453919e094a6f1a33057ad75ed992033.poster.avif?t=1760694520\" width=\"614\" height=\"260\"><\/video><\/span><\/p>\n<h2 class=\"bb_tag\"><strong>Ovl\u00e1dnite technol\u00f3giu alebo m\u00e1giu<\/strong><\/h2>\n<p class=\"bb_paragraph\">Ovl\u00e1dnete tajomstv\u00e1 m\u00e1gie, aby ste sp\u00e1lili nepriate\u013eov ako okultista Hellfire, prekliali ich mystick\u00fdmi schopnos\u0165ami Voodoo alebo pom\u00e1hali svojim spojencov ako nebesk\u00fd mudrc? Alebo rad\u0161ej odhod\u00edte zastaran\u00e9 met\u00f3dy a stanete sa steampunkov\u00fdm mechanikom, dieselpunkov\u00fdm in\u017einierom alebo teslapunkov\u00fdm vedcom a premen\u00edte svoju postavu na chodiacu parn\u00fa pevnos\u0165? <\/p>\n<p class=\"bb_paragraph\">\n<p class=\"bb_paragraph\">\n<p class=\"bb_paragraph\" style=\"text-align: center\"><span class=\"bb_img_ctn\"><video class=\"bb_img\" autoplay muted loop playsinline poster=\"https:\/\/shared.akamai.steamstatic.com\/store_item_assets\/steam\/apps\/2458310\/extras\/46f3e343d01e48e8859245436265ee88.poster.avif?t=1760694520\" width=\"614\" height=\"260\"><\/video><\/span><\/p>\n<h2 class=\"bb_tag\"><strong>Bojujte za svoje pr\u00e1va<\/strong><\/h2>\n<p class=\"bb_paragraph\">Velite svojej skupine v \u0165ahov\u00fdch taktick\u00fdch bitk\u00e1ch. Bojujte \u010delom a silou si prerazte cestu cez stretnutia alebo pozorujte a analyzujte ka\u017ed\u00fa situ\u00e1ciu a vymyslite pref\u00edkan\u00e9 strat\u00e9gie, aby ste zdolali aj zdanlivo neprekonate\u013en\u00e9 prek\u00e1\u017eky. K dispoz\u00edcii m\u00e1te mno\u017estvo zru\u010dnost\u00ed, k\u00faziel, receptov na v\u00fdrobu a spotrebn\u00e9ho materi\u00e1lu, aby ste zvr\u00e1tili priebeh bitky vo svoj prospech. <\/p>\n<p class=\"bb_paragraph\">\n<p class=\"bb_paragraph\">\n<p class=\"bb_paragraph\" style=\"text-align: center\"><span class=\"bb_img_ctn\"><video class=\"bb_img\" autoplay muted loop playsinline poster=\"https:\/\/shared.akamai.steamstatic.com\/store_item_assets\/steam\/apps\/2458310\/extras\/9e1eff2772b10bbaf9fe6f42b973cf57.poster.avif?t=1760694520\" width=\"614\" height=\"260\"><\/video><\/span><\/p>\n<h2 class=\"bb_tag\"><strong>Prejavte svoj osud<\/strong><\/h2>\n<p class=\"bb_paragraph\">Vytvorte si meno, ovplyv\u0148ujte nespo\u010detn\u00e9 mno\u017estvo \u017eivotov k lep\u0161iemu alebo hor\u0161iemu a sledujte, ako sa odohr\u00e1vaj\u00fa d\u00f4sledky va\u0161ich rozhodnut\u00ed. Mo\u017eno za\u010dnete ako chudobn\u00fd pris\u0165ahovalec, ale \u010doskoro va\u0161e \u010diny zaplnia tituln\u00e9 str\u00e1nky nov\u00edn a udalosti, ktor\u00e9 ste spustili, nav\u017edy zmenia osud Nov\u00e9ho sveta.<\/p>\n<p class=\"bb_paragraph\">\n<p class=\"bb_paragraph\">\n<p class=\"bb_paragraph\"><span class=\"bb_img_ctn\"><video class=\"bb_img\" autoplay muted loop playsinline poster=\"https:\/\/shared.akamai.steamstatic.com\/store_item_assets\/steam\/apps\/2458310\/extras\/eb1ea362a4344c8c1962010e158a2971.poster.avif?t=1760694520\" width=\"614\" height=\"260\"><\/video><\/span><\/p>\n","protected":false},"excerpt":{"rendered":"<p>Zaujmi stanovisko vo ve\u010dnom konflikte medzi tajomnou m\u00e1giou a steampunkovou revol\u00faciou a ovplyvni krehk\u00fa rovnov\u00e1hu medzi \u010darodejn\u00edctvom, elfmi, trpasl\u00edkmi a tajomn\u00fdmi mon\u0161trami na jednej strane a steampunkov\u00fdmi zariadeniami, vzducholodmi a teslov\u00fdmi zbra\u0148ami na strane druhej v tejto singleplayerovej, party-based RPG hre s bohat\u00fdm pr\u00edbehom.<\/p>\n","protected":false},"featured_media":80125,"comment_status":"open","ping_status":"closed","template":"","meta":{"_acf_changed":false},"product_brand":[],"product_cat":[268,266,308,312,318,9082],"product_tag":[],"class_list":{"0":"post-100922","1":"product","2":"type-product","3":"status-publish","4":"has-post-thumbnail","6":"product_cat-pc-sk","7":"product_cat-pc-hry-sk","8":"product_cat-rpg-pc-hry-sk","9":"product_cat-steam-pc-sk","10":"product_cat-strategie-pc-hry-sk","11":"product_cat-takticke-3","12":"pa_audio-en-us","14":"pa_countries-ad","15":"pa_countries-ae","16":"pa_countries-af","17":"pa_countries-ag","18":"pa_countries-ai","19":"pa_countries-al","20":"pa_countries-am","21":"pa_countries-ao","22":"pa_countries-aq","23":"pa_countries-ar","24":"pa_countries-as","25":"pa_countries-at","26":"pa_countries-au","27":"pa_countries-aw","28":"pa_countries-ax","29":"pa_countries-az","30":"pa_countries-ba","31":"pa_countries-bb","32":"pa_countries-bd","33":"pa_countries-be","34":"pa_countries-bf","35":"pa_countries-bg","36":"pa_countries-bh","37":"pa_countries-bi","38":"pa_countries-bj","39":"pa_countries-bl","40":"pa_countries-bm","41":"pa_countries-bn","42":"pa_countries-bo","43":"pa_countries-bq","44":"pa_countries-br","45":"pa_countries-bs","46":"pa_countries-bt","47":"pa_countries-bv","48":"pa_countries-bw","49":"pa_countries-bz","50":"pa_countries-ca","51":"pa_countries-cc","52":"pa_countries-cd","53":"pa_countries-cf","54":"pa_countries-cg","55":"pa_countries-ch","56":"pa_countries-ci","57":"pa_countries-ck","58":"pa_countries-cl","59":"pa_countries-cm","60":"pa_countries-cn","61":"pa_countries-co","62":"pa_countries-cr","63":"pa_countries-cu","64":"pa_countries-cv","65":"pa_countries-cw","66":"pa_countries-cx","67":"pa_countries-cy","68":"pa_countries-cz","69":"pa_countries-de","70":"pa_countries-dj","71":"pa_countries-dk","72":"pa_countries-dm","73":"pa_countries-do","74":"pa_countries-dz","75":"pa_countries-ec","76":"pa_countries-ee","77":"pa_countries-eg","78":"pa_countries-eh","79":"pa_countries-er","80":"pa_countries-es","81":"pa_countries-et","82":"pa_countries-fi","83":"pa_countries-fj","84":"pa_countries-fk","85":"pa_countries-fm","86":"pa_countries-fo","87":"pa_countries-fr","88":"pa_countries-ga","89":"pa_countries-gb","90":"pa_countries-gd","91":"pa_countries-ge","92":"pa_countries-gf","93":"pa_countries-gg","94":"pa_countries-gh","95":"pa_countries-gi","96":"pa_countries-gl","97":"pa_countries-gm","98":"pa_countries-gn","99":"pa_countries-gp","100":"pa_countries-gq","101":"pa_countries-gr","102":"pa_countries-gs","103":"pa_countries-gt","104":"pa_countries-gu","105":"pa_countries-gw","106":"pa_countries-gy","107":"pa_countries-hk","108":"pa_countries-hm","109":"pa_countries-hn","110":"pa_countries-hr","111":"pa_countries-ht","112":"pa_countries-hu","113":"pa_countries-id","114":"pa_countries-ie","115":"pa_countries-il","116":"pa_countries-im","117":"pa_countries-in","118":"pa_countries-io","119":"pa_countries-iq","120":"pa_countries-ir","121":"pa_countries-is","122":"pa_countries-it","123":"pa_countries-je","124":"pa_countries-jm","125":"pa_countries-jo","126":"pa_countries-jp","127":"pa_countries-ke","128":"pa_countries-kg","129":"pa_countries-kh","130":"pa_countries-ki","131":"pa_countries-km","132":"pa_countries-kn","133":"pa_countries-kp","134":"pa_countries-kr","135":"pa_countries-kw","136":"pa_countries-ky","137":"pa_countries-kz","138":"pa_countries-la","139":"pa_countries-lb","140":"pa_countries-lc","141":"pa_countries-li","142":"pa_countries-lk","143":"pa_countries-lr","144":"pa_countries-ls","145":"pa_countries-lt","146":"pa_countries-lu","147":"pa_countries-lv","148":"pa_countries-ly","149":"pa_countries-ma","150":"pa_countries-mc","151":"pa_countries-md","152":"pa_countries-me","153":"pa_countries-mf","154":"pa_countries-mg","155":"pa_countries-mh","156":"pa_countries-mk","157":"pa_countries-ml","158":"pa_countries-mm","159":"pa_countries-mn","160":"pa_countries-mo","161":"pa_countries-mp","162":"pa_countries-mq","163":"pa_countries-mr","164":"pa_countries-ms","165":"pa_countries-mt","166":"pa_countries-mu","167":"pa_countries-mv","168":"pa_countries-mw","169":"pa_countries-mx","170":"pa_countries-my","171":"pa_countries-mz","172":"pa_countries-na","173":"pa_countries-nc","174":"pa_countries-ne","175":"pa_countries-nf","176":"pa_countries-ng","177":"pa_countries-ni","178":"pa_countries-nl","179":"pa_countries-no","180":"pa_countries-np","181":"pa_countries-nr","182":"pa_countries-nu","183":"pa_countries-nz","184":"pa_countries-om","185":"pa_countries-pa","186":"pa_countries-pe","187":"pa_countries-pf","188":"pa_countries-pg","189":"pa_countries-ph","190":"pa_countries-pk","191":"pa_countries-pl","192":"pa_countries-pm","193":"pa_countries-pn","194":"pa_countries-pr","195":"pa_countries-ps","196":"pa_countries-pt","197":"pa_countries-pw","198":"pa_countries-py","199":"pa_countries-qa","200":"pa_countries-re","201":"pa_countries-ro","202":"pa_countries-rs","203":"pa_countries-rw","204":"pa_countries-sa","205":"pa_countries-sb","206":"pa_countries-sc","207":"pa_countries-sd","208":"pa_countries-se","209":"pa_countries-sg","210":"pa_countries-sh","211":"pa_countries-si","212":"pa_countries-sj","213":"pa_countries-sk","214":"pa_countries-sl","215":"pa_countries-sm","216":"pa_countries-sn","217":"pa_countries-so","218":"pa_countries-sr","219":"pa_countries-ss","221":"pa_countries-st","222":"pa_countries-sv","223":"pa_countries-sx","224":"pa_countries-sy","225":"pa_countries-sz","226":"pa_countries-tc","227":"pa_countries-td","228":"pa_countries-tf","229":"pa_countries-tg","230":"pa_countries-th","231":"pa_countries-tj","232":"pa_countries-tk","233":"pa_countries-tl","234":"pa_countries-tm","235":"pa_countries-tn","236":"pa_countries-to","237":"pa_countries-tr","238":"pa_countries-tt","239":"pa_countries-tv","240":"pa_countries-tw","241":"pa_countries-tz","242":"pa_countries-ua","243":"pa_countries-ug","244":"pa_countries-um","245":"pa_countries-us","246":"pa_countries-uy","247":"pa_countries-uz","248":"pa_countries-va","249":"pa_countries-vc","250":"pa_countries-ve","251":"pa_countries-vg","252":"pa_countries-vi","253":"pa_countries-vn","254":"pa_countries-vu","255":"pa_countries-wf","256":"pa_countries-ws","257":"pa_countries-xk","258":"pa_countries-ye","259":"pa_countries-yt","260":"pa_countries-za","261":"pa_countries-zm","262":"pa_countries-zw","263":"pa_developer-dreamate","264":"pa_game_type-main_game","266":"pa_genres-role-playing-rpg","267":"pa_genres-tactical","268":"pa_genres-turn-based-strategy-tbs","270":"pa_interface-de-de","271":"pa_interface-en-us","272":"pa_interface-es-es","273":"pa_interface-ru-ru","274":"pa_interface-uk-ua","276":"pa_interface-zh-cn","277":"pa_modes-single-player","279":"pa_pegi-13432","280":"pa_pegi-956","281":"pa_platform-pc-steam","283":"pa_player_perspectives-bird-view-isometric","285":"pa_publisher-fulqrum-publishing","287":"pa_rating-773","288":"pa_rating-14441","289":"pa_region-global","291":"pa_subtitles-de-de","292":"pa_subtitles-en-us","293":"pa_subtitles-es-es","294":"pa_subtitles-ru-ru","295":"pa_subtitles-uk-ua","297":"pa_subtitles-zh-cn","299":"first","300":"instock","301":"virtual","302":"taxable","303":"purchasable","304":"product-type-simple"},"yoast_head":"<!-- This site is optimized with the Yoast SEO plugin v27.3 - https:\/\/yoast.com\/product\/yoast-seo-wordpress\/ -->\n<title>New Arc Line | BeGamer.cz<\/title>\n<meta name=\"robots\" content=\"index, follow, max-snippet:-1, max-image-preview:large, max-video-preview:-1\" \/>\n<link rel=\"canonical\" href=\"https:\/\/begamer.cz\/sk\/produkt\/new-arc-line-sk\/\" \/>\n<meta property=\"og:locale\" content=\"sk_SK\" \/>\n<meta property=\"og:type\" content=\"article\" \/>\n<meta property=\"og:title\" content=\"New Arc Line | BeGamer.cz\" \/>\n<meta property=\"og:description\" content=\"Zaujmi stanovisko vo ve\u010dnom konflikte medzi tajomnou m\u00e1giou a steampunkovou revol\u00faciou a ovplyvni krehk\u00fa rovnov\u00e1hu medzi \u010darodejn\u00edctvom, elfmi, trpasl\u00edkmi a tajomn\u00fdmi mon\u0161trami na jednej strane a steampunkov\u00fdmi zariadeniami, vzducholodmi a teslov\u00fdmi zbra\u0148ami na strane druhej v tejto singleplayerovej, party-based RPG hre s bohat\u00fdm pr\u00edbehom.\" \/>\n<meta property=\"og:url\" content=\"https:\/\/begamer.cz\/sk\/produkt\/new-arc-line-sk\/\" \/>\n<meta property=\"og:site_name\" content=\"BeGamer.cz\" \/>\n<meta property=\"article:modified_time\" content=\"2026-03-11T08:08:40+00:00\" \/>\n<meta property=\"og:image\" content=\"https:\/\/begamer.cz\/wp-content\/uploads\/2026\/01\/new-arc-line-7.webp\" \/>\n\t<meta property=\"og:image:width\" content=\"300\" \/>\n\t<meta property=\"og:image:height\" content=\"400\" \/>\n\t<meta property=\"og:image:type\" content=\"image\/webp\" \/>\n<meta name=\"twitter:card\" content=\"summary_large_image\" \/>\n<meta name=\"twitter:label1\" content=\"Predpokladan\u00fd \u010das \u010d\u00edtania\" \/>\n\t<meta name=\"twitter:data1\" content=\"3 min\u00faty\" \/>\n<script type=\"application\/ld+json\" class=\"yoast-schema-graph\">{\"@context\":\"https:\\\/\\\/schema.org\",\"@graph\":[{\"@type\":\"WebPage\",\"@id\":\"https:\\\/\\\/begamer.cz\\\/sk\\\/produkt\\\/new-arc-line-sk\\\/\",\"url\":\"https:\\\/\\\/begamer.cz\\\/sk\\\/produkt\\\/new-arc-line-sk\\\/\",\"name\":\"New Arc Line | BeGamer.cz\",\"isPartOf\":{\"@id\":\"https:\\\/\\\/begamer.cz\\\/sk\\\/#website\"},\"primaryImageOfPage\":{\"@id\":\"https:\\\/\\\/begamer.cz\\\/sk\\\/produkt\\\/new-arc-line-sk\\\/#primaryimage\"},\"image\":{\"@id\":\"https:\\\/\\\/begamer.cz\\\/sk\\\/produkt\\\/new-arc-line-sk\\\/#primaryimage\"},\"thumbnailUrl\":\"https:\\\/\\\/begamer.cz\\\/wp-content\\\/uploads\\\/2026\\\/01\\\/new-arc-line-7.webp\",\"datePublished\":\"2026-01-30T17:19:17+00:00\",\"dateModified\":\"2026-03-11T08:08:40+00:00\",\"breadcrumb\":{\"@id\":\"https:\\\/\\\/begamer.cz\\\/sk\\\/produkt\\\/new-arc-line-sk\\\/#breadcrumb\"},\"inLanguage\":\"sk-SK\",\"potentialAction\":[{\"@type\":\"ReadAction\",\"target\":[\"https:\\\/\\\/begamer.cz\\\/sk\\\/produkt\\\/new-arc-line-sk\\\/\"]}]},{\"@type\":\"ImageObject\",\"inLanguage\":\"sk-SK\",\"@id\":\"https:\\\/\\\/begamer.cz\\\/sk\\\/produkt\\\/new-arc-line-sk\\\/#primaryimage\",\"url\":\"https:\\\/\\\/begamer.cz\\\/wp-content\\\/uploads\\\/2026\\\/01\\\/new-arc-line-7.webp\",\"contentUrl\":\"https:\\\/\\\/begamer.cz\\\/wp-content\\\/uploads\\\/2026\\\/01\\\/new-arc-line-7.webp\",\"width\":300,\"height\":400},{\"@type\":\"BreadcrumbList\",\"@id\":\"https:\\\/\\\/begamer.cz\\\/sk\\\/produkt\\\/new-arc-line-sk\\\/#breadcrumb\",\"itemListElement\":[{\"@type\":\"ListItem\",\"position\":1,\"name\":\"Domov\",\"item\":\"https:\\\/\\\/begamer.cz\\\/sk\\\/\"},{\"@type\":\"ListItem\",\"position\":2,\"name\":\"Obchod\",\"item\":\"https:\\\/\\\/begamer.cz\\\/obchod\\\/\"},{\"@type\":\"ListItem\",\"position\":3,\"name\":\"New Arc Line\"}]},{\"@type\":\"WebSite\",\"@id\":\"https:\\\/\\\/begamer.cz\\\/sk\\\/#website\",\"url\":\"https:\\\/\\\/begamer.cz\\\/sk\\\/\",\"name\":\"BeGamer.cz\",\"description\":\"\",\"publisher\":{\"@id\":\"https:\\\/\\\/begamer.cz\\\/sk\\\/#organization\"},\"potentialAction\":[{\"@type\":\"SearchAction\",\"target\":{\"@type\":\"EntryPoint\",\"urlTemplate\":\"https:\\\/\\\/begamer.cz\\\/sk\\\/?s={search_term_string}\"},\"query-input\":{\"@type\":\"PropertyValueSpecification\",\"valueRequired\":true,\"valueName\":\"search_term_string\"}}],\"inLanguage\":\"sk-SK\"},{\"@type\":\"Organization\",\"@id\":\"https:\\\/\\\/begamer.cz\\\/sk\\\/#organization\",\"name\":\"BeGamer.cz\",\"url\":\"https:\\\/\\\/begamer.cz\\\/sk\\\/\",\"logo\":{\"@type\":\"ImageObject\",\"inLanguage\":\"sk-SK\",\"@id\":\"https:\\\/\\\/begamer.cz\\\/sk\\\/#\\\/schema\\\/logo\\\/image\\\/\",\"url\":\"https:\\\/\\\/begamer.cz\\\/wp-content\\\/uploads\\\/2025\\\/07\\\/logo.svg\",\"contentUrl\":\"https:\\\/\\\/begamer.cz\\\/wp-content\\\/uploads\\\/2025\\\/07\\\/logo.svg\",\"caption\":\"BeGamer.cz\"},\"image\":{\"@id\":\"https:\\\/\\\/begamer.cz\\\/sk\\\/#\\\/schema\\\/logo\\\/image\\\/\"}}]}<\/script>\n<!-- \/ Yoast SEO plugin. -->","yoast_head_json":{"title":"New Arc Line | BeGamer.cz","robots":{"index":"index","follow":"follow","max-snippet":"max-snippet:-1","max-image-preview":"max-image-preview:large","max-video-preview":"max-video-preview:-1"},"canonical":"https:\/\/begamer.cz\/sk\/produkt\/new-arc-line-sk\/","og_locale":"sk_SK","og_type":"article","og_title":"New Arc Line | BeGamer.cz","og_description":"Zaujmi stanovisko vo ve\u010dnom konflikte medzi tajomnou m\u00e1giou a steampunkovou revol\u00faciou a ovplyvni krehk\u00fa rovnov\u00e1hu medzi \u010darodejn\u00edctvom, elfmi, trpasl\u00edkmi a tajomn\u00fdmi mon\u0161trami na jednej strane a steampunkov\u00fdmi zariadeniami, vzducholodmi a teslov\u00fdmi zbra\u0148ami na strane druhej v tejto singleplayerovej, party-based RPG hre s bohat\u00fdm pr\u00edbehom.","og_url":"https:\/\/begamer.cz\/sk\/produkt\/new-arc-line-sk\/","og_site_name":"BeGamer.cz","article_modified_time":"2026-03-11T08:08:40+00:00","og_image":[{"width":300,"height":400,"url":"https:\/\/begamer.cz\/wp-content\/uploads\/2026\/01\/new-arc-line-7.webp","type":"image\/webp"}],"twitter_card":"summary_large_image","twitter_misc":{"Predpokladan\u00fd \u010das \u010d\u00edtania":"3 min\u00faty"},"schema":{"@context":"https:\/\/schema.org","@graph":[{"@type":"WebPage","@id":"https:\/\/begamer.cz\/sk\/produkt\/new-arc-line-sk\/","url":"https:\/\/begamer.cz\/sk\/produkt\/new-arc-line-sk\/","name":"New Arc Line | BeGamer.cz","isPartOf":{"@id":"https:\/\/begamer.cz\/sk\/#website"},"primaryImageOfPage":{"@id":"https:\/\/begamer.cz\/sk\/produkt\/new-arc-line-sk\/#primaryimage"},"image":{"@id":"https:\/\/begamer.cz\/sk\/produkt\/new-arc-line-sk\/#primaryimage"},"thumbnailUrl":"https:\/\/begamer.cz\/wp-content\/uploads\/2026\/01\/new-arc-line-7.webp","datePublished":"2026-01-30T17:19:17+00:00","dateModified":"2026-03-11T08:08:40+00:00","breadcrumb":{"@id":"https:\/\/begamer.cz\/sk\/produkt\/new-arc-line-sk\/#breadcrumb"},"inLanguage":"sk-SK","potentialAction":[{"@type":"ReadAction","target":["https:\/\/begamer.cz\/sk\/produkt\/new-arc-line-sk\/"]}]},{"@type":"ImageObject","inLanguage":"sk-SK","@id":"https:\/\/begamer.cz\/sk\/produkt\/new-arc-line-sk\/#primaryimage","url":"https:\/\/begamer.cz\/wp-content\/uploads\/2026\/01\/new-arc-line-7.webp","contentUrl":"https:\/\/begamer.cz\/wp-content\/uploads\/2026\/01\/new-arc-line-7.webp","width":300,"height":400},{"@type":"BreadcrumbList","@id":"https:\/\/begamer.cz\/sk\/produkt\/new-arc-line-sk\/#breadcrumb","itemListElement":[{"@type":"ListItem","position":1,"name":"Domov","item":"https:\/\/begamer.cz\/sk\/"},{"@type":"ListItem","position":2,"name":"Obchod","item":"https:\/\/begamer.cz\/obchod\/"},{"@type":"ListItem","position":3,"name":"New Arc Line"}]},{"@type":"WebSite","@id":"https:\/\/begamer.cz\/sk\/#website","url":"https:\/\/begamer.cz\/sk\/","name":"BeGamer.cz","description":"","publisher":{"@id":"https:\/\/begamer.cz\/sk\/#organization"},"potentialAction":[{"@type":"SearchAction","target":{"@type":"EntryPoint","urlTemplate":"https:\/\/begamer.cz\/sk\/?s={search_term_string}"},"query-input":{"@type":"PropertyValueSpecification","valueRequired":true,"valueName":"search_term_string"}}],"inLanguage":"sk-SK"},{"@type":"Organization","@id":"https:\/\/begamer.cz\/sk\/#organization","name":"BeGamer.cz","url":"https:\/\/begamer.cz\/sk\/","logo":{"@type":"ImageObject","inLanguage":"sk-SK","@id":"https:\/\/begamer.cz\/sk\/#\/schema\/logo\/image\/","url":"https:\/\/begamer.cz\/wp-content\/uploads\/2025\/07\/logo.svg","contentUrl":"https:\/\/begamer.cz\/wp-content\/uploads\/2025\/07\/logo.svg","caption":"BeGamer.cz"},"image":{"@id":"https:\/\/begamer.cz\/sk\/#\/schema\/logo\/image\/"}}]}},"acf":[],"_links":{"self":[{"href":"https:\/\/begamer.cz\/sk\/wp-json\/wp\/v2\/product\/100922","targetHints":{"allow":["GET"]}}],"collection":[{"href":"https:\/\/begamer.cz\/sk\/wp-json\/wp\/v2\/product"}],"about":[{"href":"https:\/\/begamer.cz\/sk\/wp-json\/wp\/v2\/types\/product"}],"replies":[{"embeddable":true,"href":"https:\/\/begamer.cz\/sk\/wp-json\/wp\/v2\/comments?post=100922"}],"wp:featuredmedia":[{"embeddable":true,"href":"https:\/\/begamer.cz\/sk\/wp-json\/wp\/v2\/media\/80125"}],"wp:attachment":[{"href":"https:\/\/begamer.cz\/sk\/wp-json\/wp\/v2\/media?parent=100922"}],"wp:term":[{"taxonomy":"product_brand","embeddable":true,"href":"https:\/\/begamer.cz\/sk\/wp-json\/wp\/v2\/product_brand?post=100922"},{"taxonomy":"product_cat","embeddable":true,"href":"https:\/\/begamer.cz\/sk\/wp-json\/wp\/v2\/product_cat?post=100922"},{"taxonomy":"product_tag","embeddable":true,"href":"https:\/\/begamer.cz\/sk\/wp-json\/wp\/v2\/product_tag?post=100922"}],"curies":[{"name":"wp","href":"https:\/\/api.w.org\/{rel}","templated":true}]}}