{"id":100871,"date":"2026-01-30T18:18:12","date_gmt":"2026-01-30T17:18:12","guid":{"rendered":"https:\/\/begamer.cz\/produkt\/thief-master-thief-edition-sk\/"},"modified":"2026-03-11T09:06:46","modified_gmt":"2026-03-11T08:06:46","slug":"thief-master-thief-edition-sk","status":"publish","type":"product","link":"https:\/\/begamer.cz\/sk\/produkt\/thief-master-thief-edition-sk\/","title":{"rendered":"Thief: Master Thief Edition"},"content":{"rendered":"<p>V meste narast\u00e1 vlna strachu. Nen\u00e1vis\u0165 prenik\u00e1 ka\u017ed\u00fdm kame\u0148om a zatia\u013e \u010do bohat\u00ed prosperuj\u00fa, menej \u0161\u0165astn\u00ed \u010delia biede a \u00fatlaku. Su\u017eovan\u00ed chorobami a hladom \u010dakaj\u00fa na zmenu.<\/p>\n<p>Ed\u00edcia Master Thief Edition obsahuje:<br \/>\n&#8211; Ofici\u00e1lnu digit\u00e1lnu knihu umenia \u2013 ohromuj\u00face koncep\u010dn\u00e9 umenie, ktor\u00e9 pon\u00faka nahliadnutie do temn\u00e9ho sveta Thief.<br \/>\n&#8211; Digit\u00e1lny komiks \u2013 ponorte sa hlb\u0161ie do tajomn\u00e9ho sveta Thief s touto kompletnou zbierkou digit\u00e1lnych komiksov.<br \/>\n&#8211; Booster Pack \u2013 z\u00edskajte pr\u00edstup k exkluz\u00edvnemu bal\u00edku volite\u013en\u00fdch spotrebn\u00fdch predmetov v hre, ktor\u00e9 v\u00e1m dodaj\u00fa silu a ur\u00fdchlia v\u00e1\u0161 postup v hre Thief.<br \/>\n&#8211; Director&#x27;s Cut Original Soundtrack \u2013 pozoruhodn\u00e1 zbierka skladieb z hry Thief.<\/p>\n","protected":false},"excerpt":{"rendered":"<p>Garrett, majster zlodej, vystupuje z tie\u0148a do mesta. Na tomto zradnom mieste, kde bar\u00f3nova str\u00e1\u017e \u0161\u00edri vlnu strachu a \u00fatlaku, s\u00fa jeho zru\u010dnosti jedin\u00e9, \u010domu m\u00f4\u017ee veri\u0165. Ani t\u00ed najopatrnej\u0161\u00ed ob\u010dania a ich najlep\u0161ie str\u00e1\u017een\u00e9 majetky nie s\u00fa v bezpe\u010d\u00ed pred jeho dosahom.<\/p>\n<p>Ke\u010f vypukne povstanie, Garrett sa ocitne zapleten\u00fd do rast\u00facich konfliktov. Pod veden\u00edm Oriona, hlasu \u013eudu, utl\u00e1\u010dan\u00ed ob\u010dania urobia v\u0161etko, \u010do m\u00f4\u017eu, aby z\u00edskali mesto sp\u00e4\u0165 z bar\u00f3novej moci. Revol\u00facia je nevyhnutn\u00e1. Ak sa Garrett nezapoj\u00ed, ulice bud\u00fa pokryt\u00e9 krvou a mesto sa rozpadne.<\/p>\n","protected":false},"featured_media":36270,"comment_status":"open","ping_status":"closed","template":"","meta":{"_acf_changed":false},"product_brand":[],"product_cat":[270,272,268,266,314,312],"product_tag":[],"class_list":{"0":"post-100871","1":"product","2":"type-product","3":"status-publish","4":"has-post-thumbnail","6":"product_cat-adventury-pc-hry-sk","7":"product_cat-akcni-pc-sk","8":"product_cat-pc-sk","9":"product_cat-pc-hry-sk","10":"product_cat-simulatory-pc-hry-sk","11":"product_cat-steam-pc-sk","12":"pa_audio-de-de","13":"pa_audio-en-us","14":"pa_audio-es-es","15":"pa_audio-fr-fr","16":"pa_audio-it-it","18":"pa_audio-ru-ru","20":"pa_engine-unreal-engine-3","22":"pa_game_type-main_game","24":"pa_genres-adventure","26":"pa_genres-shooter","28":"pa_genres-simulator","29":"pa_interface-cs-cz","30":"pa_interface-de-de","31":"pa_interface-en-us","32":"pa_interface-es-es","33":"pa_interface-fr-fr","34":"pa_interface-it-it","36":"pa_interface-pl-pl","37":"pa_interface-ru-ru","39":"pa_modes-single-player","41":"pa_pegi-956","42":"pa_pegi-13432","43":"pa_platform-pc-steam","45":"pa_player_perspectives-first-person","47":"pa_rating-14441","48":"pa_rating-773","49":"pa_region-europe","51":"pa_themes-action","53":"pa_themes-stealth","56":"first","57":"instock","58":"virtual","59":"taxable","60":"purchasable","61":"product-type-simple"},"yoast_head":"<!-- This site is optimized with the Yoast SEO plugin v27.3 - https:\/\/yoast.com\/product\/yoast-seo-wordpress\/ -->\n<title>Thief: Master Thief Edition | BeGamer.cz<\/title>\n<meta name=\"robots\" content=\"index, follow, max-snippet:-1, max-image-preview:large, max-video-preview:-1\" \/>\n<link rel=\"canonical\" href=\"https:\/\/begamer.cz\/sk\/produkt\/thief-master-thief-edition-sk\/\" \/>\n<meta property=\"og:locale\" content=\"sk_SK\" \/>\n<meta property=\"og:type\" content=\"article\" \/>\n<meta property=\"og:title\" content=\"Thief: Master Thief Edition | BeGamer.cz\" \/>\n<meta property=\"og:description\" content=\"Garrett, majster zlodej, vystupuje z tie\u0148a do mesta. Na tomto zradnom mieste, kde bar\u00f3nova str\u00e1\u017e \u0161\u00edri vlnu strachu a \u00fatlaku, s\u00fa jeho zru\u010dnosti jedin\u00e9, \u010domu m\u00f4\u017ee veri\u0165. Ani t\u00ed najopatrnej\u0161\u00ed ob\u010dania a ich najlep\u0161ie str\u00e1\u017een\u00e9 majetky nie s\u00fa v bezpe\u010d\u00ed pred jeho dosahom. Ke\u010f vypukne povstanie, Garrett sa ocitne zapleten\u00fd do rast\u00facich konfliktov. Pod veden\u00edm Oriona, hlasu \u013eudu, utl\u00e1\u010dan\u00ed ob\u010dania urobia v\u0161etko, \u010do m\u00f4\u017eu, aby z\u00edskali mesto sp\u00e4\u0165 z bar\u00f3novej moci. Revol\u00facia je nevyhnutn\u00e1. Ak sa Garrett nezapoj\u00ed, ulice bud\u00fa pokryt\u00e9 krvou a mesto sa rozpadne.\" \/>\n<meta property=\"og:url\" content=\"https:\/\/begamer.cz\/sk\/produkt\/thief-master-thief-edition-sk\/\" \/>\n<meta property=\"og:site_name\" content=\"BeGamer.cz\" \/>\n<meta property=\"article:modified_time\" content=\"2026-03-11T08:06:46+00:00\" \/>\n<meta property=\"og:image\" content=\"https:\/\/begamer.cz\/wp-content\/uploads\/2026\/01\/thief-master-thief-edition-9.webp\" \/>\n\t<meta property=\"og:image:width\" content=\"300\" \/>\n\t<meta property=\"og:image:height\" content=\"400\" \/>\n\t<meta property=\"og:image:type\" content=\"image\/webp\" \/>\n<meta name=\"twitter:card\" content=\"summary_large_image\" \/>\n<meta name=\"twitter:label1\" content=\"Predpokladan\u00fd \u010das \u010d\u00edtania\" \/>\n\t<meta name=\"twitter:data1\" content=\"1 min\u00fata\" \/>\n<script type=\"application\/ld+json\" class=\"yoast-schema-graph\">{\"@context\":\"https:\\\/\\\/schema.org\",\"@graph\":[{\"@type\":\"WebPage\",\"@id\":\"https:\\\/\\\/begamer.cz\\\/sk\\\/produkt\\\/thief-master-thief-edition-sk\\\/\",\"url\":\"https:\\\/\\\/begamer.cz\\\/sk\\\/produkt\\\/thief-master-thief-edition-sk\\\/\",\"name\":\"Thief: Master Thief Edition | BeGamer.cz\",\"isPartOf\":{\"@id\":\"https:\\\/\\\/begamer.cz\\\/sk\\\/#website\"},\"primaryImageOfPage\":{\"@id\":\"https:\\\/\\\/begamer.cz\\\/sk\\\/produkt\\\/thief-master-thief-edition-sk\\\/#primaryimage\"},\"image\":{\"@id\":\"https:\\\/\\\/begamer.cz\\\/sk\\\/produkt\\\/thief-master-thief-edition-sk\\\/#primaryimage\"},\"thumbnailUrl\":\"https:\\\/\\\/begamer.cz\\\/wp-content\\\/uploads\\\/2026\\\/01\\\/thief-master-thief-edition-9.webp\",\"datePublished\":\"2026-01-30T17:18:12+00:00\",\"dateModified\":\"2026-03-11T08:06:46+00:00\",\"breadcrumb\":{\"@id\":\"https:\\\/\\\/begamer.cz\\\/sk\\\/produkt\\\/thief-master-thief-edition-sk\\\/#breadcrumb\"},\"inLanguage\":\"sk-SK\",\"potentialAction\":[{\"@type\":\"ReadAction\",\"target\":[\"https:\\\/\\\/begamer.cz\\\/sk\\\/produkt\\\/thief-master-thief-edition-sk\\\/\"]}]},{\"@type\":\"ImageObject\",\"inLanguage\":\"sk-SK\",\"@id\":\"https:\\\/\\\/begamer.cz\\\/sk\\\/produkt\\\/thief-master-thief-edition-sk\\\/#primaryimage\",\"url\":\"https:\\\/\\\/begamer.cz\\\/wp-content\\\/uploads\\\/2026\\\/01\\\/thief-master-thief-edition-9.webp\",\"contentUrl\":\"https:\\\/\\\/begamer.cz\\\/wp-content\\\/uploads\\\/2026\\\/01\\\/thief-master-thief-edition-9.webp\",\"width\":300,\"height\":400},{\"@type\":\"BreadcrumbList\",\"@id\":\"https:\\\/\\\/begamer.cz\\\/sk\\\/produkt\\\/thief-master-thief-edition-sk\\\/#breadcrumb\",\"itemListElement\":[{\"@type\":\"ListItem\",\"position\":1,\"name\":\"Domov\",\"item\":\"https:\\\/\\\/begamer.cz\\\/sk\\\/\"},{\"@type\":\"ListItem\",\"position\":2,\"name\":\"Obchod\",\"item\":\"https:\\\/\\\/begamer.cz\\\/obchod\\\/\"},{\"@type\":\"ListItem\",\"position\":3,\"name\":\"Thief: Master Thief Edition\"}]},{\"@type\":\"WebSite\",\"@id\":\"https:\\\/\\\/begamer.cz\\\/sk\\\/#website\",\"url\":\"https:\\\/\\\/begamer.cz\\\/sk\\\/\",\"name\":\"BeGamer.cz\",\"description\":\"\",\"publisher\":{\"@id\":\"https:\\\/\\\/begamer.cz\\\/sk\\\/#organization\"},\"potentialAction\":[{\"@type\":\"SearchAction\",\"target\":{\"@type\":\"EntryPoint\",\"urlTemplate\":\"https:\\\/\\\/begamer.cz\\\/sk\\\/?s={search_term_string}\"},\"query-input\":{\"@type\":\"PropertyValueSpecification\",\"valueRequired\":true,\"valueName\":\"search_term_string\"}}],\"inLanguage\":\"sk-SK\"},{\"@type\":\"Organization\",\"@id\":\"https:\\\/\\\/begamer.cz\\\/sk\\\/#organization\",\"name\":\"BeGamer.cz\",\"url\":\"https:\\\/\\\/begamer.cz\\\/sk\\\/\",\"logo\":{\"@type\":\"ImageObject\",\"inLanguage\":\"sk-SK\",\"@id\":\"https:\\\/\\\/begamer.cz\\\/sk\\\/#\\\/schema\\\/logo\\\/image\\\/\",\"url\":\"https:\\\/\\\/begamer.cz\\\/wp-content\\\/uploads\\\/2025\\\/07\\\/logo.svg\",\"contentUrl\":\"https:\\\/\\\/begamer.cz\\\/wp-content\\\/uploads\\\/2025\\\/07\\\/logo.svg\",\"caption\":\"BeGamer.cz\"},\"image\":{\"@id\":\"https:\\\/\\\/begamer.cz\\\/sk\\\/#\\\/schema\\\/logo\\\/image\\\/\"}}]}<\/script>\n<!-- \/ Yoast SEO plugin. -->","yoast_head_json":{"title":"Thief: Master Thief Edition | BeGamer.cz","robots":{"index":"index","follow":"follow","max-snippet":"max-snippet:-1","max-image-preview":"max-image-preview:large","max-video-preview":"max-video-preview:-1"},"canonical":"https:\/\/begamer.cz\/sk\/produkt\/thief-master-thief-edition-sk\/","og_locale":"sk_SK","og_type":"article","og_title":"Thief: Master Thief Edition | BeGamer.cz","og_description":"Garrett, majster zlodej, vystupuje z tie\u0148a do mesta. Na tomto zradnom mieste, kde bar\u00f3nova str\u00e1\u017e \u0161\u00edri vlnu strachu a \u00fatlaku, s\u00fa jeho zru\u010dnosti jedin\u00e9, \u010domu m\u00f4\u017ee veri\u0165. Ani t\u00ed najopatrnej\u0161\u00ed ob\u010dania a ich najlep\u0161ie str\u00e1\u017een\u00e9 majetky nie s\u00fa v bezpe\u010d\u00ed pred jeho dosahom. Ke\u010f vypukne povstanie, Garrett sa ocitne zapleten\u00fd do rast\u00facich konfliktov. Pod veden\u00edm Oriona, hlasu \u013eudu, utl\u00e1\u010dan\u00ed ob\u010dania urobia v\u0161etko, \u010do m\u00f4\u017eu, aby z\u00edskali mesto sp\u00e4\u0165 z bar\u00f3novej moci. Revol\u00facia je nevyhnutn\u00e1. Ak sa Garrett nezapoj\u00ed, ulice bud\u00fa pokryt\u00e9 krvou a mesto sa rozpadne.","og_url":"https:\/\/begamer.cz\/sk\/produkt\/thief-master-thief-edition-sk\/","og_site_name":"BeGamer.cz","article_modified_time":"2026-03-11T08:06:46+00:00","og_image":[{"width":300,"height":400,"url":"https:\/\/begamer.cz\/wp-content\/uploads\/2026\/01\/thief-master-thief-edition-9.webp","type":"image\/webp"}],"twitter_card":"summary_large_image","twitter_misc":{"Predpokladan\u00fd \u010das \u010d\u00edtania":"1 min\u00fata"},"schema":{"@context":"https:\/\/schema.org","@graph":[{"@type":"WebPage","@id":"https:\/\/begamer.cz\/sk\/produkt\/thief-master-thief-edition-sk\/","url":"https:\/\/begamer.cz\/sk\/produkt\/thief-master-thief-edition-sk\/","name":"Thief: Master Thief Edition | BeGamer.cz","isPartOf":{"@id":"https:\/\/begamer.cz\/sk\/#website"},"primaryImageOfPage":{"@id":"https:\/\/begamer.cz\/sk\/produkt\/thief-master-thief-edition-sk\/#primaryimage"},"image":{"@id":"https:\/\/begamer.cz\/sk\/produkt\/thief-master-thief-edition-sk\/#primaryimage"},"thumbnailUrl":"https:\/\/begamer.cz\/wp-content\/uploads\/2026\/01\/thief-master-thief-edition-9.webp","datePublished":"2026-01-30T17:18:12+00:00","dateModified":"2026-03-11T08:06:46+00:00","breadcrumb":{"@id":"https:\/\/begamer.cz\/sk\/produkt\/thief-master-thief-edition-sk\/#breadcrumb"},"inLanguage":"sk-SK","potentialAction":[{"@type":"ReadAction","target":["https:\/\/begamer.cz\/sk\/produkt\/thief-master-thief-edition-sk\/"]}]},{"@type":"ImageObject","inLanguage":"sk-SK","@id":"https:\/\/begamer.cz\/sk\/produkt\/thief-master-thief-edition-sk\/#primaryimage","url":"https:\/\/begamer.cz\/wp-content\/uploads\/2026\/01\/thief-master-thief-edition-9.webp","contentUrl":"https:\/\/begamer.cz\/wp-content\/uploads\/2026\/01\/thief-master-thief-edition-9.webp","width":300,"height":400},{"@type":"BreadcrumbList","@id":"https:\/\/begamer.cz\/sk\/produkt\/thief-master-thief-edition-sk\/#breadcrumb","itemListElement":[{"@type":"ListItem","position":1,"name":"Domov","item":"https:\/\/begamer.cz\/sk\/"},{"@type":"ListItem","position":2,"name":"Obchod","item":"https:\/\/begamer.cz\/obchod\/"},{"@type":"ListItem","position":3,"name":"Thief: Master Thief Edition"}]},{"@type":"WebSite","@id":"https:\/\/begamer.cz\/sk\/#website","url":"https:\/\/begamer.cz\/sk\/","name":"BeGamer.cz","description":"","publisher":{"@id":"https:\/\/begamer.cz\/sk\/#organization"},"potentialAction":[{"@type":"SearchAction","target":{"@type":"EntryPoint","urlTemplate":"https:\/\/begamer.cz\/sk\/?s={search_term_string}"},"query-input":{"@type":"PropertyValueSpecification","valueRequired":true,"valueName":"search_term_string"}}],"inLanguage":"sk-SK"},{"@type":"Organization","@id":"https:\/\/begamer.cz\/sk\/#organization","name":"BeGamer.cz","url":"https:\/\/begamer.cz\/sk\/","logo":{"@type":"ImageObject","inLanguage":"sk-SK","@id":"https:\/\/begamer.cz\/sk\/#\/schema\/logo\/image\/","url":"https:\/\/begamer.cz\/wp-content\/uploads\/2025\/07\/logo.svg","contentUrl":"https:\/\/begamer.cz\/wp-content\/uploads\/2025\/07\/logo.svg","caption":"BeGamer.cz"},"image":{"@id":"https:\/\/begamer.cz\/sk\/#\/schema\/logo\/image\/"}}]}},"acf":[],"_links":{"self":[{"href":"https:\/\/begamer.cz\/sk\/wp-json\/wp\/v2\/product\/100871","targetHints":{"allow":["GET"]}}],"collection":[{"href":"https:\/\/begamer.cz\/sk\/wp-json\/wp\/v2\/product"}],"about":[{"href":"https:\/\/begamer.cz\/sk\/wp-json\/wp\/v2\/types\/product"}],"replies":[{"embeddable":true,"href":"https:\/\/begamer.cz\/sk\/wp-json\/wp\/v2\/comments?post=100871"}],"wp:featuredmedia":[{"embeddable":true,"href":"https:\/\/begamer.cz\/sk\/wp-json\/wp\/v2\/media\/36270"}],"wp:attachment":[{"href":"https:\/\/begamer.cz\/sk\/wp-json\/wp\/v2\/media?parent=100871"}],"wp:term":[{"taxonomy":"product_brand","embeddable":true,"href":"https:\/\/begamer.cz\/sk\/wp-json\/wp\/v2\/product_brand?post=100871"},{"taxonomy":"product_cat","embeddable":true,"href":"https:\/\/begamer.cz\/sk\/wp-json\/wp\/v2\/product_cat?post=100871"},{"taxonomy":"product_tag","embeddable":true,"href":"https:\/\/begamer.cz\/sk\/wp-json\/wp\/v2\/product_tag?post=100871"}],"curies":[{"name":"wp","href":"https:\/\/api.w.org\/{rel}","templated":true}]}}