{"id":100856,"date":"2026-01-30T18:17:55","date_gmt":"2026-01-30T17:17:55","guid":{"rendered":"https:\/\/begamer.cz\/produkt\/batman-arkham-origins-season-pass-sk\/"},"modified":"2026-03-11T09:05:53","modified_gmt":"2026-03-11T08:05:53","slug":"batman-arkham-origins-season-pass-sk","status":"publish","type":"product","link":"https:\/\/begamer.cz\/sk\/produkt\/batman-arkham-origins-season-pass-sk\/","title":{"rendered":"Batman: Arkham Origins \u2013 Season Pass"},"content":{"rendered":"<p>Vylep\u0161ite svoj z\u00e1\u017eitok z hry ARKHAM ORIGINS zak\u00fapen\u00edm sez\u00f3nneho l\u00edstka e\u0161te dnes! Z\u00edskajte pr\u00edstup k nov\u00fdm v\u00fdzvam, dvom bal\u00ed\u010dkom skinov a epick\u00e9mu nov\u00e9mu  pr\u00edbehov\u00e9mu dobrodru\u017estvu. Okrem hod\u00edn nov\u00e9ho obsahu odomknete aj dva exkluz\u00edvne skiny Batman\u2122: Gotham by Gaslight Batman\u2122 a Brightest Day Batman\u2122.<\/p>\n<p>V\u0161etky skiny je mo\u017en\u00e9 pou\u017ei\u0165 v pr\u00edbehovej kampani po dokon\u010den\u00ed hlavn\u00e9ho pr\u00edbehu, v map\u00e1ch v\u00fdziev a online. V\u0161etok ostatn\u00fd obsah sez\u00f3nnej permanentky je ur\u010den\u00fd v\u00fdhradne na pou\u017eitie v re\u017eime pr\u00edbehovej kampane. V\u0161etok obsah zahrnut\u00fd v sez\u00f3nnej permanentke je mo\u017en\u00e9 zak\u00fapi\u0165 aj samostatne.<\/p>\n<h2 class=\"bb_tag\" >Bal\u00ed\u010dek skinov Season Pass \u2013 k\u013e\u00fa\u010dov\u00e9 vlastnosti:<\/h2>\n<ul class=\"bb_ul\">\n<li><strong>Gotham by Gaslight Batman\u2122:<\/strong>  Vnes do svojej hry k\u00fasok roku 1889.  Oble\u010d si oblek in\u0161pirovan\u00fd \u00faspe\u0161n\u00fdm grafick\u00fdm rom\u00e1nom GOTHAM BY GASLIGHT od Briana Augustyna a Mika Mignolu.<\/li>\n<li><strong>Gotham by Gaslight Batman\u2122:<\/strong> Od nohav\u00edc z pr\u00edrodn\u00fdch vl\u00e1kien po ko\u017een\u00fd opasok s h\u00e1dzac\u00edmi no\u017emi, ka\u017ed\u00fd detail je starostlivo modelovan\u00fd pod\u013ea komiksu.<\/li>\n<\/ul>\n<ul class=\"bb_ul\">\n<li><strong>Brightest Day Batman\u2122:<\/strong>  Hrajte za Brightest Day Batman\u2122, Batmana\u2122 vzkriesen\u00e9ho z m\u0155tvych Bielym svetlom v s\u00e9rii BRIGHTEST DAY od Geoffa Johnsa a Petera Tomassiho.  <\/li>\n<li><strong>Brightest Day Batman\u2122:<\/strong> Oblek Brightest Day Batman\u2122 je biely, na rozdiel od ostatn\u00fdch v hre. <\/li>\n<\/ul>\n<h2 class=\"bb_tag\" >Bal\u00ed\u010dek skinov New Millennium \u2013 hlavn\u00e9 vlastnosti:<\/h2>\n<ul class=\"bb_ul\">\n<li><strong>Oble\u010dte sa tak, aby ste zap\u00f4sobili:<\/strong>  Z\u00edskajte najnov\u0161ie vybavenie bez toho, aby ste platili pln\u00fa cenu.   U\u0161etrite ve\u013ea na bal\u00ed\u010dku New Millennium Skins Pack s t\u00fdmto Season Pass!<\/li>\n<li><strong>Najlep\u0161ie skiny:<\/strong> Bal\u00ed\u010dek New Millennium Skin Pack obsahuje 5 najvyh\u013ead\u00e1vanej\u0161\u00edch skinov: (1) Red Son Batman\u2122, (2) Blackest Night Batman\u2122, (3) New 52 Batman\u2122, (4)  Batman\u2122: Noel, (5)  1st Appearance Batman\u2122 a (6) One Year Later Robin<\/li>\n<\/ul>\n<h2 class=\"bb_tag\" >Bal\u00ed\u010dek skinov Infinite Earth \u2013 hlavn\u00e9 vlastnosti:<\/h2>\n<ul class=\"bb_ul\">\n<li><strong>Oble\u010dte sa tak, aby ste zap\u00f4sobili:<\/strong>  Z\u00edskajte najnov\u0161ie vybavenie bez toho, aby ste platili pln\u00fa cenu.   U\u0161etrite ve\u013ea na bal\u00ed\u010dku Infinite Earth Skins Pack s t\u00fdmto sez\u00f3nnym l\u00edstkom!<\/li>\n<li><strong>Skiny, ktor\u00e9 ste v\u017edy chceli:<\/strong> Bal\u00ed\u010dek skinov New Millennium obsahuje 5 najlep\u0161\u00edch skinov:  (1) Earth 2 Dark Knight, (2) Long Halloween Batman\u2122, (3) Batman\u2122: Dark Knight of the Round Table, (4) Thrillkiller Batman\u2122, (5) Earth 2 Batman\u2122, (6) Classic Tim Drake Robin<\/li>\n<\/ul>\n<h2 class=\"bb_tag\" >DLC Initiation \u2013 hlavn\u00e9 vlastnosti:<\/h2>\n<ul class=\"bb_ul\">\n<li><strong>Cestujte sp\u00e4\u0165 v \u010dase:<\/strong>   Vyberte sa do \u010dias, ke\u010f Batman\u2122 e\u0161te neexistoval, a ovl\u00e1dnite mlad\u00e9ho Brucea Waynea v z\u00e1vere\u010dnej f\u00e1ze jeho v\u00fdcviku bojov\u00fdch umen\u00ed. Za\u017eite exotick\u00e9 lokality, vr\u00e1tane bambusov\u00e9ho lesa a kl\u00e1\u0161tora na vrchole hory.<\/li>\n<li><strong>Kde Batman naozaj za\u010dal:<\/strong> Sta\u0148te sa svedkom zrodu najsilnej\u0161ieho bojovn\u00edka proti zlo\u010dinu na svete s t\u00fdmto DLC obsahuj\u00facim 2 skiny (Bruce Wayne a Vigilante Bruce Wayne), \u0161tyri v\u00fdzvy a v\u00fdzvu kampa\u0148. <\/li>\n<\/ul>\n<h2 class=\"bb_tag\" >Cold, Cold Heart DLC \u2013 hlavn\u00e9 vlastnosti:<\/h2>\n<ul class=\"bb_ul\">\n<li>Vr\u00e1\u0165te sa do Gotham City, aby ste osl\u00e1vili Nov\u00fd rok v \u0161t\u00fdle Arkham Origins. Ke\u010f  je gener\u00e1lny riadite\u013e GothCorpu unesen\u00fd Mr. Freezom, Batman\u2122 sa vyd\u00e1va na cestu, aby ho postavil pred spravodlivos\u0165. Po ceste odhal\u00ed tragick\u00fa hist\u00f3riu svojho nov\u00e9ho nepriate\u013ea, \u010do n\u00e1\u0161ho hrdinu podnieti k pokusu o nemo\u017en\u00e9: zachr\u00e1ni\u0165 obe\u0165 aj zloducha.  \u010cakaj\u00fa v\u00e1s hodiny pr\u00edbehovo orientovanej hry a  nov\u00fd obsah otvoren\u00e9ho sveta!<\/li>\n<\/ul>\n","protected":false},"excerpt":{"rendered":"<p>Vylep\u0161ite svoj z\u00e1\u017eitok z hry ARKHAM ORIGINS zak\u00fapen\u00edm sez\u00f3nnej permanentky e\u0161te dnes! Z\u00edskajte pr\u00edstup k nov\u00fdm v\u00fdzvam, dvom bal\u00ed\u010dkom skinov a epick\u00e9mu nov\u00e9mu pr\u00edbehov\u00e9mu dobrodru\u017estvu. Okrem hod\u00edn nov\u00e9ho obsahu odomknete aj dva exkluz\u00edvne skiny Batman\u2122: Gotham by Gaslight Batman\u2122 a Brightest Day Batman\u2122.<\/p>\n","protected":false},"featured_media":36141,"comment_status":"open","ping_status":"closed","template":"","meta":{"_acf_changed":false},"product_brand":[],"product_cat":[270,272,268,266,312],"product_tag":[],"class_list":{"0":"post-100856","1":"product","2":"type-product","3":"status-publish","4":"has-post-thumbnail","6":"product_cat-adventury-pc-hry-sk","7":"product_cat-akcni-pc-sk","8":"product_cat-pc-sk","9":"product_cat-pc-hry-sk","10":"product_cat-steam-pc-sk","11":"pa_audio-de-de","12":"pa_audio-en-us","13":"pa_audio-es-es","14":"pa_audio-fr-fr","15":"pa_audio-it-it","16":"pa_audio-pt-br","18":"pa_countries-ad","19":"pa_countries-ae","20":"pa_countries-af","21":"pa_countries-ag","22":"pa_countries-ai","23":"pa_countries-al","24":"pa_countries-am","25":"pa_countries-ao","26":"pa_countries-aq","27":"pa_countries-ar","28":"pa_countries-as","29":"pa_countries-at","30":"pa_countries-au","31":"pa_countries-aw","32":"pa_countries-ax","33":"pa_countries-az","34":"pa_countries-ba","35":"pa_countries-bb","36":"pa_countries-bd","37":"pa_countries-be","38":"pa_countries-bf","39":"pa_countries-bg","40":"pa_countries-bh","41":"pa_countries-bi","42":"pa_countries-bj","43":"pa_countries-bl","44":"pa_countries-bm","45":"pa_countries-bn","46":"pa_countries-bo","47":"pa_countries-bq","48":"pa_countries-br","49":"pa_countries-bs","50":"pa_countries-bt","51":"pa_countries-bv","52":"pa_countries-bw","53":"pa_countries-bz","54":"pa_countries-ca","55":"pa_countries-cc","56":"pa_countries-cd","57":"pa_countries-cf","58":"pa_countries-cg","59":"pa_countries-ch","60":"pa_countries-ci","61":"pa_countries-ck","62":"pa_countries-cl","63":"pa_countries-cm","64":"pa_countries-cn","65":"pa_countries-co","66":"pa_countries-cr","67":"pa_countries-cu","68":"pa_countries-cv","69":"pa_countries-cw","70":"pa_countries-cx","71":"pa_countries-cy","72":"pa_countries-cz","73":"pa_countries-de","74":"pa_countries-dj","75":"pa_countries-dk","76":"pa_countries-dm","77":"pa_countries-do","78":"pa_countries-dz","79":"pa_countries-ec","80":"pa_countries-ee","81":"pa_countries-eg","82":"pa_countries-eh","83":"pa_countries-er","84":"pa_countries-es","85":"pa_countries-et","86":"pa_countries-fi","87":"pa_countries-fj","88":"pa_countries-fk","89":"pa_countries-fm","90":"pa_countries-fo","91":"pa_countries-fr","92":"pa_countries-ga","93":"pa_countries-gb","94":"pa_countries-gd","95":"pa_countries-ge","96":"pa_countries-gf","97":"pa_countries-gg","98":"pa_countries-gh","99":"pa_countries-gi","100":"pa_countries-gl","101":"pa_countries-gm","102":"pa_countries-gn","103":"pa_countries-gp","104":"pa_countries-gq","105":"pa_countries-gr","106":"pa_countries-gs","107":"pa_countries-gt","108":"pa_countries-gu","109":"pa_countries-gw","110":"pa_countries-gy","111":"pa_countries-hk","112":"pa_countries-hm","113":"pa_countries-hn","114":"pa_countries-hr","115":"pa_countries-ht","116":"pa_countries-hu","117":"pa_countries-id","118":"pa_countries-ie","119":"pa_countries-il","120":"pa_countries-im","121":"pa_countries-in","122":"pa_countries-io","123":"pa_countries-iq","124":"pa_countries-ir","125":"pa_countries-is","126":"pa_countries-it","127":"pa_countries-je","128":"pa_countries-jm","129":"pa_countries-jo","130":"pa_countries-jp","131":"pa_countries-ke","132":"pa_countries-kg","133":"pa_countries-kh","134":"pa_countries-ki","135":"pa_countries-km","136":"pa_countries-kn","137":"pa_countries-kp","138":"pa_countries-kr","139":"pa_countries-kw","140":"pa_countries-ky","141":"pa_countries-kz","142":"pa_countries-la","143":"pa_countries-lb","144":"pa_countries-lc","145":"pa_countries-li","146":"pa_countries-lk","147":"pa_countries-lr","148":"pa_countries-ls","149":"pa_countries-lt","150":"pa_countries-lu","151":"pa_countries-lv","152":"pa_countries-ly","153":"pa_countries-ma","154":"pa_countries-mc","155":"pa_countries-md","156":"pa_countries-me","157":"pa_countries-mf","158":"pa_countries-mg","159":"pa_countries-mh","160":"pa_countries-mk","161":"pa_countries-ml","162":"pa_countries-mm","163":"pa_countries-mn","164":"pa_countries-mo","165":"pa_countries-mp","166":"pa_countries-mq","167":"pa_countries-mr","168":"pa_countries-ms","169":"pa_countries-mt","170":"pa_countries-mu","171":"pa_countries-mv","172":"pa_countries-mw","173":"pa_countries-mx","174":"pa_countries-my","175":"pa_countries-mz","176":"pa_countries-na","177":"pa_countries-nc","178":"pa_countries-ne","179":"pa_countries-nf","180":"pa_countries-ng","181":"pa_countries-ni","182":"pa_countries-nl","183":"pa_countries-no","184":"pa_countries-np","185":"pa_countries-nr","186":"pa_countries-nu","187":"pa_countries-nz","188":"pa_countries-om","189":"pa_countries-pa","190":"pa_countries-pe","191":"pa_countries-pf","192":"pa_countries-pg","193":"pa_countries-ph","194":"pa_countries-pk","195":"pa_countries-pl","196":"pa_countries-pm","197":"pa_countries-pn","198":"pa_countries-pr","199":"pa_countries-ps","200":"pa_countries-pt","201":"pa_countries-pw","202":"pa_countries-py","203":"pa_countries-qa","204":"pa_countries-re","205":"pa_countries-ro","206":"pa_countries-rs","207":"pa_countries-rw","208":"pa_countries-sa","209":"pa_countries-sb","210":"pa_countries-sc","211":"pa_countries-sd","212":"pa_countries-se","213":"pa_countries-sg","214":"pa_countries-sh","215":"pa_countries-si","216":"pa_countries-sj","217":"pa_countries-sk","218":"pa_countries-sl","219":"pa_countries-sm","220":"pa_countries-sn","221":"pa_countries-so","222":"pa_countries-sr","223":"pa_countries-ss","225":"pa_countries-st","226":"pa_countries-sv","227":"pa_countries-sx","228":"pa_countries-sy","229":"pa_countries-sz","230":"pa_countries-tc","231":"pa_countries-td","232":"pa_countries-tf","233":"pa_countries-tg","234":"pa_countries-th","235":"pa_countries-tj","236":"pa_countries-tk","237":"pa_countries-tl","238":"pa_countries-tm","239":"pa_countries-tn","240":"pa_countries-to","241":"pa_countries-tr","242":"pa_countries-tt","243":"pa_countries-tv","244":"pa_countries-tw","245":"pa_countries-tz","246":"pa_countries-ua","247":"pa_countries-ug","248":"pa_countries-um","249":"pa_countries-us","250":"pa_countries-uy","251":"pa_countries-uz","252":"pa_countries-va","253":"pa_countries-vc","254":"pa_countries-ve","255":"pa_countries-vg","256":"pa_countries-vi","257":"pa_countries-vn","258":"pa_countries-vu","259":"pa_countries-wf","260":"pa_countries-ws","261":"pa_countries-xk","262":"pa_countries-ye","263":"pa_countries-yt","264":"pa_countries-za","265":"pa_countries-zm","266":"pa_countries-zw","267":"pa_developer-rocksteady-studios","268":"pa_developer-rocksteady-studios-2","269":"pa_franchises-batman","271":"pa_game_type-dlc","273":"pa_genres-adventure","274":"pa_genres-hack-and-slash-beat-em-up","276":"pa_interface-de-de","277":"pa_interface-en-us","278":"pa_interface-es-es","279":"pa_interface-fr-fr","280":"pa_interface-it-it","281":"pa_interface-ko-kr","282":"pa_interface-pl-pl","283":"pa_interface-pt-br","284":"pa_interface-ru-ru","286":"pa_modes-single-player","288":"pa_pegi-956","289":"pa_pegi-13432","290":"pa_platform-pc-steam","292":"pa_player_perspectives-third-person","294":"pa_publisher-warner-bros-interactive-entertainment","296":"pa_rating-14441","297":"pa_rating-773","298":"pa_region-global","300":"pa_subtitles-de-de","302":"pa_subtitles-en-us","303":"pa_subtitles-es-es","304":"pa_subtitles-fr-fr","305":"pa_subtitles-it-it","306":"pa_subtitles-ko-kr","307":"pa_subtitles-pl-pl","308":"pa_subtitles-pt-br","309":"pa_subtitles-ru-ru","310":"pa_themes-action","313":"first","314":"outofstock","315":"virtual","316":"taxable","317":"purchasable","318":"product-type-simple"},"yoast_head":"<!-- This site is optimized with the Yoast SEO plugin v27.3 - https:\/\/yoast.com\/product\/yoast-seo-wordpress\/ -->\n<title>Batman: Arkham Origins - Season Pass | BeGamer.cz<\/title>\n<meta name=\"robots\" content=\"index, follow, max-snippet:-1, max-image-preview:large, max-video-preview:-1\" \/>\n<link rel=\"canonical\" href=\"https:\/\/begamer.cz\/sk\/produkt\/batman-arkham-origins-season-pass-sk\/\" \/>\n<meta property=\"og:locale\" content=\"sk_SK\" \/>\n<meta property=\"og:type\" content=\"article\" \/>\n<meta property=\"og:title\" content=\"Batman: Arkham Origins - Season Pass | BeGamer.cz\" \/>\n<meta property=\"og:description\" content=\"Vylep\u0161ite svoj z\u00e1\u017eitok z hry ARKHAM ORIGINS zak\u00fapen\u00edm sez\u00f3nnej permanentky e\u0161te dnes! Z\u00edskajte pr\u00edstup k nov\u00fdm v\u00fdzvam, dvom bal\u00ed\u010dkom skinov a epick\u00e9mu nov\u00e9mu pr\u00edbehov\u00e9mu dobrodru\u017estvu. Okrem hod\u00edn nov\u00e9ho obsahu odomknete aj dva exkluz\u00edvne skiny Batman\u2122: Gotham by Gaslight Batman\u2122 a Brightest Day Batman\u2122.\" \/>\n<meta property=\"og:url\" content=\"https:\/\/begamer.cz\/sk\/produkt\/batman-arkham-origins-season-pass-sk\/\" \/>\n<meta property=\"og:site_name\" content=\"BeGamer.cz\" \/>\n<meta property=\"article:modified_time\" content=\"2026-03-11T08:05:53+00:00\" \/>\n<meta property=\"og:image\" content=\"https:\/\/begamer.cz\/wp-content\/uploads\/2026\/01\/batman-arkham-origins-season-pass-3.webp\" \/>\n\t<meta property=\"og:image:width\" content=\"300\" \/>\n\t<meta property=\"og:image:height\" content=\"400\" \/>\n\t<meta property=\"og:image:type\" content=\"image\/webp\" \/>\n<meta name=\"twitter:card\" content=\"summary_large_image\" \/>\n<meta name=\"twitter:label1\" content=\"Predpokladan\u00fd \u010das \u010d\u00edtania\" \/>\n\t<meta name=\"twitter:data1\" content=\"3 min\u00faty\" \/>\n<script type=\"application\/ld+json\" class=\"yoast-schema-graph\">{\"@context\":\"https:\\\/\\\/schema.org\",\"@graph\":[{\"@type\":\"WebPage\",\"@id\":\"https:\\\/\\\/begamer.cz\\\/sk\\\/produkt\\\/batman-arkham-origins-season-pass-sk\\\/\",\"url\":\"https:\\\/\\\/begamer.cz\\\/sk\\\/produkt\\\/batman-arkham-origins-season-pass-sk\\\/\",\"name\":\"Batman: Arkham Origins - Season Pass | BeGamer.cz\",\"isPartOf\":{\"@id\":\"https:\\\/\\\/begamer.cz\\\/sk\\\/#website\"},\"primaryImageOfPage\":{\"@id\":\"https:\\\/\\\/begamer.cz\\\/sk\\\/produkt\\\/batman-arkham-origins-season-pass-sk\\\/#primaryimage\"},\"image\":{\"@id\":\"https:\\\/\\\/begamer.cz\\\/sk\\\/produkt\\\/batman-arkham-origins-season-pass-sk\\\/#primaryimage\"},\"thumbnailUrl\":\"https:\\\/\\\/begamer.cz\\\/wp-content\\\/uploads\\\/2026\\\/01\\\/batman-arkham-origins-season-pass-3.webp\",\"datePublished\":\"2026-01-30T17:17:55+00:00\",\"dateModified\":\"2026-03-11T08:05:53+00:00\",\"breadcrumb\":{\"@id\":\"https:\\\/\\\/begamer.cz\\\/sk\\\/produkt\\\/batman-arkham-origins-season-pass-sk\\\/#breadcrumb\"},\"inLanguage\":\"sk-SK\",\"potentialAction\":[{\"@type\":\"ReadAction\",\"target\":[\"https:\\\/\\\/begamer.cz\\\/sk\\\/produkt\\\/batman-arkham-origins-season-pass-sk\\\/\"]}]},{\"@type\":\"ImageObject\",\"inLanguage\":\"sk-SK\",\"@id\":\"https:\\\/\\\/begamer.cz\\\/sk\\\/produkt\\\/batman-arkham-origins-season-pass-sk\\\/#primaryimage\",\"url\":\"https:\\\/\\\/begamer.cz\\\/wp-content\\\/uploads\\\/2026\\\/01\\\/batman-arkham-origins-season-pass-3.webp\",\"contentUrl\":\"https:\\\/\\\/begamer.cz\\\/wp-content\\\/uploads\\\/2026\\\/01\\\/batman-arkham-origins-season-pass-3.webp\",\"width\":300,\"height\":400},{\"@type\":\"BreadcrumbList\",\"@id\":\"https:\\\/\\\/begamer.cz\\\/sk\\\/produkt\\\/batman-arkham-origins-season-pass-sk\\\/#breadcrumb\",\"itemListElement\":[{\"@type\":\"ListItem\",\"position\":1,\"name\":\"Domov\",\"item\":\"https:\\\/\\\/begamer.cz\\\/sk\\\/\"},{\"@type\":\"ListItem\",\"position\":2,\"name\":\"Obchod\",\"item\":\"https:\\\/\\\/begamer.cz\\\/obchod\\\/\"},{\"@type\":\"ListItem\",\"position\":3,\"name\":\"Batman: Arkham Origins \u2013 Season Pass\"}]},{\"@type\":\"WebSite\",\"@id\":\"https:\\\/\\\/begamer.cz\\\/sk\\\/#website\",\"url\":\"https:\\\/\\\/begamer.cz\\\/sk\\\/\",\"name\":\"BeGamer.cz\",\"description\":\"\",\"publisher\":{\"@id\":\"https:\\\/\\\/begamer.cz\\\/sk\\\/#organization\"},\"potentialAction\":[{\"@type\":\"SearchAction\",\"target\":{\"@type\":\"EntryPoint\",\"urlTemplate\":\"https:\\\/\\\/begamer.cz\\\/sk\\\/?s={search_term_string}\"},\"query-input\":{\"@type\":\"PropertyValueSpecification\",\"valueRequired\":true,\"valueName\":\"search_term_string\"}}],\"inLanguage\":\"sk-SK\"},{\"@type\":\"Organization\",\"@id\":\"https:\\\/\\\/begamer.cz\\\/sk\\\/#organization\",\"name\":\"BeGamer.cz\",\"url\":\"https:\\\/\\\/begamer.cz\\\/sk\\\/\",\"logo\":{\"@type\":\"ImageObject\",\"inLanguage\":\"sk-SK\",\"@id\":\"https:\\\/\\\/begamer.cz\\\/sk\\\/#\\\/schema\\\/logo\\\/image\\\/\",\"url\":\"https:\\\/\\\/begamer.cz\\\/wp-content\\\/uploads\\\/2025\\\/07\\\/logo.svg\",\"contentUrl\":\"https:\\\/\\\/begamer.cz\\\/wp-content\\\/uploads\\\/2025\\\/07\\\/logo.svg\",\"caption\":\"BeGamer.cz\"},\"image\":{\"@id\":\"https:\\\/\\\/begamer.cz\\\/sk\\\/#\\\/schema\\\/logo\\\/image\\\/\"}}]}<\/script>\n<!-- \/ Yoast SEO plugin. -->","yoast_head_json":{"title":"Batman: Arkham Origins - Season Pass | BeGamer.cz","robots":{"index":"index","follow":"follow","max-snippet":"max-snippet:-1","max-image-preview":"max-image-preview:large","max-video-preview":"max-video-preview:-1"},"canonical":"https:\/\/begamer.cz\/sk\/produkt\/batman-arkham-origins-season-pass-sk\/","og_locale":"sk_SK","og_type":"article","og_title":"Batman: Arkham Origins - Season Pass | BeGamer.cz","og_description":"Vylep\u0161ite svoj z\u00e1\u017eitok z hry ARKHAM ORIGINS zak\u00fapen\u00edm sez\u00f3nnej permanentky e\u0161te dnes! Z\u00edskajte pr\u00edstup k nov\u00fdm v\u00fdzvam, dvom bal\u00ed\u010dkom skinov a epick\u00e9mu nov\u00e9mu pr\u00edbehov\u00e9mu dobrodru\u017estvu. Okrem hod\u00edn nov\u00e9ho obsahu odomknete aj dva exkluz\u00edvne skiny Batman\u2122: Gotham by Gaslight Batman\u2122 a Brightest Day Batman\u2122.","og_url":"https:\/\/begamer.cz\/sk\/produkt\/batman-arkham-origins-season-pass-sk\/","og_site_name":"BeGamer.cz","article_modified_time":"2026-03-11T08:05:53+00:00","og_image":[{"width":300,"height":400,"url":"https:\/\/begamer.cz\/wp-content\/uploads\/2026\/01\/batman-arkham-origins-season-pass-3.webp","type":"image\/webp"}],"twitter_card":"summary_large_image","twitter_misc":{"Predpokladan\u00fd \u010das \u010d\u00edtania":"3 min\u00faty"},"schema":{"@context":"https:\/\/schema.org","@graph":[{"@type":"WebPage","@id":"https:\/\/begamer.cz\/sk\/produkt\/batman-arkham-origins-season-pass-sk\/","url":"https:\/\/begamer.cz\/sk\/produkt\/batman-arkham-origins-season-pass-sk\/","name":"Batman: Arkham Origins - Season Pass | BeGamer.cz","isPartOf":{"@id":"https:\/\/begamer.cz\/sk\/#website"},"primaryImageOfPage":{"@id":"https:\/\/begamer.cz\/sk\/produkt\/batman-arkham-origins-season-pass-sk\/#primaryimage"},"image":{"@id":"https:\/\/begamer.cz\/sk\/produkt\/batman-arkham-origins-season-pass-sk\/#primaryimage"},"thumbnailUrl":"https:\/\/begamer.cz\/wp-content\/uploads\/2026\/01\/batman-arkham-origins-season-pass-3.webp","datePublished":"2026-01-30T17:17:55+00:00","dateModified":"2026-03-11T08:05:53+00:00","breadcrumb":{"@id":"https:\/\/begamer.cz\/sk\/produkt\/batman-arkham-origins-season-pass-sk\/#breadcrumb"},"inLanguage":"sk-SK","potentialAction":[{"@type":"ReadAction","target":["https:\/\/begamer.cz\/sk\/produkt\/batman-arkham-origins-season-pass-sk\/"]}]},{"@type":"ImageObject","inLanguage":"sk-SK","@id":"https:\/\/begamer.cz\/sk\/produkt\/batman-arkham-origins-season-pass-sk\/#primaryimage","url":"https:\/\/begamer.cz\/wp-content\/uploads\/2026\/01\/batman-arkham-origins-season-pass-3.webp","contentUrl":"https:\/\/begamer.cz\/wp-content\/uploads\/2026\/01\/batman-arkham-origins-season-pass-3.webp","width":300,"height":400},{"@type":"BreadcrumbList","@id":"https:\/\/begamer.cz\/sk\/produkt\/batman-arkham-origins-season-pass-sk\/#breadcrumb","itemListElement":[{"@type":"ListItem","position":1,"name":"Domov","item":"https:\/\/begamer.cz\/sk\/"},{"@type":"ListItem","position":2,"name":"Obchod","item":"https:\/\/begamer.cz\/obchod\/"},{"@type":"ListItem","position":3,"name":"Batman: Arkham Origins \u2013 Season Pass"}]},{"@type":"WebSite","@id":"https:\/\/begamer.cz\/sk\/#website","url":"https:\/\/begamer.cz\/sk\/","name":"BeGamer.cz","description":"","publisher":{"@id":"https:\/\/begamer.cz\/sk\/#organization"},"potentialAction":[{"@type":"SearchAction","target":{"@type":"EntryPoint","urlTemplate":"https:\/\/begamer.cz\/sk\/?s={search_term_string}"},"query-input":{"@type":"PropertyValueSpecification","valueRequired":true,"valueName":"search_term_string"}}],"inLanguage":"sk-SK"},{"@type":"Organization","@id":"https:\/\/begamer.cz\/sk\/#organization","name":"BeGamer.cz","url":"https:\/\/begamer.cz\/sk\/","logo":{"@type":"ImageObject","inLanguage":"sk-SK","@id":"https:\/\/begamer.cz\/sk\/#\/schema\/logo\/image\/","url":"https:\/\/begamer.cz\/wp-content\/uploads\/2025\/07\/logo.svg","contentUrl":"https:\/\/begamer.cz\/wp-content\/uploads\/2025\/07\/logo.svg","caption":"BeGamer.cz"},"image":{"@id":"https:\/\/begamer.cz\/sk\/#\/schema\/logo\/image\/"}}]}},"acf":[],"_links":{"self":[{"href":"https:\/\/begamer.cz\/sk\/wp-json\/wp\/v2\/product\/100856","targetHints":{"allow":["GET"]}}],"collection":[{"href":"https:\/\/begamer.cz\/sk\/wp-json\/wp\/v2\/product"}],"about":[{"href":"https:\/\/begamer.cz\/sk\/wp-json\/wp\/v2\/types\/product"}],"replies":[{"embeddable":true,"href":"https:\/\/begamer.cz\/sk\/wp-json\/wp\/v2\/comments?post=100856"}],"wp:featuredmedia":[{"embeddable":true,"href":"https:\/\/begamer.cz\/sk\/wp-json\/wp\/v2\/media\/36141"}],"wp:attachment":[{"href":"https:\/\/begamer.cz\/sk\/wp-json\/wp\/v2\/media?parent=100856"}],"wp:term":[{"taxonomy":"product_brand","embeddable":true,"href":"https:\/\/begamer.cz\/sk\/wp-json\/wp\/v2\/product_brand?post=100856"},{"taxonomy":"product_cat","embeddable":true,"href":"https:\/\/begamer.cz\/sk\/wp-json\/wp\/v2\/product_cat?post=100856"},{"taxonomy":"product_tag","embeddable":true,"href":"https:\/\/begamer.cz\/sk\/wp-json\/wp\/v2\/product_tag?post=100856"}],"curies":[{"name":"wp","href":"https:\/\/api.w.org\/{rel}","templated":true}]}}