{"id":100793,"date":"2026-01-30T18:16:41","date_gmt":"2026-01-30T17:16:41","guid":{"rendered":"https:\/\/begamer.cz\/produkt\/planet-coaster-2-sk\/"},"modified":"2026-03-11T09:03:22","modified_gmt":"2026-03-11T08:03:22","slug":"planet-coaster-2-sk","status":"publish","type":"product","link":"https:\/\/begamer.cz\/sk\/produkt\/planet-coaster-2-sk\/","title":{"rendered":"Planet Coaster 2"},"content":{"rendered":"<h1>O hre<\/h1>\n<p class=\"bb_paragraph\" >Vytvorte senz\u00e1ciu s Planet Coaster 2 \u2013 pokra\u010dovan\u00edm najlep\u0161ieho simul\u00e1tora z\u00e1bavn\u00e9ho parku na svete! \u00a0 <\/p>\n<p class=\"bb_paragraph\" >\n<p class=\"bb_paragraph\" >Dosiahnite nov\u00e9 v\u00fd\u0161ky kreativity, mana\u017ementu a zdie\u013eania pri stavbe z\u00e1bavn\u00fdch parkov svojich snov, v ktor\u00fdch kombinujete epick\u00e9 vodn\u00e9 atrakcie a horsk\u00e9 dr\u00e1hy, aby ste pote\u0161ili a nadchli n\u00e1v\u0161tevn\u00edkov svojho parku.\u00a0 <\/p>\n<p class=\"bb_paragraph\" >\n<p class=\"bb_paragraph\" >Ponorte sa do hry u\u017e teraz!\u00a0<\/p>\n<p class=\"bb_paragraph\" >\n<p class=\"bb_paragraph\" ><span class=\"bb_img_ctn\"><video class=\"bb_img\" autoplay muted loop playsinline crossorigin=\"anonymous\" poster=\"https:\/\/shared.akamai.steamstatic.com\/store_item_assets\/steam\/apps\/2688950\/extras\/570392eb2968f42ba383e7a4867cf4f9.poster.avif?t=1759161377\" width=616 height=180 ><source src=\"https:\/\/shared.akamai.steamstatic.com\/store_item_assets\/steam\/apps\/2688950\/extras\/570392eb2968f42ba383e7a4867cf4f9.webm?t=1759161377\" type=\"video\/webm; codecs=vp9\"><\/video><\/span><\/p>\n<h2 class=\"bb_tag\" >Roz\u0161\u00edrte svoju fant\u00e1ziu:<\/h2>\n<p class=\"bb_paragraph\" > Vylep\u0161en\u00e9 a zdokonalen\u00e9 n\u00e1stroje na stavbu a vytv\u00e1ranie ciest v\u00e1m umo\u017enia vytv\u00e1ra\u0165 spektakul\u00e1rne, realistick\u00e9 z\u00e1bavn\u00e9 parky s roz\u013eahl\u00fdmi n\u00e1mestiami. Zanechajte svoju stopu na svete, ke\u010f tvarujete ter\u00e9n a zap\u013a\u0148ate svoj park \u00fa\u017easn\u00fdmi baz\u00e9nmi a vzru\u0161uj\u00facimi atrakciami. Nikdy nebolo jednoduch\u0161ie o\u017eivi\u0165 park svojich snov.<\/p>\n<h2 class=\"bb_tag\" >Vytvorte dokonal\u00fd z\u00e1bavn\u00fd park:<\/h2>\n<p class=\"bb_paragraph\" >Ponorte sa do sveta kreativity s deviatimi r\u00f4znymi t\u00e9mami, od n\u00e1vratu klas\u00edk ako Pir\u00e1t a Western, a\u017e po vzru\u0161uj\u00face nov\u00e9 pr\u00edrastky ako Viking a Mytol\u00f3gia. S tis\u00edckami tematick\u00fdch prisp\u00f4sobite\u013en\u00fdch dielov na dosah ruky bude ka\u017ed\u00e9 dielo skuto\u010dne jedine\u010dn\u00e9.<\/p>\n<h2 class=\"bb_tag\" >Prisp\u00f4sobenie na vy\u0161\u0161ej \u00farovni:<\/h2>\n<p class=\"bb_paragraph\" > Vydajte sa na nezabudnute\u013en\u00fd z\u00e1\u017eitok v z\u00e1bavnom parku a posu\u0148te hranice kreativity ako nikdy predt\u00fdm!  Popustite uzdu svojej fant\u00e1zii a vytvorte naj\u00fa\u017easnej\u0161ie tematick\u00e9 v\u00fdtvory s pomocou bezkonkuren\u010dn\u00fdch n\u00e1strojov na prisp\u00f4sobenie! Po prv\u00fdkr\u00e1t m\u00f4\u017eete intuit\u00edvne prid\u00e1va\u0165 \u0161k\u00e1lovate\u013en\u00e9 scen\u00e9rie a objekty do ka\u017edej atrakcie, aby ste vylep\u0161ili svoj park a poskytli svojim hos\u0165om nezabudnute\u013en\u00fd de\u0148.\u00a0 <\/p>\n<h2 class=\"bb_tag\" >Kombinujte epick\u00e9 vodn\u00e9 a horsk\u00e9 dr\u00e1hy:<\/h2>\n<p class=\"bb_paragraph\" > Vytvorte dokonal\u00fd z\u00e1\u017eitok pre svojich host\u00ed, ktor\u00ed h\u013eadaj\u00fa vzru\u0161enie, pomocou kon\u0161trukcie po \u010dastiach. Postavte pestr\u00fa \u0161k\u00e1lu vzru\u0161uj\u00facich horsk\u00fdch dr\u00e1h a \u00fa\u017easn\u00fdch atrakci\u00ed. Navrhnite dokonale prepojen\u00fd parkov\u00fd raj s trblietav\u00fdmi baz\u00e9nmi a k\u013eukat\u00fdmi vodn\u00fdmi toboganmi.\u00a0\u00a0\u00a0 <\/p>\n<h2 class=\"bb_tag\" >Vytvorte nezabudnute\u013en\u00e9 z\u00e1\u017eitky:<\/h2>\n<p class=\"bb_paragraph\" > Prekvapte a ohromte svojich host\u00ed dramatickou atmosf\u00e9rou skuto\u010dn\u00fdch z\u00e1bavn\u00fdch parkov v\u010faka \u00faplne nov\u00e9mu n\u00e1stroju na sekvencovanie udalost\u00ed, zatia\u013e \u010do sofistikovan\u00e9 glob\u00e1lne osvetlenie prinesie z\u00e1\u017eitok zo z\u00e1bavn\u00e9ho parku do v\u00e1\u0161ho domova s ohromuj\u00facou grafikou a p\u00f4sobivou autentickos\u0165ou.\u00a0 <\/p>\n<p class=\"bb_paragraph\" >\n<p class=\"bb_paragraph\" ><span class=\"bb_img_ctn\"><video class=\"bb_img\" autoplay muted loop playsinline crossorigin=\"anonymous\" poster=\"https:\/\/shared.akamai.steamstatic.com\/store_item_assets\/steam\/apps\/2688950\/extras\/ec0934b3c0bf3c70336885276cdc2ebf.poster.avif?t=1759161377\" width=616 height=180 ><source src=\"https:\/\/shared.akamai.steamstatic.com\/store_item_assets\/steam\/apps\/2688950\/extras\/ec0934b3c0bf3c70336885276cdc2ebf.webm?t=1759161377\" type=\"video\/webm; codecs=vp9\"><\/video><\/span><\/p>\n<h2 class=\"bb_tag\" >N\u00e1jdite tajomstvo \u00faspechu:<\/h2>\n<p class=\"bb_paragraph\" > Vyv\u00e1\u017ete vzru\u0161enie svojich host\u00ed s riaden\u00edm rozpo\u010dtu \u2013 napl\u0148te svoj park \u00fa\u017easn\u00fdmi efekt\u00edvne poh\u00e1\u0148an\u00fdmi atrakciami a spr\u00e1vnymi zariadeniami, aby ste zv\u00fd\u0161ili svoje hodnotenie a stali sa majstrom z\u00e1bavn\u00fdch parkov.\u00a0 <\/p>\n<h2 class=\"bb_tag\" >Starajte sa:<\/h2>\n<p class=\"bb_paragraph\" > Zabezpe\u010dte zdravie, pohodu a \u0161\u0165astie svojich host\u00ed, aby v\u00e1\u0161 park mohol prosperova\u0165. S \u00faplne nov\u00fdmi vodn\u00fdmi parkami prich\u00e1dza potreba tieni, opa\u013eovac\u00edch kr\u00e9mov, plav\u010d\u00edkov, prezliekarn\u00ed a \u010fal\u0161\u00edch vec\u00ed, aby si ka\u017ed\u00fd u\u017eil svoj de\u0148 v baz\u00e9ne aj mimo neho.\u00a0 <\/p>\n<h2 class=\"bb_tag\" >Spokojnos\u0165 zaru\u010den\u00e1:<\/h2>\n<p class=\"bb_paragraph\" > Porozumie\u0165 \u017eelaniam a potreb\u00e1m va\u0161ich host\u00ed nikdy nebolo jednoduch\u0161ie! Nov\u00e1 funkcia \u201etepeln\u00fdch m\u00e1p\u201c v\u00e1m umo\u017e\u0148uje na prv\u00fd poh\u013ead pochopi\u0165 \u0161ir\u0161ie potreby parku, ne\u017e sa ponor\u00edte do detailov \u2013 sta\u010d\u00ed vybra\u0165 ak\u00e9hoko\u013evek hos\u0165a a uvid\u00edte, ako si on a jeho najbli\u017e\u0161ia skupina u\u017e\u00edvaj\u00fa v\u00e1\u0161 z\u00e1bavn\u00fd park. \u00a0 <\/p>\n<p class=\"bb_paragraph\" >\n<p class=\"bb_paragraph\" ><span class=\"bb_img_ctn\"><video class=\"bb_img\" autoplay muted loop playsinline crossorigin=\"anonymous\" poster=\"https:\/\/shared.akamai.steamstatic.com\/store_item_assets\/steam\/apps\/2688950\/extras\/25d26c7a744743b9e136c094fbe338b7.poster.avif?t=1759161377\" width=616 height=180 ><source src=\"https:\/\/shared.akamai.steamstatic.com\/store_item_assets\/steam\/apps\/2688950\/extras\/25d26c7a744743b9e136c094fbe338b7.webm?t=1759161377\" type=\"video\/webm; codecs=vp9\"><\/video><\/span><\/p>\n<h2 class=\"bb_tag\" >Tvorte spolo\u010dne:<\/h2>\n<p class=\"bb_paragraph\" > Uvo\u013enite svoju kolekt\u00edvnu kreativitu v re\u017eime Sandbox. Striedajte sa pri budovan\u00ed parku s hr\u00e1\u010dmi z cel\u00e9ho sveta pomocou zdie\u013ean\u00e9ho ukladania naprie\u010d platformami!\u00a0 <\/p>\n<h2 class=\"bb_tag\" >Hrajte spolo\u010dne:<\/h2>\n<p class=\"bb_paragraph\" > Po prv\u00fdkr\u00e1t v hist\u00f3rii spolupracujte s priate\u013emi v re\u017eime Franchise Mode, aby ste vytvorili najlep\u0161ie imp\u00e9rium z\u00e1bavn\u00fdch parkov a s\u00fa\u0165a\u017eili s ostatn\u00fdmi o prv\u00e9 miesto v celosvetov\u00fdch rebr\u00ed\u010dkoch!\u00a0 <\/p>\n<h2 class=\"bb_tag\" >Nav\u0161t\u00edvte spolo\u010dne:<\/h2>\n<p class=\"bb_paragraph\" > Vychutnajte si z\u00e1bavu a spoznajte zbl\u00edzka v\u00fdtvory ostatn\u00fdch hr\u00e1\u010dov \u2013 presk\u00famajte ich svety z poh\u013eadu prv\u00e9ho \u010dloveka ako hos\u0165 parku!\u00a0 <\/p>\n<h2 class=\"bb_tag\" >Zdie\u013eajte v\u00fdtvory:<\/h2>\n<p class=\"bb_paragraph\" > Zdie\u013eajte v\u0161etko a \u010doko\u013evek! Nahrajte horsk\u00e9 dr\u00e1hy, atrakcie alebo dokonca cel\u00e9 z\u00e1bavn\u00e9 parky pre ostatn\u00fdch hr\u00e1\u010dov a stiahnite si a pote\u0161te sa v\u00fdtvormi ostatn\u00fdch. V\u0161etko je \u013eahko dostupn\u00e9 z multiplatformov\u00e9ho Frontier Workshopu v hre aj online.\u00a0<\/p>\n","protected":false},"excerpt":{"rendered":"<p>Stavajte a prisp\u00f4sobujte vzru\u0161uj\u00face horsk\u00e9 dr\u00e1hy a neuverite\u013en\u00e9 tobog\u00e1ny, spravujte dokonal\u00fd z\u00e1\u017eitok v z\u00e1bavnom parku a zdie\u013eajte svoje epick\u00e9 v\u00fdtvory. Ste pripraven\u00ed na jazdu na vlne?\u00a0<\/p>\n","protected":false},"featured_media":35628,"comment_status":"open","ping_status":"closed","template":"","meta":{"_acf_changed":false},"product_brand":[],"product_cat":[280,268,266,314,312,318],"product_tag":[],"class_list":{"0":"post-100793","1":"product","2":"type-product","3":"status-publish","4":"has-post-thumbnail","6":"product_cat-dobrodruzne-pc-hry-sk","7":"product_cat-pc-sk","8":"product_cat-pc-hry-sk","9":"product_cat-simulatory-pc-hry-sk","10":"product_cat-steam-pc-sk","11":"product_cat-strategie-pc-hry-sk","12":"pa_audio-de-de","13":"pa_audio-en-gb","14":"pa_audio-en-us","15":"pa_audio-es-es","16":"pa_audio-fr-fr","17":"pa_audio-ja-jp","18":"pa_audio-ko-kr","20":"pa_audio-zh-cn","21":"pa_countries-at","22":"pa_countries-be","23":"pa_countries-bg","24":"pa_countries-cy","25":"pa_countries-cz","27":"pa_countries-de","28":"pa_countries-dk","29":"pa_countries-ee","30":"pa_countries-es","31":"pa_countries-fi","32":"pa_countries-fr","33":"pa_countries-gr","34":"pa_countries-hr","35":"pa_countries-hu","36":"pa_countries-ie","37":"pa_countries-it","38":"pa_countries-lt","39":"pa_countries-lu","40":"pa_countries-lv","41":"pa_countries-mt","42":"pa_countries-nl","43":"pa_countries-pl","44":"pa_countries-pt","45":"pa_countries-ro","46":"pa_countries-se","47":"pa_countries-si","48":"pa_countries-sk","49":"pa_developer-frontier-developments","51":"pa_game_type-main_game","53":"pa_genres-adventure","54":"pa_genres-simulator","55":"pa_genres-strategy","57":"pa_interface-cs-cz","58":"pa_interface-de-de","59":"pa_interface-en-gb","60":"pa_interface-en-us","61":"pa_interface-es-es","62":"pa_interface-fr-fr","63":"pa_interface-it-it","64":"pa_interface-ja-jp","65":"pa_interface-ko-kr","66":"pa_interface-nl-nl","68":"pa_interface-pl-pl","69":"pa_interface-pt-br","70":"pa_interface-zh-cn","71":"pa_interface-zh-tw","72":"pa_modes-multiplayer","74":"pa_modes-single-player","75":"pa_pegi-13430","76":"pa_pegi-943","77":"pa_platform-pc-steam","79":"pa_player_perspectives-bird-view-isometric","81":"pa_publisher-frontier-developments","83":"pa_rating-1753","84":"pa_rating-14548","85":"pa_region-row","87":"pa_subtitles-cs-cz","88":"pa_subtitles-de-de","89":"pa_subtitles-en-gb","90":"pa_subtitles-en-us","91":"pa_subtitles-es-es","92":"pa_subtitles-fr-fr","93":"pa_subtitles-it-it","94":"pa_subtitles-ja-jp","95":"pa_subtitles-ko-kr","96":"pa_subtitles-nl-nl","98":"pa_subtitles-pl-pl","99":"pa_subtitles-pt-br","100":"pa_subtitles-zh-cn","101":"pa_subtitles-zh-tw","102":"pa_themes-sandbox","105":"first","106":"instock","107":"virtual","108":"taxable","109":"purchasable","110":"product-type-simple"},"yoast_head":"<!-- This site is optimized with the Yoast SEO plugin v27.3 - https:\/\/yoast.com\/product\/yoast-seo-wordpress\/ -->\n<title>Planet Coaster 2 | BeGamer.cz<\/title>\n<meta name=\"robots\" content=\"index, follow, max-snippet:-1, max-image-preview:large, max-video-preview:-1\" \/>\n<link rel=\"canonical\" href=\"https:\/\/begamer.cz\/sk\/produkt\/planet-coaster-2-sk\/\" \/>\n<meta property=\"og:locale\" content=\"sk_SK\" \/>\n<meta property=\"og:type\" content=\"article\" \/>\n<meta property=\"og:title\" content=\"Planet Coaster 2 | BeGamer.cz\" \/>\n<meta property=\"og:description\" content=\"Stavajte a prisp\u00f4sobujte vzru\u0161uj\u00face horsk\u00e9 dr\u00e1hy a neuverite\u013en\u00e9 tobog\u00e1ny, spravujte dokonal\u00fd z\u00e1\u017eitok v z\u00e1bavnom parku a zdie\u013eajte svoje epick\u00e9 v\u00fdtvory. Ste pripraven\u00ed na jazdu na vlne?\u00a0\" \/>\n<meta property=\"og:url\" content=\"https:\/\/begamer.cz\/sk\/produkt\/planet-coaster-2-sk\/\" \/>\n<meta property=\"og:site_name\" content=\"BeGamer.cz\" \/>\n<meta property=\"article:modified_time\" content=\"2026-03-11T08:03:22+00:00\" \/>\n<meta property=\"og:image\" content=\"https:\/\/begamer.cz\/wp-content\/uploads\/2026\/01\/planet-coaster-2-6.webp\" \/>\n\t<meta property=\"og:image:width\" content=\"300\" \/>\n\t<meta property=\"og:image:height\" content=\"400\" \/>\n\t<meta property=\"og:image:type\" content=\"image\/webp\" \/>\n<meta name=\"twitter:card\" content=\"summary_large_image\" \/>\n<meta name=\"twitter:label1\" content=\"Predpokladan\u00fd \u010das \u010d\u00edtania\" \/>\n\t<meta name=\"twitter:data1\" content=\"4 min\u00faty\" \/>\n<script type=\"application\/ld+json\" class=\"yoast-schema-graph\">{\"@context\":\"https:\\\/\\\/schema.org\",\"@graph\":[{\"@type\":\"WebPage\",\"@id\":\"https:\\\/\\\/begamer.cz\\\/sk\\\/produkt\\\/planet-coaster-2-sk\\\/\",\"url\":\"https:\\\/\\\/begamer.cz\\\/sk\\\/produkt\\\/planet-coaster-2-sk\\\/\",\"name\":\"Planet Coaster 2 | BeGamer.cz\",\"isPartOf\":{\"@id\":\"https:\\\/\\\/begamer.cz\\\/sk\\\/#website\"},\"primaryImageOfPage\":{\"@id\":\"https:\\\/\\\/begamer.cz\\\/sk\\\/produkt\\\/planet-coaster-2-sk\\\/#primaryimage\"},\"image\":{\"@id\":\"https:\\\/\\\/begamer.cz\\\/sk\\\/produkt\\\/planet-coaster-2-sk\\\/#primaryimage\"},\"thumbnailUrl\":\"https:\\\/\\\/begamer.cz\\\/wp-content\\\/uploads\\\/2026\\\/01\\\/planet-coaster-2-6.webp\",\"datePublished\":\"2026-01-30T17:16:41+00:00\",\"dateModified\":\"2026-03-11T08:03:22+00:00\",\"breadcrumb\":{\"@id\":\"https:\\\/\\\/begamer.cz\\\/sk\\\/produkt\\\/planet-coaster-2-sk\\\/#breadcrumb\"},\"inLanguage\":\"sk-SK\",\"potentialAction\":[{\"@type\":\"ReadAction\",\"target\":[\"https:\\\/\\\/begamer.cz\\\/sk\\\/produkt\\\/planet-coaster-2-sk\\\/\"]}]},{\"@type\":\"ImageObject\",\"inLanguage\":\"sk-SK\",\"@id\":\"https:\\\/\\\/begamer.cz\\\/sk\\\/produkt\\\/planet-coaster-2-sk\\\/#primaryimage\",\"url\":\"https:\\\/\\\/begamer.cz\\\/wp-content\\\/uploads\\\/2026\\\/01\\\/planet-coaster-2-6.webp\",\"contentUrl\":\"https:\\\/\\\/begamer.cz\\\/wp-content\\\/uploads\\\/2026\\\/01\\\/planet-coaster-2-6.webp\",\"width\":300,\"height\":400},{\"@type\":\"BreadcrumbList\",\"@id\":\"https:\\\/\\\/begamer.cz\\\/sk\\\/produkt\\\/planet-coaster-2-sk\\\/#breadcrumb\",\"itemListElement\":[{\"@type\":\"ListItem\",\"position\":1,\"name\":\"Domov\",\"item\":\"https:\\\/\\\/begamer.cz\\\/sk\\\/\"},{\"@type\":\"ListItem\",\"position\":2,\"name\":\"Obchod\",\"item\":\"https:\\\/\\\/begamer.cz\\\/obchod\\\/\"},{\"@type\":\"ListItem\",\"position\":3,\"name\":\"Planet Coaster 2\"}]},{\"@type\":\"WebSite\",\"@id\":\"https:\\\/\\\/begamer.cz\\\/sk\\\/#website\",\"url\":\"https:\\\/\\\/begamer.cz\\\/sk\\\/\",\"name\":\"BeGamer.cz\",\"description\":\"\",\"publisher\":{\"@id\":\"https:\\\/\\\/begamer.cz\\\/sk\\\/#organization\"},\"potentialAction\":[{\"@type\":\"SearchAction\",\"target\":{\"@type\":\"EntryPoint\",\"urlTemplate\":\"https:\\\/\\\/begamer.cz\\\/sk\\\/?s={search_term_string}\"},\"query-input\":{\"@type\":\"PropertyValueSpecification\",\"valueRequired\":true,\"valueName\":\"search_term_string\"}}],\"inLanguage\":\"sk-SK\"},{\"@type\":\"Organization\",\"@id\":\"https:\\\/\\\/begamer.cz\\\/sk\\\/#organization\",\"name\":\"BeGamer.cz\",\"url\":\"https:\\\/\\\/begamer.cz\\\/sk\\\/\",\"logo\":{\"@type\":\"ImageObject\",\"inLanguage\":\"sk-SK\",\"@id\":\"https:\\\/\\\/begamer.cz\\\/sk\\\/#\\\/schema\\\/logo\\\/image\\\/\",\"url\":\"https:\\\/\\\/begamer.cz\\\/wp-content\\\/uploads\\\/2025\\\/07\\\/logo.svg\",\"contentUrl\":\"https:\\\/\\\/begamer.cz\\\/wp-content\\\/uploads\\\/2025\\\/07\\\/logo.svg\",\"caption\":\"BeGamer.cz\"},\"image\":{\"@id\":\"https:\\\/\\\/begamer.cz\\\/sk\\\/#\\\/schema\\\/logo\\\/image\\\/\"}}]}<\/script>\n<!-- \/ Yoast SEO plugin. -->","yoast_head_json":{"title":"Planet Coaster 2 | BeGamer.cz","robots":{"index":"index","follow":"follow","max-snippet":"max-snippet:-1","max-image-preview":"max-image-preview:large","max-video-preview":"max-video-preview:-1"},"canonical":"https:\/\/begamer.cz\/sk\/produkt\/planet-coaster-2-sk\/","og_locale":"sk_SK","og_type":"article","og_title":"Planet Coaster 2 | BeGamer.cz","og_description":"Stavajte a prisp\u00f4sobujte vzru\u0161uj\u00face horsk\u00e9 dr\u00e1hy a neuverite\u013en\u00e9 tobog\u00e1ny, spravujte dokonal\u00fd z\u00e1\u017eitok v z\u00e1bavnom parku a zdie\u013eajte svoje epick\u00e9 v\u00fdtvory. Ste pripraven\u00ed na jazdu na vlne?\u00a0","og_url":"https:\/\/begamer.cz\/sk\/produkt\/planet-coaster-2-sk\/","og_site_name":"BeGamer.cz","article_modified_time":"2026-03-11T08:03:22+00:00","og_image":[{"width":300,"height":400,"url":"https:\/\/begamer.cz\/wp-content\/uploads\/2026\/01\/planet-coaster-2-6.webp","type":"image\/webp"}],"twitter_card":"summary_large_image","twitter_misc":{"Predpokladan\u00fd \u010das \u010d\u00edtania":"4 min\u00faty"},"schema":{"@context":"https:\/\/schema.org","@graph":[{"@type":"WebPage","@id":"https:\/\/begamer.cz\/sk\/produkt\/planet-coaster-2-sk\/","url":"https:\/\/begamer.cz\/sk\/produkt\/planet-coaster-2-sk\/","name":"Planet Coaster 2 | BeGamer.cz","isPartOf":{"@id":"https:\/\/begamer.cz\/sk\/#website"},"primaryImageOfPage":{"@id":"https:\/\/begamer.cz\/sk\/produkt\/planet-coaster-2-sk\/#primaryimage"},"image":{"@id":"https:\/\/begamer.cz\/sk\/produkt\/planet-coaster-2-sk\/#primaryimage"},"thumbnailUrl":"https:\/\/begamer.cz\/wp-content\/uploads\/2026\/01\/planet-coaster-2-6.webp","datePublished":"2026-01-30T17:16:41+00:00","dateModified":"2026-03-11T08:03:22+00:00","breadcrumb":{"@id":"https:\/\/begamer.cz\/sk\/produkt\/planet-coaster-2-sk\/#breadcrumb"},"inLanguage":"sk-SK","potentialAction":[{"@type":"ReadAction","target":["https:\/\/begamer.cz\/sk\/produkt\/planet-coaster-2-sk\/"]}]},{"@type":"ImageObject","inLanguage":"sk-SK","@id":"https:\/\/begamer.cz\/sk\/produkt\/planet-coaster-2-sk\/#primaryimage","url":"https:\/\/begamer.cz\/wp-content\/uploads\/2026\/01\/planet-coaster-2-6.webp","contentUrl":"https:\/\/begamer.cz\/wp-content\/uploads\/2026\/01\/planet-coaster-2-6.webp","width":300,"height":400},{"@type":"BreadcrumbList","@id":"https:\/\/begamer.cz\/sk\/produkt\/planet-coaster-2-sk\/#breadcrumb","itemListElement":[{"@type":"ListItem","position":1,"name":"Domov","item":"https:\/\/begamer.cz\/sk\/"},{"@type":"ListItem","position":2,"name":"Obchod","item":"https:\/\/begamer.cz\/obchod\/"},{"@type":"ListItem","position":3,"name":"Planet Coaster 2"}]},{"@type":"WebSite","@id":"https:\/\/begamer.cz\/sk\/#website","url":"https:\/\/begamer.cz\/sk\/","name":"BeGamer.cz","description":"","publisher":{"@id":"https:\/\/begamer.cz\/sk\/#organization"},"potentialAction":[{"@type":"SearchAction","target":{"@type":"EntryPoint","urlTemplate":"https:\/\/begamer.cz\/sk\/?s={search_term_string}"},"query-input":{"@type":"PropertyValueSpecification","valueRequired":true,"valueName":"search_term_string"}}],"inLanguage":"sk-SK"},{"@type":"Organization","@id":"https:\/\/begamer.cz\/sk\/#organization","name":"BeGamer.cz","url":"https:\/\/begamer.cz\/sk\/","logo":{"@type":"ImageObject","inLanguage":"sk-SK","@id":"https:\/\/begamer.cz\/sk\/#\/schema\/logo\/image\/","url":"https:\/\/begamer.cz\/wp-content\/uploads\/2025\/07\/logo.svg","contentUrl":"https:\/\/begamer.cz\/wp-content\/uploads\/2025\/07\/logo.svg","caption":"BeGamer.cz"},"image":{"@id":"https:\/\/begamer.cz\/sk\/#\/schema\/logo\/image\/"}}]}},"acf":[],"_links":{"self":[{"href":"https:\/\/begamer.cz\/sk\/wp-json\/wp\/v2\/product\/100793","targetHints":{"allow":["GET"]}}],"collection":[{"href":"https:\/\/begamer.cz\/sk\/wp-json\/wp\/v2\/product"}],"about":[{"href":"https:\/\/begamer.cz\/sk\/wp-json\/wp\/v2\/types\/product"}],"replies":[{"embeddable":true,"href":"https:\/\/begamer.cz\/sk\/wp-json\/wp\/v2\/comments?post=100793"}],"wp:featuredmedia":[{"embeddable":true,"href":"https:\/\/begamer.cz\/sk\/wp-json\/wp\/v2\/media\/35628"}],"wp:attachment":[{"href":"https:\/\/begamer.cz\/sk\/wp-json\/wp\/v2\/media?parent=100793"}],"wp:term":[{"taxonomy":"product_brand","embeddable":true,"href":"https:\/\/begamer.cz\/sk\/wp-json\/wp\/v2\/product_brand?post=100793"},{"taxonomy":"product_cat","embeddable":true,"href":"https:\/\/begamer.cz\/sk\/wp-json\/wp\/v2\/product_cat?post=100793"},{"taxonomy":"product_tag","embeddable":true,"href":"https:\/\/begamer.cz\/sk\/wp-json\/wp\/v2\/product_tag?post=100793"}],"curies":[{"name":"wp","href":"https:\/\/api.w.org\/{rel}","templated":true}]}}