{"id":100766,"date":"2026-01-30T18:16:13","date_gmt":"2026-01-30T17:16:13","guid":{"rendered":"https:\/\/begamer.cz\/produkt\/first-class-trouble-sk\/"},"modified":"2026-03-11T09:02:29","modified_gmt":"2026-03-11T08:02:29","slug":"first-class-trouble-sk","status":"publish","type":"product","link":"https:\/\/begamer.cz\/sk\/produkt\/first-class-trouble-sk\/","title":{"rendered":"First Class Trouble"},"content":{"rendered":"<p>First Class Trouble je spolo\u010densk\u00e1 hra, v ktorej hr\u00e1\u010di musia spolupracova\u0165 a z\u00e1rove\u0148 s\u00fa\u0165a\u017ei\u0165, aby pre\u017eili katastrofu. Cie\u013eom je vypn\u00fa\u0165 smrtiacu umel\u00fa inteligenciu. Niektor\u00ed hr\u00e1\u010di s\u00fa podvodn\u00edci, ktor\u00ed tajne hraj\u00fa za \u013eudsky vyzeraj\u00face zabij\u00e1cke roboty s \u00famyslom zradi\u0165 ostatn\u00fdch hr\u00e1\u010dov. First Class Trouble je dokonal\u00fdm spojen\u00edm \u0161tatistiky a psychol\u00f3gie, vl\u00e1dy davu a demokracie, rozumu a em\u00f3ci\u00ed. Pridajte si hru do zoznamu \u017eelan\u00ed, aby ste si mohli k\u00fapi\u0165 l\u00edstok a my sa mohli spolu vyda\u0165 na cestu.<\/p>\n","protected":false},"excerpt":{"rendered":"<p>First Class Trouble je spolo\u010densk\u00e1 hra, v ktorej hr\u00e1\u010di musia spolupracova\u0165 a z\u00e1rove\u0148 s\u00fa\u0165a\u017ei\u0165, aby pre\u017eili katastrofu.<\/p>\n<p>Nech u\u017e hr\u00e1te za \u013eudsk\u00fdch obyvate\u013eov alebo za vzb\u00faren\u00fdch Personoidov, budete musie\u0165 pou\u017ei\u0165 svoj d\u00f4vtip (a ob\u010das aj lietaj\u00facu f\u013ea\u0161u \u0161ampansk\u00e9ho), aby ste pre\u017eili. V hre First Class Trouble sa bu\u010f podvodom, alebo dedukciou prebojujete k v\u00ed\u0165azstvu v o\u010daruj\u00facom, ale z\u00e1rove\u0148 znepokojuj\u00facom a \u010dasto zlomyselnom prostred\u00ed. Nech u\u017e to rob\u00edte triezvi alebo s miernym opojen\u00edm, First Class Trouble v\u00e1m pon\u00fakne nebezpe\u010dn\u00fd koktail \u0165a\u017ek\u00fdch rozhodnut\u00ed a bl\u00e1zniv\u00fdch mo\u017enost\u00ed.<\/p>\n<p>Cie\u013eom je vypn\u00fa\u0165 centr\u00e1lnu sie\u0165 umelej inteligencie, zn\u00e1mu aj ako CAIN, luxusnej medzigalaktickej v\u00fdletnej lode ISS Alithea, sk\u00f4r ako ona a jej vern\u00ed Personoidi prevezm\u00fa kontrolu nad lo\u010fou.<\/p>\n","protected":false},"featured_media":35477,"comment_status":"open","ping_status":"closed","template":"","meta":{"_acf_changed":false},"product_brand":[],"product_cat":[270,290,268,266,312],"product_tag":[],"class_list":{"0":"post-100766","1":"product","2":"type-product","3":"status-publish","4":"has-post-thumbnail","6":"product_cat-adventury-pc-hry-sk","7":"product_cat-indie-hry-pc-sk","8":"product_cat-pc-sk","9":"product_cat-pc-hry-sk","10":"product_cat-steam-pc-sk","11":"pa_audio-en-us","13":"pa_countries-ad","14":"pa_countries-ae","15":"pa_countries-af","16":"pa_countries-ag","17":"pa_countries-ai","18":"pa_countries-al","19":"pa_countries-am","20":"pa_countries-ao","21":"pa_countries-aq","22":"pa_countries-ar","23":"pa_countries-as","24":"pa_countries-at","25":"pa_countries-au","26":"pa_countries-aw","27":"pa_countries-ax","28":"pa_countries-az","29":"pa_countries-ba","30":"pa_countries-bb","31":"pa_countries-bd","32":"pa_countries-be","33":"pa_countries-bf","34":"pa_countries-bg","35":"pa_countries-bh","36":"pa_countries-bi","37":"pa_countries-bj","38":"pa_countries-bl","39":"pa_countries-bm","40":"pa_countries-bn","41":"pa_countries-bo","42":"pa_countries-bq","43":"pa_countries-br","44":"pa_countries-bs","45":"pa_countries-bt","46":"pa_countries-bv","47":"pa_countries-bw","48":"pa_countries-bz","49":"pa_countries-ca","50":"pa_countries-cc","51":"pa_countries-cd","52":"pa_countries-cf","53":"pa_countries-cg","54":"pa_countries-ch","55":"pa_countries-ci","56":"pa_countries-ck","57":"pa_countries-cl","58":"pa_countries-cm","59":"pa_countries-cn","60":"pa_countries-co","61":"pa_countries-cr","62":"pa_countries-cu","63":"pa_countries-cv","64":"pa_countries-cw","65":"pa_countries-cx","66":"pa_countries-cy","67":"pa_countries-cz","68":"pa_countries-de","69":"pa_countries-dj","70":"pa_countries-dk","71":"pa_countries-dm","72":"pa_countries-do","73":"pa_countries-dz","74":"pa_countries-ec","75":"pa_countries-ee","76":"pa_countries-eg","77":"pa_countries-eh","78":"pa_countries-er","79":"pa_countries-es","80":"pa_countries-et","81":"pa_countries-fi","82":"pa_countries-fj","83":"pa_countries-fk","84":"pa_countries-fm","85":"pa_countries-fo","86":"pa_countries-fr","87":"pa_countries-ga","88":"pa_countries-gb","89":"pa_countries-gd","90":"pa_countries-ge","91":"pa_countries-gf","92":"pa_countries-gg","93":"pa_countries-gh","94":"pa_countries-gi","95":"pa_countries-gl","96":"pa_countries-gm","97":"pa_countries-gn","98":"pa_countries-gp","99":"pa_countries-gq","100":"pa_countries-gr","101":"pa_countries-gs","102":"pa_countries-gt","103":"pa_countries-gu","104":"pa_countries-gw","105":"pa_countries-gy","106":"pa_countries-hk","107":"pa_countries-hm","108":"pa_countries-hn","109":"pa_countries-hr","110":"pa_countries-ht","111":"pa_countries-hu","112":"pa_countries-id","113":"pa_countries-ie","114":"pa_countries-il","115":"pa_countries-im","116":"pa_countries-in","117":"pa_countries-io","118":"pa_countries-iq","119":"pa_countries-ir","120":"pa_countries-is","121":"pa_countries-it","122":"pa_countries-je","123":"pa_countries-jm","124":"pa_countries-jo","125":"pa_countries-jp","126":"pa_countries-ke","127":"pa_countries-kg","128":"pa_countries-kh","129":"pa_countries-ki","130":"pa_countries-km","131":"pa_countries-kn","132":"pa_countries-kp","133":"pa_countries-kr","134":"pa_countries-kw","135":"pa_countries-ky","136":"pa_countries-kz","137":"pa_countries-la","138":"pa_countries-lb","139":"pa_countries-lc","140":"pa_countries-li","141":"pa_countries-lk","142":"pa_countries-lr","143":"pa_countries-ls","144":"pa_countries-lt","145":"pa_countries-lu","146":"pa_countries-lv","147":"pa_countries-ly","148":"pa_countries-ma","149":"pa_countries-mc","150":"pa_countries-md","151":"pa_countries-me","152":"pa_countries-mf","153":"pa_countries-mg","154":"pa_countries-mh","155":"pa_countries-mk","156":"pa_countries-ml","157":"pa_countries-mm","158":"pa_countries-mn","159":"pa_countries-mo","160":"pa_countries-mp","161":"pa_countries-mq","162":"pa_countries-mr","163":"pa_countries-ms","164":"pa_countries-mt","165":"pa_countries-mu","166":"pa_countries-mv","167":"pa_countries-mw","168":"pa_countries-mx","169":"pa_countries-my","170":"pa_countries-mz","171":"pa_countries-na","172":"pa_countries-nc","173":"pa_countries-ne","174":"pa_countries-nf","175":"pa_countries-ng","176":"pa_countries-ni","177":"pa_countries-nl","178":"pa_countries-no","179":"pa_countries-np","180":"pa_countries-nr","181":"pa_countries-nu","182":"pa_countries-nz","183":"pa_countries-om","184":"pa_countries-pa","185":"pa_countries-pe","186":"pa_countries-pf","187":"pa_countries-pg","188":"pa_countries-ph","189":"pa_countries-pk","190":"pa_countries-pl","191":"pa_countries-pm","192":"pa_countries-pn","193":"pa_countries-pr","194":"pa_countries-ps","195":"pa_countries-pt","196":"pa_countries-pw","197":"pa_countries-py","198":"pa_countries-qa","199":"pa_countries-re","200":"pa_countries-ro","201":"pa_countries-rs","202":"pa_countries-rw","203":"pa_countries-sa","204":"pa_countries-sb","205":"pa_countries-sc","206":"pa_countries-sd","207":"pa_countries-se","208":"pa_countries-sg","209":"pa_countries-sh","210":"pa_countries-si","211":"pa_countries-sj","212":"pa_countries-sk","213":"pa_countries-sl","214":"pa_countries-sm","215":"pa_countries-sn","216":"pa_countries-so","217":"pa_countries-sr","218":"pa_countries-ss","220":"pa_countries-st","221":"pa_countries-sv","222":"pa_countries-sx","223":"pa_countries-sy","224":"pa_countries-sz","225":"pa_countries-tc","226":"pa_countries-td","227":"pa_countries-tf","228":"pa_countries-tg","229":"pa_countries-th","230":"pa_countries-tj","231":"pa_countries-tk","232":"pa_countries-tl","233":"pa_countries-tm","234":"pa_countries-tn","235":"pa_countries-to","236":"pa_countries-tr","237":"pa_countries-tt","238":"pa_countries-tv","239":"pa_countries-tw","240":"pa_countries-tz","241":"pa_countries-ua","242":"pa_countries-ug","243":"pa_countries-um","244":"pa_countries-us","245":"pa_countries-uy","246":"pa_countries-uz","247":"pa_countries-va","248":"pa_countries-vc","249":"pa_countries-ve","250":"pa_countries-vg","251":"pa_countries-vi","252":"pa_countries-vn","253":"pa_countries-vu","254":"pa_countries-wf","255":"pa_countries-ws","256":"pa_countries-xk","257":"pa_countries-ye","258":"pa_countries-yt","259":"pa_countries-za","260":"pa_countries-zm","261":"pa_countries-zw","262":"pa_developer-invisible-walls","264":"pa_engine-unreal-engine-4","266":"pa_game_type-main_game","268":"pa_genres-indie","270":"pa_interface-ar","271":"pa_interface-de-de","272":"pa_interface-en-us","273":"pa_interface-es-es","274":"pa_interface-es-mx","275":"pa_interface-fr-fr","276":"pa_interface-ja-jp","277":"pa_interface-ko-kr","278":"pa_interface-pt-br","279":"pa_interface-ru-ru","280":"pa_interface-th-th","282":"pa_interface-zh-cn","283":"pa_interface-zh-tw","284":"pa_keywords-3d","285":"pa_keywords-assassin","286":"pa_keywords-casual","287":"pa_keywords-funny","288":"pa_keywords-futuristic","289":"pa_keywords-minigames","290":"pa_keywords-online-co-op","291":"pa_keywords-psychological","292":"pa_keywords-pvp","294":"pa_keywords-retro","295":"pa_keywords-robots","296":"pa_keywords-social-deduction","297":"pa_keywords-space","298":"pa_modes-co-operative","299":"pa_modes-multiplayer","301":"pa_pegi-13426","302":"pa_pegi-794","303":"pa_platform-pc-steam","305":"pa_player_perspectives-third-person","307":"pa_publisher-versus-evil","309":"pa_rating-773","310":"pa_rating-14441","311":"pa_region-global","313":"pa_subtitles-de-de","315":"pa_subtitles-en-us","316":"pa_subtitles-es-es","317":"pa_subtitles-fr-fr","318":"pa_subtitles-ja-jp","319":"pa_subtitles-ko-kr","320":"pa_subtitles-pt-br","321":"pa_subtitles-ru-ru","322":"pa_subtitles-th-th","323":"pa_subtitles-zh-cn","324":"pa_subtitles-zh-tw","325":"pa_themes-action","326":"pa_themes-comedy","327":"pa_themes-party","329":"pa_themes-science-fiction","330":"pa_themes-survival","332":"first","333":"instock","334":"virtual","335":"taxable","336":"purchasable","337":"product-type-simple"},"yoast_head":"<!-- This site is optimized with the Yoast SEO plugin v27.3 - https:\/\/yoast.com\/product\/yoast-seo-wordpress\/ -->\n<title>First Class Trouble | BeGamer.cz<\/title>\n<meta name=\"robots\" content=\"index, follow, max-snippet:-1, max-image-preview:large, max-video-preview:-1\" \/>\n<link rel=\"canonical\" href=\"https:\/\/begamer.cz\/sk\/produkt\/first-class-trouble-sk\/\" \/>\n<meta property=\"og:locale\" content=\"sk_SK\" \/>\n<meta property=\"og:type\" content=\"article\" \/>\n<meta property=\"og:title\" content=\"First Class Trouble | BeGamer.cz\" \/>\n<meta property=\"og:description\" content=\"First Class Trouble je spolo\u010densk\u00e1 hra, v ktorej hr\u00e1\u010di musia spolupracova\u0165 a z\u00e1rove\u0148 s\u00fa\u0165a\u017ei\u0165, aby pre\u017eili katastrofu. Nech u\u017e hr\u00e1te za \u013eudsk\u00fdch obyvate\u013eov alebo za vzb\u00faren\u00fdch Personoidov, budete musie\u0165 pou\u017ei\u0165 svoj d\u00f4vtip (a ob\u010das aj lietaj\u00facu f\u013ea\u0161u \u0161ampansk\u00e9ho), aby ste pre\u017eili. V hre First Class Trouble sa bu\u010f podvodom, alebo dedukciou prebojujete k v\u00ed\u0165azstvu v o\u010daruj\u00facom, ale z\u00e1rove\u0148 znepokojuj\u00facom a \u010dasto zlomyselnom prostred\u00ed. Nech u\u017e to rob\u00edte triezvi alebo s miernym opojen\u00edm, First Class Trouble v\u00e1m pon\u00fakne nebezpe\u010dn\u00fd koktail \u0165a\u017ek\u00fdch rozhodnut\u00ed a bl\u00e1zniv\u00fdch mo\u017enost\u00ed. Cie\u013eom je vypn\u00fa\u0165 centr\u00e1lnu sie\u0165 umelej inteligencie, zn\u00e1mu aj ako CAIN, luxusnej medzigalaktickej v\u00fdletnej lode ISS Alithea, sk\u00f4r ako ona a jej vern\u00ed Personoidi prevezm\u00fa kontrolu nad lo\u010fou.\" \/>\n<meta property=\"og:url\" content=\"https:\/\/begamer.cz\/sk\/produkt\/first-class-trouble-sk\/\" \/>\n<meta property=\"og:site_name\" content=\"BeGamer.cz\" \/>\n<meta property=\"article:modified_time\" content=\"2026-03-11T08:02:29+00:00\" \/>\n<meta property=\"og:image\" content=\"https:\/\/begamer.cz\/wp-content\/uploads\/2026\/01\/first-class-trouble-12.webp\" \/>\n\t<meta property=\"og:image:width\" content=\"300\" \/>\n\t<meta property=\"og:image:height\" content=\"400\" \/>\n\t<meta property=\"og:image:type\" content=\"image\/webp\" \/>\n<meta name=\"twitter:card\" content=\"summary_large_image\" \/>\n<script type=\"application\/ld+json\" class=\"yoast-schema-graph\">{\"@context\":\"https:\\\/\\\/schema.org\",\"@graph\":[{\"@type\":\"WebPage\",\"@id\":\"https:\\\/\\\/begamer.cz\\\/sk\\\/produkt\\\/first-class-trouble-sk\\\/\",\"url\":\"https:\\\/\\\/begamer.cz\\\/sk\\\/produkt\\\/first-class-trouble-sk\\\/\",\"name\":\"First Class Trouble | BeGamer.cz\",\"isPartOf\":{\"@id\":\"https:\\\/\\\/begamer.cz\\\/sk\\\/#website\"},\"primaryImageOfPage\":{\"@id\":\"https:\\\/\\\/begamer.cz\\\/sk\\\/produkt\\\/first-class-trouble-sk\\\/#primaryimage\"},\"image\":{\"@id\":\"https:\\\/\\\/begamer.cz\\\/sk\\\/produkt\\\/first-class-trouble-sk\\\/#primaryimage\"},\"thumbnailUrl\":\"https:\\\/\\\/begamer.cz\\\/wp-content\\\/uploads\\\/2026\\\/01\\\/first-class-trouble-12.webp\",\"datePublished\":\"2026-01-30T17:16:13+00:00\",\"dateModified\":\"2026-03-11T08:02:29+00:00\",\"breadcrumb\":{\"@id\":\"https:\\\/\\\/begamer.cz\\\/sk\\\/produkt\\\/first-class-trouble-sk\\\/#breadcrumb\"},\"inLanguage\":\"sk-SK\",\"potentialAction\":[{\"@type\":\"ReadAction\",\"target\":[\"https:\\\/\\\/begamer.cz\\\/sk\\\/produkt\\\/first-class-trouble-sk\\\/\"]}]},{\"@type\":\"ImageObject\",\"inLanguage\":\"sk-SK\",\"@id\":\"https:\\\/\\\/begamer.cz\\\/sk\\\/produkt\\\/first-class-trouble-sk\\\/#primaryimage\",\"url\":\"https:\\\/\\\/begamer.cz\\\/wp-content\\\/uploads\\\/2026\\\/01\\\/first-class-trouble-12.webp\",\"contentUrl\":\"https:\\\/\\\/begamer.cz\\\/wp-content\\\/uploads\\\/2026\\\/01\\\/first-class-trouble-12.webp\",\"width\":300,\"height\":400},{\"@type\":\"BreadcrumbList\",\"@id\":\"https:\\\/\\\/begamer.cz\\\/sk\\\/produkt\\\/first-class-trouble-sk\\\/#breadcrumb\",\"itemListElement\":[{\"@type\":\"ListItem\",\"position\":1,\"name\":\"Domov\",\"item\":\"https:\\\/\\\/begamer.cz\\\/sk\\\/\"},{\"@type\":\"ListItem\",\"position\":2,\"name\":\"Obchod\",\"item\":\"https:\\\/\\\/begamer.cz\\\/obchod\\\/\"},{\"@type\":\"ListItem\",\"position\":3,\"name\":\"First Class Trouble\"}]},{\"@type\":\"WebSite\",\"@id\":\"https:\\\/\\\/begamer.cz\\\/sk\\\/#website\",\"url\":\"https:\\\/\\\/begamer.cz\\\/sk\\\/\",\"name\":\"BeGamer.cz\",\"description\":\"\",\"publisher\":{\"@id\":\"https:\\\/\\\/begamer.cz\\\/sk\\\/#organization\"},\"potentialAction\":[{\"@type\":\"SearchAction\",\"target\":{\"@type\":\"EntryPoint\",\"urlTemplate\":\"https:\\\/\\\/begamer.cz\\\/sk\\\/?s={search_term_string}\"},\"query-input\":{\"@type\":\"PropertyValueSpecification\",\"valueRequired\":true,\"valueName\":\"search_term_string\"}}],\"inLanguage\":\"sk-SK\"},{\"@type\":\"Organization\",\"@id\":\"https:\\\/\\\/begamer.cz\\\/sk\\\/#organization\",\"name\":\"BeGamer.cz\",\"url\":\"https:\\\/\\\/begamer.cz\\\/sk\\\/\",\"logo\":{\"@type\":\"ImageObject\",\"inLanguage\":\"sk-SK\",\"@id\":\"https:\\\/\\\/begamer.cz\\\/sk\\\/#\\\/schema\\\/logo\\\/image\\\/\",\"url\":\"https:\\\/\\\/begamer.cz\\\/wp-content\\\/uploads\\\/2025\\\/07\\\/logo.svg\",\"contentUrl\":\"https:\\\/\\\/begamer.cz\\\/wp-content\\\/uploads\\\/2025\\\/07\\\/logo.svg\",\"caption\":\"BeGamer.cz\"},\"image\":{\"@id\":\"https:\\\/\\\/begamer.cz\\\/sk\\\/#\\\/schema\\\/logo\\\/image\\\/\"}}]}<\/script>\n<!-- \/ Yoast SEO plugin. -->","yoast_head_json":{"title":"First Class Trouble | BeGamer.cz","robots":{"index":"index","follow":"follow","max-snippet":"max-snippet:-1","max-image-preview":"max-image-preview:large","max-video-preview":"max-video-preview:-1"},"canonical":"https:\/\/begamer.cz\/sk\/produkt\/first-class-trouble-sk\/","og_locale":"sk_SK","og_type":"article","og_title":"First Class Trouble | BeGamer.cz","og_description":"First Class Trouble je spolo\u010densk\u00e1 hra, v ktorej hr\u00e1\u010di musia spolupracova\u0165 a z\u00e1rove\u0148 s\u00fa\u0165a\u017ei\u0165, aby pre\u017eili katastrofu. Nech u\u017e hr\u00e1te za \u013eudsk\u00fdch obyvate\u013eov alebo za vzb\u00faren\u00fdch Personoidov, budete musie\u0165 pou\u017ei\u0165 svoj d\u00f4vtip (a ob\u010das aj lietaj\u00facu f\u013ea\u0161u \u0161ampansk\u00e9ho), aby ste pre\u017eili. V hre First Class Trouble sa bu\u010f podvodom, alebo dedukciou prebojujete k v\u00ed\u0165azstvu v o\u010daruj\u00facom, ale z\u00e1rove\u0148 znepokojuj\u00facom a \u010dasto zlomyselnom prostred\u00ed. Nech u\u017e to rob\u00edte triezvi alebo s miernym opojen\u00edm, First Class Trouble v\u00e1m pon\u00fakne nebezpe\u010dn\u00fd koktail \u0165a\u017ek\u00fdch rozhodnut\u00ed a bl\u00e1zniv\u00fdch mo\u017enost\u00ed. Cie\u013eom je vypn\u00fa\u0165 centr\u00e1lnu sie\u0165 umelej inteligencie, zn\u00e1mu aj ako CAIN, luxusnej medzigalaktickej v\u00fdletnej lode ISS Alithea, sk\u00f4r ako ona a jej vern\u00ed Personoidi prevezm\u00fa kontrolu nad lo\u010fou.","og_url":"https:\/\/begamer.cz\/sk\/produkt\/first-class-trouble-sk\/","og_site_name":"BeGamer.cz","article_modified_time":"2026-03-11T08:02:29+00:00","og_image":[{"width":300,"height":400,"url":"https:\/\/begamer.cz\/wp-content\/uploads\/2026\/01\/first-class-trouble-12.webp","type":"image\/webp"}],"twitter_card":"summary_large_image","schema":{"@context":"https:\/\/schema.org","@graph":[{"@type":"WebPage","@id":"https:\/\/begamer.cz\/sk\/produkt\/first-class-trouble-sk\/","url":"https:\/\/begamer.cz\/sk\/produkt\/first-class-trouble-sk\/","name":"First Class Trouble | BeGamer.cz","isPartOf":{"@id":"https:\/\/begamer.cz\/sk\/#website"},"primaryImageOfPage":{"@id":"https:\/\/begamer.cz\/sk\/produkt\/first-class-trouble-sk\/#primaryimage"},"image":{"@id":"https:\/\/begamer.cz\/sk\/produkt\/first-class-trouble-sk\/#primaryimage"},"thumbnailUrl":"https:\/\/begamer.cz\/wp-content\/uploads\/2026\/01\/first-class-trouble-12.webp","datePublished":"2026-01-30T17:16:13+00:00","dateModified":"2026-03-11T08:02:29+00:00","breadcrumb":{"@id":"https:\/\/begamer.cz\/sk\/produkt\/first-class-trouble-sk\/#breadcrumb"},"inLanguage":"sk-SK","potentialAction":[{"@type":"ReadAction","target":["https:\/\/begamer.cz\/sk\/produkt\/first-class-trouble-sk\/"]}]},{"@type":"ImageObject","inLanguage":"sk-SK","@id":"https:\/\/begamer.cz\/sk\/produkt\/first-class-trouble-sk\/#primaryimage","url":"https:\/\/begamer.cz\/wp-content\/uploads\/2026\/01\/first-class-trouble-12.webp","contentUrl":"https:\/\/begamer.cz\/wp-content\/uploads\/2026\/01\/first-class-trouble-12.webp","width":300,"height":400},{"@type":"BreadcrumbList","@id":"https:\/\/begamer.cz\/sk\/produkt\/first-class-trouble-sk\/#breadcrumb","itemListElement":[{"@type":"ListItem","position":1,"name":"Domov","item":"https:\/\/begamer.cz\/sk\/"},{"@type":"ListItem","position":2,"name":"Obchod","item":"https:\/\/begamer.cz\/obchod\/"},{"@type":"ListItem","position":3,"name":"First Class Trouble"}]},{"@type":"WebSite","@id":"https:\/\/begamer.cz\/sk\/#website","url":"https:\/\/begamer.cz\/sk\/","name":"BeGamer.cz","description":"","publisher":{"@id":"https:\/\/begamer.cz\/sk\/#organization"},"potentialAction":[{"@type":"SearchAction","target":{"@type":"EntryPoint","urlTemplate":"https:\/\/begamer.cz\/sk\/?s={search_term_string}"},"query-input":{"@type":"PropertyValueSpecification","valueRequired":true,"valueName":"search_term_string"}}],"inLanguage":"sk-SK"},{"@type":"Organization","@id":"https:\/\/begamer.cz\/sk\/#organization","name":"BeGamer.cz","url":"https:\/\/begamer.cz\/sk\/","logo":{"@type":"ImageObject","inLanguage":"sk-SK","@id":"https:\/\/begamer.cz\/sk\/#\/schema\/logo\/image\/","url":"https:\/\/begamer.cz\/wp-content\/uploads\/2025\/07\/logo.svg","contentUrl":"https:\/\/begamer.cz\/wp-content\/uploads\/2025\/07\/logo.svg","caption":"BeGamer.cz"},"image":{"@id":"https:\/\/begamer.cz\/sk\/#\/schema\/logo\/image\/"}}]}},"acf":[],"_links":{"self":[{"href":"https:\/\/begamer.cz\/sk\/wp-json\/wp\/v2\/product\/100766","targetHints":{"allow":["GET"]}}],"collection":[{"href":"https:\/\/begamer.cz\/sk\/wp-json\/wp\/v2\/product"}],"about":[{"href":"https:\/\/begamer.cz\/sk\/wp-json\/wp\/v2\/types\/product"}],"replies":[{"embeddable":true,"href":"https:\/\/begamer.cz\/sk\/wp-json\/wp\/v2\/comments?post=100766"}],"wp:featuredmedia":[{"embeddable":true,"href":"https:\/\/begamer.cz\/sk\/wp-json\/wp\/v2\/media\/35477"}],"wp:attachment":[{"href":"https:\/\/begamer.cz\/sk\/wp-json\/wp\/v2\/media?parent=100766"}],"wp:term":[{"taxonomy":"product_brand","embeddable":true,"href":"https:\/\/begamer.cz\/sk\/wp-json\/wp\/v2\/product_brand?post=100766"},{"taxonomy":"product_cat","embeddable":true,"href":"https:\/\/begamer.cz\/sk\/wp-json\/wp\/v2\/product_cat?post=100766"},{"taxonomy":"product_tag","embeddable":true,"href":"https:\/\/begamer.cz\/sk\/wp-json\/wp\/v2\/product_tag?post=100766"}],"curies":[{"name":"wp","href":"https:\/\/api.w.org\/{rel}","templated":true}]}}