{"id":100688,"date":"2026-01-30T18:14:14","date_gmt":"2026-01-30T17:14:14","guid":{"rendered":"https:\/\/begamer.cz\/produkt\/tales-of-graces-f-remastered-deluxe-upgrade-pack-sk\/"},"modified":"2026-03-11T08:59:10","modified_gmt":"2026-03-11T07:59:10","slug":"tales-of-graces-f-remastered-deluxe-upgrade-pack-sk","status":"publish","type":"product","link":"https:\/\/begamer.cz\/sk\/produkt\/tales-of-graces-f-remastered-deluxe-upgrade-pack-sk\/","title":{"rendered":"Tales of Graces F Remastered: Deluxe Upgrade Pack"},"content":{"rendered":"<p>Bal\u00ed\u010dek Deluxe Upgrade Pack obsahuje:<br \/>\n<br \/>\u2022 Bal\u00ed\u010dek bojovej<br \/>hudby<br \/>\n\u2022 Digit\u00e1lnu knihu umenia a soundtrack<br \/>\n\u2022 Sadu byl\u00edn na podporu super rastu<\/p>\n","protected":false},"excerpt":{"rendered":"<p>Vylep\u0161ite svoj z\u00e1\u017eitok z hry Tales of Graces F Remastered s bal\u00ed\u010dkom Deluxe Upgrade Pack. Tento digit\u00e1lny doplnok obsahuje exkluz\u00edvne kost\u00fdmy, mocn\u00e9 zbrane, \u010fal\u0161ie ske\u010de a bonusov\u00fd obsah na stiahnutie, ktor\u00e9 pon\u00fakaj\u00fa nov\u00e9 mo\u017enosti prisp\u00f4sobenia post\u00e1v a obohatia va\u0161e hern\u00e9 dobrodru\u017estvo.<\/p>\n","protected":false},"featured_media":79483,"comment_status":"open","ping_status":"closed","template":"","meta":{"_acf_changed":false},"product_brand":[],"product_cat":[268,266,312],"product_tag":[],"class_list":{"0":"post-100688","1":"product","2":"type-product","3":"status-publish","4":"has-post-thumbnail","6":"product_cat-pc-sk","7":"product_cat-pc-hry-sk","8":"product_cat-steam-pc-sk","9":"pa_developer-tose","11":"pa_game_type-dlc","13":"pa_modes-single-player","15":"pa_pegi-927","16":"pa_pegi-13428","17":"pa_platform-pc-steam","19":"pa_publisher-bandai-namco-entertainment","21":"pa_rating-14441","22":"pa_rating-773","23":"pa_region-europe","26":"first","27":"instock","28":"virtual","29":"taxable","30":"purchasable","31":"product-type-simple"},"yoast_head":"<!-- This site is optimized with the Yoast SEO plugin v27.3 - https:\/\/yoast.com\/product\/yoast-seo-wordpress\/ -->\n<title>Tales of Graces F Remastered: Deluxe Upgrade Pack | BeGamer.cz<\/title>\n<meta name=\"robots\" content=\"index, follow, max-snippet:-1, max-image-preview:large, max-video-preview:-1\" \/>\n<link rel=\"canonical\" href=\"https:\/\/begamer.cz\/sk\/produkt\/tales-of-graces-f-remastered-deluxe-upgrade-pack-sk\/\" \/>\n<meta property=\"og:locale\" content=\"sk_SK\" \/>\n<meta property=\"og:type\" content=\"article\" \/>\n<meta property=\"og:title\" content=\"Tales of Graces F Remastered: Deluxe Upgrade Pack | BeGamer.cz\" \/>\n<meta property=\"og:description\" content=\"Vylep\u0161ite svoj z\u00e1\u017eitok z hry Tales of Graces F Remastered s bal\u00ed\u010dkom Deluxe Upgrade Pack. Tento digit\u00e1lny doplnok obsahuje exkluz\u00edvne kost\u00fdmy, mocn\u00e9 zbrane, \u010fal\u0161ie ske\u010de a bonusov\u00fd obsah na stiahnutie, ktor\u00e9 pon\u00fakaj\u00fa nov\u00e9 mo\u017enosti prisp\u00f4sobenia post\u00e1v a obohatia va\u0161e hern\u00e9 dobrodru\u017estvo.\" \/>\n<meta property=\"og:url\" content=\"https:\/\/begamer.cz\/sk\/produkt\/tales-of-graces-f-remastered-deluxe-upgrade-pack-sk\/\" \/>\n<meta property=\"og:site_name\" content=\"BeGamer.cz\" \/>\n<meta property=\"article:modified_time\" content=\"2026-03-11T07:59:10+00:00\" \/>\n<meta property=\"og:image\" content=\"https:\/\/begamer.cz\/wp-content\/uploads\/2026\/01\/tales-of-graces-f-remastered-deluxe-upgrade-pack-1.webp\" \/>\n\t<meta property=\"og:image:width\" content=\"300\" \/>\n\t<meta property=\"og:image:height\" content=\"400\" \/>\n\t<meta property=\"og:image:type\" content=\"image\/webp\" \/>\n<meta name=\"twitter:card\" content=\"summary_large_image\" \/>\n<script type=\"application\/ld+json\" class=\"yoast-schema-graph\">{\"@context\":\"https:\\\/\\\/schema.org\",\"@graph\":[{\"@type\":\"WebPage\",\"@id\":\"https:\\\/\\\/begamer.cz\\\/sk\\\/produkt\\\/tales-of-graces-f-remastered-deluxe-upgrade-pack-sk\\\/\",\"url\":\"https:\\\/\\\/begamer.cz\\\/sk\\\/produkt\\\/tales-of-graces-f-remastered-deluxe-upgrade-pack-sk\\\/\",\"name\":\"Tales of Graces F Remastered: Deluxe Upgrade Pack | BeGamer.cz\",\"isPartOf\":{\"@id\":\"https:\\\/\\\/begamer.cz\\\/sk\\\/#website\"},\"primaryImageOfPage\":{\"@id\":\"https:\\\/\\\/begamer.cz\\\/sk\\\/produkt\\\/tales-of-graces-f-remastered-deluxe-upgrade-pack-sk\\\/#primaryimage\"},\"image\":{\"@id\":\"https:\\\/\\\/begamer.cz\\\/sk\\\/produkt\\\/tales-of-graces-f-remastered-deluxe-upgrade-pack-sk\\\/#primaryimage\"},\"thumbnailUrl\":\"https:\\\/\\\/begamer.cz\\\/wp-content\\\/uploads\\\/2026\\\/01\\\/tales-of-graces-f-remastered-deluxe-upgrade-pack-1.webp\",\"datePublished\":\"2026-01-30T17:14:14+00:00\",\"dateModified\":\"2026-03-11T07:59:10+00:00\",\"breadcrumb\":{\"@id\":\"https:\\\/\\\/begamer.cz\\\/sk\\\/produkt\\\/tales-of-graces-f-remastered-deluxe-upgrade-pack-sk\\\/#breadcrumb\"},\"inLanguage\":\"sk-SK\",\"potentialAction\":[{\"@type\":\"ReadAction\",\"target\":[\"https:\\\/\\\/begamer.cz\\\/sk\\\/produkt\\\/tales-of-graces-f-remastered-deluxe-upgrade-pack-sk\\\/\"]}]},{\"@type\":\"ImageObject\",\"inLanguage\":\"sk-SK\",\"@id\":\"https:\\\/\\\/begamer.cz\\\/sk\\\/produkt\\\/tales-of-graces-f-remastered-deluxe-upgrade-pack-sk\\\/#primaryimage\",\"url\":\"https:\\\/\\\/begamer.cz\\\/wp-content\\\/uploads\\\/2026\\\/01\\\/tales-of-graces-f-remastered-deluxe-upgrade-pack-1.webp\",\"contentUrl\":\"https:\\\/\\\/begamer.cz\\\/wp-content\\\/uploads\\\/2026\\\/01\\\/tales-of-graces-f-remastered-deluxe-upgrade-pack-1.webp\",\"width\":300,\"height\":400},{\"@type\":\"BreadcrumbList\",\"@id\":\"https:\\\/\\\/begamer.cz\\\/sk\\\/produkt\\\/tales-of-graces-f-remastered-deluxe-upgrade-pack-sk\\\/#breadcrumb\",\"itemListElement\":[{\"@type\":\"ListItem\",\"position\":1,\"name\":\"Domov\",\"item\":\"https:\\\/\\\/begamer.cz\\\/sk\\\/\"},{\"@type\":\"ListItem\",\"position\":2,\"name\":\"Obchod\",\"item\":\"https:\\\/\\\/begamer.cz\\\/obchod\\\/\"},{\"@type\":\"ListItem\",\"position\":3,\"name\":\"Tales of Graces F Remastered: Deluxe Upgrade Pack\"}]},{\"@type\":\"WebSite\",\"@id\":\"https:\\\/\\\/begamer.cz\\\/sk\\\/#website\",\"url\":\"https:\\\/\\\/begamer.cz\\\/sk\\\/\",\"name\":\"BeGamer.cz\",\"description\":\"\",\"publisher\":{\"@id\":\"https:\\\/\\\/begamer.cz\\\/sk\\\/#organization\"},\"potentialAction\":[{\"@type\":\"SearchAction\",\"target\":{\"@type\":\"EntryPoint\",\"urlTemplate\":\"https:\\\/\\\/begamer.cz\\\/sk\\\/?s={search_term_string}\"},\"query-input\":{\"@type\":\"PropertyValueSpecification\",\"valueRequired\":true,\"valueName\":\"search_term_string\"}}],\"inLanguage\":\"sk-SK\"},{\"@type\":\"Organization\",\"@id\":\"https:\\\/\\\/begamer.cz\\\/sk\\\/#organization\",\"name\":\"BeGamer.cz\",\"url\":\"https:\\\/\\\/begamer.cz\\\/sk\\\/\",\"logo\":{\"@type\":\"ImageObject\",\"inLanguage\":\"sk-SK\",\"@id\":\"https:\\\/\\\/begamer.cz\\\/sk\\\/#\\\/schema\\\/logo\\\/image\\\/\",\"url\":\"https:\\\/\\\/begamer.cz\\\/wp-content\\\/uploads\\\/2025\\\/07\\\/logo.svg\",\"contentUrl\":\"https:\\\/\\\/begamer.cz\\\/wp-content\\\/uploads\\\/2025\\\/07\\\/logo.svg\",\"caption\":\"BeGamer.cz\"},\"image\":{\"@id\":\"https:\\\/\\\/begamer.cz\\\/sk\\\/#\\\/schema\\\/logo\\\/image\\\/\"}}]}<\/script>\n<!-- \/ Yoast SEO plugin. -->","yoast_head_json":{"title":"Tales of Graces F Remastered: Deluxe Upgrade Pack | BeGamer.cz","robots":{"index":"index","follow":"follow","max-snippet":"max-snippet:-1","max-image-preview":"max-image-preview:large","max-video-preview":"max-video-preview:-1"},"canonical":"https:\/\/begamer.cz\/sk\/produkt\/tales-of-graces-f-remastered-deluxe-upgrade-pack-sk\/","og_locale":"sk_SK","og_type":"article","og_title":"Tales of Graces F Remastered: Deluxe Upgrade Pack | BeGamer.cz","og_description":"Vylep\u0161ite svoj z\u00e1\u017eitok z hry Tales of Graces F Remastered s bal\u00ed\u010dkom Deluxe Upgrade Pack. Tento digit\u00e1lny doplnok obsahuje exkluz\u00edvne kost\u00fdmy, mocn\u00e9 zbrane, \u010fal\u0161ie ske\u010de a bonusov\u00fd obsah na stiahnutie, ktor\u00e9 pon\u00fakaj\u00fa nov\u00e9 mo\u017enosti prisp\u00f4sobenia post\u00e1v a obohatia va\u0161e hern\u00e9 dobrodru\u017estvo.","og_url":"https:\/\/begamer.cz\/sk\/produkt\/tales-of-graces-f-remastered-deluxe-upgrade-pack-sk\/","og_site_name":"BeGamer.cz","article_modified_time":"2026-03-11T07:59:10+00:00","og_image":[{"width":300,"height":400,"url":"https:\/\/begamer.cz\/wp-content\/uploads\/2026\/01\/tales-of-graces-f-remastered-deluxe-upgrade-pack-1.webp","type":"image\/webp"}],"twitter_card":"summary_large_image","schema":{"@context":"https:\/\/schema.org","@graph":[{"@type":"WebPage","@id":"https:\/\/begamer.cz\/sk\/produkt\/tales-of-graces-f-remastered-deluxe-upgrade-pack-sk\/","url":"https:\/\/begamer.cz\/sk\/produkt\/tales-of-graces-f-remastered-deluxe-upgrade-pack-sk\/","name":"Tales of Graces F Remastered: Deluxe Upgrade Pack | BeGamer.cz","isPartOf":{"@id":"https:\/\/begamer.cz\/sk\/#website"},"primaryImageOfPage":{"@id":"https:\/\/begamer.cz\/sk\/produkt\/tales-of-graces-f-remastered-deluxe-upgrade-pack-sk\/#primaryimage"},"image":{"@id":"https:\/\/begamer.cz\/sk\/produkt\/tales-of-graces-f-remastered-deluxe-upgrade-pack-sk\/#primaryimage"},"thumbnailUrl":"https:\/\/begamer.cz\/wp-content\/uploads\/2026\/01\/tales-of-graces-f-remastered-deluxe-upgrade-pack-1.webp","datePublished":"2026-01-30T17:14:14+00:00","dateModified":"2026-03-11T07:59:10+00:00","breadcrumb":{"@id":"https:\/\/begamer.cz\/sk\/produkt\/tales-of-graces-f-remastered-deluxe-upgrade-pack-sk\/#breadcrumb"},"inLanguage":"sk-SK","potentialAction":[{"@type":"ReadAction","target":["https:\/\/begamer.cz\/sk\/produkt\/tales-of-graces-f-remastered-deluxe-upgrade-pack-sk\/"]}]},{"@type":"ImageObject","inLanguage":"sk-SK","@id":"https:\/\/begamer.cz\/sk\/produkt\/tales-of-graces-f-remastered-deluxe-upgrade-pack-sk\/#primaryimage","url":"https:\/\/begamer.cz\/wp-content\/uploads\/2026\/01\/tales-of-graces-f-remastered-deluxe-upgrade-pack-1.webp","contentUrl":"https:\/\/begamer.cz\/wp-content\/uploads\/2026\/01\/tales-of-graces-f-remastered-deluxe-upgrade-pack-1.webp","width":300,"height":400},{"@type":"BreadcrumbList","@id":"https:\/\/begamer.cz\/sk\/produkt\/tales-of-graces-f-remastered-deluxe-upgrade-pack-sk\/#breadcrumb","itemListElement":[{"@type":"ListItem","position":1,"name":"Domov","item":"https:\/\/begamer.cz\/sk\/"},{"@type":"ListItem","position":2,"name":"Obchod","item":"https:\/\/begamer.cz\/obchod\/"},{"@type":"ListItem","position":3,"name":"Tales of Graces F Remastered: Deluxe Upgrade Pack"}]},{"@type":"WebSite","@id":"https:\/\/begamer.cz\/sk\/#website","url":"https:\/\/begamer.cz\/sk\/","name":"BeGamer.cz","description":"","publisher":{"@id":"https:\/\/begamer.cz\/sk\/#organization"},"potentialAction":[{"@type":"SearchAction","target":{"@type":"EntryPoint","urlTemplate":"https:\/\/begamer.cz\/sk\/?s={search_term_string}"},"query-input":{"@type":"PropertyValueSpecification","valueRequired":true,"valueName":"search_term_string"}}],"inLanguage":"sk-SK"},{"@type":"Organization","@id":"https:\/\/begamer.cz\/sk\/#organization","name":"BeGamer.cz","url":"https:\/\/begamer.cz\/sk\/","logo":{"@type":"ImageObject","inLanguage":"sk-SK","@id":"https:\/\/begamer.cz\/sk\/#\/schema\/logo\/image\/","url":"https:\/\/begamer.cz\/wp-content\/uploads\/2025\/07\/logo.svg","contentUrl":"https:\/\/begamer.cz\/wp-content\/uploads\/2025\/07\/logo.svg","caption":"BeGamer.cz"},"image":{"@id":"https:\/\/begamer.cz\/sk\/#\/schema\/logo\/image\/"}}]}},"acf":[],"_links":{"self":[{"href":"https:\/\/begamer.cz\/sk\/wp-json\/wp\/v2\/product\/100688","targetHints":{"allow":["GET"]}}],"collection":[{"href":"https:\/\/begamer.cz\/sk\/wp-json\/wp\/v2\/product"}],"about":[{"href":"https:\/\/begamer.cz\/sk\/wp-json\/wp\/v2\/types\/product"}],"replies":[{"embeddable":true,"href":"https:\/\/begamer.cz\/sk\/wp-json\/wp\/v2\/comments?post=100688"}],"wp:featuredmedia":[{"embeddable":true,"href":"https:\/\/begamer.cz\/sk\/wp-json\/wp\/v2\/media\/79483"}],"wp:attachment":[{"href":"https:\/\/begamer.cz\/sk\/wp-json\/wp\/v2\/media?parent=100688"}],"wp:term":[{"taxonomy":"product_brand","embeddable":true,"href":"https:\/\/begamer.cz\/sk\/wp-json\/wp\/v2\/product_brand?post=100688"},{"taxonomy":"product_cat","embeddable":true,"href":"https:\/\/begamer.cz\/sk\/wp-json\/wp\/v2\/product_cat?post=100688"},{"taxonomy":"product_tag","embeddable":true,"href":"https:\/\/begamer.cz\/sk\/wp-json\/wp\/v2\/product_tag?post=100688"}],"curies":[{"name":"wp","href":"https:\/\/api.w.org\/{rel}","templated":true}]}}