{"id":100685,"date":"2026-01-30T18:14:08","date_gmt":"2026-01-30T17:14:08","guid":{"rendered":"https:\/\/begamer.cz\/produkt\/tales-of-graces-f-remastered-deluxe-edition-sk\/"},"modified":"2026-03-11T08:59:09","modified_gmt":"2026-03-11T07:59:09","slug":"tales-of-graces-f-remastered-deluxe-edition-sk","status":"publish","type":"product","link":"https:\/\/begamer.cz\/sk\/produkt\/tales-of-graces-f-remastered-deluxe-edition-sk\/","title":{"rendered":"Tales of Graces F Remastered: Deluxe Edition"},"content":{"rendered":"<p>Tales of Graces f Remastered je ak\u010dn\u00e1 RPG hra s r\u00fdchlymi bojmi, v ktor\u00fdch m\u00f4\u017eete prep\u00edna\u0165 medzi bojov\u00fdmi \u0161t\u00fdlmi pod\u013ea svojho hern\u00e9ho \u0161t\u00fdlu. Remasterovan\u00e1 verzia obsahuje viac ako 80 bal\u00ed\u010dkov DLC a predmetov vydan\u00fdch pre origin\u00e1lnu verziu a pon\u00faka \u00fa\u017easn\u00fa grafiku, nov\u00e9 lokalizovan\u00e9 sc\u00e9ny, ktor\u00e9 s\u00fa po prv\u00fdkr\u00e1t dostupn\u00e9 v angli\u010dtine, a v\u00fdznamn\u00e9 vylep\u0161enia kvality \u017eivota, ako je automatick\u00e9 ukladanie.<\/p>\n<p>Deluxe Edition obsahuje:<br \/>\n\u2022 Tales of Graces f Remastered<br \/>\n\u2022 Bal\u00ed\u010dek Battle BGM<br \/>\n\u2022 Digit\u00e1lny artbook a soundtrack<br \/>\n\u2022 Super Growth Support Herb Set<\/p>\n","protected":false},"excerpt":{"rendered":"<p>Tales of Graces F Remastered: Deluxe Edition pon\u00faka vylep\u0161en\u00fd RPG z\u00e1\u017eitok s lep\u0161ou grafikou, zdokonalenou hrate\u013enos\u0165ou a exkluz\u00edvnym obsahom. Ponorte sa do epick\u00e9ho pr\u00edbehu pln\u00e9ho zauj\u00edmav\u00fdch post\u00e1v, ak\u010dn\u00fdch bitiek a pohlcuj\u00faceho prieskumu v tejto definit\u00edvnej ed\u00edcii.<\/p>\n","protected":false},"featured_media":79474,"comment_status":"open","ping_status":"closed","template":"","meta":{"_acf_changed":false},"product_brand":[],"product_cat":[270,268,266,308,312],"product_tag":[],"class_list":{"0":"post-100685","1":"product","2":"type-product","3":"status-publish","4":"has-post-thumbnail","6":"product_cat-adventury-pc-hry-sk","7":"product_cat-pc-sk","8":"product_cat-pc-hry-sk","9":"product_cat-rpg-pc-hry-sk","10":"product_cat-steam-pc-sk","11":"pa_countries-at","12":"pa_countries-be","13":"pa_countries-bg","14":"pa_countries-cy","15":"pa_countries-cz","17":"pa_countries-de","18":"pa_countries-dk","19":"pa_countries-ee","20":"pa_countries-es","21":"pa_countries-fi","22":"pa_countries-fr","23":"pa_countries-gr","24":"pa_countries-hr","25":"pa_countries-hu","26":"pa_countries-ie","27":"pa_countries-it","28":"pa_countries-lt","29":"pa_countries-lu","30":"pa_countries-lv","31":"pa_countries-mt","32":"pa_countries-nl","33":"pa_countries-pl","34":"pa_countries-pt","35":"pa_countries-ro","36":"pa_countries-se","37":"pa_countries-si","38":"pa_countries-sk","39":"pa_developer-tose","41":"pa_game_type-main_game","43":"pa_genres-adventure","44":"pa_genres-role-playing-rpg","46":"pa_modes-single-player","48":"pa_pegi-13428","49":"pa_pegi-927","50":"pa_platform-pc-steam","52":"pa_player_perspectives-third-person","54":"pa_publisher-bandai-namco-entertainment","56":"pa_rating-773","57":"pa_rating-14441","58":"pa_region-europe","60":"pa_themes-action","61":"pa_themes-fantasy","63":"pa_themes-science-fiction","65":"first","66":"instock","67":"virtual","68":"taxable","69":"purchasable","70":"product-type-simple"},"yoast_head":"<!-- This site is optimized with the Yoast SEO plugin v27.3 - https:\/\/yoast.com\/product\/yoast-seo-wordpress\/ -->\n<title>Tales of Graces F Remastered: Deluxe Edition | BeGamer.cz<\/title>\n<meta name=\"robots\" content=\"index, follow, max-snippet:-1, max-image-preview:large, max-video-preview:-1\" \/>\n<link rel=\"canonical\" href=\"https:\/\/begamer.cz\/sk\/produkt\/tales-of-graces-f-remastered-deluxe-edition-sk\/\" \/>\n<meta property=\"og:locale\" content=\"sk_SK\" \/>\n<meta property=\"og:type\" content=\"article\" \/>\n<meta property=\"og:title\" content=\"Tales of Graces F Remastered: Deluxe Edition | BeGamer.cz\" \/>\n<meta property=\"og:description\" content=\"Tales of Graces F Remastered: Deluxe Edition pon\u00faka vylep\u0161en\u00fd RPG z\u00e1\u017eitok s lep\u0161ou grafikou, zdokonalenou hrate\u013enos\u0165ou a exkluz\u00edvnym obsahom. Ponorte sa do epick\u00e9ho pr\u00edbehu pln\u00e9ho zauj\u00edmav\u00fdch post\u00e1v, ak\u010dn\u00fdch bitiek a pohlcuj\u00faceho prieskumu v tejto definit\u00edvnej ed\u00edcii.\" \/>\n<meta property=\"og:url\" content=\"https:\/\/begamer.cz\/sk\/produkt\/tales-of-graces-f-remastered-deluxe-edition-sk\/\" \/>\n<meta property=\"og:site_name\" content=\"BeGamer.cz\" \/>\n<meta property=\"article:modified_time\" content=\"2026-03-11T07:59:09+00:00\" \/>\n<meta property=\"og:image\" content=\"https:\/\/begamer.cz\/wp-content\/uploads\/2026\/01\/tales-of-graces-f-remastered-deluxe-edition-9.webp\" \/>\n\t<meta property=\"og:image:width\" content=\"300\" \/>\n\t<meta property=\"og:image:height\" content=\"400\" \/>\n\t<meta property=\"og:image:type\" content=\"image\/webp\" \/>\n<meta name=\"twitter:card\" content=\"summary_large_image\" \/>\n<meta name=\"twitter:label1\" content=\"Predpokladan\u00fd \u010das \u010d\u00edtania\" \/>\n\t<meta name=\"twitter:data1\" content=\"1 min\u00fata\" \/>\n<script type=\"application\/ld+json\" class=\"yoast-schema-graph\">{\"@context\":\"https:\\\/\\\/schema.org\",\"@graph\":[{\"@type\":\"WebPage\",\"@id\":\"https:\\\/\\\/begamer.cz\\\/sk\\\/produkt\\\/tales-of-graces-f-remastered-deluxe-edition-sk\\\/\",\"url\":\"https:\\\/\\\/begamer.cz\\\/sk\\\/produkt\\\/tales-of-graces-f-remastered-deluxe-edition-sk\\\/\",\"name\":\"Tales of Graces F Remastered: Deluxe Edition | BeGamer.cz\",\"isPartOf\":{\"@id\":\"https:\\\/\\\/begamer.cz\\\/sk\\\/#website\"},\"primaryImageOfPage\":{\"@id\":\"https:\\\/\\\/begamer.cz\\\/sk\\\/produkt\\\/tales-of-graces-f-remastered-deluxe-edition-sk\\\/#primaryimage\"},\"image\":{\"@id\":\"https:\\\/\\\/begamer.cz\\\/sk\\\/produkt\\\/tales-of-graces-f-remastered-deluxe-edition-sk\\\/#primaryimage\"},\"thumbnailUrl\":\"https:\\\/\\\/begamer.cz\\\/wp-content\\\/uploads\\\/2026\\\/01\\\/tales-of-graces-f-remastered-deluxe-edition-9.webp\",\"datePublished\":\"2026-01-30T17:14:08+00:00\",\"dateModified\":\"2026-03-11T07:59:09+00:00\",\"breadcrumb\":{\"@id\":\"https:\\\/\\\/begamer.cz\\\/sk\\\/produkt\\\/tales-of-graces-f-remastered-deluxe-edition-sk\\\/#breadcrumb\"},\"inLanguage\":\"sk-SK\",\"potentialAction\":[{\"@type\":\"ReadAction\",\"target\":[\"https:\\\/\\\/begamer.cz\\\/sk\\\/produkt\\\/tales-of-graces-f-remastered-deluxe-edition-sk\\\/\"]}]},{\"@type\":\"ImageObject\",\"inLanguage\":\"sk-SK\",\"@id\":\"https:\\\/\\\/begamer.cz\\\/sk\\\/produkt\\\/tales-of-graces-f-remastered-deluxe-edition-sk\\\/#primaryimage\",\"url\":\"https:\\\/\\\/begamer.cz\\\/wp-content\\\/uploads\\\/2026\\\/01\\\/tales-of-graces-f-remastered-deluxe-edition-9.webp\",\"contentUrl\":\"https:\\\/\\\/begamer.cz\\\/wp-content\\\/uploads\\\/2026\\\/01\\\/tales-of-graces-f-remastered-deluxe-edition-9.webp\",\"width\":300,\"height\":400},{\"@type\":\"BreadcrumbList\",\"@id\":\"https:\\\/\\\/begamer.cz\\\/sk\\\/produkt\\\/tales-of-graces-f-remastered-deluxe-edition-sk\\\/#breadcrumb\",\"itemListElement\":[{\"@type\":\"ListItem\",\"position\":1,\"name\":\"Domov\",\"item\":\"https:\\\/\\\/begamer.cz\\\/sk\\\/\"},{\"@type\":\"ListItem\",\"position\":2,\"name\":\"Obchod\",\"item\":\"https:\\\/\\\/begamer.cz\\\/obchod\\\/\"},{\"@type\":\"ListItem\",\"position\":3,\"name\":\"Tales of Graces F Remastered: Deluxe Edition\"}]},{\"@type\":\"WebSite\",\"@id\":\"https:\\\/\\\/begamer.cz\\\/sk\\\/#website\",\"url\":\"https:\\\/\\\/begamer.cz\\\/sk\\\/\",\"name\":\"BeGamer.cz\",\"description\":\"\",\"publisher\":{\"@id\":\"https:\\\/\\\/begamer.cz\\\/sk\\\/#organization\"},\"potentialAction\":[{\"@type\":\"SearchAction\",\"target\":{\"@type\":\"EntryPoint\",\"urlTemplate\":\"https:\\\/\\\/begamer.cz\\\/sk\\\/?s={search_term_string}\"},\"query-input\":{\"@type\":\"PropertyValueSpecification\",\"valueRequired\":true,\"valueName\":\"search_term_string\"}}],\"inLanguage\":\"sk-SK\"},{\"@type\":\"Organization\",\"@id\":\"https:\\\/\\\/begamer.cz\\\/sk\\\/#organization\",\"name\":\"BeGamer.cz\",\"url\":\"https:\\\/\\\/begamer.cz\\\/sk\\\/\",\"logo\":{\"@type\":\"ImageObject\",\"inLanguage\":\"sk-SK\",\"@id\":\"https:\\\/\\\/begamer.cz\\\/sk\\\/#\\\/schema\\\/logo\\\/image\\\/\",\"url\":\"https:\\\/\\\/begamer.cz\\\/wp-content\\\/uploads\\\/2025\\\/07\\\/logo.svg\",\"contentUrl\":\"https:\\\/\\\/begamer.cz\\\/wp-content\\\/uploads\\\/2025\\\/07\\\/logo.svg\",\"caption\":\"BeGamer.cz\"},\"image\":{\"@id\":\"https:\\\/\\\/begamer.cz\\\/sk\\\/#\\\/schema\\\/logo\\\/image\\\/\"}}]}<\/script>\n<!-- \/ Yoast SEO plugin. -->","yoast_head_json":{"title":"Tales of Graces F Remastered: Deluxe Edition | BeGamer.cz","robots":{"index":"index","follow":"follow","max-snippet":"max-snippet:-1","max-image-preview":"max-image-preview:large","max-video-preview":"max-video-preview:-1"},"canonical":"https:\/\/begamer.cz\/sk\/produkt\/tales-of-graces-f-remastered-deluxe-edition-sk\/","og_locale":"sk_SK","og_type":"article","og_title":"Tales of Graces F Remastered: Deluxe Edition | BeGamer.cz","og_description":"Tales of Graces F Remastered: Deluxe Edition pon\u00faka vylep\u0161en\u00fd RPG z\u00e1\u017eitok s lep\u0161ou grafikou, zdokonalenou hrate\u013enos\u0165ou a exkluz\u00edvnym obsahom. Ponorte sa do epick\u00e9ho pr\u00edbehu pln\u00e9ho zauj\u00edmav\u00fdch post\u00e1v, ak\u010dn\u00fdch bitiek a pohlcuj\u00faceho prieskumu v tejto definit\u00edvnej ed\u00edcii.","og_url":"https:\/\/begamer.cz\/sk\/produkt\/tales-of-graces-f-remastered-deluxe-edition-sk\/","og_site_name":"BeGamer.cz","article_modified_time":"2026-03-11T07:59:09+00:00","og_image":[{"width":300,"height":400,"url":"https:\/\/begamer.cz\/wp-content\/uploads\/2026\/01\/tales-of-graces-f-remastered-deluxe-edition-9.webp","type":"image\/webp"}],"twitter_card":"summary_large_image","twitter_misc":{"Predpokladan\u00fd \u010das \u010d\u00edtania":"1 min\u00fata"},"schema":{"@context":"https:\/\/schema.org","@graph":[{"@type":"WebPage","@id":"https:\/\/begamer.cz\/sk\/produkt\/tales-of-graces-f-remastered-deluxe-edition-sk\/","url":"https:\/\/begamer.cz\/sk\/produkt\/tales-of-graces-f-remastered-deluxe-edition-sk\/","name":"Tales of Graces F Remastered: Deluxe Edition | BeGamer.cz","isPartOf":{"@id":"https:\/\/begamer.cz\/sk\/#website"},"primaryImageOfPage":{"@id":"https:\/\/begamer.cz\/sk\/produkt\/tales-of-graces-f-remastered-deluxe-edition-sk\/#primaryimage"},"image":{"@id":"https:\/\/begamer.cz\/sk\/produkt\/tales-of-graces-f-remastered-deluxe-edition-sk\/#primaryimage"},"thumbnailUrl":"https:\/\/begamer.cz\/wp-content\/uploads\/2026\/01\/tales-of-graces-f-remastered-deluxe-edition-9.webp","datePublished":"2026-01-30T17:14:08+00:00","dateModified":"2026-03-11T07:59:09+00:00","breadcrumb":{"@id":"https:\/\/begamer.cz\/sk\/produkt\/tales-of-graces-f-remastered-deluxe-edition-sk\/#breadcrumb"},"inLanguage":"sk-SK","potentialAction":[{"@type":"ReadAction","target":["https:\/\/begamer.cz\/sk\/produkt\/tales-of-graces-f-remastered-deluxe-edition-sk\/"]}]},{"@type":"ImageObject","inLanguage":"sk-SK","@id":"https:\/\/begamer.cz\/sk\/produkt\/tales-of-graces-f-remastered-deluxe-edition-sk\/#primaryimage","url":"https:\/\/begamer.cz\/wp-content\/uploads\/2026\/01\/tales-of-graces-f-remastered-deluxe-edition-9.webp","contentUrl":"https:\/\/begamer.cz\/wp-content\/uploads\/2026\/01\/tales-of-graces-f-remastered-deluxe-edition-9.webp","width":300,"height":400},{"@type":"BreadcrumbList","@id":"https:\/\/begamer.cz\/sk\/produkt\/tales-of-graces-f-remastered-deluxe-edition-sk\/#breadcrumb","itemListElement":[{"@type":"ListItem","position":1,"name":"Domov","item":"https:\/\/begamer.cz\/sk\/"},{"@type":"ListItem","position":2,"name":"Obchod","item":"https:\/\/begamer.cz\/obchod\/"},{"@type":"ListItem","position":3,"name":"Tales of Graces F Remastered: Deluxe Edition"}]},{"@type":"WebSite","@id":"https:\/\/begamer.cz\/sk\/#website","url":"https:\/\/begamer.cz\/sk\/","name":"BeGamer.cz","description":"","publisher":{"@id":"https:\/\/begamer.cz\/sk\/#organization"},"potentialAction":[{"@type":"SearchAction","target":{"@type":"EntryPoint","urlTemplate":"https:\/\/begamer.cz\/sk\/?s={search_term_string}"},"query-input":{"@type":"PropertyValueSpecification","valueRequired":true,"valueName":"search_term_string"}}],"inLanguage":"sk-SK"},{"@type":"Organization","@id":"https:\/\/begamer.cz\/sk\/#organization","name":"BeGamer.cz","url":"https:\/\/begamer.cz\/sk\/","logo":{"@type":"ImageObject","inLanguage":"sk-SK","@id":"https:\/\/begamer.cz\/sk\/#\/schema\/logo\/image\/","url":"https:\/\/begamer.cz\/wp-content\/uploads\/2025\/07\/logo.svg","contentUrl":"https:\/\/begamer.cz\/wp-content\/uploads\/2025\/07\/logo.svg","caption":"BeGamer.cz"},"image":{"@id":"https:\/\/begamer.cz\/sk\/#\/schema\/logo\/image\/"}}]}},"acf":[],"_links":{"self":[{"href":"https:\/\/begamer.cz\/sk\/wp-json\/wp\/v2\/product\/100685","targetHints":{"allow":["GET"]}}],"collection":[{"href":"https:\/\/begamer.cz\/sk\/wp-json\/wp\/v2\/product"}],"about":[{"href":"https:\/\/begamer.cz\/sk\/wp-json\/wp\/v2\/types\/product"}],"replies":[{"embeddable":true,"href":"https:\/\/begamer.cz\/sk\/wp-json\/wp\/v2\/comments?post=100685"}],"wp:featuredmedia":[{"embeddable":true,"href":"https:\/\/begamer.cz\/sk\/wp-json\/wp\/v2\/media\/79474"}],"wp:attachment":[{"href":"https:\/\/begamer.cz\/sk\/wp-json\/wp\/v2\/media?parent=100685"}],"wp:term":[{"taxonomy":"product_brand","embeddable":true,"href":"https:\/\/begamer.cz\/sk\/wp-json\/wp\/v2\/product_brand?post=100685"},{"taxonomy":"product_cat","embeddable":true,"href":"https:\/\/begamer.cz\/sk\/wp-json\/wp\/v2\/product_cat?post=100685"},{"taxonomy":"product_tag","embeddable":true,"href":"https:\/\/begamer.cz\/sk\/wp-json\/wp\/v2\/product_tag?post=100685"}],"curies":[{"name":"wp","href":"https:\/\/api.w.org\/{rel}","templated":true}]}}