{"id":100676,"date":"2026-01-30T18:13:58","date_gmt":"2026-01-30T17:13:58","guid":{"rendered":"https:\/\/begamer.cz\/produkt\/synduality-echo-of-ada-deluxe-edition-sk\/"},"modified":"2026-03-11T08:58:53","modified_gmt":"2026-03-11T07:58:53","slug":"synduality-echo-of-ada-deluxe-edition-sk","status":"publish","type":"product","link":"https:\/\/begamer.cz\/sk\/produkt\/synduality-echo-of-ada-deluxe-edition-sk\/","title":{"rendered":"Synduality: Echo of Ada \u2013 Deluxe Edition"},"content":{"rendered":"<p>Deluxe Edition obsahuje:<br \/>\n\u2022 SYNDUALITY Echo of Ada<br \/>\n\u2022 Obsah Deluxe Edition<br \/>\nBu\u010fte pripraven\u00ed na v\u0161etko s nov\u00fdm oble\u010den\u00edm, pr\u00edstupom k sez\u00f3nnym bonusom Deluxe Drifter Pass a l\u00edstkom Magus Remake Ticket!<br \/>\n&#8211; \u0160kolsk\u00e1 uniforma Magus<br \/>\n&#8211; Poukaz Deluxe Drifter Pass<br \/>\n&#8211; L\u00edstok Magus Remake Ticket<\/p>\n","protected":false},"excerpt":{"rendered":"<p>Synduality: Echo of Ada \u2013 Deluxe Edition pon\u00faka pohlcuj\u00faci z\u00e1\u017eitok z mech RPG s vylep\u0161enou grafikou, extra misiami a exkluz\u00edvnymi predmetmi v hre. Ponorte sa do futuristick\u00e9ho sveta, prisp\u00f4sobte si svoj mech a odha\u013ete tajomstv\u00e1 Ady v tomto ak\u010dnom deluxe bal\u00ed\u010dku.<\/p>\n","protected":false},"featured_media":79402,"comment_status":"open","ping_status":"closed","template":"","meta":{"_acf_changed":false},"product_brand":[],"product_cat":[268,266,312,9064],"product_tag":[],"class_list":{"0":"post-100676","1":"product","2":"type-product","3":"status-publish","4":"has-post-thumbnail","6":"product_cat-pc-sk","7":"product_cat-pc-hry-sk","8":"product_cat-steam-pc-sk","9":"product_cat-strielacky-3","10":"pa_audio-en-us","11":"pa_audio-ja-jp","13":"pa_countries-at","14":"pa_countries-be","15":"pa_countries-bg","16":"pa_countries-cy","17":"pa_countries-cz","19":"pa_countries-de","20":"pa_countries-dk","21":"pa_countries-ee","22":"pa_countries-es","23":"pa_countries-fi","24":"pa_countries-fr","25":"pa_countries-gr","26":"pa_countries-hr","27":"pa_countries-hu","28":"pa_countries-ie","29":"pa_countries-it","30":"pa_countries-lt","31":"pa_countries-lu","32":"pa_countries-lv","33":"pa_countries-mt","34":"pa_countries-nl","35":"pa_countries-pl","36":"pa_countries-pt","37":"pa_countries-ro","38":"pa_countries-se","39":"pa_countries-si","40":"pa_countries-sk","41":"pa_developer-game-studio","42":"pa_game_type-main_game","44":"pa_genres-shooter","46":"pa_interface-de-de","47":"pa_interface-en-us","48":"pa_interface-es-es","49":"pa_interface-fr-fr","50":"pa_interface-it-it","51":"pa_interface-ja-jp","52":"pa_interface-ko-kr","53":"pa_interface-th-th","55":"pa_interface-zh-cn","56":"pa_interface-zh-tw","57":"pa_modes-multiplayer","59":"pa_modes-single-player","60":"pa_pegi-927","61":"pa_pegi-13428","62":"pa_platform-pc-steam","64":"pa_player_perspectives-third-person","66":"pa_publisher-bandai-namco-entertainment","68":"pa_rating-14441","69":"pa_rating-773","70":"pa_region-europe","72":"pa_subtitles-de-de","74":"pa_subtitles-en-us","75":"pa_subtitles-es-es","76":"pa_subtitles-fr-fr","77":"pa_subtitles-it-it","78":"pa_subtitles-ja-jp","79":"pa_subtitles-ko-kr","80":"pa_subtitles-th-th","81":"pa_subtitles-zh-cn","82":"pa_subtitles-zh-tw","83":"pa_themes-action","84":"pa_themes-science-fiction","87":"first","88":"instock","89":"virtual","90":"taxable","91":"purchasable","92":"product-type-simple"},"yoast_head":"<!-- This site is optimized with the Yoast SEO plugin v27.4 - https:\/\/yoast.com\/product\/yoast-seo-wordpress\/ -->\n<title>Synduality: Echo of Ada - Deluxe Edition | BeGamer.cz<\/title>\n<meta name=\"robots\" content=\"index, follow, max-snippet:-1, max-image-preview:large, max-video-preview:-1\" \/>\n<link rel=\"canonical\" href=\"https:\/\/begamer.cz\/sk\/produkt\/synduality-echo-of-ada-deluxe-edition-sk\/\" \/>\n<meta property=\"og:locale\" content=\"sk_SK\" \/>\n<meta property=\"og:type\" content=\"article\" \/>\n<meta property=\"og:title\" content=\"Synduality: Echo of Ada - Deluxe Edition | BeGamer.cz\" \/>\n<meta property=\"og:description\" content=\"Synduality: Echo of Ada \u2013 Deluxe Edition pon\u00faka pohlcuj\u00faci z\u00e1\u017eitok z mech RPG s vylep\u0161enou grafikou, extra misiami a exkluz\u00edvnymi predmetmi v hre. Ponorte sa do futuristick\u00e9ho sveta, prisp\u00f4sobte si svoj mech a odha\u013ete tajomstv\u00e1 Ady v tomto ak\u010dnom deluxe bal\u00ed\u010dku.\" \/>\n<meta property=\"og:url\" content=\"https:\/\/begamer.cz\/sk\/produkt\/synduality-echo-of-ada-deluxe-edition-sk\/\" \/>\n<meta property=\"og:site_name\" content=\"BeGamer.cz\" \/>\n<meta property=\"article:modified_time\" content=\"2026-03-11T07:58:53+00:00\" \/>\n<meta property=\"og:image\" content=\"https:\/\/begamer.cz\/wp-content\/uploads\/2026\/01\/synduality-echo-of-ada-deluxe-edition-10.webp\" \/>\n\t<meta property=\"og:image:width\" content=\"300\" \/>\n\t<meta property=\"og:image:height\" content=\"400\" \/>\n\t<meta property=\"og:image:type\" content=\"image\/webp\" \/>\n<meta name=\"twitter:card\" content=\"summary_large_image\" \/>\n<script type=\"application\/ld+json\" class=\"yoast-schema-graph\">{\"@context\":\"https:\\\/\\\/schema.org\",\"@graph\":[{\"@type\":\"WebPage\",\"@id\":\"https:\\\/\\\/begamer.cz\\\/sk\\\/produkt\\\/synduality-echo-of-ada-deluxe-edition-sk\\\/\",\"url\":\"https:\\\/\\\/begamer.cz\\\/sk\\\/produkt\\\/synduality-echo-of-ada-deluxe-edition-sk\\\/\",\"name\":\"Synduality: Echo of Ada - Deluxe Edition | BeGamer.cz\",\"isPartOf\":{\"@id\":\"https:\\\/\\\/begamer.cz\\\/sk\\\/#website\"},\"primaryImageOfPage\":{\"@id\":\"https:\\\/\\\/begamer.cz\\\/sk\\\/produkt\\\/synduality-echo-of-ada-deluxe-edition-sk\\\/#primaryimage\"},\"image\":{\"@id\":\"https:\\\/\\\/begamer.cz\\\/sk\\\/produkt\\\/synduality-echo-of-ada-deluxe-edition-sk\\\/#primaryimage\"},\"thumbnailUrl\":\"https:\\\/\\\/begamer.cz\\\/wp-content\\\/uploads\\\/2026\\\/01\\\/synduality-echo-of-ada-deluxe-edition-10.webp\",\"datePublished\":\"2026-01-30T17:13:58+00:00\",\"dateModified\":\"2026-03-11T07:58:53+00:00\",\"breadcrumb\":{\"@id\":\"https:\\\/\\\/begamer.cz\\\/sk\\\/produkt\\\/synduality-echo-of-ada-deluxe-edition-sk\\\/#breadcrumb\"},\"inLanguage\":\"sk-SK\",\"potentialAction\":[{\"@type\":\"ReadAction\",\"target\":[\"https:\\\/\\\/begamer.cz\\\/sk\\\/produkt\\\/synduality-echo-of-ada-deluxe-edition-sk\\\/\"]}]},{\"@type\":\"ImageObject\",\"inLanguage\":\"sk-SK\",\"@id\":\"https:\\\/\\\/begamer.cz\\\/sk\\\/produkt\\\/synduality-echo-of-ada-deluxe-edition-sk\\\/#primaryimage\",\"url\":\"https:\\\/\\\/begamer.cz\\\/wp-content\\\/uploads\\\/2026\\\/01\\\/synduality-echo-of-ada-deluxe-edition-10.webp\",\"contentUrl\":\"https:\\\/\\\/begamer.cz\\\/wp-content\\\/uploads\\\/2026\\\/01\\\/synduality-echo-of-ada-deluxe-edition-10.webp\",\"width\":300,\"height\":400},{\"@type\":\"BreadcrumbList\",\"@id\":\"https:\\\/\\\/begamer.cz\\\/sk\\\/produkt\\\/synduality-echo-of-ada-deluxe-edition-sk\\\/#breadcrumb\",\"itemListElement\":[{\"@type\":\"ListItem\",\"position\":1,\"name\":\"Domov\",\"item\":\"https:\\\/\\\/begamer.cz\\\/sk\\\/\"},{\"@type\":\"ListItem\",\"position\":2,\"name\":\"Obchod\",\"item\":\"https:\\\/\\\/begamer.cz\\\/obchod\\\/\"},{\"@type\":\"ListItem\",\"position\":3,\"name\":\"Synduality: Echo of Ada &#8211; Deluxe Edition\"}]},{\"@type\":\"WebSite\",\"@id\":\"https:\\\/\\\/begamer.cz\\\/sk\\\/#website\",\"url\":\"https:\\\/\\\/begamer.cz\\\/sk\\\/\",\"name\":\"BeGamer.cz\",\"description\":\"\",\"publisher\":{\"@id\":\"https:\\\/\\\/begamer.cz\\\/sk\\\/#organization\"},\"potentialAction\":[{\"@type\":\"SearchAction\",\"target\":{\"@type\":\"EntryPoint\",\"urlTemplate\":\"https:\\\/\\\/begamer.cz\\\/sk\\\/?s={search_term_string}\"},\"query-input\":{\"@type\":\"PropertyValueSpecification\",\"valueRequired\":true,\"valueName\":\"search_term_string\"}}],\"inLanguage\":\"sk-SK\"},{\"@type\":\"Organization\",\"@id\":\"https:\\\/\\\/begamer.cz\\\/sk\\\/#organization\",\"name\":\"BeGamer.cz\",\"url\":\"https:\\\/\\\/begamer.cz\\\/sk\\\/\",\"logo\":{\"@type\":\"ImageObject\",\"inLanguage\":\"sk-SK\",\"@id\":\"https:\\\/\\\/begamer.cz\\\/sk\\\/#\\\/schema\\\/logo\\\/image\\\/\",\"url\":\"https:\\\/\\\/begamer.cz\\\/wp-content\\\/uploads\\\/2025\\\/07\\\/logo.svg\",\"contentUrl\":\"https:\\\/\\\/begamer.cz\\\/wp-content\\\/uploads\\\/2025\\\/07\\\/logo.svg\",\"caption\":\"BeGamer.cz\"},\"image\":{\"@id\":\"https:\\\/\\\/begamer.cz\\\/sk\\\/#\\\/schema\\\/logo\\\/image\\\/\"}}]}<\/script>\n<!-- \/ Yoast SEO plugin. -->","yoast_head_json":{"title":"Synduality: Echo of Ada - Deluxe Edition | BeGamer.cz","robots":{"index":"index","follow":"follow","max-snippet":"max-snippet:-1","max-image-preview":"max-image-preview:large","max-video-preview":"max-video-preview:-1"},"canonical":"https:\/\/begamer.cz\/sk\/produkt\/synduality-echo-of-ada-deluxe-edition-sk\/","og_locale":"sk_SK","og_type":"article","og_title":"Synduality: Echo of Ada - Deluxe Edition | BeGamer.cz","og_description":"Synduality: Echo of Ada \u2013 Deluxe Edition pon\u00faka pohlcuj\u00faci z\u00e1\u017eitok z mech RPG s vylep\u0161enou grafikou, extra misiami a exkluz\u00edvnymi predmetmi v hre. Ponorte sa do futuristick\u00e9ho sveta, prisp\u00f4sobte si svoj mech a odha\u013ete tajomstv\u00e1 Ady v tomto ak\u010dnom deluxe bal\u00ed\u010dku.","og_url":"https:\/\/begamer.cz\/sk\/produkt\/synduality-echo-of-ada-deluxe-edition-sk\/","og_site_name":"BeGamer.cz","article_modified_time":"2026-03-11T07:58:53+00:00","og_image":[{"width":300,"height":400,"url":"https:\/\/begamer.cz\/wp-content\/uploads\/2026\/01\/synduality-echo-of-ada-deluxe-edition-10.webp","type":"image\/webp"}],"twitter_card":"summary_large_image","schema":{"@context":"https:\/\/schema.org","@graph":[{"@type":"WebPage","@id":"https:\/\/begamer.cz\/sk\/produkt\/synduality-echo-of-ada-deluxe-edition-sk\/","url":"https:\/\/begamer.cz\/sk\/produkt\/synduality-echo-of-ada-deluxe-edition-sk\/","name":"Synduality: Echo of Ada - Deluxe Edition | BeGamer.cz","isPartOf":{"@id":"https:\/\/begamer.cz\/sk\/#website"},"primaryImageOfPage":{"@id":"https:\/\/begamer.cz\/sk\/produkt\/synduality-echo-of-ada-deluxe-edition-sk\/#primaryimage"},"image":{"@id":"https:\/\/begamer.cz\/sk\/produkt\/synduality-echo-of-ada-deluxe-edition-sk\/#primaryimage"},"thumbnailUrl":"https:\/\/begamer.cz\/wp-content\/uploads\/2026\/01\/synduality-echo-of-ada-deluxe-edition-10.webp","datePublished":"2026-01-30T17:13:58+00:00","dateModified":"2026-03-11T07:58:53+00:00","breadcrumb":{"@id":"https:\/\/begamer.cz\/sk\/produkt\/synduality-echo-of-ada-deluxe-edition-sk\/#breadcrumb"},"inLanguage":"sk-SK","potentialAction":[{"@type":"ReadAction","target":["https:\/\/begamer.cz\/sk\/produkt\/synduality-echo-of-ada-deluxe-edition-sk\/"]}]},{"@type":"ImageObject","inLanguage":"sk-SK","@id":"https:\/\/begamer.cz\/sk\/produkt\/synduality-echo-of-ada-deluxe-edition-sk\/#primaryimage","url":"https:\/\/begamer.cz\/wp-content\/uploads\/2026\/01\/synduality-echo-of-ada-deluxe-edition-10.webp","contentUrl":"https:\/\/begamer.cz\/wp-content\/uploads\/2026\/01\/synduality-echo-of-ada-deluxe-edition-10.webp","width":300,"height":400},{"@type":"BreadcrumbList","@id":"https:\/\/begamer.cz\/sk\/produkt\/synduality-echo-of-ada-deluxe-edition-sk\/#breadcrumb","itemListElement":[{"@type":"ListItem","position":1,"name":"Domov","item":"https:\/\/begamer.cz\/sk\/"},{"@type":"ListItem","position":2,"name":"Obchod","item":"https:\/\/begamer.cz\/obchod\/"},{"@type":"ListItem","position":3,"name":"Synduality: Echo of Ada &#8211; Deluxe Edition"}]},{"@type":"WebSite","@id":"https:\/\/begamer.cz\/sk\/#website","url":"https:\/\/begamer.cz\/sk\/","name":"BeGamer.cz","description":"","publisher":{"@id":"https:\/\/begamer.cz\/sk\/#organization"},"potentialAction":[{"@type":"SearchAction","target":{"@type":"EntryPoint","urlTemplate":"https:\/\/begamer.cz\/sk\/?s={search_term_string}"},"query-input":{"@type":"PropertyValueSpecification","valueRequired":true,"valueName":"search_term_string"}}],"inLanguage":"sk-SK"},{"@type":"Organization","@id":"https:\/\/begamer.cz\/sk\/#organization","name":"BeGamer.cz","url":"https:\/\/begamer.cz\/sk\/","logo":{"@type":"ImageObject","inLanguage":"sk-SK","@id":"https:\/\/begamer.cz\/sk\/#\/schema\/logo\/image\/","url":"https:\/\/begamer.cz\/wp-content\/uploads\/2025\/07\/logo.svg","contentUrl":"https:\/\/begamer.cz\/wp-content\/uploads\/2025\/07\/logo.svg","caption":"BeGamer.cz"},"image":{"@id":"https:\/\/begamer.cz\/sk\/#\/schema\/logo\/image\/"}}]}},"acf":[],"_links":{"self":[{"href":"https:\/\/begamer.cz\/sk\/wp-json\/wp\/v2\/product\/100676","targetHints":{"allow":["GET"]}}],"collection":[{"href":"https:\/\/begamer.cz\/sk\/wp-json\/wp\/v2\/product"}],"about":[{"href":"https:\/\/begamer.cz\/sk\/wp-json\/wp\/v2\/types\/product"}],"replies":[{"embeddable":true,"href":"https:\/\/begamer.cz\/sk\/wp-json\/wp\/v2\/comments?post=100676"}],"wp:featuredmedia":[{"embeddable":true,"href":"https:\/\/begamer.cz\/sk\/wp-json\/wp\/v2\/media\/79402"}],"wp:attachment":[{"href":"https:\/\/begamer.cz\/sk\/wp-json\/wp\/v2\/media?parent=100676"}],"wp:term":[{"taxonomy":"product_brand","embeddable":true,"href":"https:\/\/begamer.cz\/sk\/wp-json\/wp\/v2\/product_brand?post=100676"},{"taxonomy":"product_cat","embeddable":true,"href":"https:\/\/begamer.cz\/sk\/wp-json\/wp\/v2\/product_cat?post=100676"},{"taxonomy":"product_tag","embeddable":true,"href":"https:\/\/begamer.cz\/sk\/wp-json\/wp\/v2\/product_tag?post=100676"}],"curies":[{"name":"wp","href":"https:\/\/api.w.org\/{rel}","templated":true}]}}