{"id":100673,"date":"2026-01-30T18:13:50","date_gmt":"2026-01-30T17:13:50","guid":{"rendered":"https:\/\/begamer.cz\/produkt\/synduality-echo-of-ada-sk\/"},"modified":"2026-03-11T08:58:47","modified_gmt":"2026-03-11T07:58:47","slug":"synduality-echo-of-ada-sk","status":"publish","type":"product","link":"https:\/\/begamer.cz\/sk\/produkt\/synduality-echo-of-ada-sk\/","title":{"rendered":"Synduality: Echo of Ada"},"content":{"rendered":"<h1>O hre<\/h1>\n<p>SYNDUALITY Echo of Ada sa odohr\u00e1va v roku 2222, roky po tom, \u010do tajomn\u00fd jedovat\u00fd d\u00e1\u017e\u010f naz\u00fdvan\u00fd Slzy nov\u00e9ho mesiaca vyhladil v\u00e4\u010d\u0161inu \u013eudstva a zrodil deformovan\u00e9 stvorenia, ktor\u00e9 teraz lovia obyvate\u013estvo. Uprostred tejto katastrofy s\u00fa \u013eudia n\u00faten\u00ed vybudova\u0165 podzemn\u00e9 \u00fato\u010disko, aby pre\u017eili.<\/p>\n<p>V\u017eite sa do role Driftera, ktor\u00e9ho cie\u013eom je zbiera\u0165 vz\u00e1cny zdroj zn\u00e1my ako AO kry\u0161t\u00e1ly. Vo svojej \u00falohe mus\u00edte spolupracova\u0165 so svoj\u00edm partnerom umelej inteligencie, aby ste \u010delili xenomorfn\u00fdm stvoreniam zn\u00e1mym ako Enders a pre\u017eili nebezpe\u010denstv\u00e1 na povrchu.<\/p>\n<h2 class=\"bb_tag\" >PRE\u017dITE NA POVRCHU<\/h2>\n<p><span class=\"bb_img_ctn\"><video class=\"bb_img\" autoplay muted loop playsinline poster=\"https:\/\/shared.akamai.steamstatic.com\/store_item_assets\/steam\/apps\/1245480\/extras\/8824ccd7e31e31ce29cfeddf5518c955.poster.avif?t=1760608814\" width=616 height=200 ><source src=\"https:\/\/shared.akamai.steamstatic.com\/store_item_assets\/steam\/apps\/1245480\/extras\/8824ccd7e31e31ce29cfeddf5518c955.webm?t=1760608814\" type=\"video\/webm; codecs=vp9\"><source src=\"https:\/\/shared.akamai.steamstatic.com\/store_item_assets\/steam\/apps\/1245480\/extras\/8824ccd7e31e31ce29cfeddf5518c955.mp4?t=1760608814\" type=\"video\/mp4\"><\/video><\/span><br \/>Vyst\u00fapte z podzemia na povrch sveta, ktor\u00fd je pln\u00fd nepriate\u013esk\u00fdch Enders, toxick\u00fdch da\u017e\u010fov a in\u00fdch nepriate\u013eov, a bojujte o zdroje. Jazdi na svojom CRADLECOFFIN, spolupracuj so svoj\u00edm Magusom a bu\u010f ostra\u017eit\u00fd vo\u010di ostatn\u00fdm hr\u00e1\u010dom. Jedin\u00fd nespr\u00e1vny krok sta\u010d\u00ed na to, aby si stratil svoj mecha aj cenn\u00e9 z\u00e1soby, ktor\u00e9 zostan\u00fa na pospas ostatn\u00fdm pre\u017eiv\u0161\u00edm.<\/p>\n<h2 class=\"bb_tag\" >MAGUS \u2013 V\u00c1\u0160 OSOBN\u00dd PARTNER, KTOR\u00c9HO SI MUS\u00cdTE UDR\u017dA\u0164<\/h2>\n<p><span class=\"bb_img_ctn\"><video class=\"bb_img\" autoplay muted loop playsinline poster=\"https:\/\/shared.akamai.steamstatic.com\/store_item_assets\/steam\/apps\/1245480\/extras\/4c7e94690a839ad3575cbb7b1f19c33f.poster.avif?t=1760608814\" width=616 height=200 ><source src=\"https:\/\/shared.akamai.steamstatic.com\/store_item_assets\/steam\/apps\/1245480\/extras\/4c7e94690a839ad3575cbb7b1f19c33f.webm?t=1760608814\" type=\"video\/webm; codecs=vp9\"><source src=\"https:\/\/shared.akamai.steamstatic.com\/store_item_assets\/steam\/apps\/1245480\/extras\/4c7e94690a839ad3575cbb7b1f19c33f.mp4?t=1760608814\" type=\"video\/mp4\"><\/video><\/span><br \/>T\u00e1to humanoidn\u00e1 umel\u00e1 inteligencia ti pom\u00e1ha pri prieskume, zh\u00e1\u0148an\u00ed zdrojov a boji. Ka\u017ed\u00fd model m\u00e1 in\u00fa osobnos\u0165 a jeho vzh\u013ead je mo\u017en\u00e9 rozsiahlo prisp\u00f4sobi\u0165. Funguj\u00fa tak, \u017ee na z\u00e1klade anal\u00fdzy tvojich predch\u00e1dzaj\u00facich v\u00fdkonov v bojov\u00fdch v\u00fdprav\u00e1ch poskytuj\u00fa prisp\u00f4soben\u00fa sp\u00e4tn\u00fa v\u00e4zbu k cie\u013eu, aby si nerobil dvakr\u00e1t tie ist\u00e9 chyby. Maj ich nabl\u00edzku, preto\u017ee Magus m\u00f4\u017ee v \u0165a\u017ekej situ\u00e1cii vyu\u017ei\u0165 aj svoje jedine\u010dn\u00e9 schopnosti!<\/p>\n<h2 class=\"bb_tag\" >THE CRADLECOFFIN \u2013 VA\u0160E VOZIDLO<\/h2>\n<p><span class=\"bb_img_ctn\"><video class=\"bb_img\" autoplay muted loop playsinline poster=\"https:\/\/shared.akamai.steamstatic.com\/store_item_assets\/steam\/apps\/1245480\/extras\/28d40b736716f69d321116d7bc35c905.poster.avif?t=1760608814\" width=616 height=200 ><source src=\"https:\/\/shared.akamai.steamstatic.com\/store_item_assets\/steam\/apps\/1245480\/extras\/28d40b736716f69d321116d7bc35c905.webm?t=1760608814\" type=\"video\/webm; codecs=vp9\"><source src=\"https:\/\/shared.akamai.steamstatic.com\/store_item_assets\/steam\/apps\/1245480\/extras\/28d40b736716f69d321116d7bc35c905.mp4?t=1760608814\" type=\"video\/mp4\"><\/video><\/span><br \/>CRADLECOFFIN je dvojno\u017en\u00fd vozidlo vhodn\u00e9 do ka\u017ed\u00e9ho po\u010dasia, vyvinut\u00e9 pre n\u00e1ro\u010dn\u00fd ter\u00e9n na povrchu. Ka\u017ed\u00fd mecha m\u00e1 in\u00fa \u00farove\u0148 v\u00fddr\u017ee, nosnos\u0165, prev\u00e1dzkov\u00fa dobu a d\u00e1 sa \u010falej prisp\u00f4sobi\u0165 mnoh\u00fdmi \u010das\u0165ami karos\u00e9rie a zbra\u0148ami, aby vyhovoval ka\u017ed\u00e9mu v\u00fdpadu a vysk\u00fa\u0161al nov\u00e9 hern\u00e9 \u0161t\u00fdly. Vytvorte nov\u00e9 \u010dasti zbieran\u00edm zdrojov a vylep\u0161ovan\u00edm gar\u00e1\u017ee a zistite, ak\u00fd v\u00fdkonn\u00fd m\u00f4\u017ee CRADLECOFFIN by\u0165!<\/p>\n","protected":false},"excerpt":{"rendered":"<p>V tejto PvPvE extrak\u010dnej strie\u013ea\u010dke musia hr\u00e1\u010di s pomocou AI partnera zn\u00e1meho ako Magus pre\u017ei\u0165 proti xenomorfn\u00fdm tvorom a ostatn\u00fdm hr\u00e1\u010dom v boji o zdroje.<\/p>\n","protected":false},"featured_media":79366,"comment_status":"open","ping_status":"closed","template":"","meta":{"_acf_changed":false},"product_brand":[],"product_cat":[268,266,312,9064],"product_tag":[],"class_list":{"0":"post-100673","1":"product","2":"type-product","3":"status-publish","4":"has-post-thumbnail","6":"product_cat-pc-sk","7":"product_cat-pc-hry-sk","8":"product_cat-steam-pc-sk","9":"product_cat-strielacky-3","10":"pa_audio-en-us","11":"pa_audio-ja-jp","13":"pa_countries-at","14":"pa_countries-be","15":"pa_countries-bg","16":"pa_countries-cy","17":"pa_countries-cz","19":"pa_countries-de","20":"pa_countries-dk","21":"pa_countries-ee","22":"pa_countries-es","23":"pa_countries-fi","24":"pa_countries-fr","25":"pa_countries-gr","26":"pa_countries-hr","27":"pa_countries-hu","28":"pa_countries-ie","29":"pa_countries-it","30":"pa_countries-lt","31":"pa_countries-lu","32":"pa_countries-lv","33":"pa_countries-mt","34":"pa_countries-nl","35":"pa_countries-pl","36":"pa_countries-pt","37":"pa_countries-ro","38":"pa_countries-se","39":"pa_countries-si","40":"pa_countries-sk","41":"pa_developer-game-studio","42":"pa_engine-unreal-engine-5","44":"pa_game_type-main_game","46":"pa_genres-shooter","48":"pa_interface-de-de","49":"pa_interface-en-us","50":"pa_interface-es-es","51":"pa_interface-fr-fr","52":"pa_interface-it-it","53":"pa_interface-ja-jp","54":"pa_interface-ko-kr","55":"pa_interface-pt-br","56":"pa_interface-th-th","58":"pa_interface-zh-cn","59":"pa_interface-zh-tw","60":"pa_modes-multiplayer","62":"pa_modes-single-player","63":"pa_pegi-13428","64":"pa_pegi-927","65":"pa_platform-pc-steam","67":"pa_player_perspectives-third-person","69":"pa_publisher-bandai-namco-entertainment","71":"pa_rating-14527","72":"pa_rating-1482","73":"pa_region-europe","75":"pa_subtitles-de-de","77":"pa_subtitles-en-us","78":"pa_subtitles-es-es","79":"pa_subtitles-fr-fr","80":"pa_subtitles-it-it","81":"pa_subtitles-ja-jp","82":"pa_subtitles-ko-kr","83":"pa_subtitles-pt-br","84":"pa_subtitles-th-th","85":"pa_subtitles-zh-cn","86":"pa_subtitles-zh-tw","87":"pa_themes-action","88":"pa_themes-science-fiction","91":"first","92":"instock","93":"virtual","94":"taxable","95":"purchasable","96":"product-type-simple"},"yoast_head":"<!-- This site is optimized with the Yoast SEO plugin v27.4 - https:\/\/yoast.com\/product\/yoast-seo-wordpress\/ -->\n<title>Synduality: Echo of Ada | BeGamer.cz<\/title>\n<meta name=\"robots\" content=\"index, follow, max-snippet:-1, max-image-preview:large, max-video-preview:-1\" \/>\n<link rel=\"canonical\" href=\"https:\/\/begamer.cz\/sk\/produkt\/synduality-echo-of-ada-sk\/\" \/>\n<meta property=\"og:locale\" content=\"sk_SK\" \/>\n<meta property=\"og:type\" content=\"article\" \/>\n<meta property=\"og:title\" content=\"Synduality: Echo of Ada | BeGamer.cz\" \/>\n<meta property=\"og:description\" content=\"V tejto PvPvE extrak\u010dnej strie\u013ea\u010dke musia hr\u00e1\u010di s pomocou AI partnera zn\u00e1meho ako Magus pre\u017ei\u0165 proti xenomorfn\u00fdm tvorom a ostatn\u00fdm hr\u00e1\u010dom v boji o zdroje.\" \/>\n<meta property=\"og:url\" content=\"https:\/\/begamer.cz\/sk\/produkt\/synduality-echo-of-ada-sk\/\" \/>\n<meta property=\"og:site_name\" content=\"BeGamer.cz\" \/>\n<meta property=\"article:modified_time\" content=\"2026-03-11T07:58:47+00:00\" \/>\n<meta property=\"og:image\" content=\"https:\/\/begamer.cz\/wp-content\/uploads\/2026\/01\/synduality-echo-of-ada-6.webp\" \/>\n\t<meta property=\"og:image:width\" content=\"300\" \/>\n\t<meta property=\"og:image:height\" content=\"400\" \/>\n\t<meta property=\"og:image:type\" content=\"image\/webp\" \/>\n<meta name=\"twitter:card\" content=\"summary_large_image\" \/>\n<meta name=\"twitter:label1\" content=\"Predpokladan\u00fd \u010das \u010d\u00edtania\" \/>\n\t<meta name=\"twitter:data1\" content=\"2 min\u00faty\" \/>\n<script type=\"application\/ld+json\" class=\"yoast-schema-graph\">{\"@context\":\"https:\\\/\\\/schema.org\",\"@graph\":[{\"@type\":\"WebPage\",\"@id\":\"https:\\\/\\\/begamer.cz\\\/sk\\\/produkt\\\/synduality-echo-of-ada-sk\\\/\",\"url\":\"https:\\\/\\\/begamer.cz\\\/sk\\\/produkt\\\/synduality-echo-of-ada-sk\\\/\",\"name\":\"Synduality: Echo of Ada | BeGamer.cz\",\"isPartOf\":{\"@id\":\"https:\\\/\\\/begamer.cz\\\/sk\\\/#website\"},\"primaryImageOfPage\":{\"@id\":\"https:\\\/\\\/begamer.cz\\\/sk\\\/produkt\\\/synduality-echo-of-ada-sk\\\/#primaryimage\"},\"image\":{\"@id\":\"https:\\\/\\\/begamer.cz\\\/sk\\\/produkt\\\/synduality-echo-of-ada-sk\\\/#primaryimage\"},\"thumbnailUrl\":\"https:\\\/\\\/begamer.cz\\\/wp-content\\\/uploads\\\/2026\\\/01\\\/synduality-echo-of-ada-6.webp\",\"datePublished\":\"2026-01-30T17:13:50+00:00\",\"dateModified\":\"2026-03-11T07:58:47+00:00\",\"breadcrumb\":{\"@id\":\"https:\\\/\\\/begamer.cz\\\/sk\\\/produkt\\\/synduality-echo-of-ada-sk\\\/#breadcrumb\"},\"inLanguage\":\"sk-SK\",\"potentialAction\":[{\"@type\":\"ReadAction\",\"target\":[\"https:\\\/\\\/begamer.cz\\\/sk\\\/produkt\\\/synduality-echo-of-ada-sk\\\/\"]}]},{\"@type\":\"ImageObject\",\"inLanguage\":\"sk-SK\",\"@id\":\"https:\\\/\\\/begamer.cz\\\/sk\\\/produkt\\\/synduality-echo-of-ada-sk\\\/#primaryimage\",\"url\":\"https:\\\/\\\/begamer.cz\\\/wp-content\\\/uploads\\\/2026\\\/01\\\/synduality-echo-of-ada-6.webp\",\"contentUrl\":\"https:\\\/\\\/begamer.cz\\\/wp-content\\\/uploads\\\/2026\\\/01\\\/synduality-echo-of-ada-6.webp\",\"width\":300,\"height\":400},{\"@type\":\"BreadcrumbList\",\"@id\":\"https:\\\/\\\/begamer.cz\\\/sk\\\/produkt\\\/synduality-echo-of-ada-sk\\\/#breadcrumb\",\"itemListElement\":[{\"@type\":\"ListItem\",\"position\":1,\"name\":\"Domov\",\"item\":\"https:\\\/\\\/begamer.cz\\\/sk\\\/\"},{\"@type\":\"ListItem\",\"position\":2,\"name\":\"Obchod\",\"item\":\"https:\\\/\\\/begamer.cz\\\/obchod\\\/\"},{\"@type\":\"ListItem\",\"position\":3,\"name\":\"Synduality: Echo of Ada\"}]},{\"@type\":\"WebSite\",\"@id\":\"https:\\\/\\\/begamer.cz\\\/sk\\\/#website\",\"url\":\"https:\\\/\\\/begamer.cz\\\/sk\\\/\",\"name\":\"BeGamer.cz\",\"description\":\"\",\"publisher\":{\"@id\":\"https:\\\/\\\/begamer.cz\\\/sk\\\/#organization\"},\"potentialAction\":[{\"@type\":\"SearchAction\",\"target\":{\"@type\":\"EntryPoint\",\"urlTemplate\":\"https:\\\/\\\/begamer.cz\\\/sk\\\/?s={search_term_string}\"},\"query-input\":{\"@type\":\"PropertyValueSpecification\",\"valueRequired\":true,\"valueName\":\"search_term_string\"}}],\"inLanguage\":\"sk-SK\"},{\"@type\":\"Organization\",\"@id\":\"https:\\\/\\\/begamer.cz\\\/sk\\\/#organization\",\"name\":\"BeGamer.cz\",\"url\":\"https:\\\/\\\/begamer.cz\\\/sk\\\/\",\"logo\":{\"@type\":\"ImageObject\",\"inLanguage\":\"sk-SK\",\"@id\":\"https:\\\/\\\/begamer.cz\\\/sk\\\/#\\\/schema\\\/logo\\\/image\\\/\",\"url\":\"https:\\\/\\\/begamer.cz\\\/wp-content\\\/uploads\\\/2025\\\/07\\\/logo.svg\",\"contentUrl\":\"https:\\\/\\\/begamer.cz\\\/wp-content\\\/uploads\\\/2025\\\/07\\\/logo.svg\",\"caption\":\"BeGamer.cz\"},\"image\":{\"@id\":\"https:\\\/\\\/begamer.cz\\\/sk\\\/#\\\/schema\\\/logo\\\/image\\\/\"}}]}<\/script>\n<!-- \/ Yoast SEO plugin. -->","yoast_head_json":{"title":"Synduality: Echo of Ada | BeGamer.cz","robots":{"index":"index","follow":"follow","max-snippet":"max-snippet:-1","max-image-preview":"max-image-preview:large","max-video-preview":"max-video-preview:-1"},"canonical":"https:\/\/begamer.cz\/sk\/produkt\/synduality-echo-of-ada-sk\/","og_locale":"sk_SK","og_type":"article","og_title":"Synduality: Echo of Ada | BeGamer.cz","og_description":"V tejto PvPvE extrak\u010dnej strie\u013ea\u010dke musia hr\u00e1\u010di s pomocou AI partnera zn\u00e1meho ako Magus pre\u017ei\u0165 proti xenomorfn\u00fdm tvorom a ostatn\u00fdm hr\u00e1\u010dom v boji o zdroje.","og_url":"https:\/\/begamer.cz\/sk\/produkt\/synduality-echo-of-ada-sk\/","og_site_name":"BeGamer.cz","article_modified_time":"2026-03-11T07:58:47+00:00","og_image":[{"width":300,"height":400,"url":"https:\/\/begamer.cz\/wp-content\/uploads\/2026\/01\/synduality-echo-of-ada-6.webp","type":"image\/webp"}],"twitter_card":"summary_large_image","twitter_misc":{"Predpokladan\u00fd \u010das \u010d\u00edtania":"2 min\u00faty"},"schema":{"@context":"https:\/\/schema.org","@graph":[{"@type":"WebPage","@id":"https:\/\/begamer.cz\/sk\/produkt\/synduality-echo-of-ada-sk\/","url":"https:\/\/begamer.cz\/sk\/produkt\/synduality-echo-of-ada-sk\/","name":"Synduality: Echo of Ada | BeGamer.cz","isPartOf":{"@id":"https:\/\/begamer.cz\/sk\/#website"},"primaryImageOfPage":{"@id":"https:\/\/begamer.cz\/sk\/produkt\/synduality-echo-of-ada-sk\/#primaryimage"},"image":{"@id":"https:\/\/begamer.cz\/sk\/produkt\/synduality-echo-of-ada-sk\/#primaryimage"},"thumbnailUrl":"https:\/\/begamer.cz\/wp-content\/uploads\/2026\/01\/synduality-echo-of-ada-6.webp","datePublished":"2026-01-30T17:13:50+00:00","dateModified":"2026-03-11T07:58:47+00:00","breadcrumb":{"@id":"https:\/\/begamer.cz\/sk\/produkt\/synduality-echo-of-ada-sk\/#breadcrumb"},"inLanguage":"sk-SK","potentialAction":[{"@type":"ReadAction","target":["https:\/\/begamer.cz\/sk\/produkt\/synduality-echo-of-ada-sk\/"]}]},{"@type":"ImageObject","inLanguage":"sk-SK","@id":"https:\/\/begamer.cz\/sk\/produkt\/synduality-echo-of-ada-sk\/#primaryimage","url":"https:\/\/begamer.cz\/wp-content\/uploads\/2026\/01\/synduality-echo-of-ada-6.webp","contentUrl":"https:\/\/begamer.cz\/wp-content\/uploads\/2026\/01\/synduality-echo-of-ada-6.webp","width":300,"height":400},{"@type":"BreadcrumbList","@id":"https:\/\/begamer.cz\/sk\/produkt\/synduality-echo-of-ada-sk\/#breadcrumb","itemListElement":[{"@type":"ListItem","position":1,"name":"Domov","item":"https:\/\/begamer.cz\/sk\/"},{"@type":"ListItem","position":2,"name":"Obchod","item":"https:\/\/begamer.cz\/obchod\/"},{"@type":"ListItem","position":3,"name":"Synduality: Echo of Ada"}]},{"@type":"WebSite","@id":"https:\/\/begamer.cz\/sk\/#website","url":"https:\/\/begamer.cz\/sk\/","name":"BeGamer.cz","description":"","publisher":{"@id":"https:\/\/begamer.cz\/sk\/#organization"},"potentialAction":[{"@type":"SearchAction","target":{"@type":"EntryPoint","urlTemplate":"https:\/\/begamer.cz\/sk\/?s={search_term_string}"},"query-input":{"@type":"PropertyValueSpecification","valueRequired":true,"valueName":"search_term_string"}}],"inLanguage":"sk-SK"},{"@type":"Organization","@id":"https:\/\/begamer.cz\/sk\/#organization","name":"BeGamer.cz","url":"https:\/\/begamer.cz\/sk\/","logo":{"@type":"ImageObject","inLanguage":"sk-SK","@id":"https:\/\/begamer.cz\/sk\/#\/schema\/logo\/image\/","url":"https:\/\/begamer.cz\/wp-content\/uploads\/2025\/07\/logo.svg","contentUrl":"https:\/\/begamer.cz\/wp-content\/uploads\/2025\/07\/logo.svg","caption":"BeGamer.cz"},"image":{"@id":"https:\/\/begamer.cz\/sk\/#\/schema\/logo\/image\/"}}]}},"acf":[],"_links":{"self":[{"href":"https:\/\/begamer.cz\/sk\/wp-json\/wp\/v2\/product\/100673","targetHints":{"allow":["GET"]}}],"collection":[{"href":"https:\/\/begamer.cz\/sk\/wp-json\/wp\/v2\/product"}],"about":[{"href":"https:\/\/begamer.cz\/sk\/wp-json\/wp\/v2\/types\/product"}],"replies":[{"embeddable":true,"href":"https:\/\/begamer.cz\/sk\/wp-json\/wp\/v2\/comments?post=100673"}],"wp:featuredmedia":[{"embeddable":true,"href":"https:\/\/begamer.cz\/sk\/wp-json\/wp\/v2\/media\/79366"}],"wp:attachment":[{"href":"https:\/\/begamer.cz\/sk\/wp-json\/wp\/v2\/media?parent=100673"}],"wp:term":[{"taxonomy":"product_brand","embeddable":true,"href":"https:\/\/begamer.cz\/sk\/wp-json\/wp\/v2\/product_brand?post=100673"},{"taxonomy":"product_cat","embeddable":true,"href":"https:\/\/begamer.cz\/sk\/wp-json\/wp\/v2\/product_cat?post=100673"},{"taxonomy":"product_tag","embeddable":true,"href":"https:\/\/begamer.cz\/sk\/wp-json\/wp\/v2\/product_tag?post=100673"}],"curies":[{"name":"wp","href":"https:\/\/api.w.org\/{rel}","templated":true}]}}