{"id":100607,"date":"2026-01-30T18:12:23","date_gmt":"2026-01-30T17:12:23","guid":{"rendered":"https:\/\/begamer.cz\/produkt\/sonic-mania-sk\/"},"modified":"2026-03-11T08:56:26","modified_gmt":"2026-03-11T07:56:26","slug":"sonic-mania-sk","status":"publish","type":"product","link":"https:\/\/begamer.cz\/sk\/produkt\/sonic-mania-sk\/","title":{"rendered":"Sonic Mania"},"content":{"rendered":"<p><span class=\"bb_img_ctn\"><video class=\"bb_img\" autoplay muted loop playsinline poster=\"https:\/\/shared.akamai.steamstatic.com\/store_item_assets\/steam\/apps\/584400\/extras\/5992fb4542d499deb8484b170dad3dfa.poster.avif?t=1721834294\" width=\"628\" height=\"204\"><\/video><\/span><\/p>\n<p><span class=\"bb_img_ctn\"><img loading=\"lazy\" decoding=\"async\" class=\"bb_img\" src=\"https:\/\/shared.akamai.steamstatic.com\/store_item_assets\/steam\/apps\/584400\/extras\/3cfb87b663b5749008348f38eed56c71.avif?t=1721834294\" width=\"608\" height=\"1636\" \/><\/span><\/p>\n<p><span class=\"bb_img_ctn\"><video class=\"bb_img\" autoplay muted loop playsinline poster=\"https:\/\/shared.akamai.steamstatic.com\/store_item_assets\/steam\/apps\/584400\/extras\/19d425fdaeca8de6f7dc16cb5cf22380.poster.avif?t=1721834294\" width=\"628\" height=\"204\"><\/video><\/span><\/p>\n","protected":false},"excerpt":{"rendered":"<p>Sonic Mania je \u00faplne nov\u00e9 dobrodru\u017estvo so Sonicom, Tailsom a Knucklesom, pln\u00e9 jedine\u010dn\u00fdch bossov, valiacich sa 2D kraj\u00edn a z\u00e1bavnej klasickej hrate\u013enosti.<\/p>\n","protected":false},"featured_media":35347,"comment_status":"open","ping_status":"closed","template":"","meta":{"_acf_changed":false},"product_brand":[],"product_cat":[457,458,398,438],"product_tag":[],"class_list":{"0":"post-100607","1":"product","2":"type-product","3":"status-publish","4":"has-post-thumbnail","6":"product_cat-adventury-xbox-series-x-s-sk","7":"product_cat-akcne-xbox-series-x-s-sk","8":"product_cat-xbox-hry-sk","9":"product_cat-xbox-series-x-s-sk","10":"pa_developer-christian-whitehead","12":"pa_developer-headcannon","13":"pa_developer-pagodawest-games","14":"pa_engine-retro-engine","16":"pa_franchises-sonic-the-hedgehog","18":"pa_game_type-main_game","20":"pa_genres-adventure","21":"pa_genres-platform","23":"pa_interface-de-de","24":"pa_interface-en-us","25":"pa_interface-es-es","26":"pa_interface-fr-fr","27":"pa_interface-it-it","28":"pa_interface-ja-jp","29":"pa_interface-ko-kr","31":"pa_interface-zh-cn","32":"pa_interface-zh-tw","33":"pa_keywords-4k-ultra-hd","34":"pa_keywords-achievements","35":"pa_keywords-anthropomorphism","36":"pa_keywords-boss-fight","37":"pa_keywords-deliberately-retro","38":"pa_keywords-digital-distribution","39":"pa_keywords-language-selection","40":"pa_keywords-male-protagonist","41":"pa_keywords-multiple-protagonists","42":"pa_keywords-original-soundtrack-release","43":"pa_keywords-pax-west-2016","44":"pa_keywords-pixel-art","45":"pa_keywords-playstation-experience-2016","46":"pa_keywords-protagonists-name-in-the-title","48":"pa_keywords-sequel","49":"pa_keywords-speedrun","50":"pa_keywords-steam","51":"pa_keywords-the-game-awards-best-family-game-nominee","52":"pa_keywords-the-game-awards-nominee","53":"pa_keywords-the-game-awards-2017","54":"pa_keywords-xbox-one-x-enhanced","55":"pa_modes-co-operative","56":"pa_modes-multiplayer","58":"pa_modes-single-player","59":"pa_pegi-943","60":"pa_pegi-13430","61":"pa_platform-xbox-one-xbox-series-x-s","63":"pa_player_perspectives-side-view","65":"pa_player_perspectives-third-person","66":"pa_publisher-sega","67":"pa_publisher-sega-games","69":"pa_rating-14552","70":"pa_rating-1791","71":"pa_region-global","73":"pa_themes-action","74":"pa_themes-kids","77":"first","78":"instock","79":"virtual","80":"taxable","81":"purchasable","82":"product-type-simple"},"yoast_head":"<!-- This site is optimized with the Yoast SEO plugin v27.3 - https:\/\/yoast.com\/product\/yoast-seo-wordpress\/ -->\n<title>Sonic Mania | BeGamer.cz<\/title>\n<meta name=\"robots\" content=\"index, follow, max-snippet:-1, max-image-preview:large, max-video-preview:-1\" \/>\n<link rel=\"canonical\" href=\"https:\/\/begamer.cz\/sk\/produkt\/sonic-mania-sk\/\" \/>\n<meta property=\"og:locale\" content=\"sk_SK\" \/>\n<meta property=\"og:type\" content=\"article\" \/>\n<meta property=\"og:title\" content=\"Sonic Mania | BeGamer.cz\" \/>\n<meta property=\"og:description\" content=\"Sonic Mania je \u00faplne nov\u00e9 dobrodru\u017estvo so Sonicom, Tailsom a Knucklesom, pln\u00e9 jedine\u010dn\u00fdch bossov, valiacich sa 2D kraj\u00edn a z\u00e1bavnej klasickej hrate\u013enosti.\" \/>\n<meta property=\"og:url\" content=\"https:\/\/begamer.cz\/sk\/produkt\/sonic-mania-sk\/\" \/>\n<meta property=\"og:site_name\" content=\"BeGamer.cz\" \/>\n<meta property=\"article:modified_time\" content=\"2026-03-11T07:56:26+00:00\" \/>\n<meta property=\"og:image\" content=\"https:\/\/begamer.cz\/wp-content\/uploads\/2026\/01\/sonic-mania-19.webp\" \/>\n\t<meta property=\"og:image:width\" content=\"300\" \/>\n\t<meta property=\"og:image:height\" content=\"400\" \/>\n\t<meta property=\"og:image:type\" content=\"image\/webp\" \/>\n<meta name=\"twitter:card\" content=\"summary_large_image\" \/>\n<script type=\"application\/ld+json\" class=\"yoast-schema-graph\">{\"@context\":\"https:\\\/\\\/schema.org\",\"@graph\":[{\"@type\":\"WebPage\",\"@id\":\"https:\\\/\\\/begamer.cz\\\/sk\\\/produkt\\\/sonic-mania-sk\\\/\",\"url\":\"https:\\\/\\\/begamer.cz\\\/sk\\\/produkt\\\/sonic-mania-sk\\\/\",\"name\":\"Sonic Mania | BeGamer.cz\",\"isPartOf\":{\"@id\":\"https:\\\/\\\/begamer.cz\\\/sk\\\/#website\"},\"primaryImageOfPage\":{\"@id\":\"https:\\\/\\\/begamer.cz\\\/sk\\\/produkt\\\/sonic-mania-sk\\\/#primaryimage\"},\"image\":{\"@id\":\"https:\\\/\\\/begamer.cz\\\/sk\\\/produkt\\\/sonic-mania-sk\\\/#primaryimage\"},\"thumbnailUrl\":\"https:\\\/\\\/begamer.cz\\\/wp-content\\\/uploads\\\/2026\\\/01\\\/sonic-mania-19.webp\",\"datePublished\":\"2026-01-30T17:12:23+00:00\",\"dateModified\":\"2026-03-11T07:56:26+00:00\",\"breadcrumb\":{\"@id\":\"https:\\\/\\\/begamer.cz\\\/sk\\\/produkt\\\/sonic-mania-sk\\\/#breadcrumb\"},\"inLanguage\":\"sk-SK\",\"potentialAction\":[{\"@type\":\"ReadAction\",\"target\":[\"https:\\\/\\\/begamer.cz\\\/sk\\\/produkt\\\/sonic-mania-sk\\\/\"]}]},{\"@type\":\"ImageObject\",\"inLanguage\":\"sk-SK\",\"@id\":\"https:\\\/\\\/begamer.cz\\\/sk\\\/produkt\\\/sonic-mania-sk\\\/#primaryimage\",\"url\":\"https:\\\/\\\/begamer.cz\\\/wp-content\\\/uploads\\\/2026\\\/01\\\/sonic-mania-19.webp\",\"contentUrl\":\"https:\\\/\\\/begamer.cz\\\/wp-content\\\/uploads\\\/2026\\\/01\\\/sonic-mania-19.webp\",\"width\":300,\"height\":400},{\"@type\":\"BreadcrumbList\",\"@id\":\"https:\\\/\\\/begamer.cz\\\/sk\\\/produkt\\\/sonic-mania-sk\\\/#breadcrumb\",\"itemListElement\":[{\"@type\":\"ListItem\",\"position\":1,\"name\":\"Domov\",\"item\":\"https:\\\/\\\/begamer.cz\\\/sk\\\/\"},{\"@type\":\"ListItem\",\"position\":2,\"name\":\"Obchod\",\"item\":\"https:\\\/\\\/begamer.cz\\\/obchod\\\/\"},{\"@type\":\"ListItem\",\"position\":3,\"name\":\"Sonic Mania\"}]},{\"@type\":\"WebSite\",\"@id\":\"https:\\\/\\\/begamer.cz\\\/sk\\\/#website\",\"url\":\"https:\\\/\\\/begamer.cz\\\/sk\\\/\",\"name\":\"BeGamer.cz\",\"description\":\"\",\"publisher\":{\"@id\":\"https:\\\/\\\/begamer.cz\\\/sk\\\/#organization\"},\"potentialAction\":[{\"@type\":\"SearchAction\",\"target\":{\"@type\":\"EntryPoint\",\"urlTemplate\":\"https:\\\/\\\/begamer.cz\\\/sk\\\/?s={search_term_string}\"},\"query-input\":{\"@type\":\"PropertyValueSpecification\",\"valueRequired\":true,\"valueName\":\"search_term_string\"}}],\"inLanguage\":\"sk-SK\"},{\"@type\":\"Organization\",\"@id\":\"https:\\\/\\\/begamer.cz\\\/sk\\\/#organization\",\"name\":\"BeGamer.cz\",\"url\":\"https:\\\/\\\/begamer.cz\\\/sk\\\/\",\"logo\":{\"@type\":\"ImageObject\",\"inLanguage\":\"sk-SK\",\"@id\":\"https:\\\/\\\/begamer.cz\\\/sk\\\/#\\\/schema\\\/logo\\\/image\\\/\",\"url\":\"https:\\\/\\\/begamer.cz\\\/wp-content\\\/uploads\\\/2025\\\/07\\\/logo.svg\",\"contentUrl\":\"https:\\\/\\\/begamer.cz\\\/wp-content\\\/uploads\\\/2025\\\/07\\\/logo.svg\",\"caption\":\"BeGamer.cz\"},\"image\":{\"@id\":\"https:\\\/\\\/begamer.cz\\\/sk\\\/#\\\/schema\\\/logo\\\/image\\\/\"}}]}<\/script>\n<!-- \/ Yoast SEO plugin. -->","yoast_head_json":{"title":"Sonic Mania | BeGamer.cz","robots":{"index":"index","follow":"follow","max-snippet":"max-snippet:-1","max-image-preview":"max-image-preview:large","max-video-preview":"max-video-preview:-1"},"canonical":"https:\/\/begamer.cz\/sk\/produkt\/sonic-mania-sk\/","og_locale":"sk_SK","og_type":"article","og_title":"Sonic Mania | BeGamer.cz","og_description":"Sonic Mania je \u00faplne nov\u00e9 dobrodru\u017estvo so Sonicom, Tailsom a Knucklesom, pln\u00e9 jedine\u010dn\u00fdch bossov, valiacich sa 2D kraj\u00edn a z\u00e1bavnej klasickej hrate\u013enosti.","og_url":"https:\/\/begamer.cz\/sk\/produkt\/sonic-mania-sk\/","og_site_name":"BeGamer.cz","article_modified_time":"2026-03-11T07:56:26+00:00","og_image":[{"width":300,"height":400,"url":"https:\/\/begamer.cz\/wp-content\/uploads\/2026\/01\/sonic-mania-19.webp","type":"image\/webp"}],"twitter_card":"summary_large_image","schema":{"@context":"https:\/\/schema.org","@graph":[{"@type":"WebPage","@id":"https:\/\/begamer.cz\/sk\/produkt\/sonic-mania-sk\/","url":"https:\/\/begamer.cz\/sk\/produkt\/sonic-mania-sk\/","name":"Sonic Mania | BeGamer.cz","isPartOf":{"@id":"https:\/\/begamer.cz\/sk\/#website"},"primaryImageOfPage":{"@id":"https:\/\/begamer.cz\/sk\/produkt\/sonic-mania-sk\/#primaryimage"},"image":{"@id":"https:\/\/begamer.cz\/sk\/produkt\/sonic-mania-sk\/#primaryimage"},"thumbnailUrl":"https:\/\/begamer.cz\/wp-content\/uploads\/2026\/01\/sonic-mania-19.webp","datePublished":"2026-01-30T17:12:23+00:00","dateModified":"2026-03-11T07:56:26+00:00","breadcrumb":{"@id":"https:\/\/begamer.cz\/sk\/produkt\/sonic-mania-sk\/#breadcrumb"},"inLanguage":"sk-SK","potentialAction":[{"@type":"ReadAction","target":["https:\/\/begamer.cz\/sk\/produkt\/sonic-mania-sk\/"]}]},{"@type":"ImageObject","inLanguage":"sk-SK","@id":"https:\/\/begamer.cz\/sk\/produkt\/sonic-mania-sk\/#primaryimage","url":"https:\/\/begamer.cz\/wp-content\/uploads\/2026\/01\/sonic-mania-19.webp","contentUrl":"https:\/\/begamer.cz\/wp-content\/uploads\/2026\/01\/sonic-mania-19.webp","width":300,"height":400},{"@type":"BreadcrumbList","@id":"https:\/\/begamer.cz\/sk\/produkt\/sonic-mania-sk\/#breadcrumb","itemListElement":[{"@type":"ListItem","position":1,"name":"Domov","item":"https:\/\/begamer.cz\/sk\/"},{"@type":"ListItem","position":2,"name":"Obchod","item":"https:\/\/begamer.cz\/obchod\/"},{"@type":"ListItem","position":3,"name":"Sonic Mania"}]},{"@type":"WebSite","@id":"https:\/\/begamer.cz\/sk\/#website","url":"https:\/\/begamer.cz\/sk\/","name":"BeGamer.cz","description":"","publisher":{"@id":"https:\/\/begamer.cz\/sk\/#organization"},"potentialAction":[{"@type":"SearchAction","target":{"@type":"EntryPoint","urlTemplate":"https:\/\/begamer.cz\/sk\/?s={search_term_string}"},"query-input":{"@type":"PropertyValueSpecification","valueRequired":true,"valueName":"search_term_string"}}],"inLanguage":"sk-SK"},{"@type":"Organization","@id":"https:\/\/begamer.cz\/sk\/#organization","name":"BeGamer.cz","url":"https:\/\/begamer.cz\/sk\/","logo":{"@type":"ImageObject","inLanguage":"sk-SK","@id":"https:\/\/begamer.cz\/sk\/#\/schema\/logo\/image\/","url":"https:\/\/begamer.cz\/wp-content\/uploads\/2025\/07\/logo.svg","contentUrl":"https:\/\/begamer.cz\/wp-content\/uploads\/2025\/07\/logo.svg","caption":"BeGamer.cz"},"image":{"@id":"https:\/\/begamer.cz\/sk\/#\/schema\/logo\/image\/"}}]}},"acf":[],"_links":{"self":[{"href":"https:\/\/begamer.cz\/sk\/wp-json\/wp\/v2\/product\/100607","targetHints":{"allow":["GET"]}}],"collection":[{"href":"https:\/\/begamer.cz\/sk\/wp-json\/wp\/v2\/product"}],"about":[{"href":"https:\/\/begamer.cz\/sk\/wp-json\/wp\/v2\/types\/product"}],"replies":[{"embeddable":true,"href":"https:\/\/begamer.cz\/sk\/wp-json\/wp\/v2\/comments?post=100607"}],"wp:featuredmedia":[{"embeddable":true,"href":"https:\/\/begamer.cz\/sk\/wp-json\/wp\/v2\/media\/35347"}],"wp:attachment":[{"href":"https:\/\/begamer.cz\/sk\/wp-json\/wp\/v2\/media?parent=100607"}],"wp:term":[{"taxonomy":"product_brand","embeddable":true,"href":"https:\/\/begamer.cz\/sk\/wp-json\/wp\/v2\/product_brand?post=100607"},{"taxonomy":"product_cat","embeddable":true,"href":"https:\/\/begamer.cz\/sk\/wp-json\/wp\/v2\/product_cat?post=100607"},{"taxonomy":"product_tag","embeddable":true,"href":"https:\/\/begamer.cz\/sk\/wp-json\/wp\/v2\/product_tag?post=100607"}],"curies":[{"name":"wp","href":"https:\/\/api.w.org\/{rel}","templated":true}]}}