{"id":100601,"date":"2026-01-30T18:12:17","date_gmt":"2026-01-30T17:12:17","guid":{"rendered":"https:\/\/begamer.cz\/produkt\/farming-simulator-25-sk-1769793139\/"},"modified":"2026-03-11T08:56:19","modified_gmt":"2026-03-11T07:56:19","slug":"farming-simulator-25-sk-3","status":"publish","type":"product","link":"https:\/\/begamer.cz\/sk\/produkt\/farming-simulator-25-sk-3\/","title":{"rendered":"Farming Simulator 25"},"content":{"rendered":"<p class=\"bb_paragraph\">Farming Simulator 25 v\u00e1s poz\u00fdva, aby ste sa pridali k napl\u0148uj\u00facemu farm\u00e1rskemu \u017eivotu. \u010ci u\u017e budujete svoje dedi\u010dstvo sami alebo v kooperat\u00edvnom re\u017eime pre viacer\u00fdch hr\u00e1\u010dov \u2013 je to va\u0161a farma, vy rozhodujete! <\/p>\n<p class=\"bb_paragraph\">\n<p class=\"bb_paragraph\"><span class=\"bb_img_ctn\"><video class=\"bb_img\" autoplay muted loop playsinline poster=\"https:\/\/shared.akamai.steamstatic.com\/store_item_assets\/steam\/apps\/2300320\/extras\/15a356885415bc0fcc959c125bef1697.poster.avif?t=1757066329\" width=\"616\" height=\"180\"><\/video><\/span><\/p>\n<h2 class=\"bb_tag\">T\u00e1to farma je va\u0161a farma!<\/h2>\n<p class=\"bb_paragraph\">Postavte farmu pozd\u013a\u017e k\u013eukat\u00fdch riek a historick\u00fdch obiln\u00fdch sil v Severnej Amerike, obklopen\u00fa rybn\u00edkmi v strednej Eur\u00f3pe alebo v bujnej v\u00fdchodnej \u00c1zii plnej ry\u017eov\u00fdch pol\u00ed v bl\u00edzkosti ne\u00f3nmi osvetlen\u00e9ho pr\u00edstavn\u00e9ho mesta. Pestujte plodiny, starajte sa o zvierat\u00e1, venujte sa lesn\u00edctvu a spravujte imp\u00e9rium podnikate\u013esk\u00fdch aktiv\u00edt s farm\u00e1rskymi obchodmi, v\u00fdrobou a stavbami!<\/p>\n<p class=\"bb_paragraph\">\n<p class=\"bb_paragraph\"><span class=\"bb_img_ctn\"><video class=\"bb_img\" autoplay muted loop playsinline poster=\"https:\/\/shared.akamai.steamstatic.com\/store_item_assets\/steam\/apps\/2300320\/extras\/11bacb76ee6b79390fb5dfe6311e5105.poster.avif?t=1757066329\" width=\"616\" height=\"180\"><\/video><\/span><\/p>\n<h2 class=\"bb_tag\">Atmosf\u00e9ra meniaca po\u010dasie a deformuj\u00faca zem<\/h2>\n<p class=\"bb_paragraph\">Torn\u00e1da a krupobitie prin\u00e1\u0161aj\u00fa nov\u00e9 v\u00fdzvy, ktor\u00e9 n\u00fatia farm\u00e1rov pripravi\u0165 sa a zhodnoti\u0165 vplyv na ich \u00farodu. Stopy pneumat\u00edk tie\u017e zanech\u00e1vaj\u00fa stopy v\u010faka deform\u00e1cii ter\u00e9nu a mno\u017estvu nov\u00fdch poveternostn\u00fdch efektov, v\u010faka \u010domu je poh\u013ead na va\u0161u farmu romantickej\u0161\u00ed a pohlcuj\u00facej\u0161\u00ed. Za\u010dnite de\u0148 s l\u00fa\u010dmi slnka prenikaj\u00facimi cez koruny stromov a osvet\u013euj\u00facimi rann\u00fa hmlu zlatist\u00fdm svetlom!<\/p>\n<p class=\"bb_paragraph\">\n<p class=\"bb_paragraph\"><span class=\"bb_img_ctn\"><video class=\"bb_img\" autoplay muted loop playsinline poster=\"https:\/\/shared.akamai.steamstatic.com\/store_item_assets\/steam\/apps\/2300320\/extras\/43ec238fbcc8945ad1587980623f90a9.poster.avif?t=1757066329\" width=\"616\" height=\"180\"><\/video><\/span><\/p>\n<h2 class=\"bb_tag\">\u00c1zijsk\u00e9 po\u013enohospod\u00e1rstvo, nov\u00e9 plodiny a zvierat\u00e1<\/h2>\n<p class=\"bb_paragraph\">Pestujte dva druhy ry\u017ee na ry\u017eov\u00fdch poliach zadr\u017eiavaj\u00facich vodu alebo \u0161pen\u00e1t, hrach a zelen\u00e9 fazu\u013eky, ke\u010f\u017ee Farming Simulator 25 roz\u0161iruje v\u00fdber plod\u00edn na celkom 25. R\u00f4zne druhy stromov a sklen\u00edkov\u00e1 zelenina pon\u00fakaj\u00fa e\u0161te v\u00e4\u010d\u0161iu rozmanitos\u0165. S pridan\u00edm \u00e1zijsk\u00e9ho po\u013enohospod\u00e1rstva sa budete pohybova\u0165 po poliach s nov\u00fdmi typmi zariaden\u00ed, zatia\u013e \u010do mocn\u00e9 byvoly a kozy sa pridaj\u00fa k krav\u00e1m, ovciam, o\u0161\u00edpan\u00fdm, kuriatkam, ko\u0148om a in\u00e9mu dobytku v ohrad\u00e1ch a na pastvin\u00e1ch. Aj ml\u00e1\u010fat\u00e1 zvierat!<\/p>\n<p class=\"bb_paragraph\">\n<p class=\"bb_paragraph\"><span class=\"bb_img_ctn\"><video class=\"bb_img\" autoplay muted loop playsinline poster=\"https:\/\/shared.akamai.steamstatic.com\/store_item_assets\/steam\/apps\/2300320\/extras\/1b6352b95e7293cf1bb29dc8648f0c54.poster.avif?t=1757066329\" width=\"616\" height=\"180\"><\/video><\/span><\/p>\n<h2 class=\"bb_tag\">Autentick\u00e9 stroje \u2013 aktivovan\u00e9 GPS!<\/h2>\n<p class=\"bb_paragraph\">Pestujte presnej\u0161ie v\u010faka riadeniu s podporou GPS a vylep\u0161enej automatiz\u00e1cii. Ovl\u00e1dajte viac ako 400 autentick\u00fdch vozidiel a n\u00e1strojov od viac ako 150 medzin\u00e1rodn\u00fdch \u0161pi\u010dkov\u00fdch zna\u010diek. Vr\u00e1tane Case IH, CLAAS, Fendt, John Deere, Kubota, Massey Ferguson, New Holland, Valtra a mnoh\u00fdch \u010fal\u0161\u00edch. Vyberte si svoju ob\u013e\u00faben\u00fa zna\u010dku alebo objavte vzru\u0161uj\u00face nov\u00e9 technol\u00f3gie!<\/p>\n<p class=\"bb_paragraph\">\n<p class=\"bb_paragraph\"><span class=\"bb_img_ctn\"><video class=\"bb_img\" autoplay muted loop playsinline poster=\"https:\/\/shared.akamai.steamstatic.com\/store_item_assets\/steam\/apps\/2300320\/extras\/09fec49e9c3b0dc72dbdf9a927f144bc.poster.avif?t=1757066329\" width=\"616\" height=\"180\"><\/video><\/span><\/p>\n<h2 class=\"bb_tag\">Zlep\u0161enia kvality po\u013enohospod\u00e1rstva<\/h2>\n<p class=\"bb_paragraph\">V\u010faka v\u0161eobecn\u00e9mu technologick\u00e9mu vylep\u0161eniu poc\u00edtite hlb\u0161ie spojenie s po\u013eami a pr\u00edrodou: Vylep\u0161en\u00e1 grafika a fyzika zalo\u017een\u00e1 na najnov\u0161om GIANTS Engine 10 zdokona\u013euj\u00fa z\u00e1\u017eitok. Vylep\u0161en\u00e1 dostupnos\u0165 a funkcie kvality \u017eivota robia z Farming Simulator 25 najvhodnej\u0161\u00ed sp\u00f4sob, ako za\u010da\u0165 svoj \u017eivot ako za\u010d\u00ednaj\u00faci alebo sa vraciaj\u00faci farm\u00e1r. Ak v\u00e1m to nesta\u010d\u00ed, stiahnite si v\u00fdvoj\u00e1rmi otestovan\u00e9 v\u00fdtvory pou\u017e\u00edvate\u013eov z ModHubu v hre!<\/p>\n","protected":false},"excerpt":{"rendered":"<p>Farming Simulator 25 v\u00e1s poz\u00fdva, aby ste sa pripojili k napl\u0148uj\u00facemu farm\u00e1rskemu \u017eivotu, \u010di u\u017e samostatne alebo v kooperat\u00edvnom re\u017eime pre viacer\u00fdch hr\u00e1\u010dov. T\u00e1to farma je va\u0161a farma!<\/p>\n","protected":false},"featured_media":35050,"comment_status":"open","ping_status":"closed","template":"","meta":{"_acf_changed":false},"product_brand":[],"product_cat":[268,266,314,312],"product_tag":[],"class_list":{"0":"post-100601","1":"product","2":"type-product","3":"status-publish","4":"has-post-thumbnail","6":"product_cat-pc-sk","7":"product_cat-pc-hry-sk","8":"product_cat-simulatory-pc-hry-sk","9":"product_cat-steam-pc-sk","10":"pa_audio-en-us","12":"pa_countries-at","13":"pa_countries-be","14":"pa_countries-bg","15":"pa_countries-cy","16":"pa_countries-cz","18":"pa_countries-de","19":"pa_countries-dk","20":"pa_countries-ee","21":"pa_countries-es","22":"pa_countries-fi","23":"pa_countries-fr","24":"pa_countries-gr","25":"pa_countries-hr","26":"pa_countries-hu","27":"pa_countries-ie","28":"pa_countries-it","29":"pa_countries-lt","30":"pa_countries-lu","31":"pa_countries-lv","32":"pa_countries-mt","33":"pa_countries-nl","34":"pa_countries-pl","35":"pa_countries-pt","36":"pa_countries-ro","37":"pa_countries-se","38":"pa_countries-si","39":"pa_countries-sk","40":"pa_developer-giants-software","42":"pa_engine-giants-engine","44":"pa_game_type-main_game","46":"pa_genres-simulator","48":"pa_interface-cs-cz","49":"pa_interface-da-dk","50":"pa_interface-de-de","51":"pa_interface-en-us","52":"pa_interface-es-es","53":"pa_interface-es-mx","54":"pa_interface-fi-fi","55":"pa_interface-fr-fr","56":"pa_interface-hu-hu","57":"pa_interface-it-it","58":"pa_interface-ja-jp","59":"pa_interface-ko-kr","60":"pa_interface-nb-no","61":"pa_interface-nl-nl","62":"pa_interface-pl-pl","63":"pa_interface-pt-br","64":"pa_interface-pt-pt","65":"pa_interface-ru-ru","66":"pa_interface-sv-se","67":"pa_interface-th-th","68":"pa_interface-tr-tr","69":"pa_interface-uk-ua","70":"pa_interface-vi-vn","72":"pa_interface-zh-cn","73":"pa_interface-zh-tw","74":"pa_keywords-farming","75":"pa_keywords-farming-simulator","76":"pa_keywords-simulation","78":"pa_modes-co-operative","79":"pa_modes-multiplayer","81":"pa_modes-single-player","82":"pa_pegi-13430","83":"pa_pegi-943","84":"pa_platform-pc-steam","86":"pa_player_perspectives-bird-view-isometric","88":"pa_player_perspectives-first-person","89":"pa_player_perspectives-third-person","90":"pa_publisher-giants-software","92":"pa_rating-14476","93":"pa_rating-1093","94":"pa_region-europe","96":"pa_subtitles-cs-cz","97":"pa_subtitles-da-dk","98":"pa_subtitles-de-de","99":"pa_subtitles-en-us","100":"pa_subtitles-es-es","101":"pa_subtitles-es-mx","102":"pa_subtitles-fi-fi","103":"pa_subtitles-fr-fr","104":"pa_subtitles-hu-hu","105":"pa_subtitles-it-it","106":"pa_subtitles-ja-jp","107":"pa_subtitles-ko-kr","108":"pa_subtitles-nb-no","109":"pa_subtitles-nl-nl","110":"pa_subtitles-pl-pl","111":"pa_subtitles-pt-br","112":"pa_subtitles-pt-pt","113":"pa_subtitles-ru-ru","114":"pa_subtitles-sv-se","115":"pa_subtitles-th-th","116":"pa_subtitles-tr-tr","117":"pa_subtitles-uk-ua","118":"pa_subtitles-vi-vn","120":"pa_subtitles-zh-cn","121":"pa_subtitles-zh-tw","122":"pa_themes-business","124":"pa_themes-open-world","125":"pa_themes-sandbox","127":"first","128":"instock","129":"virtual","130":"taxable","131":"purchasable","132":"product-type-simple"},"yoast_head":"<!-- This site is optimized with the Yoast SEO plugin v27.4 - https:\/\/yoast.com\/product\/yoast-seo-wordpress\/ -->\n<title>Farming Simulator 25 | BeGamer.cz<\/title>\n<meta name=\"robots\" content=\"index, follow, max-snippet:-1, max-image-preview:large, max-video-preview:-1\" \/>\n<link rel=\"canonical\" href=\"https:\/\/begamer.cz\/sk\/produkt\/farming-simulator-25-sk-3\/\" \/>\n<meta property=\"og:locale\" content=\"sk_SK\" \/>\n<meta property=\"og:type\" content=\"article\" \/>\n<meta property=\"og:title\" content=\"Farming Simulator 25 | BeGamer.cz\" \/>\n<meta property=\"og:description\" content=\"Farming Simulator 25 v\u00e1s poz\u00fdva, aby ste sa pripojili k napl\u0148uj\u00facemu farm\u00e1rskemu \u017eivotu, \u010di u\u017e samostatne alebo v kooperat\u00edvnom re\u017eime pre viacer\u00fdch hr\u00e1\u010dov. T\u00e1to farma je va\u0161a farma!\" \/>\n<meta property=\"og:url\" content=\"https:\/\/begamer.cz\/sk\/produkt\/farming-simulator-25-sk-3\/\" \/>\n<meta property=\"og:site_name\" content=\"BeGamer.cz\" \/>\n<meta property=\"article:modified_time\" content=\"2026-03-11T07:56:19+00:00\" \/>\n<meta property=\"og:image\" content=\"https:\/\/begamer.cz\/wp-content\/uploads\/2026\/01\/farming-simulator-25-6.webp\" \/>\n\t<meta property=\"og:image:width\" content=\"300\" \/>\n\t<meta property=\"og:image:height\" content=\"400\" \/>\n\t<meta property=\"og:image:type\" content=\"image\/webp\" \/>\n<meta name=\"twitter:card\" content=\"summary_large_image\" \/>\n<meta name=\"twitter:label1\" content=\"Predpokladan\u00fd \u010das \u010d\u00edtania\" \/>\n\t<meta name=\"twitter:data1\" content=\"2 min\u00faty\" \/>\n<script type=\"application\/ld+json\" class=\"yoast-schema-graph\">{\"@context\":\"https:\\\/\\\/schema.org\",\"@graph\":[{\"@type\":\"WebPage\",\"@id\":\"https:\\\/\\\/begamer.cz\\\/sk\\\/produkt\\\/farming-simulator-25-sk-3\\\/\",\"url\":\"https:\\\/\\\/begamer.cz\\\/sk\\\/produkt\\\/farming-simulator-25-sk-3\\\/\",\"name\":\"Farming Simulator 25 | BeGamer.cz\",\"isPartOf\":{\"@id\":\"https:\\\/\\\/begamer.cz\\\/sk\\\/#website\"},\"primaryImageOfPage\":{\"@id\":\"https:\\\/\\\/begamer.cz\\\/sk\\\/produkt\\\/farming-simulator-25-sk-3\\\/#primaryimage\"},\"image\":{\"@id\":\"https:\\\/\\\/begamer.cz\\\/sk\\\/produkt\\\/farming-simulator-25-sk-3\\\/#primaryimage\"},\"thumbnailUrl\":\"https:\\\/\\\/begamer.cz\\\/wp-content\\\/uploads\\\/2026\\\/01\\\/farming-simulator-25-6.webp\",\"datePublished\":\"2026-01-30T17:12:17+00:00\",\"dateModified\":\"2026-03-11T07:56:19+00:00\",\"breadcrumb\":{\"@id\":\"https:\\\/\\\/begamer.cz\\\/sk\\\/produkt\\\/farming-simulator-25-sk-3\\\/#breadcrumb\"},\"inLanguage\":\"sk-SK\",\"potentialAction\":[{\"@type\":\"ReadAction\",\"target\":[\"https:\\\/\\\/begamer.cz\\\/sk\\\/produkt\\\/farming-simulator-25-sk-3\\\/\"]}]},{\"@type\":\"ImageObject\",\"inLanguage\":\"sk-SK\",\"@id\":\"https:\\\/\\\/begamer.cz\\\/sk\\\/produkt\\\/farming-simulator-25-sk-3\\\/#primaryimage\",\"url\":\"https:\\\/\\\/begamer.cz\\\/wp-content\\\/uploads\\\/2026\\\/01\\\/farming-simulator-25-6.webp\",\"contentUrl\":\"https:\\\/\\\/begamer.cz\\\/wp-content\\\/uploads\\\/2026\\\/01\\\/farming-simulator-25-6.webp\",\"width\":300,\"height\":400},{\"@type\":\"BreadcrumbList\",\"@id\":\"https:\\\/\\\/begamer.cz\\\/sk\\\/produkt\\\/farming-simulator-25-sk-3\\\/#breadcrumb\",\"itemListElement\":[{\"@type\":\"ListItem\",\"position\":1,\"name\":\"Domov\",\"item\":\"https:\\\/\\\/begamer.cz\\\/sk\\\/\"},{\"@type\":\"ListItem\",\"position\":2,\"name\":\"Obchod\",\"item\":\"https:\\\/\\\/begamer.cz\\\/obchod\\\/\"},{\"@type\":\"ListItem\",\"position\":3,\"name\":\"Farming Simulator 25\"}]},{\"@type\":\"WebSite\",\"@id\":\"https:\\\/\\\/begamer.cz\\\/sk\\\/#website\",\"url\":\"https:\\\/\\\/begamer.cz\\\/sk\\\/\",\"name\":\"BeGamer.cz\",\"description\":\"\",\"publisher\":{\"@id\":\"https:\\\/\\\/begamer.cz\\\/sk\\\/#organization\"},\"potentialAction\":[{\"@type\":\"SearchAction\",\"target\":{\"@type\":\"EntryPoint\",\"urlTemplate\":\"https:\\\/\\\/begamer.cz\\\/sk\\\/?s={search_term_string}\"},\"query-input\":{\"@type\":\"PropertyValueSpecification\",\"valueRequired\":true,\"valueName\":\"search_term_string\"}}],\"inLanguage\":\"sk-SK\"},{\"@type\":\"Organization\",\"@id\":\"https:\\\/\\\/begamer.cz\\\/sk\\\/#organization\",\"name\":\"BeGamer.cz\",\"url\":\"https:\\\/\\\/begamer.cz\\\/sk\\\/\",\"logo\":{\"@type\":\"ImageObject\",\"inLanguage\":\"sk-SK\",\"@id\":\"https:\\\/\\\/begamer.cz\\\/sk\\\/#\\\/schema\\\/logo\\\/image\\\/\",\"url\":\"https:\\\/\\\/begamer.cz\\\/wp-content\\\/uploads\\\/2025\\\/07\\\/logo.svg\",\"contentUrl\":\"https:\\\/\\\/begamer.cz\\\/wp-content\\\/uploads\\\/2025\\\/07\\\/logo.svg\",\"caption\":\"BeGamer.cz\"},\"image\":{\"@id\":\"https:\\\/\\\/begamer.cz\\\/sk\\\/#\\\/schema\\\/logo\\\/image\\\/\"}}]}<\/script>\n<!-- \/ Yoast SEO plugin. -->","yoast_head_json":{"title":"Farming Simulator 25 | BeGamer.cz","robots":{"index":"index","follow":"follow","max-snippet":"max-snippet:-1","max-image-preview":"max-image-preview:large","max-video-preview":"max-video-preview:-1"},"canonical":"https:\/\/begamer.cz\/sk\/produkt\/farming-simulator-25-sk-3\/","og_locale":"sk_SK","og_type":"article","og_title":"Farming Simulator 25 | BeGamer.cz","og_description":"Farming Simulator 25 v\u00e1s poz\u00fdva, aby ste sa pripojili k napl\u0148uj\u00facemu farm\u00e1rskemu \u017eivotu, \u010di u\u017e samostatne alebo v kooperat\u00edvnom re\u017eime pre viacer\u00fdch hr\u00e1\u010dov. T\u00e1to farma je va\u0161a farma!","og_url":"https:\/\/begamer.cz\/sk\/produkt\/farming-simulator-25-sk-3\/","og_site_name":"BeGamer.cz","article_modified_time":"2026-03-11T07:56:19+00:00","og_image":[{"width":300,"height":400,"url":"https:\/\/begamer.cz\/wp-content\/uploads\/2026\/01\/farming-simulator-25-6.webp","type":"image\/webp"}],"twitter_card":"summary_large_image","twitter_misc":{"Predpokladan\u00fd \u010das \u010d\u00edtania":"2 min\u00faty"},"schema":{"@context":"https:\/\/schema.org","@graph":[{"@type":"WebPage","@id":"https:\/\/begamer.cz\/sk\/produkt\/farming-simulator-25-sk-3\/","url":"https:\/\/begamer.cz\/sk\/produkt\/farming-simulator-25-sk-3\/","name":"Farming Simulator 25 | BeGamer.cz","isPartOf":{"@id":"https:\/\/begamer.cz\/sk\/#website"},"primaryImageOfPage":{"@id":"https:\/\/begamer.cz\/sk\/produkt\/farming-simulator-25-sk-3\/#primaryimage"},"image":{"@id":"https:\/\/begamer.cz\/sk\/produkt\/farming-simulator-25-sk-3\/#primaryimage"},"thumbnailUrl":"https:\/\/begamer.cz\/wp-content\/uploads\/2026\/01\/farming-simulator-25-6.webp","datePublished":"2026-01-30T17:12:17+00:00","dateModified":"2026-03-11T07:56:19+00:00","breadcrumb":{"@id":"https:\/\/begamer.cz\/sk\/produkt\/farming-simulator-25-sk-3\/#breadcrumb"},"inLanguage":"sk-SK","potentialAction":[{"@type":"ReadAction","target":["https:\/\/begamer.cz\/sk\/produkt\/farming-simulator-25-sk-3\/"]}]},{"@type":"ImageObject","inLanguage":"sk-SK","@id":"https:\/\/begamer.cz\/sk\/produkt\/farming-simulator-25-sk-3\/#primaryimage","url":"https:\/\/begamer.cz\/wp-content\/uploads\/2026\/01\/farming-simulator-25-6.webp","contentUrl":"https:\/\/begamer.cz\/wp-content\/uploads\/2026\/01\/farming-simulator-25-6.webp","width":300,"height":400},{"@type":"BreadcrumbList","@id":"https:\/\/begamer.cz\/sk\/produkt\/farming-simulator-25-sk-3\/#breadcrumb","itemListElement":[{"@type":"ListItem","position":1,"name":"Domov","item":"https:\/\/begamer.cz\/sk\/"},{"@type":"ListItem","position":2,"name":"Obchod","item":"https:\/\/begamer.cz\/obchod\/"},{"@type":"ListItem","position":3,"name":"Farming Simulator 25"}]},{"@type":"WebSite","@id":"https:\/\/begamer.cz\/sk\/#website","url":"https:\/\/begamer.cz\/sk\/","name":"BeGamer.cz","description":"","publisher":{"@id":"https:\/\/begamer.cz\/sk\/#organization"},"potentialAction":[{"@type":"SearchAction","target":{"@type":"EntryPoint","urlTemplate":"https:\/\/begamer.cz\/sk\/?s={search_term_string}"},"query-input":{"@type":"PropertyValueSpecification","valueRequired":true,"valueName":"search_term_string"}}],"inLanguage":"sk-SK"},{"@type":"Organization","@id":"https:\/\/begamer.cz\/sk\/#organization","name":"BeGamer.cz","url":"https:\/\/begamer.cz\/sk\/","logo":{"@type":"ImageObject","inLanguage":"sk-SK","@id":"https:\/\/begamer.cz\/sk\/#\/schema\/logo\/image\/","url":"https:\/\/begamer.cz\/wp-content\/uploads\/2025\/07\/logo.svg","contentUrl":"https:\/\/begamer.cz\/wp-content\/uploads\/2025\/07\/logo.svg","caption":"BeGamer.cz"},"image":{"@id":"https:\/\/begamer.cz\/sk\/#\/schema\/logo\/image\/"}}]}},"acf":[],"_links":{"self":[{"href":"https:\/\/begamer.cz\/sk\/wp-json\/wp\/v2\/product\/100601","targetHints":{"allow":["GET"]}}],"collection":[{"href":"https:\/\/begamer.cz\/sk\/wp-json\/wp\/v2\/product"}],"about":[{"href":"https:\/\/begamer.cz\/sk\/wp-json\/wp\/v2\/types\/product"}],"replies":[{"embeddable":true,"href":"https:\/\/begamer.cz\/sk\/wp-json\/wp\/v2\/comments?post=100601"}],"wp:featuredmedia":[{"embeddable":true,"href":"https:\/\/begamer.cz\/sk\/wp-json\/wp\/v2\/media\/35050"}],"wp:attachment":[{"href":"https:\/\/begamer.cz\/sk\/wp-json\/wp\/v2\/media?parent=100601"}],"wp:term":[{"taxonomy":"product_brand","embeddable":true,"href":"https:\/\/begamer.cz\/sk\/wp-json\/wp\/v2\/product_brand?post=100601"},{"taxonomy":"product_cat","embeddable":true,"href":"https:\/\/begamer.cz\/sk\/wp-json\/wp\/v2\/product_cat?post=100601"},{"taxonomy":"product_tag","embeddable":true,"href":"https:\/\/begamer.cz\/sk\/wp-json\/wp\/v2\/product_tag?post=100601"}],"curies":[{"name":"wp","href":"https:\/\/api.w.org\/{rel}","templated":true}]}}