{"id":100493,"date":"2026-01-30T18:09:47","date_gmt":"2026-01-30T17:09:47","guid":{"rendered":"https:\/\/begamer.cz\/produkt\/tales-of-vesperia-definitive-edition-sk\/"},"modified":"2026-03-11T00:04:07","modified_gmt":"2026-03-10T23:04:07","slug":"tales-of-vesperia-definitive-edition-sk","status":"publish","type":"product","link":"https:\/\/begamer.cz\/sk\/produkt\/tales-of-vesperia-definitive-edition-sk\/","title":{"rendered":"Tales of Vesperia: Definitive Edition"},"content":{"rendered":"<p><span class=\"bb_img_ctn\"><video class=\"bb_img\" autoplay muted loop playsinline poster=\"https:\/\/shared.akamai.steamstatic.com\/store_item_assets\/steam\/apps\/738540\/extras\/33c754f96bc72f79e3a96a988e65e6bb.poster.avif?t=1701311642\" width=616 height=172 ><source src=\"https:\/\/shared.akamai.steamstatic.com\/store_item_assets\/steam\/apps\/738540\/extras\/33c754f96bc72f79e3a96a988e65e6bb.webm?t=1701311642\" type=\"video\/webm; codecs=vp9\"><source src=\"https:\/\/shared.akamai.steamstatic.com\/store_item_assets\/steam\/apps\/738540\/extras\/33c754f96bc72f79e3a96a988e65e6bb.mp4?t=1701311642\" type=\"video\/mp4\"><\/video><\/span><\/p>\n<p>Osl\u00e1vte 10. v\u00fdro\u010die hry Tales of Vesperia a n\u00e1vrat tejto ob\u013e\u00fabenej hry s Definitive Edition!<br \/>Boj o moc za\u010d\u00edna v civiliz\u00e1cii z\u00e1vislej na starovekej technol\u00f3gii, blastii, a imp\u00e9riu, ktor\u00e9 ju ovl\u00e1da. Osudy dvoch priate\u013eov, ktor\u00ed kr\u00e1\u010daj\u00fa odli\u0161n\u00fdmi cestami, sa prepletaj\u00fa v epickom dobrodru\u017estve, ktor\u00e9 ohrozuje existenciu v\u0161etk\u00fdch.<\/p>\n<p>Ponorte sa do Definitive verzie tejto hry s aktualizovanou grafikou v rozl\u00ed\u0161en\u00ed Full HD, \u00faplne nov\u00fdmi hudobn\u00fdmi skladbami, vzru\u0161uj\u00facimi minihrami, bossmi a zbierkou doteraz nevydan\u00fdch kost\u00fdmov DLC! Do boja sa<\/p>\n<p>prid\u00e1vaj\u00fa \u010fal\u0161ie dve hrate\u013en\u00e9 postavy!<br \/>\u2022 Patty Fleur, vesel\u00e1 a tvrd\u00e1 mlad\u00e1 pir\u00e1tka h\u013eadaj\u00faca poklad, dobrodru\u017estvo&#8230; a svoje zabudnut\u00e9 spomienky.<br \/>\u2022 Flynn Scifo, Yuriho najlep\u0161\u00ed priate\u013e a cis\u00e1rsky rytier, sa teraz prid\u00e1va k ostatn\u00fdm na ich ceste!<\/p>\n","protected":false},"excerpt":{"rendered":"<p>Tales of Vesperia: Definitive Edition pon\u00faka vylep\u0161en\u00fd z\u00e1\u017eitok z JRPG s remastrovanou grafikou, nov\u00fdm obsahom pr\u00edbehu a \u010fal\u0161\u00edmi postavami. Ponorte sa do bohat\u00e9ho fantasy sveta, zapojte sa do bojov v re\u00e1lnom \u010dase a sledujte epick\u00fd pr\u00edbeh pln\u00fd priate\u013estva a dobrodru\u017estiev.<\/p>\n","protected":false},"featured_media":34431,"comment_status":"open","ping_status":"closed","template":"","meta":{"_acf_changed":false},"product_brand":[],"product_cat":[270,268,266,308,312],"product_tag":[],"class_list":{"0":"post-100493","1":"product","2":"type-product","3":"status-publish","4":"has-post-thumbnail","6":"product_cat-adventury-pc-hry-sk","7":"product_cat-pc-sk","8":"product_cat-pc-hry-sk","9":"product_cat-rpg-pc-hry-sk","10":"product_cat-steam-pc-sk","11":"pa_audio-en-us","12":"pa_audio-ja-jp","14":"pa_countries-ad","15":"pa_countries-ae","16":"pa_countries-af","17":"pa_countries-ag","18":"pa_countries-ai","19":"pa_countries-al","20":"pa_countries-am","21":"pa_countries-ao","22":"pa_countries-aq","23":"pa_countries-ar","24":"pa_countries-as","25":"pa_countries-at","26":"pa_countries-au","27":"pa_countries-aw","28":"pa_countries-ax","29":"pa_countries-az","30":"pa_countries-ba","31":"pa_countries-bb","32":"pa_countries-bd","33":"pa_countries-be","34":"pa_countries-bf","35":"pa_countries-bg","36":"pa_countries-bh","37":"pa_countries-bi","38":"pa_countries-bj","39":"pa_countries-bl","40":"pa_countries-bm","41":"pa_countries-bn","42":"pa_countries-bo","43":"pa_countries-bq","44":"pa_countries-br","45":"pa_countries-bs","46":"pa_countries-bt","47":"pa_countries-bv","48":"pa_countries-bw","49":"pa_countries-bz","50":"pa_countries-ca","51":"pa_countries-cc","52":"pa_countries-cd","53":"pa_countries-cf","54":"pa_countries-cg","55":"pa_countries-ch","56":"pa_countries-ci","57":"pa_countries-ck","58":"pa_countries-cl","59":"pa_countries-cm","60":"pa_countries-cn","61":"pa_countries-co","62":"pa_countries-cr","63":"pa_countries-cu","64":"pa_countries-cv","65":"pa_countries-cw","66":"pa_countries-cx","67":"pa_countries-cy","68":"pa_countries-cz","69":"pa_countries-de","70":"pa_countries-dj","71":"pa_countries-dk","72":"pa_countries-dm","73":"pa_countries-do","74":"pa_countries-dz","75":"pa_countries-ec","76":"pa_countries-ee","77":"pa_countries-eg","78":"pa_countries-eh","79":"pa_countries-er","80":"pa_countries-es","81":"pa_countries-et","82":"pa_countries-fi","83":"pa_countries-fj","84":"pa_countries-fk","85":"pa_countries-fm","86":"pa_countries-fo","87":"pa_countries-fr","88":"pa_countries-ga","89":"pa_countries-gb","90":"pa_countries-gd","91":"pa_countries-ge","92":"pa_countries-gf","93":"pa_countries-gg","94":"pa_countries-gh","95":"pa_countries-gi","96":"pa_countries-gl","97":"pa_countries-gm","98":"pa_countries-gn","99":"pa_countries-gp","100":"pa_countries-gq","101":"pa_countries-gr","102":"pa_countries-gs","103":"pa_countries-gt","104":"pa_countries-gu","105":"pa_countries-gw","106":"pa_countries-gy","107":"pa_countries-hk","108":"pa_countries-hm","109":"pa_countries-hn","110":"pa_countries-hr","111":"pa_countries-ht","112":"pa_countries-hu","113":"pa_countries-id","114":"pa_countries-ie","115":"pa_countries-il","116":"pa_countries-im","117":"pa_countries-in","118":"pa_countries-io","119":"pa_countries-iq","120":"pa_countries-ir","121":"pa_countries-is","122":"pa_countries-it","123":"pa_countries-je","124":"pa_countries-jm","125":"pa_countries-jo","126":"pa_countries-jp","127":"pa_countries-ke","128":"pa_countries-kg","129":"pa_countries-kh","130":"pa_countries-ki","131":"pa_countries-km","132":"pa_countries-kn","133":"pa_countries-kp","134":"pa_countries-kr","135":"pa_countries-kw","136":"pa_countries-ky","137":"pa_countries-kz","138":"pa_countries-la","139":"pa_countries-lb","140":"pa_countries-lc","141":"pa_countries-li","142":"pa_countries-lk","143":"pa_countries-lr","144":"pa_countries-ls","145":"pa_countries-lt","146":"pa_countries-lu","147":"pa_countries-lv","148":"pa_countries-ly","149":"pa_countries-ma","150":"pa_countries-mc","151":"pa_countries-md","152":"pa_countries-me","153":"pa_countries-mf","154":"pa_countries-mg","155":"pa_countries-mh","156":"pa_countries-mk","157":"pa_countries-ml","158":"pa_countries-mm","159":"pa_countries-mn","160":"pa_countries-mo","161":"pa_countries-mp","162":"pa_countries-mq","163":"pa_countries-mr","164":"pa_countries-ms","165":"pa_countries-mt","166":"pa_countries-mu","167":"pa_countries-mv","168":"pa_countries-mw","169":"pa_countries-mx","170":"pa_countries-my","171":"pa_countries-mz","172":"pa_countries-na","173":"pa_countries-nc","174":"pa_countries-ne","175":"pa_countries-nf","176":"pa_countries-ng","177":"pa_countries-ni","178":"pa_countries-nl","179":"pa_countries-no","180":"pa_countries-np","181":"pa_countries-nr","182":"pa_countries-nu","183":"pa_countries-nz","184":"pa_countries-om","185":"pa_countries-pa","186":"pa_countries-pe","187":"pa_countries-pf","188":"pa_countries-pg","189":"pa_countries-ph","190":"pa_countries-pk","191":"pa_countries-pl","192":"pa_countries-pm","193":"pa_countries-pn","194":"pa_countries-pr","195":"pa_countries-ps","196":"pa_countries-pt","197":"pa_countries-pw","198":"pa_countries-py","199":"pa_countries-qa","200":"pa_countries-re","201":"pa_countries-ro","202":"pa_countries-rs","203":"pa_countries-rw","204":"pa_countries-sa","205":"pa_countries-sb","206":"pa_countries-sc","207":"pa_countries-sd","208":"pa_countries-se","209":"pa_countries-sg","210":"pa_countries-sh","211":"pa_countries-si","212":"pa_countries-sj","213":"pa_countries-sk","214":"pa_countries-sl","215":"pa_countries-sm","216":"pa_countries-sn","217":"pa_countries-so","218":"pa_countries-sr","219":"pa_countries-ss","221":"pa_countries-st","222":"pa_countries-sv","223":"pa_countries-sx","224":"pa_countries-sy","225":"pa_countries-sz","226":"pa_countries-tc","227":"pa_countries-td","228":"pa_countries-tf","229":"pa_countries-tg","230":"pa_countries-th","231":"pa_countries-tj","232":"pa_countries-tk","233":"pa_countries-tl","234":"pa_countries-tm","235":"pa_countries-tn","236":"pa_countries-to","237":"pa_countries-tr","238":"pa_countries-tt","239":"pa_countries-tv","240":"pa_countries-tw","241":"pa_countries-tz","242":"pa_countries-ua","243":"pa_countries-ug","244":"pa_countries-um","245":"pa_countries-us","246":"pa_countries-uy","247":"pa_countries-uz","248":"pa_countries-va","249":"pa_countries-vc","250":"pa_countries-ve","251":"pa_countries-vg","252":"pa_countries-vi","253":"pa_countries-vn","254":"pa_countries-vu","255":"pa_countries-wf","256":"pa_countries-ws","257":"pa_countries-xk","258":"pa_countries-ye","259":"pa_countries-yt","260":"pa_countries-za","261":"pa_countries-zm","262":"pa_countries-zw","263":"pa_developer-bandai-namco-studios","265":"pa_franchises-tales-of","267":"pa_game_type-expanded_game","269":"pa_genres-adventure","270":"pa_genres-role-playing-rpg","272":"pa_interface-de-de","273":"pa_interface-en-us","274":"pa_interface-es-es","275":"pa_interface-es-mx","276":"pa_interface-fr-fr","277":"pa_interface-it-it","278":"pa_interface-ja-jp","279":"pa_interface-ko-kr","280":"pa_interface-pt-br","281":"pa_interface-pt-pt","283":"pa_interface-ru-ru","284":"pa_interface-zh-tw","285":"pa_keywords-jrpg","286":"pa_modes-co-operative","287":"pa_modes-multiplayer","289":"pa_modes-single-player","290":"pa_pegi-927","291":"pa_pegi-13428","292":"pa_platform-pc-steam","294":"pa_player_perspectives-third-person","296":"pa_publisher-bandai-namco-entertainment","298":"pa_rating-773","299":"pa_rating-14441","300":"pa_region-global","302":"pa_subtitles-de-de","304":"pa_subtitles-en-us","305":"pa_subtitles-es-es","306":"pa_subtitles-es-mx","307":"pa_subtitles-fr-fr","308":"pa_subtitles-it-it","309":"pa_subtitles-ja-jp","310":"pa_subtitles-ko-kr","311":"pa_subtitles-pt-br","312":"pa_subtitles-ru-ru","313":"pa_subtitles-zh-tw","314":"pa_themes-action","317":"first","318":"instock","319":"virtual","320":"taxable","321":"purchasable","322":"product-type-simple"},"yoast_head":"<!-- This site is optimized with the Yoast SEO plugin v27.3 - https:\/\/yoast.com\/product\/yoast-seo-wordpress\/ -->\n<title>Tales of Vesperia: Definitive Edition | BeGamer.cz<\/title>\n<meta name=\"robots\" content=\"index, follow, max-snippet:-1, max-image-preview:large, max-video-preview:-1\" \/>\n<link rel=\"canonical\" href=\"https:\/\/begamer.cz\/sk\/produkt\/tales-of-vesperia-definitive-edition-sk\/\" \/>\n<meta property=\"og:locale\" content=\"sk_SK\" \/>\n<meta property=\"og:type\" content=\"article\" \/>\n<meta property=\"og:title\" content=\"Tales of Vesperia: Definitive Edition | BeGamer.cz\" \/>\n<meta property=\"og:description\" content=\"Tales of Vesperia: Definitive Edition pon\u00faka vylep\u0161en\u00fd z\u00e1\u017eitok z JRPG s remastrovanou grafikou, nov\u00fdm obsahom pr\u00edbehu a \u010fal\u0161\u00edmi postavami. Ponorte sa do bohat\u00e9ho fantasy sveta, zapojte sa do bojov v re\u00e1lnom \u010dase a sledujte epick\u00fd pr\u00edbeh pln\u00fd priate\u013estva a dobrodru\u017estiev.\" \/>\n<meta property=\"og:url\" content=\"https:\/\/begamer.cz\/sk\/produkt\/tales-of-vesperia-definitive-edition-sk\/\" \/>\n<meta property=\"og:site_name\" content=\"BeGamer.cz\" \/>\n<meta property=\"article:modified_time\" content=\"2026-03-10T23:04:07+00:00\" \/>\n<meta property=\"og:image\" content=\"https:\/\/begamer.cz\/wp-content\/uploads\/2026\/01\/tales-of-vesperia-definitive-edition-5.webp\" \/>\n\t<meta property=\"og:image:width\" content=\"300\" \/>\n\t<meta property=\"og:image:height\" content=\"400\" \/>\n\t<meta property=\"og:image:type\" content=\"image\/webp\" \/>\n<meta name=\"twitter:card\" content=\"summary_large_image\" \/>\n<meta name=\"twitter:label1\" content=\"Predpokladan\u00fd \u010das \u010d\u00edtania\" \/>\n\t<meta name=\"twitter:data1\" content=\"1 min\u00fata\" \/>\n<script type=\"application\/ld+json\" class=\"yoast-schema-graph\">{\"@context\":\"https:\\\/\\\/schema.org\",\"@graph\":[{\"@type\":\"WebPage\",\"@id\":\"https:\\\/\\\/begamer.cz\\\/sk\\\/produkt\\\/tales-of-vesperia-definitive-edition-sk\\\/\",\"url\":\"https:\\\/\\\/begamer.cz\\\/sk\\\/produkt\\\/tales-of-vesperia-definitive-edition-sk\\\/\",\"name\":\"Tales of Vesperia: Definitive Edition | BeGamer.cz\",\"isPartOf\":{\"@id\":\"https:\\\/\\\/begamer.cz\\\/sk\\\/#website\"},\"primaryImageOfPage\":{\"@id\":\"https:\\\/\\\/begamer.cz\\\/sk\\\/produkt\\\/tales-of-vesperia-definitive-edition-sk\\\/#primaryimage\"},\"image\":{\"@id\":\"https:\\\/\\\/begamer.cz\\\/sk\\\/produkt\\\/tales-of-vesperia-definitive-edition-sk\\\/#primaryimage\"},\"thumbnailUrl\":\"https:\\\/\\\/begamer.cz\\\/wp-content\\\/uploads\\\/2026\\\/01\\\/tales-of-vesperia-definitive-edition-5.webp\",\"datePublished\":\"2026-01-30T17:09:47+00:00\",\"dateModified\":\"2026-03-10T23:04:07+00:00\",\"breadcrumb\":{\"@id\":\"https:\\\/\\\/begamer.cz\\\/sk\\\/produkt\\\/tales-of-vesperia-definitive-edition-sk\\\/#breadcrumb\"},\"inLanguage\":\"sk-SK\",\"potentialAction\":[{\"@type\":\"ReadAction\",\"target\":[\"https:\\\/\\\/begamer.cz\\\/sk\\\/produkt\\\/tales-of-vesperia-definitive-edition-sk\\\/\"]}]},{\"@type\":\"ImageObject\",\"inLanguage\":\"sk-SK\",\"@id\":\"https:\\\/\\\/begamer.cz\\\/sk\\\/produkt\\\/tales-of-vesperia-definitive-edition-sk\\\/#primaryimage\",\"url\":\"https:\\\/\\\/begamer.cz\\\/wp-content\\\/uploads\\\/2026\\\/01\\\/tales-of-vesperia-definitive-edition-5.webp\",\"contentUrl\":\"https:\\\/\\\/begamer.cz\\\/wp-content\\\/uploads\\\/2026\\\/01\\\/tales-of-vesperia-definitive-edition-5.webp\",\"width\":300,\"height\":400},{\"@type\":\"BreadcrumbList\",\"@id\":\"https:\\\/\\\/begamer.cz\\\/sk\\\/produkt\\\/tales-of-vesperia-definitive-edition-sk\\\/#breadcrumb\",\"itemListElement\":[{\"@type\":\"ListItem\",\"position\":1,\"name\":\"Domov\",\"item\":\"https:\\\/\\\/begamer.cz\\\/sk\\\/\"},{\"@type\":\"ListItem\",\"position\":2,\"name\":\"Obchod\",\"item\":\"https:\\\/\\\/begamer.cz\\\/obchod\\\/\"},{\"@type\":\"ListItem\",\"position\":3,\"name\":\"Tales of Vesperia: Definitive Edition\"}]},{\"@type\":\"WebSite\",\"@id\":\"https:\\\/\\\/begamer.cz\\\/sk\\\/#website\",\"url\":\"https:\\\/\\\/begamer.cz\\\/sk\\\/\",\"name\":\"BeGamer.cz\",\"description\":\"\",\"publisher\":{\"@id\":\"https:\\\/\\\/begamer.cz\\\/sk\\\/#organization\"},\"potentialAction\":[{\"@type\":\"SearchAction\",\"target\":{\"@type\":\"EntryPoint\",\"urlTemplate\":\"https:\\\/\\\/begamer.cz\\\/sk\\\/?s={search_term_string}\"},\"query-input\":{\"@type\":\"PropertyValueSpecification\",\"valueRequired\":true,\"valueName\":\"search_term_string\"}}],\"inLanguage\":\"sk-SK\"},{\"@type\":\"Organization\",\"@id\":\"https:\\\/\\\/begamer.cz\\\/sk\\\/#organization\",\"name\":\"BeGamer.cz\",\"url\":\"https:\\\/\\\/begamer.cz\\\/sk\\\/\",\"logo\":{\"@type\":\"ImageObject\",\"inLanguage\":\"sk-SK\",\"@id\":\"https:\\\/\\\/begamer.cz\\\/sk\\\/#\\\/schema\\\/logo\\\/image\\\/\",\"url\":\"https:\\\/\\\/begamer.cz\\\/wp-content\\\/uploads\\\/2025\\\/07\\\/logo.svg\",\"contentUrl\":\"https:\\\/\\\/begamer.cz\\\/wp-content\\\/uploads\\\/2025\\\/07\\\/logo.svg\",\"caption\":\"BeGamer.cz\"},\"image\":{\"@id\":\"https:\\\/\\\/begamer.cz\\\/sk\\\/#\\\/schema\\\/logo\\\/image\\\/\"}}]}<\/script>\n<!-- \/ Yoast SEO plugin. -->","yoast_head_json":{"title":"Tales of Vesperia: Definitive Edition | BeGamer.cz","robots":{"index":"index","follow":"follow","max-snippet":"max-snippet:-1","max-image-preview":"max-image-preview:large","max-video-preview":"max-video-preview:-1"},"canonical":"https:\/\/begamer.cz\/sk\/produkt\/tales-of-vesperia-definitive-edition-sk\/","og_locale":"sk_SK","og_type":"article","og_title":"Tales of Vesperia: Definitive Edition | BeGamer.cz","og_description":"Tales of Vesperia: Definitive Edition pon\u00faka vylep\u0161en\u00fd z\u00e1\u017eitok z JRPG s remastrovanou grafikou, nov\u00fdm obsahom pr\u00edbehu a \u010fal\u0161\u00edmi postavami. Ponorte sa do bohat\u00e9ho fantasy sveta, zapojte sa do bojov v re\u00e1lnom \u010dase a sledujte epick\u00fd pr\u00edbeh pln\u00fd priate\u013estva a dobrodru\u017estiev.","og_url":"https:\/\/begamer.cz\/sk\/produkt\/tales-of-vesperia-definitive-edition-sk\/","og_site_name":"BeGamer.cz","article_modified_time":"2026-03-10T23:04:07+00:00","og_image":[{"width":300,"height":400,"url":"https:\/\/begamer.cz\/wp-content\/uploads\/2026\/01\/tales-of-vesperia-definitive-edition-5.webp","type":"image\/webp"}],"twitter_card":"summary_large_image","twitter_misc":{"Predpokladan\u00fd \u010das \u010d\u00edtania":"1 min\u00fata"},"schema":{"@context":"https:\/\/schema.org","@graph":[{"@type":"WebPage","@id":"https:\/\/begamer.cz\/sk\/produkt\/tales-of-vesperia-definitive-edition-sk\/","url":"https:\/\/begamer.cz\/sk\/produkt\/tales-of-vesperia-definitive-edition-sk\/","name":"Tales of Vesperia: Definitive Edition | BeGamer.cz","isPartOf":{"@id":"https:\/\/begamer.cz\/sk\/#website"},"primaryImageOfPage":{"@id":"https:\/\/begamer.cz\/sk\/produkt\/tales-of-vesperia-definitive-edition-sk\/#primaryimage"},"image":{"@id":"https:\/\/begamer.cz\/sk\/produkt\/tales-of-vesperia-definitive-edition-sk\/#primaryimage"},"thumbnailUrl":"https:\/\/begamer.cz\/wp-content\/uploads\/2026\/01\/tales-of-vesperia-definitive-edition-5.webp","datePublished":"2026-01-30T17:09:47+00:00","dateModified":"2026-03-10T23:04:07+00:00","breadcrumb":{"@id":"https:\/\/begamer.cz\/sk\/produkt\/tales-of-vesperia-definitive-edition-sk\/#breadcrumb"},"inLanguage":"sk-SK","potentialAction":[{"@type":"ReadAction","target":["https:\/\/begamer.cz\/sk\/produkt\/tales-of-vesperia-definitive-edition-sk\/"]}]},{"@type":"ImageObject","inLanguage":"sk-SK","@id":"https:\/\/begamer.cz\/sk\/produkt\/tales-of-vesperia-definitive-edition-sk\/#primaryimage","url":"https:\/\/begamer.cz\/wp-content\/uploads\/2026\/01\/tales-of-vesperia-definitive-edition-5.webp","contentUrl":"https:\/\/begamer.cz\/wp-content\/uploads\/2026\/01\/tales-of-vesperia-definitive-edition-5.webp","width":300,"height":400},{"@type":"BreadcrumbList","@id":"https:\/\/begamer.cz\/sk\/produkt\/tales-of-vesperia-definitive-edition-sk\/#breadcrumb","itemListElement":[{"@type":"ListItem","position":1,"name":"Domov","item":"https:\/\/begamer.cz\/sk\/"},{"@type":"ListItem","position":2,"name":"Obchod","item":"https:\/\/begamer.cz\/obchod\/"},{"@type":"ListItem","position":3,"name":"Tales of Vesperia: Definitive Edition"}]},{"@type":"WebSite","@id":"https:\/\/begamer.cz\/sk\/#website","url":"https:\/\/begamer.cz\/sk\/","name":"BeGamer.cz","description":"","publisher":{"@id":"https:\/\/begamer.cz\/sk\/#organization"},"potentialAction":[{"@type":"SearchAction","target":{"@type":"EntryPoint","urlTemplate":"https:\/\/begamer.cz\/sk\/?s={search_term_string}"},"query-input":{"@type":"PropertyValueSpecification","valueRequired":true,"valueName":"search_term_string"}}],"inLanguage":"sk-SK"},{"@type":"Organization","@id":"https:\/\/begamer.cz\/sk\/#organization","name":"BeGamer.cz","url":"https:\/\/begamer.cz\/sk\/","logo":{"@type":"ImageObject","inLanguage":"sk-SK","@id":"https:\/\/begamer.cz\/sk\/#\/schema\/logo\/image\/","url":"https:\/\/begamer.cz\/wp-content\/uploads\/2025\/07\/logo.svg","contentUrl":"https:\/\/begamer.cz\/wp-content\/uploads\/2025\/07\/logo.svg","caption":"BeGamer.cz"},"image":{"@id":"https:\/\/begamer.cz\/sk\/#\/schema\/logo\/image\/"}}]}},"acf":[],"_links":{"self":[{"href":"https:\/\/begamer.cz\/sk\/wp-json\/wp\/v2\/product\/100493","targetHints":{"allow":["GET"]}}],"collection":[{"href":"https:\/\/begamer.cz\/sk\/wp-json\/wp\/v2\/product"}],"about":[{"href":"https:\/\/begamer.cz\/sk\/wp-json\/wp\/v2\/types\/product"}],"replies":[{"embeddable":true,"href":"https:\/\/begamer.cz\/sk\/wp-json\/wp\/v2\/comments?post=100493"}],"wp:featuredmedia":[{"embeddable":true,"href":"https:\/\/begamer.cz\/sk\/wp-json\/wp\/v2\/media\/34431"}],"wp:attachment":[{"href":"https:\/\/begamer.cz\/sk\/wp-json\/wp\/v2\/media?parent=100493"}],"wp:term":[{"taxonomy":"product_brand","embeddable":true,"href":"https:\/\/begamer.cz\/sk\/wp-json\/wp\/v2\/product_brand?post=100493"},{"taxonomy":"product_cat","embeddable":true,"href":"https:\/\/begamer.cz\/sk\/wp-json\/wp\/v2\/product_cat?post=100493"},{"taxonomy":"product_tag","embeddable":true,"href":"https:\/\/begamer.cz\/sk\/wp-json\/wp\/v2\/product_tag?post=100493"}],"curies":[{"name":"wp","href":"https:\/\/api.w.org\/{rel}","templated":true}]}}