{"id":100466,"date":"2026-01-30T18:09:01","date_gmt":"2026-01-30T17:09:01","guid":{"rendered":"https:\/\/begamer.cz\/produkt\/metro-exodus-gold-edition-sk\/"},"modified":"2026-03-11T00:01:46","modified_gmt":"2026-03-10T23:01:46","slug":"metro-exodus-gold-edition-sk","status":"publish","type":"product","link":"https:\/\/begamer.cz\/sk\/produkt\/metro-exodus-gold-edition-sk\/","title":{"rendered":"Metro Exodus: Gold Edition"},"content":{"rendered":"<p>Gold Edition obsahuje Metro Exodus Expansion Pass. Ute\u010dte z rozbit\u00fdch ru\u00edn moskovsk\u00e9ho metra a vydajte sa na epick\u00fa cestu naprie\u010d postapokalyptickou ruskou divo\u010dinou. Presk\u00famajte rozsiahle neline\u00e1rne \u00farovne, ponorte sa do pohlcuj\u00faceho sandboxov\u00e9ho z\u00e1\u017eitku z pre\u017eitia a sledujte nap\u00ednav\u00fd pr\u00edbeh, ktor\u00fd sa odohr\u00e1va v priebehu cel\u00e9ho roka v doteraz najv\u00e4\u010d\u0161om dobrodru\u017estve Metro.<\/p>\n","protected":false},"excerpt":{"rendered":"<p>Metro Exodus \u2013 Gold Edition obsahuje hlavn\u00fa hru a dve ve\u013ek\u00e9 pr\u00edbehov\u00e9 DLC: The Two Colonels &amp; Sam&#x27;s Story.<\/p>\n","protected":false},"featured_media":34220,"comment_status":"open","ping_status":"closed","template":"","meta":{"_acf_changed":false},"product_brand":[],"product_cat":[270,268,266,312,9064],"product_tag":[],"class_list":{"0":"post-100466","1":"product","2":"type-product","3":"status-publish","4":"has-post-thumbnail","6":"product_cat-adventury-pc-hry-sk","7":"product_cat-pc-sk","8":"product_cat-pc-hry-sk","9":"product_cat-steam-pc-sk","10":"product_cat-strielacky-3","11":"pa_audio-de-de","12":"pa_audio-en-us","13":"pa_audio-es-es","14":"pa_audio-fr-fr","15":"pa_audio-it-it","16":"pa_audio-ru-ru","18":"pa_audio-uk-ua","20":"pa_countries-at","21":"pa_countries-be","22":"pa_countries-bg","23":"pa_countries-cy","24":"pa_countries-cz","26":"pa_countries-de","27":"pa_countries-dk","28":"pa_countries-ee","29":"pa_countries-es","30":"pa_countries-fi","31":"pa_countries-fr","32":"pa_countries-gr","33":"pa_countries-hr","34":"pa_countries-hu","35":"pa_countries-ie","36":"pa_countries-it","37":"pa_countries-lt","38":"pa_countries-lu","39":"pa_countries-lv","40":"pa_countries-mt","41":"pa_countries-nl","42":"pa_countries-pl","43":"pa_countries-pt","44":"pa_countries-ro","45":"pa_countries-se","46":"pa_countries-si","47":"pa_countries-sk","49":"pa_developer-4a-games","51":"pa_engine-4a-engine","53":"pa_game_type-bundle","55":"pa_genres-adventure","57":"pa_genres-shooter","59":"pa_interface-de-de","60":"pa_interface-en-us","61":"pa_interface-es-es","62":"pa_interface-fr-fr","63":"pa_interface-it-it","64":"pa_interface-ko-kr","65":"pa_interface-pl-pl","66":"pa_interface-pt-br","67":"pa_interface-ru-ru","69":"pa_interface-uk-ua","71":"pa_keywords-post-apocalyptic","73":"pa_modes-single-player","75":"pa_pegi-794","76":"pa_pegi-13426","77":"pa_platform-pc-steam","79":"pa_player_perspectives-first-person","81":"pa_publisher-deep-silver","83":"pa_rating-14441","84":"pa_rating-773","85":"pa_region-europe","87":"pa_themes-action","88":"pa_themes-horror","90":"pa_themes-science-fiction","91":"pa_themes-stealth","93":"pa_themes-survival","95":"first","96":"instock","97":"virtual","98":"taxable","99":"purchasable","100":"product-type-simple"},"yoast_head":"<!-- This site is optimized with the Yoast SEO plugin v27.4 - https:\/\/yoast.com\/product\/yoast-seo-wordpress\/ -->\n<title>Metro Exodus: Gold Edition | BeGamer.cz<\/title>\n<meta name=\"robots\" content=\"index, follow, max-snippet:-1, max-image-preview:large, max-video-preview:-1\" \/>\n<link rel=\"canonical\" href=\"https:\/\/begamer.cz\/sk\/produkt\/metro-exodus-gold-edition-sk\/\" \/>\n<meta property=\"og:locale\" content=\"sk_SK\" \/>\n<meta property=\"og:type\" content=\"article\" \/>\n<meta property=\"og:title\" content=\"Metro Exodus: Gold Edition | BeGamer.cz\" \/>\n<meta property=\"og:description\" content=\"Metro Exodus \u2013 Gold Edition obsahuje hlavn\u00fa hru a dve ve\u013ek\u00e9 pr\u00edbehov\u00e9 DLC: The Two Colonels &amp; Sam&#x27;s Story.\" \/>\n<meta property=\"og:url\" content=\"https:\/\/begamer.cz\/sk\/produkt\/metro-exodus-gold-edition-sk\/\" \/>\n<meta property=\"og:site_name\" content=\"BeGamer.cz\" \/>\n<meta property=\"article:modified_time\" content=\"2026-03-10T23:01:46+00:00\" \/>\n<meta property=\"og:image\" content=\"https:\/\/begamer.cz\/wp-content\/uploads\/2026\/01\/metro-exodus-gold-edition-13.webp\" \/>\n\t<meta property=\"og:image:width\" content=\"300\" \/>\n\t<meta property=\"og:image:height\" content=\"400\" \/>\n\t<meta property=\"og:image:type\" content=\"image\/webp\" \/>\n<meta name=\"twitter:card\" content=\"summary_large_image\" \/>\n<script type=\"application\/ld+json\" class=\"yoast-schema-graph\">{\"@context\":\"https:\\\/\\\/schema.org\",\"@graph\":[{\"@type\":\"WebPage\",\"@id\":\"https:\\\/\\\/begamer.cz\\\/sk\\\/produkt\\\/metro-exodus-gold-edition-sk\\\/\",\"url\":\"https:\\\/\\\/begamer.cz\\\/sk\\\/produkt\\\/metro-exodus-gold-edition-sk\\\/\",\"name\":\"Metro Exodus: Gold Edition | BeGamer.cz\",\"isPartOf\":{\"@id\":\"https:\\\/\\\/begamer.cz\\\/sk\\\/#website\"},\"primaryImageOfPage\":{\"@id\":\"https:\\\/\\\/begamer.cz\\\/sk\\\/produkt\\\/metro-exodus-gold-edition-sk\\\/#primaryimage\"},\"image\":{\"@id\":\"https:\\\/\\\/begamer.cz\\\/sk\\\/produkt\\\/metro-exodus-gold-edition-sk\\\/#primaryimage\"},\"thumbnailUrl\":\"https:\\\/\\\/begamer.cz\\\/wp-content\\\/uploads\\\/2026\\\/01\\\/metro-exodus-gold-edition-13.webp\",\"datePublished\":\"2026-01-30T17:09:01+00:00\",\"dateModified\":\"2026-03-10T23:01:46+00:00\",\"breadcrumb\":{\"@id\":\"https:\\\/\\\/begamer.cz\\\/sk\\\/produkt\\\/metro-exodus-gold-edition-sk\\\/#breadcrumb\"},\"inLanguage\":\"sk-SK\",\"potentialAction\":[{\"@type\":\"ReadAction\",\"target\":[\"https:\\\/\\\/begamer.cz\\\/sk\\\/produkt\\\/metro-exodus-gold-edition-sk\\\/\"]}]},{\"@type\":\"ImageObject\",\"inLanguage\":\"sk-SK\",\"@id\":\"https:\\\/\\\/begamer.cz\\\/sk\\\/produkt\\\/metro-exodus-gold-edition-sk\\\/#primaryimage\",\"url\":\"https:\\\/\\\/begamer.cz\\\/wp-content\\\/uploads\\\/2026\\\/01\\\/metro-exodus-gold-edition-13.webp\",\"contentUrl\":\"https:\\\/\\\/begamer.cz\\\/wp-content\\\/uploads\\\/2026\\\/01\\\/metro-exodus-gold-edition-13.webp\",\"width\":300,\"height\":400},{\"@type\":\"BreadcrumbList\",\"@id\":\"https:\\\/\\\/begamer.cz\\\/sk\\\/produkt\\\/metro-exodus-gold-edition-sk\\\/#breadcrumb\",\"itemListElement\":[{\"@type\":\"ListItem\",\"position\":1,\"name\":\"Domov\",\"item\":\"https:\\\/\\\/begamer.cz\\\/sk\\\/\"},{\"@type\":\"ListItem\",\"position\":2,\"name\":\"Obchod\",\"item\":\"https:\\\/\\\/begamer.cz\\\/obchod\\\/\"},{\"@type\":\"ListItem\",\"position\":3,\"name\":\"Metro Exodus: Gold Edition\"}]},{\"@type\":\"WebSite\",\"@id\":\"https:\\\/\\\/begamer.cz\\\/sk\\\/#website\",\"url\":\"https:\\\/\\\/begamer.cz\\\/sk\\\/\",\"name\":\"BeGamer.cz\",\"description\":\"\",\"publisher\":{\"@id\":\"https:\\\/\\\/begamer.cz\\\/sk\\\/#organization\"},\"potentialAction\":[{\"@type\":\"SearchAction\",\"target\":{\"@type\":\"EntryPoint\",\"urlTemplate\":\"https:\\\/\\\/begamer.cz\\\/sk\\\/?s={search_term_string}\"},\"query-input\":{\"@type\":\"PropertyValueSpecification\",\"valueRequired\":true,\"valueName\":\"search_term_string\"}}],\"inLanguage\":\"sk-SK\"},{\"@type\":\"Organization\",\"@id\":\"https:\\\/\\\/begamer.cz\\\/sk\\\/#organization\",\"name\":\"BeGamer.cz\",\"url\":\"https:\\\/\\\/begamer.cz\\\/sk\\\/\",\"logo\":{\"@type\":\"ImageObject\",\"inLanguage\":\"sk-SK\",\"@id\":\"https:\\\/\\\/begamer.cz\\\/sk\\\/#\\\/schema\\\/logo\\\/image\\\/\",\"url\":\"https:\\\/\\\/begamer.cz\\\/wp-content\\\/uploads\\\/2025\\\/07\\\/logo.svg\",\"contentUrl\":\"https:\\\/\\\/begamer.cz\\\/wp-content\\\/uploads\\\/2025\\\/07\\\/logo.svg\",\"caption\":\"BeGamer.cz\"},\"image\":{\"@id\":\"https:\\\/\\\/begamer.cz\\\/sk\\\/#\\\/schema\\\/logo\\\/image\\\/\"}}]}<\/script>\n<!-- \/ Yoast SEO plugin. -->","yoast_head_json":{"title":"Metro Exodus: Gold Edition | BeGamer.cz","robots":{"index":"index","follow":"follow","max-snippet":"max-snippet:-1","max-image-preview":"max-image-preview:large","max-video-preview":"max-video-preview:-1"},"canonical":"https:\/\/begamer.cz\/sk\/produkt\/metro-exodus-gold-edition-sk\/","og_locale":"sk_SK","og_type":"article","og_title":"Metro Exodus: Gold Edition | BeGamer.cz","og_description":"Metro Exodus \u2013 Gold Edition obsahuje hlavn\u00fa hru a dve ve\u013ek\u00e9 pr\u00edbehov\u00e9 DLC: The Two Colonels &amp; Sam&#x27;s Story.","og_url":"https:\/\/begamer.cz\/sk\/produkt\/metro-exodus-gold-edition-sk\/","og_site_name":"BeGamer.cz","article_modified_time":"2026-03-10T23:01:46+00:00","og_image":[{"width":300,"height":400,"url":"https:\/\/begamer.cz\/wp-content\/uploads\/2026\/01\/metro-exodus-gold-edition-13.webp","type":"image\/webp"}],"twitter_card":"summary_large_image","schema":{"@context":"https:\/\/schema.org","@graph":[{"@type":"WebPage","@id":"https:\/\/begamer.cz\/sk\/produkt\/metro-exodus-gold-edition-sk\/","url":"https:\/\/begamer.cz\/sk\/produkt\/metro-exodus-gold-edition-sk\/","name":"Metro Exodus: Gold Edition | BeGamer.cz","isPartOf":{"@id":"https:\/\/begamer.cz\/sk\/#website"},"primaryImageOfPage":{"@id":"https:\/\/begamer.cz\/sk\/produkt\/metro-exodus-gold-edition-sk\/#primaryimage"},"image":{"@id":"https:\/\/begamer.cz\/sk\/produkt\/metro-exodus-gold-edition-sk\/#primaryimage"},"thumbnailUrl":"https:\/\/begamer.cz\/wp-content\/uploads\/2026\/01\/metro-exodus-gold-edition-13.webp","datePublished":"2026-01-30T17:09:01+00:00","dateModified":"2026-03-10T23:01:46+00:00","breadcrumb":{"@id":"https:\/\/begamer.cz\/sk\/produkt\/metro-exodus-gold-edition-sk\/#breadcrumb"},"inLanguage":"sk-SK","potentialAction":[{"@type":"ReadAction","target":["https:\/\/begamer.cz\/sk\/produkt\/metro-exodus-gold-edition-sk\/"]}]},{"@type":"ImageObject","inLanguage":"sk-SK","@id":"https:\/\/begamer.cz\/sk\/produkt\/metro-exodus-gold-edition-sk\/#primaryimage","url":"https:\/\/begamer.cz\/wp-content\/uploads\/2026\/01\/metro-exodus-gold-edition-13.webp","contentUrl":"https:\/\/begamer.cz\/wp-content\/uploads\/2026\/01\/metro-exodus-gold-edition-13.webp","width":300,"height":400},{"@type":"BreadcrumbList","@id":"https:\/\/begamer.cz\/sk\/produkt\/metro-exodus-gold-edition-sk\/#breadcrumb","itemListElement":[{"@type":"ListItem","position":1,"name":"Domov","item":"https:\/\/begamer.cz\/sk\/"},{"@type":"ListItem","position":2,"name":"Obchod","item":"https:\/\/begamer.cz\/obchod\/"},{"@type":"ListItem","position":3,"name":"Metro Exodus: Gold Edition"}]},{"@type":"WebSite","@id":"https:\/\/begamer.cz\/sk\/#website","url":"https:\/\/begamer.cz\/sk\/","name":"BeGamer.cz","description":"","publisher":{"@id":"https:\/\/begamer.cz\/sk\/#organization"},"potentialAction":[{"@type":"SearchAction","target":{"@type":"EntryPoint","urlTemplate":"https:\/\/begamer.cz\/sk\/?s={search_term_string}"},"query-input":{"@type":"PropertyValueSpecification","valueRequired":true,"valueName":"search_term_string"}}],"inLanguage":"sk-SK"},{"@type":"Organization","@id":"https:\/\/begamer.cz\/sk\/#organization","name":"BeGamer.cz","url":"https:\/\/begamer.cz\/sk\/","logo":{"@type":"ImageObject","inLanguage":"sk-SK","@id":"https:\/\/begamer.cz\/sk\/#\/schema\/logo\/image\/","url":"https:\/\/begamer.cz\/wp-content\/uploads\/2025\/07\/logo.svg","contentUrl":"https:\/\/begamer.cz\/wp-content\/uploads\/2025\/07\/logo.svg","caption":"BeGamer.cz"},"image":{"@id":"https:\/\/begamer.cz\/sk\/#\/schema\/logo\/image\/"}}]}},"acf":[],"_links":{"self":[{"href":"https:\/\/begamer.cz\/sk\/wp-json\/wp\/v2\/product\/100466","targetHints":{"allow":["GET"]}}],"collection":[{"href":"https:\/\/begamer.cz\/sk\/wp-json\/wp\/v2\/product"}],"about":[{"href":"https:\/\/begamer.cz\/sk\/wp-json\/wp\/v2\/types\/product"}],"replies":[{"embeddable":true,"href":"https:\/\/begamer.cz\/sk\/wp-json\/wp\/v2\/comments?post=100466"}],"wp:featuredmedia":[{"embeddable":true,"href":"https:\/\/begamer.cz\/sk\/wp-json\/wp\/v2\/media\/34220"}],"wp:attachment":[{"href":"https:\/\/begamer.cz\/sk\/wp-json\/wp\/v2\/media?parent=100466"}],"wp:term":[{"taxonomy":"product_brand","embeddable":true,"href":"https:\/\/begamer.cz\/sk\/wp-json\/wp\/v2\/product_brand?post=100466"},{"taxonomy":"product_cat","embeddable":true,"href":"https:\/\/begamer.cz\/sk\/wp-json\/wp\/v2\/product_cat?post=100466"},{"taxonomy":"product_tag","embeddable":true,"href":"https:\/\/begamer.cz\/sk\/wp-json\/wp\/v2\/product_tag?post=100466"}],"curies":[{"name":"wp","href":"https:\/\/api.w.org\/{rel}","templated":true}]}}