{"id":100379,"date":"2026-01-30T18:07:08","date_gmt":"2026-01-30T17:07:08","guid":{"rendered":"https:\/\/begamer.cz\/produkt\/the-sims-4-life-and-death-sk\/"},"modified":"2026-03-10T23:54:20","modified_gmt":"2026-03-10T22:54:20","slug":"the-sims-4-life-and-death-sk","status":"publish","type":"product","link":"https:\/\/begamer.cz\/sk\/produkt\/the-sims-4-life-and-death-sk\/","title":{"rendered":"The Sims 4: Life and Death"},"content":{"rendered":"<h1>O hre<\/h1>\n<p>Odha\u013e tajomstvo bohat\u0161ieho \u017eivota Sim\u00edkov a e\u0161te viac v roz\u0161\u00edren\u00ed The Sims 4 Life &amp; Death Expansion Pack*. Spl\u0148 si svoje \u017eivotn\u00e9 sny od\u0161krt\u00e1van\u00edm polo\u017eiek zo svojho zoznamu \u017eelan\u00ed alebo ich realizuj ako duch s nedokon\u010den\u00fdmi z\u00e1le\u017eitos\u0165ami. \u010cak\u00e1 v\u00e1s stra\u0161ideln\u00fd nov\u00fd svet, kari\u00e9ra, ktor\u00e1 v\u00e1s pribl\u00ed\u017ei k Grimovi, z\u00e1vety, ktor\u00e9 treba nap\u00edsa\u0165, krypty, ktor\u00e9 treba presk\u00fama\u0165, a dokonca aj duchovn\u00e9 zru\u010dnosti, ktor\u00e9 treba zvl\u00e1dnu\u0165. Neexistuj\u00fa \u017eiadne skuto\u010dn\u00e9 konce \u2013 len prechody \u2013 ke\u010f sa pohybujete medzi \u017eivotom, posmrtn\u00fdm \u017eivotom a dokonca aj znovuzroden\u00edm.<\/p>\n<p><strong>K\u013d\u00da\u010cOV\u00c9 VLASTNOSTI<\/strong><\/p>\n<ul class=\"bb_ul\">\n<li><strong>Nekone\u010dn\u00e1 cesta<\/strong> \u2013 Vytvorte si zoznam vec\u00ed, ktor\u00e9 chcete stihn\u00fa\u0165, zbieran\u00edm cie\u013eov po\u010das \u017eivota svojho Sim\u00edka, po\u010dn\u00fac mladou dospelos\u0165ou. Polo\u017eky sa na va\u0161om zozname objavia na z\u00e1klade vlastnost\u00ed v\u00e1\u0161ho Sim\u00edka a rodinn\u00fdch vz\u0165ahov, ale m\u00f4\u017eete si vybra\u0165 aj svoje vlastn\u00e9. Polo\u017eky je mo\u017en\u00e9 odstr\u00e1ni\u0165, ale ich splnenie prin\u00e1\u0161a siln\u00e9 odmeny. Ak Simov \u017eivot skon\u010d\u00ed s polo\u017ekami, ktor\u00e9 st\u00e1le zost\u00e1vaj\u00fa na zozname, m\u00f4\u017ee venova\u0165 svoj posmrtn\u00fd \u017eivot dokon\u010deniu svojich nedokon\u010den\u00fdch z\u00e1le\u017eitost\u00ed. Kone\u010dnou odmenou za za\u017e\u00edvanie v\u0161etk\u00e9ho na zozname je mo\u017enos\u0165 znovuzrodenia, hoci sa st\u00e1le m\u00f4\u017eete rozhodn\u00fa\u0165 prejs\u0165 \u010falej alebo zosta\u0165 na tejto rovine ako duch.\n<\/li>\n<li><strong>Stra\u0161ideln\u00fd, n\u00e1dhern\u00fd \u017eivot<\/strong> \u2013 Urobte zo smrti svoje \u017eivotn\u00e9 dielo a sta\u0148te sa \u010dlenom Grimovho t\u00edmu, kde budete zbiera\u0165 du\u0161e, pom\u00e1ha\u0165 duchom, rozpty\u013eova\u0165 stra\u0161idl\u00e1 a mnoho \u010fal\u0161ieho. Alebo sa m\u00f4\u017eete sta\u0165 pohreb\u00e1rom a zaobera\u0165 sa smr\u0165ou sk\u00f4r z poh\u013eadu \u017eiv\u00fdch. Mimo pr\u00e1ce m\u00f4\u017eete tr\u00e1vi\u0165 dni presk\u00famavan\u00edm krypt a budovan\u00edm svojej schopnosti tanatol\u00f3gie pre nov\u00e9 amb\u00edcie historika duchov. Tieto veci \u2013 okrem in\u00fdch temn\u00fdch rozpt\u00fdlen\u00ed, ako je budovanie vz\u0165ahu so svoj\u00edm dom\u00e1cim vranom (opatrne, provokovanie ho m\u00f4\u017ee by\u0165 smrte\u013en\u00e9) alebo zbieranie a \u010d\u00edtanie straten\u00fdch tarotov\u00fdch kariet Lady Ravendancer Goth \u2013 bud\u00fa ma\u0165 osobitn\u00fd v\u00fdznam pre Sim\u00edkov, ktor\u00ed s\u00fa makabr\u00f3zni, \u010do je jedna z 3 nov\u00fdch vlastnost\u00ed.\n<\/li>\n<li><strong>Zatia\u013e sa l\u00fa\u010dime <\/strong>\u2013 R\u00f4zni Simovia sm\u00fatia r\u00f4znymi sp\u00f4sobmi. Existuj\u00fa 4 typy<strong>,<\/strong> ktor\u00e9 s\u00favisia s osobnos\u0165ou Simov a ich vz\u0165ahmi so zosnul\u00fdmi. Sm\u00fato\u010dn\u00e9 ritu\u00e1ly s\u00fa prisp\u00f4sobite\u013en\u00e9 a nie s\u00fa vopred dan\u00e9, tak\u017ee m\u00f4\u017eete usporiada\u0165 ak\u00fdko\u013evek typ udalosti (alebo udalost\u00ed), ktor\u00fd vyhovuje v\u00e1\u0161mu pr\u00edbehu. Za \u017eivota m\u00f4\u017eu Sim\u00edci vytv\u00e1ra\u0165 z\u00e1vety, ktor\u00e9 m\u00f4\u017eu by\u0165 pou\u017eit\u00e9 na odovzdanie dedi\u010dstva, ur\u010denie poru\u010dn\u00edkov pre pozostal\u00fdch, rozdelenie svojich simole\u00f3nov a \u010fal\u0161ie. Sim\u00edci m\u00f4\u017eu ucti\u0165 zosnul\u00fdch pam\u00e4tnou v\u00fdstavou s ich portr\u00e9tmi a pochovan\u00edm ich urien v krypt\u00e1ch alebo v prisp\u00f4soben\u00fdch rakv\u00e1ch a hroboch.\n<\/li>\n<li><strong>Priate\u013esk\u00fd alebo zlomyse\u013en\u00fd?<\/strong> \u2014 Zosta\u0148te ako duch a str\u00e1vte svoj posmrtn\u00fd \u017eivot pom\u00e1han\u00edm alebo terorizovan\u00edm \u017eiv\u00fdch. Duchovia bud\u00fa rozv\u00edja\u0165 svoje schopnosti, ke\u010f\u017ee robia v\u0161etko od pomoci s dom\u00e1cimi pr\u00e1cami a\u017e po levitovanie \u017eiv\u00fdch Sim\u00edkov a zavesenie ich hore nohami (z\u00e1bavn\u00e9 A ziskov\u00e9 \u2013 m\u00f4\u017eu upusti\u0165 simole\u00f3ny!). Ich interakcie so \u017eiv\u00fdmi im m\u00f4\u017eu prinies\u0165 esencie strachu alebo dobrej v\u00f4le, ktor\u00e9 sa daj\u00fa preda\u0165 za simole\u00f3ny. Po smrti je ve\u013ea \u010do robi\u0165; duchovia sa m\u00f4\u017eu dokonca spoji\u0165 do p\u00e1ru a za\u017ei\u0165 \u0161peci\u00e1lne spektr\u00e1lne Woohoo.\n<\/li>\n<li><strong>Mesto, ktor\u00e9 stoj\u00ed za to stra\u0161i\u0165<\/strong> \u2013 V Ravenwoode, meste s tromi \u0161tvr\u0165ami, je z\u00e1voj medzi \u017eivotom a smr\u0165ou tenk\u00fd. Nav\u0161t\u00edvte vidiek a mo\u017eno si zapl\u00e1vajte pri tajomnej tv\u00e1ri na \u00fatesoch. Alebo sa vyberte do dediny, kde n\u00e1jdete na predaj zauj\u00edmav\u00e9 veci v bl\u00edzkosti star\u00e9ho cintor\u00edna Specter, stra\u0161ideln\u00fd dom, do ktor\u00e9ho sa m\u00f4\u017eete odv\u00e1\u017ei\u0165, alebo festival, na ktorom sa m\u00f4\u017eete z\u00fa\u010dastni\u0165. Obyvatelia t\u00fdchto prv\u00fdch dvoch \u0161tvrt\u00ed s\u00fa (v\u00e4\u010d\u0161inou) na\u017eive, ale duchovia sa bud\u00fa c\u00edti\u0165 najviac ako doma v tretej \u0161tvrti, kde n\u00e1jdete \u010fal\u0161ie 2 festivaly a skupinu na podporu duchov. \u017div\u00ed Sim\u00edci m\u00f4\u017eu vyu\u017ei\u0165 Baleful Bog, aby za\u017eili mimotelov\u00fa sk\u00fasenos\u0165 a vysk\u00fa\u0161ali si, ak\u00e9 to je by\u0165 do\u010dasn\u00fdmi duchmi. No, zvy\u010dajne je to do\u010dasn\u00e9. Neza\u0165a\u017eujte to.<\/li>\n<\/ul>\n","protected":false},"excerpt":{"rendered":"<p>Odha\u013ete tajomstvo plnohodnotnej\u0161ieho \u017eivota Sim\u00edkov a e\u0161te viac v roz\u0161\u00edren\u00ed The Sims\u2122 4 Life &amp; Death Expansion Pack*.<\/p>\n","protected":false},"featured_media":34548,"comment_status":"open","ping_status":"closed","template":"","meta":{"_acf_changed":false},"product_brand":[],"product_cat":[431,432,434,398,400],"product_tag":[],"class_list":{"0":"post-100379","1":"product","2":"type-product","3":"status-publish","4":"has-post-thumbnail","6":"product_cat-rpg-xbox-one-sk","7":"product_cat-simulatory-xbox-one-sk","8":"product_cat-strategie-xbox-one-sk","9":"product_cat-xbox-hry-sk","10":"product_cat-xbox-one-sk","11":"pa_countries-ad","12":"pa_countries-ae","13":"pa_countries-af","14":"pa_countries-ag","15":"pa_countries-ai","16":"pa_countries-al","17":"pa_countries-am","18":"pa_countries-ao","19":"pa_countries-aq","20":"pa_countries-ar","21":"pa_countries-as","22":"pa_countries-at","23":"pa_countries-au","24":"pa_countries-aw","25":"pa_countries-ax","26":"pa_countries-az","27":"pa_countries-ba","28":"pa_countries-bb","29":"pa_countries-bd","30":"pa_countries-be","31":"pa_countries-bf","32":"pa_countries-bg","33":"pa_countries-bh","34":"pa_countries-bi","35":"pa_countries-bj","36":"pa_countries-bl","37":"pa_countries-bm","38":"pa_countries-bn","39":"pa_countries-bo","40":"pa_countries-bq","41":"pa_countries-br","42":"pa_countries-bs","43":"pa_countries-bt","44":"pa_countries-bv","45":"pa_countries-bw","46":"pa_countries-bz","47":"pa_countries-ca","48":"pa_countries-cc","49":"pa_countries-cd","50":"pa_countries-cf","51":"pa_countries-cg","52":"pa_countries-ch","53":"pa_countries-ci","54":"pa_countries-ck","55":"pa_countries-cl","56":"pa_countries-cm","57":"pa_countries-cn","58":"pa_countries-co","59":"pa_countries-cr","60":"pa_countries-cu","61":"pa_countries-cv","62":"pa_countries-cw","63":"pa_countries-cx","64":"pa_countries-cy","65":"pa_countries-cz","66":"pa_countries-de","67":"pa_countries-dj","68":"pa_countries-dk","69":"pa_countries-dm","70":"pa_countries-do","71":"pa_countries-dz","72":"pa_countries-ec","73":"pa_countries-ee","74":"pa_countries-eg","75":"pa_countries-eh","76":"pa_countries-er","77":"pa_countries-es","78":"pa_countries-et","79":"pa_countries-fi","80":"pa_countries-fj","81":"pa_countries-fk","82":"pa_countries-fm","83":"pa_countries-fo","84":"pa_countries-fr","85":"pa_countries-ga","86":"pa_countries-gb","87":"pa_countries-gd","88":"pa_countries-ge","89":"pa_countries-gf","90":"pa_countries-gg","91":"pa_countries-gh","92":"pa_countries-gi","93":"pa_countries-gl","94":"pa_countries-gm","95":"pa_countries-gn","96":"pa_countries-gp","97":"pa_countries-gq","98":"pa_countries-gr","99":"pa_countries-gs","100":"pa_countries-gt","101":"pa_countries-gu","102":"pa_countries-gw","103":"pa_countries-gy","104":"pa_countries-hk","105":"pa_countries-hm","106":"pa_countries-hn","107":"pa_countries-hr","108":"pa_countries-ht","109":"pa_countries-hu","110":"pa_countries-id","111":"pa_countries-ie","112":"pa_countries-il","113":"pa_countries-im","114":"pa_countries-in","115":"pa_countries-io","116":"pa_countries-iq","117":"pa_countries-ir","118":"pa_countries-is","119":"pa_countries-it","120":"pa_countries-je","121":"pa_countries-jm","122":"pa_countries-jo","123":"pa_countries-jp","124":"pa_countries-ke","125":"pa_countries-kg","126":"pa_countries-kh","127":"pa_countries-ki","128":"pa_countries-km","129":"pa_countries-kn","130":"pa_countries-kp","131":"pa_countries-kr","132":"pa_countries-kw","133":"pa_countries-ky","134":"pa_countries-kz","135":"pa_countries-la","136":"pa_countries-lb","137":"pa_countries-lc","138":"pa_countries-li","139":"pa_countries-lk","140":"pa_countries-lr","141":"pa_countries-ls","142":"pa_countries-lt","143":"pa_countries-lu","144":"pa_countries-lv","145":"pa_countries-ly","146":"pa_countries-ma","147":"pa_countries-mc","148":"pa_countries-md","149":"pa_countries-me","150":"pa_countries-mf","151":"pa_countries-mg","152":"pa_countries-mh","153":"pa_countries-mk","154":"pa_countries-ml","155":"pa_countries-mm","156":"pa_countries-mn","157":"pa_countries-mo","158":"pa_countries-mp","159":"pa_countries-mq","160":"pa_countries-mr","161":"pa_countries-ms","162":"pa_countries-mt","163":"pa_countries-mu","164":"pa_countries-mv","165":"pa_countries-mw","166":"pa_countries-mx","167":"pa_countries-my","168":"pa_countries-mz","169":"pa_countries-na","170":"pa_countries-nc","171":"pa_countries-ne","172":"pa_countries-nf","173":"pa_countries-ng","174":"pa_countries-ni","175":"pa_countries-nl","176":"pa_countries-no","177":"pa_countries-np","178":"pa_countries-nr","179":"pa_countries-nu","180":"pa_countries-nz","181":"pa_countries-om","182":"pa_countries-pa","183":"pa_countries-pe","184":"pa_countries-pf","185":"pa_countries-pg","186":"pa_countries-ph","187":"pa_countries-pk","188":"pa_countries-pl","189":"pa_countries-pm","190":"pa_countries-pn","191":"pa_countries-pr","192":"pa_countries-ps","193":"pa_countries-pt","194":"pa_countries-pw","195":"pa_countries-py","196":"pa_countries-qa","197":"pa_countries-re","198":"pa_countries-ro","199":"pa_countries-rs","200":"pa_countries-rw","201":"pa_countries-sa","202":"pa_countries-sb","203":"pa_countries-sc","204":"pa_countries-sd","205":"pa_countries-se","206":"pa_countries-sg","207":"pa_countries-sh","208":"pa_countries-si","209":"pa_countries-sj","210":"pa_countries-sk","211":"pa_countries-sl","212":"pa_countries-sm","213":"pa_countries-sn","214":"pa_countries-so","215":"pa_countries-sr","216":"pa_countries-ss","218":"pa_countries-st","219":"pa_countries-sv","220":"pa_countries-sx","221":"pa_countries-sy","222":"pa_countries-sz","223":"pa_countries-tc","224":"pa_countries-td","225":"pa_countries-tf","226":"pa_countries-tg","227":"pa_countries-th","228":"pa_countries-tj","229":"pa_countries-tk","230":"pa_countries-tl","231":"pa_countries-tm","232":"pa_countries-tn","233":"pa_countries-to","234":"pa_countries-tr","235":"pa_countries-tt","236":"pa_countries-tv","237":"pa_countries-tw","238":"pa_countries-tz","239":"pa_countries-ua","240":"pa_countries-ug","241":"pa_countries-um","242":"pa_countries-us","243":"pa_countries-uy","244":"pa_countries-uz","245":"pa_countries-va","246":"pa_countries-vc","247":"pa_countries-ve","248":"pa_countries-vg","249":"pa_countries-vi","250":"pa_countries-vn","251":"pa_countries-vu","252":"pa_countries-wf","253":"pa_countries-ws","254":"pa_countries-xk","256":"pa_countries-ye","257":"pa_countries-yt","258":"pa_countries-za","259":"pa_countries-zm","260":"pa_countries-zw","261":"pa_developer-maxis","263":"pa_developer-the-sims-studio","265":"pa_game_type-dlc","267":"pa_genres-adventure","268":"pa_genres-role-playing-rpg","270":"pa_genres-simulator","271":"pa_genres-strategy","273":"pa_interface-cs-cz","274":"pa_interface-da-dk","275":"pa_interface-de-de","276":"pa_interface-en-us","277":"pa_interface-es-es","278":"pa_interface-fi-fi","280":"pa_interface-fr-fr","281":"pa_interface-it-it","282":"pa_interface-ja-jp","283":"pa_interface-ko-kr","284":"pa_interface-nb-no","286":"pa_interface-nl-nl","287":"pa_interface-pl-pl","288":"pa_interface-pt-br","289":"pa_interface-ru-ru","290":"pa_interface-sv-se","291":"pa_interface-zh-cn","292":"pa_interface-zh-tw","293":"pa_keywords-life-simulation","295":"pa_keywords-simulation","297":"pa_modes-single-player","299":"pa_pegi-13428","300":"pa_pegi-927","301":"pa_platform-xbox-one","303":"pa_player_perspectives-bird-view-isometric","305":"pa_player_perspectives-first-person","307":"pa_player_perspectives-third-person","308":"pa_publisher-electronic-arts","310":"pa_rating-795","311":"pa_rating-14446","312":"pa_region-europe","314":"pa_themes-action","315":"pa_themes-comedy","317":"pa_themes-fantasy","318":"pa_themes-romance","320":"pa_themes-sandbox","322":"first","323":"instock","324":"virtual","325":"taxable","326":"purchasable","327":"product-type-simple"},"yoast_head":"<!-- This site is optimized with the Yoast SEO plugin v27.3 - https:\/\/yoast.com\/product\/yoast-seo-wordpress\/ -->\n<title>The Sims 4: Life and Death | BeGamer.cz<\/title>\n<meta name=\"robots\" content=\"index, follow, max-snippet:-1, max-image-preview:large, max-video-preview:-1\" \/>\n<link rel=\"canonical\" href=\"https:\/\/begamer.cz\/sk\/produkt\/the-sims-4-life-and-death-sk\/\" \/>\n<meta property=\"og:locale\" content=\"sk_SK\" \/>\n<meta property=\"og:type\" content=\"article\" \/>\n<meta property=\"og:title\" content=\"The Sims 4: Life and Death | BeGamer.cz\" \/>\n<meta property=\"og:description\" content=\"Odha\u013ete tajomstvo plnohodnotnej\u0161ieho \u017eivota Sim\u00edkov a e\u0161te viac v roz\u0161\u00edren\u00ed The Sims\u2122 4 Life &amp; Death Expansion Pack*.\" \/>\n<meta property=\"og:url\" content=\"https:\/\/begamer.cz\/sk\/produkt\/the-sims-4-life-and-death-sk\/\" \/>\n<meta property=\"og:site_name\" content=\"BeGamer.cz\" \/>\n<meta property=\"article:modified_time\" content=\"2026-03-10T22:54:20+00:00\" \/>\n<meta property=\"og:image\" content=\"https:\/\/begamer.cz\/wp-content\/uploads\/2026\/01\/the-sims-4-life-and-death-5.webp\" \/>\n\t<meta property=\"og:image:width\" content=\"300\" \/>\n\t<meta property=\"og:image:height\" content=\"400\" \/>\n\t<meta property=\"og:image:type\" content=\"image\/webp\" \/>\n<meta name=\"twitter:card\" content=\"summary_large_image\" \/>\n<meta name=\"twitter:label1\" content=\"Predpokladan\u00fd \u010das \u010d\u00edtania\" \/>\n\t<meta name=\"twitter:data1\" content=\"4 min\u00faty\" \/>\n<script type=\"application\/ld+json\" class=\"yoast-schema-graph\">{\"@context\":\"https:\\\/\\\/schema.org\",\"@graph\":[{\"@type\":\"WebPage\",\"@id\":\"https:\\\/\\\/begamer.cz\\\/sk\\\/produkt\\\/the-sims-4-life-and-death-sk\\\/\",\"url\":\"https:\\\/\\\/begamer.cz\\\/sk\\\/produkt\\\/the-sims-4-life-and-death-sk\\\/\",\"name\":\"The Sims 4: Life and Death | BeGamer.cz\",\"isPartOf\":{\"@id\":\"https:\\\/\\\/begamer.cz\\\/sk\\\/#website\"},\"primaryImageOfPage\":{\"@id\":\"https:\\\/\\\/begamer.cz\\\/sk\\\/produkt\\\/the-sims-4-life-and-death-sk\\\/#primaryimage\"},\"image\":{\"@id\":\"https:\\\/\\\/begamer.cz\\\/sk\\\/produkt\\\/the-sims-4-life-and-death-sk\\\/#primaryimage\"},\"thumbnailUrl\":\"https:\\\/\\\/begamer.cz\\\/wp-content\\\/uploads\\\/2026\\\/01\\\/the-sims-4-life-and-death-5.webp\",\"datePublished\":\"2026-01-30T17:07:08+00:00\",\"dateModified\":\"2026-03-10T22:54:20+00:00\",\"breadcrumb\":{\"@id\":\"https:\\\/\\\/begamer.cz\\\/sk\\\/produkt\\\/the-sims-4-life-and-death-sk\\\/#breadcrumb\"},\"inLanguage\":\"sk-SK\",\"potentialAction\":[{\"@type\":\"ReadAction\",\"target\":[\"https:\\\/\\\/begamer.cz\\\/sk\\\/produkt\\\/the-sims-4-life-and-death-sk\\\/\"]}]},{\"@type\":\"ImageObject\",\"inLanguage\":\"sk-SK\",\"@id\":\"https:\\\/\\\/begamer.cz\\\/sk\\\/produkt\\\/the-sims-4-life-and-death-sk\\\/#primaryimage\",\"url\":\"https:\\\/\\\/begamer.cz\\\/wp-content\\\/uploads\\\/2026\\\/01\\\/the-sims-4-life-and-death-5.webp\",\"contentUrl\":\"https:\\\/\\\/begamer.cz\\\/wp-content\\\/uploads\\\/2026\\\/01\\\/the-sims-4-life-and-death-5.webp\",\"width\":300,\"height\":400},{\"@type\":\"BreadcrumbList\",\"@id\":\"https:\\\/\\\/begamer.cz\\\/sk\\\/produkt\\\/the-sims-4-life-and-death-sk\\\/#breadcrumb\",\"itemListElement\":[{\"@type\":\"ListItem\",\"position\":1,\"name\":\"Domov\",\"item\":\"https:\\\/\\\/begamer.cz\\\/sk\\\/\"},{\"@type\":\"ListItem\",\"position\":2,\"name\":\"Obchod\",\"item\":\"https:\\\/\\\/begamer.cz\\\/obchod\\\/\"},{\"@type\":\"ListItem\",\"position\":3,\"name\":\"The Sims 4: Life and Death\"}]},{\"@type\":\"WebSite\",\"@id\":\"https:\\\/\\\/begamer.cz\\\/sk\\\/#website\",\"url\":\"https:\\\/\\\/begamer.cz\\\/sk\\\/\",\"name\":\"BeGamer.cz\",\"description\":\"\",\"publisher\":{\"@id\":\"https:\\\/\\\/begamer.cz\\\/sk\\\/#organization\"},\"potentialAction\":[{\"@type\":\"SearchAction\",\"target\":{\"@type\":\"EntryPoint\",\"urlTemplate\":\"https:\\\/\\\/begamer.cz\\\/sk\\\/?s={search_term_string}\"},\"query-input\":{\"@type\":\"PropertyValueSpecification\",\"valueRequired\":true,\"valueName\":\"search_term_string\"}}],\"inLanguage\":\"sk-SK\"},{\"@type\":\"Organization\",\"@id\":\"https:\\\/\\\/begamer.cz\\\/sk\\\/#organization\",\"name\":\"BeGamer.cz\",\"url\":\"https:\\\/\\\/begamer.cz\\\/sk\\\/\",\"logo\":{\"@type\":\"ImageObject\",\"inLanguage\":\"sk-SK\",\"@id\":\"https:\\\/\\\/begamer.cz\\\/sk\\\/#\\\/schema\\\/logo\\\/image\\\/\",\"url\":\"https:\\\/\\\/begamer.cz\\\/wp-content\\\/uploads\\\/2025\\\/07\\\/logo.svg\",\"contentUrl\":\"https:\\\/\\\/begamer.cz\\\/wp-content\\\/uploads\\\/2025\\\/07\\\/logo.svg\",\"caption\":\"BeGamer.cz\"},\"image\":{\"@id\":\"https:\\\/\\\/begamer.cz\\\/sk\\\/#\\\/schema\\\/logo\\\/image\\\/\"}}]}<\/script>\n<!-- \/ Yoast SEO plugin. -->","yoast_head_json":{"title":"The Sims 4: Life and Death | BeGamer.cz","robots":{"index":"index","follow":"follow","max-snippet":"max-snippet:-1","max-image-preview":"max-image-preview:large","max-video-preview":"max-video-preview:-1"},"canonical":"https:\/\/begamer.cz\/sk\/produkt\/the-sims-4-life-and-death-sk\/","og_locale":"sk_SK","og_type":"article","og_title":"The Sims 4: Life and Death | BeGamer.cz","og_description":"Odha\u013ete tajomstvo plnohodnotnej\u0161ieho \u017eivota Sim\u00edkov a e\u0161te viac v roz\u0161\u00edren\u00ed The Sims\u2122 4 Life &amp; Death Expansion Pack*.","og_url":"https:\/\/begamer.cz\/sk\/produkt\/the-sims-4-life-and-death-sk\/","og_site_name":"BeGamer.cz","article_modified_time":"2026-03-10T22:54:20+00:00","og_image":[{"width":300,"height":400,"url":"https:\/\/begamer.cz\/wp-content\/uploads\/2026\/01\/the-sims-4-life-and-death-5.webp","type":"image\/webp"}],"twitter_card":"summary_large_image","twitter_misc":{"Predpokladan\u00fd \u010das \u010d\u00edtania":"4 min\u00faty"},"schema":{"@context":"https:\/\/schema.org","@graph":[{"@type":"WebPage","@id":"https:\/\/begamer.cz\/sk\/produkt\/the-sims-4-life-and-death-sk\/","url":"https:\/\/begamer.cz\/sk\/produkt\/the-sims-4-life-and-death-sk\/","name":"The Sims 4: Life and Death | BeGamer.cz","isPartOf":{"@id":"https:\/\/begamer.cz\/sk\/#website"},"primaryImageOfPage":{"@id":"https:\/\/begamer.cz\/sk\/produkt\/the-sims-4-life-and-death-sk\/#primaryimage"},"image":{"@id":"https:\/\/begamer.cz\/sk\/produkt\/the-sims-4-life-and-death-sk\/#primaryimage"},"thumbnailUrl":"https:\/\/begamer.cz\/wp-content\/uploads\/2026\/01\/the-sims-4-life-and-death-5.webp","datePublished":"2026-01-30T17:07:08+00:00","dateModified":"2026-03-10T22:54:20+00:00","breadcrumb":{"@id":"https:\/\/begamer.cz\/sk\/produkt\/the-sims-4-life-and-death-sk\/#breadcrumb"},"inLanguage":"sk-SK","potentialAction":[{"@type":"ReadAction","target":["https:\/\/begamer.cz\/sk\/produkt\/the-sims-4-life-and-death-sk\/"]}]},{"@type":"ImageObject","inLanguage":"sk-SK","@id":"https:\/\/begamer.cz\/sk\/produkt\/the-sims-4-life-and-death-sk\/#primaryimage","url":"https:\/\/begamer.cz\/wp-content\/uploads\/2026\/01\/the-sims-4-life-and-death-5.webp","contentUrl":"https:\/\/begamer.cz\/wp-content\/uploads\/2026\/01\/the-sims-4-life-and-death-5.webp","width":300,"height":400},{"@type":"BreadcrumbList","@id":"https:\/\/begamer.cz\/sk\/produkt\/the-sims-4-life-and-death-sk\/#breadcrumb","itemListElement":[{"@type":"ListItem","position":1,"name":"Domov","item":"https:\/\/begamer.cz\/sk\/"},{"@type":"ListItem","position":2,"name":"Obchod","item":"https:\/\/begamer.cz\/obchod\/"},{"@type":"ListItem","position":3,"name":"The Sims 4: Life and Death"}]},{"@type":"WebSite","@id":"https:\/\/begamer.cz\/sk\/#website","url":"https:\/\/begamer.cz\/sk\/","name":"BeGamer.cz","description":"","publisher":{"@id":"https:\/\/begamer.cz\/sk\/#organization"},"potentialAction":[{"@type":"SearchAction","target":{"@type":"EntryPoint","urlTemplate":"https:\/\/begamer.cz\/sk\/?s={search_term_string}"},"query-input":{"@type":"PropertyValueSpecification","valueRequired":true,"valueName":"search_term_string"}}],"inLanguage":"sk-SK"},{"@type":"Organization","@id":"https:\/\/begamer.cz\/sk\/#organization","name":"BeGamer.cz","url":"https:\/\/begamer.cz\/sk\/","logo":{"@type":"ImageObject","inLanguage":"sk-SK","@id":"https:\/\/begamer.cz\/sk\/#\/schema\/logo\/image\/","url":"https:\/\/begamer.cz\/wp-content\/uploads\/2025\/07\/logo.svg","contentUrl":"https:\/\/begamer.cz\/wp-content\/uploads\/2025\/07\/logo.svg","caption":"BeGamer.cz"},"image":{"@id":"https:\/\/begamer.cz\/sk\/#\/schema\/logo\/image\/"}}]}},"acf":[],"_links":{"self":[{"href":"https:\/\/begamer.cz\/sk\/wp-json\/wp\/v2\/product\/100379","targetHints":{"allow":["GET"]}}],"collection":[{"href":"https:\/\/begamer.cz\/sk\/wp-json\/wp\/v2\/product"}],"about":[{"href":"https:\/\/begamer.cz\/sk\/wp-json\/wp\/v2\/types\/product"}],"replies":[{"embeddable":true,"href":"https:\/\/begamer.cz\/sk\/wp-json\/wp\/v2\/comments?post=100379"}],"wp:featuredmedia":[{"embeddable":true,"href":"https:\/\/begamer.cz\/sk\/wp-json\/wp\/v2\/media\/34548"}],"wp:attachment":[{"href":"https:\/\/begamer.cz\/sk\/wp-json\/wp\/v2\/media?parent=100379"}],"wp:term":[{"taxonomy":"product_brand","embeddable":true,"href":"https:\/\/begamer.cz\/sk\/wp-json\/wp\/v2\/product_brand?post=100379"},{"taxonomy":"product_cat","embeddable":true,"href":"https:\/\/begamer.cz\/sk\/wp-json\/wp\/v2\/product_cat?post=100379"},{"taxonomy":"product_tag","embeddable":true,"href":"https:\/\/begamer.cz\/sk\/wp-json\/wp\/v2\/product_tag?post=100379"}],"curies":[{"name":"wp","href":"https:\/\/api.w.org\/{rel}","templated":true}]}}