{"id":100325,"date":"2026-01-30T18:06:01","date_gmt":"2026-01-30T17:06:01","guid":{"rendered":"https:\/\/begamer.cz\/produkt\/anarkade-sk\/"},"modified":"2026-03-10T23:50:45","modified_gmt":"2026-03-10T22:50:45","slug":"anarkade-sk","status":"publish","type":"product","link":"https:\/\/begamer.cz\/sk\/produkt\/anarkade-sk\/","title":{"rendered":"Anarkade"},"content":{"rendered":"<h2 class=\"bb_tag\" >Anarkade je multiplayerov\u00e1 ar\u00e9nov\u00e1 strie\u013ea\u010dka s pixelovou grafikou a intenz\u00edvnou platformovou akciou.<\/h2>\n<p>Be\u017e, sk\u00e1\u010d a likviduj svojich protivn\u00edkov pomocou v\u00fdbu\u0161n\u00fdch zbran\u00ed, ktor\u00e9 sp\u00f4sobuj\u00fa z\u00e1bavn\u00e9 eskap\u00e1dy. V\u010faka intuit\u00edvnemu ovl\u00e1daniu, ktor\u00e9 sa \u013eahko nau\u010d\u00ed\u0161, ale \u0165a\u017eko zvl\u00e1dne\u0161, m\u00f4\u017ee\u0161 z\u00edska\u0165 n\u00e1skok pred s\u00fapermi vykon\u00e1van\u00edm pohybov, ako s\u00fa skoky na stenu a visenie v rohu, aby si mohol \u00fato\u010di\u0165 odkia\u013eko\u013evek.<\/p>\n<ul class=\"bb_ul\">\n<li>Prisp\u00f4sobite\u013en\u00e9 postavy:<br \/>Nechajte svoju postavu vynikn\u00fa\u0165 v pustatine s absurdnou \u0161k\u00e1lou klob\u00fakov, plynov\u00fdch masiek, vikingsk\u00e9ho oble\u010denia a \u010fal\u0161\u00edch doplnkov.<br \/><span class=\"bb_img_ctn\"><video class=\"bb_img\" autoplay muted loop playsinline crossorigin=\"anonymous\" poster=\"https:\/\/shared.akamai.steamstatic.com\/store_item_assets\/steam\/apps\/1517800\/extras\/1bf6618fe9531c8c548a77cdca1fbb9d.poster.avif?t=1727132809\" width=600 height=338 ><source src=\"https:\/\/shared.akamai.steamstatic.com\/store_item_assets\/steam\/apps\/1517800\/extras\/1bf6618fe9531c8c548a77cdca1fbb9d.webm?t=1727132809\" type=\"video\/webm; codecs=vp9\"><\/video><\/span>\n<\/li>\n<li>Kontrastn\u00e9 mot\u00edvy \u00farovn\u00ed s jedine\u010dnou fyzikou:<br \/>Prebojujte sa cez eklektick\u00fa zbierku ar\u00e9n vo vesm\u00edre, na \u013eade alebo dokonca v starovekom ter\u00e9ne Egypta.<br \/><span class=\"bb_img_ctn\"><video class=\"bb_img\" autoplay muted loop playsinline poster=\"https:\/\/shared.akamai.steamstatic.com\/store_item_assets\/steam\/apps\/1517800\/extras\/da770099c1b24cf2c4dc37a5961c6c74.poster.avif?t=1727132809\" width=600 height=338 ><source src=\"https:\/\/shared.akamai.steamstatic.com\/store_item_assets\/steam\/apps\/1517800\/extras\/da770099c1b24cf2c4dc37a5961c6c74.webm?t=1727132809\" type=\"video\/webm; codecs=vp9\"><source src=\"https:\/\/shared.akamai.steamstatic.com\/store_item_assets\/steam\/apps\/1517800\/extras\/da770099c1b24cf2c4dc37a5961c6c74.mp4?t=1727132809\" type=\"video\/mp4\"><\/video><\/span>\n<\/li>\n<li>Viac zbran\u00ed s charakteristick\u00fdmi taktikami:<br \/>Prineste si n\u00f4\u017e do prestrelky&#8230; alebo gu\u013eomet Gatling alebo bazuku. Dokonca m\u00f4\u017eete pou\u017ei\u0165 bowlingov\u00fa bombu, aby ste odf\u00fakli svojich s\u00faperov!<\/li>\n<\/ul>\n<p><span class=\"bb_img_ctn\"><video class=\"bb_img\" autoplay muted loop playsinline poster=\"https:\/\/shared.akamai.steamstatic.com\/store_item_assets\/steam\/apps\/1517800\/extras\/c65f5595ec113f55105a2f4f08dcc478.poster.avif?t=1727132809\" width=600 height=336 ><source src=\"https:\/\/shared.akamai.steamstatic.com\/store_item_assets\/steam\/apps\/1517800\/extras\/c65f5595ec113f55105a2f4f08dcc478.webm?t=1727132809\" type=\"video\/webm; codecs=vp9\"><source src=\"https:\/\/shared.akamai.steamstatic.com\/store_item_assets\/steam\/apps\/1517800\/extras\/c65f5595ec113f55105a2f4f08dcc478.mp4?t=1727132809\" type=\"video\/mp4\"><\/video><\/span><\/p>\n<p>Nezabudnite zbiera\u0165 bedne s bonusmi a zbra\u0148ami, ke\u010f sa pohybujete v n\u00e1hodne generovan\u00fdch ar\u00e9nach v lok\u00e1lnych z\u00e1pasoch alebo online multiplayeri.<\/p>\n","protected":false},"excerpt":{"rendered":"<p>Anarkade je multiplayerov\u00e1 ar\u00e9nov\u00e1 strie\u013ea\u010dka s 2D platformovou mechanikou, ktor\u00e1 pon\u00faka viacero zbran\u00ed, n\u00e1hodne generovan\u00e9 ar\u00e9ny a vtipn\u00e9 krvav\u00e9 anim\u00e1cie.<\/p>\n","protected":false},"featured_media":78079,"comment_status":"open","ping_status":"closed","template":"","meta":{"_acf_changed":false},"product_brand":[],"product_cat":[274,278,290,268,266,312],"product_tag":[],"class_list":{"0":"post-100325","1":"product","2":"type-product","3":"status-publish","4":"has-post-thumbnail","6":"product_cat-arkady-pc-hry-sk","7":"product_cat-bojove-pc-hry-sk","8":"product_cat-indie-hry-pc-sk","9":"product_cat-pc-sk","10":"product_cat-pc-hry-sk","11":"product_cat-steam-pc-sk","12":"pa_audio-en-us","14":"pa_developer-pixelatom","15":"pa_game_type-main_game","17":"pa_genres-arcade","19":"pa_genres-fighting","20":"pa_genres-indie","21":"pa_genres-platform","22":"pa_genres-shooter","23":"pa_interface-de-de","24":"pa_interface-en-gb","25":"pa_interface-en-us","26":"pa_interface-es-es","27":"pa_interface-es-mx","28":"pa_interface-fr-fr","29":"pa_interface-pt-br","30":"pa_interface-pt-pt","32":"pa_interface-ru-ru","33":"pa_keywords-arena-shooter","34":"pa_keywords-colorful","35":"pa_keywords-dark-humor","36":"pa_keywords-pixel-graphics","37":"pa_keywords-pvp","39":"pa_modes-multiplayer","41":"pa_modes-single-player","42":"pa_pegi-13432","43":"pa_pegi-956","44":"pa_platform-pc-steam","46":"pa_player_perspectives-side-view","48":"pa_publisher-blowfish-studios","50":"pa_rating-14441","51":"pa_rating-773","52":"pa_region-europe","54":"pa_subtitles-de-de","56":"pa_subtitles-en-gb","57":"pa_subtitles-es-es","58":"pa_subtitles-es-mx","59":"pa_subtitles-fr-fr","60":"pa_subtitles-ru-ru","61":"pa_themes-action","64":"first","65":"instock","66":"virtual","67":"taxable","68":"purchasable","69":"product-type-simple"},"yoast_head":"<!-- This site is optimized with the Yoast SEO plugin v27.3 - https:\/\/yoast.com\/product\/yoast-seo-wordpress\/ -->\n<title>Anarkade | BeGamer.cz<\/title>\n<meta name=\"robots\" content=\"index, follow, max-snippet:-1, max-image-preview:large, max-video-preview:-1\" \/>\n<link rel=\"canonical\" href=\"https:\/\/begamer.cz\/sk\/produkt\/anarkade-sk\/\" \/>\n<meta property=\"og:locale\" content=\"sk_SK\" \/>\n<meta property=\"og:type\" content=\"article\" \/>\n<meta property=\"og:title\" content=\"Anarkade | BeGamer.cz\" \/>\n<meta property=\"og:description\" content=\"Anarkade je multiplayerov\u00e1 ar\u00e9nov\u00e1 strie\u013ea\u010dka s 2D platformovou mechanikou, ktor\u00e1 pon\u00faka viacero zbran\u00ed, n\u00e1hodne generovan\u00e9 ar\u00e9ny a vtipn\u00e9 krvav\u00e9 anim\u00e1cie.\" \/>\n<meta property=\"og:url\" content=\"https:\/\/begamer.cz\/sk\/produkt\/anarkade-sk\/\" \/>\n<meta property=\"og:site_name\" content=\"BeGamer.cz\" \/>\n<meta property=\"article:modified_time\" content=\"2026-03-10T22:50:45+00:00\" \/>\n<meta property=\"og:image\" content=\"https:\/\/begamer.cz\/wp-content\/uploads\/2026\/01\/anarkade-5.webp\" \/>\n\t<meta property=\"og:image:width\" content=\"300\" \/>\n\t<meta property=\"og:image:height\" content=\"400\" \/>\n\t<meta property=\"og:image:type\" content=\"image\/webp\" \/>\n<meta name=\"twitter:card\" content=\"summary_large_image\" \/>\n<meta name=\"twitter:label1\" content=\"Predpokladan\u00fd \u010das \u010d\u00edtania\" \/>\n\t<meta name=\"twitter:data1\" content=\"1 min\u00fata\" \/>\n<script type=\"application\/ld+json\" class=\"yoast-schema-graph\">{\"@context\":\"https:\\\/\\\/schema.org\",\"@graph\":[{\"@type\":\"WebPage\",\"@id\":\"https:\\\/\\\/begamer.cz\\\/sk\\\/produkt\\\/anarkade-sk\\\/\",\"url\":\"https:\\\/\\\/begamer.cz\\\/sk\\\/produkt\\\/anarkade-sk\\\/\",\"name\":\"Anarkade | BeGamer.cz\",\"isPartOf\":{\"@id\":\"https:\\\/\\\/begamer.cz\\\/sk\\\/#website\"},\"primaryImageOfPage\":{\"@id\":\"https:\\\/\\\/begamer.cz\\\/sk\\\/produkt\\\/anarkade-sk\\\/#primaryimage\"},\"image\":{\"@id\":\"https:\\\/\\\/begamer.cz\\\/sk\\\/produkt\\\/anarkade-sk\\\/#primaryimage\"},\"thumbnailUrl\":\"https:\\\/\\\/begamer.cz\\\/wp-content\\\/uploads\\\/2026\\\/01\\\/anarkade-5.webp\",\"datePublished\":\"2026-01-30T17:06:01+00:00\",\"dateModified\":\"2026-03-10T22:50:45+00:00\",\"breadcrumb\":{\"@id\":\"https:\\\/\\\/begamer.cz\\\/sk\\\/produkt\\\/anarkade-sk\\\/#breadcrumb\"},\"inLanguage\":\"sk-SK\",\"potentialAction\":[{\"@type\":\"ReadAction\",\"target\":[\"https:\\\/\\\/begamer.cz\\\/sk\\\/produkt\\\/anarkade-sk\\\/\"]}]},{\"@type\":\"ImageObject\",\"inLanguage\":\"sk-SK\",\"@id\":\"https:\\\/\\\/begamer.cz\\\/sk\\\/produkt\\\/anarkade-sk\\\/#primaryimage\",\"url\":\"https:\\\/\\\/begamer.cz\\\/wp-content\\\/uploads\\\/2026\\\/01\\\/anarkade-5.webp\",\"contentUrl\":\"https:\\\/\\\/begamer.cz\\\/wp-content\\\/uploads\\\/2026\\\/01\\\/anarkade-5.webp\",\"width\":300,\"height\":400},{\"@type\":\"BreadcrumbList\",\"@id\":\"https:\\\/\\\/begamer.cz\\\/sk\\\/produkt\\\/anarkade-sk\\\/#breadcrumb\",\"itemListElement\":[{\"@type\":\"ListItem\",\"position\":1,\"name\":\"Domov\",\"item\":\"https:\\\/\\\/begamer.cz\\\/sk\\\/\"},{\"@type\":\"ListItem\",\"position\":2,\"name\":\"Obchod\",\"item\":\"https:\\\/\\\/begamer.cz\\\/obchod\\\/\"},{\"@type\":\"ListItem\",\"position\":3,\"name\":\"Anarkade\"}]},{\"@type\":\"WebSite\",\"@id\":\"https:\\\/\\\/begamer.cz\\\/sk\\\/#website\",\"url\":\"https:\\\/\\\/begamer.cz\\\/sk\\\/\",\"name\":\"BeGamer.cz\",\"description\":\"\",\"publisher\":{\"@id\":\"https:\\\/\\\/begamer.cz\\\/sk\\\/#organization\"},\"potentialAction\":[{\"@type\":\"SearchAction\",\"target\":{\"@type\":\"EntryPoint\",\"urlTemplate\":\"https:\\\/\\\/begamer.cz\\\/sk\\\/?s={search_term_string}\"},\"query-input\":{\"@type\":\"PropertyValueSpecification\",\"valueRequired\":true,\"valueName\":\"search_term_string\"}}],\"inLanguage\":\"sk-SK\"},{\"@type\":\"Organization\",\"@id\":\"https:\\\/\\\/begamer.cz\\\/sk\\\/#organization\",\"name\":\"BeGamer.cz\",\"url\":\"https:\\\/\\\/begamer.cz\\\/sk\\\/\",\"logo\":{\"@type\":\"ImageObject\",\"inLanguage\":\"sk-SK\",\"@id\":\"https:\\\/\\\/begamer.cz\\\/sk\\\/#\\\/schema\\\/logo\\\/image\\\/\",\"url\":\"https:\\\/\\\/begamer.cz\\\/wp-content\\\/uploads\\\/2025\\\/07\\\/logo.svg\",\"contentUrl\":\"https:\\\/\\\/begamer.cz\\\/wp-content\\\/uploads\\\/2025\\\/07\\\/logo.svg\",\"caption\":\"BeGamer.cz\"},\"image\":{\"@id\":\"https:\\\/\\\/begamer.cz\\\/sk\\\/#\\\/schema\\\/logo\\\/image\\\/\"}}]}<\/script>\n<!-- \/ Yoast SEO plugin. -->","yoast_head_json":{"title":"Anarkade | BeGamer.cz","robots":{"index":"index","follow":"follow","max-snippet":"max-snippet:-1","max-image-preview":"max-image-preview:large","max-video-preview":"max-video-preview:-1"},"canonical":"https:\/\/begamer.cz\/sk\/produkt\/anarkade-sk\/","og_locale":"sk_SK","og_type":"article","og_title":"Anarkade | BeGamer.cz","og_description":"Anarkade je multiplayerov\u00e1 ar\u00e9nov\u00e1 strie\u013ea\u010dka s 2D platformovou mechanikou, ktor\u00e1 pon\u00faka viacero zbran\u00ed, n\u00e1hodne generovan\u00e9 ar\u00e9ny a vtipn\u00e9 krvav\u00e9 anim\u00e1cie.","og_url":"https:\/\/begamer.cz\/sk\/produkt\/anarkade-sk\/","og_site_name":"BeGamer.cz","article_modified_time":"2026-03-10T22:50:45+00:00","og_image":[{"width":300,"height":400,"url":"https:\/\/begamer.cz\/wp-content\/uploads\/2026\/01\/anarkade-5.webp","type":"image\/webp"}],"twitter_card":"summary_large_image","twitter_misc":{"Predpokladan\u00fd \u010das \u010d\u00edtania":"1 min\u00fata"},"schema":{"@context":"https:\/\/schema.org","@graph":[{"@type":"WebPage","@id":"https:\/\/begamer.cz\/sk\/produkt\/anarkade-sk\/","url":"https:\/\/begamer.cz\/sk\/produkt\/anarkade-sk\/","name":"Anarkade | BeGamer.cz","isPartOf":{"@id":"https:\/\/begamer.cz\/sk\/#website"},"primaryImageOfPage":{"@id":"https:\/\/begamer.cz\/sk\/produkt\/anarkade-sk\/#primaryimage"},"image":{"@id":"https:\/\/begamer.cz\/sk\/produkt\/anarkade-sk\/#primaryimage"},"thumbnailUrl":"https:\/\/begamer.cz\/wp-content\/uploads\/2026\/01\/anarkade-5.webp","datePublished":"2026-01-30T17:06:01+00:00","dateModified":"2026-03-10T22:50:45+00:00","breadcrumb":{"@id":"https:\/\/begamer.cz\/sk\/produkt\/anarkade-sk\/#breadcrumb"},"inLanguage":"sk-SK","potentialAction":[{"@type":"ReadAction","target":["https:\/\/begamer.cz\/sk\/produkt\/anarkade-sk\/"]}]},{"@type":"ImageObject","inLanguage":"sk-SK","@id":"https:\/\/begamer.cz\/sk\/produkt\/anarkade-sk\/#primaryimage","url":"https:\/\/begamer.cz\/wp-content\/uploads\/2026\/01\/anarkade-5.webp","contentUrl":"https:\/\/begamer.cz\/wp-content\/uploads\/2026\/01\/anarkade-5.webp","width":300,"height":400},{"@type":"BreadcrumbList","@id":"https:\/\/begamer.cz\/sk\/produkt\/anarkade-sk\/#breadcrumb","itemListElement":[{"@type":"ListItem","position":1,"name":"Domov","item":"https:\/\/begamer.cz\/sk\/"},{"@type":"ListItem","position":2,"name":"Obchod","item":"https:\/\/begamer.cz\/obchod\/"},{"@type":"ListItem","position":3,"name":"Anarkade"}]},{"@type":"WebSite","@id":"https:\/\/begamer.cz\/sk\/#website","url":"https:\/\/begamer.cz\/sk\/","name":"BeGamer.cz","description":"","publisher":{"@id":"https:\/\/begamer.cz\/sk\/#organization"},"potentialAction":[{"@type":"SearchAction","target":{"@type":"EntryPoint","urlTemplate":"https:\/\/begamer.cz\/sk\/?s={search_term_string}"},"query-input":{"@type":"PropertyValueSpecification","valueRequired":true,"valueName":"search_term_string"}}],"inLanguage":"sk-SK"},{"@type":"Organization","@id":"https:\/\/begamer.cz\/sk\/#organization","name":"BeGamer.cz","url":"https:\/\/begamer.cz\/sk\/","logo":{"@type":"ImageObject","inLanguage":"sk-SK","@id":"https:\/\/begamer.cz\/sk\/#\/schema\/logo\/image\/","url":"https:\/\/begamer.cz\/wp-content\/uploads\/2025\/07\/logo.svg","contentUrl":"https:\/\/begamer.cz\/wp-content\/uploads\/2025\/07\/logo.svg","caption":"BeGamer.cz"},"image":{"@id":"https:\/\/begamer.cz\/sk\/#\/schema\/logo\/image\/"}}]}},"acf":[],"_links":{"self":[{"href":"https:\/\/begamer.cz\/sk\/wp-json\/wp\/v2\/product\/100325","targetHints":{"allow":["GET"]}}],"collection":[{"href":"https:\/\/begamer.cz\/sk\/wp-json\/wp\/v2\/product"}],"about":[{"href":"https:\/\/begamer.cz\/sk\/wp-json\/wp\/v2\/types\/product"}],"replies":[{"embeddable":true,"href":"https:\/\/begamer.cz\/sk\/wp-json\/wp\/v2\/comments?post=100325"}],"wp:featuredmedia":[{"embeddable":true,"href":"https:\/\/begamer.cz\/sk\/wp-json\/wp\/v2\/media\/78079"}],"wp:attachment":[{"href":"https:\/\/begamer.cz\/sk\/wp-json\/wp\/v2\/media?parent=100325"}],"wp:term":[{"taxonomy":"product_brand","embeddable":true,"href":"https:\/\/begamer.cz\/sk\/wp-json\/wp\/v2\/product_brand?post=100325"},{"taxonomy":"product_cat","embeddable":true,"href":"https:\/\/begamer.cz\/sk\/wp-json\/wp\/v2\/product_cat?post=100325"},{"taxonomy":"product_tag","embeddable":true,"href":"https:\/\/begamer.cz\/sk\/wp-json\/wp\/v2\/product_tag?post=100325"}],"curies":[{"name":"wp","href":"https:\/\/api.w.org\/{rel}","templated":true}]}}