{"id":100262,"date":"2026-01-30T18:04:59","date_gmt":"2026-01-30T17:04:59","guid":{"rendered":"https:\/\/begamer.cz\/produkt\/flatout-4-total-insanity-sk\/"},"modified":"2026-03-10T23:46:48","modified_gmt":"2026-03-10T22:46:48","slug":"flatout-4-total-insanity-sk","status":"publish","type":"product","link":"https:\/\/begamer.cz\/sk\/produkt\/flatout-4-total-insanity-sk\/","title":{"rendered":"FlatOut 4: Total Insanity"},"content":{"rendered":"<p>FlatOut je sp\u00e4\u0165!<\/p>\n<p>FlatOut 4: Total Insanity\u2122, kde bezoh\u013eadn\u00e1 jazda nikdy nebola tak\u00e1 z\u00e1bavn\u00e1.<br \/>\n<br \/>FlatOut 4: Total Insanity\u2122 sp\u00e1ja v\u0161etko, \u010do v\u0161etci milovali na FlatOut, do jednej ponuky. Hr\u00e1\u010di sa tie\u017e zozn\u00e1mia so v\u0161etk\u00fdmi nov\u00fdmi a vzru\u0161uj\u00facimi funkciami, hern\u00fdmi re\u017eimami a vozidlami, ktor\u00e9 sa \u010doskoro stan\u00fa ich osobn\u00fdmi ob\u013e\u00faben\u00fdmi. \u010eal\u0161ia \u010das\u0165 nitro poh\u00e1\u0148an\u00fdch demol\u00edci\u00ed a derby pretekov s r\u00f4znymi tra\u0165ami, re\u017eimami, ar\u00e9nami a mo\u017enos\u0165ami pre viacer\u00fdch hr\u00e1\u010dov je k dispoz\u00edcii. Vitajte sp\u00e4\u0165 vo FlatOut!<\/p>\n<p>Exkluz\u00edvne pre STEAM verziu FlatOut 4: Total<br \/>Insanity\u2122<br \/>\n\u2022    Re\u017eim Big Picture<br \/>\n\u2022    <br \/>\u00daspechy Steam<br \/>\n\u2022    \u010ciasto\u010dn\u00e1 podpora ovl\u00e1da\u010da<br \/>Steam<br \/>\n\u2022    Tabu\u013eky najlep\u0161\u00edch<br \/>hr\u00e1\u010dov Steam<br \/>\n\u2022    Steam Cloud<br \/>\n\u2022    Steam Trading Cards<br \/>\n\u2022    Exkluz\u00edvna ar\u00e9na: Ice Lake Arena<br \/>\n\u2022    2 exkluz\u00edvni jazdci: Gadget Stewart a Dave Worker<br \/>\n\u2022    2 exkluz\u00edvne vozidl\u00e1: \u013eadoborec a oprav\u00e1rensk\u00e9 vozidlo<br \/>\n\u2022    Steam Workshop bude k dispoz\u00edcii 30 dn\u00ed po uveden\u00ed na<\/p>\n<p>trh<\/p>\n<p>FlatOut 4: Total Insanity\u2122 \u2013 vlastnosti<br \/>\n<br \/>\u2022    Vysokor\u00fdchlostn\u00e9 preteky a kol\u00edzie na r\u00f4znych tratiach a v r\u00f4znych prostrediach<br \/>\n\u2022    Prisp\u00f4sobite\u013en\u00e9 aut\u00e1: Hr\u00e1\u010di odomkn\u00fa 27 \u00e1ut, ktor\u00e9 si m\u00f4\u017eu prisp\u00f4sobi\u0165 a preteka\u0165 s nimi, vr\u00e1tane pocty ob\u013e\u00faben\u00fdm fan\u00fa\u0161ikom a nov\u00fdch pr\u00edrastkov do gar\u00e1\u017ee<br \/>\n<br \/>\u2022    Podpora<br \/>gamepadu<br \/>\n\u2022    Dynamick\u00e9 trate: FlatOut 4: Total Insanity\u2122 pon\u00faka 20 trat\u00ed, vr\u00e1tane tradi\u010dn\u00fdch derby pretekov, \u010dasoviek, ar\u00e9n, \u00fato\u010dn\u00fdch \u00farovn\u00ed, masakrov a ove\u013ea viac<br \/>\n<br \/>\u2022\tZni\u010dite\u013en\u00e9 prostredia: Chaos a de\u0161trukcia sa vracaj\u00fa do sveta pretekov s vysokor\u00fdchlostn\u00fdmi zr\u00e1\u017ekami a divok\u00fdmi zni\u010dite\u013en\u00fdmi<br \/>prostrediami<br \/>\n\u2022    Legend\u00e1rny re\u017eim kaskad\u00e9rskych k\u00faskov:  Celkovo pon\u00faka 12 kaskad\u00e9rskych k\u00faskov. \u0160es\u0165 nov\u00fdch kaskad\u00e9rskych k\u00faskov a \u0161es\u0165 prepracovan\u00fdch klasick\u00fdch kaskad\u00e9rskych minihier \u010dak\u00e1 na fan\u00fa\u0161ikov, ktor\u00ed h\u013eadaj\u00fa epick\u00e9 zr\u00e1\u017eky a smrte\u013en\u00e9 man\u00e9vre<br \/>\n<br \/>\u2022    Re\u017eim ar\u00e9ny: Tri hern\u00e9 \u0161t\u00fdly vr\u00e1tane Death Match, Capture the Flag a Survivor<br \/>\n\u2022    Nov\u00fd re\u017eim Assault: Arzen\u00e1l smrtiacich zbran\u00ed, ktor\u00e9 m\u00e1te k dispoz\u00edcii na spomalenie alebo zni\u010denie s\u00faperov.<br \/>\n<br \/>\u2022    Single Player: Pretekajte, ni\u010dte a u\u017eite si re\u017eim Stuntman offline, ne\u017e predvediete svoje zru\u010dnosti v multiplayerovom re\u017eime<br \/>.<br \/>\n\u2022    Multiplayer Mayhem: S\u00fa\u0165a\u017en\u00e9 online re\u017eimy umo\u017e\u0148uj\u00fa a\u017e \u00f4smim hr\u00e1\u010dom ovl\u00e1da\u0165 ar\u00e9ny de\u0161trukcie, pretek\u00e1rske dr\u00e1hy a nastavova\u0165 pasce<br \/>.<br \/>\n\u2022\tRe\u017eim Hot Seat: Striedajte sa s rodinou a priate\u013emi v s\u00fa\u0165a\u017ei Stunts.<br \/>\n<br \/>\u2022    \u00dadern\u00fd indie soundtrack:  FlatOut pon\u00faka viac ako 35 \u00fa\u017easn\u00fdch indie skladieb z cel\u00e9ho<\/p>\n<p>sveta.<\/p>\n<p>\u2022    Vodi\u010di a vodi\u010dky:  12 vodi\u010dov: 6 mu\u017eov a 6 \u017eien:<br \/>\n\u2022    <br \/>Klasick\u00fd<br \/>\n\u2022    Vojensk\u00fd<br \/>\n<br \/>\u2022<br \/>    V\u00e4ze\u0148<br \/>\n\u2022    <br \/>Punk<br \/>\n\u2022    <br \/>Klaun<br \/>\n\u2022    <br \/>Hippie<br \/>\n\u2022    + 2 exkluz\u00edvni: Gadget Stewart a Dave Worker<br \/>\n\u2022    Vyu\u017e\u00edvaj\u00fa v\u00fdkon zariaden\u00ed novej gener\u00e1cie s high-end 3D renderovan\u00edm<br \/>\n<br \/>\u2022    Sofistikovan\u00fd fyzik\u00e1lny engine zalo\u017een\u00fd na Nvidia PhysX a KT Engine<\/p>\n","protected":false},"excerpt":{"rendered":"<p>FlatOut 4: Total Insanity\u2122, kde bezoh\u013eadn\u00e1 jazda nikdy nebola tak\u00e1 z\u00e1bavn\u00e1. FlatOut 4: Total Insanity\u2122 sp\u00e1ja v\u0161etko, \u010do \u013eudia na FlatOut milovali, do jednej hry. Hr\u00e1\u010di sa tie\u017e zozn\u00e1mia so v\u0161etk\u00fdmi nov\u00fdmi a vzru\u0161uj\u00facimi funkciami, hern\u00fdmi re\u017eimami a vozidlami, ktor\u00e9 sa \u010doskoro stan\u00fa ich ob\u013e\u00faben\u00fdmi.<\/p>\n","protected":false},"featured_media":33708,"comment_status":"open","ping_status":"closed","template":"","meta":{"_acf_changed":false},"product_brand":[],"product_cat":[268,266,312,324],"product_tag":[],"class_list":{"0":"post-100262","1":"product","2":"type-product","3":"status-publish","4":"has-post-thumbnail","6":"product_cat-pc-sk","7":"product_cat-pc-hry-sk","8":"product_cat-steam-pc-sk","9":"product_cat-zavodne-pc-hry","10":"pa_countries-ad","11":"pa_countries-ae","12":"pa_countries-af","13":"pa_countries-ag","14":"pa_countries-ai","15":"pa_countries-al","16":"pa_countries-am","17":"pa_countries-ao","18":"pa_countries-aq","19":"pa_countries-ar","20":"pa_countries-as","21":"pa_countries-at","22":"pa_countries-au","23":"pa_countries-aw","24":"pa_countries-ax","25":"pa_countries-az","26":"pa_countries-ba","27":"pa_countries-bb","28":"pa_countries-bd","29":"pa_countries-be","30":"pa_countries-bf","31":"pa_countries-bg","32":"pa_countries-bh","33":"pa_countries-bi","34":"pa_countries-bj","35":"pa_countries-bl","36":"pa_countries-bm","37":"pa_countries-bn","38":"pa_countries-bo","39":"pa_countries-bq","40":"pa_countries-br","41":"pa_countries-bs","42":"pa_countries-bt","43":"pa_countries-bv","44":"pa_countries-bw","45":"pa_countries-bz","46":"pa_countries-ca","47":"pa_countries-cc","48":"pa_countries-cd","49":"pa_countries-cf","50":"pa_countries-cg","51":"pa_countries-ch","52":"pa_countries-ci","53":"pa_countries-ck","54":"pa_countries-cl","55":"pa_countries-cm","56":"pa_countries-cn","57":"pa_countries-co","58":"pa_countries-cr","59":"pa_countries-cu","60":"pa_countries-cv","61":"pa_countries-cw","62":"pa_countries-cx","63":"pa_countries-cy","64":"pa_countries-cz","65":"pa_countries-de","66":"pa_countries-dj","67":"pa_countries-dk","68":"pa_countries-dm","69":"pa_countries-do","70":"pa_countries-dz","71":"pa_countries-ec","72":"pa_countries-ee","73":"pa_countries-eg","74":"pa_countries-eh","75":"pa_countries-er","76":"pa_countries-es","77":"pa_countries-et","78":"pa_countries-fi","79":"pa_countries-fj","80":"pa_countries-fk","81":"pa_countries-fm","82":"pa_countries-fo","83":"pa_countries-fr","84":"pa_countries-ga","85":"pa_countries-gb","86":"pa_countries-gd","87":"pa_countries-ge","88":"pa_countries-gf","89":"pa_countries-gg","90":"pa_countries-gh","91":"pa_countries-gi","92":"pa_countries-gl","93":"pa_countries-gm","94":"pa_countries-gn","95":"pa_countries-gp","96":"pa_countries-gq","97":"pa_countries-gr","98":"pa_countries-gs","99":"pa_countries-gt","100":"pa_countries-gu","101":"pa_countries-gw","102":"pa_countries-gy","103":"pa_countries-hk","104":"pa_countries-hm","105":"pa_countries-hn","106":"pa_countries-hr","107":"pa_countries-ht","108":"pa_countries-hu","109":"pa_countries-id","110":"pa_countries-ie","111":"pa_countries-il","112":"pa_countries-im","113":"pa_countries-in","114":"pa_countries-io","115":"pa_countries-iq","116":"pa_countries-ir","117":"pa_countries-is","118":"pa_countries-it","119":"pa_countries-je","120":"pa_countries-jm","121":"pa_countries-jo","122":"pa_countries-jp","123":"pa_countries-ke","124":"pa_countries-kg","125":"pa_countries-kh","126":"pa_countries-ki","127":"pa_countries-km","128":"pa_countries-kn","129":"pa_countries-kp","130":"pa_countries-kr","131":"pa_countries-kw","132":"pa_countries-ky","133":"pa_countries-kz","134":"pa_countries-la","135":"pa_countries-lb","136":"pa_countries-lc","137":"pa_countries-li","138":"pa_countries-lk","139":"pa_countries-lr","140":"pa_countries-ls","141":"pa_countries-lt","142":"pa_countries-lu","143":"pa_countries-lv","144":"pa_countries-ly","145":"pa_countries-ma","146":"pa_countries-mc","147":"pa_countries-md","148":"pa_countries-me","149":"pa_countries-mf","150":"pa_countries-mg","151":"pa_countries-mh","152":"pa_countries-mk","153":"pa_countries-ml","154":"pa_countries-mm","155":"pa_countries-mn","156":"pa_countries-mo","157":"pa_countries-mp","158":"pa_countries-mq","159":"pa_countries-mr","160":"pa_countries-ms","161":"pa_countries-mt","162":"pa_countries-mu","163":"pa_countries-mv","164":"pa_countries-mw","165":"pa_countries-mx","166":"pa_countries-my","167":"pa_countries-mz","168":"pa_countries-na","169":"pa_countries-nc","170":"pa_countries-ne","171":"pa_countries-nf","172":"pa_countries-ng","173":"pa_countries-ni","174":"pa_countries-nl","175":"pa_countries-no","176":"pa_countries-np","177":"pa_countries-nr","178":"pa_countries-nu","179":"pa_countries-nz","180":"pa_countries-om","181":"pa_countries-pa","182":"pa_countries-pe","183":"pa_countries-pf","184":"pa_countries-pg","185":"pa_countries-ph","186":"pa_countries-pk","187":"pa_countries-pl","188":"pa_countries-pm","189":"pa_countries-pn","190":"pa_countries-pr","191":"pa_countries-ps","192":"pa_countries-pt","193":"pa_countries-pw","194":"pa_countries-py","195":"pa_countries-qa","196":"pa_countries-re","197":"pa_countries-ro","198":"pa_countries-rs","199":"pa_countries-rw","200":"pa_countries-sa","201":"pa_countries-sb","202":"pa_countries-sc","203":"pa_countries-sd","204":"pa_countries-se","205":"pa_countries-sg","206":"pa_countries-sh","207":"pa_countries-si","208":"pa_countries-sj","209":"pa_countries-sk","210":"pa_countries-sl","211":"pa_countries-sm","212":"pa_countries-sn","213":"pa_countries-so","214":"pa_countries-sr","215":"pa_countries-ss","217":"pa_countries-st","218":"pa_countries-sv","219":"pa_countries-sx","220":"pa_countries-sy","221":"pa_countries-sz","222":"pa_countries-tc","223":"pa_countries-td","224":"pa_countries-tf","225":"pa_countries-tg","226":"pa_countries-th","227":"pa_countries-tj","228":"pa_countries-tk","229":"pa_countries-tl","230":"pa_countries-tm","231":"pa_countries-tn","232":"pa_countries-to","233":"pa_countries-tr","234":"pa_countries-tt","235":"pa_countries-tv","236":"pa_countries-tw","237":"pa_countries-tz","238":"pa_countries-ua","239":"pa_countries-ug","240":"pa_countries-um","241":"pa_countries-us","242":"pa_countries-uy","243":"pa_countries-uz","244":"pa_countries-va","245":"pa_countries-vc","246":"pa_countries-ve","247":"pa_countries-vg","248":"pa_countries-vi","249":"pa_countries-vn","250":"pa_countries-vu","251":"pa_countries-wf","252":"pa_countries-ws","253":"pa_countries-xk","254":"pa_countries-ye","255":"pa_countries-yt","256":"pa_countries-za","257":"pa_countries-zm","258":"pa_countries-zw","259":"pa_developer-kylotonn-games","260":"pa_developer-tiny-rebel-games","262":"pa_engine-nvidia-physx","264":"pa_game_type-main_game","266":"pa_genres-racing","268":"pa_interface-de-de","269":"pa_interface-en-us","270":"pa_interface-es-es","271":"pa_interface-fr-fr","272":"pa_interface-it-it","273":"pa_interface-pl-pl","274":"pa_interface-pt-br","275":"pa_interface-ru-ru","277":"pa_keywords-achievements","278":"pa_keywords-digital-distribution","279":"pa_keywords-motorsports","281":"pa_keywords-online","282":"pa_keywords-playstation-trophies","283":"pa_keywords-steam","284":"pa_keywords-steam-achievements","285":"pa_keywords-steam-leaderboards","286":"pa_keywords-steam-trading-cards","287":"pa_modes-multiplayer","288":"pa_modes-single-player","289":"pa_modes-split-screen","291":"pa_pegi-13428","292":"pa_pegi-927","293":"pa_platform-pc-steam","295":"pa_player_perspectives-bird-view-isometric","297":"pa_player_perspectives-first-person","298":"pa_player_perspectives-third-person","299":"pa_publisher-bigben-interactive","300":"pa_publisher-strategy-first","302":"pa_rating-14629","303":"pa_rating-3557","304":"pa_region-global","306":"pa_themes-action","309":"first","310":"instock","311":"virtual","312":"taxable","313":"purchasable","314":"product-type-simple"},"yoast_head":"<!-- This site is optimized with the Yoast SEO plugin v27.3 - https:\/\/yoast.com\/product\/yoast-seo-wordpress\/ -->\n<title>FlatOut 4: Total Insanity | BeGamer.cz<\/title>\n<meta name=\"robots\" content=\"index, follow, max-snippet:-1, max-image-preview:large, max-video-preview:-1\" \/>\n<link rel=\"canonical\" href=\"https:\/\/begamer.cz\/sk\/produkt\/flatout-4-total-insanity-sk\/\" \/>\n<meta property=\"og:locale\" content=\"sk_SK\" \/>\n<meta property=\"og:type\" content=\"article\" \/>\n<meta property=\"og:title\" content=\"FlatOut 4: Total Insanity | BeGamer.cz\" \/>\n<meta property=\"og:description\" content=\"FlatOut 4: Total Insanity\u2122, kde bezoh\u013eadn\u00e1 jazda nikdy nebola tak\u00e1 z\u00e1bavn\u00e1. FlatOut 4: Total Insanity\u2122 sp\u00e1ja v\u0161etko, \u010do \u013eudia na FlatOut milovali, do jednej hry. Hr\u00e1\u010di sa tie\u017e zozn\u00e1mia so v\u0161etk\u00fdmi nov\u00fdmi a vzru\u0161uj\u00facimi funkciami, hern\u00fdmi re\u017eimami a vozidlami, ktor\u00e9 sa \u010doskoro stan\u00fa ich ob\u013e\u00faben\u00fdmi.\" \/>\n<meta property=\"og:url\" content=\"https:\/\/begamer.cz\/sk\/produkt\/flatout-4-total-insanity-sk\/\" \/>\n<meta property=\"og:site_name\" content=\"BeGamer.cz\" \/>\n<meta property=\"article:modified_time\" content=\"2026-03-10T22:46:48+00:00\" \/>\n<meta property=\"og:image\" content=\"https:\/\/begamer.cz\/wp-content\/uploads\/2026\/01\/flatout-4-total-insanity-5.webp\" \/>\n\t<meta property=\"og:image:width\" content=\"300\" \/>\n\t<meta property=\"og:image:height\" content=\"400\" \/>\n\t<meta property=\"og:image:type\" content=\"image\/webp\" \/>\n<meta name=\"twitter:card\" content=\"summary_large_image\" \/>\n<meta name=\"twitter:label1\" content=\"Predpokladan\u00fd \u010das \u010d\u00edtania\" \/>\n\t<meta name=\"twitter:data1\" content=\"2 min\u00faty\" \/>\n<script type=\"application\/ld+json\" class=\"yoast-schema-graph\">{\"@context\":\"https:\\\/\\\/schema.org\",\"@graph\":[{\"@type\":\"WebPage\",\"@id\":\"https:\\\/\\\/begamer.cz\\\/sk\\\/produkt\\\/flatout-4-total-insanity-sk\\\/\",\"url\":\"https:\\\/\\\/begamer.cz\\\/sk\\\/produkt\\\/flatout-4-total-insanity-sk\\\/\",\"name\":\"FlatOut 4: Total Insanity | BeGamer.cz\",\"isPartOf\":{\"@id\":\"https:\\\/\\\/begamer.cz\\\/sk\\\/#website\"},\"primaryImageOfPage\":{\"@id\":\"https:\\\/\\\/begamer.cz\\\/sk\\\/produkt\\\/flatout-4-total-insanity-sk\\\/#primaryimage\"},\"image\":{\"@id\":\"https:\\\/\\\/begamer.cz\\\/sk\\\/produkt\\\/flatout-4-total-insanity-sk\\\/#primaryimage\"},\"thumbnailUrl\":\"https:\\\/\\\/begamer.cz\\\/wp-content\\\/uploads\\\/2026\\\/01\\\/flatout-4-total-insanity-5.webp\",\"datePublished\":\"2026-01-30T17:04:59+00:00\",\"dateModified\":\"2026-03-10T22:46:48+00:00\",\"breadcrumb\":{\"@id\":\"https:\\\/\\\/begamer.cz\\\/sk\\\/produkt\\\/flatout-4-total-insanity-sk\\\/#breadcrumb\"},\"inLanguage\":\"sk-SK\",\"potentialAction\":[{\"@type\":\"ReadAction\",\"target\":[\"https:\\\/\\\/begamer.cz\\\/sk\\\/produkt\\\/flatout-4-total-insanity-sk\\\/\"]}]},{\"@type\":\"ImageObject\",\"inLanguage\":\"sk-SK\",\"@id\":\"https:\\\/\\\/begamer.cz\\\/sk\\\/produkt\\\/flatout-4-total-insanity-sk\\\/#primaryimage\",\"url\":\"https:\\\/\\\/begamer.cz\\\/wp-content\\\/uploads\\\/2026\\\/01\\\/flatout-4-total-insanity-5.webp\",\"contentUrl\":\"https:\\\/\\\/begamer.cz\\\/wp-content\\\/uploads\\\/2026\\\/01\\\/flatout-4-total-insanity-5.webp\",\"width\":300,\"height\":400},{\"@type\":\"BreadcrumbList\",\"@id\":\"https:\\\/\\\/begamer.cz\\\/sk\\\/produkt\\\/flatout-4-total-insanity-sk\\\/#breadcrumb\",\"itemListElement\":[{\"@type\":\"ListItem\",\"position\":1,\"name\":\"Domov\",\"item\":\"https:\\\/\\\/begamer.cz\\\/sk\\\/\"},{\"@type\":\"ListItem\",\"position\":2,\"name\":\"Obchod\",\"item\":\"https:\\\/\\\/begamer.cz\\\/obchod\\\/\"},{\"@type\":\"ListItem\",\"position\":3,\"name\":\"FlatOut 4: Total Insanity\"}]},{\"@type\":\"WebSite\",\"@id\":\"https:\\\/\\\/begamer.cz\\\/sk\\\/#website\",\"url\":\"https:\\\/\\\/begamer.cz\\\/sk\\\/\",\"name\":\"BeGamer.cz\",\"description\":\"\",\"publisher\":{\"@id\":\"https:\\\/\\\/begamer.cz\\\/sk\\\/#organization\"},\"potentialAction\":[{\"@type\":\"SearchAction\",\"target\":{\"@type\":\"EntryPoint\",\"urlTemplate\":\"https:\\\/\\\/begamer.cz\\\/sk\\\/?s={search_term_string}\"},\"query-input\":{\"@type\":\"PropertyValueSpecification\",\"valueRequired\":true,\"valueName\":\"search_term_string\"}}],\"inLanguage\":\"sk-SK\"},{\"@type\":\"Organization\",\"@id\":\"https:\\\/\\\/begamer.cz\\\/sk\\\/#organization\",\"name\":\"BeGamer.cz\",\"url\":\"https:\\\/\\\/begamer.cz\\\/sk\\\/\",\"logo\":{\"@type\":\"ImageObject\",\"inLanguage\":\"sk-SK\",\"@id\":\"https:\\\/\\\/begamer.cz\\\/sk\\\/#\\\/schema\\\/logo\\\/image\\\/\",\"url\":\"https:\\\/\\\/begamer.cz\\\/wp-content\\\/uploads\\\/2025\\\/07\\\/logo.svg\",\"contentUrl\":\"https:\\\/\\\/begamer.cz\\\/wp-content\\\/uploads\\\/2025\\\/07\\\/logo.svg\",\"caption\":\"BeGamer.cz\"},\"image\":{\"@id\":\"https:\\\/\\\/begamer.cz\\\/sk\\\/#\\\/schema\\\/logo\\\/image\\\/\"}}]}<\/script>\n<!-- \/ Yoast SEO plugin. -->","yoast_head_json":{"title":"FlatOut 4: Total Insanity | BeGamer.cz","robots":{"index":"index","follow":"follow","max-snippet":"max-snippet:-1","max-image-preview":"max-image-preview:large","max-video-preview":"max-video-preview:-1"},"canonical":"https:\/\/begamer.cz\/sk\/produkt\/flatout-4-total-insanity-sk\/","og_locale":"sk_SK","og_type":"article","og_title":"FlatOut 4: Total Insanity | BeGamer.cz","og_description":"FlatOut 4: Total Insanity\u2122, kde bezoh\u013eadn\u00e1 jazda nikdy nebola tak\u00e1 z\u00e1bavn\u00e1. FlatOut 4: Total Insanity\u2122 sp\u00e1ja v\u0161etko, \u010do \u013eudia na FlatOut milovali, do jednej hry. Hr\u00e1\u010di sa tie\u017e zozn\u00e1mia so v\u0161etk\u00fdmi nov\u00fdmi a vzru\u0161uj\u00facimi funkciami, hern\u00fdmi re\u017eimami a vozidlami, ktor\u00e9 sa \u010doskoro stan\u00fa ich ob\u013e\u00faben\u00fdmi.","og_url":"https:\/\/begamer.cz\/sk\/produkt\/flatout-4-total-insanity-sk\/","og_site_name":"BeGamer.cz","article_modified_time":"2026-03-10T22:46:48+00:00","og_image":[{"width":300,"height":400,"url":"https:\/\/begamer.cz\/wp-content\/uploads\/2026\/01\/flatout-4-total-insanity-5.webp","type":"image\/webp"}],"twitter_card":"summary_large_image","twitter_misc":{"Predpokladan\u00fd \u010das \u010d\u00edtania":"2 min\u00faty"},"schema":{"@context":"https:\/\/schema.org","@graph":[{"@type":"WebPage","@id":"https:\/\/begamer.cz\/sk\/produkt\/flatout-4-total-insanity-sk\/","url":"https:\/\/begamer.cz\/sk\/produkt\/flatout-4-total-insanity-sk\/","name":"FlatOut 4: Total Insanity | BeGamer.cz","isPartOf":{"@id":"https:\/\/begamer.cz\/sk\/#website"},"primaryImageOfPage":{"@id":"https:\/\/begamer.cz\/sk\/produkt\/flatout-4-total-insanity-sk\/#primaryimage"},"image":{"@id":"https:\/\/begamer.cz\/sk\/produkt\/flatout-4-total-insanity-sk\/#primaryimage"},"thumbnailUrl":"https:\/\/begamer.cz\/wp-content\/uploads\/2026\/01\/flatout-4-total-insanity-5.webp","datePublished":"2026-01-30T17:04:59+00:00","dateModified":"2026-03-10T22:46:48+00:00","breadcrumb":{"@id":"https:\/\/begamer.cz\/sk\/produkt\/flatout-4-total-insanity-sk\/#breadcrumb"},"inLanguage":"sk-SK","potentialAction":[{"@type":"ReadAction","target":["https:\/\/begamer.cz\/sk\/produkt\/flatout-4-total-insanity-sk\/"]}]},{"@type":"ImageObject","inLanguage":"sk-SK","@id":"https:\/\/begamer.cz\/sk\/produkt\/flatout-4-total-insanity-sk\/#primaryimage","url":"https:\/\/begamer.cz\/wp-content\/uploads\/2026\/01\/flatout-4-total-insanity-5.webp","contentUrl":"https:\/\/begamer.cz\/wp-content\/uploads\/2026\/01\/flatout-4-total-insanity-5.webp","width":300,"height":400},{"@type":"BreadcrumbList","@id":"https:\/\/begamer.cz\/sk\/produkt\/flatout-4-total-insanity-sk\/#breadcrumb","itemListElement":[{"@type":"ListItem","position":1,"name":"Domov","item":"https:\/\/begamer.cz\/sk\/"},{"@type":"ListItem","position":2,"name":"Obchod","item":"https:\/\/begamer.cz\/obchod\/"},{"@type":"ListItem","position":3,"name":"FlatOut 4: Total Insanity"}]},{"@type":"WebSite","@id":"https:\/\/begamer.cz\/sk\/#website","url":"https:\/\/begamer.cz\/sk\/","name":"BeGamer.cz","description":"","publisher":{"@id":"https:\/\/begamer.cz\/sk\/#organization"},"potentialAction":[{"@type":"SearchAction","target":{"@type":"EntryPoint","urlTemplate":"https:\/\/begamer.cz\/sk\/?s={search_term_string}"},"query-input":{"@type":"PropertyValueSpecification","valueRequired":true,"valueName":"search_term_string"}}],"inLanguage":"sk-SK"},{"@type":"Organization","@id":"https:\/\/begamer.cz\/sk\/#organization","name":"BeGamer.cz","url":"https:\/\/begamer.cz\/sk\/","logo":{"@type":"ImageObject","inLanguage":"sk-SK","@id":"https:\/\/begamer.cz\/sk\/#\/schema\/logo\/image\/","url":"https:\/\/begamer.cz\/wp-content\/uploads\/2025\/07\/logo.svg","contentUrl":"https:\/\/begamer.cz\/wp-content\/uploads\/2025\/07\/logo.svg","caption":"BeGamer.cz"},"image":{"@id":"https:\/\/begamer.cz\/sk\/#\/schema\/logo\/image\/"}}]}},"acf":[],"_links":{"self":[{"href":"https:\/\/begamer.cz\/sk\/wp-json\/wp\/v2\/product\/100262","targetHints":{"allow":["GET"]}}],"collection":[{"href":"https:\/\/begamer.cz\/sk\/wp-json\/wp\/v2\/product"}],"about":[{"href":"https:\/\/begamer.cz\/sk\/wp-json\/wp\/v2\/types\/product"}],"replies":[{"embeddable":true,"href":"https:\/\/begamer.cz\/sk\/wp-json\/wp\/v2\/comments?post=100262"}],"wp:featuredmedia":[{"embeddable":true,"href":"https:\/\/begamer.cz\/sk\/wp-json\/wp\/v2\/media\/33708"}],"wp:attachment":[{"href":"https:\/\/begamer.cz\/sk\/wp-json\/wp\/v2\/media?parent=100262"}],"wp:term":[{"taxonomy":"product_brand","embeddable":true,"href":"https:\/\/begamer.cz\/sk\/wp-json\/wp\/v2\/product_brand?post=100262"},{"taxonomy":"product_cat","embeddable":true,"href":"https:\/\/begamer.cz\/sk\/wp-json\/wp\/v2\/product_cat?post=100262"},{"taxonomy":"product_tag","embeddable":true,"href":"https:\/\/begamer.cz\/sk\/wp-json\/wp\/v2\/product_tag?post=100262"}],"curies":[{"name":"wp","href":"https:\/\/api.w.org\/{rel}","templated":true}]}}