{"id":100220,"date":"2026-01-30T17:59:55","date_gmt":"2026-01-30T16:59:55","guid":{"rendered":"https:\/\/begamer.cz\/produkt\/hammerting-sk\/"},"modified":"2026-03-10T23:43:01","modified_gmt":"2026-03-10T22:43:01","slug":"hammerting-sk","status":"publish","type":"product","link":"https:\/\/begamer.cz\/sk\/produkt\/hammerting-sk\/","title":{"rendered":"Hammerting"},"content":{"rendered":"<p><strong>Hammerting je vertik\u00e1lna simul\u00e1cia trpasli\u010dej banskej kol\u00f3nie s RPG prvkami.<\/strong><\/p>\n<p>Spravujte klan farebn\u00fdch trpasl\u00edkov, zalo\u017ete epick\u00fa bansk\u00fa prev\u00e1dzku, vyr\u00e1bajte legend\u00e1rne me\u010de a ponorte sa do hlb\u00edn za v\u00e4\u010d\u0161ou sl\u00e1vou, bohatstvom&#8230; a nebezpe\u010denstvom.<\/p>\n<p><span class=\"bb_img_ctn\"><video class=\"bb_img\" autoplay muted loop playsinline poster=\"https:\/\/shared.akamai.steamstatic.com\/store_item_assets\/steam\/apps\/760650\/extras\/d640bee96c30b5ac9ca719d584d55ea6.poster.avif?t=1729175682\" width=600 height=244 ><source src=\"https:\/\/shared.akamai.steamstatic.com\/store_item_assets\/steam\/apps\/760650\/extras\/d640bee96c30b5ac9ca719d584d55ea6.webm?t=1729175682\" type=\"video\/webm; codecs=vp9\"><source src=\"https:\/\/shared.akamai.steamstatic.com\/store_item_assets\/steam\/apps\/760650\/extras\/d640bee96c30b5ac9ca719d584d55ea6.mp4?t=1729175682\" type=\"video\/mp4\"><\/video><\/span><br \/>Vzh\u013eadom na konflikty, ktor\u00e9 zuria na povrchu, sa trpasl\u00edci zav\u00e4zuj\u00fa ponori\u0165 sa do hlb\u00edn a ako majstri remeseln\u00edci bud\u00fa vyr\u00e1ba\u0165 a dod\u00e1va\u0165 v\u0161etko, \u010do je potrebn\u00e9 na podporu ich spojencov. Za\u010d\u00ednate skromne, s h\u0155stkou trpasl\u00edkov, ktor\u00ed musia r\u00fdchlo rozbehn\u00fa\u0165 svoju \u010dinnos\u0165. Ako v\u0161ak postupujete, v\u00e1\u0161 mal\u00fd klan sa rozrastie a stane sa zn\u00e1mym v celom svete pre svoje zru\u010dnosti a vynikaj\u00face remeseln\u00e9 umenie.<\/p>\n<h2 class=\"bb_tag\" >Remeseln\u00edctvo pre v\u00ed\u0165azstvo<\/h2>\n<p><span class=\"bb_img_ctn\"><video class=\"bb_img\" autoplay muted loop playsinline poster=\"https:\/\/shared.akamai.steamstatic.com\/store_item_assets\/steam\/apps\/760650\/extras\/54c31811c3588209d0585b35466677d7.poster.avif?t=1729175682\" width=600 height=244 ><source src=\"https:\/\/shared.akamai.steamstatic.com\/store_item_assets\/steam\/apps\/760650\/extras\/54c31811c3588209d0585b35466677d7.webm?t=1729175682\" type=\"video\/webm; codecs=vp9\"><source src=\"https:\/\/shared.akamai.steamstatic.com\/store_item_assets\/steam\/apps\/760650\/extras\/54c31811c3588209d0585b35466677d7.mp4?t=1729175682\" type=\"video\/mp4\"><\/video><\/span><br \/>Spojenci na povrchu bud\u00fa ma\u0165 v\u0161etky mo\u017en\u00e9 po\u017eiadavky. Trpasl\u00edci m\u00f4\u017eu by\u0165 po\u017eiadan\u00ed, aby vyrobili mno\u017estvo strieborn\u00fdch me\u010dov proti bl\u00ed\u017eiacej sa arm\u00e1de.<\/p>\n<p>Ke\u010f\u017ee povrch sveta to potrebuje, ka\u017ed\u00e1 \u00faspe\u0161n\u00e1 dod\u00e1vka v\u00e1s pribl\u00ed\u017ei o krok bli\u017e\u0161ie k v\u00ed\u0165azstvu. Ako va\u0161i trpasl\u00edci rast\u00fa v zru\u010dnostiach a va\u0161a z\u00e1klad\u0148a sa roz\u0161iruje, postavte dopravn\u00e9 p\u00e1sy a v\u00fd\u0165ahy, aby ste ich oslobodili od manu\u00e1lnej pr\u00e1ce.<\/p>\n<h2 class=\"bb_tag\" >Pestr\u00e9 osobnosti<\/h2>\n<p><span class=\"bb_img_ctn\"><img decoding=\"async\" class=\"bb_img\" src=\"https:\/\/shared.akamai.steamstatic.com\/store_item_assets\/steam\/apps\/760650\/extras\/1192738e99360893b71f03ddaca81f9a.avif?t=1729175682\" width=596 height=119 \/><\/span><br \/>Je \u00c5gl\u00f6fovo honosn\u00e9 p\u00f4vod v rozpore s Vargskrevov\u00fdm skromn\u00fdm v\u00fdchovou? Boj\u00ed sa v\u00e1\u0161 prieskumn\u00edk tmy? Dosiahol v\u00e1\u0161 majster remeseln\u00edk svoj vrchol? Usilujte sa o \u00faspech a vyu\u017eite siln\u00e9 str\u00e1nky va\u0161ich trpasl\u00edkov, ako aj ich slabosti. Ka\u017ed\u00fd trpasl\u00edk je bohat\u00fd a jedine\u010dn\u00fd v\u010faka svojim \u0161tatistik\u00e1m, trpasli\u010diemu p\u00f4vodu, vlastnostiam, schopnostiam, vybaveniu, pohybov\u00fdm schopnostiam a mnoh\u00e9mu in\u00e9mu, \u010do je ovplyvnen\u00e9 udalos\u0165ami v ich \u017eivotoch.<\/p>\n<h2 class=\"bb_tag\" >Sk\u00fasen\u00ed remeseln\u00edci<\/h2>\n<p><span class=\"bb_img_ctn\"><img decoding=\"async\" class=\"bb_img\" src=\"https:\/\/shared.akamai.steamstatic.com\/store_item_assets\/steam\/apps\/760650\/extras\/ecb86317153281e044e1f0a798b88432.avif?t=1729175682\" width=596 height=118 \/><\/span><br \/>Ktoko\u013evek m\u00f4\u017ee vyrobi\u0165 \u017eelezn\u00fd me\u010d, ale len trpasl\u00edci m\u00f4\u017eu kopa\u0165 do hlb\u00edn a vy\u0165a\u017ei\u0165 lo\u010fou pln\u00fa diamantov a kost\u00ed a pou\u017ei\u0165 ich na v\u00fdrobu&#8230; \u017eelezn\u00fd me\u010d +2.<\/p>\n<p>S ka\u017ed\u00fdm \u00faderom kladiva na kovadlinu m\u00e1 zru\u010dn\u00fd trpasl\u00edk v\u00e4\u010d\u0161iu \u0161ancu dosiahnu\u0165 kritick\u00fd v\u00fdsledok, \u010d\u00edm z\u00edskate lep\u0161ie a vylep\u0161en\u00e9 vybavenie.<\/p>\n<h2 class=\"bb_tag\" >\u017div\u00e1 jasky\u0148a<\/h2>\n<p><span class=\"bb_img_ctn\"><video class=\"bb_img\" autoplay muted loop playsinline poster=\"https:\/\/shared.akamai.steamstatic.com\/store_item_assets\/steam\/apps\/760650\/extras\/ba52405aabe9e222b935246090a74a8c.poster.avif?t=1729175682\" width=600 height=244 ><source src=\"https:\/\/shared.akamai.steamstatic.com\/store_item_assets\/steam\/apps\/760650\/extras\/ba52405aabe9e222b935246090a74a8c.webm?t=1729175682\" type=\"video\/webm; codecs=vp9\"><source src=\"https:\/\/shared.akamai.steamstatic.com\/store_item_assets\/steam\/apps\/760650\/extras\/ba52405aabe9e222b935246090a74a8c.mp4?t=1729175682\" type=\"video\/mp4\"><\/video><\/span><br \/>Je to tak, ako sa hovor\u00ed \u2013 \u201e\u0160\u0165astie praje odv\u00e1\u017enym\u201c a len v najhlb\u0161\u00edch hlbin\u00e1ch n\u00e1jdete najsilnej\u0161ie materi\u00e1ly, najteplej\u0161iu magmu, najvz\u00e1cnej\u0161ie poklady, ale aj najnebezpe\u010dnej\u0161ie podmienky.<\/p>\n<p>Zisti\u0165 najr\u00fdchlej\u0161iu a najbezpe\u010dnej\u0161iu cestu dole \u2013 a zase hore \u2013 je hlavnou staros\u0165ou, ale budete ma\u0165 k dispoz\u00edcii mno\u017estvo unik\u00e1tnych trpasli\u010d\u00edch mechanizmov, ktor\u00e9 v\u00e1m v tom pom\u00f4\u017eu.<br \/>Hammerting pon\u00faka mechaniku tekut\u00edn a fyziky na \u010derpanie \u017eeravej l\u00e1vy do va\u0161ich krbov, varenie chme\u013eov\u00e9ho piva, h\u00e1dzanie horiacich fakl\u00ed do \u0161\u00e1cht, aby osvetlili nezn\u00e1me, a ove\u013ea viac!<\/p>\n<h2 class=\"bb_tag\" >Online kooperat\u00edvny re\u017eim<\/h2>\n<p><span class=\"bb_img_ctn\"><video class=\"bb_img\" autoplay muted loop playsinline poster=\"https:\/\/shared.akamai.steamstatic.com\/store_item_assets\/steam\/apps\/760650\/extras\/97cf2f9841333833823ac7026a48dce2.poster.avif?t=1729175682\" width=600 height=244 ><source src=\"https:\/\/shared.akamai.steamstatic.com\/store_item_assets\/steam\/apps\/760650\/extras\/97cf2f9841333833823ac7026a48dce2.webm?t=1729175682\" type=\"video\/webm; codecs=vp9\"><source src=\"https:\/\/shared.akamai.steamstatic.com\/store_item_assets\/steam\/apps\/760650\/extras\/97cf2f9841333833823ac7026a48dce2.mp4?t=1729175682\" type=\"video\/mp4\"><\/video><\/span><br \/>Trpasl\u00edcky kr\u00e1\u013e kedysi povedal: \u201eJedna sekera sa \u013eahko otup\u00ed, ale arm\u00e1da sekier je nezni\u010dite\u013en\u00e1!\u201c Mo\u017eno budete chcie\u0165 presk\u00fama\u0165 a os\u00eddli\u0165 hlbiny Mary sami, ale m\u00f4\u017eete sa tie\u017e spoji\u0165 s vesel\u00fdmi spolo\u010dn\u00edkmi a spolo\u010dne riadi\u0165 trpasl\u00edcku kol\u00f3niu. Je to v\u0161etko o synchroniz\u00e1cii, kamar\u00e1tstve a spolo\u010dn\u00fdch cie\u013eoch!<\/p>\n","protected":false},"excerpt":{"rendered":"<p>Spravujte trpasli\u010diu ban\u00edcku kol\u00f3niu v nepresk\u00faman\u00fdch hor\u00e1ch Mara. Ke\u010f\u017ee vo svete Overworld zu\u0159\u00ed konflikt, budete musie\u0165 vyr\u00e1bat, presk\u00famavat a bojovat, aby ste svojim spojenc\u016fm poskytli ty nejlep\u0161\u00ed zbran\u011b a v\u00fdzbroj, kter\u00e9 jim pomohou v boji o sl\u00e1vu.<\/p>\n","protected":false},"featured_media":33386,"comment_status":"open","ping_status":"closed","template":"","meta":{"_acf_changed":false},"product_brand":[],"product_cat":[270,290,268,266,308,314,312,318],"product_tag":[],"class_list":{"0":"post-100220","1":"product","2":"type-product","3":"status-publish","4":"has-post-thumbnail","6":"product_cat-adventury-pc-hry-sk","7":"product_cat-indie-hry-pc-sk","8":"product_cat-pc-sk","9":"product_cat-pc-hry-sk","10":"product_cat-rpg-pc-hry-sk","11":"product_cat-simulatory-pc-hry-sk","12":"product_cat-steam-pc-sk","13":"product_cat-strategie-pc-hry-sk","14":"pa_audio-en-us","16":"pa_countries-ad","17":"pa_countries-ae","18":"pa_countries-af","19":"pa_countries-ag","20":"pa_countries-ai","21":"pa_countries-al","22":"pa_countries-am","23":"pa_countries-ao","24":"pa_countries-aq","25":"pa_countries-ar","26":"pa_countries-as","27":"pa_countries-at","28":"pa_countries-au","29":"pa_countries-aw","30":"pa_countries-ax","31":"pa_countries-az","32":"pa_countries-ba","33":"pa_countries-bb","34":"pa_countries-bd","35":"pa_countries-be","36":"pa_countries-bf","37":"pa_countries-bg","38":"pa_countries-bh","39":"pa_countries-bi","40":"pa_countries-bj","41":"pa_countries-bl","42":"pa_countries-bm","43":"pa_countries-bn","44":"pa_countries-bo","45":"pa_countries-bq","46":"pa_countries-br","47":"pa_countries-bs","48":"pa_countries-bt","49":"pa_countries-bv","50":"pa_countries-bw","51":"pa_countries-bz","52":"pa_countries-ca","53":"pa_countries-cc","54":"pa_countries-cd","55":"pa_countries-cf","56":"pa_countries-cg","57":"pa_countries-ch","58":"pa_countries-ci","59":"pa_countries-ck","60":"pa_countries-cl","61":"pa_countries-cm","62":"pa_countries-cn","63":"pa_countries-co","64":"pa_countries-cr","65":"pa_countries-cu","66":"pa_countries-cv","67":"pa_countries-cw","68":"pa_countries-cx","69":"pa_countries-cy","70":"pa_countries-cz","71":"pa_countries-de","72":"pa_countries-dj","73":"pa_countries-dk","74":"pa_countries-dm","75":"pa_countries-do","76":"pa_countries-dz","77":"pa_countries-ec","78":"pa_countries-ee","79":"pa_countries-eg","80":"pa_countries-eh","81":"pa_countries-er","82":"pa_countries-es","83":"pa_countries-et","84":"pa_countries-fi","85":"pa_countries-fj","86":"pa_countries-fk","87":"pa_countries-fm","88":"pa_countries-fo","89":"pa_countries-ga","90":"pa_countries-gb","91":"pa_countries-gd","92":"pa_countries-ge","93":"pa_countries-gf","94":"pa_countries-gg","95":"pa_countries-gh","96":"pa_countries-gi","97":"pa_countries-gl","98":"pa_countries-gm","99":"pa_countries-gn","100":"pa_countries-gp","101":"pa_countries-gq","102":"pa_countries-gr","103":"pa_countries-gs","104":"pa_countries-gt","105":"pa_countries-gu","106":"pa_countries-gw","107":"pa_countries-gy","108":"pa_countries-hk","109":"pa_countries-hm","110":"pa_countries-hn","111":"pa_countries-hr","112":"pa_countries-ht","113":"pa_countries-hu","114":"pa_countries-id","115":"pa_countries-ie","116":"pa_countries-il","117":"pa_countries-im","118":"pa_countries-in","119":"pa_countries-io","120":"pa_countries-iq","121":"pa_countries-ir","122":"pa_countries-is","123":"pa_countries-it","124":"pa_countries-je","125":"pa_countries-jm","126":"pa_countries-jo","127":"pa_countries-jp","128":"pa_countries-ke","129":"pa_countries-kg","130":"pa_countries-kh","131":"pa_countries-ki","132":"pa_countries-km","133":"pa_countries-kn","134":"pa_countries-kp","135":"pa_countries-kr","136":"pa_countries-kw","137":"pa_countries-ky","138":"pa_countries-kz","139":"pa_countries-la","140":"pa_countries-lb","141":"pa_countries-lc","142":"pa_countries-li","143":"pa_countries-lk","144":"pa_countries-lr","145":"pa_countries-ls","146":"pa_countries-lt","147":"pa_countries-lu","148":"pa_countries-lv","149":"pa_countries-ly","150":"pa_countries-ma","151":"pa_countries-mc","152":"pa_countries-md","153":"pa_countries-me","154":"pa_countries-mf","155":"pa_countries-mg","156":"pa_countries-mh","157":"pa_countries-mk","158":"pa_countries-ml","159":"pa_countries-mm","160":"pa_countries-mn","161":"pa_countries-mo","162":"pa_countries-mp","163":"pa_countries-mq","164":"pa_countries-mr","165":"pa_countries-ms","166":"pa_countries-mt","167":"pa_countries-mu","168":"pa_countries-mv","169":"pa_countries-mw","170":"pa_countries-mx","171":"pa_countries-my","172":"pa_countries-mz","173":"pa_countries-na","174":"pa_countries-nc","175":"pa_countries-ne","176":"pa_countries-nf","177":"pa_countries-ng","178":"pa_countries-ni","179":"pa_countries-nl","180":"pa_countries-no","181":"pa_countries-np","182":"pa_countries-nr","183":"pa_countries-nu","184":"pa_countries-nz","185":"pa_countries-om","186":"pa_countries-pa","187":"pa_countries-pe","188":"pa_countries-pf","189":"pa_countries-pg","190":"pa_countries-ph","191":"pa_countries-pk","192":"pa_countries-pl","193":"pa_countries-pm","194":"pa_countries-pn","195":"pa_countries-pr","196":"pa_countries-ps","197":"pa_countries-pt","198":"pa_countries-pw","199":"pa_countries-py","200":"pa_countries-qa","201":"pa_countries-re","202":"pa_countries-ro","203":"pa_countries-rs","204":"pa_countries-rw","205":"pa_countries-sa","206":"pa_countries-sb","207":"pa_countries-sc","208":"pa_countries-sd","209":"pa_countries-se","210":"pa_countries-sg","211":"pa_countries-sh","212":"pa_countries-si","213":"pa_countries-sj","214":"pa_countries-sk","215":"pa_countries-sl","216":"pa_countries-sm","217":"pa_countries-sn","218":"pa_countries-so","219":"pa_countries-sr","220":"pa_countries-ss","222":"pa_countries-st","223":"pa_countries-sv","224":"pa_countries-sx","225":"pa_countries-sy","226":"pa_countries-sz","227":"pa_countries-tc","228":"pa_countries-td","229":"pa_countries-tf","230":"pa_countries-tg","231":"pa_countries-th","232":"pa_countries-tj","233":"pa_countries-tk","234":"pa_countries-tl","235":"pa_countries-tm","236":"pa_countries-tn","237":"pa_countries-to","238":"pa_countries-tr","239":"pa_countries-tt","240":"pa_countries-tv","241":"pa_countries-tw","242":"pa_countries-tz","243":"pa_countries-ua","244":"pa_countries-ug","245":"pa_countries-um","246":"pa_countries-us","247":"pa_countries-uy","248":"pa_countries-uz","249":"pa_countries-va","250":"pa_countries-vc","251":"pa_countries-ve","252":"pa_countries-vg","253":"pa_countries-vi","254":"pa_countries-vn","255":"pa_countries-vu","256":"pa_countries-wf","257":"pa_countries-ws","258":"pa_countries-xk","259":"pa_countries-ye","260":"pa_countries-yt","261":"pa_countries-za","262":"pa_countries-zm","263":"pa_countries-zw","264":"pa_developer-warpzone-studios","266":"pa_game_type-main_game","268":"pa_genres-adventure","269":"pa_genres-indie","271":"pa_genres-role-playing-rpg","272":"pa_genres-simulator","273":"pa_genres-strategy","274":"pa_interface-de-de","275":"pa_interface-en-us","276":"pa_interface-es-es","277":"pa_interface-fr-fr","278":"pa_interface-it-it","279":"pa_interface-ja-jp","280":"pa_interface-pl-pl","281":"pa_interface-pt-br","282":"pa_interface-ru-ru","284":"pa_interface-zh-cn","285":"pa_keywords-atmospheric","286":"pa_keywords-base-building","287":"pa_keywords-challenging","288":"pa_keywords-combat","289":"pa_keywords-crafting","290":"pa_keywords-dark-fantasy","291":"pa_keywords-dungeon-crawler","292":"pa_keywords-dwarves","293":"pa_keywords-exploration","294":"pa_keywords-mod-support","295":"pa_keywords-permadeath","296":"pa_keywords-procedurally-generated","297":"pa_keywords-replayability","299":"pa_keywords-resource-management","300":"pa_keywords-roguelike","301":"pa_modes-co-operative","302":"pa_modes-multiplayer","304":"pa_modes-single-player","305":"pa_platform-pc-steam","307":"pa_player_perspectives-side-view","309":"pa_publisher-warpzone-studios","311":"pa_rating-14595","312":"pa_rating-2516","313":"pa_region-global","315":"pa_themes-fantasy","317":"pa_themes-sandbox","318":"pa_themes-survival","320":"first","321":"instock","322":"virtual","323":"taxable","324":"purchasable","325":"product-type-simple"},"yoast_head":"<!-- This site is optimized with the Yoast SEO plugin v27.3 - https:\/\/yoast.com\/product\/yoast-seo-wordpress\/ -->\n<title>Hammerting | BeGamer.cz<\/title>\n<meta name=\"robots\" content=\"index, follow, max-snippet:-1, max-image-preview:large, max-video-preview:-1\" \/>\n<link rel=\"canonical\" href=\"https:\/\/begamer.cz\/sk\/produkt\/hammerting-sk\/\" \/>\n<meta property=\"og:locale\" content=\"sk_SK\" \/>\n<meta property=\"og:type\" content=\"article\" \/>\n<meta property=\"og:title\" content=\"Hammerting | BeGamer.cz\" \/>\n<meta property=\"og:description\" content=\"Spravujte trpasli\u010diu ban\u00edcku kol\u00f3niu v nepresk\u00faman\u00fdch hor\u00e1ch Mara. Ke\u010f\u017ee vo svete Overworld zu\u0159\u00ed konflikt, budete musie\u0165 vyr\u00e1bat, presk\u00famavat a bojovat, aby ste svojim spojenc\u016fm poskytli ty nejlep\u0161\u00ed zbran\u011b a v\u00fdzbroj, kter\u00e9 jim pomohou v boji o sl\u00e1vu.\" \/>\n<meta property=\"og:url\" content=\"https:\/\/begamer.cz\/sk\/produkt\/hammerting-sk\/\" \/>\n<meta property=\"og:site_name\" content=\"BeGamer.cz\" \/>\n<meta property=\"article:modified_time\" content=\"2026-03-10T22:43:01+00:00\" \/>\n<meta property=\"og:image\" content=\"https:\/\/begamer.cz\/wp-content\/uploads\/2026\/01\/hammerting-7.webp\" \/>\n\t<meta property=\"og:image:width\" content=\"300\" \/>\n\t<meta property=\"og:image:height\" content=\"400\" \/>\n\t<meta property=\"og:image:type\" content=\"image\/webp\" \/>\n<meta name=\"twitter:card\" content=\"summary_large_image\" \/>\n<meta name=\"twitter:label1\" content=\"Predpokladan\u00fd \u010das \u010d\u00edtania\" \/>\n\t<meta name=\"twitter:data1\" content=\"3 min\u00faty\" \/>\n<script type=\"application\/ld+json\" class=\"yoast-schema-graph\">{\"@context\":\"https:\\\/\\\/schema.org\",\"@graph\":[{\"@type\":\"WebPage\",\"@id\":\"https:\\\/\\\/begamer.cz\\\/sk\\\/produkt\\\/hammerting-sk\\\/\",\"url\":\"https:\\\/\\\/begamer.cz\\\/sk\\\/produkt\\\/hammerting-sk\\\/\",\"name\":\"Hammerting | BeGamer.cz\",\"isPartOf\":{\"@id\":\"https:\\\/\\\/begamer.cz\\\/sk\\\/#website\"},\"primaryImageOfPage\":{\"@id\":\"https:\\\/\\\/begamer.cz\\\/sk\\\/produkt\\\/hammerting-sk\\\/#primaryimage\"},\"image\":{\"@id\":\"https:\\\/\\\/begamer.cz\\\/sk\\\/produkt\\\/hammerting-sk\\\/#primaryimage\"},\"thumbnailUrl\":\"https:\\\/\\\/begamer.cz\\\/wp-content\\\/uploads\\\/2026\\\/01\\\/hammerting-7.webp\",\"datePublished\":\"2026-01-30T16:59:55+00:00\",\"dateModified\":\"2026-03-10T22:43:01+00:00\",\"breadcrumb\":{\"@id\":\"https:\\\/\\\/begamer.cz\\\/sk\\\/produkt\\\/hammerting-sk\\\/#breadcrumb\"},\"inLanguage\":\"sk-SK\",\"potentialAction\":[{\"@type\":\"ReadAction\",\"target\":[\"https:\\\/\\\/begamer.cz\\\/sk\\\/produkt\\\/hammerting-sk\\\/\"]}]},{\"@type\":\"ImageObject\",\"inLanguage\":\"sk-SK\",\"@id\":\"https:\\\/\\\/begamer.cz\\\/sk\\\/produkt\\\/hammerting-sk\\\/#primaryimage\",\"url\":\"https:\\\/\\\/begamer.cz\\\/wp-content\\\/uploads\\\/2026\\\/01\\\/hammerting-7.webp\",\"contentUrl\":\"https:\\\/\\\/begamer.cz\\\/wp-content\\\/uploads\\\/2026\\\/01\\\/hammerting-7.webp\",\"width\":300,\"height\":400},{\"@type\":\"BreadcrumbList\",\"@id\":\"https:\\\/\\\/begamer.cz\\\/sk\\\/produkt\\\/hammerting-sk\\\/#breadcrumb\",\"itemListElement\":[{\"@type\":\"ListItem\",\"position\":1,\"name\":\"Domov\",\"item\":\"https:\\\/\\\/begamer.cz\\\/sk\\\/\"},{\"@type\":\"ListItem\",\"position\":2,\"name\":\"Obchod\",\"item\":\"https:\\\/\\\/begamer.cz\\\/obchod\\\/\"},{\"@type\":\"ListItem\",\"position\":3,\"name\":\"Hammerting\"}]},{\"@type\":\"WebSite\",\"@id\":\"https:\\\/\\\/begamer.cz\\\/sk\\\/#website\",\"url\":\"https:\\\/\\\/begamer.cz\\\/sk\\\/\",\"name\":\"BeGamer.cz\",\"description\":\"\",\"publisher\":{\"@id\":\"https:\\\/\\\/begamer.cz\\\/sk\\\/#organization\"},\"potentialAction\":[{\"@type\":\"SearchAction\",\"target\":{\"@type\":\"EntryPoint\",\"urlTemplate\":\"https:\\\/\\\/begamer.cz\\\/sk\\\/?s={search_term_string}\"},\"query-input\":{\"@type\":\"PropertyValueSpecification\",\"valueRequired\":true,\"valueName\":\"search_term_string\"}}],\"inLanguage\":\"sk-SK\"},{\"@type\":\"Organization\",\"@id\":\"https:\\\/\\\/begamer.cz\\\/sk\\\/#organization\",\"name\":\"BeGamer.cz\",\"url\":\"https:\\\/\\\/begamer.cz\\\/sk\\\/\",\"logo\":{\"@type\":\"ImageObject\",\"inLanguage\":\"sk-SK\",\"@id\":\"https:\\\/\\\/begamer.cz\\\/sk\\\/#\\\/schema\\\/logo\\\/image\\\/\",\"url\":\"https:\\\/\\\/begamer.cz\\\/wp-content\\\/uploads\\\/2025\\\/07\\\/logo.svg\",\"contentUrl\":\"https:\\\/\\\/begamer.cz\\\/wp-content\\\/uploads\\\/2025\\\/07\\\/logo.svg\",\"caption\":\"BeGamer.cz\"},\"image\":{\"@id\":\"https:\\\/\\\/begamer.cz\\\/sk\\\/#\\\/schema\\\/logo\\\/image\\\/\"}}]}<\/script>\n<!-- \/ Yoast SEO plugin. -->","yoast_head_json":{"title":"Hammerting | BeGamer.cz","robots":{"index":"index","follow":"follow","max-snippet":"max-snippet:-1","max-image-preview":"max-image-preview:large","max-video-preview":"max-video-preview:-1"},"canonical":"https:\/\/begamer.cz\/sk\/produkt\/hammerting-sk\/","og_locale":"sk_SK","og_type":"article","og_title":"Hammerting | BeGamer.cz","og_description":"Spravujte trpasli\u010diu ban\u00edcku kol\u00f3niu v nepresk\u00faman\u00fdch hor\u00e1ch Mara. Ke\u010f\u017ee vo svete Overworld zu\u0159\u00ed konflikt, budete musie\u0165 vyr\u00e1bat, presk\u00famavat a bojovat, aby ste svojim spojenc\u016fm poskytli ty nejlep\u0161\u00ed zbran\u011b a v\u00fdzbroj, kter\u00e9 jim pomohou v boji o sl\u00e1vu.","og_url":"https:\/\/begamer.cz\/sk\/produkt\/hammerting-sk\/","og_site_name":"BeGamer.cz","article_modified_time":"2026-03-10T22:43:01+00:00","og_image":[{"width":300,"height":400,"url":"https:\/\/begamer.cz\/wp-content\/uploads\/2026\/01\/hammerting-7.webp","type":"image\/webp"}],"twitter_card":"summary_large_image","twitter_misc":{"Predpokladan\u00fd \u010das \u010d\u00edtania":"3 min\u00faty"},"schema":{"@context":"https:\/\/schema.org","@graph":[{"@type":"WebPage","@id":"https:\/\/begamer.cz\/sk\/produkt\/hammerting-sk\/","url":"https:\/\/begamer.cz\/sk\/produkt\/hammerting-sk\/","name":"Hammerting | BeGamer.cz","isPartOf":{"@id":"https:\/\/begamer.cz\/sk\/#website"},"primaryImageOfPage":{"@id":"https:\/\/begamer.cz\/sk\/produkt\/hammerting-sk\/#primaryimage"},"image":{"@id":"https:\/\/begamer.cz\/sk\/produkt\/hammerting-sk\/#primaryimage"},"thumbnailUrl":"https:\/\/begamer.cz\/wp-content\/uploads\/2026\/01\/hammerting-7.webp","datePublished":"2026-01-30T16:59:55+00:00","dateModified":"2026-03-10T22:43:01+00:00","breadcrumb":{"@id":"https:\/\/begamer.cz\/sk\/produkt\/hammerting-sk\/#breadcrumb"},"inLanguage":"sk-SK","potentialAction":[{"@type":"ReadAction","target":["https:\/\/begamer.cz\/sk\/produkt\/hammerting-sk\/"]}]},{"@type":"ImageObject","inLanguage":"sk-SK","@id":"https:\/\/begamer.cz\/sk\/produkt\/hammerting-sk\/#primaryimage","url":"https:\/\/begamer.cz\/wp-content\/uploads\/2026\/01\/hammerting-7.webp","contentUrl":"https:\/\/begamer.cz\/wp-content\/uploads\/2026\/01\/hammerting-7.webp","width":300,"height":400},{"@type":"BreadcrumbList","@id":"https:\/\/begamer.cz\/sk\/produkt\/hammerting-sk\/#breadcrumb","itemListElement":[{"@type":"ListItem","position":1,"name":"Domov","item":"https:\/\/begamer.cz\/sk\/"},{"@type":"ListItem","position":2,"name":"Obchod","item":"https:\/\/begamer.cz\/obchod\/"},{"@type":"ListItem","position":3,"name":"Hammerting"}]},{"@type":"WebSite","@id":"https:\/\/begamer.cz\/sk\/#website","url":"https:\/\/begamer.cz\/sk\/","name":"BeGamer.cz","description":"","publisher":{"@id":"https:\/\/begamer.cz\/sk\/#organization"},"potentialAction":[{"@type":"SearchAction","target":{"@type":"EntryPoint","urlTemplate":"https:\/\/begamer.cz\/sk\/?s={search_term_string}"},"query-input":{"@type":"PropertyValueSpecification","valueRequired":true,"valueName":"search_term_string"}}],"inLanguage":"sk-SK"},{"@type":"Organization","@id":"https:\/\/begamer.cz\/sk\/#organization","name":"BeGamer.cz","url":"https:\/\/begamer.cz\/sk\/","logo":{"@type":"ImageObject","inLanguage":"sk-SK","@id":"https:\/\/begamer.cz\/sk\/#\/schema\/logo\/image\/","url":"https:\/\/begamer.cz\/wp-content\/uploads\/2025\/07\/logo.svg","contentUrl":"https:\/\/begamer.cz\/wp-content\/uploads\/2025\/07\/logo.svg","caption":"BeGamer.cz"},"image":{"@id":"https:\/\/begamer.cz\/sk\/#\/schema\/logo\/image\/"}}]}},"acf":[],"_links":{"self":[{"href":"https:\/\/begamer.cz\/sk\/wp-json\/wp\/v2\/product\/100220","targetHints":{"allow":["GET"]}}],"collection":[{"href":"https:\/\/begamer.cz\/sk\/wp-json\/wp\/v2\/product"}],"about":[{"href":"https:\/\/begamer.cz\/sk\/wp-json\/wp\/v2\/types\/product"}],"replies":[{"embeddable":true,"href":"https:\/\/begamer.cz\/sk\/wp-json\/wp\/v2\/comments?post=100220"}],"wp:featuredmedia":[{"embeddable":true,"href":"https:\/\/begamer.cz\/sk\/wp-json\/wp\/v2\/media\/33386"}],"wp:attachment":[{"href":"https:\/\/begamer.cz\/sk\/wp-json\/wp\/v2\/media?parent=100220"}],"wp:term":[{"taxonomy":"product_brand","embeddable":true,"href":"https:\/\/begamer.cz\/sk\/wp-json\/wp\/v2\/product_brand?post=100220"},{"taxonomy":"product_cat","embeddable":true,"href":"https:\/\/begamer.cz\/sk\/wp-json\/wp\/v2\/product_cat?post=100220"},{"taxonomy":"product_tag","embeddable":true,"href":"https:\/\/begamer.cz\/sk\/wp-json\/wp\/v2\/product_tag?post=100220"}],"curies":[{"name":"wp","href":"https:\/\/api.w.org\/{rel}","templated":true}]}}