{"id":100205,"date":"2026-01-30T17:59:40","date_gmt":"2026-01-30T16:59:40","guid":{"rendered":"https:\/\/begamer.cz\/produkt\/the-escapists-2-sk-1769792383\/"},"modified":"2026-03-10T23:41:29","modified_gmt":"2026-03-10T22:41:29","slug":"the-escapists-2-sk-3","status":"publish","type":"product","link":"https:\/\/begamer.cz\/sk\/produkt\/the-escapists-2-sk-3\/","title":{"rendered":"The Escapists 2"},"content":{"rendered":"<h1>O hre<\/h1>\n<p><span class=\"bb_img_ctn\"><img decoding=\"async\" class=\"bb_img\" src=\"https:\/\/shared.akamai.steamstatic.com\/store_item_assets\/steam\/apps\/641990\/extras\/ebefbab99c249a6da905cee052d6be24.avif?t=1726561627\" width=649 height=249 \/><\/span><\/p>\n<h2 class=\"bb_tag\" >Najlep\u0161ia sandboxov\u00e1 hra s v\u00e4zenskou tematikou!<\/h2>\n<p><span class=\"bb_img_ctn\"><video class=\"bb_img\" autoplay muted loop playsinline poster=\"https:\/\/shared.akamai.steamstatic.com\/store_item_assets\/steam\/apps\/641990\/extras\/8d6a45a9afcad03bcd110829a2f1af86.poster.avif?t=1726561627\" width=616 height=220 ><source src=\"https:\/\/shared.akamai.steamstatic.com\/store_item_assets\/steam\/apps\/641990\/extras\/8d6a45a9afcad03bcd110829a2f1af86.webm?t=1726561627\" type=\"video\/webm; codecs=vp9\"><source src=\"https:\/\/shared.akamai.steamstatic.com\/store_item_assets\/steam\/apps\/641990\/extras\/8d6a45a9afcad03bcd110829a2f1af86.mp4?t=1726561627\" type=\"video\/mp4\"><\/video><\/span><br \/>Riskni v\u0161etko, aby si unikol z najtvrd\u0161\u00edch v\u00e4zn\u00edc na svete. Presk\u00famaj doteraz najv\u00e4\u010d\u0161ie v\u00e4znice s viacer\u00fdmi poschodiami, strechami, vetrac\u00edmi \u0161achtami a podzemn\u00fdmi tunelmi.<br \/>Bude\u0161 musie\u0165 \u017ei\u0165 pod\u013ea v\u00e4zensk\u00fdch pravidiel, z\u00fa\u010dast\u0148ova\u0165 sa prezen\u010dn\u00fdch volan\u00ed, vykon\u00e1va\u0165 v\u00e4zensk\u00e9 pr\u00e1ce a dodr\u017eiava\u0165 pr\u00edsne rutiny, pri\u010dom bude\u0161 tajne pripravova\u0165 svoj \u00fatek na slobodu!<br \/>Tvoje v\u00e4zensk\u00e9 \u00fatekov\u00e9 eskap\u00e1dy \u0165a zaved\u00fa z mraziv\u00e9ho Fort Tundra, cez vlak r\u00fa\u017eiaci sa p\u00fa\u0161\u0165ou, a\u017e na kone\u010dn\u00fa hranicu!<\/p>\n<h2 class=\"bb_tag\" >Zbavte sa t\u00edmu!<\/h2>\n<p><span class=\"bb_img_ctn\"><video class=\"bb_img\" autoplay muted loop playsinline poster=\"https:\/\/shared.akamai.steamstatic.com\/store_item_assets\/steam\/apps\/641990\/extras\/98388031cdad69468da481cf3c4414d4.poster.avif?t=1726561627\" width=616 height=220 ><source src=\"https:\/\/shared.akamai.steamstatic.com\/store_item_assets\/steam\/apps\/641990\/extras\/98388031cdad69468da481cf3c4414d4.webm?t=1726561627\" type=\"video\/webm; codecs=vp9\"><source src=\"https:\/\/shared.akamai.steamstatic.com\/store_item_assets\/steam\/apps\/641990\/extras\/98388031cdad69468da481cf3c4414d4.mp4?t=1726561627\" type=\"video\/mp4\"><\/video><\/span><br \/>Spojte sa s a\u017e 3 priate\u013emi, vytvorte dokonal\u00fa \u00fanikov\u00fa partiu a napl\u00e1nujte najdivokej\u0161ie \u00fateky! Pripojte sa online alebo sa z\u00ed\u010fte na gau\u010di a pripravte sa na svoje tajn\u00e9 dobrodru\u017estv\u00e1. Spolo\u010dnou pr\u00e1cou budete m\u00f4c\u0165 vytvori\u0165 e\u0161te prepracovanej\u0161ie a odv\u00e1\u017enej\u0161ie pl\u00e1ny.<\/p>\n<p>M\u00e1te s\u00fa\u0165a\u017eiv\u00e9ho ducha? Ponorte sa do re\u017eimu versus a uk\u00e1\u017ete, \u017ee m\u00e1te schopnosti unikn\u00fa\u0165 z akejko\u013evek v\u00e4znice r\u00fdchlej\u0161ie ako va\u0161i priatelia. Ak v\u0161etko ostatn\u00e9 zlyh\u00e1, vyrie\u0161te svoje rivalstvo na dvore v\u00e4znice bitkou!<\/p>\n<h2 class=\"bb_tag\" >Vytvorte si svojho podvodn\u00edka!<\/h2>\n<p><span class=\"bb_img_ctn\"><video class=\"bb_img\" autoplay muted loop playsinline poster=\"https:\/\/shared.akamai.steamstatic.com\/store_item_assets\/steam\/apps\/641990\/extras\/ea477d702ba18b7f0170e021fbf3debc.poster.avif?t=1726561627\" width=616 height=220 ><source src=\"https:\/\/shared.akamai.steamstatic.com\/store_item_assets\/steam\/apps\/641990\/extras\/ea477d702ba18b7f0170e021fbf3debc.webm?t=1726561627\" type=\"video\/webm; codecs=vp9\"><source src=\"https:\/\/shared.akamai.steamstatic.com\/store_item_assets\/steam\/apps\/641990\/extras\/ea477d702ba18b7f0170e021fbf3debc.mp4?t=1726561627\" type=\"video\/mp4\"><\/video><\/span><br \/>Je \u010das, aby ste si svojho v\u00e4z\u0148a skuto\u010dne prisp\u00f4sobili. Vyberte si z obrovsk\u00e9ho mno\u017estva mo\u017enost\u00ed prisp\u00f4sobenia, aby bola va\u0161a postava jedine\u010dn\u00e1. Je d\u00f4le\u017eit\u00e9 vyzera\u0165 \u0161t\u00fdlovo, ke\u010f pl\u00e1nujete svoj \u00fatek.<\/p>\n<h2 class=\"bb_tag\" >Vytvorte si svoj \u00fatek!<\/h2>\n<p><span class=\"bb_img_ctn\"><video class=\"bb_img\" autoplay muted loop playsinline poster=\"https:\/\/shared.akamai.steamstatic.com\/store_item_assets\/steam\/apps\/641990\/extras\/212710c80c07f04e74548f7f70d3cb92.poster.avif?t=1726561627\" width=616 height=220 ><source src=\"https:\/\/shared.akamai.steamstatic.com\/store_item_assets\/steam\/apps\/641990\/extras\/212710c80c07f04e74548f7f70d3cb92.webm?t=1726561627\" type=\"video\/webm; codecs=vp9\"><source src=\"https:\/\/shared.akamai.steamstatic.com\/store_item_assets\/steam\/apps\/641990\/extras\/212710c80c07f04e74548f7f70d3cb92.mp4?t=1726561627\" type=\"video\/mp4\"><\/video><\/span><br \/>Pobyt vo v\u00e4zen\u00ed v\u00e1s n\u00fati by\u0165 kreat\u00edvny a pracova\u0165 s obmedzen\u00fdmi prostriedkami, ktor\u00e9 m\u00e1te k dispoz\u00edcii. Budete musie\u0165 kombinova\u0165 be\u017en\u00e9 predmety, ako je mydlo a pono\u017eky, aby ste vytvorili nov\u00e9 zbrane a n\u00e1stroje, ktor\u00e9 v\u00e1m pom\u00f4\u017eu dosiahnu\u0165 v\u00e1\u0161 cie\u013e. Ukradnite vidli\u010dky z jed\u00e1lne, aby ste vykopali tunel vo svojej izbe, a vytvorte plag\u00e1t z \u010dasopisov a lepiacej p\u00e1sky, aby ste skryli d\u00f4kazy. \u010coskoro zist\u00edte, \u017ee lepiaca p\u00e1ska vyrie\u0161i (takmer) v\u0161etko!<\/p>\n<h2 class=\"bb_tag\" >Pripravte sa na boj!\u00a0<\/h2>\n<p><span class=\"bb_img_ctn\"><video class=\"bb_img\" autoplay muted loop playsinline poster=\"https:\/\/shared.akamai.steamstatic.com\/store_item_assets\/steam\/apps\/641990\/extras\/add31974b7f067b872f48d42a10eed0a.poster.avif?t=1726561627\" width=616 height=220 ><source src=\"https:\/\/shared.akamai.steamstatic.com\/store_item_assets\/steam\/apps\/641990\/extras\/add31974b7f067b872f48d42a10eed0a.webm?t=1726561627\" type=\"video\/webm; codecs=vp9\"><source src=\"https:\/\/shared.akamai.steamstatic.com\/store_item_assets\/steam\/apps\/641990\/extras\/add31974b7f067b872f48d42a10eed0a.mp4?t=1726561627\" type=\"video\/mp4\"><\/video><\/span><br \/>The Escapists 2 prin\u00e1\u0161a \u00faplne nov\u00fd bojov\u00fd syst\u00e9m, v\u010faka ktor\u00e9mu s\u00fa v\u0161etky v\u00e4zensk\u00e9 bitky vzru\u0161uj\u00facej\u0161ie a interakt\u00edvnej\u0161ie. Budete musie\u0165 blokova\u0165 a sp\u00e1ja\u0165 re\u0165azce \u00fatokov, zatia\u013e \u010do budete \u00fato\u010di\u0165 na svoje zamknut\u00e9 ciele, aby ste z\u00edskali prevahu v boji. Nezabudnite najprv nav\u0161t\u00edvi\u0165 posil\u0148ov\u0148u, aby ste si vybudovali svaly!<\/p>\n<h2 class=\"bb_tag\" >Nov\u00e9 sp\u00f4soby \u00fateku!<\/h2>\n<p><span class=\"bb_img_ctn\"><video class=\"bb_img\" autoplay muted loop playsinline poster=\"https:\/\/shared.akamai.steamstatic.com\/store_item_assets\/steam\/apps\/641990\/extras\/30cdacb05bf0f7d78bc4ea319f69f111.poster.avif?t=1726561627\" width=616 height=220 ><source src=\"https:\/\/shared.akamai.steamstatic.com\/store_item_assets\/steam\/apps\/641990\/extras\/30cdacb05bf0f7d78bc4ea319f69f111.webm?t=1726561627\" type=\"video\/webm; codecs=vp9\"><source src=\"https:\/\/shared.akamai.steamstatic.com\/store_item_assets\/steam\/apps\/641990\/extras\/30cdacb05bf0f7d78bc4ea319f69f111.mp4?t=1726561627\" type=\"video\/mp4\"><\/video><\/span><br \/>Ke\u010f\u017ee v\u00e4znice s\u00fa \u010doraz pr\u00edsnej\u0161ie, budete musie\u0165 by\u0165 pri svojich \u00fatekov\u00fdch pl\u00e1noch kreat\u00edvnej\u0161\u00ed. Existuje mno\u017estvo mo\u017enost\u00ed, ako zvl\u00e1dnu\u0165 takmer ka\u017ed\u00fd \u00fatek z v\u00e4zenia.<\/p>\n<h2 class=\"bb_tag\" >Postavte si v\u00e4zenie!<\/h2>\n<p><span class=\"bb_img_ctn\"><video class=\"bb_img\" autoplay muted loop playsinline poster=\"https:\/\/shared.akamai.steamstatic.com\/store_item_assets\/steam\/apps\/641990\/extras\/ba054e9dd714f9b75cb8839ac0807977.poster.avif?t=1726561627\" width=616 height=252 ><source src=\"https:\/\/shared.akamai.steamstatic.com\/store_item_assets\/steam\/apps\/641990\/extras\/ba054e9dd714f9b75cb8839ac0807977.webm?t=1726561627\" type=\"video\/webm; codecs=vp9\"><source src=\"https:\/\/shared.akamai.steamstatic.com\/store_item_assets\/steam\/apps\/641990\/extras\/ba054e9dd714f9b75cb8839ac0807977.mp4?t=1726561627\" type=\"video\/mp4\"><\/video><\/span><br \/>S editorom v\u00e4zenskej mapy je na v\u00e1s, aby ste postavili v\u00e4zenie hodn\u00e9 najtvrd\u0161\u00edch v\u00e4z\u0148ov! Obsahuje v\u0161etky miestnosti, ploty a str\u00e1\u017ene psy, ktor\u00e9 potrebujete na postavenie v\u00e4zenia, ktor\u00e9 je tak tvrd\u00e9, ako si to dok\u00e1\u017eete predstavi\u0165 \u2013 bez potreby lepiacej p\u00e1sky.<br \/>M\u00f4\u017eete si vybra\u0165 tieto v\u00e4zensk\u00e9 pl\u00e1ny a za\u010da\u0165 vytv\u00e1ra\u0165 svoje vlastn\u00e9 v\u00fdtvory prostredn\u00edctvom mo\u017enosti Vlastn\u00e9 v\u00e4znice v hlavnom menu. Ke\u010f budete pripraven\u00ed, m\u00f4\u017eete ich uk\u00e1za\u0165 svetu zdie\u013ean\u00edm prostredn\u00edctvom slu\u017eby Steam Workshop, kde si m\u00f4\u017eete stiahnu\u0165 a odobera\u0165 v\u00e4znice od ostatn\u00fdch architektov \u2013 v\u0161etky vlastn\u00e9 mapy je mo\u017en\u00e9 hra\u0165 bu\u010f s\u00f3lo, alebo v lok\u00e1lnom aj online multiplayeri!<\/p>\n<h2 class=\"bb_tag\" >Funkcie<\/h2>\n<ul class=\"bb_ul\">\n<li>11 v\u00e4zn\u00edc<\/li>\n<li>Kooperat\u00edvny a s\u00fa\u0165a\u017en\u00fd multiplayer a\u017e pre 4 hr\u00e1\u010dov<\/li>\n<li> Drop-in\/ Drop-out Online\/Splitscreen multiplayer<\/li>\n<li>Viac ako 300 prisp\u00f4soben\u00ed<\/li>\n<li>Viacpodla\u017en\u00e9 v\u00e4znice<\/li>\n<\/ul>\n<p><span class=\"bb_img_ctn\"><img decoding=\"async\" class=\"bb_img\" src=\"https:\/\/shared.akamai.steamstatic.com\/store_item_assets\/steam\/apps\/641990\/extras\/d3f581763f9757c5800d5378b709bd96.avif?t=1726561627\" width=616 height=220 \/><\/span><\/p>\n","protected":false},"excerpt":{"rendered":"<p>Vytv\u00e1rajte, kradnite, bojujte a unikajte! Je \u010das unikn\u00fa\u0165 z najtvrd\u0161\u00edch v\u00e4zn\u00edc na svete, ke\u010f sa vr\u00e1tite do \u017eivota v\u00e4z\u0148a v hre The Escapists 2, teraz s multiplayerom! M\u00e1te na to, aby ste unikli?<\/p>\n","protected":false},"featured_media":33254,"comment_status":"open","ping_status":"closed","template":"","meta":{"_acf_changed":false},"product_brand":[],"product_cat":[270,290,294,268,266,308,314,312,318,9082],"product_tag":[],"class_list":{"0":"post-100205","1":"product","2":"type-product","3":"status-publish","4":"has-post-thumbnail","6":"product_cat-adventury-pc-hry-sk","7":"product_cat-indie-hry-pc-sk","8":"product_cat-logicke-pc-hry-sk","9":"product_cat-pc-sk","10":"product_cat-pc-hry-sk","11":"product_cat-rpg-pc-hry-sk","12":"product_cat-simulatory-pc-hry-sk","13":"product_cat-steam-pc-sk","14":"product_cat-strategie-pc-hry-sk","15":"product_cat-takticke-3","16":"pa_countries-at","17":"pa_countries-be","18":"pa_countries-bg","19":"pa_countries-cy","20":"pa_countries-cz","22":"pa_countries-de","23":"pa_countries-dk","24":"pa_countries-ee","25":"pa_countries-es","26":"pa_countries-fi","27":"pa_countries-fr","28":"pa_countries-gr","29":"pa_countries-hr","30":"pa_countries-hu","31":"pa_countries-ie","32":"pa_countries-it","33":"pa_countries-lt","34":"pa_countries-lu","35":"pa_countries-lv","36":"pa_countries-mt","37":"pa_countries-nl","38":"pa_countries-pl","39":"pa_countries-pt","40":"pa_countries-ro","41":"pa_countries-se","42":"pa_countries-si","43":"pa_countries-sk","44":"pa_developer-mouldy-toof-studios","46":"pa_game_type-main_game","48":"pa_genres-adventure","49":"pa_genres-indie","50":"pa_genres-puzzle","51":"pa_genres-role-playing-rpg","52":"pa_genres-simulator","53":"pa_genres-strategy","54":"pa_genres-tactical","56":"pa_interface-de-de","57":"pa_interface-en-gb","58":"pa_interface-en-us","59":"pa_interface-es-es","60":"pa_interface-es-mx","61":"pa_interface-fr-fr","62":"pa_interface-it-it","63":"pa_interface-ja-jp","64":"pa_interface-ru-ru","66":"pa_interface-zh-cn","67":"pa_keywords-crafting","68":"pa_keywords-crime","70":"pa_keywords-pax-west-2017","71":"pa_keywords-sequel","72":"pa_modes-co-operative","73":"pa_modes-multiplayer","75":"pa_modes-single-player","76":"pa_pegi-13424","77":"pa_pegi-772","78":"pa_platform-pc-steam","80":"pa_player_perspectives-bird-view-isometric","82":"pa_publisher-team17","84":"pa_rating-1093","85":"pa_rating-14476","86":"pa_region-europe","88":"pa_subtitles-de-de","90":"pa_subtitles-en-gb","91":"pa_subtitles-en-us","92":"pa_subtitles-es-es","93":"pa_subtitles-es-mx","94":"pa_subtitles-fr-fr","95":"pa_subtitles-it-it","96":"pa_subtitles-ru-ru","97":"pa_subtitles-zh-cn","98":"pa_themes-action","99":"pa_themes-sandbox","100":"pa_themes-stealth","103":"first","104":"instock","105":"virtual","106":"taxable","107":"purchasable","108":"product-type-simple"},"yoast_head":"<!-- This site is optimized with the Yoast SEO plugin v27.4 - https:\/\/yoast.com\/product\/yoast-seo-wordpress\/ -->\n<title>The Escapists 2 | BeGamer.cz<\/title>\n<meta name=\"robots\" content=\"index, follow, max-snippet:-1, max-image-preview:large, max-video-preview:-1\" \/>\n<link rel=\"canonical\" href=\"https:\/\/begamer.cz\/sk\/produkt\/the-escapists-2-sk-3\/\" \/>\n<meta property=\"og:locale\" content=\"sk_SK\" \/>\n<meta property=\"og:type\" content=\"article\" \/>\n<meta property=\"og:title\" content=\"The Escapists 2 | BeGamer.cz\" \/>\n<meta property=\"og:description\" content=\"Vytv\u00e1rajte, kradnite, bojujte a unikajte! Je \u010das unikn\u00fa\u0165 z najtvrd\u0161\u00edch v\u00e4zn\u00edc na svete, ke\u010f sa vr\u00e1tite do \u017eivota v\u00e4z\u0148a v hre The Escapists 2, teraz s multiplayerom! M\u00e1te na to, aby ste unikli?\" \/>\n<meta property=\"og:url\" content=\"https:\/\/begamer.cz\/sk\/produkt\/the-escapists-2-sk-3\/\" \/>\n<meta property=\"og:site_name\" content=\"BeGamer.cz\" \/>\n<meta property=\"article:modified_time\" content=\"2026-03-10T22:41:29+00:00\" \/>\n<meta property=\"og:image\" content=\"https:\/\/begamer.cz\/wp-content\/uploads\/2026\/01\/the-escapists-2-11.webp\" \/>\n\t<meta property=\"og:image:width\" content=\"300\" \/>\n\t<meta property=\"og:image:height\" content=\"400\" \/>\n\t<meta property=\"og:image:type\" content=\"image\/webp\" \/>\n<meta name=\"twitter:card\" content=\"summary_large_image\" \/>\n<meta name=\"twitter:label1\" content=\"Predpokladan\u00fd \u010das \u010d\u00edtania\" \/>\n\t<meta name=\"twitter:data1\" content=\"3 min\u00faty\" \/>\n<script type=\"application\/ld+json\" class=\"yoast-schema-graph\">{\"@context\":\"https:\\\/\\\/schema.org\",\"@graph\":[{\"@type\":\"WebPage\",\"@id\":\"https:\\\/\\\/begamer.cz\\\/sk\\\/produkt\\\/the-escapists-2-sk-3\\\/\",\"url\":\"https:\\\/\\\/begamer.cz\\\/sk\\\/produkt\\\/the-escapists-2-sk-3\\\/\",\"name\":\"The Escapists 2 | BeGamer.cz\",\"isPartOf\":{\"@id\":\"https:\\\/\\\/begamer.cz\\\/sk\\\/#website\"},\"primaryImageOfPage\":{\"@id\":\"https:\\\/\\\/begamer.cz\\\/sk\\\/produkt\\\/the-escapists-2-sk-3\\\/#primaryimage\"},\"image\":{\"@id\":\"https:\\\/\\\/begamer.cz\\\/sk\\\/produkt\\\/the-escapists-2-sk-3\\\/#primaryimage\"},\"thumbnailUrl\":\"https:\\\/\\\/begamer.cz\\\/wp-content\\\/uploads\\\/2026\\\/01\\\/the-escapists-2-11.webp\",\"datePublished\":\"2026-01-30T16:59:40+00:00\",\"dateModified\":\"2026-03-10T22:41:29+00:00\",\"breadcrumb\":{\"@id\":\"https:\\\/\\\/begamer.cz\\\/sk\\\/produkt\\\/the-escapists-2-sk-3\\\/#breadcrumb\"},\"inLanguage\":\"sk-SK\",\"potentialAction\":[{\"@type\":\"ReadAction\",\"target\":[\"https:\\\/\\\/begamer.cz\\\/sk\\\/produkt\\\/the-escapists-2-sk-3\\\/\"]}]},{\"@type\":\"ImageObject\",\"inLanguage\":\"sk-SK\",\"@id\":\"https:\\\/\\\/begamer.cz\\\/sk\\\/produkt\\\/the-escapists-2-sk-3\\\/#primaryimage\",\"url\":\"https:\\\/\\\/begamer.cz\\\/wp-content\\\/uploads\\\/2026\\\/01\\\/the-escapists-2-11.webp\",\"contentUrl\":\"https:\\\/\\\/begamer.cz\\\/wp-content\\\/uploads\\\/2026\\\/01\\\/the-escapists-2-11.webp\",\"width\":300,\"height\":400},{\"@type\":\"BreadcrumbList\",\"@id\":\"https:\\\/\\\/begamer.cz\\\/sk\\\/produkt\\\/the-escapists-2-sk-3\\\/#breadcrumb\",\"itemListElement\":[{\"@type\":\"ListItem\",\"position\":1,\"name\":\"Domov\",\"item\":\"https:\\\/\\\/begamer.cz\\\/sk\\\/\"},{\"@type\":\"ListItem\",\"position\":2,\"name\":\"Obchod\",\"item\":\"https:\\\/\\\/begamer.cz\\\/obchod\\\/\"},{\"@type\":\"ListItem\",\"position\":3,\"name\":\"The Escapists 2\"}]},{\"@type\":\"WebSite\",\"@id\":\"https:\\\/\\\/begamer.cz\\\/sk\\\/#website\",\"url\":\"https:\\\/\\\/begamer.cz\\\/sk\\\/\",\"name\":\"BeGamer.cz\",\"description\":\"\",\"publisher\":{\"@id\":\"https:\\\/\\\/begamer.cz\\\/sk\\\/#organization\"},\"potentialAction\":[{\"@type\":\"SearchAction\",\"target\":{\"@type\":\"EntryPoint\",\"urlTemplate\":\"https:\\\/\\\/begamer.cz\\\/sk\\\/?s={search_term_string}\"},\"query-input\":{\"@type\":\"PropertyValueSpecification\",\"valueRequired\":true,\"valueName\":\"search_term_string\"}}],\"inLanguage\":\"sk-SK\"},{\"@type\":\"Organization\",\"@id\":\"https:\\\/\\\/begamer.cz\\\/sk\\\/#organization\",\"name\":\"BeGamer.cz\",\"url\":\"https:\\\/\\\/begamer.cz\\\/sk\\\/\",\"logo\":{\"@type\":\"ImageObject\",\"inLanguage\":\"sk-SK\",\"@id\":\"https:\\\/\\\/begamer.cz\\\/sk\\\/#\\\/schema\\\/logo\\\/image\\\/\",\"url\":\"https:\\\/\\\/begamer.cz\\\/wp-content\\\/uploads\\\/2025\\\/07\\\/logo.svg\",\"contentUrl\":\"https:\\\/\\\/begamer.cz\\\/wp-content\\\/uploads\\\/2025\\\/07\\\/logo.svg\",\"caption\":\"BeGamer.cz\"},\"image\":{\"@id\":\"https:\\\/\\\/begamer.cz\\\/sk\\\/#\\\/schema\\\/logo\\\/image\\\/\"}}]}<\/script>\n<!-- \/ Yoast SEO plugin. -->","yoast_head_json":{"title":"The Escapists 2 | BeGamer.cz","robots":{"index":"index","follow":"follow","max-snippet":"max-snippet:-1","max-image-preview":"max-image-preview:large","max-video-preview":"max-video-preview:-1"},"canonical":"https:\/\/begamer.cz\/sk\/produkt\/the-escapists-2-sk-3\/","og_locale":"sk_SK","og_type":"article","og_title":"The Escapists 2 | BeGamer.cz","og_description":"Vytv\u00e1rajte, kradnite, bojujte a unikajte! Je \u010das unikn\u00fa\u0165 z najtvrd\u0161\u00edch v\u00e4zn\u00edc na svete, ke\u010f sa vr\u00e1tite do \u017eivota v\u00e4z\u0148a v hre The Escapists 2, teraz s multiplayerom! M\u00e1te na to, aby ste unikli?","og_url":"https:\/\/begamer.cz\/sk\/produkt\/the-escapists-2-sk-3\/","og_site_name":"BeGamer.cz","article_modified_time":"2026-03-10T22:41:29+00:00","og_image":[{"width":300,"height":400,"url":"https:\/\/begamer.cz\/wp-content\/uploads\/2026\/01\/the-escapists-2-11.webp","type":"image\/webp"}],"twitter_card":"summary_large_image","twitter_misc":{"Predpokladan\u00fd \u010das \u010d\u00edtania":"3 min\u00faty"},"schema":{"@context":"https:\/\/schema.org","@graph":[{"@type":"WebPage","@id":"https:\/\/begamer.cz\/sk\/produkt\/the-escapists-2-sk-3\/","url":"https:\/\/begamer.cz\/sk\/produkt\/the-escapists-2-sk-3\/","name":"The Escapists 2 | BeGamer.cz","isPartOf":{"@id":"https:\/\/begamer.cz\/sk\/#website"},"primaryImageOfPage":{"@id":"https:\/\/begamer.cz\/sk\/produkt\/the-escapists-2-sk-3\/#primaryimage"},"image":{"@id":"https:\/\/begamer.cz\/sk\/produkt\/the-escapists-2-sk-3\/#primaryimage"},"thumbnailUrl":"https:\/\/begamer.cz\/wp-content\/uploads\/2026\/01\/the-escapists-2-11.webp","datePublished":"2026-01-30T16:59:40+00:00","dateModified":"2026-03-10T22:41:29+00:00","breadcrumb":{"@id":"https:\/\/begamer.cz\/sk\/produkt\/the-escapists-2-sk-3\/#breadcrumb"},"inLanguage":"sk-SK","potentialAction":[{"@type":"ReadAction","target":["https:\/\/begamer.cz\/sk\/produkt\/the-escapists-2-sk-3\/"]}]},{"@type":"ImageObject","inLanguage":"sk-SK","@id":"https:\/\/begamer.cz\/sk\/produkt\/the-escapists-2-sk-3\/#primaryimage","url":"https:\/\/begamer.cz\/wp-content\/uploads\/2026\/01\/the-escapists-2-11.webp","contentUrl":"https:\/\/begamer.cz\/wp-content\/uploads\/2026\/01\/the-escapists-2-11.webp","width":300,"height":400},{"@type":"BreadcrumbList","@id":"https:\/\/begamer.cz\/sk\/produkt\/the-escapists-2-sk-3\/#breadcrumb","itemListElement":[{"@type":"ListItem","position":1,"name":"Domov","item":"https:\/\/begamer.cz\/sk\/"},{"@type":"ListItem","position":2,"name":"Obchod","item":"https:\/\/begamer.cz\/obchod\/"},{"@type":"ListItem","position":3,"name":"The Escapists 2"}]},{"@type":"WebSite","@id":"https:\/\/begamer.cz\/sk\/#website","url":"https:\/\/begamer.cz\/sk\/","name":"BeGamer.cz","description":"","publisher":{"@id":"https:\/\/begamer.cz\/sk\/#organization"},"potentialAction":[{"@type":"SearchAction","target":{"@type":"EntryPoint","urlTemplate":"https:\/\/begamer.cz\/sk\/?s={search_term_string}"},"query-input":{"@type":"PropertyValueSpecification","valueRequired":true,"valueName":"search_term_string"}}],"inLanguage":"sk-SK"},{"@type":"Organization","@id":"https:\/\/begamer.cz\/sk\/#organization","name":"BeGamer.cz","url":"https:\/\/begamer.cz\/sk\/","logo":{"@type":"ImageObject","inLanguage":"sk-SK","@id":"https:\/\/begamer.cz\/sk\/#\/schema\/logo\/image\/","url":"https:\/\/begamer.cz\/wp-content\/uploads\/2025\/07\/logo.svg","contentUrl":"https:\/\/begamer.cz\/wp-content\/uploads\/2025\/07\/logo.svg","caption":"BeGamer.cz"},"image":{"@id":"https:\/\/begamer.cz\/sk\/#\/schema\/logo\/image\/"}}]}},"acf":[],"_links":{"self":[{"href":"https:\/\/begamer.cz\/sk\/wp-json\/wp\/v2\/product\/100205","targetHints":{"allow":["GET"]}}],"collection":[{"href":"https:\/\/begamer.cz\/sk\/wp-json\/wp\/v2\/product"}],"about":[{"href":"https:\/\/begamer.cz\/sk\/wp-json\/wp\/v2\/types\/product"}],"replies":[{"embeddable":true,"href":"https:\/\/begamer.cz\/sk\/wp-json\/wp\/v2\/comments?post=100205"}],"wp:featuredmedia":[{"embeddable":true,"href":"https:\/\/begamer.cz\/sk\/wp-json\/wp\/v2\/media\/33254"}],"wp:attachment":[{"href":"https:\/\/begamer.cz\/sk\/wp-json\/wp\/v2\/media?parent=100205"}],"wp:term":[{"taxonomy":"product_brand","embeddable":true,"href":"https:\/\/begamer.cz\/sk\/wp-json\/wp\/v2\/product_brand?post=100205"},{"taxonomy":"product_cat","embeddable":true,"href":"https:\/\/begamer.cz\/sk\/wp-json\/wp\/v2\/product_cat?post=100205"},{"taxonomy":"product_tag","embeddable":true,"href":"https:\/\/begamer.cz\/sk\/wp-json\/wp\/v2\/product_tag?post=100205"}],"curies":[{"name":"wp","href":"https:\/\/api.w.org\/{rel}","templated":true}]}}