{"id":616,"date":"2025-07-01T17:29:17","date_gmt":"2025-07-01T15:29:17","guid":{"rendered":"https:\/\/linen-rabbit-436768.hostingersite.com\/ochrana-osobnich-udaju\/"},"modified":"2026-04-01T09:59:25","modified_gmt":"2026-04-01T07:59:25","slug":"ochrana-osobnych-udajov","status":"publish","type":"page","link":"https:\/\/begamer.cz\/sk\/ochrana-osobnych-udajov\/","title":{"rendered":"Ochrana osobn\u00fdch \u00fadajov"},"content":{"rendered":"\n<p>Z\u00e1sady pr\u00e1ce s va\u0161imi \u00fadajmi<\/p>\n\n<p>Sme spolo\u010dnos\u0165 HashMine s.r.o., P\u0159\u00ed\u010dn\u00e1 1892\/4, Nov\u00e9 M\u011bsto, 110 00 Praha 1<\/p>\n\n<p>Prev\u00e1dzkujeme e-shop na webov\u00fdch str\u00e1nkach www.begamer.cz<\/p>\n\n<p>Na predaj tovaru a prev\u00e1dzku na\u0161ich webov\u00fdch str\u00e1nok sprac\u00favame niektor\u00e9 osobn\u00e9 \u00fadaje.<\/p>\n\n<p>Sprac\u00favanie osobn\u00fdch \u00fadajov upravuje najm\u00e4 nariadenie Eur\u00f3pskeho parlamentu a Rady (E\u00da) 2016\/679 z 27. apr\u00edla 2016 o ochrane fyzick\u00fdch os\u00f4b pri sprac\u00favan\u00ed osobn\u00fdch \u00fadajov a o vo\u013enom pohybe tak\u00fdchto \u00fadajov, ktor\u00fdm sa zru\u0161uje smernica 95\/46\/ES (v\u0161eobecn\u00e9 nariadenie o ochrane \u00fadajov) (\u201eGDPR\u201c) <\/p>\n\n<h3 class=\"wp-block-heading\">I. Sprac\u00favanie osobn\u00fdch \u00fadajov<\/h3>\n\n<h4 class=\"wp-block-heading\">A. Sprac\u00favanie osobn\u00fdch \u00fadajov v pr\u00edpade pou\u017eitia kontaktn\u00e9ho formul\u00e1ra<\/h4>\n\n<p>Ak dopytuje\u0161 na\u0161e produkty a slu\u017eby, budeme pracova\u0165 s tvojimi kontaktn\u00fdmi \u00fadajmi, ktor\u00e9 n\u00e1m ozn\u00e1mi\u0161, hlavne prostredn\u00edctvom dopytov\u00e9ho formul\u00e1ra. S\u00fa to: meno a priezvisko, e-mailov\u00e1 adresa a inform\u00e1cie o tovare <\/p>\n\n<p>Z ak\u00e9ho d\u00f4vodu?<\/p>\n\n<p>Cez ne \u0165a budeme kontaktova\u0165 kv\u00f4li \u010fal\u0161ej dohode oh\u013eadom tovaru.<\/p>\n\n<p>Na z\u00e1klade ak\u00e9ho pr\u00e1vneho d\u00f4vodu?<\/p>\n\n<p>Ide o sprac\u00favanie na z\u00e1klade \u010dl. 6 ods. 1 p\u00edsm. b) GDPR \u2013 rokovanie o zmluve, resp. vykonanie opatren\u00ed pred uzatvoren\u00edm zmluvy na tvoju \u017eiados\u0165.    <\/p>\n\n<p>Ako dlho budeme osobn\u00e9 \u00fadaje sprac\u00fava\u0165?<\/p>\n\n<p>Ak nenadvia\u017eeme \u010fal\u0161iu spolupr\u00e1cu, tvoje d\u00e1ta budeme sprac\u00fava\u0165 najdlh\u0161ie po dobu 1 roka od na\u0161ej poslednej komunik\u00e1cie.<\/p>\n\n<h4 class=\"wp-block-heading\">B. Sprac\u00favanie osobn\u00fdch \u00fadajov v pr\u00edpade n\u00e1kupu<\/h4>\n\n<p>Ak u n\u00e1s nak\u00fapi\u0161, budeme pracova\u0165 s \u00fadajmi, ktor\u00e9 vypln\u00ed\u0161. S\u00fa to hlavne faktura\u010dn\u00e9 \u00fadaje: meno, priezvisko, adresa, inform\u00e1cie o tovare, telef\u00f3nny kontakt <\/p>\n\n<p>Z ak\u00e9ho d\u00f4vodu?<\/p>\n\n<p>Osobn\u00e9 \u00fadaje potrebujeme sprac\u00fava\u0165, aby sme splnili na\u0161u zmluvu \u2013 dodali ti n\u00e1\u0161 tovar.<\/p>\n\n<p>Cez kontaktn\u00e9 \u00fadaje s tebou budeme tie\u017e komunikova\u0165 oh\u013eadom stavu tvojej objedn\u00e1vky, pr\u00edpadne oh\u013eadom reklam\u00e1ci\u00ed alebo tvojich ot\u00e1zok.<\/p>\n\n<p>Osobn\u00e9 \u00fadaje budeme \u010falej sprac\u00fava\u0165 na splnenie na\u0161ich povinnost\u00ed, ktor\u00e9 n\u00e1m vypl\u00fdvaj\u00fa zo z\u00e1kona (hlavne na \u00fa\u010dtovn\u00e9 a da\u0148ov\u00e9 \u00fa\u010dely, pr\u00edpadne na vybavenie reklam\u00e1ci\u00ed).<\/p>\n\n<p>Na z\u00e1klade ak\u00e9ho pr\u00e1vneho d\u00f4vodu osobn\u00ed \u00fadaje sprac\u00favame?<\/p>\n\n<p>Ide o sprac\u00favanie na z\u00e1klade \u010dl. 6 ods. 1 p\u00edsm. b) GDPR \u2013 plnenie zmluvy a \u010dl. 6 ods. 1 p\u00edsm. c) GDPR \u2013 plnenie na\u0161ej pr\u00e1vnej povinnosti.      <\/p>\n\n<p>Ako dlho budeme osobn\u00e9 \u00fadaje sprac\u00fava\u0165?<\/p>\n\n<p>\u00dadaje sprac\u00favan\u00e9 na \u00fa\u010dely plnenia zmluvy uchov\u00e1vame po\u010das trvania zmluvn\u00e9ho vz\u0165ahu a \u010falej 1 rok od jeho ukon\u010denia (napr\u00edklad na vybavenie reklam\u00e1ci\u00ed alebo s\u00favisiacich n\u00e1rokov).<\/p>\n\n<p>\u00dadaje, ktor\u00e9 s\u00fa s\u00fa\u010das\u0165ou \u00fa\u010dtovn\u00fdch dokladov, uchov\u00e1vame po\u010das doby stanovenej pr\u00e1vnymi predpismi, zvy\u010dajne 10 rokov.<\/p>\n\n<h3 class=\"wp-block-heading\">C. Newslettery (obchodn\u00e9 ozn\u00e1menia)<\/h3>\n\n<p>Ak si nakupuj\u00faci z\u00e1kazn\u00edk a nezak\u00e1zal si n\u00e1m to pri n\u00e1kupe, pou\u017eijeme tvoju e-mailov\u00fa adresu na zasielanie na\u0161ich noviniek.<\/p>\n\n<p>Na z\u00e1klade ak\u00e9ho pr\u00e1vneho d\u00f4vodu?<\/p>\n\n<p>Umo\u017e\u0148uje n\u00e1m to ust. \u00a7 7 ods. 3 z\u00e1kona \u010d. 480\/2004 Zb., o niektor\u00fdch slu\u017eb\u00e1ch informa\u010dnej spolo\u010dnosti (v zmysle \u010desk\u00fdch pr\u00e1vnych predpisov), ak si n\u00e1m to pri n\u00e1kupe nezak\u00e1zal.<\/p>\n\n<p>Ako dlho budeme osobn\u00e9 \u00fadaje sprac\u00fava\u0165? 2 roky od tvojho posledn\u00e9ho n\u00e1kupu. Zo zasielania sa m\u00f4\u017ee\u0161 kedyko\u013evek odhl\u00e1si\u0165 prostredn\u00edctvom e-mailu alebo n\u00e1s kontaktuj na e-maile: info@begamer.cz  <\/p>\n\n<h3 class=\"wp-block-heading\">II. Kto sa k d\u00e1tam dostane? <\/h3>\n\n<p>Tvoje d\u00e1ta zostan\u00fa u n\u00e1s. Napriek tomu pre n\u00e1s pracuj\u00fa niektor\u00e9 spolo\u010dnosti alebo in\u00e9 osoby, ktor\u00e9 sa k d\u00e1tam dostan\u00fa preto, \u017ee n\u00e1m pom\u00e1haj\u00fa s chodom n\u00e1\u0161ho e-shopu. S\u00fa to:  <\/p>\n\n<p>\u25cf poskytovatelia hostingu a IT slu\u017eieb, ktor\u00ed sa staraj\u00fa o prev\u00e1dzku a bezpe\u010dnos\u0165 na\u0161ich syst\u00e9mov,<\/p>\n\n<p>\u25cf dopravcovia a logistick\u00e9 spolo\u010dnosti, aby ti mohli doru\u010di\u0165 tovar,<\/p>\n\n<p>\u25cf poskytovatelia platobn\u00fdch slu\u017eieb (napr. platobn\u00e9 br\u00e1ny, banky), aby sme mohli prija\u0165 a spracova\u0165 tvoju platbu,<\/p>\n\n<p>\u25cf \u00fa\u010dtovn\u00ed a da\u0148ov\u00ed poradcovia, ak to vy\u017eaduje z\u00e1kon,<\/p>\n\n<p>\u25cf marketingov\u00e9 a analytick\u00e9 slu\u017eby, ktor\u00e9 n\u00e1m pom\u00e1haj\u00fa zlep\u0161ova\u0165 na\u0161e slu\u017eby a komunik\u00e1ciu so z\u00e1kazn\u00edkmi (napr. rozosielanie newsletterov).<\/p>\n\n<p>Aktu\u00e1lny zoznam na\u0161ich zmluvn\u00fdch partnerov, ktor\u00ed maj\u00fa pr\u00edstup k osobn\u00fdm \u00fadajom, ti na vy\u017eiadanie ozn\u00e1mime na e-mailovej adrese info@begamer.cz.<\/p>\n\n<p>Osobn\u00e9 \u00fadaje sprac\u00favame iba na \u00fazem\u00ed Eur\u00f3pskej \u00fanie.<\/p>\n\n<h3 class=\"wp-block-heading\">III. \u010co by si mal \u010falej vedie\u0165 <\/h3>\n\n<p>V na\u0161ej spolo\u010dnosti nem\u00e1me vymenovan\u00e9ho zodpovedn\u00fa osobu pre ochranu osobn\u00fdch \u00fadajov.<\/p>\n\n<p>V na\u0161ej spolo\u010dnosti nedoch\u00e1dza k rozhodovaniu na z\u00e1klade automatizovan\u00e9ho sprac\u00favania \u010di profilovania.<\/p>\n\n<p>Ak by si mal k osobn\u00fdm \u00fadajom ot\u00e1zky, kontaktuj n\u00e1s na e-mailovej adrese info@begamer.cz<\/p>\n\n<h3 class=\"wp-block-heading\">IV. Pou\u017e\u00edvanie s\u00faborov cookies <\/h3>\n\n<p>Cookies s\u00fa textov\u00e9 s\u00fabory obsahuj\u00face mal\u00e9 mno\u017estvo inform\u00e1ci\u00ed, ktor\u00e9 sa pri n\u00e1v\u0161teve na\u0161ich webov\u00fdch str\u00e1nok s\u0165ahuj\u00fa do tvojho zariadenia. S\u00fabory cookies sa n\u00e1sledne pri ka\u017edej \u010fal\u0161ej n\u00e1v\u0161teve odosielaj\u00fa sp\u00e4\u0165 na webov\u00fa str\u00e1nku alebo in\u00fa webov\u00fa str\u00e1nku, ktor\u00e1 ich rozpozn\u00e1. <\/p>\n\n<p>S\u00fabory cookies plnia r\u00f4zne \u00falohy, napr\u00edklad umo\u017e\u0148uj\u00fa efekt\u00edvnu navig\u00e1ciu medzi webov\u00fdmi str\u00e1nkami, zapam\u00e4tanie si tvojich preferenci\u00ed a celkovo zlep\u0161uj\u00fa sk\u00fasenos\u0165 pou\u017e\u00edvate\u013ea. Dok\u00e1\u017eu tie\u017e zaisti\u0165, aby reklamy zobrazovan\u00e9 on-line boli lep\u0161ie prisp\u00f4soben\u00e9 tvojej osobe a tvojim z\u00e1ujmom. <\/p>\n\n<p>Na webov\u00fdch str\u00e1nkach pou\u017e\u00edvame nasleduj\u00face cookies:<\/p>\n\n<p>\u25cf Nevyhnutn\u00e9 cookies: s\u00fa potrebn\u00e9 na prev\u00e1dzku webov\u00fdch str\u00e1nok, umo\u017e\u0148uj\u00fa napr\u00edklad prihl\u00e1si\u0165 sa do zabezpe\u010den\u00fdch \u010dast\u00ed str\u00e1nok a \u010fal\u0161ie z\u00e1kladn\u00e9 funk\u010dnosti str\u00e1nok. T\u00e1to kateg\u00f3ria cookies sa ned\u00e1 zak\u00e1za\u0165. <\/p>\n\n<p>\u25cf Analytick\u00e9\/\u0161tatistick\u00e9 cookies: umo\u017e\u0148uj\u00fa n\u00e1m napr\u00edklad rozpozna\u0165 a zisti\u0165 po\u010det n\u00e1v\u0161tevn\u00edkov a sledova\u0165, ako na\u0161i n\u00e1v\u0161tevn\u00edci pou\u017e\u00edvaj\u00fa webov\u00e9 str\u00e1nky. Pom\u00e1haj\u00fa n\u00e1m zlep\u0161ova\u0165 sp\u00f4sob, ak\u00fdm str\u00e1nky funguj\u00fa, napr\u00edklad tak, \u017ee umo\u017e\u0148uj\u00fa pou\u017e\u00edvate\u013eom \u013eahko n\u00e1js\u0165 to, \u010do h\u013eadaj\u00fa. Tieto s\u00fabory sp\u00fa\u0161\u0165ame iba s tvoj\u00edm predch\u00e1dzaj\u00facim s\u00fahlasom.  <\/p>\n\n<p>\u25cf Reklamn\u00e9 cookies: pou\u017e\u00edvaj\u00fa sa na sledovanie preferenci\u00ed a umo\u017e\u0148uj\u00fa zobrazi\u0165 reklamu a \u010fal\u0161\u00ed obsah, ktor\u00e9 najlep\u0161ie zodpovedaj\u00fa tvojmu z\u00e1ujmu a online spr\u00e1vaniu. Tieto s\u00fabory sp\u00fa\u0161\u0165ame iba s tvoj\u00edm predch\u00e1dzaj\u00facim s\u00fahlasom. <\/p>\n\n<p>Upozor\u0148ujeme, \u017ee tretie strany (vr\u00e1tane napr. poskytovate\u013eov extern\u00fdch slu\u017eieb) m\u00f4\u017eu takisto pou\u017e\u00edva\u0165 cookies a\/alebo pristupova\u0165 k \u00fadajom zhroma\u017e\u010fovan\u00fdm cookies na webov\u00fdch str\u00e1nkach.<\/p>\n\n<p>Na analytick\u00e9 a reklamn\u00e9 \u00fa\u010dely vyu\u017e\u00edvame najm\u00e4 slu\u017eby Google Ireland Limited (Google Analytics) a Meta Platforms Ireland Limited (Facebook Pixel).<\/p>\n\n<p>\u010eal\u0161ie inform\u00e1cie o cookies a ich aktu\u00e1lny zoznam n\u00e1jde\u0161 prostredn\u00edctvom jednotliv\u00fdch internetov\u00fdch prehliada\u010dov, naj\u010dastej\u0161ie v polo\u017eke N\u00e1stroje pre v\u00fdvoj\u00e1rov.<\/p>\n\n<p>S\u00fahlas m\u00f4\u017ee by\u0165 vyjadren\u00fd prostredn\u00edctvom za\u0161krt\u00e1vacieho pol\u00ed\u010dka obsiahnut\u00e9ho v tzv. cookie li\u0161te. S\u00fabory cookies m\u00f4\u017ee\u0161 aj n\u00e1sledne v nastaven\u00ed svojho internetov\u00e9ho prehliada\u010da odmietnu\u0165, alebo si nastavi\u0165 pou\u017e\u00edvanie len niektor\u00fdch.  <\/p>\n\n<p>\u010eal\u0161ie inform\u00e1cie o spr\u00e1ve cookies v jednotliv\u00fdch prehliada\u010doch n\u00e1jde\u0161 na nasleduj\u00facich odkazoch:<\/p>\n\n<p>\u25cf Internet Explorer &#8211; <a href=\"https:\/\/support.microso\">https:\/\/support.microsoft.com\/sk-sk\/help\/17442\/windows-internet-explorer-delete-manage-cookies<\/a><\/p>\n\n<p>\u25cf Google Chrome &#8211; <a href=\"https:\/\/support.google.com\/chrome\/answer\/95647?co=GENIE.Platform%3DDesktop&amp;hl=cs\">https:\/\/support.google.com\/chrome\/answer\/95647?co=GENIE.Platform%3DDesktop&amp;hl=sk<\/a><\/p>\n\n<p>\u25cf Firefox &#8211; <a href=\"https:\/\/support.mozilla.org\/cs\/kb\/povoleni-zakazani-cookies\">https:\/\/support.mozilla.org\/sk\/kb\/povolenie-zakazanie-cookies<\/a><\/p>\n\n<p>\u25cf Safari &#8211; <a href=\"https:\/\/support.apple.com\/cs-cz\/guide\/safari\/sfri11471\/mac\">https:\/\/support.apple.com\/sk-sk\/guide\/safari\/sfri11471\/mac<\/a><\/p>\n\n<p>\u25cf Opera &#8211; <a href=\"https:\/\/help.opera.com\/cs\/latest\/security-and-privacy\/\">https:\/\/help.opera.com\/cs\/latest\/security-and-privacy\/<\/a><\/p>\n\n<p>\u25cf Microsoft Edge &#8211; <a href=\"https:\/\/docs.microsoft.com\/cs-cz\/sccm\/compliance\/deploy-use\/browser-profiles\">https:\/\/docs.microsoft.com\/sk-sk\/sccm\/compliance\/deploy-use\/browser-profiles<\/a><\/p>\n\n<h3 class=\"wp-block-heading\">V. Tvoje pr\u00e1va v s\u00favislosti so sprac\u00favan\u00edm osobn\u00fdch \u00fadajov<\/h3>\n\n<p>Nariadenie GDPR ti d\u00e1va okrem in\u00e9ho pr\u00e1vo obr\u00e1ti\u0165 sa na n\u00e1s a chcie\u0165 inform\u00e1cie, ak\u00e9 tvoje osobn\u00e9 \u00fadaje sprac\u00favame, vy\u017eiada\u0165 si u n\u00e1s pr\u00edstup k t\u00fdmto \u00fadajom a necha\u0165 ich aktualizova\u0165 alebo opravi\u0165, popr\u00edpade po\u017eadova\u0165 obmedzenie sprac\u00favania, m\u00f4\u017ee\u0161 po\u017eadova\u0165 k\u00f3piu sprac\u00favan\u00fdch osobn\u00fdch \u00fadajov, po\u017eadova\u0165 od n\u00e1s v ur\u010dit\u00fdch situ\u00e1ci\u00e1ch v\u00fdmaz osobn\u00fdch \u00fadajov a v ur\u010dit\u00fdch pr\u00edpadoch m\u00e1\u0161 pr\u00e1vo na ich prenosite\u013enos\u0165. Proti sprac\u00favaniu na z\u00e1klade opr\u00e1vnen\u00e9ho z\u00e1ujmu <\/p>\n\n<p>mo\u017eno poda\u0165 n\u00e1mietku.<\/p>\n\n<p>Ak si mysl\u00ed\u0161, \u017ee s d\u00e1tami nenaklad\u00e1me spr\u00e1vne, m\u00e1\u0161 pr\u00e1vo poda\u0165 s\u0165a\u017enos\u0165 na <a href=\"https:\/\/uoou.gov.cz\/\">\u00darade na ochranu osobn\u00fdch \u00fadajov<\/a>, pr\u00edpadne sa so svojimi n\u00e1rokmi obr\u00e1ti\u0165 na s\u00fad.<\/p>\n\n<p>Tieto podmienky s\u00fa \u00fa\u010dinn\u00e9 od 1. 9. 2025<\/p>\n\n<h2 class=\"wp-block-heading\">Pr\u00edlohy<\/h2>\n\n<div class=\"wp-block-file\"><a id=\"wp-block-file--media-a4fe2251-b402-45b8-9632-0e8510538ecd\" href=\"https:\/\/begamer.cz\/wp-content\/uploads\/2025\/08\/Begamer-Podminky-ochrany-osobnich-udaju.pdf\">Begamer Podmienky ochrany osobn\u00fdch \u00fadajov<\/a><\/div>\n","protected":false},"excerpt":{"rendered":"<p>Z\u00e1sady pr\u00e1ce s va\u0161imi \u00fadajmi Sme spolo\u010dnos\u0165 HashMine s.r.o., P\u0159\u00ed\u010dn\u00e1 1892\/4, Nov\u00e9 M\u011bsto, 110 00 Praha 1 Prev\u00e1dzkujeme e-shop na webov\u00fdch str\u00e1nkach www.begamer.cz Na predaj tovaru a prev\u00e1dzku na\u0161ich webov\u00fdch str\u00e1nok sprac\u00favame niektor\u00e9 osobn\u00e9 \u00fadaje. Sprac\u00favanie osobn\u00fdch \u00fadajov upravuje najm\u00e4 nariadenie Eur\u00f3pskeho parlamentu a Rady (E\u00da) 2016\/679 z 27. apr\u00edla 2016 o ochrane fyzick\u00fdch os\u00f4b &hellip; <a href=\"https:\/\/begamer.cz\/sk\/ochrana-osobnych-udajov\/\">Viac<\/a><\/p>\n","protected":false},"author":1,"featured_media":0,"parent":0,"menu_order":0,"comment_status":"closed","ping_status":"open","template":"","meta":{"_acf_changed":false,"footnotes":""},"class_list":["post-616","page","type-page","status-publish","hentry"],"yoast_head":"<!-- This site is optimized with the Yoast SEO plugin v27.3 - https:\/\/yoast.com\/product\/yoast-seo-wordpress\/ -->\n<title>Ochrana osobn\u00fdch \u00fadajov | BeGamer.cz<\/title>\n<meta name=\"robots\" content=\"index, follow, max-snippet:-1, max-image-preview:large, max-video-preview:-1\" \/>\n<link rel=\"canonical\" href=\"https:\/\/begamer.cz\/sk\/ochrana-osobnych-udajov\/\" \/>\n<meta property=\"og:locale\" content=\"sk_SK\" \/>\n<meta property=\"og:type\" content=\"article\" \/>\n<meta property=\"og:title\" content=\"Ochrana osobn\u00fdch \u00fadajov | BeGamer.cz\" \/>\n<meta property=\"og:description\" content=\"Z\u00e1sady pr\u00e1ce s va\u0161imi \u00fadajmi Sme spolo\u010dnos\u0165 HashMine s.r.o., P\u0159\u00ed\u010dn\u00e1 1892\/4, Nov\u00e9 M\u011bsto, 110 00 Praha 1 Prev\u00e1dzkujeme e-shop na webov\u00fdch str\u00e1nkach www.begamer.cz Na predaj tovaru a prev\u00e1dzku na\u0161ich webov\u00fdch str\u00e1nok sprac\u00favame niektor\u00e9 osobn\u00e9 \u00fadaje. Sprac\u00favanie osobn\u00fdch \u00fadajov upravuje najm\u00e4 nariadenie Eur\u00f3pskeho parlamentu a Rady (E\u00da) 2016\/679 z 27. apr\u00edla 2016 o ochrane fyzick\u00fdch os\u00f4b &hellip; Viac\" \/>\n<meta property=\"og:url\" content=\"https:\/\/begamer.cz\/sk\/ochrana-osobnych-udajov\/\" \/>\n<meta property=\"og:site_name\" content=\"BeGamer.cz\" \/>\n<meta property=\"article:modified_time\" content=\"2026-04-01T07:59:25+00:00\" \/>\n<meta name=\"twitter:card\" content=\"summary_large_image\" \/>\n<meta name=\"twitter:label1\" content=\"Predpokladan\u00fd \u010das \u010d\u00edtania\" \/>\n\t<meta name=\"twitter:data1\" content=\"4 min\u00faty\" \/>\n<script type=\"application\/ld+json\" class=\"yoast-schema-graph\">{\"@context\":\"https:\\\/\\\/schema.org\",\"@graph\":[{\"@type\":\"WebPage\",\"@id\":\"https:\\\/\\\/begamer.cz\\\/sk\\\/ochrana-osobnych-udajov\\\/\",\"url\":\"https:\\\/\\\/begamer.cz\\\/sk\\\/ochrana-osobnych-udajov\\\/\",\"name\":\"Ochrana osobn\u00fdch \u00fadajov | BeGamer.cz\",\"isPartOf\":{\"@id\":\"https:\\\/\\\/begamer.cz\\\/sk\\\/#website\"},\"datePublished\":\"2025-07-01T15:29:17+00:00\",\"dateModified\":\"2026-04-01T07:59:25+00:00\",\"breadcrumb\":{\"@id\":\"https:\\\/\\\/begamer.cz\\\/sk\\\/ochrana-osobnych-udajov\\\/#breadcrumb\"},\"inLanguage\":\"sk-SK\",\"potentialAction\":[{\"@type\":\"ReadAction\",\"target\":[\"https:\\\/\\\/begamer.cz\\\/sk\\\/ochrana-osobnych-udajov\\\/\"]}]},{\"@type\":\"BreadcrumbList\",\"@id\":\"https:\\\/\\\/begamer.cz\\\/sk\\\/ochrana-osobnych-udajov\\\/#breadcrumb\",\"itemListElement\":[{\"@type\":\"ListItem\",\"position\":1,\"name\":\"Domov\",\"item\":\"https:\\\/\\\/begamer.cz\\\/sk\\\/\"},{\"@type\":\"ListItem\",\"position\":2,\"name\":\"Ochrana osobn\u00fdch \u00fadajov\"}]},{\"@type\":\"WebSite\",\"@id\":\"https:\\\/\\\/begamer.cz\\\/sk\\\/#website\",\"url\":\"https:\\\/\\\/begamer.cz\\\/sk\\\/\",\"name\":\"BeGamer.cz\",\"description\":\"\",\"publisher\":{\"@id\":\"https:\\\/\\\/begamer.cz\\\/sk\\\/#organization\"},\"potentialAction\":[{\"@type\":\"SearchAction\",\"target\":{\"@type\":\"EntryPoint\",\"urlTemplate\":\"https:\\\/\\\/begamer.cz\\\/sk\\\/?s={search_term_string}\"},\"query-input\":{\"@type\":\"PropertyValueSpecification\",\"valueRequired\":true,\"valueName\":\"search_term_string\"}}],\"inLanguage\":\"sk-SK\"},{\"@type\":\"Organization\",\"@id\":\"https:\\\/\\\/begamer.cz\\\/sk\\\/#organization\",\"name\":\"BeGamer.cz\",\"url\":\"https:\\\/\\\/begamer.cz\\\/sk\\\/\",\"logo\":{\"@type\":\"ImageObject\",\"inLanguage\":\"sk-SK\",\"@id\":\"https:\\\/\\\/begamer.cz\\\/sk\\\/#\\\/schema\\\/logo\\\/image\\\/\",\"url\":\"https:\\\/\\\/begamer.cz\\\/wp-content\\\/uploads\\\/2025\\\/07\\\/logo.svg\",\"contentUrl\":\"https:\\\/\\\/begamer.cz\\\/wp-content\\\/uploads\\\/2025\\\/07\\\/logo.svg\",\"caption\":\"BeGamer.cz\"},\"image\":{\"@id\":\"https:\\\/\\\/begamer.cz\\\/sk\\\/#\\\/schema\\\/logo\\\/image\\\/\"}}]}<\/script>\n<!-- \/ Yoast SEO plugin. -->","yoast_head_json":{"title":"Ochrana osobn\u00fdch \u00fadajov | BeGamer.cz","robots":{"index":"index","follow":"follow","max-snippet":"max-snippet:-1","max-image-preview":"max-image-preview:large","max-video-preview":"max-video-preview:-1"},"canonical":"https:\/\/begamer.cz\/sk\/ochrana-osobnych-udajov\/","og_locale":"sk_SK","og_type":"article","og_title":"Ochrana osobn\u00fdch \u00fadajov | BeGamer.cz","og_description":"Z\u00e1sady pr\u00e1ce s va\u0161imi \u00fadajmi Sme spolo\u010dnos\u0165 HashMine s.r.o., P\u0159\u00ed\u010dn\u00e1 1892\/4, Nov\u00e9 M\u011bsto, 110 00 Praha 1 Prev\u00e1dzkujeme e-shop na webov\u00fdch str\u00e1nkach www.begamer.cz Na predaj tovaru a prev\u00e1dzku na\u0161ich webov\u00fdch str\u00e1nok sprac\u00favame niektor\u00e9 osobn\u00e9 \u00fadaje. Sprac\u00favanie osobn\u00fdch \u00fadajov upravuje najm\u00e4 nariadenie Eur\u00f3pskeho parlamentu a Rady (E\u00da) 2016\/679 z 27. apr\u00edla 2016 o ochrane fyzick\u00fdch os\u00f4b &hellip; Viac","og_url":"https:\/\/begamer.cz\/sk\/ochrana-osobnych-udajov\/","og_site_name":"BeGamer.cz","article_modified_time":"2026-04-01T07:59:25+00:00","twitter_card":"summary_large_image","twitter_misc":{"Predpokladan\u00fd \u010das \u010d\u00edtania":"4 min\u00faty"},"schema":{"@context":"https:\/\/schema.org","@graph":[{"@type":"WebPage","@id":"https:\/\/begamer.cz\/sk\/ochrana-osobnych-udajov\/","url":"https:\/\/begamer.cz\/sk\/ochrana-osobnych-udajov\/","name":"Ochrana osobn\u00fdch \u00fadajov | BeGamer.cz","isPartOf":{"@id":"https:\/\/begamer.cz\/sk\/#website"},"datePublished":"2025-07-01T15:29:17+00:00","dateModified":"2026-04-01T07:59:25+00:00","breadcrumb":{"@id":"https:\/\/begamer.cz\/sk\/ochrana-osobnych-udajov\/#breadcrumb"},"inLanguage":"sk-SK","potentialAction":[{"@type":"ReadAction","target":["https:\/\/begamer.cz\/sk\/ochrana-osobnych-udajov\/"]}]},{"@type":"BreadcrumbList","@id":"https:\/\/begamer.cz\/sk\/ochrana-osobnych-udajov\/#breadcrumb","itemListElement":[{"@type":"ListItem","position":1,"name":"Domov","item":"https:\/\/begamer.cz\/sk\/"},{"@type":"ListItem","position":2,"name":"Ochrana osobn\u00fdch \u00fadajov"}]},{"@type":"WebSite","@id":"https:\/\/begamer.cz\/sk\/#website","url":"https:\/\/begamer.cz\/sk\/","name":"BeGamer.cz","description":"","publisher":{"@id":"https:\/\/begamer.cz\/sk\/#organization"},"potentialAction":[{"@type":"SearchAction","target":{"@type":"EntryPoint","urlTemplate":"https:\/\/begamer.cz\/sk\/?s={search_term_string}"},"query-input":{"@type":"PropertyValueSpecification","valueRequired":true,"valueName":"search_term_string"}}],"inLanguage":"sk-SK"},{"@type":"Organization","@id":"https:\/\/begamer.cz\/sk\/#organization","name":"BeGamer.cz","url":"https:\/\/begamer.cz\/sk\/","logo":{"@type":"ImageObject","inLanguage":"sk-SK","@id":"https:\/\/begamer.cz\/sk\/#\/schema\/logo\/image\/","url":"https:\/\/begamer.cz\/wp-content\/uploads\/2025\/07\/logo.svg","contentUrl":"https:\/\/begamer.cz\/wp-content\/uploads\/2025\/07\/logo.svg","caption":"BeGamer.cz"},"image":{"@id":"https:\/\/begamer.cz\/sk\/#\/schema\/logo\/image\/"}}]}},"acf":[],"_links":{"self":[{"href":"https:\/\/begamer.cz\/sk\/wp-json\/wp\/v2\/pages\/616","targetHints":{"allow":["GET"]}}],"collection":[{"href":"https:\/\/begamer.cz\/sk\/wp-json\/wp\/v2\/pages"}],"about":[{"href":"https:\/\/begamer.cz\/sk\/wp-json\/wp\/v2\/types\/page"}],"author":[{"embeddable":true,"href":"https:\/\/begamer.cz\/sk\/wp-json\/wp\/v2\/users\/1"}],"replies":[{"embeddable":true,"href":"https:\/\/begamer.cz\/sk\/wp-json\/wp\/v2\/comments?post=616"}],"version-history":[{"count":2,"href":"https:\/\/begamer.cz\/sk\/wp-json\/wp\/v2\/pages\/616\/revisions"}],"predecessor-version":[{"id":113562,"href":"https:\/\/begamer.cz\/sk\/wp-json\/wp\/v2\/pages\/616\/revisions\/113562"}],"wp:attachment":[{"href":"https:\/\/begamer.cz\/sk\/wp-json\/wp\/v2\/media?parent=616"}],"curies":[{"name":"wp","href":"https:\/\/api.w.org\/{rel}","templated":true}]}}