{"id":99885,"date":"2026-01-30T17:53:32","date_gmt":"2026-01-30T16:53:32","guid":{"rendered":"https:\/\/begamer.cz\/produkt\/ready-or-not-home-invasion-en\/"},"modified":"2026-03-10T23:17:38","modified_gmt":"2026-03-10T22:17:38","slug":"ready-or-not-home-invasion-en","status":"publish","type":"product","link":"https:\/\/begamer.cz\/en\/product\/ready-or-not-home-invasion-en\/","title":{"rendered":"Ready or Not: Home Invasion"},"content":{"rendered":"<p><strong>Los Sue\u00f1os<\/strong> \u2013 STATE OF EMERGENCY: Los Sue\u00f1os Police Department Chief Galo \u00c1lvarez issues an emergency broadcast regarding the City of Los Sue\u00f1os response to Hurricane Antonio. Massive property and environmental damage from the record-breaking Category 5 Hurricane Antonio with windspeeds and rainfall reported to affect most areas of the county. Patrol units on high alert with stationed checkpoints. Fire Rescue Medical Triage Centers erected on perimeters of major hospitals where possible. Temporary homeless shelters set outside severely damaged areas and into the Sierra del Sue\u00f1os mountains. Home invasion occurrences widespread and met with disaster response by LSPD SWAT.<\/p>\n<h2 class=\"bb_tag\" >Areas of confirmed looting and civil unrest: <\/h2>\n<p><span class=\"bb_img_ctn\"><video class=\"bb_img\" autoplay muted loop playsinline poster=\"https:\/\/shared.akamai.steamstatic.com\/store_item_assets\/steam\/apps\/3015760\/extras\/af100950c0fb4915a53f058ed5425041.poster.avif?t=1733935500\" width=608 height=174 ><source src=\"https:\/\/shared.akamai.steamstatic.com\/store_item_assets\/steam\/apps\/3015760\/extras\/af100950c0fb4915a53f058ed5425041.webm?t=1733935500\" type=\"video\/webm; codecs=vp9\"><source src=\"https:\/\/shared.akamai.steamstatic.com\/store_item_assets\/steam\/apps\/3015760\/extras\/af100950c0fb4915a53f058ed5425041.mp4?t=1733935500\" type=\"video\/mp4\"><\/video><\/span><br \/><strong>GREENSIDE<\/strong>\u2015 Catastrophic storm damage. A large portion of homeless people are seeking shelter due to unsafe conditions on the streets. Keep doors and windows barricaded.<\/p>\n<p><span class=\"bb_img_ctn\"><video class=\"bb_img\" autoplay muted loop playsinline poster=\"https:\/\/shared.akamai.steamstatic.com\/store_item_assets\/steam\/apps\/3015760\/extras\/bac5cab6c82ab59fa135f0b0e8d27218.poster.avif?t=1733935500\" width=608 height=174 ><source src=\"https:\/\/shared.akamai.steamstatic.com\/store_item_assets\/steam\/apps\/3015760\/extras\/bac5cab6c82ab59fa135f0b0e8d27218.webm?t=1733935500\" type=\"video\/webm; codecs=vp9\"><source src=\"https:\/\/shared.akamai.steamstatic.com\/store_item_assets\/steam\/apps\/3015760\/extras\/bac5cab6c82ab59fa135f0b0e8d27218.mp4?t=1733935500\" type=\"video\/mp4\"><\/video><\/span><br \/><strong>213 PARK<\/strong>\u2014 Major storm damage. Evidence of gang related activity proliferating, possibility for gang related violence unusually high. Avoid any display of gang-related affiliation and beware of groups of individuals in the street. <\/p>\n<p><span class=\"bb_img_ctn\"><video class=\"bb_img\" autoplay muted loop playsinline poster=\"https:\/\/shared.akamai.steamstatic.com\/store_item_assets\/steam\/apps\/3015760\/extras\/28aa751d6e76867b0e3d815c9828b26c.poster.avif?t=1733935500\" width=608 height=174 ><source src=\"https:\/\/shared.akamai.steamstatic.com\/store_item_assets\/steam\/apps\/3015760\/extras\/28aa751d6e76867b0e3d815c9828b26c.webm?t=1733935500\" type=\"video\/webm; codecs=vp9\"><source src=\"https:\/\/shared.akamai.steamstatic.com\/store_item_assets\/steam\/apps\/3015760\/extras\/28aa751d6e76867b0e3d815c9828b26c.mp4?t=1733935500\" type=\"video\/mp4\"><\/video><\/span><br \/><strong>REDWOOD<\/strong>\u2015 Limited storm damage. Organized movement of possible looters identified in region. Keep gates or any fencing closed and locked with valuables secured. Keep power generators in secure but well-ventilated areas. <\/p>\n<p><span class=\"bb_img_ctn\"><video class=\"bb_img\" autoplay muted loop playsinline poster=\"https:\/\/shared.akamai.steamstatic.com\/store_item_assets\/steam\/apps\/3015760\/extras\/eb5593e03bdab021ffff9c974d089177.poster.avif?t=1733935500\" width=608 height=174 ><source src=\"https:\/\/shared.akamai.steamstatic.com\/store_item_assets\/steam\/apps\/3015760\/extras\/eb5593e03bdab021ffff9c974d089177.webm?t=1733935500\" type=\"video\/webm; codecs=vp9\"><source src=\"https:\/\/shared.akamai.steamstatic.com\/store_item_assets\/steam\/apps\/3015760\/extras\/eb5593e03bdab021ffff9c974d089177.mp4?t=1733935500\" type=\"video\/mp4\"><\/video><\/span><br \/>Several recent shipments of FN 509 pistols, MP17 PDWs, and DM4 PDWs are now being outfitted to tactical officers to accommodate the heightened security necessary for disaster response within the zone\u2019s close quarters, unpredictable environments. <\/p>\n<p>Alongside the new firearms, the officers have also been allotted new gear:<\/p>\n<ul class=\"bb_ul\">\n<li>ERT carbon helmet<\/li>\n<li>SLY low visibility Vest<\/li>\n<li>L9 field shirt [rolled and unrolled sleeves.]<\/li>\n<li>L9 combat shirt [rolled and unrolled sleeves.]<\/li>\n<li>BST combat pants<\/li>\n<li>Salmon SC6 shoes<\/li>\n<\/ul>\n<p>Incl. 7 color variants for shirts and pants [AOR1, AOR2, black, ranger green, multicam, multicam black.]<br \/>. . . <br \/><i>Note: Base game required to play DLC.<\/i><\/p>\n","protected":false},"excerpt":{"rendered":"<p>Los Sue\u00f1os \u2013 STATE OF EMERGENCY: Los Sue\u00f1os Police Chief Galo \u00c1lvarez issues an emergency broadcast in response to the devastating impact of the record-breaking Category 5 Hurricane Antonio across Los Sue\u00f1os. Home invasion occurrences widespread and met with disaster response by LSPD SWAT.<\/p>\n","protected":false},"featured_media":31890,"comment_status":"open","ping_status":"closed","template":"","meta":{"_acf_changed":false},"product_brand":[],"product_cat":[269,289,267,265,9058,313,311,317,9081],"product_tag":[],"class_list":{"0":"post-99885","1":"product","2":"type-product","3":"status-publish","4":"has-post-thumbnail","6":"product_cat-adventure-pc-games","7":"product_cat-indie-games-pc","8":"product_cat-pc-en","9":"product_cat-pc-games","10":"product_cat-shooter-3","11":"product_cat-simulators-pc-games","12":"product_cat-steam-pc-en","13":"product_cat-strategy-pc-games","14":"product_cat-tactical-3","15":"pa_audio-en-us","17":"pa_countries-at","18":"pa_countries-be","19":"pa_countries-bg","20":"pa_countries-cy","21":"pa_countries-cz","23":"pa_countries-de","24":"pa_countries-dk","25":"pa_countries-ee","26":"pa_countries-es","27":"pa_countries-fi","28":"pa_countries-fr","29":"pa_countries-gr","30":"pa_countries-hr","31":"pa_countries-hu","32":"pa_countries-ie","33":"pa_countries-it","34":"pa_countries-lt","35":"pa_countries-lu","36":"pa_countries-lv","37":"pa_countries-mt","38":"pa_countries-nl","39":"pa_countries-pl","40":"pa_countries-pt","41":"pa_countries-ro","42":"pa_countries-se","43":"pa_countries-si","44":"pa_countries-sk","45":"pa_developer-void-interactive","46":"pa_engine-unreal-engine-5","48":"pa_game_type-dlc","50":"pa_genres-adventure","51":"pa_genres-indie","52":"pa_genres-shooter","53":"pa_genres-simulator","54":"pa_genres-strategy","55":"pa_genres-tactical","57":"pa_interface-de-de","58":"pa_interface-en-us","59":"pa_interface-es-es","60":"pa_interface-fr-fr","61":"pa_interface-it-it","62":"pa_interface-ja-jp","63":"pa_interface-ko-kr","64":"pa_interface-pl-pl","65":"pa_interface-pt-br","66":"pa_interface-pt-pt","68":"pa_interface-ru-ru","69":"pa_interface-tr-tr","70":"pa_interface-zh-cn","71":"pa_keywords-police","72":"pa_keywords-swat","73":"pa_modes-co-operative","74":"pa_modes-multiplayer","76":"pa_modes-single-player","77":"pa_pegi-13427","78":"pa_pegi-794","79":"pa_platform-pc-steam","81":"pa_player_perspectives-first-person","83":"pa_publisher-void-interactive","85":"pa_rating-14459","86":"pa_rating-944","87":"pa_region-europe","89":"pa_subtitles-de-de","90":"pa_subtitles-en-us","91":"pa_subtitles-es-es","92":"pa_subtitles-fr-fr","93":"pa_subtitles-it-it","94":"pa_subtitles-ja-jp","95":"pa_subtitles-ko-kr","96":"pa_subtitles-pl-pl","97":"pa_subtitles-pt-pt","99":"pa_subtitles-tr-tr","100":"pa_subtitles-zh-cn","101":"pa_themes-action","104":"first","105":"instock","106":"virtual","107":"taxable","108":"purchasable","109":"product-type-simple"},"yoast_head":"<!-- This site is optimized with the Yoast SEO plugin v27.4 - https:\/\/yoast.com\/product\/yoast-seo-wordpress\/ -->\n<title>Ready or Not: Home Invasion | BeGamer.cz<\/title>\n<meta name=\"robots\" content=\"index, follow, max-snippet:-1, max-image-preview:large, max-video-preview:-1\" \/>\n<link rel=\"canonical\" href=\"https:\/\/begamer.cz\/en\/product\/ready-or-not-home-invasion-en\/\" \/>\n<meta property=\"og:locale\" content=\"en_US\" \/>\n<meta property=\"og:type\" content=\"article\" \/>\n<meta property=\"og:title\" content=\"Ready or Not: Home Invasion | BeGamer.cz\" \/>\n<meta property=\"og:description\" content=\"Los Sue\u00f1os \u2013 STATE OF EMERGENCY: Los Sue\u00f1os Police Chief Galo \u00c1lvarez issues an emergency broadcast in response to the devastating impact of the record-breaking Category 5 Hurricane Antonio across Los Sue\u00f1os. Home invasion occurrences widespread and met with disaster response by LSPD SWAT.\" \/>\n<meta property=\"og:url\" content=\"https:\/\/begamer.cz\/en\/product\/ready-or-not-home-invasion-en\/\" \/>\n<meta property=\"og:site_name\" content=\"BeGamer.cz\" \/>\n<meta property=\"article:modified_time\" content=\"2026-03-10T22:17:38+00:00\" \/>\n<meta property=\"og:image\" content=\"https:\/\/begamer.cz\/wp-content\/uploads\/2026\/01\/ready-or-not-home-invasion-20.webp\" \/>\n\t<meta property=\"og:image:width\" content=\"300\" \/>\n\t<meta property=\"og:image:height\" content=\"400\" \/>\n\t<meta property=\"og:image:type\" content=\"image\/webp\" \/>\n<meta name=\"twitter:card\" content=\"summary_large_image\" \/>\n<meta name=\"twitter:label1\" content=\"Est. reading time\" \/>\n\t<meta name=\"twitter:data1\" content=\"1 minute\" \/>\n<script type=\"application\/ld+json\" class=\"yoast-schema-graph\">{\"@context\":\"https:\\\/\\\/schema.org\",\"@graph\":[{\"@type\":\"WebPage\",\"@id\":\"https:\\\/\\\/begamer.cz\\\/en\\\/product\\\/ready-or-not-home-invasion-en\\\/\",\"url\":\"https:\\\/\\\/begamer.cz\\\/en\\\/product\\\/ready-or-not-home-invasion-en\\\/\",\"name\":\"Ready or Not: Home Invasion | BeGamer.cz\",\"isPartOf\":{\"@id\":\"https:\\\/\\\/begamer.cz\\\/en\\\/#website\"},\"primaryImageOfPage\":{\"@id\":\"https:\\\/\\\/begamer.cz\\\/en\\\/product\\\/ready-or-not-home-invasion-en\\\/#primaryimage\"},\"image\":{\"@id\":\"https:\\\/\\\/begamer.cz\\\/en\\\/product\\\/ready-or-not-home-invasion-en\\\/#primaryimage\"},\"thumbnailUrl\":\"https:\\\/\\\/begamer.cz\\\/wp-content\\\/uploads\\\/2026\\\/01\\\/ready-or-not-home-invasion-20.webp\",\"datePublished\":\"2026-01-30T16:53:32+00:00\",\"dateModified\":\"2026-03-10T22:17:38+00:00\",\"breadcrumb\":{\"@id\":\"https:\\\/\\\/begamer.cz\\\/en\\\/product\\\/ready-or-not-home-invasion-en\\\/#breadcrumb\"},\"inLanguage\":\"en-US\",\"potentialAction\":[{\"@type\":\"ReadAction\",\"target\":[\"https:\\\/\\\/begamer.cz\\\/en\\\/product\\\/ready-or-not-home-invasion-en\\\/\"]}]},{\"@type\":\"ImageObject\",\"inLanguage\":\"en-US\",\"@id\":\"https:\\\/\\\/begamer.cz\\\/en\\\/product\\\/ready-or-not-home-invasion-en\\\/#primaryimage\",\"url\":\"https:\\\/\\\/begamer.cz\\\/wp-content\\\/uploads\\\/2026\\\/01\\\/ready-or-not-home-invasion-20.webp\",\"contentUrl\":\"https:\\\/\\\/begamer.cz\\\/wp-content\\\/uploads\\\/2026\\\/01\\\/ready-or-not-home-invasion-20.webp\",\"width\":300,\"height\":400},{\"@type\":\"BreadcrumbList\",\"@id\":\"https:\\\/\\\/begamer.cz\\\/en\\\/product\\\/ready-or-not-home-invasion-en\\\/#breadcrumb\",\"itemListElement\":[{\"@type\":\"ListItem\",\"position\":1,\"name\":\"Home\",\"item\":\"https:\\\/\\\/begamer.cz\\\/en\\\/\"},{\"@type\":\"ListItem\",\"position\":2,\"name\":\"Shop\",\"item\":\"https:\\\/\\\/begamer.cz\\\/en\\\/shop\\\/\"},{\"@type\":\"ListItem\",\"position\":3,\"name\":\"Ready or Not: Home Invasion\"}]},{\"@type\":\"WebSite\",\"@id\":\"https:\\\/\\\/begamer.cz\\\/en\\\/#website\",\"url\":\"https:\\\/\\\/begamer.cz\\\/en\\\/\",\"name\":\"BeGamer.cz\",\"description\":\"\",\"publisher\":{\"@id\":\"https:\\\/\\\/begamer.cz\\\/en\\\/#organization\"},\"potentialAction\":[{\"@type\":\"SearchAction\",\"target\":{\"@type\":\"EntryPoint\",\"urlTemplate\":\"https:\\\/\\\/begamer.cz\\\/en\\\/?s={search_term_string}\"},\"query-input\":{\"@type\":\"PropertyValueSpecification\",\"valueRequired\":true,\"valueName\":\"search_term_string\"}}],\"inLanguage\":\"en-US\"},{\"@type\":\"Organization\",\"@id\":\"https:\\\/\\\/begamer.cz\\\/en\\\/#organization\",\"name\":\"BeGamer.cz\",\"url\":\"https:\\\/\\\/begamer.cz\\\/en\\\/\",\"logo\":{\"@type\":\"ImageObject\",\"inLanguage\":\"en-US\",\"@id\":\"https:\\\/\\\/begamer.cz\\\/en\\\/#\\\/schema\\\/logo\\\/image\\\/\",\"url\":\"https:\\\/\\\/begamer.cz\\\/wp-content\\\/uploads\\\/2025\\\/07\\\/logo.svg\",\"contentUrl\":\"https:\\\/\\\/begamer.cz\\\/wp-content\\\/uploads\\\/2025\\\/07\\\/logo.svg\",\"caption\":\"BeGamer.cz\"},\"image\":{\"@id\":\"https:\\\/\\\/begamer.cz\\\/en\\\/#\\\/schema\\\/logo\\\/image\\\/\"}}]}<\/script>\n<!-- \/ Yoast SEO plugin. -->","yoast_head_json":{"title":"Ready or Not: Home Invasion | BeGamer.cz","robots":{"index":"index","follow":"follow","max-snippet":"max-snippet:-1","max-image-preview":"max-image-preview:large","max-video-preview":"max-video-preview:-1"},"canonical":"https:\/\/begamer.cz\/en\/product\/ready-or-not-home-invasion-en\/","og_locale":"en_US","og_type":"article","og_title":"Ready or Not: Home Invasion | BeGamer.cz","og_description":"Los Sue\u00f1os \u2013 STATE OF EMERGENCY: Los Sue\u00f1os Police Chief Galo \u00c1lvarez issues an emergency broadcast in response to the devastating impact of the record-breaking Category 5 Hurricane Antonio across Los Sue\u00f1os. Home invasion occurrences widespread and met with disaster response by LSPD SWAT.","og_url":"https:\/\/begamer.cz\/en\/product\/ready-or-not-home-invasion-en\/","og_site_name":"BeGamer.cz","article_modified_time":"2026-03-10T22:17:38+00:00","og_image":[{"width":300,"height":400,"url":"https:\/\/begamer.cz\/wp-content\/uploads\/2026\/01\/ready-or-not-home-invasion-20.webp","type":"image\/webp"}],"twitter_card":"summary_large_image","twitter_misc":{"Est. reading time":"1 minute"},"schema":{"@context":"https:\/\/schema.org","@graph":[{"@type":"WebPage","@id":"https:\/\/begamer.cz\/en\/product\/ready-or-not-home-invasion-en\/","url":"https:\/\/begamer.cz\/en\/product\/ready-or-not-home-invasion-en\/","name":"Ready or Not: Home Invasion | BeGamer.cz","isPartOf":{"@id":"https:\/\/begamer.cz\/en\/#website"},"primaryImageOfPage":{"@id":"https:\/\/begamer.cz\/en\/product\/ready-or-not-home-invasion-en\/#primaryimage"},"image":{"@id":"https:\/\/begamer.cz\/en\/product\/ready-or-not-home-invasion-en\/#primaryimage"},"thumbnailUrl":"https:\/\/begamer.cz\/wp-content\/uploads\/2026\/01\/ready-or-not-home-invasion-20.webp","datePublished":"2026-01-30T16:53:32+00:00","dateModified":"2026-03-10T22:17:38+00:00","breadcrumb":{"@id":"https:\/\/begamer.cz\/en\/product\/ready-or-not-home-invasion-en\/#breadcrumb"},"inLanguage":"en-US","potentialAction":[{"@type":"ReadAction","target":["https:\/\/begamer.cz\/en\/product\/ready-or-not-home-invasion-en\/"]}]},{"@type":"ImageObject","inLanguage":"en-US","@id":"https:\/\/begamer.cz\/en\/product\/ready-or-not-home-invasion-en\/#primaryimage","url":"https:\/\/begamer.cz\/wp-content\/uploads\/2026\/01\/ready-or-not-home-invasion-20.webp","contentUrl":"https:\/\/begamer.cz\/wp-content\/uploads\/2026\/01\/ready-or-not-home-invasion-20.webp","width":300,"height":400},{"@type":"BreadcrumbList","@id":"https:\/\/begamer.cz\/en\/product\/ready-or-not-home-invasion-en\/#breadcrumb","itemListElement":[{"@type":"ListItem","position":1,"name":"Home","item":"https:\/\/begamer.cz\/en\/"},{"@type":"ListItem","position":2,"name":"Shop","item":"https:\/\/begamer.cz\/en\/shop\/"},{"@type":"ListItem","position":3,"name":"Ready or Not: Home Invasion"}]},{"@type":"WebSite","@id":"https:\/\/begamer.cz\/en\/#website","url":"https:\/\/begamer.cz\/en\/","name":"BeGamer.cz","description":"","publisher":{"@id":"https:\/\/begamer.cz\/en\/#organization"},"potentialAction":[{"@type":"SearchAction","target":{"@type":"EntryPoint","urlTemplate":"https:\/\/begamer.cz\/en\/?s={search_term_string}"},"query-input":{"@type":"PropertyValueSpecification","valueRequired":true,"valueName":"search_term_string"}}],"inLanguage":"en-US"},{"@type":"Organization","@id":"https:\/\/begamer.cz\/en\/#organization","name":"BeGamer.cz","url":"https:\/\/begamer.cz\/en\/","logo":{"@type":"ImageObject","inLanguage":"en-US","@id":"https:\/\/begamer.cz\/en\/#\/schema\/logo\/image\/","url":"https:\/\/begamer.cz\/wp-content\/uploads\/2025\/07\/logo.svg","contentUrl":"https:\/\/begamer.cz\/wp-content\/uploads\/2025\/07\/logo.svg","caption":"BeGamer.cz"},"image":{"@id":"https:\/\/begamer.cz\/en\/#\/schema\/logo\/image\/"}}]}},"acf":[],"_links":{"self":[{"href":"https:\/\/begamer.cz\/en\/wp-json\/wp\/v2\/product\/99885","targetHints":{"allow":["GET"]}}],"collection":[{"href":"https:\/\/begamer.cz\/en\/wp-json\/wp\/v2\/product"}],"about":[{"href":"https:\/\/begamer.cz\/en\/wp-json\/wp\/v2\/types\/product"}],"replies":[{"embeddable":true,"href":"https:\/\/begamer.cz\/en\/wp-json\/wp\/v2\/comments?post=99885"}],"wp:featuredmedia":[{"embeddable":true,"href":"https:\/\/begamer.cz\/en\/wp-json\/wp\/v2\/media\/31890"}],"wp:attachment":[{"href":"https:\/\/begamer.cz\/en\/wp-json\/wp\/v2\/media?parent=99885"}],"wp:term":[{"taxonomy":"product_brand","embeddable":true,"href":"https:\/\/begamer.cz\/en\/wp-json\/wp\/v2\/product_brand?post=99885"},{"taxonomy":"product_cat","embeddable":true,"href":"https:\/\/begamer.cz\/en\/wp-json\/wp\/v2\/product_cat?post=99885"},{"taxonomy":"product_tag","embeddable":true,"href":"https:\/\/begamer.cz\/en\/wp-json\/wp\/v2\/product_tag?post=99885"}],"curies":[{"name":"wp","href":"https:\/\/api.w.org\/{rel}","templated":true}]}}